{"id":27659,"date":"2026-03-09T12:54:08","date_gmt":"2026-03-09T11:54:08","guid":{"rendered":"https:\/\/www.amstelprinting.nl\/politica-de-devoluciones\/"},"modified":"2026-03-09T15:06:36","modified_gmt":"2026-03-09T14:06:36","slug":"politica-de-devoluciones","status":"publish","type":"page","link":"https:\/\/www.amstelprinting.nl\/es\/politica-de-devoluciones\/","title":{"rendered":"Pol\u00edtica de devoluciones"},"content":{"rendered":"<p>[et_pb_section fb_built=\u00bb1&#8243; _builder_version=\u00bb4.16&#8243; global_colors_info=\u00bb{}\u00bb][et_pb_row _builder_version=\u00bb4.16&#8243; background_size=\u00bbinitial\u00bb background_position=\u00bbtop_left\u00bb background_repeat=\u00bbrepeat\u00bb global_colors_info=\u00bb{}\u00bb][et_pb_column type=\u00bb4_4&#8243; _builder_version=\u00bb4.16&#8243; custom_padding=\u00bb|||\u00bb global_colors_info=\u00bb{}\u00bb custom_padding__hover=\u00bb|||\u00bb][et_pb_text _builder_version=\u00bb4.27.5&#8243; background_size=\u00bbinitial\u00bb background_position=\u00bbtop_left\u00bb background_repeat=\u00bbrepeat\u00bb hover_enabled=\u00bb0&#8243; global_colors_info=\u00bb{}\u00bb sticky_enabled=\u00bb0&#8243;]<\/p>\n<h1>Pol\u00edtica de devoluciones<\/h1>\n<\/p>\n<p>En <strong>Amstel Printing<\/strong> muchos productos se fabrican especialmente a medida. Por este motivo se aplican condiciones de devoluci\u00f3n espec\u00edficas.<\/p>\n<\/p>\n<p>Esta pol\u00edtica de devoluciones ha sido elaborada de acuerdo con la normativa neerlandesa y europea para la venta online.<\/p>\n<h2>Derecho de desistimiento para productos personalizados<\/h2>\n<\/p>\n<p>De acuerdo con la legislaci\u00f3n vigente, el derecho legal de desistimiento de 14 d\u00edas no se aplica a productos fabricados seg\u00fan las especificaciones del cliente o claramente personalizados.<\/p>\n<p>Muchos productos de Amstel Printing entran en esta categor\u00eda, como por ejemplo:<\/p>\n<\/p>\n<ul>\n<li>banderas impresas<\/li>\n<li>beachflags<\/li>\n<li>banners<\/li>\n<li>productos impresos personalizados<\/li>\n<li>productos publicitarios hechos a medida<\/li>\n<\/ul>\n<p>Por lo tanto, estos productos no pueden devolverse si han sido producidos correctamente seg\u00fan las especificaciones del pedido.<\/p>\n<h2>Revise su pedido cuidadosamente<\/h2>\n<\/p>\n<p>Recomendamos comprobar cuidadosamente lo siguiente antes de realizar un pedido:<\/p>\n<\/p>\n<ul>\n<li>el dise\u00f1o o archivo de impresi\u00f3n<\/li>\n<li>el tama\u00f1o del producto<\/li>\n<li>las cantidades<\/li>\n<li>las opciones seleccionadas<\/li>\n<\/ul>\n<p>La producci\u00f3n comienza una vez que el archivo de impresi\u00f3n ha sido aprobado.<\/p>\n<h2>Productos da\u00f1ados o incorrectos<\/h2>\n<\/p>\n<p>Si un pedido llega da\u00f1ado o no ha sido producido correctamente, puede comunicarlo a nuestro servicio de atenci\u00f3n al cliente.<\/p>\n<p>Para una evaluaci\u00f3n r\u00e1pida le pedimos que proporcione:<\/p>\n<\/p>\n<ul>\n<li>el n\u00famero de pedido<\/li>\n<li>una descripci\u00f3n clara del problema<\/li>\n<li>fotograf\u00edas del producto<\/li>\n<\/ul>\n<h2>Posibles soluciones<\/h2>\n<\/p>\n<p>Si una reclamaci\u00f3n resulta v\u00e1lida, Amstel Printing podr\u00e1, por ejemplo:<\/p>\n<\/p>\n<ul>\n<li>producir un producto de reemplazo<\/li>\n<li>ofrecer un reembolso parcial o total<\/li>\n<li>proponer otra soluci\u00f3n adecuada<\/li>\n<\/ul>\n<p>[\/et_pb_text][\/et_pb_column][\/et_pb_row][\/et_pb_section]<\/p>\n","protected":false},"excerpt":{"rendered":"<p>Pol\u00edtica de devoluciones En Amstel Printing muchos&#8230;<\/p>\n","protected":false},"author":4,"featured_media":0,"parent":0,"menu_order":0,"comment_status":"closed","ping_status":"closed","template":"","meta":{"_et_pb_use_builder":"on","_et_pb_old_content":"","_et_gb_content_width":"","footnotes":""},"categories":[],"class_list":["post-27659","page","type-page","status-publish","hentry"],"yoast_head":"<!-- This site is optimized with the Yoast SEO plugin v27.3 - https:\/\/yoast.com\/product\/yoast-seo-wordpress\/ -->\n<title>Pol\u00edtica de devoluciones | Amstel Printing<\/title>\n<meta name=\"robots\" content=\"index, follow, max-snippet:-1, max-image-preview:large, max-video-preview:-1\" \/>\n<link rel=\"canonical\" href=\"https:\/\/www.amstelprinting.nl\/es\/politica-de-devoluciones\/\" \/>\n<meta property=\"og:locale\" content=\"es_ES\" \/>\n<meta property=\"og:type\" content=\"article\" \/>\n<meta property=\"og:title\" content=\"Pol\u00edtica de devoluciones | Amstel Printing\" \/>\n<meta property=\"og:description\" content=\"Pol\u00edtica de devoluciones En Amstel Printing muchos...\" \/>\n<meta property=\"og:url\" content=\"https:\/\/www.amstelprinting.nl\/es\/politica-de-devoluciones\/\" \/>\n<meta property=\"og:site_name\" content=\"Amstel Printing\" \/>\n<meta property=\"article:modified_time\" content=\"2026-03-09T14:06:36+00:00\" \/>\n<meta property=\"og:image\" content=\"https:\/\/www.amstelprinting.nl\/wp-content\/uploads\/amstel_printing_logo_clean.png\" \/>\n\t<meta property=\"og:image:width\" content=\"324\" \/>\n\t<meta property=\"og:image:height\" content=\"73\" \/>\n\t<meta property=\"og:image:type\" content=\"image\/png\" \/>\n<meta name=\"twitter:card\" content=\"summary_large_image\" \/>\n<meta name=\"twitter:label1\" content=\"Tiempo de lectura\" \/>\n\t<meta name=\"twitter:data1\" content=\"2 minutos\" \/>\n<script type=\"application\/ld+json\" class=\"yoast-schema-graph\">{\"@context\":\"https:\\\/\\\/schema.org\",\"@graph\":[{\"@type\":\"WebPage\",\"@id\":\"https:\\\/\\\/www.amstelprinting.nl\\\/es\\\/politica-de-devoluciones\\\/\",\"url\":\"https:\\\/\\\/www.amstelprinting.nl\\\/es\\\/politica-de-devoluciones\\\/\",\"name\":\"Pol\u00edtica de devoluciones | Amstel Printing\",\"isPartOf\":{\"@id\":\"https:\\\/\\\/www.amstelprinting.nl\\\/es\\\/#website\"},\"datePublished\":\"2026-03-09T11:54:08+00:00\",\"dateModified\":\"2026-03-09T14:06:36+00:00\",\"breadcrumb\":{\"@id\":\"https:\\\/\\\/www.amstelprinting.nl\\\/es\\\/politica-de-devoluciones\\\/#breadcrumb\"},\"inLanguage\":\"es\",\"potentialAction\":[{\"@type\":\"ReadAction\",\"target\":[\"https:\\\/\\\/www.amstelprinting.nl\\\/es\\\/politica-de-devoluciones\\\/\"]}]},{\"@type\":\"BreadcrumbList\",\"@id\":\"https:\\\/\\\/www.amstelprinting.nl\\\/es\\\/politica-de-devoluciones\\\/#breadcrumb\",\"itemListElement\":[{\"@type\":\"ListItem\",\"position\":1,\"name\":\"\",\"item\":\"https:\\\/\\\/www.amstelprinting.nl\\\/es\\\/\"},{\"@type\":\"ListItem\",\"position\":2,\"name\":\"Pol\u00edtica de devoluciones\"}]},{\"@type\":\"WebSite\",\"@id\":\"https:\\\/\\\/www.amstelprinting.nl\\\/es\\\/#website\",\"url\":\"https:\\\/\\\/www.amstelprinting.nl\\\/es\\\/\",\"name\":\"Amstel Printing\",\"description\":\"Creating Exposure\",\"publisher\":{\"@id\":\"https:\\\/\\\/www.amstelprinting.nl\\\/es\\\/#organization\"},\"potentialAction\":[{\"@type\":\"SearchAction\",\"target\":{\"@type\":\"EntryPoint\",\"urlTemplate\":\"https:\\\/\\\/www.amstelprinting.nl\\\/es\\\/?s={search_term_string}\"},\"query-input\":{\"@type\":\"PropertyValueSpecification\",\"valueRequired\":true,\"valueName\":\"search_term_string\"}}],\"inLanguage\":\"es\"},{\"@type\":\"Organization\",\"@id\":\"https:\\\/\\\/www.amstelprinting.nl\\\/es\\\/#organization\",\"name\":\"Amstel Printing\",\"url\":\"https:\\\/\\\/www.amstelprinting.nl\\\/es\\\/\",\"logo\":{\"@type\":\"ImageObject\",\"inLanguage\":\"es\",\"@id\":\"https:\\\/\\\/www.amstelprinting.nl\\\/es\\\/#\\\/schema\\\/logo\\\/image\\\/\",\"url\":\"https:\\\/\\\/www.amstelprinting.nl\\\/wp-content\\\/uploads\\\/amstel_printing_logo_clean.png\",\"contentUrl\":\"https:\\\/\\\/www.amstelprinting.nl\\\/wp-content\\\/uploads\\\/amstel_printing_logo_clean.png\",\"width\":324,\"height\":73,\"caption\":\"Amstel Printing\"},\"image\":{\"@id\":\"https:\\\/\\\/www.amstelprinting.nl\\\/es\\\/#\\\/schema\\\/logo\\\/image\\\/\"}}]}<\/script>\n<!-- \/ Yoast SEO plugin. -->","yoast_head_json":{"title":"Pol\u00edtica de devoluciones | Amstel Printing","robots":{"index":"index","follow":"follow","max-snippet":"max-snippet:-1","max-image-preview":"max-image-preview:large","max-video-preview":"max-video-preview:-1"},"canonical":"https:\/\/www.amstelprinting.nl\/es\/politica-de-devoluciones\/","og_locale":"es_ES","og_type":"article","og_title":"Pol\u00edtica de devoluciones | Amstel Printing","og_description":"Pol\u00edtica de devoluciones En Amstel Printing muchos...","og_url":"https:\/\/www.amstelprinting.nl\/es\/politica-de-devoluciones\/","og_site_name":"Amstel Printing","article_modified_time":"2026-03-09T14:06:36+00:00","og_image":[{"width":324,"height":73,"url":"https:\/\/www.amstelprinting.nl\/wp-content\/uploads\/amstel_printing_logo_clean.png","type":"image\/png"}],"twitter_card":"summary_large_image","twitter_misc":{"Tiempo de lectura":"2 minutos"},"schema":{"@context":"https:\/\/schema.org","@graph":[{"@type":"WebPage","@id":"https:\/\/www.amstelprinting.nl\/es\/politica-de-devoluciones\/","url":"https:\/\/www.amstelprinting.nl\/es\/politica-de-devoluciones\/","name":"Pol\u00edtica de devoluciones | Amstel Printing","isPartOf":{"@id":"https:\/\/www.amstelprinting.nl\/es\/#website"},"datePublished":"2026-03-09T11:54:08+00:00","dateModified":"2026-03-09T14:06:36+00:00","breadcrumb":{"@id":"https:\/\/www.amstelprinting.nl\/es\/politica-de-devoluciones\/#breadcrumb"},"inLanguage":"es","potentialAction":[{"@type":"ReadAction","target":["https:\/\/www.amstelprinting.nl\/es\/politica-de-devoluciones\/"]}]},{"@type":"BreadcrumbList","@id":"https:\/\/www.amstelprinting.nl\/es\/politica-de-devoluciones\/#breadcrumb","itemListElement":[{"@type":"ListItem","position":1,"name":"","item":"https:\/\/www.amstelprinting.nl\/es\/"},{"@type":"ListItem","position":2,"name":"Pol\u00edtica de devoluciones"}]},{"@type":"WebSite","@id":"https:\/\/www.amstelprinting.nl\/es\/#website","url":"https:\/\/www.amstelprinting.nl\/es\/","name":"Amstel Printing","description":"Creating Exposure","publisher":{"@id":"https:\/\/www.amstelprinting.nl\/es\/#organization"},"potentialAction":[{"@type":"SearchAction","target":{"@type":"EntryPoint","urlTemplate":"https:\/\/www.amstelprinting.nl\/es\/?s={search_term_string}"},"query-input":{"@type":"PropertyValueSpecification","valueRequired":true,"valueName":"search_term_string"}}],"inLanguage":"es"},{"@type":"Organization","@id":"https:\/\/www.amstelprinting.nl\/es\/#organization","name":"Amstel Printing","url":"https:\/\/www.amstelprinting.nl\/es\/","logo":{"@type":"ImageObject","inLanguage":"es","@id":"https:\/\/www.amstelprinting.nl\/es\/#\/schema\/logo\/image\/","url":"https:\/\/www.amstelprinting.nl\/wp-content\/uploads\/amstel_printing_logo_clean.png","contentUrl":"https:\/\/www.amstelprinting.nl\/wp-content\/uploads\/amstel_printing_logo_clean.png","width":324,"height":73,"caption":"Amstel Printing"},"image":{"@id":"https:\/\/www.amstelprinting.nl\/es\/#\/schema\/logo\/image\/"}}]}},"_links":{"self":[{"href":"https:\/\/www.amstelprinting.nl\/es\/wp-json\/wp\/v2\/pages\/27659","targetHints":{"allow":["GET"]}}],"collection":[{"href":"https:\/\/www.amstelprinting.nl\/es\/wp-json\/wp\/v2\/pages"}],"about":[{"href":"https:\/\/www.amstelprinting.nl\/es\/wp-json\/wp\/v2\/types\/page"}],"author":[{"embeddable":true,"href":"https:\/\/www.amstelprinting.nl\/es\/wp-json\/wp\/v2\/users\/4"}],"replies":[{"embeddable":true,"href":"https:\/\/www.amstelprinting.nl\/es\/wp-json\/wp\/v2\/comments?post=27659"}],"version-history":[{"count":5,"href":"https:\/\/www.amstelprinting.nl\/es\/wp-json\/wp\/v2\/pages\/27659\/revisions"}],"predecessor-version":[{"id":27664,"href":"https:\/\/www.amstelprinting.nl\/es\/wp-json\/wp\/v2\/pages\/27659\/revisions\/27664"}],"wp:attachment":[{"href":"https:\/\/www.amstelprinting.nl\/es\/wp-json\/wp\/v2\/media?parent=27659"}],"wp:term":[{"taxonomy":"category","embeddable":true,"href":"https:\/\/www.amstelprinting.nl\/es\/wp-json\/wp\/v2\/categories?post=27659"}],"curies":[{"name":"wp","href":"https:\/\/api.w.org\/{rel}","templated":true}]}}