{"id":13538,"date":"2025-02-03T13:44:01","date_gmt":"2025-02-03T12:44:01","guid":{"rendered":"https:\/\/www.amstelprinting.nl\/winkel\/sin%20categor\u00eda\/vloerbeschermer\/"},"modified":"2026-02-18T12:47:24","modified_gmt":"2026-02-18T11:47:24","slug":"protector-de-suelo","status":"publish","type":"product","link":"https:\/\/www.amstelprinting.nl\/es\/tienda\/interior\/decoracion-del-suelo\/protector-de-suelo\/","title":{"rendered":"Protector de suelo"},"content":{"rendered":"<h3>Caracter\u00edsticas<\/h3>\n<ul>\n<li>Material 100% reciclado y reciclable<\/li>\n<li>Elecci\u00f3n entre un acabado brillante o mate<\/li>\n<li>Capa superior antideslizante para mayor seguridad y estabilidad<\/li>\n<li>Repelente al agua, lo que hace que el protector de suelo sea f\u00e1cil de limpiar<\/li>\n<li>F\u00e1cil de mover y volver a utilizar<\/li>\n<li>Ign\u00edfugo, apto para su uso en espacios p\u00fablicos<\/li>\n<li>Disponible en cualquier forma deseada<\/li>\n<li>Duradero y vers\u00e1til<\/li>\n<\/ul>\n<p>&nbsp;<\/p>\n<h3>Protectores de suelo: una elecci\u00f3n sostenible para el suelo y el medio ambiente<\/h3>\n<p>Nuestro protector de suelo no solo ofrece protecci\u00f3n, sino que tambi\u00e9n es una opci\u00f3n respetuosa con el medio ambiente. El material Sign Again (el primer material en plancha 100% reciclado), lo convierte en una soluci\u00f3n innovadora y sostenible. La capa superior dura con antideslizante garantiza una superficie segura y estable, mientras que la propiedad repelente al agua asegura que pueda limpiar f\u00e1cilmente el protector de suelo.<\/p>\n<h3>Recubrimiento blanco est\u00e1ndar<\/h3>\n<p>El protector de suelo se suministra de serie con un recubrimiento blanco que le da a su impresi\u00f3n un aspecto limpio y uniforme. Tenga en cuenta que, al tratarse de material reciclado, pueden ser visibles ligeros rastros del proceso de reciclaje, lo que resalta la apariencia \u00fanica del producto. Ya sea para el hogar, la oficina o un espacio p\u00fablico, este protector de suelo ofrece una opci\u00f3n pr\u00e1ctica y responsable para la protecci\u00f3n de suelos.<\/p>\n","protected":false},"excerpt":{"rendered":"<h3>Mantiene los suelos bonitos y libres de ara\u00f1azos.<\/h3>\n<p>Nuestro protector de suelo es la soluci\u00f3n ideal para proteger su suelo. Fabricado con material Sign Again 100% reciclado y reciclable. Esta protecci\u00f3n de suelo cuenta con una capa superior antideslizante. Gracias a su propiedad repelente al agua, podr\u00e1 limpiar el protector de suelo r\u00e1pidamente. Disponible en varias formas. Se puede pedir con un acabado brillante o mate.<\/p>\n","protected":false},"featured_media":13539,"template":"","meta":{"_et_pb_use_builder":"","_et_pb_old_content":"","_et_gb_content_width":""},"product_brand":[],"product_cat":[571,545,440,379],"product_tag":[],"class_list":{"0":"post-13538","1":"product","2":"type-product","3":"status-publish","4":"has-post-thumbnail","6":"product_cat-decoracion-del-suelo","7":"product_cat-interior","8":"product_cat-minorista","9":"product_cat-publicidad-interior","11":"first","12":"instock","13":"taxable","14":"shipping-taxable","15":"purchasable","16":"product-type-simple"},"yoast_head":"<!-- This site is optimized with the Yoast SEO plugin v27.3 - https:\/\/yoast.com\/product\/yoast-seo-wordpress\/ -->\n<title>Protector de suelo | Amstel Printing<\/title>\n<meta name=\"description\" content=\"Proteja su suelo con nuestro protector de suelo duradero de material 100% reciclado. Elecci\u00f3n entre acabado brillante o mate, con capa superior antideslizante para mayor seguridad. Repelente al agua, f\u00e1cil de limpiar, ign\u00edfugo y apto para espacios p\u00fablicos. Disponible en cualquier forma deseada.\" \/>\n<meta name=\"robots\" content=\"index, follow, max-snippet:-1, max-image-preview:large, max-video-preview:-1\" \/>\n<link rel=\"canonical\" href=\"https:\/\/www.amstelprinting.nl\/es\/tienda\/interior\/decoracion-del-suelo\/protector-de-suelo\/\" \/>\n<meta property=\"og:locale\" content=\"es_ES\" \/>\n<meta property=\"og:type\" content=\"article\" \/>\n<meta property=\"og:title\" content=\"Protector de suelo | Amstel Printing\" \/>\n<meta property=\"og:description\" content=\"Proteja su suelo con nuestro protector de suelo duradero de material 100% reciclado. Elecci\u00f3n entre acabado brillante o mate, con capa superior antideslizante para mayor seguridad. Repelente al agua, f\u00e1cil de limpiar, ign\u00edfugo y apto para espacios p\u00fablicos. Disponible en cualquier forma deseada.\" \/>\n<meta property=\"og:url\" content=\"https:\/\/www.amstelprinting.nl\/es\/tienda\/interior\/decoracion-del-suelo\/protector-de-suelo\/\" \/>\n<meta property=\"og:site_name\" content=\"Amstel Printing\" \/>\n<meta property=\"article:modified_time\" content=\"2026-02-18T11:47:24+00:00\" \/>\n<meta property=\"og:image\" content=\"https:\/\/www.amstelprinting.nl\/wp-content\/uploads\/vloerbeschermer-bedrukken.jpg\" \/>\n\t<meta property=\"og:image:width\" content=\"700\" \/>\n\t<meta property=\"og:image:height\" content=\"467\" \/>\n\t<meta property=\"og:image:type\" content=\"image\/jpeg\" \/>\n<meta name=\"twitter:card\" content=\"summary_large_image\" \/>\n<meta name=\"twitter:label1\" content=\"Tiempo de lectura\" \/>\n\t<meta name=\"twitter:data1\" content=\"1 minuto\" \/>\n<script type=\"application\/ld+json\" class=\"yoast-schema-graph\">{\"@context\":\"https:\\\/\\\/schema.org\",\"@graph\":[{\"@type\":\"WebPage\",\"@id\":\"https:\\\/\\\/www.amstelprinting.nl\\\/es\\\/tienda\\\/interior\\\/decoracion-del-suelo\\\/protector-de-suelo\\\/\",\"url\":\"https:\\\/\\\/www.amstelprinting.nl\\\/es\\\/tienda\\\/interior\\\/decoracion-del-suelo\\\/protector-de-suelo\\\/\",\"name\":\"Protector de suelo | Amstel Printing\",\"isPartOf\":{\"@id\":\"https:\\\/\\\/www.amstelprinting.nl\\\/es\\\/#website\"},\"primaryImageOfPage\":{\"@id\":\"https:\\\/\\\/www.amstelprinting.nl\\\/es\\\/tienda\\\/interior\\\/decoracion-del-suelo\\\/protector-de-suelo\\\/#primaryimage\"},\"image\":{\"@id\":\"https:\\\/\\\/www.amstelprinting.nl\\\/es\\\/tienda\\\/interior\\\/decoracion-del-suelo\\\/protector-de-suelo\\\/#primaryimage\"},\"thumbnailUrl\":\"https:\\\/\\\/www.amstelprinting.nl\\\/wp-content\\\/uploads\\\/vloerbeschermer-bedrukken.jpg\",\"datePublished\":\"2025-02-03T12:44:01+00:00\",\"dateModified\":\"2026-02-18T11:47:24+00:00\",\"description\":\"Proteja su suelo con nuestro protector de suelo duradero de material 100% reciclado. Elecci\u00f3n entre acabado brillante o mate, con capa superior antideslizante para mayor seguridad. Repelente al agua, f\u00e1cil de limpiar, ign\u00edfugo y apto para espacios p\u00fablicos. Disponible en cualquier forma deseada.\",\"breadcrumb\":{\"@id\":\"https:\\\/\\\/www.amstelprinting.nl\\\/es\\\/tienda\\\/interior\\\/decoracion-del-suelo\\\/protector-de-suelo\\\/#breadcrumb\"},\"inLanguage\":\"es\",\"potentialAction\":[{\"@type\":\"ReadAction\",\"target\":[\"https:\\\/\\\/www.amstelprinting.nl\\\/es\\\/tienda\\\/interior\\\/decoracion-del-suelo\\\/protector-de-suelo\\\/\"]}]},{\"@type\":\"ImageObject\",\"inLanguage\":\"es\",\"@id\":\"https:\\\/\\\/www.amstelprinting.nl\\\/es\\\/tienda\\\/interior\\\/decoracion-del-suelo\\\/protector-de-suelo\\\/#primaryimage\",\"url\":\"https:\\\/\\\/www.amstelprinting.nl\\\/wp-content\\\/uploads\\\/vloerbeschermer-bedrukken.jpg\",\"contentUrl\":\"https:\\\/\\\/www.amstelprinting.nl\\\/wp-content\\\/uploads\\\/vloerbeschermer-bedrukken.jpg\",\"width\":700,\"height\":467},{\"@type\":\"BreadcrumbList\",\"@id\":\"https:\\\/\\\/www.amstelprinting.nl\\\/es\\\/tienda\\\/interior\\\/decoracion-del-suelo\\\/protector-de-suelo\\\/#breadcrumb\",\"itemListElement\":[{\"@type\":\"ListItem\",\"position\":1,\"name\":\"\",\"item\":\"https:\\\/\\\/www.amstelprinting.nl\\\/es\\\/\"},{\"@type\":\"ListItem\",\"position\":2,\"name\":\"Amstel Printing\",\"item\":\"https:\\\/\\\/www.amstelprinting.nl\\\/es\\\/comercio\\\/\"},{\"@type\":\"ListItem\",\"position\":3,\"name\":\"Interior\",\"item\":\"https:\\\/\\\/www.amstelprinting.nl\\\/es\\\/categor\u00eda\\\/interior\\\/\"},{\"@type\":\"ListItem\",\"position\":4,\"name\":\"decoraci\u00f3n del suelo\",\"item\":\"https:\\\/\\\/www.amstelprinting.nl\\\/es\\\/categor\u00eda\\\/interior\\\/decoracion-del-suelo\\\/\"},{\"@type\":\"ListItem\",\"position\":5,\"name\":\"Protector de suelo\"}]},{\"@type\":\"WebSite\",\"@id\":\"https:\\\/\\\/www.amstelprinting.nl\\\/es\\\/#website\",\"url\":\"https:\\\/\\\/www.amstelprinting.nl\\\/es\\\/\",\"name\":\"Amstel Printing\",\"description\":\"Creating Exposure\",\"publisher\":{\"@id\":\"https:\\\/\\\/www.amstelprinting.nl\\\/es\\\/#organization\"},\"potentialAction\":[{\"@type\":\"SearchAction\",\"target\":{\"@type\":\"EntryPoint\",\"urlTemplate\":\"https:\\\/\\\/www.amstelprinting.nl\\\/es\\\/?s={search_term_string}\"},\"query-input\":{\"@type\":\"PropertyValueSpecification\",\"valueRequired\":true,\"valueName\":\"search_term_string\"}}],\"inLanguage\":\"es\"},{\"@type\":\"Organization\",\"@id\":\"https:\\\/\\\/www.amstelprinting.nl\\\/es\\\/#organization\",\"name\":\"Amstel Printing\",\"url\":\"https:\\\/\\\/www.amstelprinting.nl\\\/es\\\/\",\"logo\":{\"@type\":\"ImageObject\",\"inLanguage\":\"es\",\"@id\":\"https:\\\/\\\/www.amstelprinting.nl\\\/es\\\/#\\\/schema\\\/logo\\\/image\\\/\",\"url\":\"https:\\\/\\\/www.amstelprinting.nl\\\/wp-content\\\/uploads\\\/amstel_printing_logo_clean.png\",\"contentUrl\":\"https:\\\/\\\/www.amstelprinting.nl\\\/wp-content\\\/uploads\\\/amstel_printing_logo_clean.png\",\"width\":324,\"height\":73,\"caption\":\"Amstel Printing\"},\"image\":{\"@id\":\"https:\\\/\\\/www.amstelprinting.nl\\\/es\\\/#\\\/schema\\\/logo\\\/image\\\/\"}}]}<\/script>\n<!-- \/ Yoast SEO plugin. -->","yoast_head_json":{"title":"Protector de suelo | Amstel Printing","description":"Proteja su suelo con nuestro protector de suelo duradero de material 100% reciclado. Elecci\u00f3n entre acabado brillante o mate, con capa superior antideslizante para mayor seguridad. Repelente al agua, f\u00e1cil de limpiar, ign\u00edfugo y apto para espacios p\u00fablicos. Disponible en cualquier forma deseada.","robots":{"index":"index","follow":"follow","max-snippet":"max-snippet:-1","max-image-preview":"max-image-preview:large","max-video-preview":"max-video-preview:-1"},"canonical":"https:\/\/www.amstelprinting.nl\/es\/tienda\/interior\/decoracion-del-suelo\/protector-de-suelo\/","og_locale":"es_ES","og_type":"article","og_title":"Protector de suelo | Amstel Printing","og_description":"Proteja su suelo con nuestro protector de suelo duradero de material 100% reciclado. Elecci\u00f3n entre acabado brillante o mate, con capa superior antideslizante para mayor seguridad. Repelente al agua, f\u00e1cil de limpiar, ign\u00edfugo y apto para espacios p\u00fablicos. Disponible en cualquier forma deseada.","og_url":"https:\/\/www.amstelprinting.nl\/es\/tienda\/interior\/decoracion-del-suelo\/protector-de-suelo\/","og_site_name":"Amstel Printing","article_modified_time":"2026-02-18T11:47:24+00:00","og_image":[{"width":700,"height":467,"url":"https:\/\/www.amstelprinting.nl\/wp-content\/uploads\/vloerbeschermer-bedrukken.jpg","type":"image\/jpeg"}],"twitter_card":"summary_large_image","twitter_misc":{"Tiempo de lectura":"1 minuto"},"schema":{"@context":"https:\/\/schema.org","@graph":[{"@type":"WebPage","@id":"https:\/\/www.amstelprinting.nl\/es\/tienda\/interior\/decoracion-del-suelo\/protector-de-suelo\/","url":"https:\/\/www.amstelprinting.nl\/es\/tienda\/interior\/decoracion-del-suelo\/protector-de-suelo\/","name":"Protector de suelo | Amstel Printing","isPartOf":{"@id":"https:\/\/www.amstelprinting.nl\/es\/#website"},"primaryImageOfPage":{"@id":"https:\/\/www.amstelprinting.nl\/es\/tienda\/interior\/decoracion-del-suelo\/protector-de-suelo\/#primaryimage"},"image":{"@id":"https:\/\/www.amstelprinting.nl\/es\/tienda\/interior\/decoracion-del-suelo\/protector-de-suelo\/#primaryimage"},"thumbnailUrl":"https:\/\/www.amstelprinting.nl\/wp-content\/uploads\/vloerbeschermer-bedrukken.jpg","datePublished":"2025-02-03T12:44:01+00:00","dateModified":"2026-02-18T11:47:24+00:00","description":"Proteja su suelo con nuestro protector de suelo duradero de material 100% reciclado. Elecci\u00f3n entre acabado brillante o mate, con capa superior antideslizante para mayor seguridad. Repelente al agua, f\u00e1cil de limpiar, ign\u00edfugo y apto para espacios p\u00fablicos. Disponible en cualquier forma deseada.","breadcrumb":{"@id":"https:\/\/www.amstelprinting.nl\/es\/tienda\/interior\/decoracion-del-suelo\/protector-de-suelo\/#breadcrumb"},"inLanguage":"es","potentialAction":[{"@type":"ReadAction","target":["https:\/\/www.amstelprinting.nl\/es\/tienda\/interior\/decoracion-del-suelo\/protector-de-suelo\/"]}]},{"@type":"ImageObject","inLanguage":"es","@id":"https:\/\/www.amstelprinting.nl\/es\/tienda\/interior\/decoracion-del-suelo\/protector-de-suelo\/#primaryimage","url":"https:\/\/www.amstelprinting.nl\/wp-content\/uploads\/vloerbeschermer-bedrukken.jpg","contentUrl":"https:\/\/www.amstelprinting.nl\/wp-content\/uploads\/vloerbeschermer-bedrukken.jpg","width":700,"height":467},{"@type":"BreadcrumbList","@id":"https:\/\/www.amstelprinting.nl\/es\/tienda\/interior\/decoracion-del-suelo\/protector-de-suelo\/#breadcrumb","itemListElement":[{"@type":"ListItem","position":1,"name":"","item":"https:\/\/www.amstelprinting.nl\/es\/"},{"@type":"ListItem","position":2,"name":"Amstel Printing","item":"https:\/\/www.amstelprinting.nl\/es\/comercio\/"},{"@type":"ListItem","position":3,"name":"Interior","item":"https:\/\/www.amstelprinting.nl\/es\/categor\u00eda\/interior\/"},{"@type":"ListItem","position":4,"name":"decoraci\u00f3n del suelo","item":"https:\/\/www.amstelprinting.nl\/es\/categor\u00eda\/interior\/decoracion-del-suelo\/"},{"@type":"ListItem","position":5,"name":"Protector de suelo"}]},{"@type":"WebSite","@id":"https:\/\/www.amstelprinting.nl\/es\/#website","url":"https:\/\/www.amstelprinting.nl\/es\/","name":"Amstel Printing","description":"Creating Exposure","publisher":{"@id":"https:\/\/www.amstelprinting.nl\/es\/#organization"},"potentialAction":[{"@type":"SearchAction","target":{"@type":"EntryPoint","urlTemplate":"https:\/\/www.amstelprinting.nl\/es\/?s={search_term_string}"},"query-input":{"@type":"PropertyValueSpecification","valueRequired":true,"valueName":"search_term_string"}}],"inLanguage":"es"},{"@type":"Organization","@id":"https:\/\/www.amstelprinting.nl\/es\/#organization","name":"Amstel Printing","url":"https:\/\/www.amstelprinting.nl\/es\/","logo":{"@type":"ImageObject","inLanguage":"es","@id":"https:\/\/www.amstelprinting.nl\/es\/#\/schema\/logo\/image\/","url":"https:\/\/www.amstelprinting.nl\/wp-content\/uploads\/amstel_printing_logo_clean.png","contentUrl":"https:\/\/www.amstelprinting.nl\/wp-content\/uploads\/amstel_printing_logo_clean.png","width":324,"height":73,"caption":"Amstel Printing"},"image":{"@id":"https:\/\/www.amstelprinting.nl\/es\/#\/schema\/logo\/image\/"}}]}},"_links":{"self":[{"href":"https:\/\/www.amstelprinting.nl\/es\/wp-json\/wp\/v2\/product\/13538","targetHints":{"allow":["GET"]}}],"collection":[{"href":"https:\/\/www.amstelprinting.nl\/es\/wp-json\/wp\/v2\/product"}],"about":[{"href":"https:\/\/www.amstelprinting.nl\/es\/wp-json\/wp\/v2\/types\/product"}],"wp:featuredmedia":[{"embeddable":true,"href":"https:\/\/www.amstelprinting.nl\/es\/wp-json\/wp\/v2\/media\/13539"}],"wp:attachment":[{"href":"https:\/\/www.amstelprinting.nl\/es\/wp-json\/wp\/v2\/media?parent=13538"}],"wp:term":[{"taxonomy":"product_brand","embeddable":true,"href":"https:\/\/www.amstelprinting.nl\/es\/wp-json\/wp\/v2\/product_brand?post=13538"},{"taxonomy":"product_cat","embeddable":true,"href":"https:\/\/www.amstelprinting.nl\/es\/wp-json\/wp\/v2\/product_cat?post=13538"},{"taxonomy":"product_tag","embeddable":true,"href":"https:\/\/www.amstelprinting.nl\/es\/wp-json\/wp\/v2\/product_tag?post=13538"}],"curies":[{"name":"wp","href":"https:\/\/api.w.org\/{rel}","templated":true}]}}