{"id":13548,"date":"2025-02-03T13:35:59","date_gmt":"2025-02-03T12:35:59","guid":{"rendered":"https:\/\/www.amstelprinting.nl\/winkel\/sin%20categor\u00eda\/vrijstaand-textielframe\/"},"modified":"2026-02-18T12:47:24","modified_gmt":"2026-02-18T11:47:24","slug":"marco-textil-autoportante","status":"publish","type":"product","link":"https:\/\/www.amstelprinting.nl\/es\/tienda\/feria-y-evento\/muros-de-exposicion\/marco-textil-autoportante\/","title":{"rendered":"Marco textil autoportante"},"content":{"rendered":"<h3>Pedir Marco Textil Autoportante<\/h3>\n<p>De vida a su mensaje con el marco textil autoportante. La soluci\u00f3n ideal para cualquier presentaci\u00f3n o evento. Este marco de aluminio elegante y multifuncional le ofrece la posibilidad de presentar su marca de forma profesional. Con una gama de materiales de alta calidad y opciones de personalizaci\u00f3n (color y grosor del marco), puede configurar el marco textil autoportante totalmente a su gusto. \u00bfUn dise\u00f1o diferente en el futuro? En ese caso, simplemente puede pedir una impresi\u00f3n por separado.<\/p>\n<h3>Ventajas<\/h3>\n<ul>\n<li>Elecci\u00f3n de marco de aluminio plata, blanco o negro<\/li>\n<li>Resultado impecable y liso (fijaci\u00f3n mediante cord\u00f3n de silicona)<\/li>\n<li>Disponible en siete materiales de tela<\/li>\n<li>Dise\u00f1o propio o patr\u00f3n existente<\/li>\n<li>Equipado con una impresi\u00f3n a doble cara (2 telas)<\/li>\n<li>Incluye accesorios correspondientes<\/li>\n<li>F\u00e1cil de montar (y desmontar)<\/li>\n<\/ul>\n<p>&nbsp;<\/p>\n<h3>Formatos y materiales<\/h3>\n<p>Elija entre diferentes colores para el marco: aluminio plata, blanco o negro. Adem\u00e1s, los marcos se fabrican totalmente a medida, por lo que usted mismo puede determinar el formato. Puede elegir entre un grosor de marco de 44 mm o 80 mm, para una mayor robustez. Nuestros marcos textiles est\u00e1n disponibles con diferentes materiales de tela de alta calidad, cada uno con propiedades \u00fanicas:<\/p>\n<ul>\n<li><strong>Dekostof<\/strong>: Este tejido de poli\u00e9ster flexible tiene una estructura fina y una apariencia potente, perfecto para un aspecto profesional.<\/li>\n<li><strong>Dekostof Blockout<\/strong>: Poli\u00e9ster que bloquea la luz con una parte trasera negra y certificado B1, ideal para aplicaciones donde el control de la luz es importante.<\/li>\n<li><strong>Structex<\/strong>: Este tejido estructurado de poli\u00e9ster de gran calidad tiene un aspecto de algod\u00f3n, lo que le confiere un aire de lujo.<\/li>\n<li><strong>Velours<\/strong>: Poli\u00e9ster de alta calidad con pelo corto que proporciona un aspecto aterciopelado, perfecto para una presentaci\u00f3n elegante.<\/li>\n<li><strong>Blackback Soft<\/strong>: Tela block-out de poli\u00e9ster con trasera negra y certificado B1, ideal para su uso en diversos entornos.<\/li>\n<li><strong>Blackback XL<\/strong>: Esta tela es perfecta para aplicaciones de gran formato y ofrece las mismas ventajas que el Blackback Soft, con trasera negra y certificado B1.<\/li>\n<li><strong>Decotex UV<\/strong>: Esta tela de poli\u00e9ster flexible es perfecta para gran formato y ofrece una apariencia potente, ideal para uso en exteriores.<\/li>\n<\/ul>\n<p>&nbsp;<\/p>\n<h3>Impresi\u00f3n a una o dos caras<\/h3>\n<p>Nuestros marcos textiles pueden imprimirse tanto a una como a dos caras, lo que le proporciona la m\u00e1xima visibilidad. Puede elegir un dise\u00f1o propio que se adapte perfectamente a su marca o utilizar un patr\u00f3n existente.<\/p>\n<h3>Accesorios<\/h3>\n<p>Complete su marco textil autoportante con una pr\u00e1ctica e-locktool, que garantiza un f\u00e1cil montaje y desmontaje de la tela.<\/p>\n<p>Con nuestro marco textil autoportante obtendr\u00e1 una soluci\u00f3n vers\u00e1til y elegante que elevar\u00e1 su presentaci\u00f3n al siguiente nivel. Ya sea que elija un dise\u00f1o \u00fanico o un patr\u00f3n existente, este marco garantiza que su mensaje destaque e impresione. Gracias a los materiales de alta calidad y a las opciones de personalizaci\u00f3n, puede adaptarlo perfectamente a sus necesidades.<\/p>\n","protected":false},"excerpt":{"rendered":"<h3>Pared de presentaci\u00f3n completa para una feria o evento<\/h3>\n<p>Un magn\u00edfico marco textil (autoportante) que se puede configurar totalmente a su gusto. Por ejemplo, puede pedir el marco en tres colores diferentes (blanco, negro o plata). Su dise\u00f1o se imprime con nitidez y tambi\u00e9n es visible en ambos lados del marco. \u00a1Usted mismo elige el formato! Configure el marco textil autoportante en unos pocos pasos a continuaci\u00f3n.<\/p>\n","protected":false},"featured_media":13549,"template":"","meta":{"_et_pb_use_builder":"","_et_pb_old_content":"","_et_gb_content_width":""},"product_brand":[],"product_cat":[431,414],"product_tag":[],"class_list":{"0":"post-13548","1":"product","2":"type-product","3":"status-publish","4":"has-post-thumbnail","6":"product_cat-feria-y-evento","7":"product_cat-muros-de-exposicion","9":"first","10":"instock","11":"featured","12":"taxable","13":"shipping-taxable","14":"purchasable","15":"product-type-simple"},"yoast_head":"<!-- This site is optimized with the Yoast SEO plugin v27.3 - https:\/\/yoast.com\/product\/yoast-seo-wordpress\/ -->\n<title>Marco textil autoportante - Pared de presentaci\u00f3n flexible a medida<\/title>\n<meta name=\"description\" content=\"Una presentaci\u00f3n potente con nuestro marco textil autoportante totalmente personalizable. Diversos colores y materiales de alta calidad, tambi\u00e9n para impresiones a doble cara.\" \/>\n<meta name=\"robots\" content=\"index, follow, max-snippet:-1, max-image-preview:large, max-video-preview:-1\" \/>\n<link rel=\"canonical\" href=\"https:\/\/www.amstelprinting.nl\/es\/tienda\/feria-y-evento\/muros-de-exposicion\/marco-textil-autoportante\/\" \/>\n<meta property=\"og:locale\" content=\"es_ES\" \/>\n<meta property=\"og:type\" content=\"article\" \/>\n<meta property=\"og:title\" content=\"Marco textil autoportante - Pared de presentaci\u00f3n flexible a medida\" \/>\n<meta property=\"og:description\" content=\"Una presentaci\u00f3n potente con nuestro marco textil autoportante totalmente personalizable. Diversos colores y materiales de alta calidad, tambi\u00e9n para impresiones a doble cara.\" \/>\n<meta property=\"og:url\" content=\"https:\/\/www.amstelprinting.nl\/es\/tienda\/feria-y-evento\/muros-de-exposicion\/marco-textil-autoportante\/\" \/>\n<meta property=\"og:site_name\" content=\"Amstel Printing\" \/>\n<meta property=\"article:modified_time\" content=\"2026-02-18T11:47:24+00:00\" \/>\n<meta property=\"og:image\" content=\"https:\/\/www.amstelprinting.nl\/wp-content\/uploads\/vrijstaand-textielframe-bedrukken2.png\" \/>\n\t<meta property=\"og:image:width\" content=\"900\" \/>\n\t<meta property=\"og:image:height\" content=\"900\" \/>\n\t<meta property=\"og:image:type\" content=\"image\/png\" \/>\n<meta name=\"twitter:card\" content=\"summary_large_image\" \/>\n<meta name=\"twitter:label1\" content=\"Tiempo de lectura\" \/>\n\t<meta name=\"twitter:data1\" content=\"3 minutos\" \/>\n<script type=\"application\/ld+json\" class=\"yoast-schema-graph\">{\"@context\":\"https:\\\/\\\/schema.org\",\"@graph\":[{\"@type\":\"WebPage\",\"@id\":\"https:\\\/\\\/www.amstelprinting.nl\\\/es\\\/tienda\\\/feria-y-evento\\\/muros-de-exposicion\\\/marco-textil-autoportante\\\/\",\"url\":\"https:\\\/\\\/www.amstelprinting.nl\\\/es\\\/tienda\\\/feria-y-evento\\\/muros-de-exposicion\\\/marco-textil-autoportante\\\/\",\"name\":\"Marco textil autoportante - Pared de presentaci\u00f3n flexible a medida\",\"isPartOf\":{\"@id\":\"https:\\\/\\\/www.amstelprinting.nl\\\/es\\\/#website\"},\"primaryImageOfPage\":{\"@id\":\"https:\\\/\\\/www.amstelprinting.nl\\\/es\\\/tienda\\\/feria-y-evento\\\/muros-de-exposicion\\\/marco-textil-autoportante\\\/#primaryimage\"},\"image\":{\"@id\":\"https:\\\/\\\/www.amstelprinting.nl\\\/es\\\/tienda\\\/feria-y-evento\\\/muros-de-exposicion\\\/marco-textil-autoportante\\\/#primaryimage\"},\"thumbnailUrl\":\"https:\\\/\\\/www.amstelprinting.nl\\\/wp-content\\\/uploads\\\/vrijstaand-textielframe-bedrukken2.png\",\"datePublished\":\"2025-02-03T12:35:59+00:00\",\"dateModified\":\"2026-02-18T11:47:24+00:00\",\"description\":\"Una presentaci\u00f3n potente con nuestro marco textil autoportante totalmente personalizable. Diversos colores y materiales de alta calidad, tambi\u00e9n para impresiones a doble cara.\",\"breadcrumb\":{\"@id\":\"https:\\\/\\\/www.amstelprinting.nl\\\/es\\\/tienda\\\/feria-y-evento\\\/muros-de-exposicion\\\/marco-textil-autoportante\\\/#breadcrumb\"},\"inLanguage\":\"es\",\"potentialAction\":[{\"@type\":\"ReadAction\",\"target\":[\"https:\\\/\\\/www.amstelprinting.nl\\\/es\\\/tienda\\\/feria-y-evento\\\/muros-de-exposicion\\\/marco-textil-autoportante\\\/\"]}]},{\"@type\":\"ImageObject\",\"inLanguage\":\"es\",\"@id\":\"https:\\\/\\\/www.amstelprinting.nl\\\/es\\\/tienda\\\/feria-y-evento\\\/muros-de-exposicion\\\/marco-textil-autoportante\\\/#primaryimage\",\"url\":\"https:\\\/\\\/www.amstelprinting.nl\\\/wp-content\\\/uploads\\\/vrijstaand-textielframe-bedrukken2.png\",\"contentUrl\":\"https:\\\/\\\/www.amstelprinting.nl\\\/wp-content\\\/uploads\\\/vrijstaand-textielframe-bedrukken2.png\",\"width\":900,\"height\":900},{\"@type\":\"BreadcrumbList\",\"@id\":\"https:\\\/\\\/www.amstelprinting.nl\\\/es\\\/tienda\\\/feria-y-evento\\\/muros-de-exposicion\\\/marco-textil-autoportante\\\/#breadcrumb\",\"itemListElement\":[{\"@type\":\"ListItem\",\"position\":1,\"name\":\"\",\"item\":\"https:\\\/\\\/www.amstelprinting.nl\\\/es\\\/\"},{\"@type\":\"ListItem\",\"position\":2,\"name\":\"Amstel Printing\",\"item\":\"https:\\\/\\\/www.amstelprinting.nl\\\/es\\\/comercio\\\/\"},{\"@type\":\"ListItem\",\"position\":3,\"name\":\"Feria y evento\",\"item\":\"https:\\\/\\\/www.amstelprinting.nl\\\/es\\\/categor\u00eda\\\/feria-y-evento\\\/\"},{\"@type\":\"ListItem\",\"position\":4,\"name\":\"Muros de exposici\u00f3n\",\"item\":\"https:\\\/\\\/www.amstelprinting.nl\\\/es\\\/categor\u00eda\\\/feria-y-evento\\\/muros-de-exposicion\\\/\"},{\"@type\":\"ListItem\",\"position\":5,\"name\":\"Marco textil autoportante\"}]},{\"@type\":\"WebSite\",\"@id\":\"https:\\\/\\\/www.amstelprinting.nl\\\/es\\\/#website\",\"url\":\"https:\\\/\\\/www.amstelprinting.nl\\\/es\\\/\",\"name\":\"Amstel Printing\",\"description\":\"Creating Exposure\",\"publisher\":{\"@id\":\"https:\\\/\\\/www.amstelprinting.nl\\\/es\\\/#organization\"},\"potentialAction\":[{\"@type\":\"SearchAction\",\"target\":{\"@type\":\"EntryPoint\",\"urlTemplate\":\"https:\\\/\\\/www.amstelprinting.nl\\\/es\\\/?s={search_term_string}\"},\"query-input\":{\"@type\":\"PropertyValueSpecification\",\"valueRequired\":true,\"valueName\":\"search_term_string\"}}],\"inLanguage\":\"es\"},{\"@type\":\"Organization\",\"@id\":\"https:\\\/\\\/www.amstelprinting.nl\\\/es\\\/#organization\",\"name\":\"Amstel Printing\",\"url\":\"https:\\\/\\\/www.amstelprinting.nl\\\/es\\\/\",\"logo\":{\"@type\":\"ImageObject\",\"inLanguage\":\"es\",\"@id\":\"https:\\\/\\\/www.amstelprinting.nl\\\/es\\\/#\\\/schema\\\/logo\\\/image\\\/\",\"url\":\"https:\\\/\\\/www.amstelprinting.nl\\\/wp-content\\\/uploads\\\/amstel_printing_logo_clean.png\",\"contentUrl\":\"https:\\\/\\\/www.amstelprinting.nl\\\/wp-content\\\/uploads\\\/amstel_printing_logo_clean.png\",\"width\":324,\"height\":73,\"caption\":\"Amstel Printing\"},\"image\":{\"@id\":\"https:\\\/\\\/www.amstelprinting.nl\\\/es\\\/#\\\/schema\\\/logo\\\/image\\\/\"}}]}<\/script>\n<!-- \/ Yoast SEO plugin. -->","yoast_head_json":{"title":"Marco textil autoportante - Pared de presentaci\u00f3n flexible a medida","description":"Una presentaci\u00f3n potente con nuestro marco textil autoportante totalmente personalizable. Diversos colores y materiales de alta calidad, tambi\u00e9n para impresiones a doble cara.","robots":{"index":"index","follow":"follow","max-snippet":"max-snippet:-1","max-image-preview":"max-image-preview:large","max-video-preview":"max-video-preview:-1"},"canonical":"https:\/\/www.amstelprinting.nl\/es\/tienda\/feria-y-evento\/muros-de-exposicion\/marco-textil-autoportante\/","og_locale":"es_ES","og_type":"article","og_title":"Marco textil autoportante - Pared de presentaci\u00f3n flexible a medida","og_description":"Una presentaci\u00f3n potente con nuestro marco textil autoportante totalmente personalizable. Diversos colores y materiales de alta calidad, tambi\u00e9n para impresiones a doble cara.","og_url":"https:\/\/www.amstelprinting.nl\/es\/tienda\/feria-y-evento\/muros-de-exposicion\/marco-textil-autoportante\/","og_site_name":"Amstel Printing","article_modified_time":"2026-02-18T11:47:24+00:00","og_image":[{"width":900,"height":900,"url":"https:\/\/www.amstelprinting.nl\/wp-content\/uploads\/vrijstaand-textielframe-bedrukken2.png","type":"image\/png"}],"twitter_card":"summary_large_image","twitter_misc":{"Tiempo de lectura":"3 minutos"},"schema":{"@context":"https:\/\/schema.org","@graph":[{"@type":"WebPage","@id":"https:\/\/www.amstelprinting.nl\/es\/tienda\/feria-y-evento\/muros-de-exposicion\/marco-textil-autoportante\/","url":"https:\/\/www.amstelprinting.nl\/es\/tienda\/feria-y-evento\/muros-de-exposicion\/marco-textil-autoportante\/","name":"Marco textil autoportante - Pared de presentaci\u00f3n flexible a medida","isPartOf":{"@id":"https:\/\/www.amstelprinting.nl\/es\/#website"},"primaryImageOfPage":{"@id":"https:\/\/www.amstelprinting.nl\/es\/tienda\/feria-y-evento\/muros-de-exposicion\/marco-textil-autoportante\/#primaryimage"},"image":{"@id":"https:\/\/www.amstelprinting.nl\/es\/tienda\/feria-y-evento\/muros-de-exposicion\/marco-textil-autoportante\/#primaryimage"},"thumbnailUrl":"https:\/\/www.amstelprinting.nl\/wp-content\/uploads\/vrijstaand-textielframe-bedrukken2.png","datePublished":"2025-02-03T12:35:59+00:00","dateModified":"2026-02-18T11:47:24+00:00","description":"Una presentaci\u00f3n potente con nuestro marco textil autoportante totalmente personalizable. Diversos colores y materiales de alta calidad, tambi\u00e9n para impresiones a doble cara.","breadcrumb":{"@id":"https:\/\/www.amstelprinting.nl\/es\/tienda\/feria-y-evento\/muros-de-exposicion\/marco-textil-autoportante\/#breadcrumb"},"inLanguage":"es","potentialAction":[{"@type":"ReadAction","target":["https:\/\/www.amstelprinting.nl\/es\/tienda\/feria-y-evento\/muros-de-exposicion\/marco-textil-autoportante\/"]}]},{"@type":"ImageObject","inLanguage":"es","@id":"https:\/\/www.amstelprinting.nl\/es\/tienda\/feria-y-evento\/muros-de-exposicion\/marco-textil-autoportante\/#primaryimage","url":"https:\/\/www.amstelprinting.nl\/wp-content\/uploads\/vrijstaand-textielframe-bedrukken2.png","contentUrl":"https:\/\/www.amstelprinting.nl\/wp-content\/uploads\/vrijstaand-textielframe-bedrukken2.png","width":900,"height":900},{"@type":"BreadcrumbList","@id":"https:\/\/www.amstelprinting.nl\/es\/tienda\/feria-y-evento\/muros-de-exposicion\/marco-textil-autoportante\/#breadcrumb","itemListElement":[{"@type":"ListItem","position":1,"name":"","item":"https:\/\/www.amstelprinting.nl\/es\/"},{"@type":"ListItem","position":2,"name":"Amstel Printing","item":"https:\/\/www.amstelprinting.nl\/es\/comercio\/"},{"@type":"ListItem","position":3,"name":"Feria y evento","item":"https:\/\/www.amstelprinting.nl\/es\/categor\u00eda\/feria-y-evento\/"},{"@type":"ListItem","position":4,"name":"Muros de exposici\u00f3n","item":"https:\/\/www.amstelprinting.nl\/es\/categor\u00eda\/feria-y-evento\/muros-de-exposicion\/"},{"@type":"ListItem","position":5,"name":"Marco textil autoportante"}]},{"@type":"WebSite","@id":"https:\/\/www.amstelprinting.nl\/es\/#website","url":"https:\/\/www.amstelprinting.nl\/es\/","name":"Amstel Printing","description":"Creating Exposure","publisher":{"@id":"https:\/\/www.amstelprinting.nl\/es\/#organization"},"potentialAction":[{"@type":"SearchAction","target":{"@type":"EntryPoint","urlTemplate":"https:\/\/www.amstelprinting.nl\/es\/?s={search_term_string}"},"query-input":{"@type":"PropertyValueSpecification","valueRequired":true,"valueName":"search_term_string"}}],"inLanguage":"es"},{"@type":"Organization","@id":"https:\/\/www.amstelprinting.nl\/es\/#organization","name":"Amstel Printing","url":"https:\/\/www.amstelprinting.nl\/es\/","logo":{"@type":"ImageObject","inLanguage":"es","@id":"https:\/\/www.amstelprinting.nl\/es\/#\/schema\/logo\/image\/","url":"https:\/\/www.amstelprinting.nl\/wp-content\/uploads\/amstel_printing_logo_clean.png","contentUrl":"https:\/\/www.amstelprinting.nl\/wp-content\/uploads\/amstel_printing_logo_clean.png","width":324,"height":73,"caption":"Amstel Printing"},"image":{"@id":"https:\/\/www.amstelprinting.nl\/es\/#\/schema\/logo\/image\/"}}]}},"_links":{"self":[{"href":"https:\/\/www.amstelprinting.nl\/es\/wp-json\/wp\/v2\/product\/13548","targetHints":{"allow":["GET"]}}],"collection":[{"href":"https:\/\/www.amstelprinting.nl\/es\/wp-json\/wp\/v2\/product"}],"about":[{"href":"https:\/\/www.amstelprinting.nl\/es\/wp-json\/wp\/v2\/types\/product"}],"wp:featuredmedia":[{"embeddable":true,"href":"https:\/\/www.amstelprinting.nl\/es\/wp-json\/wp\/v2\/media\/13549"}],"wp:attachment":[{"href":"https:\/\/www.amstelprinting.nl\/es\/wp-json\/wp\/v2\/media?parent=13548"}],"wp:term":[{"taxonomy":"product_brand","embeddable":true,"href":"https:\/\/www.amstelprinting.nl\/es\/wp-json\/wp\/v2\/product_brand?post=13548"},{"taxonomy":"product_cat","embeddable":true,"href":"https:\/\/www.amstelprinting.nl\/es\/wp-json\/wp\/v2\/product_cat?post=13548"},{"taxonomy":"product_tag","embeddable":true,"href":"https:\/\/www.amstelprinting.nl\/es\/wp-json\/wp\/v2\/product_tag?post=13548"}],"curies":[{"name":"wp","href":"https:\/\/api.w.org\/{rel}","templated":true}]}}