{"id":13558,"date":"2025-02-03T13:35:37","date_gmt":"2025-02-03T12:35:37","guid":{"rendered":"https:\/\/www.amstelprinting.nl\/winkel\/sin%20categor\u00eda\/rechte-pop-up-wand\/"},"modified":"2026-02-18T12:47:25","modified_gmt":"2026-02-18T11:47:25","slug":"muro-pop-up-recto","status":"publish","type":"product","link":"https:\/\/www.amstelprinting.nl\/es\/tienda\/feria-y-evento\/muros-de-exposicion\/muro-pop-up-recto\/","title":{"rendered":"Muro pop-up recto"},"content":{"rendered":"<h3>Impresi\u00f3n de pared para ferias<\/h3>\n<p>Haga que su marca o mensaje destaque en cada feria con nuestro muro pop-up recto. Dise\u00f1ado para el m\u00e1ximo impacto y gran facilidad de uso. Gracias a su dise\u00f1o intuitivo, nuestro muro pop-up es f\u00e1cil de montar y desmontar. Elija entre un set completo con tela y estructura, o pida una tela suelta. Cree su propio dise\u00f1o o elija uno de los patrones existentes.<\/p>\n<h3>Ventajas de pedir una pared para feria<\/h3>\n<ul>\n<li>Entrega completa que incluye bolsa tipo trolley<\/li>\n<li>Su dise\u00f1o se imprimir\u00e1 con nitidez extrema<\/li>\n<li>Elecci\u00f3n entre dos formatos y dos materiales<\/li>\n<li>Producido en 1 d\u00eda laborable<\/li>\n<\/ul>\n<p>&nbsp;<\/p>\n<h3>Impresi\u00f3n en el frontal y los laterales<\/h3>\n<p>Atenci\u00f3n: la parte trasera de la pared para feria se mantiene sin imprimir.<\/p>\n<h3>Formatos de paredes para feria<\/h3>\n<p>Puede elegir entre dos tama\u00f1os: Mediano (M) y Grande (L). El tama\u00f1o M tiene una impresi\u00f3n total de 294 cm x 225 cm, de los cuales el tama\u00f1o visible es de 224 cm x 30 cm x 225 cm. El tama\u00f1o L tiene una impresi\u00f3n total de 367 cm x 225 cm, con un tama\u00f1o visible de 297 cm x 30 cm x 225 cm.<\/p>\n<h3>Materiales<\/h3>\n<p>Nuestro muro pop-up recto para ferias est\u00e1 disponible en dos tipos de materiales: Dekostof y Blackback Soft. Dekostof es una tela de poli\u00e9ster flexible con una estructura fina y colores intensos. En una sala (fuertemente) iluminada, puede ocurrir que la estructura se transparente a trav\u00e9s de la tela. Blackback Soft ofrece entonces una soluci\u00f3n. Se trata de una tela block-out de poli\u00e9ster con la parte trasera negra. Es inodora, plegable y cuenta adem\u00e1s con un certificado B1 de seguridad contra incendios. Acabe su muro pop-up recto con hilo blanco o negro.<\/p>\n<h3>Accesorios para la pared de feria<\/h3>\n<p>El muro pop-up recto se entrega con una pr\u00e1ctica bolsa tipo trolley con ruedas (ver fotos). Con ella, guardar\u00e1 ordenadamente toda la pared para feria (incluida la tela) y la transportar\u00e1 a su pr\u00f3ximo evento o feria. Adem\u00e1s, hay varios accesorios disponibles, incluyendo iluminaci\u00f3n LED para una visibilidad \u00f3ptima.<\/p>\n<p>Elija calidad y facilidad de uso. Pida hoy mismo su muro pop-up recto y haga de su pr\u00f3xima feria o evento un \u00e9xito. Empiece directamente a crear su propio dise\u00f1o gracias a nuestras plantillas f\u00e1ciles de usar, disponibles en la secci\u00f3n de descargas.<\/p>\n","protected":false},"excerpt":{"rendered":"<h3>Indispensable para una feria de \u00e9xito<\/h3>\n<p>Muro Pop-up Recto: Esta pared para feria tiene un aspecto elegante y moderno y es ideal para configuraciones rectas. Elija material Dekostof o Blackback Soft (para evitar transparencias). Se puede guardar en la bolsa tipo trolley incluida. Atenci\u00f3n: la imagen cubre el frontal y los laterales izquierdo y derecho. La parte trasera se mantiene sin imprimir (!).<\/p>\n","protected":false},"featured_media":25262,"template":"","meta":{"_et_pb_use_builder":"","_et_pb_old_content":"","_et_gb_content_width":""},"product_brand":[],"product_cat":[431,414],"product_tag":[],"class_list":{"0":"post-13558","1":"product","2":"type-product","3":"status-publish","4":"has-post-thumbnail","6":"product_cat-feria-y-evento","7":"product_cat-muros-de-exposicion","9":"first","10":"instock","11":"featured","12":"taxable","13":"shipping-taxable","14":"purchasable","15":"product-type-simple"},"yoast_head":"<!-- This site is optimized with the Yoast SEO plugin v27.3 - https:\/\/yoast.com\/product\/yoast-seo-wordpress\/ -->\n<title>Muro Pop-up Recto Profesional - Paredes de Feria R\u00e1pidas y N\u00edtidas<\/title>\n<meta name=\"description\" content=\"Pida su muro pop-up recto con impresi\u00f3n a todo color de alta nitidez y entrega r\u00e1pida en 1 d\u00eda laborable. Cause impresi\u00f3n en cualquier evento.\" \/>\n<meta name=\"robots\" content=\"index, follow, max-snippet:-1, max-image-preview:large, max-video-preview:-1\" \/>\n<link rel=\"canonical\" href=\"https:\/\/www.amstelprinting.nl\/es\/tienda\/feria-y-evento\/muros-de-exposicion\/muro-pop-up-recto\/\" \/>\n<meta property=\"og:locale\" content=\"es_ES\" \/>\n<meta property=\"og:type\" content=\"article\" \/>\n<meta property=\"og:title\" content=\"Muro Pop-up Recto Profesional - Paredes de Feria R\u00e1pidas y N\u00edtidas\" \/>\n<meta property=\"og:description\" content=\"Pida su muro pop-up recto con impresi\u00f3n a todo color de alta nitidez y entrega r\u00e1pida en 1 d\u00eda laborable. Cause impresi\u00f3n en cualquier evento.\" \/>\n<meta property=\"og:url\" content=\"https:\/\/www.amstelprinting.nl\/es\/tienda\/feria-y-evento\/muros-de-exposicion\/muro-pop-up-recto\/\" \/>\n<meta property=\"og:site_name\" content=\"Amstel Printing\" \/>\n<meta property=\"article:modified_time\" content=\"2026-02-18T11:47:25+00:00\" \/>\n<meta property=\"og:image\" content=\"https:\/\/www.amstelprinting.nl\/wp-content\/uploads\/rechte-pop-up-wand-bedrukken.webp\" \/>\n\t<meta property=\"og:image:width\" content=\"900\" \/>\n\t<meta property=\"og:image:height\" content=\"900\" \/>\n\t<meta property=\"og:image:type\" content=\"image\/webp\" \/>\n<meta name=\"twitter:card\" content=\"summary_large_image\" \/>\n<meta name=\"twitter:label1\" content=\"Tiempo de lectura\" \/>\n\t<meta name=\"twitter:data1\" content=\"2 minutos\" \/>\n<script type=\"application\/ld+json\" class=\"yoast-schema-graph\">{\"@context\":\"https:\\\/\\\/schema.org\",\"@graph\":[{\"@type\":\"WebPage\",\"@id\":\"https:\\\/\\\/www.amstelprinting.nl\\\/es\\\/tienda\\\/feria-y-evento\\\/muros-de-exposicion\\\/muro-pop-up-recto\\\/\",\"url\":\"https:\\\/\\\/www.amstelprinting.nl\\\/es\\\/tienda\\\/feria-y-evento\\\/muros-de-exposicion\\\/muro-pop-up-recto\\\/\",\"name\":\"Muro Pop-up Recto Profesional - Paredes de Feria R\u00e1pidas y N\u00edtidas\",\"isPartOf\":{\"@id\":\"https:\\\/\\\/www.amstelprinting.nl\\\/es\\\/#website\"},\"primaryImageOfPage\":{\"@id\":\"https:\\\/\\\/www.amstelprinting.nl\\\/es\\\/tienda\\\/feria-y-evento\\\/muros-de-exposicion\\\/muro-pop-up-recto\\\/#primaryimage\"},\"image\":{\"@id\":\"https:\\\/\\\/www.amstelprinting.nl\\\/es\\\/tienda\\\/feria-y-evento\\\/muros-de-exposicion\\\/muro-pop-up-recto\\\/#primaryimage\"},\"thumbnailUrl\":\"https:\\\/\\\/www.amstelprinting.nl\\\/wp-content\\\/uploads\\\/rechte-pop-up-wand-bedrukken.webp\",\"datePublished\":\"2025-02-03T12:35:37+00:00\",\"dateModified\":\"2026-02-18T11:47:25+00:00\",\"description\":\"Pida su muro pop-up recto con impresi\u00f3n a todo color de alta nitidez y entrega r\u00e1pida en 1 d\u00eda laborable. Cause impresi\u00f3n en cualquier evento.\",\"breadcrumb\":{\"@id\":\"https:\\\/\\\/www.amstelprinting.nl\\\/es\\\/tienda\\\/feria-y-evento\\\/muros-de-exposicion\\\/muro-pop-up-recto\\\/#breadcrumb\"},\"inLanguage\":\"es\",\"potentialAction\":[{\"@type\":\"ReadAction\",\"target\":[\"https:\\\/\\\/www.amstelprinting.nl\\\/es\\\/tienda\\\/feria-y-evento\\\/muros-de-exposicion\\\/muro-pop-up-recto\\\/\"]}]},{\"@type\":\"ImageObject\",\"inLanguage\":\"es\",\"@id\":\"https:\\\/\\\/www.amstelprinting.nl\\\/es\\\/tienda\\\/feria-y-evento\\\/muros-de-exposicion\\\/muro-pop-up-recto\\\/#primaryimage\",\"url\":\"https:\\\/\\\/www.amstelprinting.nl\\\/wp-content\\\/uploads\\\/rechte-pop-up-wand-bedrukken.webp\",\"contentUrl\":\"https:\\\/\\\/www.amstelprinting.nl\\\/wp-content\\\/uploads\\\/rechte-pop-up-wand-bedrukken.webp\",\"width\":900,\"height\":900},{\"@type\":\"BreadcrumbList\",\"@id\":\"https:\\\/\\\/www.amstelprinting.nl\\\/es\\\/tienda\\\/feria-y-evento\\\/muros-de-exposicion\\\/muro-pop-up-recto\\\/#breadcrumb\",\"itemListElement\":[{\"@type\":\"ListItem\",\"position\":1,\"name\":\"\",\"item\":\"https:\\\/\\\/www.amstelprinting.nl\\\/es\\\/\"},{\"@type\":\"ListItem\",\"position\":2,\"name\":\"Amstel Printing\",\"item\":\"https:\\\/\\\/www.amstelprinting.nl\\\/es\\\/comercio\\\/\"},{\"@type\":\"ListItem\",\"position\":3,\"name\":\"Feria y evento\",\"item\":\"https:\\\/\\\/www.amstelprinting.nl\\\/es\\\/categor\u00eda\\\/feria-y-evento\\\/\"},{\"@type\":\"ListItem\",\"position\":4,\"name\":\"Muros de exposici\u00f3n\",\"item\":\"https:\\\/\\\/www.amstelprinting.nl\\\/es\\\/categor\u00eda\\\/feria-y-evento\\\/muros-de-exposicion\\\/\"},{\"@type\":\"ListItem\",\"position\":5,\"name\":\"Muro pop-up recto\"}]},{\"@type\":\"WebSite\",\"@id\":\"https:\\\/\\\/www.amstelprinting.nl\\\/es\\\/#website\",\"url\":\"https:\\\/\\\/www.amstelprinting.nl\\\/es\\\/\",\"name\":\"Amstel Printing\",\"description\":\"Creating Exposure\",\"publisher\":{\"@id\":\"https:\\\/\\\/www.amstelprinting.nl\\\/es\\\/#organization\"},\"potentialAction\":[{\"@type\":\"SearchAction\",\"target\":{\"@type\":\"EntryPoint\",\"urlTemplate\":\"https:\\\/\\\/www.amstelprinting.nl\\\/es\\\/?s={search_term_string}\"},\"query-input\":{\"@type\":\"PropertyValueSpecification\",\"valueRequired\":true,\"valueName\":\"search_term_string\"}}],\"inLanguage\":\"es\"},{\"@type\":\"Organization\",\"@id\":\"https:\\\/\\\/www.amstelprinting.nl\\\/es\\\/#organization\",\"name\":\"Amstel Printing\",\"url\":\"https:\\\/\\\/www.amstelprinting.nl\\\/es\\\/\",\"logo\":{\"@type\":\"ImageObject\",\"inLanguage\":\"es\",\"@id\":\"https:\\\/\\\/www.amstelprinting.nl\\\/es\\\/#\\\/schema\\\/logo\\\/image\\\/\",\"url\":\"https:\\\/\\\/www.amstelprinting.nl\\\/wp-content\\\/uploads\\\/amstel_printing_logo_clean.png\",\"contentUrl\":\"https:\\\/\\\/www.amstelprinting.nl\\\/wp-content\\\/uploads\\\/amstel_printing_logo_clean.png\",\"width\":324,\"height\":73,\"caption\":\"Amstel Printing\"},\"image\":{\"@id\":\"https:\\\/\\\/www.amstelprinting.nl\\\/es\\\/#\\\/schema\\\/logo\\\/image\\\/\"}}]}<\/script>\n<!-- \/ Yoast SEO plugin. -->","yoast_head_json":{"title":"Muro Pop-up Recto Profesional - Paredes de Feria R\u00e1pidas y N\u00edtidas","description":"Pida su muro pop-up recto con impresi\u00f3n a todo color de alta nitidez y entrega r\u00e1pida en 1 d\u00eda laborable. Cause impresi\u00f3n en cualquier evento.","robots":{"index":"index","follow":"follow","max-snippet":"max-snippet:-1","max-image-preview":"max-image-preview:large","max-video-preview":"max-video-preview:-1"},"canonical":"https:\/\/www.amstelprinting.nl\/es\/tienda\/feria-y-evento\/muros-de-exposicion\/muro-pop-up-recto\/","og_locale":"es_ES","og_type":"article","og_title":"Muro Pop-up Recto Profesional - Paredes de Feria R\u00e1pidas y N\u00edtidas","og_description":"Pida su muro pop-up recto con impresi\u00f3n a todo color de alta nitidez y entrega r\u00e1pida en 1 d\u00eda laborable. Cause impresi\u00f3n en cualquier evento.","og_url":"https:\/\/www.amstelprinting.nl\/es\/tienda\/feria-y-evento\/muros-de-exposicion\/muro-pop-up-recto\/","og_site_name":"Amstel Printing","article_modified_time":"2026-02-18T11:47:25+00:00","og_image":[{"width":900,"height":900,"url":"https:\/\/www.amstelprinting.nl\/wp-content\/uploads\/rechte-pop-up-wand-bedrukken.webp","type":"image\/webp"}],"twitter_card":"summary_large_image","twitter_misc":{"Tiempo de lectura":"2 minutos"},"schema":{"@context":"https:\/\/schema.org","@graph":[{"@type":"WebPage","@id":"https:\/\/www.amstelprinting.nl\/es\/tienda\/feria-y-evento\/muros-de-exposicion\/muro-pop-up-recto\/","url":"https:\/\/www.amstelprinting.nl\/es\/tienda\/feria-y-evento\/muros-de-exposicion\/muro-pop-up-recto\/","name":"Muro Pop-up Recto Profesional - Paredes de Feria R\u00e1pidas y N\u00edtidas","isPartOf":{"@id":"https:\/\/www.amstelprinting.nl\/es\/#website"},"primaryImageOfPage":{"@id":"https:\/\/www.amstelprinting.nl\/es\/tienda\/feria-y-evento\/muros-de-exposicion\/muro-pop-up-recto\/#primaryimage"},"image":{"@id":"https:\/\/www.amstelprinting.nl\/es\/tienda\/feria-y-evento\/muros-de-exposicion\/muro-pop-up-recto\/#primaryimage"},"thumbnailUrl":"https:\/\/www.amstelprinting.nl\/wp-content\/uploads\/rechte-pop-up-wand-bedrukken.webp","datePublished":"2025-02-03T12:35:37+00:00","dateModified":"2026-02-18T11:47:25+00:00","description":"Pida su muro pop-up recto con impresi\u00f3n a todo color de alta nitidez y entrega r\u00e1pida en 1 d\u00eda laborable. Cause impresi\u00f3n en cualquier evento.","breadcrumb":{"@id":"https:\/\/www.amstelprinting.nl\/es\/tienda\/feria-y-evento\/muros-de-exposicion\/muro-pop-up-recto\/#breadcrumb"},"inLanguage":"es","potentialAction":[{"@type":"ReadAction","target":["https:\/\/www.amstelprinting.nl\/es\/tienda\/feria-y-evento\/muros-de-exposicion\/muro-pop-up-recto\/"]}]},{"@type":"ImageObject","inLanguage":"es","@id":"https:\/\/www.amstelprinting.nl\/es\/tienda\/feria-y-evento\/muros-de-exposicion\/muro-pop-up-recto\/#primaryimage","url":"https:\/\/www.amstelprinting.nl\/wp-content\/uploads\/rechte-pop-up-wand-bedrukken.webp","contentUrl":"https:\/\/www.amstelprinting.nl\/wp-content\/uploads\/rechte-pop-up-wand-bedrukken.webp","width":900,"height":900},{"@type":"BreadcrumbList","@id":"https:\/\/www.amstelprinting.nl\/es\/tienda\/feria-y-evento\/muros-de-exposicion\/muro-pop-up-recto\/#breadcrumb","itemListElement":[{"@type":"ListItem","position":1,"name":"","item":"https:\/\/www.amstelprinting.nl\/es\/"},{"@type":"ListItem","position":2,"name":"Amstel Printing","item":"https:\/\/www.amstelprinting.nl\/es\/comercio\/"},{"@type":"ListItem","position":3,"name":"Feria y evento","item":"https:\/\/www.amstelprinting.nl\/es\/categor\u00eda\/feria-y-evento\/"},{"@type":"ListItem","position":4,"name":"Muros de exposici\u00f3n","item":"https:\/\/www.amstelprinting.nl\/es\/categor\u00eda\/feria-y-evento\/muros-de-exposicion\/"},{"@type":"ListItem","position":5,"name":"Muro pop-up recto"}]},{"@type":"WebSite","@id":"https:\/\/www.amstelprinting.nl\/es\/#website","url":"https:\/\/www.amstelprinting.nl\/es\/","name":"Amstel Printing","description":"Creating Exposure","publisher":{"@id":"https:\/\/www.amstelprinting.nl\/es\/#organization"},"potentialAction":[{"@type":"SearchAction","target":{"@type":"EntryPoint","urlTemplate":"https:\/\/www.amstelprinting.nl\/es\/?s={search_term_string}"},"query-input":{"@type":"PropertyValueSpecification","valueRequired":true,"valueName":"search_term_string"}}],"inLanguage":"es"},{"@type":"Organization","@id":"https:\/\/www.amstelprinting.nl\/es\/#organization","name":"Amstel Printing","url":"https:\/\/www.amstelprinting.nl\/es\/","logo":{"@type":"ImageObject","inLanguage":"es","@id":"https:\/\/www.amstelprinting.nl\/es\/#\/schema\/logo\/image\/","url":"https:\/\/www.amstelprinting.nl\/wp-content\/uploads\/amstel_printing_logo_clean.png","contentUrl":"https:\/\/www.amstelprinting.nl\/wp-content\/uploads\/amstel_printing_logo_clean.png","width":324,"height":73,"caption":"Amstel Printing"},"image":{"@id":"https:\/\/www.amstelprinting.nl\/es\/#\/schema\/logo\/image\/"}}]}},"_links":{"self":[{"href":"https:\/\/www.amstelprinting.nl\/es\/wp-json\/wp\/v2\/product\/13558","targetHints":{"allow":["GET"]}}],"collection":[{"href":"https:\/\/www.amstelprinting.nl\/es\/wp-json\/wp\/v2\/product"}],"about":[{"href":"https:\/\/www.amstelprinting.nl\/es\/wp-json\/wp\/v2\/types\/product"}],"wp:featuredmedia":[{"embeddable":true,"href":"https:\/\/www.amstelprinting.nl\/es\/wp-json\/wp\/v2\/media\/25262"}],"wp:attachment":[{"href":"https:\/\/www.amstelprinting.nl\/es\/wp-json\/wp\/v2\/media?parent=13558"}],"wp:term":[{"taxonomy":"product_brand","embeddable":true,"href":"https:\/\/www.amstelprinting.nl\/es\/wp-json\/wp\/v2\/product_brand?post=13558"},{"taxonomy":"product_cat","embeddable":true,"href":"https:\/\/www.amstelprinting.nl\/es\/wp-json\/wp\/v2\/product_cat?post=13558"},{"taxonomy":"product_tag","embeddable":true,"href":"https:\/\/www.amstelprinting.nl\/es\/wp-json\/wp\/v2\/product_tag?post=13558"}],"curies":[{"name":"wp","href":"https:\/\/api.w.org\/{rel}","templated":true}]}}