{"id":13568,"date":"2025-02-02T12:36:34","date_gmt":"2025-02-02T11:36:34","guid":{"rendered":"https:\/\/www.amstelprinting.nl\/winkel\/sin%20categor\u00eda\/outdoor-roll-up-banner\/"},"modified":"2026-02-18T12:47:26","modified_gmt":"2026-02-18T11:47:26","slug":"roll-up-banner-de-exterior","status":"publish","type":"product","link":"https:\/\/www.amstelprinting.nl\/es\/tienda\/feria-y-evento\/enrollar-pancartas\/roll-up-banner-de-exterior\/","title":{"rendered":"Roll-up banner de exterior"},"content":{"rendered":"<h3>Roll-up Banner de exterior a doble cara<\/h3>\n<p>Este roll-up banner es perfecto para promociones, ferias o eventos al aire libre. Gracias a las impresiones n\u00edtidas a doble cara, se pueden mostrar dos dise\u00f1os diferentes al mismo tiempo. Ideal para situaciones donde la gente camina alrededor del banner.<\/p>\n<h3>Composici\u00f3n<\/h3>\n<p>El roll-up banner de exterior consta de dos lonas que se pueden fijar f\u00e1cilmente al m\u00e1stil con una tira adhesiva. El producto est\u00e1 disponible como set completo, impresi\u00f3n suelta o carcasa.<\/p>\n<h3>Montaje del Roll-up Banner de exterior<\/h3>\n<p>La carcasa tiene un peso mayor y est\u00e1 equipada con pies m\u00e1s largos y ranuras, lo que permite fijarla firmemente al suelo con las estacas incluidas. As\u00ed el banner se mantiene estable y el mensaje de su cliente siempre queda bien visible. El montaje consiste simplemente en colocarlo y tirar de ambos banners hacia arriba desde la carcasa. Por lo tanto, no necesita herramientas.<\/p>\n<h3>Materiales del Roll-up Banner de exterior<\/h3>\n<p>Puede elegir entre dos materiales de alta calidad: Banner 510 o Banner Blanco y negro, ambos disponibles en anchos de 85 cm o 100 cm. El Roll-up banner de exterior se entrega con una pr\u00e1ctica bolsa de transporte, para que pueda guardarlo y transportarlo de forma f\u00e1cil y compacta.<\/p>\n<h3>Diferencia entre Banner 510 y Banner Blanco y negro<\/h3>\n<p><strong>Banner 510<\/strong> &#8211; La opci\u00f3n m\u00e1s solicitada para el Roll-up banner de exterior. Lona de PVC con acabado brillante para interior y exterior. Calidad 100% europea y certificado B1 (material ign\u00edfugo).<\/p>\n<p><strong>Banner Blanco y negro<\/strong> &#8211; Lona de PVC blockout con reverso negro. El reverso negro proporciona un efecto blockout (bloquea la luz). El Banner Blanco y negro es, al igual que el Banner 510, apto para uso tanto en interiores como en exteriores. Y tambi\u00e9n cuenta con el certificado B1 (material ign\u00edfugo).<\/p>\n<p>M\u00e1s informaci\u00f3n sobre el uso de roll-up banners en exteriores en nuestra <a href=\"https:\/\/www.amstelprinting.nl\/es\/base-de-conocimientos\/\">gu\u00eda sobre la elecci\u00f3n correcta para un banner de uso interior o exterior.<\/a><\/p>\n<p>M\u00e1s informaci\u00f3n sobre el uso de <a href=\"https:\/\/www.amstelprinting.nl\/es\/base-de-conocimientos\/outdoor-vs-indoor-roll-up-banner-keuze-evenement\/\">roll-up banners en diferentes condiciones meteorol\u00f3gicas en este art\u00edculo<\/a>.<\/p>\n","protected":false},"excerpt":{"rendered":"<h3>Roll-up Banner para uso en exteriores. Impresi\u00f3n a doble cara.<\/h3>\n<p>Sistema de roll-up banner de exterior, adecuado para (como su nombre indica) el uso en exteriores. Se trata de una carcasa m\u00e1s pesada equipada con pies m\u00e1s largos. Este Roll-up Banner de exterior tambi\u00e9n puede anclarse al suelo (para una mayor estabilidad) mediante las estacas suministradas. El Roll-up Banner de exterior se entrega con una bolsa de transporte para un traslado compacto y un almacenamiento libre de polvo.<\/p>\n","protected":false},"featured_media":13569,"template":"","meta":{"_et_pb_use_builder":"","_et_pb_old_content":"","_et_gb_content_width":""},"product_brand":[],"product_cat":[406,431,382,379],"product_tag":[],"class_list":{"0":"post-13568","1":"product","2":"type-product","3":"status-publish","4":"has-post-thumbnail","6":"product_cat-enrollar-pancartas","7":"product_cat-feria-y-evento","8":"product_cat-presentacion","9":"product_cat-publicidad-interior","11":"first","12":"instock","13":"taxable","14":"shipping-taxable","15":"purchasable","16":"product-type-simple"},"yoast_head":"<!-- This site is optimized with the Yoast SEO plugin v27.3 - https:\/\/yoast.com\/product\/yoast-seo-wordpress\/ -->\n<title>Banner Roll-up de exterior robusto - Doble cara y resistente al viento<\/title>\n<meta name=\"description\" content=\"Pida ahora y reciba ma\u00f1ana su roll-up banner de exterior. Impresi\u00f3n a doble cara, extra pesado y estable. Ideal para eventos y promociones al aire libre.\" \/>\n<meta name=\"robots\" content=\"index, follow, max-snippet:-1, max-image-preview:large, max-video-preview:-1\" \/>\n<link rel=\"canonical\" href=\"https:\/\/www.amstelprinting.nl\/es\/tienda\/feria-y-evento\/enrollar-pancartas\/roll-up-banner-de-exterior\/\" \/>\n<meta property=\"og:locale\" content=\"es_ES\" \/>\n<meta property=\"og:type\" content=\"article\" \/>\n<meta property=\"og:title\" content=\"Banner Roll-up de exterior robusto - Doble cara y resistente al viento\" \/>\n<meta property=\"og:description\" content=\"Pida ahora y reciba ma\u00f1ana su roll-up banner de exterior. Impresi\u00f3n a doble cara, extra pesado y estable. Ideal para eventos y promociones al aire libre.\" \/>\n<meta property=\"og:url\" content=\"https:\/\/www.amstelprinting.nl\/es\/tienda\/feria-y-evento\/enrollar-pancartas\/roll-up-banner-de-exterior\/\" \/>\n<meta property=\"og:site_name\" content=\"Amstel Printing\" \/>\n<meta property=\"article:modified_time\" content=\"2026-02-18T11:47:26+00:00\" \/>\n<meta property=\"og:image\" content=\"https:\/\/www.amstelprinting.nl\/wp-content\/uploads\/outdoor-roll-up-banner-bedrukken.png\" \/>\n\t<meta property=\"og:image:width\" content=\"700\" \/>\n\t<meta property=\"og:image:height\" content=\"700\" \/>\n\t<meta property=\"og:image:type\" content=\"image\/png\" \/>\n<meta name=\"twitter:card\" content=\"summary_large_image\" \/>\n<meta name=\"twitter:label1\" content=\"Tiempo de lectura\" \/>\n\t<meta name=\"twitter:data1\" content=\"2 minutos\" \/>\n<script type=\"application\/ld+json\" class=\"yoast-schema-graph\">{\"@context\":\"https:\\\/\\\/schema.org\",\"@graph\":[{\"@type\":\"WebPage\",\"@id\":\"https:\\\/\\\/www.amstelprinting.nl\\\/es\\\/tienda\\\/feria-y-evento\\\/enrollar-pancartas\\\/roll-up-banner-de-exterior\\\/\",\"url\":\"https:\\\/\\\/www.amstelprinting.nl\\\/es\\\/tienda\\\/feria-y-evento\\\/enrollar-pancartas\\\/roll-up-banner-de-exterior\\\/\",\"name\":\"Banner Roll-up de exterior robusto - Doble cara y resistente al viento\",\"isPartOf\":{\"@id\":\"https:\\\/\\\/www.amstelprinting.nl\\\/es\\\/#website\"},\"primaryImageOfPage\":{\"@id\":\"https:\\\/\\\/www.amstelprinting.nl\\\/es\\\/tienda\\\/feria-y-evento\\\/enrollar-pancartas\\\/roll-up-banner-de-exterior\\\/#primaryimage\"},\"image\":{\"@id\":\"https:\\\/\\\/www.amstelprinting.nl\\\/es\\\/tienda\\\/feria-y-evento\\\/enrollar-pancartas\\\/roll-up-banner-de-exterior\\\/#primaryimage\"},\"thumbnailUrl\":\"https:\\\/\\\/www.amstelprinting.nl\\\/wp-content\\\/uploads\\\/outdoor-roll-up-banner-bedrukken.png\",\"datePublished\":\"2025-02-02T11:36:34+00:00\",\"dateModified\":\"2026-02-18T11:47:26+00:00\",\"description\":\"Pida ahora y reciba ma\u00f1ana su roll-up banner de exterior. Impresi\u00f3n a doble cara, extra pesado y estable. Ideal para eventos y promociones al aire libre.\",\"breadcrumb\":{\"@id\":\"https:\\\/\\\/www.amstelprinting.nl\\\/es\\\/tienda\\\/feria-y-evento\\\/enrollar-pancartas\\\/roll-up-banner-de-exterior\\\/#breadcrumb\"},\"inLanguage\":\"es\",\"potentialAction\":[{\"@type\":\"ReadAction\",\"target\":[\"https:\\\/\\\/www.amstelprinting.nl\\\/es\\\/tienda\\\/feria-y-evento\\\/enrollar-pancartas\\\/roll-up-banner-de-exterior\\\/\"]}]},{\"@type\":\"ImageObject\",\"inLanguage\":\"es\",\"@id\":\"https:\\\/\\\/www.amstelprinting.nl\\\/es\\\/tienda\\\/feria-y-evento\\\/enrollar-pancartas\\\/roll-up-banner-de-exterior\\\/#primaryimage\",\"url\":\"https:\\\/\\\/www.amstelprinting.nl\\\/wp-content\\\/uploads\\\/outdoor-roll-up-banner-bedrukken.png\",\"contentUrl\":\"https:\\\/\\\/www.amstelprinting.nl\\\/wp-content\\\/uploads\\\/outdoor-roll-up-banner-bedrukken.png\",\"width\":700,\"height\":700},{\"@type\":\"BreadcrumbList\",\"@id\":\"https:\\\/\\\/www.amstelprinting.nl\\\/es\\\/tienda\\\/feria-y-evento\\\/enrollar-pancartas\\\/roll-up-banner-de-exterior\\\/#breadcrumb\",\"itemListElement\":[{\"@type\":\"ListItem\",\"position\":1,\"name\":\"\",\"item\":\"https:\\\/\\\/www.amstelprinting.nl\\\/es\\\/\"},{\"@type\":\"ListItem\",\"position\":2,\"name\":\"Amstel Printing\",\"item\":\"https:\\\/\\\/www.amstelprinting.nl\\\/es\\\/comercio\\\/\"},{\"@type\":\"ListItem\",\"position\":3,\"name\":\"Feria y evento\",\"item\":\"https:\\\/\\\/www.amstelprinting.nl\\\/es\\\/categor\u00eda\\\/feria-y-evento\\\/\"},{\"@type\":\"ListItem\",\"position\":4,\"name\":\"enrollar pancartas\",\"item\":\"https:\\\/\\\/www.amstelprinting.nl\\\/es\\\/categor\u00eda\\\/feria-y-evento\\\/enrollar-pancartas\\\/\"},{\"@type\":\"ListItem\",\"position\":5,\"name\":\"Roll-up banner de exterior\"}]},{\"@type\":\"WebSite\",\"@id\":\"https:\\\/\\\/www.amstelprinting.nl\\\/es\\\/#website\",\"url\":\"https:\\\/\\\/www.amstelprinting.nl\\\/es\\\/\",\"name\":\"Amstel Printing\",\"description\":\"Creating Exposure\",\"publisher\":{\"@id\":\"https:\\\/\\\/www.amstelprinting.nl\\\/es\\\/#organization\"},\"potentialAction\":[{\"@type\":\"SearchAction\",\"target\":{\"@type\":\"EntryPoint\",\"urlTemplate\":\"https:\\\/\\\/www.amstelprinting.nl\\\/es\\\/?s={search_term_string}\"},\"query-input\":{\"@type\":\"PropertyValueSpecification\",\"valueRequired\":true,\"valueName\":\"search_term_string\"}}],\"inLanguage\":\"es\"},{\"@type\":\"Organization\",\"@id\":\"https:\\\/\\\/www.amstelprinting.nl\\\/es\\\/#organization\",\"name\":\"Amstel Printing\",\"url\":\"https:\\\/\\\/www.amstelprinting.nl\\\/es\\\/\",\"logo\":{\"@type\":\"ImageObject\",\"inLanguage\":\"es\",\"@id\":\"https:\\\/\\\/www.amstelprinting.nl\\\/es\\\/#\\\/schema\\\/logo\\\/image\\\/\",\"url\":\"https:\\\/\\\/www.amstelprinting.nl\\\/wp-content\\\/uploads\\\/amstel_printing_logo_clean.png\",\"contentUrl\":\"https:\\\/\\\/www.amstelprinting.nl\\\/wp-content\\\/uploads\\\/amstel_printing_logo_clean.png\",\"width\":324,\"height\":73,\"caption\":\"Amstel Printing\"},\"image\":{\"@id\":\"https:\\\/\\\/www.amstelprinting.nl\\\/es\\\/#\\\/schema\\\/logo\\\/image\\\/\"}}]}<\/script>\n<!-- \/ Yoast SEO plugin. -->","yoast_head_json":{"title":"Banner Roll-up de exterior robusto - Doble cara y resistente al viento","description":"Pida ahora y reciba ma\u00f1ana su roll-up banner de exterior. Impresi\u00f3n a doble cara, extra pesado y estable. Ideal para eventos y promociones al aire libre.","robots":{"index":"index","follow":"follow","max-snippet":"max-snippet:-1","max-image-preview":"max-image-preview:large","max-video-preview":"max-video-preview:-1"},"canonical":"https:\/\/www.amstelprinting.nl\/es\/tienda\/feria-y-evento\/enrollar-pancartas\/roll-up-banner-de-exterior\/","og_locale":"es_ES","og_type":"article","og_title":"Banner Roll-up de exterior robusto - Doble cara y resistente al viento","og_description":"Pida ahora y reciba ma\u00f1ana su roll-up banner de exterior. Impresi\u00f3n a doble cara, extra pesado y estable. Ideal para eventos y promociones al aire libre.","og_url":"https:\/\/www.amstelprinting.nl\/es\/tienda\/feria-y-evento\/enrollar-pancartas\/roll-up-banner-de-exterior\/","og_site_name":"Amstel Printing","article_modified_time":"2026-02-18T11:47:26+00:00","og_image":[{"width":700,"height":700,"url":"https:\/\/www.amstelprinting.nl\/wp-content\/uploads\/outdoor-roll-up-banner-bedrukken.png","type":"image\/png"}],"twitter_card":"summary_large_image","twitter_misc":{"Tiempo de lectura":"2 minutos"},"schema":{"@context":"https:\/\/schema.org","@graph":[{"@type":"WebPage","@id":"https:\/\/www.amstelprinting.nl\/es\/tienda\/feria-y-evento\/enrollar-pancartas\/roll-up-banner-de-exterior\/","url":"https:\/\/www.amstelprinting.nl\/es\/tienda\/feria-y-evento\/enrollar-pancartas\/roll-up-banner-de-exterior\/","name":"Banner Roll-up de exterior robusto - Doble cara y resistente al viento","isPartOf":{"@id":"https:\/\/www.amstelprinting.nl\/es\/#website"},"primaryImageOfPage":{"@id":"https:\/\/www.amstelprinting.nl\/es\/tienda\/feria-y-evento\/enrollar-pancartas\/roll-up-banner-de-exterior\/#primaryimage"},"image":{"@id":"https:\/\/www.amstelprinting.nl\/es\/tienda\/feria-y-evento\/enrollar-pancartas\/roll-up-banner-de-exterior\/#primaryimage"},"thumbnailUrl":"https:\/\/www.amstelprinting.nl\/wp-content\/uploads\/outdoor-roll-up-banner-bedrukken.png","datePublished":"2025-02-02T11:36:34+00:00","dateModified":"2026-02-18T11:47:26+00:00","description":"Pida ahora y reciba ma\u00f1ana su roll-up banner de exterior. Impresi\u00f3n a doble cara, extra pesado y estable. Ideal para eventos y promociones al aire libre.","breadcrumb":{"@id":"https:\/\/www.amstelprinting.nl\/es\/tienda\/feria-y-evento\/enrollar-pancartas\/roll-up-banner-de-exterior\/#breadcrumb"},"inLanguage":"es","potentialAction":[{"@type":"ReadAction","target":["https:\/\/www.amstelprinting.nl\/es\/tienda\/feria-y-evento\/enrollar-pancartas\/roll-up-banner-de-exterior\/"]}]},{"@type":"ImageObject","inLanguage":"es","@id":"https:\/\/www.amstelprinting.nl\/es\/tienda\/feria-y-evento\/enrollar-pancartas\/roll-up-banner-de-exterior\/#primaryimage","url":"https:\/\/www.amstelprinting.nl\/wp-content\/uploads\/outdoor-roll-up-banner-bedrukken.png","contentUrl":"https:\/\/www.amstelprinting.nl\/wp-content\/uploads\/outdoor-roll-up-banner-bedrukken.png","width":700,"height":700},{"@type":"BreadcrumbList","@id":"https:\/\/www.amstelprinting.nl\/es\/tienda\/feria-y-evento\/enrollar-pancartas\/roll-up-banner-de-exterior\/#breadcrumb","itemListElement":[{"@type":"ListItem","position":1,"name":"","item":"https:\/\/www.amstelprinting.nl\/es\/"},{"@type":"ListItem","position":2,"name":"Amstel Printing","item":"https:\/\/www.amstelprinting.nl\/es\/comercio\/"},{"@type":"ListItem","position":3,"name":"Feria y evento","item":"https:\/\/www.amstelprinting.nl\/es\/categor\u00eda\/feria-y-evento\/"},{"@type":"ListItem","position":4,"name":"enrollar pancartas","item":"https:\/\/www.amstelprinting.nl\/es\/categor\u00eda\/feria-y-evento\/enrollar-pancartas\/"},{"@type":"ListItem","position":5,"name":"Roll-up banner de exterior"}]},{"@type":"WebSite","@id":"https:\/\/www.amstelprinting.nl\/es\/#website","url":"https:\/\/www.amstelprinting.nl\/es\/","name":"Amstel Printing","description":"Creating Exposure","publisher":{"@id":"https:\/\/www.amstelprinting.nl\/es\/#organization"},"potentialAction":[{"@type":"SearchAction","target":{"@type":"EntryPoint","urlTemplate":"https:\/\/www.amstelprinting.nl\/es\/?s={search_term_string}"},"query-input":{"@type":"PropertyValueSpecification","valueRequired":true,"valueName":"search_term_string"}}],"inLanguage":"es"},{"@type":"Organization","@id":"https:\/\/www.amstelprinting.nl\/es\/#organization","name":"Amstel Printing","url":"https:\/\/www.amstelprinting.nl\/es\/","logo":{"@type":"ImageObject","inLanguage":"es","@id":"https:\/\/www.amstelprinting.nl\/es\/#\/schema\/logo\/image\/","url":"https:\/\/www.amstelprinting.nl\/wp-content\/uploads\/amstel_printing_logo_clean.png","contentUrl":"https:\/\/www.amstelprinting.nl\/wp-content\/uploads\/amstel_printing_logo_clean.png","width":324,"height":73,"caption":"Amstel Printing"},"image":{"@id":"https:\/\/www.amstelprinting.nl\/es\/#\/schema\/logo\/image\/"}}]}},"_links":{"self":[{"href":"https:\/\/www.amstelprinting.nl\/es\/wp-json\/wp\/v2\/product\/13568","targetHints":{"allow":["GET"]}}],"collection":[{"href":"https:\/\/www.amstelprinting.nl\/es\/wp-json\/wp\/v2\/product"}],"about":[{"href":"https:\/\/www.amstelprinting.nl\/es\/wp-json\/wp\/v2\/types\/product"}],"wp:featuredmedia":[{"embeddable":true,"href":"https:\/\/www.amstelprinting.nl\/es\/wp-json\/wp\/v2\/media\/13569"}],"wp:attachment":[{"href":"https:\/\/www.amstelprinting.nl\/es\/wp-json\/wp\/v2\/media?parent=13568"}],"wp:term":[{"taxonomy":"product_brand","embeddable":true,"href":"https:\/\/www.amstelprinting.nl\/es\/wp-json\/wp\/v2\/product_brand?post=13568"},{"taxonomy":"product_cat","embeddable":true,"href":"https:\/\/www.amstelprinting.nl\/es\/wp-json\/wp\/v2\/product_cat?post=13568"},{"taxonomy":"product_tag","embeddable":true,"href":"https:\/\/www.amstelprinting.nl\/es\/wp-json\/wp\/v2\/product_tag?post=13568"}],"curies":[{"name":"wp","href":"https:\/\/api.w.org\/{rel}","templated":true}]}}