{"id":13582,"date":"2025-01-26T12:33:45","date_gmt":"2025-01-26T11:33:45","guid":{"rendered":"https:\/\/www.amstelprinting.nl\/winkel\/sin%20categor\u00eda\/stickers-op-vel\/"},"modified":"2026-02-18T12:47:27","modified_gmt":"2026-02-18T11:47:27","slug":"pegatinas-en-hoja","status":"publish","type":"product","link":"https:\/\/www.amstelprinting.nl\/es\/tienda\/pegatinas-e-impresion\/pequenas-pegatinas\/pegatinas-en-hoja\/","title":{"rendered":"Pegatinas en hoja"},"content":{"rendered":"<h3>\u00bfPor qu\u00e9 pedir pegatinas en hoja?<\/h3>\n<ul>\n<li>La pegatina se repite en una hoja de 33,3 x 26,5 cm<\/li>\n<li>Resoluci\u00f3n ultra alta gracias a la Durst Tau 330<\/li>\n<li>Elecci\u00f3n entre 4 materiales populares y 2 adhesivos<\/li>\n<li>Pida desde 1 unidad, sin costes de puesta en marcha gracias a la impresi\u00f3n digital<\/li>\n<li>Elija entre 3 laminados para una protecci\u00f3n adicional de su impresi\u00f3n<\/li>\n<\/ul>\n<p>&nbsp;<\/p>\n<h3>Materiales<\/h3>\n<ul>\n<li><strong>Vinilo blanco (PP) &#8211; Permanente<\/strong>: Este vinilo blanco, sin PVC, es adecuado tanto para aplicaciones en interiores como en exteriores y ofrece una adhesi\u00f3n duradera.<\/li>\n<li><strong>Papel<\/strong>: Disponible en mate o brillo con una capa de adhesivo permanente. Este papel autoadhesivo con certificaci\u00f3n FSC es ideal para aplicaciones sostenibles.<\/li>\n<li><strong>Vinilo transparente &#8211; Permanente<\/strong>: Un vinilo transparente, sin PVC, adecuado para aplicaciones en interiores y exteriores. Puede elegir entre una impresi\u00f3n normal o en espejo.<\/li>\n<\/ul>\n<p>&nbsp;<\/p>\n<h3>Acabado<\/h3>\n<p>Para el vinilo transparente, puede elegir entre una capa a todo color o a todo color con una capa de blanco para mayor luminosidad. Proteja sus pegatinas con un laminado opcional en brillo, resistente a los rayos UV o mate, disponible tanto para el vinilo blanco como para el transparente. Adem\u00e1s, las pegatinas est\u00e1n disponibles en formas cuadradas, rectangulares o redondas, y tambi\u00e9n puede optar por contornos personalizados o m\u00faltiples contornos en la misma hoja.<\/p>\n<p>Nota: Es posible que su producto presente una peque\u00f1a desviaci\u00f3n de hasta un m\u00e1ximo de 1,5 mm desde el centro del archivo. Puede minimizar este efecto evitando colocar marcos innecesariamente finos en su archivo.<\/p>\n<h3>Preguntas frecuentes<\/h3>\n<p><strong>\u00bfCu\u00e1l es la diferencia entre pliegos de pegatinas y pegatinas en hoja?<\/strong><br \/>\nLas pegatinas en hoja se entregan de forma est\u00e1ndar en hojas de 30 x 26 cm. En el caso de los pliegos de pegatinas, usted tiene la flexibilidad de determinar el tama\u00f1o de su hoja.<\/p>\n","protected":false},"excerpt":{"rendered":"<h3>Pegatinas en una hoja de formato fijo de 33,3 x 26,5 cm<\/h3>\n<p>Haga que su creatividad cobre vida con nuestras pegatinas en hoja. Con nuestras opciones flexibles, puede personalizar sus pegatinas eligiendo entre diversos materiales y acabados. Nosotros determinamos la disposici\u00f3n m\u00e1s favorable en la hoja por usted, de modo que siempre saque el m\u00e1ximo provecho de su hoja de pegatinas. Adem\u00e1s, entregamos sus pegatinas en hoja a partir de una tirada de una sola unidad, lo que es ideal para tiradas peque\u00f1as y pruebas de impresi\u00f3n.<\/p>\n","protected":false},"featured_media":13584,"template":"","meta":{"_et_pb_use_builder":"","_et_pb_old_content":"","_et_gb_content_width":""},"product_brand":[],"product_cat":[650,315,634],"product_tag":[],"class_list":{"0":"post-13582","1":"product","2":"type-product","3":"status-publish","4":"has-post-thumbnail","6":"product_cat-hojas-de-pegatinas","7":"product_cat-pegatinas-e-impresion","8":"product_cat-pequenas-pegatinas","10":"first","11":"instock","12":"taxable","13":"shipping-taxable","14":"purchasable","15":"product-type-simple"},"yoast_head":"<!-- This site is optimized with the Yoast SEO plugin v27.3 - https:\/\/yoast.com\/product\/yoast-seo-wordpress\/ -->\n<title>Pedir pegatinas en hoja: duraderas, precisas y desde 1 unidad<\/title>\n<meta name=\"description\" content=\"Pida pegatinas en hoja profesionales con impresiones n\u00edtidas y formas flexibles. Ideales para tiradas peque\u00f1as y prototipos.\" \/>\n<meta name=\"robots\" content=\"index, follow, max-snippet:-1, max-image-preview:large, max-video-preview:-1\" \/>\n<link rel=\"canonical\" href=\"https:\/\/www.amstelprinting.nl\/es\/tienda\/pegatinas-e-impresion\/pequenas-pegatinas\/pegatinas-en-hoja\/\" \/>\n<meta property=\"og:locale\" content=\"es_ES\" \/>\n<meta property=\"og:type\" content=\"article\" \/>\n<meta property=\"og:title\" content=\"Pedir pegatinas en hoja: duraderas, precisas y desde 1 unidad\" \/>\n<meta property=\"og:description\" content=\"Pida pegatinas en hoja profesionales con impresiones n\u00edtidas y formas flexibles. Ideales para tiradas peque\u00f1as y prototipos.\" \/>\n<meta property=\"og:url\" content=\"https:\/\/www.amstelprinting.nl\/es\/tienda\/pegatinas-e-impresion\/pequenas-pegatinas\/pegatinas-en-hoja\/\" \/>\n<meta property=\"og:site_name\" content=\"Amstel Printing\" \/>\n<meta property=\"article:modified_time\" content=\"2026-02-18T11:47:27+00:00\" \/>\n<meta property=\"og:image\" content=\"https:\/\/www.amstelprinting.nl\/wp-content\/uploads\/Stickers-op-vel.jpg\" \/>\n\t<meta property=\"og:image:width\" content=\"700\" \/>\n\t<meta property=\"og:image:height\" content=\"700\" \/>\n\t<meta property=\"og:image:type\" content=\"image\/jpeg\" \/>\n<meta name=\"twitter:card\" content=\"summary_large_image\" \/>\n<meta name=\"twitter:label1\" content=\"Tiempo de lectura\" \/>\n\t<meta name=\"twitter:data1\" content=\"2 minutos\" \/>\n<script type=\"application\/ld+json\" class=\"yoast-schema-graph\">{\"@context\":\"https:\\\/\\\/schema.org\",\"@graph\":[{\"@type\":\"WebPage\",\"@id\":\"https:\\\/\\\/www.amstelprinting.nl\\\/es\\\/tienda\\\/pegatinas-e-impresion\\\/pequenas-pegatinas\\\/pegatinas-en-hoja\\\/\",\"url\":\"https:\\\/\\\/www.amstelprinting.nl\\\/es\\\/tienda\\\/pegatinas-e-impresion\\\/pequenas-pegatinas\\\/pegatinas-en-hoja\\\/\",\"name\":\"Pedir pegatinas en hoja: duraderas, precisas y desde 1 unidad\",\"isPartOf\":{\"@id\":\"https:\\\/\\\/www.amstelprinting.nl\\\/es\\\/#website\"},\"primaryImageOfPage\":{\"@id\":\"https:\\\/\\\/www.amstelprinting.nl\\\/es\\\/tienda\\\/pegatinas-e-impresion\\\/pequenas-pegatinas\\\/pegatinas-en-hoja\\\/#primaryimage\"},\"image\":{\"@id\":\"https:\\\/\\\/www.amstelprinting.nl\\\/es\\\/tienda\\\/pegatinas-e-impresion\\\/pequenas-pegatinas\\\/pegatinas-en-hoja\\\/#primaryimage\"},\"thumbnailUrl\":\"https:\\\/\\\/www.amstelprinting.nl\\\/wp-content\\\/uploads\\\/Stickers-op-vel.jpg\",\"datePublished\":\"2025-01-26T11:33:45+00:00\",\"dateModified\":\"2026-02-18T11:47:27+00:00\",\"description\":\"Pida pegatinas en hoja profesionales con impresiones n\u00edtidas y formas flexibles. Ideales para tiradas peque\u00f1as y prototipos.\",\"breadcrumb\":{\"@id\":\"https:\\\/\\\/www.amstelprinting.nl\\\/es\\\/tienda\\\/pegatinas-e-impresion\\\/pequenas-pegatinas\\\/pegatinas-en-hoja\\\/#breadcrumb\"},\"inLanguage\":\"es\",\"potentialAction\":[{\"@type\":\"ReadAction\",\"target\":[\"https:\\\/\\\/www.amstelprinting.nl\\\/es\\\/tienda\\\/pegatinas-e-impresion\\\/pequenas-pegatinas\\\/pegatinas-en-hoja\\\/\"]}]},{\"@type\":\"ImageObject\",\"inLanguage\":\"es\",\"@id\":\"https:\\\/\\\/www.amstelprinting.nl\\\/es\\\/tienda\\\/pegatinas-e-impresion\\\/pequenas-pegatinas\\\/pegatinas-en-hoja\\\/#primaryimage\",\"url\":\"https:\\\/\\\/www.amstelprinting.nl\\\/wp-content\\\/uploads\\\/Stickers-op-vel.jpg\",\"contentUrl\":\"https:\\\/\\\/www.amstelprinting.nl\\\/wp-content\\\/uploads\\\/Stickers-op-vel.jpg\",\"width\":700,\"height\":700},{\"@type\":\"BreadcrumbList\",\"@id\":\"https:\\\/\\\/www.amstelprinting.nl\\\/es\\\/tienda\\\/pegatinas-e-impresion\\\/pequenas-pegatinas\\\/pegatinas-en-hoja\\\/#breadcrumb\",\"itemListElement\":[{\"@type\":\"ListItem\",\"position\":1,\"name\":\"\",\"item\":\"https:\\\/\\\/www.amstelprinting.nl\\\/es\\\/\"},{\"@type\":\"ListItem\",\"position\":2,\"name\":\"Amstel Printing\",\"item\":\"https:\\\/\\\/www.amstelprinting.nl\\\/es\\\/comercio\\\/\"},{\"@type\":\"ListItem\",\"position\":3,\"name\":\"Pegatinas e impresi\u00f3n\",\"item\":\"https:\\\/\\\/www.amstelprinting.nl\\\/es\\\/categor\u00eda\\\/pegatinas-e-impresion\\\/\"},{\"@type\":\"ListItem\",\"position\":4,\"name\":\"Peque\u00f1as pegatinas\",\"item\":\"https:\\\/\\\/www.amstelprinting.nl\\\/es\\\/categor\u00eda\\\/pegatinas-e-impresion\\\/pequenas-pegatinas\\\/\"},{\"@type\":\"ListItem\",\"position\":5,\"name\":\"Pegatinas en hoja\"}]},{\"@type\":\"WebSite\",\"@id\":\"https:\\\/\\\/www.amstelprinting.nl\\\/es\\\/#website\",\"url\":\"https:\\\/\\\/www.amstelprinting.nl\\\/es\\\/\",\"name\":\"Amstel Printing\",\"description\":\"Creating Exposure\",\"publisher\":{\"@id\":\"https:\\\/\\\/www.amstelprinting.nl\\\/es\\\/#organization\"},\"potentialAction\":[{\"@type\":\"SearchAction\",\"target\":{\"@type\":\"EntryPoint\",\"urlTemplate\":\"https:\\\/\\\/www.amstelprinting.nl\\\/es\\\/?s={search_term_string}\"},\"query-input\":{\"@type\":\"PropertyValueSpecification\",\"valueRequired\":true,\"valueName\":\"search_term_string\"}}],\"inLanguage\":\"es\"},{\"@type\":\"Organization\",\"@id\":\"https:\\\/\\\/www.amstelprinting.nl\\\/es\\\/#organization\",\"name\":\"Amstel Printing\",\"url\":\"https:\\\/\\\/www.amstelprinting.nl\\\/es\\\/\",\"logo\":{\"@type\":\"ImageObject\",\"inLanguage\":\"es\",\"@id\":\"https:\\\/\\\/www.amstelprinting.nl\\\/es\\\/#\\\/schema\\\/logo\\\/image\\\/\",\"url\":\"https:\\\/\\\/www.amstelprinting.nl\\\/wp-content\\\/uploads\\\/amstel_printing_logo_clean.png\",\"contentUrl\":\"https:\\\/\\\/www.amstelprinting.nl\\\/wp-content\\\/uploads\\\/amstel_printing_logo_clean.png\",\"width\":324,\"height\":73,\"caption\":\"Amstel Printing\"},\"image\":{\"@id\":\"https:\\\/\\\/www.amstelprinting.nl\\\/es\\\/#\\\/schema\\\/logo\\\/image\\\/\"}}]}<\/script>\n<!-- \/ Yoast SEO plugin. -->","yoast_head_json":{"title":"Pedir pegatinas en hoja: duraderas, precisas y desde 1 unidad","description":"Pida pegatinas en hoja profesionales con impresiones n\u00edtidas y formas flexibles. Ideales para tiradas peque\u00f1as y prototipos.","robots":{"index":"index","follow":"follow","max-snippet":"max-snippet:-1","max-image-preview":"max-image-preview:large","max-video-preview":"max-video-preview:-1"},"canonical":"https:\/\/www.amstelprinting.nl\/es\/tienda\/pegatinas-e-impresion\/pequenas-pegatinas\/pegatinas-en-hoja\/","og_locale":"es_ES","og_type":"article","og_title":"Pedir pegatinas en hoja: duraderas, precisas y desde 1 unidad","og_description":"Pida pegatinas en hoja profesionales con impresiones n\u00edtidas y formas flexibles. Ideales para tiradas peque\u00f1as y prototipos.","og_url":"https:\/\/www.amstelprinting.nl\/es\/tienda\/pegatinas-e-impresion\/pequenas-pegatinas\/pegatinas-en-hoja\/","og_site_name":"Amstel Printing","article_modified_time":"2026-02-18T11:47:27+00:00","og_image":[{"width":700,"height":700,"url":"https:\/\/www.amstelprinting.nl\/wp-content\/uploads\/Stickers-op-vel.jpg","type":"image\/jpeg"}],"twitter_card":"summary_large_image","twitter_misc":{"Tiempo de lectura":"2 minutos"},"schema":{"@context":"https:\/\/schema.org","@graph":[{"@type":"WebPage","@id":"https:\/\/www.amstelprinting.nl\/es\/tienda\/pegatinas-e-impresion\/pequenas-pegatinas\/pegatinas-en-hoja\/","url":"https:\/\/www.amstelprinting.nl\/es\/tienda\/pegatinas-e-impresion\/pequenas-pegatinas\/pegatinas-en-hoja\/","name":"Pedir pegatinas en hoja: duraderas, precisas y desde 1 unidad","isPartOf":{"@id":"https:\/\/www.amstelprinting.nl\/es\/#website"},"primaryImageOfPage":{"@id":"https:\/\/www.amstelprinting.nl\/es\/tienda\/pegatinas-e-impresion\/pequenas-pegatinas\/pegatinas-en-hoja\/#primaryimage"},"image":{"@id":"https:\/\/www.amstelprinting.nl\/es\/tienda\/pegatinas-e-impresion\/pequenas-pegatinas\/pegatinas-en-hoja\/#primaryimage"},"thumbnailUrl":"https:\/\/www.amstelprinting.nl\/wp-content\/uploads\/Stickers-op-vel.jpg","datePublished":"2025-01-26T11:33:45+00:00","dateModified":"2026-02-18T11:47:27+00:00","description":"Pida pegatinas en hoja profesionales con impresiones n\u00edtidas y formas flexibles. Ideales para tiradas peque\u00f1as y prototipos.","breadcrumb":{"@id":"https:\/\/www.amstelprinting.nl\/es\/tienda\/pegatinas-e-impresion\/pequenas-pegatinas\/pegatinas-en-hoja\/#breadcrumb"},"inLanguage":"es","potentialAction":[{"@type":"ReadAction","target":["https:\/\/www.amstelprinting.nl\/es\/tienda\/pegatinas-e-impresion\/pequenas-pegatinas\/pegatinas-en-hoja\/"]}]},{"@type":"ImageObject","inLanguage":"es","@id":"https:\/\/www.amstelprinting.nl\/es\/tienda\/pegatinas-e-impresion\/pequenas-pegatinas\/pegatinas-en-hoja\/#primaryimage","url":"https:\/\/www.amstelprinting.nl\/wp-content\/uploads\/Stickers-op-vel.jpg","contentUrl":"https:\/\/www.amstelprinting.nl\/wp-content\/uploads\/Stickers-op-vel.jpg","width":700,"height":700},{"@type":"BreadcrumbList","@id":"https:\/\/www.amstelprinting.nl\/es\/tienda\/pegatinas-e-impresion\/pequenas-pegatinas\/pegatinas-en-hoja\/#breadcrumb","itemListElement":[{"@type":"ListItem","position":1,"name":"","item":"https:\/\/www.amstelprinting.nl\/es\/"},{"@type":"ListItem","position":2,"name":"Amstel Printing","item":"https:\/\/www.amstelprinting.nl\/es\/comercio\/"},{"@type":"ListItem","position":3,"name":"Pegatinas e impresi\u00f3n","item":"https:\/\/www.amstelprinting.nl\/es\/categor\u00eda\/pegatinas-e-impresion\/"},{"@type":"ListItem","position":4,"name":"Peque\u00f1as pegatinas","item":"https:\/\/www.amstelprinting.nl\/es\/categor\u00eda\/pegatinas-e-impresion\/pequenas-pegatinas\/"},{"@type":"ListItem","position":5,"name":"Pegatinas en hoja"}]},{"@type":"WebSite","@id":"https:\/\/www.amstelprinting.nl\/es\/#website","url":"https:\/\/www.amstelprinting.nl\/es\/","name":"Amstel Printing","description":"Creating Exposure","publisher":{"@id":"https:\/\/www.amstelprinting.nl\/es\/#organization"},"potentialAction":[{"@type":"SearchAction","target":{"@type":"EntryPoint","urlTemplate":"https:\/\/www.amstelprinting.nl\/es\/?s={search_term_string}"},"query-input":{"@type":"PropertyValueSpecification","valueRequired":true,"valueName":"search_term_string"}}],"inLanguage":"es"},{"@type":"Organization","@id":"https:\/\/www.amstelprinting.nl\/es\/#organization","name":"Amstel Printing","url":"https:\/\/www.amstelprinting.nl\/es\/","logo":{"@type":"ImageObject","inLanguage":"es","@id":"https:\/\/www.amstelprinting.nl\/es\/#\/schema\/logo\/image\/","url":"https:\/\/www.amstelprinting.nl\/wp-content\/uploads\/amstel_printing_logo_clean.png","contentUrl":"https:\/\/www.amstelprinting.nl\/wp-content\/uploads\/amstel_printing_logo_clean.png","width":324,"height":73,"caption":"Amstel Printing"},"image":{"@id":"https:\/\/www.amstelprinting.nl\/es\/#\/schema\/logo\/image\/"}}]}},"_links":{"self":[{"href":"https:\/\/www.amstelprinting.nl\/es\/wp-json\/wp\/v2\/product\/13582","targetHints":{"allow":["GET"]}}],"collection":[{"href":"https:\/\/www.amstelprinting.nl\/es\/wp-json\/wp\/v2\/product"}],"about":[{"href":"https:\/\/www.amstelprinting.nl\/es\/wp-json\/wp\/v2\/types\/product"}],"wp:featuredmedia":[{"embeddable":true,"href":"https:\/\/www.amstelprinting.nl\/es\/wp-json\/wp\/v2\/media\/13584"}],"wp:attachment":[{"href":"https:\/\/www.amstelprinting.nl\/es\/wp-json\/wp\/v2\/media?parent=13582"}],"wp:term":[{"taxonomy":"product_brand","embeddable":true,"href":"https:\/\/www.amstelprinting.nl\/es\/wp-json\/wp\/v2\/product_brand?post=13582"},{"taxonomy":"product_cat","embeddable":true,"href":"https:\/\/www.amstelprinting.nl\/es\/wp-json\/wp\/v2\/product_cat?post=13582"},{"taxonomy":"product_tag","embeddable":true,"href":"https:\/\/www.amstelprinting.nl\/es\/wp-json\/wp\/v2\/product_tag?post=13582"}],"curies":[{"name":"wp","href":"https:\/\/api.w.org\/{rel}","templated":true}]}}