{"id":13597,"date":"2025-01-24T14:03:33","date_gmt":"2025-01-24T13:03:33","guid":{"rendered":"https:\/\/www.amstelprinting.nl\/winkel\/sin%20categor\u00eda\/acousticpro-bureauscherm\/"},"modified":"2026-02-18T12:47:27","modified_gmt":"2026-02-18T11:47:27","slug":"panel-de-escritorio-acousticpro","status":"publish","type":"product","link":"https:\/\/www.amstelprinting.nl\/es\/tienda\/interior\/oficina\/panel-de-escritorio-acousticpro\/","title":{"rendered":"Panel de escritorio AcousticPro\u00ae"},"content":{"rendered":"<h3>\u00bfPor qu\u00e9 elegir el panel de escritorio AcousticPro\u00ae?<\/h3>\n<ul>\n<li>Divisores de escritorio AcousticPro\u00ae personalizados por ambos lados<\/li>\n<li>Eficaz para el aislamiento y la absorci\u00f3n ac\u00fastica<\/li>\n<li>Se entrega con el marco totalmente montado<\/li>\n<\/ul>\n<p>&nbsp;<\/p>\n<h3>Panel de escritorio AcousticPro\u00ae<\/h3>\n<p>Los divisores de escritorio AcousticPro\u00ae proporcionan el lugar de trabajo ideal. Estos paneles ac\u00fasticos para escritorios reducen la reverberaci\u00f3n en las salas, lo que supone un enorme valor a\u00f1adido, especialmente en oficinas di\u00e1fanas. Mientras que el sonido normalmente rebota de un lado a otro entre los puestos de trabajo, los paneles de escritorio amortiguan el ruido, fomentando as\u00ed la concentraci\u00f3n y la productividad de los empleados.<\/p>\n<h3>Interior personalizado y funcional<\/h3>\n<p>Una ac\u00fastica agradable juega un papel fundamental en la productividad de la oficina. El sonido se amortigua en el espacio protegido, lo que garantiza un entorno de trabajo tranquilo. Gracias a la posibilidad de personalizar los paneles de escritorio por ambos lados, los arquitectos de interiores pueden dar rienda suelta a su creatividad y crear una atm\u00f3sfera \u00fanica.<\/p>\n<h3>Absorci\u00f3n ac\u00fastica de alta calidad<\/h3>\n<p>El material ac\u00fastico est\u00e1 fabricado en un 90% con fibras de algod\u00f3n recicladas, procedentes principalmente de pantalones vaqueros. Estas fibras largas absorben eficazmente las ondas sonoras, reduciendo la reverberaci\u00f3n. Gracias a su estructura y a la combinaci\u00f3n de materiales, el panel tiene un valor \u03b1 de 0,7 en el rango de voz (500-1000 Hz).<\/p>\n<h3>Marco totalmente montado<\/h3>\n<p>La protecci\u00f3n de escritorio AcousticPro\u00ae viene con un marco de aluminio lacado en polvo en blanco o negro, equipado con protectores de esquinas. El revestimiento garantiza una durabilidad adicional. Las impresiones est\u00e1n encoladas de forma permanente y el set se entrega con patas o abrazaderas de escritorio f\u00e1ciles de montar. Los conectores de acoplamiento se pueden pedir por separado.<\/p>\n<h3>Solicite una muestra<\/h3>\n<p>\u00a1Pruebe y experimente el material usted mismo! Dise\u00f1e sus propias muestras AcousticPro\u00ae con un logotipo de empresa o utilice nuestras pr\u00e1cticas plantillas. Su muestra se entregar\u00e1 con un marco negro, perfecto para reuniones de ventas.<\/p>\n","protected":false},"excerpt":{"rendered":"<h3>Divisor de escritorio: Pr\u00e1ctico e insonorizante para lugares de trabajo.<\/h3>\n<p>Los paneles de escritorio AcousticPro\u00ae ofrecen una soluci\u00f3n inteligente y elegante para mejorar la ac\u00fastica en oficinas di\u00e1fanas y otros espacios de trabajo. Estos divisores de escritorio proporcionan aislamiento y absorci\u00f3n ac\u00fastica. Como resultado, el lugar de trabajo se vuelve m\u00e1s tranquilo y aumenta la productividad. Fabricados con un 90% de material de algod\u00f3n reciclado. Los paneles de escritorio se pueden personalizar por completo. Elija entre un acabado brillante o mate. Estos magn\u00edficos divisores de escritorio se entregan completamente montados (con un marco de aluminio lacado en polvo).<\/p>\n","protected":false},"featured_media":13599,"template":"","meta":{"_et_pb_use_builder":"","_et_pb_old_content":"","_et_gb_content_width":""},"product_brand":[],"product_cat":[545,630],"product_tag":[],"class_list":{"0":"post-13597","1":"product","2":"type-product","3":"status-publish","4":"has-post-thumbnail","6":"product_cat-interior","7":"product_cat-oficina","9":"first","10":"instock","11":"taxable","12":"shipping-taxable","13":"purchasable","14":"product-type-simple"},"yoast_head":"<!-- This site is optimized with the Yoast SEO plugin v27.3 - https:\/\/yoast.com\/product\/yoast-seo-wordpress\/ -->\n<title>Panel de escritorio AcousticPro\u00ae | Amstel Printing<\/title>\n<meta name=\"robots\" content=\"index, follow, max-snippet:-1, max-image-preview:large, max-video-preview:-1\" \/>\n<link rel=\"canonical\" href=\"https:\/\/www.amstelprinting.nl\/es\/tienda\/interior\/oficina\/panel-de-escritorio-acousticpro\/\" \/>\n<meta property=\"og:locale\" content=\"es_ES\" \/>\n<meta property=\"og:type\" content=\"article\" \/>\n<meta property=\"og:title\" content=\"Panel de escritorio AcousticPro\u00ae | Amstel Printing\" \/>\n<meta property=\"og:description\" content=\"Divisor de escritorio: Pr\u00e1ctico e insonorizante para lugares de trabajo. Los paneles de escritorio AcousticPro\u00ae ofrecen una soluci\u00f3n inteligente y elegante para mejorar la ac\u00fastica en oficinas di\u00e1fanas y otros espacios de trabajo. Estos divisores de escritorio proporcionan aislamiento y absorci\u00f3n ac\u00fastica. Como resultado, el lugar de trabajo se vuelve m\u00e1s tranquilo y aumenta la productividad. Fabricados con un 90% de material de algod\u00f3n reciclado. Los paneles de escritorio se pueden personalizar por completo. Elija entre un acabado brillante o mate. Estos magn\u00edficos divisores de escritorio se entregan completamente montados (con un marco de aluminio lacado en polvo).\" \/>\n<meta property=\"og:url\" content=\"https:\/\/www.amstelprinting.nl\/es\/tienda\/interior\/oficina\/panel-de-escritorio-acousticpro\/\" \/>\n<meta property=\"og:site_name\" content=\"Amstel Printing\" \/>\n<meta property=\"article:modified_time\" content=\"2026-02-18T11:47:27+00:00\" \/>\n<meta property=\"og:image\" content=\"https:\/\/www.amstelprinting.nl\/wp-content\/uploads\/AcousticPro\u00ae-bureauscherm.jpg\" \/>\n\t<meta property=\"og:image:width\" content=\"700\" \/>\n\t<meta property=\"og:image:height\" content=\"700\" \/>\n\t<meta property=\"og:image:type\" content=\"image\/jpeg\" \/>\n<meta name=\"twitter:card\" content=\"summary_large_image\" \/>\n<meta name=\"twitter:label1\" content=\"Tiempo de lectura\" \/>\n\t<meta name=\"twitter:data1\" content=\"2 minutos\" \/>\n<script type=\"application\/ld+json\" class=\"yoast-schema-graph\">{\"@context\":\"https:\\\/\\\/schema.org\",\"@graph\":[{\"@type\":\"WebPage\",\"@id\":\"https:\\\/\\\/www.amstelprinting.nl\\\/es\\\/tienda\\\/interior\\\/oficina\\\/panel-de-escritorio-acousticpro\\\/\",\"url\":\"https:\\\/\\\/www.amstelprinting.nl\\\/es\\\/tienda\\\/interior\\\/oficina\\\/panel-de-escritorio-acousticpro\\\/\",\"name\":\"Panel de escritorio AcousticPro\u00ae | Amstel Printing\",\"isPartOf\":{\"@id\":\"https:\\\/\\\/www.amstelprinting.nl\\\/es\\\/#website\"},\"primaryImageOfPage\":{\"@id\":\"https:\\\/\\\/www.amstelprinting.nl\\\/es\\\/tienda\\\/interior\\\/oficina\\\/panel-de-escritorio-acousticpro\\\/#primaryimage\"},\"image\":{\"@id\":\"https:\\\/\\\/www.amstelprinting.nl\\\/es\\\/tienda\\\/interior\\\/oficina\\\/panel-de-escritorio-acousticpro\\\/#primaryimage\"},\"thumbnailUrl\":\"https:\\\/\\\/www.amstelprinting.nl\\\/wp-content\\\/uploads\\\/AcousticPro\u00ae-bureauscherm.jpg\",\"datePublished\":\"2025-01-24T13:03:33+00:00\",\"dateModified\":\"2026-02-18T11:47:27+00:00\",\"breadcrumb\":{\"@id\":\"https:\\\/\\\/www.amstelprinting.nl\\\/es\\\/tienda\\\/interior\\\/oficina\\\/panel-de-escritorio-acousticpro\\\/#breadcrumb\"},\"inLanguage\":\"es\",\"potentialAction\":[{\"@type\":\"ReadAction\",\"target\":[\"https:\\\/\\\/www.amstelprinting.nl\\\/es\\\/tienda\\\/interior\\\/oficina\\\/panel-de-escritorio-acousticpro\\\/\"]}]},{\"@type\":\"ImageObject\",\"inLanguage\":\"es\",\"@id\":\"https:\\\/\\\/www.amstelprinting.nl\\\/es\\\/tienda\\\/interior\\\/oficina\\\/panel-de-escritorio-acousticpro\\\/#primaryimage\",\"url\":\"https:\\\/\\\/www.amstelprinting.nl\\\/wp-content\\\/uploads\\\/AcousticPro\u00ae-bureauscherm.jpg\",\"contentUrl\":\"https:\\\/\\\/www.amstelprinting.nl\\\/wp-content\\\/uploads\\\/AcousticPro\u00ae-bureauscherm.jpg\",\"width\":700,\"height\":700},{\"@type\":\"BreadcrumbList\",\"@id\":\"https:\\\/\\\/www.amstelprinting.nl\\\/es\\\/tienda\\\/interior\\\/oficina\\\/panel-de-escritorio-acousticpro\\\/#breadcrumb\",\"itemListElement\":[{\"@type\":\"ListItem\",\"position\":1,\"name\":\"\",\"item\":\"https:\\\/\\\/www.amstelprinting.nl\\\/es\\\/\"},{\"@type\":\"ListItem\",\"position\":2,\"name\":\"Amstel Printing\",\"item\":\"https:\\\/\\\/www.amstelprinting.nl\\\/es\\\/comercio\\\/\"},{\"@type\":\"ListItem\",\"position\":3,\"name\":\"Interior\",\"item\":\"https:\\\/\\\/www.amstelprinting.nl\\\/es\\\/categor\u00eda\\\/interior\\\/\"},{\"@type\":\"ListItem\",\"position\":4,\"name\":\"Oficina\",\"item\":\"https:\\\/\\\/www.amstelprinting.nl\\\/es\\\/categor\u00eda\\\/interior\\\/oficina\\\/\"},{\"@type\":\"ListItem\",\"position\":5,\"name\":\"Panel de escritorio AcousticPro\u00ae\"}]},{\"@type\":\"WebSite\",\"@id\":\"https:\\\/\\\/www.amstelprinting.nl\\\/es\\\/#website\",\"url\":\"https:\\\/\\\/www.amstelprinting.nl\\\/es\\\/\",\"name\":\"Amstel Printing\",\"description\":\"Creating Exposure\",\"publisher\":{\"@id\":\"https:\\\/\\\/www.amstelprinting.nl\\\/es\\\/#organization\"},\"potentialAction\":[{\"@type\":\"SearchAction\",\"target\":{\"@type\":\"EntryPoint\",\"urlTemplate\":\"https:\\\/\\\/www.amstelprinting.nl\\\/es\\\/?s={search_term_string}\"},\"query-input\":{\"@type\":\"PropertyValueSpecification\",\"valueRequired\":true,\"valueName\":\"search_term_string\"}}],\"inLanguage\":\"es\"},{\"@type\":\"Organization\",\"@id\":\"https:\\\/\\\/www.amstelprinting.nl\\\/es\\\/#organization\",\"name\":\"Amstel Printing\",\"url\":\"https:\\\/\\\/www.amstelprinting.nl\\\/es\\\/\",\"logo\":{\"@type\":\"ImageObject\",\"inLanguage\":\"es\",\"@id\":\"https:\\\/\\\/www.amstelprinting.nl\\\/es\\\/#\\\/schema\\\/logo\\\/image\\\/\",\"url\":\"https:\\\/\\\/www.amstelprinting.nl\\\/wp-content\\\/uploads\\\/amstel_printing_logo_clean.png\",\"contentUrl\":\"https:\\\/\\\/www.amstelprinting.nl\\\/wp-content\\\/uploads\\\/amstel_printing_logo_clean.png\",\"width\":324,\"height\":73,\"caption\":\"Amstel Printing\"},\"image\":{\"@id\":\"https:\\\/\\\/www.amstelprinting.nl\\\/es\\\/#\\\/schema\\\/logo\\\/image\\\/\"}}]}<\/script>\n<!-- \/ Yoast SEO plugin. -->","yoast_head_json":{"title":"Panel de escritorio AcousticPro\u00ae | Amstel Printing","robots":{"index":"index","follow":"follow","max-snippet":"max-snippet:-1","max-image-preview":"max-image-preview:large","max-video-preview":"max-video-preview:-1"},"canonical":"https:\/\/www.amstelprinting.nl\/es\/tienda\/interior\/oficina\/panel-de-escritorio-acousticpro\/","og_locale":"es_ES","og_type":"article","og_title":"Panel de escritorio AcousticPro\u00ae | Amstel Printing","og_description":"Divisor de escritorio: Pr\u00e1ctico e insonorizante para lugares de trabajo. Los paneles de escritorio AcousticPro\u00ae ofrecen una soluci\u00f3n inteligente y elegante para mejorar la ac\u00fastica en oficinas di\u00e1fanas y otros espacios de trabajo. Estos divisores de escritorio proporcionan aislamiento y absorci\u00f3n ac\u00fastica. Como resultado, el lugar de trabajo se vuelve m\u00e1s tranquilo y aumenta la productividad. Fabricados con un 90% de material de algod\u00f3n reciclado. Los paneles de escritorio se pueden personalizar por completo. Elija entre un acabado brillante o mate. Estos magn\u00edficos divisores de escritorio se entregan completamente montados (con un marco de aluminio lacado en polvo).","og_url":"https:\/\/www.amstelprinting.nl\/es\/tienda\/interior\/oficina\/panel-de-escritorio-acousticpro\/","og_site_name":"Amstel Printing","article_modified_time":"2026-02-18T11:47:27+00:00","og_image":[{"width":700,"height":700,"url":"https:\/\/www.amstelprinting.nl\/wp-content\/uploads\/AcousticPro\u00ae-bureauscherm.jpg","type":"image\/jpeg"}],"twitter_card":"summary_large_image","twitter_misc":{"Tiempo de lectura":"2 minutos"},"schema":{"@context":"https:\/\/schema.org","@graph":[{"@type":"WebPage","@id":"https:\/\/www.amstelprinting.nl\/es\/tienda\/interior\/oficina\/panel-de-escritorio-acousticpro\/","url":"https:\/\/www.amstelprinting.nl\/es\/tienda\/interior\/oficina\/panel-de-escritorio-acousticpro\/","name":"Panel de escritorio AcousticPro\u00ae | Amstel Printing","isPartOf":{"@id":"https:\/\/www.amstelprinting.nl\/es\/#website"},"primaryImageOfPage":{"@id":"https:\/\/www.amstelprinting.nl\/es\/tienda\/interior\/oficina\/panel-de-escritorio-acousticpro\/#primaryimage"},"image":{"@id":"https:\/\/www.amstelprinting.nl\/es\/tienda\/interior\/oficina\/panel-de-escritorio-acousticpro\/#primaryimage"},"thumbnailUrl":"https:\/\/www.amstelprinting.nl\/wp-content\/uploads\/AcousticPro\u00ae-bureauscherm.jpg","datePublished":"2025-01-24T13:03:33+00:00","dateModified":"2026-02-18T11:47:27+00:00","breadcrumb":{"@id":"https:\/\/www.amstelprinting.nl\/es\/tienda\/interior\/oficina\/panel-de-escritorio-acousticpro\/#breadcrumb"},"inLanguage":"es","potentialAction":[{"@type":"ReadAction","target":["https:\/\/www.amstelprinting.nl\/es\/tienda\/interior\/oficina\/panel-de-escritorio-acousticpro\/"]}]},{"@type":"ImageObject","inLanguage":"es","@id":"https:\/\/www.amstelprinting.nl\/es\/tienda\/interior\/oficina\/panel-de-escritorio-acousticpro\/#primaryimage","url":"https:\/\/www.amstelprinting.nl\/wp-content\/uploads\/AcousticPro\u00ae-bureauscherm.jpg","contentUrl":"https:\/\/www.amstelprinting.nl\/wp-content\/uploads\/AcousticPro\u00ae-bureauscherm.jpg","width":700,"height":700},{"@type":"BreadcrumbList","@id":"https:\/\/www.amstelprinting.nl\/es\/tienda\/interior\/oficina\/panel-de-escritorio-acousticpro\/#breadcrumb","itemListElement":[{"@type":"ListItem","position":1,"name":"","item":"https:\/\/www.amstelprinting.nl\/es\/"},{"@type":"ListItem","position":2,"name":"Amstel Printing","item":"https:\/\/www.amstelprinting.nl\/es\/comercio\/"},{"@type":"ListItem","position":3,"name":"Interior","item":"https:\/\/www.amstelprinting.nl\/es\/categor\u00eda\/interior\/"},{"@type":"ListItem","position":4,"name":"Oficina","item":"https:\/\/www.amstelprinting.nl\/es\/categor\u00eda\/interior\/oficina\/"},{"@type":"ListItem","position":5,"name":"Panel de escritorio AcousticPro\u00ae"}]},{"@type":"WebSite","@id":"https:\/\/www.amstelprinting.nl\/es\/#website","url":"https:\/\/www.amstelprinting.nl\/es\/","name":"Amstel Printing","description":"Creating Exposure","publisher":{"@id":"https:\/\/www.amstelprinting.nl\/es\/#organization"},"potentialAction":[{"@type":"SearchAction","target":{"@type":"EntryPoint","urlTemplate":"https:\/\/www.amstelprinting.nl\/es\/?s={search_term_string}"},"query-input":{"@type":"PropertyValueSpecification","valueRequired":true,"valueName":"search_term_string"}}],"inLanguage":"es"},{"@type":"Organization","@id":"https:\/\/www.amstelprinting.nl\/es\/#organization","name":"Amstel Printing","url":"https:\/\/www.amstelprinting.nl\/es\/","logo":{"@type":"ImageObject","inLanguage":"es","@id":"https:\/\/www.amstelprinting.nl\/es\/#\/schema\/logo\/image\/","url":"https:\/\/www.amstelprinting.nl\/wp-content\/uploads\/amstel_printing_logo_clean.png","contentUrl":"https:\/\/www.amstelprinting.nl\/wp-content\/uploads\/amstel_printing_logo_clean.png","width":324,"height":73,"caption":"Amstel Printing"},"image":{"@id":"https:\/\/www.amstelprinting.nl\/es\/#\/schema\/logo\/image\/"}}]}},"_links":{"self":[{"href":"https:\/\/www.amstelprinting.nl\/es\/wp-json\/wp\/v2\/product\/13597","targetHints":{"allow":["GET"]}}],"collection":[{"href":"https:\/\/www.amstelprinting.nl\/es\/wp-json\/wp\/v2\/product"}],"about":[{"href":"https:\/\/www.amstelprinting.nl\/es\/wp-json\/wp\/v2\/types\/product"}],"wp:featuredmedia":[{"embeddable":true,"href":"https:\/\/www.amstelprinting.nl\/es\/wp-json\/wp\/v2\/media\/13599"}],"wp:attachment":[{"href":"https:\/\/www.amstelprinting.nl\/es\/wp-json\/wp\/v2\/media?parent=13597"}],"wp:term":[{"taxonomy":"product_brand","embeddable":true,"href":"https:\/\/www.amstelprinting.nl\/es\/wp-json\/wp\/v2\/product_brand?post=13597"},{"taxonomy":"product_cat","embeddable":true,"href":"https:\/\/www.amstelprinting.nl\/es\/wp-json\/wp\/v2\/product_cat?post=13597"},{"taxonomy":"product_tag","embeddable":true,"href":"https:\/\/www.amstelprinting.nl\/es\/wp-json\/wp\/v2\/product_tag?post=13597"}],"curies":[{"name":"wp","href":"https:\/\/api.w.org\/{rel}","templated":true}]}}