{"id":13612,"date":"2025-01-24T14:02:31","date_gmt":"2025-01-24T13:02:31","guid":{"rendered":"https:\/\/www.amstelprinting.nl\/winkel\/sin%20categor\u00eda\/acousticpro-roomdivider\/"},"modified":"2026-02-18T12:47:28","modified_gmt":"2026-02-18T11:47:28","slug":"separador-de-ambientes-acousticpro","status":"publish","type":"product","link":"https:\/\/www.amstelprinting.nl\/es\/tienda\/interior\/oficina\/separador-de-ambientes-acousticpro\/","title":{"rendered":"Separador de ambientes AcousticPro\u00ae"},"content":{"rendered":"<h3>Ventajas<\/h3>\n<ul>\n<li>Separadores de ambientes personalizados por ambos lados<\/li>\n<li>Disponible en versi\u00f3n de pie o m\u00f3vil<\/li>\n<li>Determina t\u00fa mismo el tama\u00f1o<\/li>\n<li>Para el aislamiento y la absorci\u00f3n ac\u00fastica<\/li>\n<li>Marco totalmente montado<\/li>\n<\/ul>\n<p>&nbsp;<\/p>\n<h3>Separador de ambientes AcousticPro\u00ae<\/h3>\n<p>Los separadores de ambientes AcousticPro\u00ae son la soluci\u00f3n ideal para crear un espacio de trabajo o reuni\u00f3n tranquilo y privado. Un interior &#8216;duro&#8217; puede causar una reverberaci\u00f3n no deseada, lo que puede provocar irritaci\u00f3n y fatiga. Con los divisores AcousticPro\u00ae, reducir\u00e1 la contaminaci\u00f3n ac\u00fastica y garantizar\u00e1 una mayor privacidad. Adem\u00e1s, puede personalizar estos divisores completamente por ambos lados, lo que los convierte no solo en funcionales, sino tambi\u00e9n en un complemento elegante para su interior.<\/p>\n<h3>Para un interior personalizado y funcional<\/h3>\n<p>Una buena ac\u00fastica contribuye a un entorno de trabajo agradable y aumenta la productividad. Ya sea que desee dividir un espacio en una oficina o proteger un lugar de trabajo para tener m\u00e1s privacidad, los separadores de ambientes AcousticPro\u00ae ofrecen la soluci\u00f3n perfecta. Tambi\u00e9n en espacios p\u00fablicos como restaurantes, museos o teatros, estos divisores garantizan una mejor ac\u00fastica, lo que aumenta el confort de los visitantes. Los sonidos permanecen en el espacio protegido y se amortiguan de forma eficaz.<\/p>\n<h3>De pie o m\u00f3vil, en cualquier tama\u00f1o deseado<\/h3>\n<p>Elija entre divisores de pie o m\u00f3viles, con un tama\u00f1o m\u00e1ximo de 125 x 230 cm. Los paneles de pie son conectables, lo que le permite dividir un espacio m\u00e1s grande. Nos aseguramos de que los divisores encajen perfectamente entre s\u00ed. Puede pedir piezas de conexi\u00f3n (rectas, en esquina o en forma de T) por separado f\u00e1cilmente.<\/p>\n<h3>Alta absorci\u00f3n ac\u00fastica<\/h3>\n<p>Nuestros separadores de ambientes est\u00e1n fabricados con un material ac\u00fastico compuesto en un 90% por fibras de algod\u00f3n recicladas de pantalones vaqueros. Estas fibras largas absorben las ondas sonoras, lo que reduce significativamente la reverberaci\u00f3n. Gracias a los materiales y a la estructura de los divisores, presentan un valor \u03b1 de 0,7 dentro del rango de voz (500-1000 Hz), lo que garantiza una excelente absorci\u00f3n ac\u00fastica.<\/p>\n","protected":false},"excerpt":{"rendered":"<h3>Separador de ambientes &#8211; Privacidad para el espacio de trabajo o de vida.<\/h3>\n<p>Los separadores de ambientes AcousticPro\u00ae ofrecen una soluci\u00f3n innovadora para mejorar la ac\u00fastica y crear privacidad en su espacio de trabajo o de vida. Fabricados con material de algod\u00f3n reciclado, estos divisores ofrecen tanto aislamiento ac\u00fastico como un acabado elegante y personalizado en ambos lados. Disponibles en versi\u00f3n de pie o m\u00f3vil y en varios tama\u00f1os. Perfectos tanto para oficinas como para espacios p\u00fablicos. Gracias a su alta absorci\u00f3n ac\u00fastica y a la posibilidad de organizar los espacios a medida, este producto contribuye a un entorno tranquilo, productivo y agradable.<\/p>\n","protected":false},"featured_media":13614,"template":"","meta":{"_et_pb_use_builder":"","_et_pb_old_content":"","_et_gb_content_width":""},"product_brand":[],"product_cat":[545,630],"product_tag":[],"class_list":{"0":"post-13612","1":"product","2":"type-product","3":"status-publish","4":"has-post-thumbnail","6":"product_cat-interior","7":"product_cat-oficina","9":"first","10":"instock","11":"taxable","12":"shipping-taxable","13":"purchasable","14":"product-type-simple"},"yoast_head":"<!-- This site is optimized with the Yoast SEO plugin v27.3 - https:\/\/yoast.com\/product\/yoast-seo-wordpress\/ -->\n<title>Separador de ambientes AcousticPro\u00ae | Amstel Printing<\/title>\n<meta name=\"robots\" content=\"index, follow, max-snippet:-1, max-image-preview:large, max-video-preview:-1\" \/>\n<link rel=\"canonical\" href=\"https:\/\/www.amstelprinting.nl\/es\/tienda\/interior\/oficina\/separador-de-ambientes-acousticpro\/\" \/>\n<meta property=\"og:locale\" content=\"es_ES\" \/>\n<meta property=\"og:type\" content=\"article\" \/>\n<meta property=\"og:title\" content=\"Separador de ambientes AcousticPro\u00ae | Amstel Printing\" \/>\n<meta property=\"og:description\" content=\"Separador de ambientes - Privacidad para el espacio de trabajo o de vida. Los separadores de ambientes AcousticPro\u00ae ofrecen una soluci\u00f3n innovadora para mejorar la ac\u00fastica y crear privacidad en su espacio de trabajo o de vida. Fabricados con material de algod\u00f3n reciclado, estos divisores ofrecen tanto aislamiento ac\u00fastico como un acabado elegante y personalizado en ambos lados. Disponibles en versi\u00f3n de pie o m\u00f3vil y en varios tama\u00f1os. Perfectos tanto para oficinas como para espacios p\u00fablicos. Gracias a su alta absorci\u00f3n ac\u00fastica y a la posibilidad de organizar los espacios a medida, este producto contribuye a un entorno tranquilo, productivo y agradable.\" \/>\n<meta property=\"og:url\" content=\"https:\/\/www.amstelprinting.nl\/es\/tienda\/interior\/oficina\/separador-de-ambientes-acousticpro\/\" \/>\n<meta property=\"og:site_name\" content=\"Amstel Printing\" \/>\n<meta property=\"article:modified_time\" content=\"2026-02-18T11:47:28+00:00\" \/>\n<meta property=\"og:image\" content=\"https:\/\/www.amstelprinting.nl\/wp-content\/uploads\/AcousticPro\u00ae-roomdivider8.jpg\" \/>\n\t<meta property=\"og:image:width\" content=\"700\" \/>\n\t<meta property=\"og:image:height\" content=\"700\" \/>\n\t<meta property=\"og:image:type\" content=\"image\/jpeg\" \/>\n<meta name=\"twitter:card\" content=\"summary_large_image\" \/>\n<meta name=\"twitter:label1\" content=\"Tiempo de lectura\" \/>\n\t<meta name=\"twitter:data1\" content=\"2 minutos\" \/>\n<script type=\"application\/ld+json\" class=\"yoast-schema-graph\">{\"@context\":\"https:\\\/\\\/schema.org\",\"@graph\":[{\"@type\":\"WebPage\",\"@id\":\"https:\\\/\\\/www.amstelprinting.nl\\\/es\\\/tienda\\\/interior\\\/oficina\\\/separador-de-ambientes-acousticpro\\\/\",\"url\":\"https:\\\/\\\/www.amstelprinting.nl\\\/es\\\/tienda\\\/interior\\\/oficina\\\/separador-de-ambientes-acousticpro\\\/\",\"name\":\"Separador de ambientes AcousticPro\u00ae | Amstel Printing\",\"isPartOf\":{\"@id\":\"https:\\\/\\\/www.amstelprinting.nl\\\/es\\\/#website\"},\"primaryImageOfPage\":{\"@id\":\"https:\\\/\\\/www.amstelprinting.nl\\\/es\\\/tienda\\\/interior\\\/oficina\\\/separador-de-ambientes-acousticpro\\\/#primaryimage\"},\"image\":{\"@id\":\"https:\\\/\\\/www.amstelprinting.nl\\\/es\\\/tienda\\\/interior\\\/oficina\\\/separador-de-ambientes-acousticpro\\\/#primaryimage\"},\"thumbnailUrl\":\"https:\\\/\\\/www.amstelprinting.nl\\\/wp-content\\\/uploads\\\/AcousticPro\u00ae-roomdivider8.jpg\",\"datePublished\":\"2025-01-24T13:02:31+00:00\",\"dateModified\":\"2026-02-18T11:47:28+00:00\",\"breadcrumb\":{\"@id\":\"https:\\\/\\\/www.amstelprinting.nl\\\/es\\\/tienda\\\/interior\\\/oficina\\\/separador-de-ambientes-acousticpro\\\/#breadcrumb\"},\"inLanguage\":\"es\",\"potentialAction\":[{\"@type\":\"ReadAction\",\"target\":[\"https:\\\/\\\/www.amstelprinting.nl\\\/es\\\/tienda\\\/interior\\\/oficina\\\/separador-de-ambientes-acousticpro\\\/\"]}]},{\"@type\":\"ImageObject\",\"inLanguage\":\"es\",\"@id\":\"https:\\\/\\\/www.amstelprinting.nl\\\/es\\\/tienda\\\/interior\\\/oficina\\\/separador-de-ambientes-acousticpro\\\/#primaryimage\",\"url\":\"https:\\\/\\\/www.amstelprinting.nl\\\/wp-content\\\/uploads\\\/AcousticPro\u00ae-roomdivider8.jpg\",\"contentUrl\":\"https:\\\/\\\/www.amstelprinting.nl\\\/wp-content\\\/uploads\\\/AcousticPro\u00ae-roomdivider8.jpg\",\"width\":700,\"height\":700},{\"@type\":\"BreadcrumbList\",\"@id\":\"https:\\\/\\\/www.amstelprinting.nl\\\/es\\\/tienda\\\/interior\\\/oficina\\\/separador-de-ambientes-acousticpro\\\/#breadcrumb\",\"itemListElement\":[{\"@type\":\"ListItem\",\"position\":1,\"name\":\"\",\"item\":\"https:\\\/\\\/www.amstelprinting.nl\\\/es\\\/\"},{\"@type\":\"ListItem\",\"position\":2,\"name\":\"Amstel Printing\",\"item\":\"https:\\\/\\\/www.amstelprinting.nl\\\/es\\\/comercio\\\/\"},{\"@type\":\"ListItem\",\"position\":3,\"name\":\"Interior\",\"item\":\"https:\\\/\\\/www.amstelprinting.nl\\\/es\\\/categor\u00eda\\\/interior\\\/\"},{\"@type\":\"ListItem\",\"position\":4,\"name\":\"Oficina\",\"item\":\"https:\\\/\\\/www.amstelprinting.nl\\\/es\\\/categor\u00eda\\\/interior\\\/oficina\\\/\"},{\"@type\":\"ListItem\",\"position\":5,\"name\":\"Separador de ambientes AcousticPro\u00ae\"}]},{\"@type\":\"WebSite\",\"@id\":\"https:\\\/\\\/www.amstelprinting.nl\\\/es\\\/#website\",\"url\":\"https:\\\/\\\/www.amstelprinting.nl\\\/es\\\/\",\"name\":\"Amstel Printing\",\"description\":\"Creating Exposure\",\"publisher\":{\"@id\":\"https:\\\/\\\/www.amstelprinting.nl\\\/es\\\/#organization\"},\"potentialAction\":[{\"@type\":\"SearchAction\",\"target\":{\"@type\":\"EntryPoint\",\"urlTemplate\":\"https:\\\/\\\/www.amstelprinting.nl\\\/es\\\/?s={search_term_string}\"},\"query-input\":{\"@type\":\"PropertyValueSpecification\",\"valueRequired\":true,\"valueName\":\"search_term_string\"}}],\"inLanguage\":\"es\"},{\"@type\":\"Organization\",\"@id\":\"https:\\\/\\\/www.amstelprinting.nl\\\/es\\\/#organization\",\"name\":\"Amstel Printing\",\"url\":\"https:\\\/\\\/www.amstelprinting.nl\\\/es\\\/\",\"logo\":{\"@type\":\"ImageObject\",\"inLanguage\":\"es\",\"@id\":\"https:\\\/\\\/www.amstelprinting.nl\\\/es\\\/#\\\/schema\\\/logo\\\/image\\\/\",\"url\":\"https:\\\/\\\/www.amstelprinting.nl\\\/wp-content\\\/uploads\\\/amstel_printing_logo_clean.png\",\"contentUrl\":\"https:\\\/\\\/www.amstelprinting.nl\\\/wp-content\\\/uploads\\\/amstel_printing_logo_clean.png\",\"width\":324,\"height\":73,\"caption\":\"Amstel Printing\"},\"image\":{\"@id\":\"https:\\\/\\\/www.amstelprinting.nl\\\/es\\\/#\\\/schema\\\/logo\\\/image\\\/\"}}]}<\/script>\n<!-- \/ Yoast SEO plugin. -->","yoast_head_json":{"title":"Separador de ambientes AcousticPro\u00ae | Amstel Printing","robots":{"index":"index","follow":"follow","max-snippet":"max-snippet:-1","max-image-preview":"max-image-preview:large","max-video-preview":"max-video-preview:-1"},"canonical":"https:\/\/www.amstelprinting.nl\/es\/tienda\/interior\/oficina\/separador-de-ambientes-acousticpro\/","og_locale":"es_ES","og_type":"article","og_title":"Separador de ambientes AcousticPro\u00ae | Amstel Printing","og_description":"Separador de ambientes - Privacidad para el espacio de trabajo o de vida. Los separadores de ambientes AcousticPro\u00ae ofrecen una soluci\u00f3n innovadora para mejorar la ac\u00fastica y crear privacidad en su espacio de trabajo o de vida. Fabricados con material de algod\u00f3n reciclado, estos divisores ofrecen tanto aislamiento ac\u00fastico como un acabado elegante y personalizado en ambos lados. Disponibles en versi\u00f3n de pie o m\u00f3vil y en varios tama\u00f1os. Perfectos tanto para oficinas como para espacios p\u00fablicos. Gracias a su alta absorci\u00f3n ac\u00fastica y a la posibilidad de organizar los espacios a medida, este producto contribuye a un entorno tranquilo, productivo y agradable.","og_url":"https:\/\/www.amstelprinting.nl\/es\/tienda\/interior\/oficina\/separador-de-ambientes-acousticpro\/","og_site_name":"Amstel Printing","article_modified_time":"2026-02-18T11:47:28+00:00","og_image":[{"width":700,"height":700,"url":"https:\/\/www.amstelprinting.nl\/wp-content\/uploads\/AcousticPro\u00ae-roomdivider8.jpg","type":"image\/jpeg"}],"twitter_card":"summary_large_image","twitter_misc":{"Tiempo de lectura":"2 minutos"},"schema":{"@context":"https:\/\/schema.org","@graph":[{"@type":"WebPage","@id":"https:\/\/www.amstelprinting.nl\/es\/tienda\/interior\/oficina\/separador-de-ambientes-acousticpro\/","url":"https:\/\/www.amstelprinting.nl\/es\/tienda\/interior\/oficina\/separador-de-ambientes-acousticpro\/","name":"Separador de ambientes AcousticPro\u00ae | Amstel Printing","isPartOf":{"@id":"https:\/\/www.amstelprinting.nl\/es\/#website"},"primaryImageOfPage":{"@id":"https:\/\/www.amstelprinting.nl\/es\/tienda\/interior\/oficina\/separador-de-ambientes-acousticpro\/#primaryimage"},"image":{"@id":"https:\/\/www.amstelprinting.nl\/es\/tienda\/interior\/oficina\/separador-de-ambientes-acousticpro\/#primaryimage"},"thumbnailUrl":"https:\/\/www.amstelprinting.nl\/wp-content\/uploads\/AcousticPro\u00ae-roomdivider8.jpg","datePublished":"2025-01-24T13:02:31+00:00","dateModified":"2026-02-18T11:47:28+00:00","breadcrumb":{"@id":"https:\/\/www.amstelprinting.nl\/es\/tienda\/interior\/oficina\/separador-de-ambientes-acousticpro\/#breadcrumb"},"inLanguage":"es","potentialAction":[{"@type":"ReadAction","target":["https:\/\/www.amstelprinting.nl\/es\/tienda\/interior\/oficina\/separador-de-ambientes-acousticpro\/"]}]},{"@type":"ImageObject","inLanguage":"es","@id":"https:\/\/www.amstelprinting.nl\/es\/tienda\/interior\/oficina\/separador-de-ambientes-acousticpro\/#primaryimage","url":"https:\/\/www.amstelprinting.nl\/wp-content\/uploads\/AcousticPro\u00ae-roomdivider8.jpg","contentUrl":"https:\/\/www.amstelprinting.nl\/wp-content\/uploads\/AcousticPro\u00ae-roomdivider8.jpg","width":700,"height":700},{"@type":"BreadcrumbList","@id":"https:\/\/www.amstelprinting.nl\/es\/tienda\/interior\/oficina\/separador-de-ambientes-acousticpro\/#breadcrumb","itemListElement":[{"@type":"ListItem","position":1,"name":"","item":"https:\/\/www.amstelprinting.nl\/es\/"},{"@type":"ListItem","position":2,"name":"Amstel Printing","item":"https:\/\/www.amstelprinting.nl\/es\/comercio\/"},{"@type":"ListItem","position":3,"name":"Interior","item":"https:\/\/www.amstelprinting.nl\/es\/categor\u00eda\/interior\/"},{"@type":"ListItem","position":4,"name":"Oficina","item":"https:\/\/www.amstelprinting.nl\/es\/categor\u00eda\/interior\/oficina\/"},{"@type":"ListItem","position":5,"name":"Separador de ambientes AcousticPro\u00ae"}]},{"@type":"WebSite","@id":"https:\/\/www.amstelprinting.nl\/es\/#website","url":"https:\/\/www.amstelprinting.nl\/es\/","name":"Amstel Printing","description":"Creating Exposure","publisher":{"@id":"https:\/\/www.amstelprinting.nl\/es\/#organization"},"potentialAction":[{"@type":"SearchAction","target":{"@type":"EntryPoint","urlTemplate":"https:\/\/www.amstelprinting.nl\/es\/?s={search_term_string}"},"query-input":{"@type":"PropertyValueSpecification","valueRequired":true,"valueName":"search_term_string"}}],"inLanguage":"es"},{"@type":"Organization","@id":"https:\/\/www.amstelprinting.nl\/es\/#organization","name":"Amstel Printing","url":"https:\/\/www.amstelprinting.nl\/es\/","logo":{"@type":"ImageObject","inLanguage":"es","@id":"https:\/\/www.amstelprinting.nl\/es\/#\/schema\/logo\/image\/","url":"https:\/\/www.amstelprinting.nl\/wp-content\/uploads\/amstel_printing_logo_clean.png","contentUrl":"https:\/\/www.amstelprinting.nl\/wp-content\/uploads\/amstel_printing_logo_clean.png","width":324,"height":73,"caption":"Amstel Printing"},"image":{"@id":"https:\/\/www.amstelprinting.nl\/es\/#\/schema\/logo\/image\/"}}]}},"_links":{"self":[{"href":"https:\/\/www.amstelprinting.nl\/es\/wp-json\/wp\/v2\/product\/13612","targetHints":{"allow":["GET"]}}],"collection":[{"href":"https:\/\/www.amstelprinting.nl\/es\/wp-json\/wp\/v2\/product"}],"about":[{"href":"https:\/\/www.amstelprinting.nl\/es\/wp-json\/wp\/v2\/types\/product"}],"wp:featuredmedia":[{"embeddable":true,"href":"https:\/\/www.amstelprinting.nl\/es\/wp-json\/wp\/v2\/media\/13614"}],"wp:attachment":[{"href":"https:\/\/www.amstelprinting.nl\/es\/wp-json\/wp\/v2\/media?parent=13612"}],"wp:term":[{"taxonomy":"product_brand","embeddable":true,"href":"https:\/\/www.amstelprinting.nl\/es\/wp-json\/wp\/v2\/product_brand?post=13612"},{"taxonomy":"product_cat","embeddable":true,"href":"https:\/\/www.amstelprinting.nl\/es\/wp-json\/wp\/v2\/product_cat?post=13612"},{"taxonomy":"product_tag","embeddable":true,"href":"https:\/\/www.amstelprinting.nl\/es\/wp-json\/wp\/v2\/product_tag?post=13612"}],"curies":[{"name":"wp","href":"https:\/\/api.w.org\/{rel}","templated":true}]}}