{"id":13623,"date":"2025-01-24T12:27:04","date_gmt":"2025-01-24T11:27:04","guid":{"rendered":"https:\/\/www.amstelprinting.nl\/winkel\/sin%20categor\u00eda\/bouwhekdoek-eigen-formaat\/"},"modified":"2026-02-18T12:47:28","modified_gmt":"2026-02-18T11:47:28","slug":"lona-para-valla-de-obra-tamano-personalizado","status":"publish","type":"product","link":"https:\/\/www.amstelprinting.nl\/es\/tienda\/publicidad-exterior\/construccion-y-propiedad\/lona-para-valla-de-obra-tamano-personalizado\/","title":{"rendered":"Lona para valla de obra &#8211; tama\u00f1o personalizado"},"content":{"rendered":"<h3>Elija el material adecuado<\/h3>\n<p>Nuestras lonas para vallas de obra est\u00e1n disponibles en seis materiales diversos:<\/p>\n<ul>\n<li><strong>Banner 510<\/strong>: lona de PVC con un aspecto brillante, apta para uso en interiores y exteriores.<\/li>\n<li><strong>Lona Mesh<\/strong>: lona de PVC transpirable con una estructura de malla, ideal para lugares con mucho viento.<\/li>\n<li><strong>ProPES Outdoor<\/strong>: tejido textil de poli\u00e9ster ligero con revestimiento repelente al agua, perfecto para un uso prolongado en exteriores.<\/li>\n<li><strong>ProPES FR<\/strong>: tejido textil de poli\u00e9ster con revestimiento retardante de llama, garantiza la seguridad en cualquier situaci\u00f3n.<\/li>\n<li><strong>Flag<\/strong>: lona de poli\u00e9ster con alta transparencia, ideal para aplicaciones temporales con una vida \u00fatil de hasta cuatro meses.<\/li>\n<li><strong>Flag PET<\/strong>: opci\u00f3n respetuosa con el medio ambiente fabricada a partir de botellas PET 100 % recicladas.<\/li>\n<\/ul>\n<p>&nbsp;<\/p>\n<h3>Material de fijaci\u00f3n para lonas de vallas de obra<\/h3>\n<p>Para fijar su lona de valla de obra de la manera correcta (y con estilo), puede solicitar opcionalmente material de fijaci\u00f3n.<\/p>\n<h3>Preguntas frecuentes sobre lonas de vallas de obra en tama\u00f1o personalizado<\/h3>\n<p><strong>\u00bfC\u00f3mo se embala la lona para valla de obra a medida?<\/strong><br \/>\nLas lonas para vallas de obra se embalan en rollos. Para proteger el material, la lona se enrolla en pl\u00e1stico de burbujas y papel kraft.<\/p>\n<p><strong>\u00bfQu\u00e9 material dura m\u00e1s tiempo?<br \/>\n<\/strong>Todos nuestros materiales est\u00e1n dise\u00f1ados para su uso en exteriores. Si necesita un material que sea resistente al viento, le recomendamos la lona Mesh. Es un material perforado que permite que el viento pase f\u00e1cilmente.<\/p>\n<p><strong>\u00bfCu\u00e1l es la mejor forma de limpiar una lona de valla de obra?<\/strong><br \/>\nLa lona se limpia mejor con agua tibia y un pa\u00f1o de microfibra. Se desaconseja el uso de productos de limpieza, ya que podr\u00edan da\u00f1ar la tinta.<\/p>\n","protected":false},"excerpt":{"rendered":"<p>Descubra nuestras vers\u00e1tiles lonas para vallas de obra, perfectas para delimitar \u00e1reas y transmitir su mensaje de manera efectiva. Ideales para obras de construcci\u00f3n o eventos, estas lonas ofrecen una excelente combinaci\u00f3n de funcionalidad e impacto visual. Elija un ancho entre 330 y 340 cm y una altura entre 170 e 178 cm. La lona para valla de obra cuenta con ojales cada 50 cm para una fijaci\u00f3n sencilla y estabilidad.<\/p>\n","protected":false},"featured_media":13624,"template":"","meta":{"_et_pb_use_builder":"","_et_pb_old_content":"","_et_gb_content_width":""},"product_brand":[],"product_cat":[455,475,450],"product_tag":[],"class_list":{"0":"post-13623","1":"product","2":"type-product","3":"status-publish","4":"has-post-thumbnail","6":"product_cat-construccion-y-propiedad","7":"product_cat-pancartas","8":"product_cat-publicidad-exterior","10":"first","11":"instock","12":"taxable","13":"shipping-taxable","14":"purchasable","15":"product-type-simple"},"yoast_head":"<!-- This site is optimized with the Yoast SEO plugin v27.3 - https:\/\/yoast.com\/product\/yoast-seo-wordpress\/ -->\n<title>Lona para valla de obra - tama\u00f1o personalizado | Amstel Printing<\/title>\n<meta name=\"robots\" content=\"index, follow, max-snippet:-1, max-image-preview:large, max-video-preview:-1\" \/>\n<link rel=\"canonical\" href=\"https:\/\/www.amstelprinting.nl\/es\/tienda\/publicidad-exterior\/construccion-y-propiedad\/lona-para-valla-de-obra-tamano-personalizado\/\" \/>\n<meta property=\"og:locale\" content=\"es_ES\" \/>\n<meta property=\"og:type\" content=\"article\" \/>\n<meta property=\"og:title\" content=\"Lona para valla de obra - tama\u00f1o personalizado | Amstel Printing\" \/>\n<meta property=\"og:description\" content=\"Descubra nuestras vers\u00e1tiles lonas para vallas de obra, perfectas para delimitar \u00e1reas y transmitir su mensaje de manera efectiva. Ideales para obras de construcci\u00f3n o eventos, estas lonas ofrecen una excelente combinaci\u00f3n de funcionalidad e impacto visual. Elija un ancho entre 330 y 340 cm y una altura entre 170 e 178 cm. La lona para valla de obra cuenta con ojales cada 50 cm para una fijaci\u00f3n sencilla y estabilidad.\" \/>\n<meta property=\"og:url\" content=\"https:\/\/www.amstelprinting.nl\/es\/tienda\/publicidad-exterior\/construccion-y-propiedad\/lona-para-valla-de-obra-tamano-personalizado\/\" \/>\n<meta property=\"og:site_name\" content=\"Amstel Printing\" \/>\n<meta property=\"article:modified_time\" content=\"2026-02-18T11:47:28+00:00\" \/>\n<meta property=\"og:image\" content=\"https:\/\/www.amstelprinting.nl\/wp-content\/uploads\/bouwhekdoek-bedrukken-3.png\" \/>\n\t<meta property=\"og:image:width\" content=\"900\" \/>\n\t<meta property=\"og:image:height\" content=\"900\" \/>\n\t<meta property=\"og:image:type\" content=\"image\/png\" \/>\n<meta name=\"twitter:card\" content=\"summary_large_image\" \/>\n<meta name=\"twitter:label1\" content=\"Tiempo de lectura\" \/>\n\t<meta name=\"twitter:data1\" content=\"1 minuto\" \/>\n<script type=\"application\/ld+json\" class=\"yoast-schema-graph\">{\"@context\":\"https:\\\/\\\/schema.org\",\"@graph\":[{\"@type\":\"WebPage\",\"@id\":\"https:\\\/\\\/www.amstelprinting.nl\\\/es\\\/tienda\\\/publicidad-exterior\\\/construccion-y-propiedad\\\/lona-para-valla-de-obra-tamano-personalizado\\\/\",\"url\":\"https:\\\/\\\/www.amstelprinting.nl\\\/es\\\/tienda\\\/publicidad-exterior\\\/construccion-y-propiedad\\\/lona-para-valla-de-obra-tamano-personalizado\\\/\",\"name\":\"Lona para valla de obra - tama\u00f1o personalizado | Amstel Printing\",\"isPartOf\":{\"@id\":\"https:\\\/\\\/www.amstelprinting.nl\\\/es\\\/#website\"},\"primaryImageOfPage\":{\"@id\":\"https:\\\/\\\/www.amstelprinting.nl\\\/es\\\/tienda\\\/publicidad-exterior\\\/construccion-y-propiedad\\\/lona-para-valla-de-obra-tamano-personalizado\\\/#primaryimage\"},\"image\":{\"@id\":\"https:\\\/\\\/www.amstelprinting.nl\\\/es\\\/tienda\\\/publicidad-exterior\\\/construccion-y-propiedad\\\/lona-para-valla-de-obra-tamano-personalizado\\\/#primaryimage\"},\"thumbnailUrl\":\"https:\\\/\\\/www.amstelprinting.nl\\\/wp-content\\\/uploads\\\/bouwhekdoek-bedrukken-3.png\",\"datePublished\":\"2025-01-24T11:27:04+00:00\",\"dateModified\":\"2026-02-18T11:47:28+00:00\",\"breadcrumb\":{\"@id\":\"https:\\\/\\\/www.amstelprinting.nl\\\/es\\\/tienda\\\/publicidad-exterior\\\/construccion-y-propiedad\\\/lona-para-valla-de-obra-tamano-personalizado\\\/#breadcrumb\"},\"inLanguage\":\"es\",\"potentialAction\":[{\"@type\":\"ReadAction\",\"target\":[\"https:\\\/\\\/www.amstelprinting.nl\\\/es\\\/tienda\\\/publicidad-exterior\\\/construccion-y-propiedad\\\/lona-para-valla-de-obra-tamano-personalizado\\\/\"]}]},{\"@type\":\"ImageObject\",\"inLanguage\":\"es\",\"@id\":\"https:\\\/\\\/www.amstelprinting.nl\\\/es\\\/tienda\\\/publicidad-exterior\\\/construccion-y-propiedad\\\/lona-para-valla-de-obra-tamano-personalizado\\\/#primaryimage\",\"url\":\"https:\\\/\\\/www.amstelprinting.nl\\\/wp-content\\\/uploads\\\/bouwhekdoek-bedrukken-3.png\",\"contentUrl\":\"https:\\\/\\\/www.amstelprinting.nl\\\/wp-content\\\/uploads\\\/bouwhekdoek-bedrukken-3.png\",\"width\":900,\"height\":900},{\"@type\":\"BreadcrumbList\",\"@id\":\"https:\\\/\\\/www.amstelprinting.nl\\\/es\\\/tienda\\\/publicidad-exterior\\\/construccion-y-propiedad\\\/lona-para-valla-de-obra-tamano-personalizado\\\/#breadcrumb\",\"itemListElement\":[{\"@type\":\"ListItem\",\"position\":1,\"name\":\"\",\"item\":\"https:\\\/\\\/www.amstelprinting.nl\\\/es\\\/\"},{\"@type\":\"ListItem\",\"position\":2,\"name\":\"Amstel Printing\",\"item\":\"https:\\\/\\\/www.amstelprinting.nl\\\/es\\\/comercio\\\/\"},{\"@type\":\"ListItem\",\"position\":3,\"name\":\"Publicidad exterior\",\"item\":\"https:\\\/\\\/www.amstelprinting.nl\\\/es\\\/categor\u00eda\\\/publicidad-exterior\\\/\"},{\"@type\":\"ListItem\",\"position\":4,\"name\":\"Construcci\u00f3n y propiedad\",\"item\":\"https:\\\/\\\/www.amstelprinting.nl\\\/es\\\/categor\u00eda\\\/publicidad-exterior\\\/construccion-y-propiedad\\\/\"},{\"@type\":\"ListItem\",\"position\":5,\"name\":\"Lona para valla de obra &#8211; tama\u00f1o personalizado\"}]},{\"@type\":\"WebSite\",\"@id\":\"https:\\\/\\\/www.amstelprinting.nl\\\/es\\\/#website\",\"url\":\"https:\\\/\\\/www.amstelprinting.nl\\\/es\\\/\",\"name\":\"Amstel Printing\",\"description\":\"Creating Exposure\",\"publisher\":{\"@id\":\"https:\\\/\\\/www.amstelprinting.nl\\\/es\\\/#organization\"},\"potentialAction\":[{\"@type\":\"SearchAction\",\"target\":{\"@type\":\"EntryPoint\",\"urlTemplate\":\"https:\\\/\\\/www.amstelprinting.nl\\\/es\\\/?s={search_term_string}\"},\"query-input\":{\"@type\":\"PropertyValueSpecification\",\"valueRequired\":true,\"valueName\":\"search_term_string\"}}],\"inLanguage\":\"es\"},{\"@type\":\"Organization\",\"@id\":\"https:\\\/\\\/www.amstelprinting.nl\\\/es\\\/#organization\",\"name\":\"Amstel Printing\",\"url\":\"https:\\\/\\\/www.amstelprinting.nl\\\/es\\\/\",\"logo\":{\"@type\":\"ImageObject\",\"inLanguage\":\"es\",\"@id\":\"https:\\\/\\\/www.amstelprinting.nl\\\/es\\\/#\\\/schema\\\/logo\\\/image\\\/\",\"url\":\"https:\\\/\\\/www.amstelprinting.nl\\\/wp-content\\\/uploads\\\/amstel_printing_logo_clean.png\",\"contentUrl\":\"https:\\\/\\\/www.amstelprinting.nl\\\/wp-content\\\/uploads\\\/amstel_printing_logo_clean.png\",\"width\":324,\"height\":73,\"caption\":\"Amstel Printing\"},\"image\":{\"@id\":\"https:\\\/\\\/www.amstelprinting.nl\\\/es\\\/#\\\/schema\\\/logo\\\/image\\\/\"}}]}<\/script>\n<!-- \/ Yoast SEO plugin. -->","yoast_head_json":{"title":"Lona para valla de obra - tama\u00f1o personalizado | Amstel Printing","robots":{"index":"index","follow":"follow","max-snippet":"max-snippet:-1","max-image-preview":"max-image-preview:large","max-video-preview":"max-video-preview:-1"},"canonical":"https:\/\/www.amstelprinting.nl\/es\/tienda\/publicidad-exterior\/construccion-y-propiedad\/lona-para-valla-de-obra-tamano-personalizado\/","og_locale":"es_ES","og_type":"article","og_title":"Lona para valla de obra - tama\u00f1o personalizado | Amstel Printing","og_description":"Descubra nuestras vers\u00e1tiles lonas para vallas de obra, perfectas para delimitar \u00e1reas y transmitir su mensaje de manera efectiva. Ideales para obras de construcci\u00f3n o eventos, estas lonas ofrecen una excelente combinaci\u00f3n de funcionalidad e impacto visual. Elija un ancho entre 330 y 340 cm y una altura entre 170 e 178 cm. La lona para valla de obra cuenta con ojales cada 50 cm para una fijaci\u00f3n sencilla y estabilidad.","og_url":"https:\/\/www.amstelprinting.nl\/es\/tienda\/publicidad-exterior\/construccion-y-propiedad\/lona-para-valla-de-obra-tamano-personalizado\/","og_site_name":"Amstel Printing","article_modified_time":"2026-02-18T11:47:28+00:00","og_image":[{"width":900,"height":900,"url":"https:\/\/www.amstelprinting.nl\/wp-content\/uploads\/bouwhekdoek-bedrukken-3.png","type":"image\/png"}],"twitter_card":"summary_large_image","twitter_misc":{"Tiempo de lectura":"1 minuto"},"schema":{"@context":"https:\/\/schema.org","@graph":[{"@type":"WebPage","@id":"https:\/\/www.amstelprinting.nl\/es\/tienda\/publicidad-exterior\/construccion-y-propiedad\/lona-para-valla-de-obra-tamano-personalizado\/","url":"https:\/\/www.amstelprinting.nl\/es\/tienda\/publicidad-exterior\/construccion-y-propiedad\/lona-para-valla-de-obra-tamano-personalizado\/","name":"Lona para valla de obra - tama\u00f1o personalizado | Amstel Printing","isPartOf":{"@id":"https:\/\/www.amstelprinting.nl\/es\/#website"},"primaryImageOfPage":{"@id":"https:\/\/www.amstelprinting.nl\/es\/tienda\/publicidad-exterior\/construccion-y-propiedad\/lona-para-valla-de-obra-tamano-personalizado\/#primaryimage"},"image":{"@id":"https:\/\/www.amstelprinting.nl\/es\/tienda\/publicidad-exterior\/construccion-y-propiedad\/lona-para-valla-de-obra-tamano-personalizado\/#primaryimage"},"thumbnailUrl":"https:\/\/www.amstelprinting.nl\/wp-content\/uploads\/bouwhekdoek-bedrukken-3.png","datePublished":"2025-01-24T11:27:04+00:00","dateModified":"2026-02-18T11:47:28+00:00","breadcrumb":{"@id":"https:\/\/www.amstelprinting.nl\/es\/tienda\/publicidad-exterior\/construccion-y-propiedad\/lona-para-valla-de-obra-tamano-personalizado\/#breadcrumb"},"inLanguage":"es","potentialAction":[{"@type":"ReadAction","target":["https:\/\/www.amstelprinting.nl\/es\/tienda\/publicidad-exterior\/construccion-y-propiedad\/lona-para-valla-de-obra-tamano-personalizado\/"]}]},{"@type":"ImageObject","inLanguage":"es","@id":"https:\/\/www.amstelprinting.nl\/es\/tienda\/publicidad-exterior\/construccion-y-propiedad\/lona-para-valla-de-obra-tamano-personalizado\/#primaryimage","url":"https:\/\/www.amstelprinting.nl\/wp-content\/uploads\/bouwhekdoek-bedrukken-3.png","contentUrl":"https:\/\/www.amstelprinting.nl\/wp-content\/uploads\/bouwhekdoek-bedrukken-3.png","width":900,"height":900},{"@type":"BreadcrumbList","@id":"https:\/\/www.amstelprinting.nl\/es\/tienda\/publicidad-exterior\/construccion-y-propiedad\/lona-para-valla-de-obra-tamano-personalizado\/#breadcrumb","itemListElement":[{"@type":"ListItem","position":1,"name":"","item":"https:\/\/www.amstelprinting.nl\/es\/"},{"@type":"ListItem","position":2,"name":"Amstel Printing","item":"https:\/\/www.amstelprinting.nl\/es\/comercio\/"},{"@type":"ListItem","position":3,"name":"Publicidad exterior","item":"https:\/\/www.amstelprinting.nl\/es\/categor\u00eda\/publicidad-exterior\/"},{"@type":"ListItem","position":4,"name":"Construcci\u00f3n y propiedad","item":"https:\/\/www.amstelprinting.nl\/es\/categor\u00eda\/publicidad-exterior\/construccion-y-propiedad\/"},{"@type":"ListItem","position":5,"name":"Lona para valla de obra &#8211; tama\u00f1o personalizado"}]},{"@type":"WebSite","@id":"https:\/\/www.amstelprinting.nl\/es\/#website","url":"https:\/\/www.amstelprinting.nl\/es\/","name":"Amstel Printing","description":"Creating Exposure","publisher":{"@id":"https:\/\/www.amstelprinting.nl\/es\/#organization"},"potentialAction":[{"@type":"SearchAction","target":{"@type":"EntryPoint","urlTemplate":"https:\/\/www.amstelprinting.nl\/es\/?s={search_term_string}"},"query-input":{"@type":"PropertyValueSpecification","valueRequired":true,"valueName":"search_term_string"}}],"inLanguage":"es"},{"@type":"Organization","@id":"https:\/\/www.amstelprinting.nl\/es\/#organization","name":"Amstel Printing","url":"https:\/\/www.amstelprinting.nl\/es\/","logo":{"@type":"ImageObject","inLanguage":"es","@id":"https:\/\/www.amstelprinting.nl\/es\/#\/schema\/logo\/image\/","url":"https:\/\/www.amstelprinting.nl\/wp-content\/uploads\/amstel_printing_logo_clean.png","contentUrl":"https:\/\/www.amstelprinting.nl\/wp-content\/uploads\/amstel_printing_logo_clean.png","width":324,"height":73,"caption":"Amstel Printing"},"image":{"@id":"https:\/\/www.amstelprinting.nl\/es\/#\/schema\/logo\/image\/"}}]}},"_links":{"self":[{"href":"https:\/\/www.amstelprinting.nl\/es\/wp-json\/wp\/v2\/product\/13623","targetHints":{"allow":["GET"]}}],"collection":[{"href":"https:\/\/www.amstelprinting.nl\/es\/wp-json\/wp\/v2\/product"}],"about":[{"href":"https:\/\/www.amstelprinting.nl\/es\/wp-json\/wp\/v2\/types\/product"}],"wp:featuredmedia":[{"embeddable":true,"href":"https:\/\/www.amstelprinting.nl\/es\/wp-json\/wp\/v2\/media\/13624"}],"wp:attachment":[{"href":"https:\/\/www.amstelprinting.nl\/es\/wp-json\/wp\/v2\/media?parent=13623"}],"wp:term":[{"taxonomy":"product_brand","embeddable":true,"href":"https:\/\/www.amstelprinting.nl\/es\/wp-json\/wp\/v2\/product_brand?post=13623"},{"taxonomy":"product_cat","embeddable":true,"href":"https:\/\/www.amstelprinting.nl\/es\/wp-json\/wp\/v2\/product_cat?post=13623"},{"taxonomy":"product_tag","embeddable":true,"href":"https:\/\/www.amstelprinting.nl\/es\/wp-json\/wp\/v2\/product_tag?post=13623"}],"curies":[{"name":"wp","href":"https:\/\/api.w.org\/{rel}","templated":true}]}}