{"id":13633,"date":"2025-01-24T12:26:58","date_gmt":"2025-01-24T11:26:58","guid":{"rendered":"https:\/\/www.amstelprinting.nl\/winkel\/sin%20categor\u00eda\/bouwhekdoek\/"},"modified":"2026-02-18T12:47:29","modified_gmt":"2026-02-18T11:47:29","slug":"lona-para-vallas-de-obra","status":"publish","type":"product","link":"https:\/\/www.amstelprinting.nl\/es\/tienda\/publicidad-exterior\/construccion-y-propiedad\/lona-para-vallas-de-obra\/","title":{"rendered":"Lona para vallas de obra"},"content":{"rendered":"<h3>Materiales para lonas de vallas de obra<\/h3>\n<p>Las lonas para vallas de obra est\u00e1n disponibles en seis materiales diferentes.<\/p>\n<ul>\n<li><strong>Banner 510<\/strong>: Lona de PVC con acabado brillante, apta para uso en interiores y exteriores.<\/li>\n<li><strong>Lona Mesh<\/strong>: Lona de PVC microperforada con estructura de malla, ideal para ubicaciones con mucho viento.<\/li>\n<li><strong>ProPES Outdoor<\/strong>: Tejido de poli\u00e9ster ligero con revestimiento repelente al agua, perfecto para uso prolongado en exteriores.<\/li>\n<li><strong>ProPES FR<\/strong>: Tejido de poli\u00e9ster con revestimiento ign\u00edfugo, garantiza la seguridad en cualquier circunstancia.<\/li>\n<li><strong>Flag<\/strong>: Tejido de poli\u00e9ster de alta transparencia, ideal para aplicaciones temporales con una vida \u00fatil de hasta cuatro meses.<\/li>\n<li><strong>Flag PET<\/strong>: Opci\u00f3n ecol\u00f3gica fabricada con botellas PET 100 % recicladas.<\/li>\n<\/ul>\n<p>&nbsp;<\/p>\n<h3>Accesorios para lonas de vallas de obra<\/h3>\n<p>Para fijar su lona de valla de obra de la manera correcta (y con estilo), puede pedir opcionalmente material de fijaci\u00f3n.<\/p>\n<p>Refuerce su empresa o mensaje con nuestras lonas para vallas de obra. Elija calidad, personalizaci\u00f3n y soluciones pr\u00e1cticas con nuestros diversos materiales y accesorios. Haga que sus proyectos destaquen con nuestras lonas de alta calidad, donde no se pasa por alto ning\u00fan detalle.<\/p>\n<h3>\u00bfMedidas diferentes?<\/h3>\n<p>\u00bfNecesita un formato diferente? No hay problema, ofrecemos soluciones a medida para cumplir con todos sus requisitos espec\u00edficos.<\/p>\n<h3>Preguntas frecuentes sobre lonas para vallas de obra<\/h3>\n<p><strong>\u00bfC\u00f3mo se empaqueta la lona para vallas de obra?<\/strong><br \/>\nLas lonas para vallas de obra se empaquetan en rollos. Para proteger el material, la lona se enrolla en pl\u00e1stico de burbujas y papel kraft.<\/p>\n<p><strong>\u00bfSe puede pedir esta lona para valla de obra en otro formato?<\/strong><br \/>\nPuede elegir el formato deseado para una lona para valla de obra a trav\u00e9s de \u00ablona para vallas de obra &#8211; formato personalizado\u00bb.<\/p>\n<p><strong>\u00bfQu\u00e9 material dura m\u00e1s?<\/strong><br \/>\nTodos nuestros materiales est\u00e1n dise\u00f1ados para uso en exteriores. Si necesita un material para vallas de obra que sea resistente al viento, le recomendamos la Lona Mesh. Se trata de un material perforado que permite que el viento pase f\u00e1cilmente a trav\u00e9s de \u00e9l.<\/p>\n<p><strong>\u00bfCu\u00e1l es la mejor manera de limpiar una lona para vallas de obra?<\/strong><br \/>\nLa mejor forma de limpiar la lona es con agua tibia y un pa\u00f1o de fibra. No se recomienda el uso de productos de limpieza, ya que podr\u00edan da\u00f1ar la tinta.<\/p>\n","protected":false},"excerpt":{"rendered":"<p><span style=\"font-weight: 400;\">Descubra nuestras vers\u00e1tiles lonas para vallas de obra, para delimitar terrenos y transmitir su mensaje. Ideal para obras o eventos. La lona para vallas de obra tiene un tama\u00f1o fijo de 335 x 175 cm y est\u00e1 acabada con ojales cada 50 cm para una fijaci\u00f3n sencilla.<\/span><\/p>\n","protected":false},"featured_media":25255,"template":"","meta":{"_et_pb_use_builder":"","_et_pb_old_content":"","_et_gb_content_width":""},"product_brand":[],"product_cat":[455,431,409,475,450],"product_tag":[],"class_list":{"0":"post-13633","1":"product","2":"type-product","3":"status-publish","4":"has-post-thumbnail","6":"product_cat-construccion-y-propiedad","7":"product_cat-feria-y-evento","8":"product_cat-panos-de-fiesta","9":"product_cat-pancartas","10":"product_cat-publicidad-exterior","12":"first","13":"instock","14":"featured","15":"taxable","16":"shipping-taxable","17":"purchasable","18":"product-type-simple"},"yoast_head":"<!-- This site is optimized with the Yoast SEO plugin v27.3 - https:\/\/yoast.com\/product\/yoast-seo-wordpress\/ -->\n<title>Pedir lona para vallas de obra \u2013 Entrega r\u00e1pida y material de alta calidad<\/title>\n<meta name=\"description\" content=\"Haga que su obra o evento destaque con nuestras lonas para vallas de obra duraderas. Elija entre seis materiales resistentes, con opciones personalizadas incluidas.\" \/>\n<meta name=\"robots\" content=\"index, follow, max-snippet:-1, max-image-preview:large, max-video-preview:-1\" \/>\n<link rel=\"canonical\" href=\"https:\/\/www.amstelprinting.nl\/es\/tienda\/publicidad-exterior\/construccion-y-propiedad\/lona-para-vallas-de-obra\/\" \/>\n<meta property=\"og:locale\" content=\"es_ES\" \/>\n<meta property=\"og:type\" content=\"article\" \/>\n<meta property=\"og:title\" content=\"Pedir lona para vallas de obra \u2013 Entrega r\u00e1pida y material de alta calidad\" \/>\n<meta property=\"og:description\" content=\"Haga que su obra o evento destaque con nuestras lonas para vallas de obra duraderas. Elija entre seis materiales resistentes, con opciones personalizadas incluidas.\" \/>\n<meta property=\"og:url\" content=\"https:\/\/www.amstelprinting.nl\/es\/tienda\/publicidad-exterior\/construccion-y-propiedad\/lona-para-vallas-de-obra\/\" \/>\n<meta property=\"og:site_name\" content=\"Amstel Printing\" \/>\n<meta property=\"article:modified_time\" content=\"2026-02-18T11:47:29+00:00\" \/>\n<meta property=\"og:image\" content=\"https:\/\/www.amstelprinting.nl\/wp-content\/uploads\/bouwhekdoek-bedrukken-2.webp\" \/>\n\t<meta property=\"og:image:width\" content=\"900\" \/>\n\t<meta property=\"og:image:height\" content=\"900\" \/>\n\t<meta property=\"og:image:type\" content=\"image\/webp\" \/>\n<meta name=\"twitter:card\" content=\"summary_large_image\" \/>\n<meta name=\"twitter:label1\" content=\"Tiempo de lectura\" \/>\n\t<meta name=\"twitter:data1\" content=\"2 minutos\" \/>\n<script type=\"application\/ld+json\" class=\"yoast-schema-graph\">{\"@context\":\"https:\\\/\\\/schema.org\",\"@graph\":[{\"@type\":\"WebPage\",\"@id\":\"https:\\\/\\\/www.amstelprinting.nl\\\/es\\\/tienda\\\/publicidad-exterior\\\/construccion-y-propiedad\\\/lona-para-vallas-de-obra\\\/\",\"url\":\"https:\\\/\\\/www.amstelprinting.nl\\\/es\\\/tienda\\\/publicidad-exterior\\\/construccion-y-propiedad\\\/lona-para-vallas-de-obra\\\/\",\"name\":\"Pedir lona para vallas de obra \u2013 Entrega r\u00e1pida y material de alta calidad\",\"isPartOf\":{\"@id\":\"https:\\\/\\\/www.amstelprinting.nl\\\/es\\\/#website\"},\"primaryImageOfPage\":{\"@id\":\"https:\\\/\\\/www.amstelprinting.nl\\\/es\\\/tienda\\\/publicidad-exterior\\\/construccion-y-propiedad\\\/lona-para-vallas-de-obra\\\/#primaryimage\"},\"image\":{\"@id\":\"https:\\\/\\\/www.amstelprinting.nl\\\/es\\\/tienda\\\/publicidad-exterior\\\/construccion-y-propiedad\\\/lona-para-vallas-de-obra\\\/#primaryimage\"},\"thumbnailUrl\":\"https:\\\/\\\/www.amstelprinting.nl\\\/wp-content\\\/uploads\\\/bouwhekdoek-bedrukken-2.webp\",\"datePublished\":\"2025-01-24T11:26:58+00:00\",\"dateModified\":\"2026-02-18T11:47:29+00:00\",\"description\":\"Haga que su obra o evento destaque con nuestras lonas para vallas de obra duraderas. Elija entre seis materiales resistentes, con opciones personalizadas incluidas.\",\"breadcrumb\":{\"@id\":\"https:\\\/\\\/www.amstelprinting.nl\\\/es\\\/tienda\\\/publicidad-exterior\\\/construccion-y-propiedad\\\/lona-para-vallas-de-obra\\\/#breadcrumb\"},\"inLanguage\":\"es\",\"potentialAction\":[{\"@type\":\"ReadAction\",\"target\":[\"https:\\\/\\\/www.amstelprinting.nl\\\/es\\\/tienda\\\/publicidad-exterior\\\/construccion-y-propiedad\\\/lona-para-vallas-de-obra\\\/\"]}]},{\"@type\":\"ImageObject\",\"inLanguage\":\"es\",\"@id\":\"https:\\\/\\\/www.amstelprinting.nl\\\/es\\\/tienda\\\/publicidad-exterior\\\/construccion-y-propiedad\\\/lona-para-vallas-de-obra\\\/#primaryimage\",\"url\":\"https:\\\/\\\/www.amstelprinting.nl\\\/wp-content\\\/uploads\\\/bouwhekdoek-bedrukken-2.webp\",\"contentUrl\":\"https:\\\/\\\/www.amstelprinting.nl\\\/wp-content\\\/uploads\\\/bouwhekdoek-bedrukken-2.webp\",\"width\":900,\"height\":900},{\"@type\":\"BreadcrumbList\",\"@id\":\"https:\\\/\\\/www.amstelprinting.nl\\\/es\\\/tienda\\\/publicidad-exterior\\\/construccion-y-propiedad\\\/lona-para-vallas-de-obra\\\/#breadcrumb\",\"itemListElement\":[{\"@type\":\"ListItem\",\"position\":1,\"name\":\"\",\"item\":\"https:\\\/\\\/www.amstelprinting.nl\\\/es\\\/\"},{\"@type\":\"ListItem\",\"position\":2,\"name\":\"Amstel Printing\",\"item\":\"https:\\\/\\\/www.amstelprinting.nl\\\/es\\\/comercio\\\/\"},{\"@type\":\"ListItem\",\"position\":3,\"name\":\"Publicidad exterior\",\"item\":\"https:\\\/\\\/www.amstelprinting.nl\\\/es\\\/categor\u00eda\\\/publicidad-exterior\\\/\"},{\"@type\":\"ListItem\",\"position\":4,\"name\":\"Construcci\u00f3n y propiedad\",\"item\":\"https:\\\/\\\/www.amstelprinting.nl\\\/es\\\/categor\u00eda\\\/publicidad-exterior\\\/construccion-y-propiedad\\\/\"},{\"@type\":\"ListItem\",\"position\":5,\"name\":\"Lona para vallas de obra\"}]},{\"@type\":\"WebSite\",\"@id\":\"https:\\\/\\\/www.amstelprinting.nl\\\/es\\\/#website\",\"url\":\"https:\\\/\\\/www.amstelprinting.nl\\\/es\\\/\",\"name\":\"Amstel Printing\",\"description\":\"Creating Exposure\",\"publisher\":{\"@id\":\"https:\\\/\\\/www.amstelprinting.nl\\\/es\\\/#organization\"},\"potentialAction\":[{\"@type\":\"SearchAction\",\"target\":{\"@type\":\"EntryPoint\",\"urlTemplate\":\"https:\\\/\\\/www.amstelprinting.nl\\\/es\\\/?s={search_term_string}\"},\"query-input\":{\"@type\":\"PropertyValueSpecification\",\"valueRequired\":true,\"valueName\":\"search_term_string\"}}],\"inLanguage\":\"es\"},{\"@type\":\"Organization\",\"@id\":\"https:\\\/\\\/www.amstelprinting.nl\\\/es\\\/#organization\",\"name\":\"Amstel Printing\",\"url\":\"https:\\\/\\\/www.amstelprinting.nl\\\/es\\\/\",\"logo\":{\"@type\":\"ImageObject\",\"inLanguage\":\"es\",\"@id\":\"https:\\\/\\\/www.amstelprinting.nl\\\/es\\\/#\\\/schema\\\/logo\\\/image\\\/\",\"url\":\"https:\\\/\\\/www.amstelprinting.nl\\\/wp-content\\\/uploads\\\/amstel_printing_logo_clean.png\",\"contentUrl\":\"https:\\\/\\\/www.amstelprinting.nl\\\/wp-content\\\/uploads\\\/amstel_printing_logo_clean.png\",\"width\":324,\"height\":73,\"caption\":\"Amstel Printing\"},\"image\":{\"@id\":\"https:\\\/\\\/www.amstelprinting.nl\\\/es\\\/#\\\/schema\\\/logo\\\/image\\\/\"}}]}<\/script>\n<!-- \/ Yoast SEO plugin. -->","yoast_head_json":{"title":"Pedir lona para vallas de obra \u2013 Entrega r\u00e1pida y material de alta calidad","description":"Haga que su obra o evento destaque con nuestras lonas para vallas de obra duraderas. Elija entre seis materiales resistentes, con opciones personalizadas incluidas.","robots":{"index":"index","follow":"follow","max-snippet":"max-snippet:-1","max-image-preview":"max-image-preview:large","max-video-preview":"max-video-preview:-1"},"canonical":"https:\/\/www.amstelprinting.nl\/es\/tienda\/publicidad-exterior\/construccion-y-propiedad\/lona-para-vallas-de-obra\/","og_locale":"es_ES","og_type":"article","og_title":"Pedir lona para vallas de obra \u2013 Entrega r\u00e1pida y material de alta calidad","og_description":"Haga que su obra o evento destaque con nuestras lonas para vallas de obra duraderas. Elija entre seis materiales resistentes, con opciones personalizadas incluidas.","og_url":"https:\/\/www.amstelprinting.nl\/es\/tienda\/publicidad-exterior\/construccion-y-propiedad\/lona-para-vallas-de-obra\/","og_site_name":"Amstel Printing","article_modified_time":"2026-02-18T11:47:29+00:00","og_image":[{"width":900,"height":900,"url":"https:\/\/www.amstelprinting.nl\/wp-content\/uploads\/bouwhekdoek-bedrukken-2.webp","type":"image\/webp"}],"twitter_card":"summary_large_image","twitter_misc":{"Tiempo de lectura":"2 minutos"},"schema":{"@context":"https:\/\/schema.org","@graph":[{"@type":"WebPage","@id":"https:\/\/www.amstelprinting.nl\/es\/tienda\/publicidad-exterior\/construccion-y-propiedad\/lona-para-vallas-de-obra\/","url":"https:\/\/www.amstelprinting.nl\/es\/tienda\/publicidad-exterior\/construccion-y-propiedad\/lona-para-vallas-de-obra\/","name":"Pedir lona para vallas de obra \u2013 Entrega r\u00e1pida y material de alta calidad","isPartOf":{"@id":"https:\/\/www.amstelprinting.nl\/es\/#website"},"primaryImageOfPage":{"@id":"https:\/\/www.amstelprinting.nl\/es\/tienda\/publicidad-exterior\/construccion-y-propiedad\/lona-para-vallas-de-obra\/#primaryimage"},"image":{"@id":"https:\/\/www.amstelprinting.nl\/es\/tienda\/publicidad-exterior\/construccion-y-propiedad\/lona-para-vallas-de-obra\/#primaryimage"},"thumbnailUrl":"https:\/\/www.amstelprinting.nl\/wp-content\/uploads\/bouwhekdoek-bedrukken-2.webp","datePublished":"2025-01-24T11:26:58+00:00","dateModified":"2026-02-18T11:47:29+00:00","description":"Haga que su obra o evento destaque con nuestras lonas para vallas de obra duraderas. Elija entre seis materiales resistentes, con opciones personalizadas incluidas.","breadcrumb":{"@id":"https:\/\/www.amstelprinting.nl\/es\/tienda\/publicidad-exterior\/construccion-y-propiedad\/lona-para-vallas-de-obra\/#breadcrumb"},"inLanguage":"es","potentialAction":[{"@type":"ReadAction","target":["https:\/\/www.amstelprinting.nl\/es\/tienda\/publicidad-exterior\/construccion-y-propiedad\/lona-para-vallas-de-obra\/"]}]},{"@type":"ImageObject","inLanguage":"es","@id":"https:\/\/www.amstelprinting.nl\/es\/tienda\/publicidad-exterior\/construccion-y-propiedad\/lona-para-vallas-de-obra\/#primaryimage","url":"https:\/\/www.amstelprinting.nl\/wp-content\/uploads\/bouwhekdoek-bedrukken-2.webp","contentUrl":"https:\/\/www.amstelprinting.nl\/wp-content\/uploads\/bouwhekdoek-bedrukken-2.webp","width":900,"height":900},{"@type":"BreadcrumbList","@id":"https:\/\/www.amstelprinting.nl\/es\/tienda\/publicidad-exterior\/construccion-y-propiedad\/lona-para-vallas-de-obra\/#breadcrumb","itemListElement":[{"@type":"ListItem","position":1,"name":"","item":"https:\/\/www.amstelprinting.nl\/es\/"},{"@type":"ListItem","position":2,"name":"Amstel Printing","item":"https:\/\/www.amstelprinting.nl\/es\/comercio\/"},{"@type":"ListItem","position":3,"name":"Publicidad exterior","item":"https:\/\/www.amstelprinting.nl\/es\/categor\u00eda\/publicidad-exterior\/"},{"@type":"ListItem","position":4,"name":"Construcci\u00f3n y propiedad","item":"https:\/\/www.amstelprinting.nl\/es\/categor\u00eda\/publicidad-exterior\/construccion-y-propiedad\/"},{"@type":"ListItem","position":5,"name":"Lona para vallas de obra"}]},{"@type":"WebSite","@id":"https:\/\/www.amstelprinting.nl\/es\/#website","url":"https:\/\/www.amstelprinting.nl\/es\/","name":"Amstel Printing","description":"Creating Exposure","publisher":{"@id":"https:\/\/www.amstelprinting.nl\/es\/#organization"},"potentialAction":[{"@type":"SearchAction","target":{"@type":"EntryPoint","urlTemplate":"https:\/\/www.amstelprinting.nl\/es\/?s={search_term_string}"},"query-input":{"@type":"PropertyValueSpecification","valueRequired":true,"valueName":"search_term_string"}}],"inLanguage":"es"},{"@type":"Organization","@id":"https:\/\/www.amstelprinting.nl\/es\/#organization","name":"Amstel Printing","url":"https:\/\/www.amstelprinting.nl\/es\/","logo":{"@type":"ImageObject","inLanguage":"es","@id":"https:\/\/www.amstelprinting.nl\/es\/#\/schema\/logo\/image\/","url":"https:\/\/www.amstelprinting.nl\/wp-content\/uploads\/amstel_printing_logo_clean.png","contentUrl":"https:\/\/www.amstelprinting.nl\/wp-content\/uploads\/amstel_printing_logo_clean.png","width":324,"height":73,"caption":"Amstel Printing"},"image":{"@id":"https:\/\/www.amstelprinting.nl\/es\/#\/schema\/logo\/image\/"}}]}},"_links":{"self":[{"href":"https:\/\/www.amstelprinting.nl\/es\/wp-json\/wp\/v2\/product\/13633","targetHints":{"allow":["GET"]}}],"collection":[{"href":"https:\/\/www.amstelprinting.nl\/es\/wp-json\/wp\/v2\/product"}],"about":[{"href":"https:\/\/www.amstelprinting.nl\/es\/wp-json\/wp\/v2\/types\/product"}],"wp:featuredmedia":[{"embeddable":true,"href":"https:\/\/www.amstelprinting.nl\/es\/wp-json\/wp\/v2\/media\/25255"}],"wp:attachment":[{"href":"https:\/\/www.amstelprinting.nl\/es\/wp-json\/wp\/v2\/media?parent=13633"}],"wp:term":[{"taxonomy":"product_brand","embeddable":true,"href":"https:\/\/www.amstelprinting.nl\/es\/wp-json\/wp\/v2\/product_brand?post=13633"},{"taxonomy":"product_cat","embeddable":true,"href":"https:\/\/www.amstelprinting.nl\/es\/wp-json\/wp\/v2\/product_cat?post=13633"},{"taxonomy":"product_tag","embeddable":true,"href":"https:\/\/www.amstelprinting.nl\/es\/wp-json\/wp\/v2\/product_tag?post=13633"}],"curies":[{"name":"wp","href":"https:\/\/api.w.org\/{rel}","templated":true}]}}