{"id":13647,"date":"2025-01-24T11:35:41","date_gmt":"2025-01-24T10:35:41","guid":{"rendered":"https:\/\/www.amstelprinting.nl\/winkel\/sin%20categor\u00eda\/makelaarsbord\/"},"modified":"2026-02-18T12:47:30","modified_gmt":"2026-02-18T11:47:30","slug":"cartel-de-inmobiliaria","status":"publish","type":"product","link":"https:\/\/www.amstelprinting.nl\/es\/tienda\/publicidad-exterior\/construccion-y-propiedad\/cartel-de-inmobiliaria\/","title":{"rendered":"Cartel de inmobiliaria"},"content":{"rendered":"<h3>Pedir carteles de ventana econ\u00f3micos<\/h3>\n<p>En Amstel Printing puede pedir carteles en V impresos (tambi\u00e9n llamados carteles de inmobiliaria o de ventana) de forma r\u00e1pida y econ\u00f3mica. Elija una de las dimensiones est\u00e1ndar o ind\u00edquenos su propia medida.<\/p>\n<h3>Cartel de ventana con forma personalizada<\/h3>\n<p>\u00bfPrefiere la cl\u00e1sica forma en V recta? \u00bfO desea imprimir el cartel de ventana con una forma propia? En ese caso, elija la opci\u00f3n de corte de contorno. Adem\u00e1s, bajo el encabezado de descargas, encontrar\u00e1 plantillas est\u00e1ndar en las que puede colocar su dise\u00f1o.<\/p>\n<ul>\n<li>Plantilla con tejado<\/li>\n<li>Plantilla de corte de contorno<\/li>\n<li>Plantilla de corte de contorno con orificios de perforaci\u00f3n<\/li>\n<li>Plantilla casa tejado plegado<\/li>\n<li>Plantilla casa tejado plegado orificios de perforaci\u00f3n<\/li>\n<li>Plantilla cartel de ventana 100&#215;70<\/li>\n<li>Plantilla cartel de ventana 140&#215;50<\/li>\n<li>Plantilla cartel de ventana 140&#215;100<\/li>\n<\/ul>\n<p>&nbsp;<\/p>\n<h3>Fijaci\u00f3n<\/h3>\n<p>Los carteles de inmobiliaria son carteles de ventana que se pueden fijar al exterior de cualquier tipo de ventana. Puede fijar el cartel de ventana de tres formas diferentes. Al pedir el cartel de inmobiliaria en el configurador, obtendr\u00e1 las tres opciones siguientes:<\/p>\n<p><strong>Corte y orificios de perforaci\u00f3n<\/strong><br \/>\nSolo dotamos al cartel de inmobiliaria impreso de orificios de perforaci\u00f3n. Las ventosas no est\u00e1n incluidas.<\/p>\n<p><strong>Cinta de doble cara<\/strong><br \/>\nPara un uso temporal, recomendamos elegir la opci\u00f3n de \u201ccinta de doble cara\u201d.<\/p>\n<p><strong>Corte, orificios de perforaci\u00f3n y ventosas<\/strong><br \/>\nLa mejor opci\u00f3n si desea utilizar el cartel de inmobiliaria a largo plazo. Gracias a las ventosas incluidas (4 unidades), el cartel de inmobiliaria es f\u00e1cil de colocar y retirar.<\/p>\n<h3>Los carteles de ventana son vers\u00e1tiles<\/h3>\n<p>Inmobiliarias: Para la promoci\u00f3n de viviendas en venta o alquiler. Nuestros carteles de ventana garantizan la m\u00e1xima atenci\u00f3n de los posibles compradores o inquilinos.<br \/>\nEmpresas: Perfecto para anunciar ofertas especiales, horarios de apertura o eventos.<br \/>\nParticulares: Utilice nuestros carteles de ventana para anuncios como nacimientos, fiestas (en el jard\u00edn) u otra ocasi\u00f3n personal.<\/p>\n<h3>Material ecol\u00f3gico y totalmente reciclable<\/h3>\n<p>Nuestros carteles de ventana est\u00e1n fabricados con polipropileno alveolar de 3,5 mm. Este material es resistente a la intemperie y totalmente reciclable. Adem\u00e1s, nuestros carteles son ign\u00edfugos (cuentan con certificado B1), por lo que son seguros de usar y aptos para lugares p\u00fablicos.<\/p>\n","protected":false},"excerpt":{"rendered":"<h3>Cartel de ventana impreso (fijaci\u00f3n con ventosa o cinta)<\/h3>\n<p>Los carteles de inmobiliaria tambi\u00e9n se denominan carteles en V o carteles de ventana. Un medio promocional econ\u00f3mico pero muy eficaz. Se entrega con ventosas o cinta incluidas.<\/p>\n","protected":false},"featured_media":13649,"template":"","meta":{"_et_pb_use_builder":"","_et_pb_old_content":"","_et_gb_content_width":""},"product_brand":[],"product_cat":[455,450,468],"product_tag":[],"class_list":{"0":"post-13647","1":"product","2":"type-product","3":"status-publish","4":"has-post-thumbnail","6":"product_cat-construccion-y-propiedad","7":"product_cat-publicidad-exterior","8":"product_cat-vallas-publicitarias","10":"first","11":"instock","12":"taxable","13":"shipping-taxable","14":"purchasable","15":"product-type-simple"},"yoast_head":"<!-- This site is optimized with the Yoast SEO plugin v27.3 - https:\/\/yoast.com\/product\/yoast-seo-wordpress\/ -->\n<title>Cartel de inmobiliaria | Amstel Printing<\/title>\n<meta name=\"robots\" content=\"index, follow, max-snippet:-1, max-image-preview:large, max-video-preview:-1\" \/>\n<link rel=\"canonical\" href=\"https:\/\/www.amstelprinting.nl\/es\/tienda\/publicidad-exterior\/construccion-y-propiedad\/cartel-de-inmobiliaria\/\" \/>\n<meta property=\"og:locale\" content=\"es_ES\" \/>\n<meta property=\"og:type\" content=\"article\" \/>\n<meta property=\"og:title\" content=\"Cartel de inmobiliaria | Amstel Printing\" \/>\n<meta property=\"og:description\" content=\"Cartel de ventana impreso (fijaci\u00f3n con ventosa o cinta) Los carteles de inmobiliaria tambi\u00e9n se denominan carteles en V o carteles de ventana. Un medio promocional econ\u00f3mico pero muy eficaz. Se entrega con ventosas o cinta incluidas.\" \/>\n<meta property=\"og:url\" content=\"https:\/\/www.amstelprinting.nl\/es\/tienda\/publicidad-exterior\/construccion-y-propiedad\/cartel-de-inmobiliaria\/\" \/>\n<meta property=\"og:site_name\" content=\"Amstel Printing\" \/>\n<meta property=\"article:modified_time\" content=\"2026-02-18T11:47:30+00:00\" \/>\n<meta property=\"og:image\" content=\"https:\/\/www.amstelprinting.nl\/wp-content\/uploads\/makelaarsbord-bedrukken-1024x1024.png\" \/>\n\t<meta property=\"og:image:width\" content=\"1024\" \/>\n\t<meta property=\"og:image:height\" content=\"1024\" \/>\n\t<meta property=\"og:image:type\" content=\"image\/png\" \/>\n<meta name=\"twitter:card\" content=\"summary_large_image\" \/>\n<meta name=\"twitter:label1\" content=\"Tiempo de lectura\" \/>\n\t<meta name=\"twitter:data1\" content=\"2 minutos\" \/>\n<script type=\"application\/ld+json\" class=\"yoast-schema-graph\">{\"@context\":\"https:\\\/\\\/schema.org\",\"@graph\":[{\"@type\":\"WebPage\",\"@id\":\"https:\\\/\\\/www.amstelprinting.nl\\\/es\\\/tienda\\\/publicidad-exterior\\\/construccion-y-propiedad\\\/cartel-de-inmobiliaria\\\/\",\"url\":\"https:\\\/\\\/www.amstelprinting.nl\\\/es\\\/tienda\\\/publicidad-exterior\\\/construccion-y-propiedad\\\/cartel-de-inmobiliaria\\\/\",\"name\":\"Cartel de inmobiliaria | Amstel Printing\",\"isPartOf\":{\"@id\":\"https:\\\/\\\/www.amstelprinting.nl\\\/es\\\/#website\"},\"primaryImageOfPage\":{\"@id\":\"https:\\\/\\\/www.amstelprinting.nl\\\/es\\\/tienda\\\/publicidad-exterior\\\/construccion-y-propiedad\\\/cartel-de-inmobiliaria\\\/#primaryimage\"},\"image\":{\"@id\":\"https:\\\/\\\/www.amstelprinting.nl\\\/es\\\/tienda\\\/publicidad-exterior\\\/construccion-y-propiedad\\\/cartel-de-inmobiliaria\\\/#primaryimage\"},\"thumbnailUrl\":\"https:\\\/\\\/www.amstelprinting.nl\\\/wp-content\\\/uploads\\\/makelaarsbord-bedrukken.png\",\"datePublished\":\"2025-01-24T10:35:41+00:00\",\"dateModified\":\"2026-02-18T11:47:30+00:00\",\"breadcrumb\":{\"@id\":\"https:\\\/\\\/www.amstelprinting.nl\\\/es\\\/tienda\\\/publicidad-exterior\\\/construccion-y-propiedad\\\/cartel-de-inmobiliaria\\\/#breadcrumb\"},\"inLanguage\":\"es\",\"potentialAction\":[{\"@type\":\"ReadAction\",\"target\":[\"https:\\\/\\\/www.amstelprinting.nl\\\/es\\\/tienda\\\/publicidad-exterior\\\/construccion-y-propiedad\\\/cartel-de-inmobiliaria\\\/\"]}]},{\"@type\":\"ImageObject\",\"inLanguage\":\"es\",\"@id\":\"https:\\\/\\\/www.amstelprinting.nl\\\/es\\\/tienda\\\/publicidad-exterior\\\/construccion-y-propiedad\\\/cartel-de-inmobiliaria\\\/#primaryimage\",\"url\":\"https:\\\/\\\/www.amstelprinting.nl\\\/wp-content\\\/uploads\\\/makelaarsbord-bedrukken.png\",\"contentUrl\":\"https:\\\/\\\/www.amstelprinting.nl\\\/wp-content\\\/uploads\\\/makelaarsbord-bedrukken.png\",\"width\":4578,\"height\":4578},{\"@type\":\"BreadcrumbList\",\"@id\":\"https:\\\/\\\/www.amstelprinting.nl\\\/es\\\/tienda\\\/publicidad-exterior\\\/construccion-y-propiedad\\\/cartel-de-inmobiliaria\\\/#breadcrumb\",\"itemListElement\":[{\"@type\":\"ListItem\",\"position\":1,\"name\":\"\",\"item\":\"https:\\\/\\\/www.amstelprinting.nl\\\/es\\\/\"},{\"@type\":\"ListItem\",\"position\":2,\"name\":\"Amstel Printing\",\"item\":\"https:\\\/\\\/www.amstelprinting.nl\\\/es\\\/comercio\\\/\"},{\"@type\":\"ListItem\",\"position\":3,\"name\":\"Publicidad exterior\",\"item\":\"https:\\\/\\\/www.amstelprinting.nl\\\/es\\\/categor\u00eda\\\/publicidad-exterior\\\/\"},{\"@type\":\"ListItem\",\"position\":4,\"name\":\"Construcci\u00f3n y propiedad\",\"item\":\"https:\\\/\\\/www.amstelprinting.nl\\\/es\\\/categor\u00eda\\\/publicidad-exterior\\\/construccion-y-propiedad\\\/\"},{\"@type\":\"ListItem\",\"position\":5,\"name\":\"Cartel de inmobiliaria\"}]},{\"@type\":\"WebSite\",\"@id\":\"https:\\\/\\\/www.amstelprinting.nl\\\/es\\\/#website\",\"url\":\"https:\\\/\\\/www.amstelprinting.nl\\\/es\\\/\",\"name\":\"Amstel Printing\",\"description\":\"Creating Exposure\",\"publisher\":{\"@id\":\"https:\\\/\\\/www.amstelprinting.nl\\\/es\\\/#organization\"},\"potentialAction\":[{\"@type\":\"SearchAction\",\"target\":{\"@type\":\"EntryPoint\",\"urlTemplate\":\"https:\\\/\\\/www.amstelprinting.nl\\\/es\\\/?s={search_term_string}\"},\"query-input\":{\"@type\":\"PropertyValueSpecification\",\"valueRequired\":true,\"valueName\":\"search_term_string\"}}],\"inLanguage\":\"es\"},{\"@type\":\"Organization\",\"@id\":\"https:\\\/\\\/www.amstelprinting.nl\\\/es\\\/#organization\",\"name\":\"Amstel Printing\",\"url\":\"https:\\\/\\\/www.amstelprinting.nl\\\/es\\\/\",\"logo\":{\"@type\":\"ImageObject\",\"inLanguage\":\"es\",\"@id\":\"https:\\\/\\\/www.amstelprinting.nl\\\/es\\\/#\\\/schema\\\/logo\\\/image\\\/\",\"url\":\"https:\\\/\\\/www.amstelprinting.nl\\\/wp-content\\\/uploads\\\/amstel_printing_logo_clean.png\",\"contentUrl\":\"https:\\\/\\\/www.amstelprinting.nl\\\/wp-content\\\/uploads\\\/amstel_printing_logo_clean.png\",\"width\":324,\"height\":73,\"caption\":\"Amstel Printing\"},\"image\":{\"@id\":\"https:\\\/\\\/www.amstelprinting.nl\\\/es\\\/#\\\/schema\\\/logo\\\/image\\\/\"}}]}<\/script>\n<!-- \/ Yoast SEO plugin. -->","yoast_head_json":{"title":"Cartel de inmobiliaria | Amstel Printing","robots":{"index":"index","follow":"follow","max-snippet":"max-snippet:-1","max-image-preview":"max-image-preview:large","max-video-preview":"max-video-preview:-1"},"canonical":"https:\/\/www.amstelprinting.nl\/es\/tienda\/publicidad-exterior\/construccion-y-propiedad\/cartel-de-inmobiliaria\/","og_locale":"es_ES","og_type":"article","og_title":"Cartel de inmobiliaria | Amstel Printing","og_description":"Cartel de ventana impreso (fijaci\u00f3n con ventosa o cinta) Los carteles de inmobiliaria tambi\u00e9n se denominan carteles en V o carteles de ventana. Un medio promocional econ\u00f3mico pero muy eficaz. Se entrega con ventosas o cinta incluidas.","og_url":"https:\/\/www.amstelprinting.nl\/es\/tienda\/publicidad-exterior\/construccion-y-propiedad\/cartel-de-inmobiliaria\/","og_site_name":"Amstel Printing","article_modified_time":"2026-02-18T11:47:30+00:00","og_image":[{"width":1024,"height":1024,"url":"https:\/\/www.amstelprinting.nl\/wp-content\/uploads\/makelaarsbord-bedrukken-1024x1024.png","type":"image\/png"}],"twitter_card":"summary_large_image","twitter_misc":{"Tiempo de lectura":"2 minutos"},"schema":{"@context":"https:\/\/schema.org","@graph":[{"@type":"WebPage","@id":"https:\/\/www.amstelprinting.nl\/es\/tienda\/publicidad-exterior\/construccion-y-propiedad\/cartel-de-inmobiliaria\/","url":"https:\/\/www.amstelprinting.nl\/es\/tienda\/publicidad-exterior\/construccion-y-propiedad\/cartel-de-inmobiliaria\/","name":"Cartel de inmobiliaria | Amstel Printing","isPartOf":{"@id":"https:\/\/www.amstelprinting.nl\/es\/#website"},"primaryImageOfPage":{"@id":"https:\/\/www.amstelprinting.nl\/es\/tienda\/publicidad-exterior\/construccion-y-propiedad\/cartel-de-inmobiliaria\/#primaryimage"},"image":{"@id":"https:\/\/www.amstelprinting.nl\/es\/tienda\/publicidad-exterior\/construccion-y-propiedad\/cartel-de-inmobiliaria\/#primaryimage"},"thumbnailUrl":"https:\/\/www.amstelprinting.nl\/wp-content\/uploads\/makelaarsbord-bedrukken.png","datePublished":"2025-01-24T10:35:41+00:00","dateModified":"2026-02-18T11:47:30+00:00","breadcrumb":{"@id":"https:\/\/www.amstelprinting.nl\/es\/tienda\/publicidad-exterior\/construccion-y-propiedad\/cartel-de-inmobiliaria\/#breadcrumb"},"inLanguage":"es","potentialAction":[{"@type":"ReadAction","target":["https:\/\/www.amstelprinting.nl\/es\/tienda\/publicidad-exterior\/construccion-y-propiedad\/cartel-de-inmobiliaria\/"]}]},{"@type":"ImageObject","inLanguage":"es","@id":"https:\/\/www.amstelprinting.nl\/es\/tienda\/publicidad-exterior\/construccion-y-propiedad\/cartel-de-inmobiliaria\/#primaryimage","url":"https:\/\/www.amstelprinting.nl\/wp-content\/uploads\/makelaarsbord-bedrukken.png","contentUrl":"https:\/\/www.amstelprinting.nl\/wp-content\/uploads\/makelaarsbord-bedrukken.png","width":4578,"height":4578},{"@type":"BreadcrumbList","@id":"https:\/\/www.amstelprinting.nl\/es\/tienda\/publicidad-exterior\/construccion-y-propiedad\/cartel-de-inmobiliaria\/#breadcrumb","itemListElement":[{"@type":"ListItem","position":1,"name":"","item":"https:\/\/www.amstelprinting.nl\/es\/"},{"@type":"ListItem","position":2,"name":"Amstel Printing","item":"https:\/\/www.amstelprinting.nl\/es\/comercio\/"},{"@type":"ListItem","position":3,"name":"Publicidad exterior","item":"https:\/\/www.amstelprinting.nl\/es\/categor\u00eda\/publicidad-exterior\/"},{"@type":"ListItem","position":4,"name":"Construcci\u00f3n y propiedad","item":"https:\/\/www.amstelprinting.nl\/es\/categor\u00eda\/publicidad-exterior\/construccion-y-propiedad\/"},{"@type":"ListItem","position":5,"name":"Cartel de inmobiliaria"}]},{"@type":"WebSite","@id":"https:\/\/www.amstelprinting.nl\/es\/#website","url":"https:\/\/www.amstelprinting.nl\/es\/","name":"Amstel Printing","description":"Creating Exposure","publisher":{"@id":"https:\/\/www.amstelprinting.nl\/es\/#organization"},"potentialAction":[{"@type":"SearchAction","target":{"@type":"EntryPoint","urlTemplate":"https:\/\/www.amstelprinting.nl\/es\/?s={search_term_string}"},"query-input":{"@type":"PropertyValueSpecification","valueRequired":true,"valueName":"search_term_string"}}],"inLanguage":"es"},{"@type":"Organization","@id":"https:\/\/www.amstelprinting.nl\/es\/#organization","name":"Amstel Printing","url":"https:\/\/www.amstelprinting.nl\/es\/","logo":{"@type":"ImageObject","inLanguage":"es","@id":"https:\/\/www.amstelprinting.nl\/es\/#\/schema\/logo\/image\/","url":"https:\/\/www.amstelprinting.nl\/wp-content\/uploads\/amstel_printing_logo_clean.png","contentUrl":"https:\/\/www.amstelprinting.nl\/wp-content\/uploads\/amstel_printing_logo_clean.png","width":324,"height":73,"caption":"Amstel Printing"},"image":{"@id":"https:\/\/www.amstelprinting.nl\/es\/#\/schema\/logo\/image\/"}}]}},"_links":{"self":[{"href":"https:\/\/www.amstelprinting.nl\/es\/wp-json\/wp\/v2\/product\/13647","targetHints":{"allow":["GET"]}}],"collection":[{"href":"https:\/\/www.amstelprinting.nl\/es\/wp-json\/wp\/v2\/product"}],"about":[{"href":"https:\/\/www.amstelprinting.nl\/es\/wp-json\/wp\/v2\/types\/product"}],"wp:featuredmedia":[{"embeddable":true,"href":"https:\/\/www.amstelprinting.nl\/es\/wp-json\/wp\/v2\/media\/13649"}],"wp:attachment":[{"href":"https:\/\/www.amstelprinting.nl\/es\/wp-json\/wp\/v2\/media?parent=13647"}],"wp:term":[{"taxonomy":"product_brand","embeddable":true,"href":"https:\/\/www.amstelprinting.nl\/es\/wp-json\/wp\/v2\/product_brand?post=13647"},{"taxonomy":"product_cat","embeddable":true,"href":"https:\/\/www.amstelprinting.nl\/es\/wp-json\/wp\/v2\/product_cat?post=13647"},{"taxonomy":"product_tag","embeddable":true,"href":"https:\/\/www.amstelprinting.nl\/es\/wp-json\/wp\/v2\/product_tag?post=13647"}],"curies":[{"name":"wp","href":"https:\/\/api.w.org\/{rel}","templated":true}]}}