{"id":13658,"date":"2025-01-24T11:35:36","date_gmt":"2025-01-24T10:35:36","guid":{"rendered":"https:\/\/www.amstelprinting.nl\/winkel\/sin%20categor\u00eda\/stoepborden-met-swingvoet\/"},"modified":"2026-02-18T12:47:30","modified_gmt":"2026-02-18T11:47:30","slug":"caballetes-publicitarios-con-base-oscilante","status":"publish","type":"product","link":"https:\/\/www.amstelprinting.nl\/es\/tienda\/publicidad-exterior\/vallas-publicitarias\/caballetes-publicitarios-con-base-oscilante\/","title":{"rendered":"Caballetes publicitarios con base oscilante"},"content":{"rendered":"<h3>Pedir caballetes publicitarios econ\u00f3micos<\/h3>\n<p>Los caballetes publicitarios se pueden utilizar de forma eficaz y econ\u00f3mica para transmitir su mensaje. El caballete con base oscilante est\u00e1 equipado con resortes fuertes en la base, lo que permite que el caballete permanezca en su lugar incluso con vientos fuertes.<\/p>\n<h3>M\u00e1xima exposici\u00f3n<\/h3>\n<p>Es imposible que los transe\u00fantes pasen por alto su mensaje. El formato grande (p\u00f3ster A0 o A1) garantiza que su mensaje destaque. Gracias al marco de clic doble, su dise\u00f1o tambi\u00e9n es visible en ambos lados.<\/p>\n<h3>Larga vida \u00fatil<\/h3>\n<p>Gracias a los marcos de clic de aluminio, puede cambiar los p\u00f3steres de forma r\u00e1pida y sencilla. Por lo tanto, no es necesario comprar un sistema nuevo para una nueva promoci\u00f3n, sino que puede pedir dos p\u00f3steres adicionales de forma econ\u00f3mica.<\/p>\n<p>Atenci\u00f3n: nuestros caballetes con base oscilante est\u00e1n equipados con marcos de clic resistentes a salpicaduras. Una peque\u00f1a llovizna no es un problema. Puede pedir un caballete 100% impermeable aqu\u00ed.<\/p>\n","protected":false},"excerpt":{"rendered":"<p>Caballete publicitario resistente a salpicaduras para dos p\u00f3steres A0 o A1.<\/p>\n","protected":false},"featured_media":13659,"template":"","meta":{"_et_pb_use_builder":"","_et_pb_old_content":"","_et_gb_content_width":""},"product_brand":[],"product_cat":[450,531,468],"product_tag":[],"class_list":{"0":"post-13658","1":"product","2":"type-product","3":"status-publish","4":"has-post-thumbnail","6":"product_cat-publicidad-exterior","7":"product_cat-senales-de-acera","8":"product_cat-vallas-publicitarias","10":"first","11":"instock","12":"taxable","13":"shipping-taxable","14":"purchasable","15":"product-type-simple"},"yoast_head":"<!-- This site is optimized with the Yoast SEO plugin v27.3 - https:\/\/yoast.com\/product\/yoast-seo-wordpress\/ -->\n<title>Caballetes publicitarios con base oscilante | Amstel Printing<\/title>\n<meta name=\"robots\" content=\"index, follow, max-snippet:-1, max-image-preview:large, max-video-preview:-1\" \/>\n<link rel=\"canonical\" href=\"https:\/\/www.amstelprinting.nl\/es\/tienda\/publicidad-exterior\/vallas-publicitarias\/caballetes-publicitarios-con-base-oscilante\/\" \/>\n<meta property=\"og:locale\" content=\"es_ES\" \/>\n<meta property=\"og:type\" content=\"article\" \/>\n<meta property=\"og:title\" content=\"Caballetes publicitarios con base oscilante | Amstel Printing\" \/>\n<meta property=\"og:description\" content=\"Caballete publicitario resistente a salpicaduras para dos p\u00f3steres A0 o A1.\" \/>\n<meta property=\"og:url\" content=\"https:\/\/www.amstelprinting.nl\/es\/tienda\/publicidad-exterior\/vallas-publicitarias\/caballetes-publicitarios-con-base-oscilante\/\" \/>\n<meta property=\"og:site_name\" content=\"Amstel Printing\" \/>\n<meta property=\"article:modified_time\" content=\"2026-02-18T11:47:30+00:00\" \/>\n<meta property=\"og:image\" content=\"https:\/\/www.amstelprinting.nl\/wp-content\/uploads\/Stoepborden-swingvoet-bedrukken.png\" \/>\n\t<meta property=\"og:image:width\" content=\"700\" \/>\n\t<meta property=\"og:image:height\" content=\"700\" \/>\n\t<meta property=\"og:image:type\" content=\"image\/png\" \/>\n<meta name=\"twitter:card\" content=\"summary_large_image\" \/>\n<meta name=\"twitter:label1\" content=\"Tiempo de lectura\" \/>\n\t<meta name=\"twitter:data1\" content=\"1 minuto\" \/>\n<script type=\"application\/ld+json\" class=\"yoast-schema-graph\">{\"@context\":\"https:\\\/\\\/schema.org\",\"@graph\":[{\"@type\":\"WebPage\",\"@id\":\"https:\\\/\\\/www.amstelprinting.nl\\\/es\\\/tienda\\\/publicidad-exterior\\\/vallas-publicitarias\\\/caballetes-publicitarios-con-base-oscilante\\\/\",\"url\":\"https:\\\/\\\/www.amstelprinting.nl\\\/es\\\/tienda\\\/publicidad-exterior\\\/vallas-publicitarias\\\/caballetes-publicitarios-con-base-oscilante\\\/\",\"name\":\"Caballetes publicitarios con base oscilante | Amstel Printing\",\"isPartOf\":{\"@id\":\"https:\\\/\\\/www.amstelprinting.nl\\\/es\\\/#website\"},\"primaryImageOfPage\":{\"@id\":\"https:\\\/\\\/www.amstelprinting.nl\\\/es\\\/tienda\\\/publicidad-exterior\\\/vallas-publicitarias\\\/caballetes-publicitarios-con-base-oscilante\\\/#primaryimage\"},\"image\":{\"@id\":\"https:\\\/\\\/www.amstelprinting.nl\\\/es\\\/tienda\\\/publicidad-exterior\\\/vallas-publicitarias\\\/caballetes-publicitarios-con-base-oscilante\\\/#primaryimage\"},\"thumbnailUrl\":\"https:\\\/\\\/www.amstelprinting.nl\\\/wp-content\\\/uploads\\\/Stoepborden-swingvoet-bedrukken.png\",\"datePublished\":\"2025-01-24T10:35:36+00:00\",\"dateModified\":\"2026-02-18T11:47:30+00:00\",\"breadcrumb\":{\"@id\":\"https:\\\/\\\/www.amstelprinting.nl\\\/es\\\/tienda\\\/publicidad-exterior\\\/vallas-publicitarias\\\/caballetes-publicitarios-con-base-oscilante\\\/#breadcrumb\"},\"inLanguage\":\"es\",\"potentialAction\":[{\"@type\":\"ReadAction\",\"target\":[\"https:\\\/\\\/www.amstelprinting.nl\\\/es\\\/tienda\\\/publicidad-exterior\\\/vallas-publicitarias\\\/caballetes-publicitarios-con-base-oscilante\\\/\"]}]},{\"@type\":\"ImageObject\",\"inLanguage\":\"es\",\"@id\":\"https:\\\/\\\/www.amstelprinting.nl\\\/es\\\/tienda\\\/publicidad-exterior\\\/vallas-publicitarias\\\/caballetes-publicitarios-con-base-oscilante\\\/#primaryimage\",\"url\":\"https:\\\/\\\/www.amstelprinting.nl\\\/wp-content\\\/uploads\\\/Stoepborden-swingvoet-bedrukken.png\",\"contentUrl\":\"https:\\\/\\\/www.amstelprinting.nl\\\/wp-content\\\/uploads\\\/Stoepborden-swingvoet-bedrukken.png\",\"width\":700,\"height\":700},{\"@type\":\"BreadcrumbList\",\"@id\":\"https:\\\/\\\/www.amstelprinting.nl\\\/es\\\/tienda\\\/publicidad-exterior\\\/vallas-publicitarias\\\/caballetes-publicitarios-con-base-oscilante\\\/#breadcrumb\",\"itemListElement\":[{\"@type\":\"ListItem\",\"position\":1,\"name\":\"\",\"item\":\"https:\\\/\\\/www.amstelprinting.nl\\\/es\\\/\"},{\"@type\":\"ListItem\",\"position\":2,\"name\":\"Amstel Printing\",\"item\":\"https:\\\/\\\/www.amstelprinting.nl\\\/es\\\/comercio\\\/\"},{\"@type\":\"ListItem\",\"position\":3,\"name\":\"Publicidad exterior\",\"item\":\"https:\\\/\\\/www.amstelprinting.nl\\\/es\\\/categor\u00eda\\\/publicidad-exterior\\\/\"},{\"@type\":\"ListItem\",\"position\":4,\"name\":\"vallas publicitarias\",\"item\":\"https:\\\/\\\/www.amstelprinting.nl\\\/es\\\/categor\u00eda\\\/publicidad-exterior\\\/vallas-publicitarias\\\/\"},{\"@type\":\"ListItem\",\"position\":5,\"name\":\"Caballetes publicitarios con base oscilante\"}]},{\"@type\":\"WebSite\",\"@id\":\"https:\\\/\\\/www.amstelprinting.nl\\\/es\\\/#website\",\"url\":\"https:\\\/\\\/www.amstelprinting.nl\\\/es\\\/\",\"name\":\"Amstel Printing\",\"description\":\"Creating Exposure\",\"publisher\":{\"@id\":\"https:\\\/\\\/www.amstelprinting.nl\\\/es\\\/#organization\"},\"potentialAction\":[{\"@type\":\"SearchAction\",\"target\":{\"@type\":\"EntryPoint\",\"urlTemplate\":\"https:\\\/\\\/www.amstelprinting.nl\\\/es\\\/?s={search_term_string}\"},\"query-input\":{\"@type\":\"PropertyValueSpecification\",\"valueRequired\":true,\"valueName\":\"search_term_string\"}}],\"inLanguage\":\"es\"},{\"@type\":\"Organization\",\"@id\":\"https:\\\/\\\/www.amstelprinting.nl\\\/es\\\/#organization\",\"name\":\"Amstel Printing\",\"url\":\"https:\\\/\\\/www.amstelprinting.nl\\\/es\\\/\",\"logo\":{\"@type\":\"ImageObject\",\"inLanguage\":\"es\",\"@id\":\"https:\\\/\\\/www.amstelprinting.nl\\\/es\\\/#\\\/schema\\\/logo\\\/image\\\/\",\"url\":\"https:\\\/\\\/www.amstelprinting.nl\\\/wp-content\\\/uploads\\\/amstel_printing_logo_clean.png\",\"contentUrl\":\"https:\\\/\\\/www.amstelprinting.nl\\\/wp-content\\\/uploads\\\/amstel_printing_logo_clean.png\",\"width\":324,\"height\":73,\"caption\":\"Amstel Printing\"},\"image\":{\"@id\":\"https:\\\/\\\/www.amstelprinting.nl\\\/es\\\/#\\\/schema\\\/logo\\\/image\\\/\"}}]}<\/script>\n<!-- \/ Yoast SEO plugin. -->","yoast_head_json":{"title":"Caballetes publicitarios con base oscilante | Amstel Printing","robots":{"index":"index","follow":"follow","max-snippet":"max-snippet:-1","max-image-preview":"max-image-preview:large","max-video-preview":"max-video-preview:-1"},"canonical":"https:\/\/www.amstelprinting.nl\/es\/tienda\/publicidad-exterior\/vallas-publicitarias\/caballetes-publicitarios-con-base-oscilante\/","og_locale":"es_ES","og_type":"article","og_title":"Caballetes publicitarios con base oscilante | Amstel Printing","og_description":"Caballete publicitario resistente a salpicaduras para dos p\u00f3steres A0 o A1.","og_url":"https:\/\/www.amstelprinting.nl\/es\/tienda\/publicidad-exterior\/vallas-publicitarias\/caballetes-publicitarios-con-base-oscilante\/","og_site_name":"Amstel Printing","article_modified_time":"2026-02-18T11:47:30+00:00","og_image":[{"width":700,"height":700,"url":"https:\/\/www.amstelprinting.nl\/wp-content\/uploads\/Stoepborden-swingvoet-bedrukken.png","type":"image\/png"}],"twitter_card":"summary_large_image","twitter_misc":{"Tiempo de lectura":"1 minuto"},"schema":{"@context":"https:\/\/schema.org","@graph":[{"@type":"WebPage","@id":"https:\/\/www.amstelprinting.nl\/es\/tienda\/publicidad-exterior\/vallas-publicitarias\/caballetes-publicitarios-con-base-oscilante\/","url":"https:\/\/www.amstelprinting.nl\/es\/tienda\/publicidad-exterior\/vallas-publicitarias\/caballetes-publicitarios-con-base-oscilante\/","name":"Caballetes publicitarios con base oscilante | Amstel Printing","isPartOf":{"@id":"https:\/\/www.amstelprinting.nl\/es\/#website"},"primaryImageOfPage":{"@id":"https:\/\/www.amstelprinting.nl\/es\/tienda\/publicidad-exterior\/vallas-publicitarias\/caballetes-publicitarios-con-base-oscilante\/#primaryimage"},"image":{"@id":"https:\/\/www.amstelprinting.nl\/es\/tienda\/publicidad-exterior\/vallas-publicitarias\/caballetes-publicitarios-con-base-oscilante\/#primaryimage"},"thumbnailUrl":"https:\/\/www.amstelprinting.nl\/wp-content\/uploads\/Stoepborden-swingvoet-bedrukken.png","datePublished":"2025-01-24T10:35:36+00:00","dateModified":"2026-02-18T11:47:30+00:00","breadcrumb":{"@id":"https:\/\/www.amstelprinting.nl\/es\/tienda\/publicidad-exterior\/vallas-publicitarias\/caballetes-publicitarios-con-base-oscilante\/#breadcrumb"},"inLanguage":"es","potentialAction":[{"@type":"ReadAction","target":["https:\/\/www.amstelprinting.nl\/es\/tienda\/publicidad-exterior\/vallas-publicitarias\/caballetes-publicitarios-con-base-oscilante\/"]}]},{"@type":"ImageObject","inLanguage":"es","@id":"https:\/\/www.amstelprinting.nl\/es\/tienda\/publicidad-exterior\/vallas-publicitarias\/caballetes-publicitarios-con-base-oscilante\/#primaryimage","url":"https:\/\/www.amstelprinting.nl\/wp-content\/uploads\/Stoepborden-swingvoet-bedrukken.png","contentUrl":"https:\/\/www.amstelprinting.nl\/wp-content\/uploads\/Stoepborden-swingvoet-bedrukken.png","width":700,"height":700},{"@type":"BreadcrumbList","@id":"https:\/\/www.amstelprinting.nl\/es\/tienda\/publicidad-exterior\/vallas-publicitarias\/caballetes-publicitarios-con-base-oscilante\/#breadcrumb","itemListElement":[{"@type":"ListItem","position":1,"name":"","item":"https:\/\/www.amstelprinting.nl\/es\/"},{"@type":"ListItem","position":2,"name":"Amstel Printing","item":"https:\/\/www.amstelprinting.nl\/es\/comercio\/"},{"@type":"ListItem","position":3,"name":"Publicidad exterior","item":"https:\/\/www.amstelprinting.nl\/es\/categor\u00eda\/publicidad-exterior\/"},{"@type":"ListItem","position":4,"name":"vallas publicitarias","item":"https:\/\/www.amstelprinting.nl\/es\/categor\u00eda\/publicidad-exterior\/vallas-publicitarias\/"},{"@type":"ListItem","position":5,"name":"Caballetes publicitarios con base oscilante"}]},{"@type":"WebSite","@id":"https:\/\/www.amstelprinting.nl\/es\/#website","url":"https:\/\/www.amstelprinting.nl\/es\/","name":"Amstel Printing","description":"Creating Exposure","publisher":{"@id":"https:\/\/www.amstelprinting.nl\/es\/#organization"},"potentialAction":[{"@type":"SearchAction","target":{"@type":"EntryPoint","urlTemplate":"https:\/\/www.amstelprinting.nl\/es\/?s={search_term_string}"},"query-input":{"@type":"PropertyValueSpecification","valueRequired":true,"valueName":"search_term_string"}}],"inLanguage":"es"},{"@type":"Organization","@id":"https:\/\/www.amstelprinting.nl\/es\/#organization","name":"Amstel Printing","url":"https:\/\/www.amstelprinting.nl\/es\/","logo":{"@type":"ImageObject","inLanguage":"es","@id":"https:\/\/www.amstelprinting.nl\/es\/#\/schema\/logo\/image\/","url":"https:\/\/www.amstelprinting.nl\/wp-content\/uploads\/amstel_printing_logo_clean.png","contentUrl":"https:\/\/www.amstelprinting.nl\/wp-content\/uploads\/amstel_printing_logo_clean.png","width":324,"height":73,"caption":"Amstel Printing"},"image":{"@id":"https:\/\/www.amstelprinting.nl\/es\/#\/schema\/logo\/image\/"}}]}},"_links":{"self":[{"href":"https:\/\/www.amstelprinting.nl\/es\/wp-json\/wp\/v2\/product\/13658","targetHints":{"allow":["GET"]}}],"collection":[{"href":"https:\/\/www.amstelprinting.nl\/es\/wp-json\/wp\/v2\/product"}],"about":[{"href":"https:\/\/www.amstelprinting.nl\/es\/wp-json\/wp\/v2\/types\/product"}],"wp:featuredmedia":[{"embeddable":true,"href":"https:\/\/www.amstelprinting.nl\/es\/wp-json\/wp\/v2\/media\/13659"}],"wp:attachment":[{"href":"https:\/\/www.amstelprinting.nl\/es\/wp-json\/wp\/v2\/media?parent=13658"}],"wp:term":[{"taxonomy":"product_brand","embeddable":true,"href":"https:\/\/www.amstelprinting.nl\/es\/wp-json\/wp\/v2\/product_brand?post=13658"},{"taxonomy":"product_cat","embeddable":true,"href":"https:\/\/www.amstelprinting.nl\/es\/wp-json\/wp\/v2\/product_cat?post=13658"},{"taxonomy":"product_tag","embeddable":true,"href":"https:\/\/www.amstelprinting.nl\/es\/wp-json\/wp\/v2\/product_tag?post=13658"}],"curies":[{"name":"wp","href":"https:\/\/api.w.org\/{rel}","templated":true}]}}