{"id":13708,"date":"2025-01-24T11:34:57","date_gmt":"2025-01-24T10:34:57","guid":{"rendered":"https:\/\/www.amstelprinting.nl\/winkel\/sin%20categor\u00eda\/raamstickers\/"},"modified":"2026-02-18T12:47:33","modified_gmt":"2026-02-18T11:47:33","slug":"vinilos-para-ventanas","status":"publish","type":"product","link":"https:\/\/www.amstelprinting.nl\/es\/tienda\/publicidad-exterior\/publicidad-en-fachada\/vinilos-para-ventanas\/","title":{"rendered":"Vinilos para ventanas"},"content":{"rendered":"<h3>Pedir vinilos para ventanas<\/h3>\n<p>Nuestros vinilos para ventanas est\u00e1n disponibles en diversos estilos para satisfacer todos sus deseos:<\/p>\n<ul>\n<li><strong>Blanco<\/strong>: Para una presentaci\u00f3n clara y llamativa.<\/li>\n<li><strong>Transparente<\/strong>: Para un aspecto sutil y elegante.<\/li>\n<li><strong>Transparente cristal<\/strong>: Para un acabado casi invisible que, aun as\u00ed, transmite su mensaje.<\/li>\n<li><strong>Efecto \u00e1cido (vidrio grabado)<\/strong>: Para un acabado mate de lujo que ofrece privacidad.<\/li>\n<li><strong>Visi\u00f3n unidireccional (One way vision)<\/strong>: Para privacidad en el interior mientras puede seguir viendo hacia afuera.<\/li>\n<\/ul>\n<p>&nbsp;<\/p>\n<h3>F\u00e1cil de aplicar<\/h3>\n<p>La aplicaci\u00f3n de nuestros vinilos para ventanas es muy sencilla gracias a las l\u00e1minas de calidad f\u00e1ciles de usar. Puede lograr un aspecto profesional de forma r\u00e1pida y sin esfuerzo.<\/p>\n<h3>Accesorios<\/h3>\n<p>Para facilitar a\u00fan m\u00e1s la aplicaci\u00f3n y el acabado de sus vinilos para ventanas, ofrecemos diversos accesorios. Estos le ayudar\u00e1n a conseguir un resultado perfecto y garantizar\u00e1n que sus vinilos para ventanas tengan un aspecto profesional.<\/p>\n<h3>Preguntas frecuentes sobre vinilos para ventanas<\/h3>\n<p><strong>\u00bfCu\u00e1ndo debo reflejar el archivo?<\/strong><br \/>\nRefleje el dise\u00f1o si desea aplicar un vinilo transparente en el interior de la ventana y la imagen debe ser legible desde el exterior.<\/p>\n<p><strong>\u00bfPuedo pedir tambi\u00e9n vinilos de doble cara?<\/strong><br \/>\nLamentablemente, esto no es posible (todav\u00eda).<\/p>\n<p><strong>\u00bfC\u00f3mo pego mi vinilo para ventanas?<\/strong><br \/>\nAseg\u00farese de que la superficie est\u00e9 limpia y libre de grasa. Si la capa adhesiva es apta para la aplicaci\u00f3n en h\u00famedo de la l\u00e1mina, humedezca tanto la superficie como la capa adhesiva con l\u00edquido de aplicaci\u00f3n antes de posicionar la l\u00e1mina. Fije la l\u00e1mina firmemente y pase la esp\u00e1tula lenta y uniformemente para eliminar la humedad de debajo del vinilo. Si no es posible la aplicaci\u00f3n en h\u00famedo, posicione el vinilo desde la parte superior y trabaje gradualmente hacia abajo. Tenga cuidado, ya que con la aplicaci\u00f3n en seco es dif\u00edcil reposicionar y alisar las burbujas de aire en la superficie.<\/p>\n<p>Retire el papel protector f\u00e1cilmente colocando la l\u00e1mina con el lado impreso contra la ventana h\u00fameda. Al usar Lintec, utilice el papel protector como protecci\u00f3n adicional entre la l\u00e1mina y la esp\u00e1tula para evitar da\u00f1os en la impresi\u00f3n y poder ejercer una presi\u00f3n extra durante el espatulado.<\/p>\n","protected":false},"excerpt":{"rendered":"<p><span style=\"font-weight: 400;\">D\u00e9 un nuevo aspecto a sus ventanas f\u00e1cilmente con nuestros vinilos para ventanas de alta calidad. Fabricados con l\u00e1minas de calidad de 3M\u2122, Orajet\u00ae y Avery Dennison, estos vinilos ofrecen ventajas tanto est\u00e9ticas como pr\u00e1cticas. Dependiendo de sus necesidades espec\u00edficas, ya sea para aplicaciones en interiores o exteriores, puede elegir entre diferentes calidades y acabados.<\/span><\/p>\n","protected":false},"featured_media":13709,"template":"","meta":{"_et_pb_use_builder":"","_et_pb_old_content":"","_et_gb_content_width":""},"product_brand":[],"product_cat":[315,576,460,450],"product_tag":[],"class_list":{"0":"post-13708","1":"product","2":"type-product","3":"status-publish","4":"has-post-thumbnail","6":"product_cat-pegatinas-e-impresion","7":"product_cat-pegatinas-grandes","8":"product_cat-publicidad-en-fachada","9":"product_cat-publicidad-exterior","11":"first","12":"instock","13":"taxable","14":"shipping-taxable","15":"purchasable","16":"product-type-simple"},"yoast_head":"<!-- This site is optimized with the Yoast SEO plugin v27.3 - https:\/\/yoast.com\/product\/yoast-seo-wordpress\/ -->\n<title>Vinilos para ventanas a medida - Entrega r\u00e1pida y profesional<\/title>\n<meta name=\"description\" content=\"Vinilos para ventanas a medida. Elija entre diversos materiales y efectos, pida hoy y reciba ma\u00f1ana. F\u00e1ciles de aplicar y aptos para interior y exterior.\" \/>\n<meta name=\"robots\" content=\"index, follow, max-snippet:-1, max-image-preview:large, max-video-preview:-1\" \/>\n<link rel=\"canonical\" href=\"https:\/\/www.amstelprinting.nl\/es\/tienda\/publicidad-exterior\/publicidad-en-fachada\/vinilos-para-ventanas\/\" \/>\n<meta property=\"og:locale\" content=\"es_ES\" \/>\n<meta property=\"og:type\" content=\"article\" \/>\n<meta property=\"og:title\" content=\"Vinilos para ventanas a medida - Entrega r\u00e1pida y profesional\" \/>\n<meta property=\"og:description\" content=\"Vinilos para ventanas a medida. Elija entre diversos materiales y efectos, pida hoy y reciba ma\u00f1ana. F\u00e1ciles de aplicar y aptos para interior y exterior.\" \/>\n<meta property=\"og:url\" content=\"https:\/\/www.amstelprinting.nl\/es\/tienda\/publicidad-exterior\/publicidad-en-fachada\/vinilos-para-ventanas\/\" \/>\n<meta property=\"og:site_name\" content=\"Amstel Printing\" \/>\n<meta property=\"article:modified_time\" content=\"2026-02-18T11:47:33+00:00\" \/>\n<meta property=\"og:image\" content=\"https:\/\/www.amstelprinting.nl\/wp-content\/uploads\/raamsticker-bedrukken-2.png\" \/>\n\t<meta property=\"og:image:width\" content=\"900\" \/>\n\t<meta property=\"og:image:height\" content=\"900\" \/>\n\t<meta property=\"og:image:type\" content=\"image\/png\" \/>\n<meta name=\"twitter:card\" content=\"summary_large_image\" \/>\n<meta name=\"twitter:label1\" content=\"Tiempo de lectura\" \/>\n\t<meta name=\"twitter:data1\" content=\"2 minutos\" \/>\n<script type=\"application\/ld+json\" class=\"yoast-schema-graph\">{\"@context\":\"https:\\\/\\\/schema.org\",\"@graph\":[{\"@type\":\"WebPage\",\"@id\":\"https:\\\/\\\/www.amstelprinting.nl\\\/es\\\/tienda\\\/publicidad-exterior\\\/publicidad-en-fachada\\\/vinilos-para-ventanas\\\/\",\"url\":\"https:\\\/\\\/www.amstelprinting.nl\\\/es\\\/tienda\\\/publicidad-exterior\\\/publicidad-en-fachada\\\/vinilos-para-ventanas\\\/\",\"name\":\"Vinilos para ventanas a medida - Entrega r\u00e1pida y profesional\",\"isPartOf\":{\"@id\":\"https:\\\/\\\/www.amstelprinting.nl\\\/es\\\/#website\"},\"primaryImageOfPage\":{\"@id\":\"https:\\\/\\\/www.amstelprinting.nl\\\/es\\\/tienda\\\/publicidad-exterior\\\/publicidad-en-fachada\\\/vinilos-para-ventanas\\\/#primaryimage\"},\"image\":{\"@id\":\"https:\\\/\\\/www.amstelprinting.nl\\\/es\\\/tienda\\\/publicidad-exterior\\\/publicidad-en-fachada\\\/vinilos-para-ventanas\\\/#primaryimage\"},\"thumbnailUrl\":\"https:\\\/\\\/www.amstelprinting.nl\\\/wp-content\\\/uploads\\\/raamsticker-bedrukken-2.png\",\"datePublished\":\"2025-01-24T10:34:57+00:00\",\"dateModified\":\"2026-02-18T11:47:33+00:00\",\"description\":\"Vinilos para ventanas a medida. Elija entre diversos materiales y efectos, pida hoy y reciba ma\u00f1ana. F\u00e1ciles de aplicar y aptos para interior y exterior.\",\"breadcrumb\":{\"@id\":\"https:\\\/\\\/www.amstelprinting.nl\\\/es\\\/tienda\\\/publicidad-exterior\\\/publicidad-en-fachada\\\/vinilos-para-ventanas\\\/#breadcrumb\"},\"inLanguage\":\"es\",\"potentialAction\":[{\"@type\":\"ReadAction\",\"target\":[\"https:\\\/\\\/www.amstelprinting.nl\\\/es\\\/tienda\\\/publicidad-exterior\\\/publicidad-en-fachada\\\/vinilos-para-ventanas\\\/\"]}]},{\"@type\":\"ImageObject\",\"inLanguage\":\"es\",\"@id\":\"https:\\\/\\\/www.amstelprinting.nl\\\/es\\\/tienda\\\/publicidad-exterior\\\/publicidad-en-fachada\\\/vinilos-para-ventanas\\\/#primaryimage\",\"url\":\"https:\\\/\\\/www.amstelprinting.nl\\\/wp-content\\\/uploads\\\/raamsticker-bedrukken-2.png\",\"contentUrl\":\"https:\\\/\\\/www.amstelprinting.nl\\\/wp-content\\\/uploads\\\/raamsticker-bedrukken-2.png\",\"width\":900,\"height\":900},{\"@type\":\"BreadcrumbList\",\"@id\":\"https:\\\/\\\/www.amstelprinting.nl\\\/es\\\/tienda\\\/publicidad-exterior\\\/publicidad-en-fachada\\\/vinilos-para-ventanas\\\/#breadcrumb\",\"itemListElement\":[{\"@type\":\"ListItem\",\"position\":1,\"name\":\"\",\"item\":\"https:\\\/\\\/www.amstelprinting.nl\\\/es\\\/\"},{\"@type\":\"ListItem\",\"position\":2,\"name\":\"Amstel Printing\",\"item\":\"https:\\\/\\\/www.amstelprinting.nl\\\/es\\\/comercio\\\/\"},{\"@type\":\"ListItem\",\"position\":3,\"name\":\"Publicidad exterior\",\"item\":\"https:\\\/\\\/www.amstelprinting.nl\\\/es\\\/categor\u00eda\\\/publicidad-exterior\\\/\"},{\"@type\":\"ListItem\",\"position\":4,\"name\":\"Publicidad en fachada\",\"item\":\"https:\\\/\\\/www.amstelprinting.nl\\\/es\\\/categor\u00eda\\\/publicidad-exterior\\\/publicidad-en-fachada\\\/\"},{\"@type\":\"ListItem\",\"position\":5,\"name\":\"Vinilos para ventanas\"}]},{\"@type\":\"WebSite\",\"@id\":\"https:\\\/\\\/www.amstelprinting.nl\\\/es\\\/#website\",\"url\":\"https:\\\/\\\/www.amstelprinting.nl\\\/es\\\/\",\"name\":\"Amstel Printing\",\"description\":\"Creating Exposure\",\"publisher\":{\"@id\":\"https:\\\/\\\/www.amstelprinting.nl\\\/es\\\/#organization\"},\"potentialAction\":[{\"@type\":\"SearchAction\",\"target\":{\"@type\":\"EntryPoint\",\"urlTemplate\":\"https:\\\/\\\/www.amstelprinting.nl\\\/es\\\/?s={search_term_string}\"},\"query-input\":{\"@type\":\"PropertyValueSpecification\",\"valueRequired\":true,\"valueName\":\"search_term_string\"}}],\"inLanguage\":\"es\"},{\"@type\":\"Organization\",\"@id\":\"https:\\\/\\\/www.amstelprinting.nl\\\/es\\\/#organization\",\"name\":\"Amstel Printing\",\"url\":\"https:\\\/\\\/www.amstelprinting.nl\\\/es\\\/\",\"logo\":{\"@type\":\"ImageObject\",\"inLanguage\":\"es\",\"@id\":\"https:\\\/\\\/www.amstelprinting.nl\\\/es\\\/#\\\/schema\\\/logo\\\/image\\\/\",\"url\":\"https:\\\/\\\/www.amstelprinting.nl\\\/wp-content\\\/uploads\\\/amstel_printing_logo_clean.png\",\"contentUrl\":\"https:\\\/\\\/www.amstelprinting.nl\\\/wp-content\\\/uploads\\\/amstel_printing_logo_clean.png\",\"width\":324,\"height\":73,\"caption\":\"Amstel Printing\"},\"image\":{\"@id\":\"https:\\\/\\\/www.amstelprinting.nl\\\/es\\\/#\\\/schema\\\/logo\\\/image\\\/\"}}]}<\/script>\n<!-- \/ Yoast SEO plugin. -->","yoast_head_json":{"title":"Vinilos para ventanas a medida - Entrega r\u00e1pida y profesional","description":"Vinilos para ventanas a medida. Elija entre diversos materiales y efectos, pida hoy y reciba ma\u00f1ana. F\u00e1ciles de aplicar y aptos para interior y exterior.","robots":{"index":"index","follow":"follow","max-snippet":"max-snippet:-1","max-image-preview":"max-image-preview:large","max-video-preview":"max-video-preview:-1"},"canonical":"https:\/\/www.amstelprinting.nl\/es\/tienda\/publicidad-exterior\/publicidad-en-fachada\/vinilos-para-ventanas\/","og_locale":"es_ES","og_type":"article","og_title":"Vinilos para ventanas a medida - Entrega r\u00e1pida y profesional","og_description":"Vinilos para ventanas a medida. Elija entre diversos materiales y efectos, pida hoy y reciba ma\u00f1ana. F\u00e1ciles de aplicar y aptos para interior y exterior.","og_url":"https:\/\/www.amstelprinting.nl\/es\/tienda\/publicidad-exterior\/publicidad-en-fachada\/vinilos-para-ventanas\/","og_site_name":"Amstel Printing","article_modified_time":"2026-02-18T11:47:33+00:00","og_image":[{"width":900,"height":900,"url":"https:\/\/www.amstelprinting.nl\/wp-content\/uploads\/raamsticker-bedrukken-2.png","type":"image\/png"}],"twitter_card":"summary_large_image","twitter_misc":{"Tiempo de lectura":"2 minutos"},"schema":{"@context":"https:\/\/schema.org","@graph":[{"@type":"WebPage","@id":"https:\/\/www.amstelprinting.nl\/es\/tienda\/publicidad-exterior\/publicidad-en-fachada\/vinilos-para-ventanas\/","url":"https:\/\/www.amstelprinting.nl\/es\/tienda\/publicidad-exterior\/publicidad-en-fachada\/vinilos-para-ventanas\/","name":"Vinilos para ventanas a medida - Entrega r\u00e1pida y profesional","isPartOf":{"@id":"https:\/\/www.amstelprinting.nl\/es\/#website"},"primaryImageOfPage":{"@id":"https:\/\/www.amstelprinting.nl\/es\/tienda\/publicidad-exterior\/publicidad-en-fachada\/vinilos-para-ventanas\/#primaryimage"},"image":{"@id":"https:\/\/www.amstelprinting.nl\/es\/tienda\/publicidad-exterior\/publicidad-en-fachada\/vinilos-para-ventanas\/#primaryimage"},"thumbnailUrl":"https:\/\/www.amstelprinting.nl\/wp-content\/uploads\/raamsticker-bedrukken-2.png","datePublished":"2025-01-24T10:34:57+00:00","dateModified":"2026-02-18T11:47:33+00:00","description":"Vinilos para ventanas a medida. Elija entre diversos materiales y efectos, pida hoy y reciba ma\u00f1ana. F\u00e1ciles de aplicar y aptos para interior y exterior.","breadcrumb":{"@id":"https:\/\/www.amstelprinting.nl\/es\/tienda\/publicidad-exterior\/publicidad-en-fachada\/vinilos-para-ventanas\/#breadcrumb"},"inLanguage":"es","potentialAction":[{"@type":"ReadAction","target":["https:\/\/www.amstelprinting.nl\/es\/tienda\/publicidad-exterior\/publicidad-en-fachada\/vinilos-para-ventanas\/"]}]},{"@type":"ImageObject","inLanguage":"es","@id":"https:\/\/www.amstelprinting.nl\/es\/tienda\/publicidad-exterior\/publicidad-en-fachada\/vinilos-para-ventanas\/#primaryimage","url":"https:\/\/www.amstelprinting.nl\/wp-content\/uploads\/raamsticker-bedrukken-2.png","contentUrl":"https:\/\/www.amstelprinting.nl\/wp-content\/uploads\/raamsticker-bedrukken-2.png","width":900,"height":900},{"@type":"BreadcrumbList","@id":"https:\/\/www.amstelprinting.nl\/es\/tienda\/publicidad-exterior\/publicidad-en-fachada\/vinilos-para-ventanas\/#breadcrumb","itemListElement":[{"@type":"ListItem","position":1,"name":"","item":"https:\/\/www.amstelprinting.nl\/es\/"},{"@type":"ListItem","position":2,"name":"Amstel Printing","item":"https:\/\/www.amstelprinting.nl\/es\/comercio\/"},{"@type":"ListItem","position":3,"name":"Publicidad exterior","item":"https:\/\/www.amstelprinting.nl\/es\/categor\u00eda\/publicidad-exterior\/"},{"@type":"ListItem","position":4,"name":"Publicidad en fachada","item":"https:\/\/www.amstelprinting.nl\/es\/categor\u00eda\/publicidad-exterior\/publicidad-en-fachada\/"},{"@type":"ListItem","position":5,"name":"Vinilos para ventanas"}]},{"@type":"WebSite","@id":"https:\/\/www.amstelprinting.nl\/es\/#website","url":"https:\/\/www.amstelprinting.nl\/es\/","name":"Amstel Printing","description":"Creating Exposure","publisher":{"@id":"https:\/\/www.amstelprinting.nl\/es\/#organization"},"potentialAction":[{"@type":"SearchAction","target":{"@type":"EntryPoint","urlTemplate":"https:\/\/www.amstelprinting.nl\/es\/?s={search_term_string}"},"query-input":{"@type":"PropertyValueSpecification","valueRequired":true,"valueName":"search_term_string"}}],"inLanguage":"es"},{"@type":"Organization","@id":"https:\/\/www.amstelprinting.nl\/es\/#organization","name":"Amstel Printing","url":"https:\/\/www.amstelprinting.nl\/es\/","logo":{"@type":"ImageObject","inLanguage":"es","@id":"https:\/\/www.amstelprinting.nl\/es\/#\/schema\/logo\/image\/","url":"https:\/\/www.amstelprinting.nl\/wp-content\/uploads\/amstel_printing_logo_clean.png","contentUrl":"https:\/\/www.amstelprinting.nl\/wp-content\/uploads\/amstel_printing_logo_clean.png","width":324,"height":73,"caption":"Amstel Printing"},"image":{"@id":"https:\/\/www.amstelprinting.nl\/es\/#\/schema\/logo\/image\/"}}]}},"_links":{"self":[{"href":"https:\/\/www.amstelprinting.nl\/es\/wp-json\/wp\/v2\/product\/13708","targetHints":{"allow":["GET"]}}],"collection":[{"href":"https:\/\/www.amstelprinting.nl\/es\/wp-json\/wp\/v2\/product"}],"about":[{"href":"https:\/\/www.amstelprinting.nl\/es\/wp-json\/wp\/v2\/types\/product"}],"wp:featuredmedia":[{"embeddable":true,"href":"https:\/\/www.amstelprinting.nl\/es\/wp-json\/wp\/v2\/media\/13709"}],"wp:attachment":[{"href":"https:\/\/www.amstelprinting.nl\/es\/wp-json\/wp\/v2\/media?parent=13708"}],"wp:term":[{"taxonomy":"product_brand","embeddable":true,"href":"https:\/\/www.amstelprinting.nl\/es\/wp-json\/wp\/v2\/product_brand?post=13708"},{"taxonomy":"product_cat","embeddable":true,"href":"https:\/\/www.amstelprinting.nl\/es\/wp-json\/wp\/v2\/product_cat?post=13708"},{"taxonomy":"product_tag","embeddable":true,"href":"https:\/\/www.amstelprinting.nl\/es\/wp-json\/wp\/v2\/product_tag?post=13708"}],"curies":[{"name":"wp","href":"https:\/\/api.w.org\/{rel}","templated":true}]}}