{"id":13718,"date":"2025-01-24T11:34:51","date_gmt":"2025-01-24T10:34:51","guid":{"rendered":"https:\/\/www.amstelprinting.nl\/winkel\/sin%20categor\u00eda\/aluminium-bord\/"},"modified":"2026-02-18T12:47:34","modified_gmt":"2026-02-18T11:47:34","slug":"cartel-de-aluminio","status":"publish","type":"product","link":"https:\/\/www.amstelprinting.nl\/es\/tienda\/interior\/productos-fotograficos\/cartel-de-aluminio\/","title":{"rendered":"Cartel de aluminio"},"content":{"rendered":"<h3>Material<\/h3>\n<p>Nuestros carteles de aluminio est\u00e1n fabricados con Dibond\u00ae de alta calidad, disponible en diferentes variantes:<\/p>\n<ul>\n<li><strong>Dibond\u00ae Budget<\/strong>: La variante m\u00e1s econ\u00f3mica, ideal para proyectos de bajo presupuesto.<\/li>\n<li><strong>Dibond\u00ae Premium<\/strong>: Ofrece un color de base constante y representa el equilibrio perfecto entre precio y calidad.<\/li>\n<li><strong>Dibond\u00ae Digital<\/strong>: Tiene un color de base constante y se puede imprimir por ambas caras para una m\u00e1xima versatilidad.<\/li>\n<li><strong>Dibond\u00ae XL<\/strong>: Para formatos grandes de hasta 400 x 196 cm, perfecto para paneles y comunicaciones publicitarias extensas.<\/li>\n<\/ul>\n<p>&nbsp;<\/p>\n<h3>Formato y laminado<\/h3>\n<p>Pida carteles de aluminio en cualquier formato deseado hasta 300 x 146 cm en una sola pieza, con divisi\u00f3n autom\u00e1tica para carteles m\u00e1s grandes. El fresado, el corte de contorno y los orificios de perforaci\u00f3n est\u00e1n disponibles como opciones personalizadas en la p\u00e1gina del producto. Adem\u00e1s, d\u00e9 a su placa de Dibond\u00ae un laminado brillante o mate. Esto proporciona una protecci\u00f3n adicional a la impresi\u00f3n y ofrece una reproducci\u00f3n crom\u00e1tica m\u00e1s intensa de su dise\u00f1o. Tiene la opci\u00f3n de elegir un laminado para Dibond\u00ae Premium y Digital.<\/p>\n<h3>Accesorios<\/h3>\n<p>Elija entre una amplia gama de accesorios para colocar su cartel de aluminio de forma autoportante o colgarlo en la pared, incluyendo opciones de laminado brillante o mate para una protecci\u00f3n adicional.<br \/>\nCon nuestra tecnolog\u00eda avanzada y nuestra amplia selecci\u00f3n de opciones, crear\u00e1 sin esfuerzo un cartel de aluminio personalizado que se adapte perfectamente a sus necesidades y especificaciones.<\/p>\n<h3>Preguntas frecuentes<\/h3>\n<p><strong>\u00bfSe puede imprimir en blanco sobre aluminio cepillado?<\/strong><br \/>\nEste material solo est\u00e1 disponible con impresi\u00f3n a todo color. Las partes blancas de su archivo no se imprimir\u00e1n.<\/p>\n<p><strong>\u00bfCu\u00e1l es la mejor manera de limpiar el cartel de aluminio?<\/strong><br \/>\nPuede limpiar los paneles f\u00e1cilmente con un detergente suave. La t\u00e9cnica de impresi\u00f3n UV hace que la tinta se asiente sobre el material. Por lo tanto, tenga cuidado al limpiar para evitar da\u00f1ar la superficie y la tinta. Considere aplicar un laminado a los paneles de Dibond\u00ae para una protecci\u00f3n adicional resistente a los ara\u00f1azos.<\/p>\n<p><strong>\u00bfCu\u00e1l es la ventaja de un laminado?<\/strong><br \/>\nAl dotar a su material de placa con un laminado, mejora la intensidad del color y ofrece una mejor protecci\u00f3n para su impresi\u00f3n contra factores ambientales (clima, viento, lluvia, etc.).<\/p>\n","protected":false},"excerpt":{"rendered":"<p>D\u00e9 a su mensaje la fuerza de la durabilidad y el estilo con nuestros carteles de aluminio personalizados. Nuestros carteles de aluminio no solo son ligeros, sino tambi\u00e9n extremadamente resistentes, ideales para diversas aplicaciones como paneles en marcos, carteles publicitarios en fachadas o como paneles fotogr\u00e1ficos. Ya sea en interiores o exteriores, nuestros carteles le ofrecen una soluci\u00f3n vers\u00e1til que se adapta perfectamente a sus necesidades.<\/p>\n","protected":false},"featured_media":13719,"template":"","meta":{"_et_pb_use_builder":"","_et_pb_old_content":"","_et_gb_content_width":""},"product_brand":[],"product_cat":[545,561,460,450],"product_tag":[],"class_list":{"0":"post-13718","1":"product","2":"type-product","3":"status-publish","4":"has-post-thumbnail","6":"product_cat-interior","7":"product_cat-productos-fotograficos","8":"product_cat-publicidad-en-fachada","9":"product_cat-publicidad-exterior","11":"first","12":"instock","13":"taxable","14":"shipping-taxable","15":"purchasable","16":"product-type-simple"},"yoast_head":"<!-- This site is optimized with the Yoast SEO plugin v27.3 - https:\/\/yoast.com\/product\/yoast-seo-wordpress\/ -->\n<title>Cartel de aluminio | Amstel Printing<\/title>\n<meta name=\"robots\" content=\"index, follow, max-snippet:-1, max-image-preview:large, max-video-preview:-1\" \/>\n<link rel=\"canonical\" href=\"https:\/\/www.amstelprinting.nl\/es\/tienda\/interior\/productos-fotograficos\/cartel-de-aluminio\/\" \/>\n<meta property=\"og:locale\" content=\"es_ES\" \/>\n<meta property=\"og:type\" content=\"article\" \/>\n<meta property=\"og:title\" content=\"Cartel de aluminio | Amstel Printing\" \/>\n<meta property=\"og:description\" content=\"D\u00e9 a su mensaje la fuerza de la durabilidad y el estilo con nuestros carteles de aluminio personalizados. Nuestros carteles de aluminio no solo son ligeros, sino tambi\u00e9n extremadamente resistentes, ideales para diversas aplicaciones como paneles en marcos, carteles publicitarios en fachadas o como paneles fotogr\u00e1ficos. Ya sea en interiores o exteriores, nuestros carteles le ofrecen una soluci\u00f3n vers\u00e1til que se adapta perfectamente a sus necesidades.\" \/>\n<meta property=\"og:url\" content=\"https:\/\/www.amstelprinting.nl\/es\/tienda\/interior\/productos-fotograficos\/cartel-de-aluminio\/\" \/>\n<meta property=\"og:site_name\" content=\"Amstel Printing\" \/>\n<meta property=\"article:modified_time\" content=\"2026-02-18T11:47:34+00:00\" \/>\n<meta property=\"og:image\" content=\"https:\/\/www.amstelprinting.nl\/wp-content\/uploads\/aluminiumbord-bedrukken1.png\" \/>\n\t<meta property=\"og:image:width\" content=\"900\" \/>\n\t<meta property=\"og:image:height\" content=\"900\" \/>\n\t<meta property=\"og:image:type\" content=\"image\/png\" \/>\n<meta name=\"twitter:card\" content=\"summary_large_image\" \/>\n<meta name=\"twitter:label1\" content=\"Tiempo de lectura\" \/>\n\t<meta name=\"twitter:data1\" content=\"2 minutos\" \/>\n<script type=\"application\/ld+json\" class=\"yoast-schema-graph\">{\"@context\":\"https:\\\/\\\/schema.org\",\"@graph\":[{\"@type\":\"WebPage\",\"@id\":\"https:\\\/\\\/www.amstelprinting.nl\\\/es\\\/tienda\\\/interior\\\/productos-fotograficos\\\/cartel-de-aluminio\\\/\",\"url\":\"https:\\\/\\\/www.amstelprinting.nl\\\/es\\\/tienda\\\/interior\\\/productos-fotograficos\\\/cartel-de-aluminio\\\/\",\"name\":\"Cartel de aluminio | Amstel Printing\",\"isPartOf\":{\"@id\":\"https:\\\/\\\/www.amstelprinting.nl\\\/es\\\/#website\"},\"primaryImageOfPage\":{\"@id\":\"https:\\\/\\\/www.amstelprinting.nl\\\/es\\\/tienda\\\/interior\\\/productos-fotograficos\\\/cartel-de-aluminio\\\/#primaryimage\"},\"image\":{\"@id\":\"https:\\\/\\\/www.amstelprinting.nl\\\/es\\\/tienda\\\/interior\\\/productos-fotograficos\\\/cartel-de-aluminio\\\/#primaryimage\"},\"thumbnailUrl\":\"https:\\\/\\\/www.amstelprinting.nl\\\/wp-content\\\/uploads\\\/aluminiumbord-bedrukken1.png\",\"datePublished\":\"2025-01-24T10:34:51+00:00\",\"dateModified\":\"2026-02-18T11:47:34+00:00\",\"breadcrumb\":{\"@id\":\"https:\\\/\\\/www.amstelprinting.nl\\\/es\\\/tienda\\\/interior\\\/productos-fotograficos\\\/cartel-de-aluminio\\\/#breadcrumb\"},\"inLanguage\":\"es\",\"potentialAction\":[{\"@type\":\"ReadAction\",\"target\":[\"https:\\\/\\\/www.amstelprinting.nl\\\/es\\\/tienda\\\/interior\\\/productos-fotograficos\\\/cartel-de-aluminio\\\/\"]}]},{\"@type\":\"ImageObject\",\"inLanguage\":\"es\",\"@id\":\"https:\\\/\\\/www.amstelprinting.nl\\\/es\\\/tienda\\\/interior\\\/productos-fotograficos\\\/cartel-de-aluminio\\\/#primaryimage\",\"url\":\"https:\\\/\\\/www.amstelprinting.nl\\\/wp-content\\\/uploads\\\/aluminiumbord-bedrukken1.png\",\"contentUrl\":\"https:\\\/\\\/www.amstelprinting.nl\\\/wp-content\\\/uploads\\\/aluminiumbord-bedrukken1.png\",\"width\":900,\"height\":900},{\"@type\":\"BreadcrumbList\",\"@id\":\"https:\\\/\\\/www.amstelprinting.nl\\\/es\\\/tienda\\\/interior\\\/productos-fotograficos\\\/cartel-de-aluminio\\\/#breadcrumb\",\"itemListElement\":[{\"@type\":\"ListItem\",\"position\":1,\"name\":\"\",\"item\":\"https:\\\/\\\/www.amstelprinting.nl\\\/es\\\/\"},{\"@type\":\"ListItem\",\"position\":2,\"name\":\"Amstel Printing\",\"item\":\"https:\\\/\\\/www.amstelprinting.nl\\\/es\\\/comercio\\\/\"},{\"@type\":\"ListItem\",\"position\":3,\"name\":\"Publicidad exterior\",\"item\":\"https:\\\/\\\/www.amstelprinting.nl\\\/es\\\/categor\u00eda\\\/publicidad-exterior\\\/\"},{\"@type\":\"ListItem\",\"position\":4,\"name\":\"Publicidad en fachada\",\"item\":\"https:\\\/\\\/www.amstelprinting.nl\\\/es\\\/categor\u00eda\\\/publicidad-exterior\\\/publicidad-en-fachada\\\/\"},{\"@type\":\"ListItem\",\"position\":5,\"name\":\"Cartel de aluminio\"}]},{\"@type\":\"WebSite\",\"@id\":\"https:\\\/\\\/www.amstelprinting.nl\\\/es\\\/#website\",\"url\":\"https:\\\/\\\/www.amstelprinting.nl\\\/es\\\/\",\"name\":\"Amstel Printing\",\"description\":\"Creating Exposure\",\"publisher\":{\"@id\":\"https:\\\/\\\/www.amstelprinting.nl\\\/es\\\/#organization\"},\"potentialAction\":[{\"@type\":\"SearchAction\",\"target\":{\"@type\":\"EntryPoint\",\"urlTemplate\":\"https:\\\/\\\/www.amstelprinting.nl\\\/es\\\/?s={search_term_string}\"},\"query-input\":{\"@type\":\"PropertyValueSpecification\",\"valueRequired\":true,\"valueName\":\"search_term_string\"}}],\"inLanguage\":\"es\"},{\"@type\":\"Organization\",\"@id\":\"https:\\\/\\\/www.amstelprinting.nl\\\/es\\\/#organization\",\"name\":\"Amstel Printing\",\"url\":\"https:\\\/\\\/www.amstelprinting.nl\\\/es\\\/\",\"logo\":{\"@type\":\"ImageObject\",\"inLanguage\":\"es\",\"@id\":\"https:\\\/\\\/www.amstelprinting.nl\\\/es\\\/#\\\/schema\\\/logo\\\/image\\\/\",\"url\":\"https:\\\/\\\/www.amstelprinting.nl\\\/wp-content\\\/uploads\\\/amstel_printing_logo_clean.png\",\"contentUrl\":\"https:\\\/\\\/www.amstelprinting.nl\\\/wp-content\\\/uploads\\\/amstel_printing_logo_clean.png\",\"width\":324,\"height\":73,\"caption\":\"Amstel Printing\"},\"image\":{\"@id\":\"https:\\\/\\\/www.amstelprinting.nl\\\/es\\\/#\\\/schema\\\/logo\\\/image\\\/\"}}]}<\/script>\n<!-- \/ Yoast SEO plugin. -->","yoast_head_json":{"title":"Cartel de aluminio | Amstel Printing","robots":{"index":"index","follow":"follow","max-snippet":"max-snippet:-1","max-image-preview":"max-image-preview:large","max-video-preview":"max-video-preview:-1"},"canonical":"https:\/\/www.amstelprinting.nl\/es\/tienda\/interior\/productos-fotograficos\/cartel-de-aluminio\/","og_locale":"es_ES","og_type":"article","og_title":"Cartel de aluminio | Amstel Printing","og_description":"D\u00e9 a su mensaje la fuerza de la durabilidad y el estilo con nuestros carteles de aluminio personalizados. Nuestros carteles de aluminio no solo son ligeros, sino tambi\u00e9n extremadamente resistentes, ideales para diversas aplicaciones como paneles en marcos, carteles publicitarios en fachadas o como paneles fotogr\u00e1ficos. Ya sea en interiores o exteriores, nuestros carteles le ofrecen una soluci\u00f3n vers\u00e1til que se adapta perfectamente a sus necesidades.","og_url":"https:\/\/www.amstelprinting.nl\/es\/tienda\/interior\/productos-fotograficos\/cartel-de-aluminio\/","og_site_name":"Amstel Printing","article_modified_time":"2026-02-18T11:47:34+00:00","og_image":[{"width":900,"height":900,"url":"https:\/\/www.amstelprinting.nl\/wp-content\/uploads\/aluminiumbord-bedrukken1.png","type":"image\/png"}],"twitter_card":"summary_large_image","twitter_misc":{"Tiempo de lectura":"2 minutos"},"schema":{"@context":"https:\/\/schema.org","@graph":[{"@type":"WebPage","@id":"https:\/\/www.amstelprinting.nl\/es\/tienda\/interior\/productos-fotograficos\/cartel-de-aluminio\/","url":"https:\/\/www.amstelprinting.nl\/es\/tienda\/interior\/productos-fotograficos\/cartel-de-aluminio\/","name":"Cartel de aluminio | Amstel Printing","isPartOf":{"@id":"https:\/\/www.amstelprinting.nl\/es\/#website"},"primaryImageOfPage":{"@id":"https:\/\/www.amstelprinting.nl\/es\/tienda\/interior\/productos-fotograficos\/cartel-de-aluminio\/#primaryimage"},"image":{"@id":"https:\/\/www.amstelprinting.nl\/es\/tienda\/interior\/productos-fotograficos\/cartel-de-aluminio\/#primaryimage"},"thumbnailUrl":"https:\/\/www.amstelprinting.nl\/wp-content\/uploads\/aluminiumbord-bedrukken1.png","datePublished":"2025-01-24T10:34:51+00:00","dateModified":"2026-02-18T11:47:34+00:00","breadcrumb":{"@id":"https:\/\/www.amstelprinting.nl\/es\/tienda\/interior\/productos-fotograficos\/cartel-de-aluminio\/#breadcrumb"},"inLanguage":"es","potentialAction":[{"@type":"ReadAction","target":["https:\/\/www.amstelprinting.nl\/es\/tienda\/interior\/productos-fotograficos\/cartel-de-aluminio\/"]}]},{"@type":"ImageObject","inLanguage":"es","@id":"https:\/\/www.amstelprinting.nl\/es\/tienda\/interior\/productos-fotograficos\/cartel-de-aluminio\/#primaryimage","url":"https:\/\/www.amstelprinting.nl\/wp-content\/uploads\/aluminiumbord-bedrukken1.png","contentUrl":"https:\/\/www.amstelprinting.nl\/wp-content\/uploads\/aluminiumbord-bedrukken1.png","width":900,"height":900},{"@type":"BreadcrumbList","@id":"https:\/\/www.amstelprinting.nl\/es\/tienda\/interior\/productos-fotograficos\/cartel-de-aluminio\/#breadcrumb","itemListElement":[{"@type":"ListItem","position":1,"name":"","item":"https:\/\/www.amstelprinting.nl\/es\/"},{"@type":"ListItem","position":2,"name":"Amstel Printing","item":"https:\/\/www.amstelprinting.nl\/es\/comercio\/"},{"@type":"ListItem","position":3,"name":"Publicidad exterior","item":"https:\/\/www.amstelprinting.nl\/es\/categor\u00eda\/publicidad-exterior\/"},{"@type":"ListItem","position":4,"name":"Publicidad en fachada","item":"https:\/\/www.amstelprinting.nl\/es\/categor\u00eda\/publicidad-exterior\/publicidad-en-fachada\/"},{"@type":"ListItem","position":5,"name":"Cartel de aluminio"}]},{"@type":"WebSite","@id":"https:\/\/www.amstelprinting.nl\/es\/#website","url":"https:\/\/www.amstelprinting.nl\/es\/","name":"Amstel Printing","description":"Creating Exposure","publisher":{"@id":"https:\/\/www.amstelprinting.nl\/es\/#organization"},"potentialAction":[{"@type":"SearchAction","target":{"@type":"EntryPoint","urlTemplate":"https:\/\/www.amstelprinting.nl\/es\/?s={search_term_string}"},"query-input":{"@type":"PropertyValueSpecification","valueRequired":true,"valueName":"search_term_string"}}],"inLanguage":"es"},{"@type":"Organization","@id":"https:\/\/www.amstelprinting.nl\/es\/#organization","name":"Amstel Printing","url":"https:\/\/www.amstelprinting.nl\/es\/","logo":{"@type":"ImageObject","inLanguage":"es","@id":"https:\/\/www.amstelprinting.nl\/es\/#\/schema\/logo\/image\/","url":"https:\/\/www.amstelprinting.nl\/wp-content\/uploads\/amstel_printing_logo_clean.png","contentUrl":"https:\/\/www.amstelprinting.nl\/wp-content\/uploads\/amstel_printing_logo_clean.png","width":324,"height":73,"caption":"Amstel Printing"},"image":{"@id":"https:\/\/www.amstelprinting.nl\/es\/#\/schema\/logo\/image\/"}}]}},"_links":{"self":[{"href":"https:\/\/www.amstelprinting.nl\/es\/wp-json\/wp\/v2\/product\/13718","targetHints":{"allow":["GET"]}}],"collection":[{"href":"https:\/\/www.amstelprinting.nl\/es\/wp-json\/wp\/v2\/product"}],"about":[{"href":"https:\/\/www.amstelprinting.nl\/es\/wp-json\/wp\/v2\/types\/product"}],"wp:featuredmedia":[{"embeddable":true,"href":"https:\/\/www.amstelprinting.nl\/es\/wp-json\/wp\/v2\/media\/13719"}],"wp:attachment":[{"href":"https:\/\/www.amstelprinting.nl\/es\/wp-json\/wp\/v2\/media?parent=13718"}],"wp:term":[{"taxonomy":"product_brand","embeddable":true,"href":"https:\/\/www.amstelprinting.nl\/es\/wp-json\/wp\/v2\/product_brand?post=13718"},{"taxonomy":"product_cat","embeddable":true,"href":"https:\/\/www.amstelprinting.nl\/es\/wp-json\/wp\/v2\/product_cat?post=13718"},{"taxonomy":"product_tag","embeddable":true,"href":"https:\/\/www.amstelprinting.nl\/es\/wp-json\/wp\/v2\/product_tag?post=13718"}],"curies":[{"name":"wp","href":"https:\/\/api.w.org\/{rel}","templated":true}]}}