{"id":13728,"date":"2025-01-24T11:34:44","date_gmt":"2025-01-24T10:34:44","guid":{"rendered":"https:\/\/www.amstelprinting.nl\/winkel\/sin%20categor\u00eda\/freesletters\/"},"modified":"2026-02-18T12:47:35","modified_gmt":"2026-02-18T11:47:35","slug":"letras-fresadas","status":"publish","type":"product","link":"https:\/\/www.amstelprinting.nl\/es\/tienda\/interior\/oficina\/letras-fresadas\/","title":{"rendered":"Letras fresadas"},"content":{"rendered":"<h3>Letras fresadas: disponibles en diferentes materiales<\/h3>\n<p>Ofrecemos una amplia gama de materiales:<\/p>\n<ul>\n<li><strong>Dibond\u00ae<\/strong>: Un panel con un n\u00facleo de aluminio y una capa superior blanca, apto para su uso tanto en interiores como en exteriores.<\/li>\n<li><strong>Dibond\u00ae Butler Finish<\/strong>: Un panel s\u00e1ndwich de aluminio con un n\u00facleo negro y una apariencia de acero inoxidable cepillado, apto para su uso tanto en interiores como en exteriores.<\/li>\n<li><strong>Forex\u00ae<\/strong>: PVC espumado ligero, ideal para uso en interiores.<\/li>\n<li><strong>Plexiglas<\/strong>: Material transparente con un aspecto moderno, apto para uso en interiores y exteriores, pero sensible a los ara\u00f1azos.<\/li>\n<li><strong>Easyprint<\/strong>: Material de placa de polipropileno ligero y resistente para resultados de impresi\u00f3n de alta calidad.<\/li>\n<li><strong>Multiplex<\/strong>: Madera de chopo ecol\u00f3gica con un aspecto natural, apta para su uso en interiores.<\/li>\n<li><strong>Re-board<\/strong>: Una construcci\u00f3n s\u00e1ndwich de cart\u00f3n con una capa superior blanca, r\u00edgida y ligera, ecol\u00f3gica y apta para interiores.<\/li>\n<li><strong>Sign Again<\/strong>: Material circular fabricado a partir de lonas recicladas y residuos de corte, apto tanto para uso en interiores como en exteriores, resistente a los impactos y flexible.<\/li>\n<\/ul>\n<p>&nbsp;<\/p>\n<h3>Accesorios<\/h3>\n<p>Descubra nuestra amplia selecci\u00f3n de accesorios que simplifican la instalaci\u00f3n y el uso.<\/p>\n<h3>Consejos para el montaje<\/h3>\n<p>El montaje de letras fresadas es sencillo con distanciadores, que proporcionan una fijaci\u00f3n elegante y eficaz a su pared o fachada comercial. Durante el proceso de pedido, se muestran claramente todas las opciones de montaje y accesorios posibles. De este modo, las letras fresadas pueden instalarse sin problemas. Elija letras fresadas para reforzar su identidad visual con materiales de alta calidad y una apariencia profesional, perfecta para cualquier aplicaci\u00f3n empresarial o promocional.<\/p>\n","protected":false},"excerpt":{"rendered":"<p>Las letras fresadas ofrecen una forma impactante de presentar su mensaje o nombre de marca de una manera \u00fanica. Con nosotros encontrar\u00e1 dos tipos de letras fresadas: letras y n\u00fameros sueltos o calados, ambos perfectos para crear exhibiciones y se\u00f1alizaci\u00f3n llamativas.<\/p>\n","protected":false},"featured_media":13729,"template":"","meta":{"_et_pb_use_builder":"","_et_pb_old_content":"","_et_gb_content_width":""},"product_brand":[],"product_cat":[545,630,460,442,450,379],"product_tag":[],"class_list":{"0":"post-13728","1":"product","2":"type-product","3":"status-publish","4":"has-post-thumbnail","6":"product_cat-interior","7":"product_cat-oficina","8":"product_cat-publicidad-en-fachada","9":"product_cat-publicidad-en-la-pared","10":"product_cat-publicidad-exterior","11":"product_cat-publicidad-interior","13":"first","14":"instock","15":"taxable","16":"shipping-taxable","17":"purchasable","18":"product-type-simple"},"yoast_head":"<!-- This site is optimized with the Yoast SEO plugin v27.3 - https:\/\/yoast.com\/product\/yoast-seo-wordpress\/ -->\n<title>Letras fresadas | Amstel Printing<\/title>\n<meta name=\"robots\" content=\"index, follow, max-snippet:-1, max-image-preview:large, max-video-preview:-1\" \/>\n<link rel=\"canonical\" href=\"https:\/\/www.amstelprinting.nl\/es\/tienda\/interior\/oficina\/letras-fresadas\/\" \/>\n<meta property=\"og:locale\" content=\"es_ES\" \/>\n<meta property=\"og:type\" content=\"article\" \/>\n<meta property=\"og:title\" content=\"Letras fresadas | Amstel Printing\" \/>\n<meta property=\"og:description\" content=\"Las letras fresadas ofrecen una forma impactante de presentar su mensaje o nombre de marca de una manera \u00fanica. Con nosotros encontrar\u00e1 dos tipos de letras fresadas: letras y n\u00fameros sueltos o calados, ambos perfectos para crear exhibiciones y se\u00f1alizaci\u00f3n llamativas.\" \/>\n<meta property=\"og:url\" content=\"https:\/\/www.amstelprinting.nl\/es\/tienda\/interior\/oficina\/letras-fresadas\/\" \/>\n<meta property=\"og:site_name\" content=\"Amstel Printing\" \/>\n<meta property=\"article:modified_time\" content=\"2026-02-18T11:47:35+00:00\" \/>\n<meta property=\"og:image\" content=\"https:\/\/www.amstelprinting.nl\/wp-content\/uploads\/Freesletters.jpg\" \/>\n\t<meta property=\"og:image:width\" content=\"700\" \/>\n\t<meta property=\"og:image:height\" content=\"700\" \/>\n\t<meta property=\"og:image:type\" content=\"image\/jpeg\" \/>\n<meta name=\"twitter:card\" content=\"summary_large_image\" \/>\n<meta name=\"twitter:label1\" content=\"Tiempo de lectura\" \/>\n\t<meta name=\"twitter:data1\" content=\"1 minuto\" \/>\n<script type=\"application\/ld+json\" class=\"yoast-schema-graph\">{\"@context\":\"https:\\\/\\\/schema.org\",\"@graph\":[{\"@type\":\"WebPage\",\"@id\":\"https:\\\/\\\/www.amstelprinting.nl\\\/es\\\/tienda\\\/interior\\\/oficina\\\/letras-fresadas\\\/\",\"url\":\"https:\\\/\\\/www.amstelprinting.nl\\\/es\\\/tienda\\\/interior\\\/oficina\\\/letras-fresadas\\\/\",\"name\":\"Letras fresadas | Amstel Printing\",\"isPartOf\":{\"@id\":\"https:\\\/\\\/www.amstelprinting.nl\\\/es\\\/#website\"},\"primaryImageOfPage\":{\"@id\":\"https:\\\/\\\/www.amstelprinting.nl\\\/es\\\/tienda\\\/interior\\\/oficina\\\/letras-fresadas\\\/#primaryimage\"},\"image\":{\"@id\":\"https:\\\/\\\/www.amstelprinting.nl\\\/es\\\/tienda\\\/interior\\\/oficina\\\/letras-fresadas\\\/#primaryimage\"},\"thumbnailUrl\":\"https:\\\/\\\/www.amstelprinting.nl\\\/wp-content\\\/uploads\\\/Freesletters.jpg\",\"datePublished\":\"2025-01-24T10:34:44+00:00\",\"dateModified\":\"2026-02-18T11:47:35+00:00\",\"breadcrumb\":{\"@id\":\"https:\\\/\\\/www.amstelprinting.nl\\\/es\\\/tienda\\\/interior\\\/oficina\\\/letras-fresadas\\\/#breadcrumb\"},\"inLanguage\":\"es\",\"potentialAction\":[{\"@type\":\"ReadAction\",\"target\":[\"https:\\\/\\\/www.amstelprinting.nl\\\/es\\\/tienda\\\/interior\\\/oficina\\\/letras-fresadas\\\/\"]}]},{\"@type\":\"ImageObject\",\"inLanguage\":\"es\",\"@id\":\"https:\\\/\\\/www.amstelprinting.nl\\\/es\\\/tienda\\\/interior\\\/oficina\\\/letras-fresadas\\\/#primaryimage\",\"url\":\"https:\\\/\\\/www.amstelprinting.nl\\\/wp-content\\\/uploads\\\/Freesletters.jpg\",\"contentUrl\":\"https:\\\/\\\/www.amstelprinting.nl\\\/wp-content\\\/uploads\\\/Freesletters.jpg\",\"width\":700,\"height\":700},{\"@type\":\"BreadcrumbList\",\"@id\":\"https:\\\/\\\/www.amstelprinting.nl\\\/es\\\/tienda\\\/interior\\\/oficina\\\/letras-fresadas\\\/#breadcrumb\",\"itemListElement\":[{\"@type\":\"ListItem\",\"position\":1,\"name\":\"\",\"item\":\"https:\\\/\\\/www.amstelprinting.nl\\\/es\\\/\"},{\"@type\":\"ListItem\",\"position\":2,\"name\":\"Amstel Printing\",\"item\":\"https:\\\/\\\/www.amstelprinting.nl\\\/es\\\/comercio\\\/\"},{\"@type\":\"ListItem\",\"position\":3,\"name\":\"Publicidad interior\",\"item\":\"https:\\\/\\\/www.amstelprinting.nl\\\/es\\\/categor\u00eda\\\/publicidad-interior\\\/\"},{\"@type\":\"ListItem\",\"position\":4,\"name\":\"Publicidad en la pared\",\"item\":\"https:\\\/\\\/www.amstelprinting.nl\\\/es\\\/categor\u00eda\\\/publicidad-interior\\\/publicidad-en-la-pared\\\/\"},{\"@type\":\"ListItem\",\"position\":5,\"name\":\"Letras fresadas\"}]},{\"@type\":\"WebSite\",\"@id\":\"https:\\\/\\\/www.amstelprinting.nl\\\/es\\\/#website\",\"url\":\"https:\\\/\\\/www.amstelprinting.nl\\\/es\\\/\",\"name\":\"Amstel Printing\",\"description\":\"Creating Exposure\",\"publisher\":{\"@id\":\"https:\\\/\\\/www.amstelprinting.nl\\\/es\\\/#organization\"},\"potentialAction\":[{\"@type\":\"SearchAction\",\"target\":{\"@type\":\"EntryPoint\",\"urlTemplate\":\"https:\\\/\\\/www.amstelprinting.nl\\\/es\\\/?s={search_term_string}\"},\"query-input\":{\"@type\":\"PropertyValueSpecification\",\"valueRequired\":true,\"valueName\":\"search_term_string\"}}],\"inLanguage\":\"es\"},{\"@type\":\"Organization\",\"@id\":\"https:\\\/\\\/www.amstelprinting.nl\\\/es\\\/#organization\",\"name\":\"Amstel Printing\",\"url\":\"https:\\\/\\\/www.amstelprinting.nl\\\/es\\\/\",\"logo\":{\"@type\":\"ImageObject\",\"inLanguage\":\"es\",\"@id\":\"https:\\\/\\\/www.amstelprinting.nl\\\/es\\\/#\\\/schema\\\/logo\\\/image\\\/\",\"url\":\"https:\\\/\\\/www.amstelprinting.nl\\\/wp-content\\\/uploads\\\/amstel_printing_logo_clean.png\",\"contentUrl\":\"https:\\\/\\\/www.amstelprinting.nl\\\/wp-content\\\/uploads\\\/amstel_printing_logo_clean.png\",\"width\":324,\"height\":73,\"caption\":\"Amstel Printing\"},\"image\":{\"@id\":\"https:\\\/\\\/www.amstelprinting.nl\\\/es\\\/#\\\/schema\\\/logo\\\/image\\\/\"}}]}<\/script>\n<!-- \/ Yoast SEO plugin. -->","yoast_head_json":{"title":"Letras fresadas | Amstel Printing","robots":{"index":"index","follow":"follow","max-snippet":"max-snippet:-1","max-image-preview":"max-image-preview:large","max-video-preview":"max-video-preview:-1"},"canonical":"https:\/\/www.amstelprinting.nl\/es\/tienda\/interior\/oficina\/letras-fresadas\/","og_locale":"es_ES","og_type":"article","og_title":"Letras fresadas | Amstel Printing","og_description":"Las letras fresadas ofrecen una forma impactante de presentar su mensaje o nombre de marca de una manera \u00fanica. Con nosotros encontrar\u00e1 dos tipos de letras fresadas: letras y n\u00fameros sueltos o calados, ambos perfectos para crear exhibiciones y se\u00f1alizaci\u00f3n llamativas.","og_url":"https:\/\/www.amstelprinting.nl\/es\/tienda\/interior\/oficina\/letras-fresadas\/","og_site_name":"Amstel Printing","article_modified_time":"2026-02-18T11:47:35+00:00","og_image":[{"width":700,"height":700,"url":"https:\/\/www.amstelprinting.nl\/wp-content\/uploads\/Freesletters.jpg","type":"image\/jpeg"}],"twitter_card":"summary_large_image","twitter_misc":{"Tiempo de lectura":"1 minuto"},"schema":{"@context":"https:\/\/schema.org","@graph":[{"@type":"WebPage","@id":"https:\/\/www.amstelprinting.nl\/es\/tienda\/interior\/oficina\/letras-fresadas\/","url":"https:\/\/www.amstelprinting.nl\/es\/tienda\/interior\/oficina\/letras-fresadas\/","name":"Letras fresadas | Amstel Printing","isPartOf":{"@id":"https:\/\/www.amstelprinting.nl\/es\/#website"},"primaryImageOfPage":{"@id":"https:\/\/www.amstelprinting.nl\/es\/tienda\/interior\/oficina\/letras-fresadas\/#primaryimage"},"image":{"@id":"https:\/\/www.amstelprinting.nl\/es\/tienda\/interior\/oficina\/letras-fresadas\/#primaryimage"},"thumbnailUrl":"https:\/\/www.amstelprinting.nl\/wp-content\/uploads\/Freesletters.jpg","datePublished":"2025-01-24T10:34:44+00:00","dateModified":"2026-02-18T11:47:35+00:00","breadcrumb":{"@id":"https:\/\/www.amstelprinting.nl\/es\/tienda\/interior\/oficina\/letras-fresadas\/#breadcrumb"},"inLanguage":"es","potentialAction":[{"@type":"ReadAction","target":["https:\/\/www.amstelprinting.nl\/es\/tienda\/interior\/oficina\/letras-fresadas\/"]}]},{"@type":"ImageObject","inLanguage":"es","@id":"https:\/\/www.amstelprinting.nl\/es\/tienda\/interior\/oficina\/letras-fresadas\/#primaryimage","url":"https:\/\/www.amstelprinting.nl\/wp-content\/uploads\/Freesletters.jpg","contentUrl":"https:\/\/www.amstelprinting.nl\/wp-content\/uploads\/Freesletters.jpg","width":700,"height":700},{"@type":"BreadcrumbList","@id":"https:\/\/www.amstelprinting.nl\/es\/tienda\/interior\/oficina\/letras-fresadas\/#breadcrumb","itemListElement":[{"@type":"ListItem","position":1,"name":"","item":"https:\/\/www.amstelprinting.nl\/es\/"},{"@type":"ListItem","position":2,"name":"Amstel Printing","item":"https:\/\/www.amstelprinting.nl\/es\/comercio\/"},{"@type":"ListItem","position":3,"name":"Publicidad interior","item":"https:\/\/www.amstelprinting.nl\/es\/categor\u00eda\/publicidad-interior\/"},{"@type":"ListItem","position":4,"name":"Publicidad en la pared","item":"https:\/\/www.amstelprinting.nl\/es\/categor\u00eda\/publicidad-interior\/publicidad-en-la-pared\/"},{"@type":"ListItem","position":5,"name":"Letras fresadas"}]},{"@type":"WebSite","@id":"https:\/\/www.amstelprinting.nl\/es\/#website","url":"https:\/\/www.amstelprinting.nl\/es\/","name":"Amstel Printing","description":"Creating Exposure","publisher":{"@id":"https:\/\/www.amstelprinting.nl\/es\/#organization"},"potentialAction":[{"@type":"SearchAction","target":{"@type":"EntryPoint","urlTemplate":"https:\/\/www.amstelprinting.nl\/es\/?s={search_term_string}"},"query-input":{"@type":"PropertyValueSpecification","valueRequired":true,"valueName":"search_term_string"}}],"inLanguage":"es"},{"@type":"Organization","@id":"https:\/\/www.amstelprinting.nl\/es\/#organization","name":"Amstel Printing","url":"https:\/\/www.amstelprinting.nl\/es\/","logo":{"@type":"ImageObject","inLanguage":"es","@id":"https:\/\/www.amstelprinting.nl\/es\/#\/schema\/logo\/image\/","url":"https:\/\/www.amstelprinting.nl\/wp-content\/uploads\/amstel_printing_logo_clean.png","contentUrl":"https:\/\/www.amstelprinting.nl\/wp-content\/uploads\/amstel_printing_logo_clean.png","width":324,"height":73,"caption":"Amstel Printing"},"image":{"@id":"https:\/\/www.amstelprinting.nl\/es\/#\/schema\/logo\/image\/"}}]}},"_links":{"self":[{"href":"https:\/\/www.amstelprinting.nl\/es\/wp-json\/wp\/v2\/product\/13728","targetHints":{"allow":["GET"]}}],"collection":[{"href":"https:\/\/www.amstelprinting.nl\/es\/wp-json\/wp\/v2\/product"}],"about":[{"href":"https:\/\/www.amstelprinting.nl\/es\/wp-json\/wp\/v2\/types\/product"}],"wp:featuredmedia":[{"embeddable":true,"href":"https:\/\/www.amstelprinting.nl\/es\/wp-json\/wp\/v2\/media\/13729"}],"wp:attachment":[{"href":"https:\/\/www.amstelprinting.nl\/es\/wp-json\/wp\/v2\/media?parent=13728"}],"wp:term":[{"taxonomy":"product_brand","embeddable":true,"href":"https:\/\/www.amstelprinting.nl\/es\/wp-json\/wp\/v2\/product_brand?post=13728"},{"taxonomy":"product_cat","embeddable":true,"href":"https:\/\/www.amstelprinting.nl\/es\/wp-json\/wp\/v2\/product_cat?post=13728"},{"taxonomy":"product_tag","embeddable":true,"href":"https:\/\/www.amstelprinting.nl\/es\/wp-json\/wp\/v2\/product_tag?post=13728"}],"curies":[{"name":"wp","href":"https:\/\/api.w.org\/{rel}","templated":true}]}}