{"id":13738,"date":"2025-01-24T11:34:38","date_gmt":"2025-01-24T10:34:38","guid":{"rendered":"https:\/\/www.amstelprinting.nl\/winkel\/sin%20categor\u00eda\/gevelbord\/"},"modified":"2026-02-18T12:47:36","modified_gmt":"2026-02-18T11:47:36","slug":"rotulo-de-fachada","status":"publish","type":"product","link":"https:\/\/www.amstelprinting.nl\/es\/tienda\/publicidad-exterior\/publicidad-en-fachada\/rotulo-de-fachada\/","title":{"rendered":"R\u00f3tulo de fachada"},"content":{"rendered":"<h3>Materiales<\/h3>\n<p>El r\u00f3tulo de fachada se puede imprimir en el material que mejor se adapte a sus necesidades. A continuaci\u00f3n, explicamos brevemente las diferencias por tipo de material.<\/p>\n<ul>\n<li><strong>Forex\u00ae<\/strong>: PVC espumado ligero, ideal para uso en interiores.<\/li>\n<li><strong>HPL<\/strong>: Laminado de alta presi\u00f3n duradero, adecuado tanto para interiores como para exteriores.<\/li>\n<li><strong>Sign Again\u00ae<\/strong>: Material circular fabricado a partir de pancartas recicladas y restos de corte, robusto y adecuado para aplicaciones de interior y exterior.<\/li>\n<li><strong>Dibond\u00ae<\/strong>: Panel s\u00e1ndwich de aluminio con n\u00facleo de polietileno, excelente para interiores y exteriores debido a su resistencia y durabilidad.<\/li>\n<\/ul>\n<p>&nbsp;<\/p>\n<h3>Impresi\u00f3n a doble cara<\/h3>\n<p>Forex, HPL y Dibond\u00ae pueden imprimirse tanto a una cara como a doble cara para una m\u00e1xima visibilidad.<\/p>\n<h3>Acabado<\/h3>\n<p>Personalice su r\u00f3tulo de fachada impreso con diversas opciones de acabado. Elija para HPL, Sign Again\u00ae y Dibond\u00ae un revestimiento brillante o mate. Optimice el aspecto con fresado o corte de contorno, e indique f\u00e1cilmente cu\u00e1ntos orificios de perforaci\u00f3n desea a\u00f1adir.<\/p>\n<h3>Accesorios<\/h3>\n<p>Complete su r\u00f3tulo de fachada con los accesorios que elija, como placas de suspensi\u00f3n, cinta de doble cara o tiras autoadhesivas. Todas las opciones se seleccionan f\u00e1cilmente durante el proceso de pedido, de modo que su r\u00f3tulo de fachada impreso est\u00e9 listo para su uso inmediato (montaje).<\/p>\n<h3>Preguntas frecuentes<\/h3>\n<p><strong>\u00bfCu\u00e1les son las ventajas de un revestimiento?<\/strong><br \/>\nAl dotar al r\u00f3tulo de fachada de un revestimiento, obtendr\u00e1 una mayor intensidad de color y su impresi\u00f3n estar\u00e1 mejor protegida contra los factores ambientales.<\/p>\n<p><strong>\u00bfQu\u00e9 opciones de revestimiento est\u00e1n disponibles?<\/strong><br \/>\nPuede elegir entre un revestimiento brillante o mate.<\/p>\n<p><strong>\u00bfCu\u00e1l es la diferencia de aspecto entre un revestimiento brillante y uno mate?<\/strong><br \/>\nUn revestimiento brillante proporciona colores claros y potentes con un ligero brillo. Un revestimiento mate ofrece un acabado un poco m\u00e1s apagado, pero mejora la legibilidad de los textos.<\/p>\n<p><strong>\u00bfC\u00f3mo se entrega el producto si es mayor que el ancho de impresi\u00f3n m\u00e1ximo?<\/strong><br \/>\nDividimos autom\u00e1ticamente su archivo en paneles. Incluso si elige orificios de perforaci\u00f3n en las esquinas, estos se colocar\u00e1n autom\u00e1ticamente en cada panel seg\u00fan sus especificaciones.<\/p>\n","protected":false},"excerpt":{"rendered":"<p>\u00a1Para una primera impresi\u00f3n impactante de su empresa! El r\u00f3tulo de fachada cuenta con una impresi\u00f3n n\u00edtida de su logotipo o dise\u00f1o. Configure a continuaci\u00f3n en pocos pasos su r\u00f3tulo de fachada con la impresi\u00f3n deseada. Elija el tama\u00f1o y el tipo de material que prefiera.<\/p>\n","protected":false},"featured_media":13739,"template":"","meta":{"_et_pb_use_builder":"","_et_pb_old_content":"","_et_gb_content_width":""},"product_brand":[],"product_cat":[460,450],"product_tag":[],"class_list":{"0":"post-13738","1":"product","2":"type-product","3":"status-publish","4":"has-post-thumbnail","6":"product_cat-publicidad-en-fachada","7":"product_cat-publicidad-exterior","9":"first","10":"instock","11":"taxable","12":"shipping-taxable","13":"purchasable","14":"product-type-simple"},"yoast_head":"<!-- This site is optimized with the Yoast SEO plugin v27.3 - https:\/\/yoast.com\/product\/yoast-seo-wordpress\/ -->\n<title>R\u00f3tulo de fachada profesional a medida \u2013 Duradero y entrega r\u00e1pida<\/title>\n<meta name=\"description\" content=\"Cree una primera impresi\u00f3n s\u00f3lida con un r\u00f3tulo de fachada a medida. Haga su pedido hoy para una entrega r\u00e1pida y opciones de montaje flexibles.\" \/>\n<meta name=\"robots\" content=\"index, follow, max-snippet:-1, max-image-preview:large, max-video-preview:-1\" \/>\n<link rel=\"canonical\" href=\"https:\/\/www.amstelprinting.nl\/es\/tienda\/publicidad-exterior\/publicidad-en-fachada\/rotulo-de-fachada\/\" \/>\n<meta property=\"og:locale\" content=\"es_ES\" \/>\n<meta property=\"og:type\" content=\"article\" \/>\n<meta property=\"og:title\" content=\"R\u00f3tulo de fachada profesional a medida \u2013 Duradero y entrega r\u00e1pida\" \/>\n<meta property=\"og:description\" content=\"Cree una primera impresi\u00f3n s\u00f3lida con un r\u00f3tulo de fachada a medida. Haga su pedido hoy para una entrega r\u00e1pida y opciones de montaje flexibles.\" \/>\n<meta property=\"og:url\" content=\"https:\/\/www.amstelprinting.nl\/es\/tienda\/publicidad-exterior\/publicidad-en-fachada\/rotulo-de-fachada\/\" \/>\n<meta property=\"og:site_name\" content=\"Amstel Printing\" \/>\n<meta property=\"article:modified_time\" content=\"2026-02-18T11:47:36+00:00\" \/>\n<meta property=\"og:image\" content=\"https:\/\/www.amstelprinting.nl\/wp-content\/uploads\/gevelbord-bedrukken.png\" \/>\n\t<meta property=\"og:image:width\" content=\"900\" \/>\n\t<meta property=\"og:image:height\" content=\"900\" \/>\n\t<meta property=\"og:image:type\" content=\"image\/png\" \/>\n<meta name=\"twitter:card\" content=\"summary_large_image\" \/>\n<meta name=\"twitter:label1\" content=\"Tiempo de lectura\" \/>\n\t<meta name=\"twitter:data1\" content=\"2 minutos\" \/>\n<script type=\"application\/ld+json\" class=\"yoast-schema-graph\">{\"@context\":\"https:\\\/\\\/schema.org\",\"@graph\":[{\"@type\":\"WebPage\",\"@id\":\"https:\\\/\\\/www.amstelprinting.nl\\\/es\\\/tienda\\\/publicidad-exterior\\\/publicidad-en-fachada\\\/rotulo-de-fachada\\\/\",\"url\":\"https:\\\/\\\/www.amstelprinting.nl\\\/es\\\/tienda\\\/publicidad-exterior\\\/publicidad-en-fachada\\\/rotulo-de-fachada\\\/\",\"name\":\"R\u00f3tulo de fachada profesional a medida \u2013 Duradero y entrega r\u00e1pida\",\"isPartOf\":{\"@id\":\"https:\\\/\\\/www.amstelprinting.nl\\\/es\\\/#website\"},\"primaryImageOfPage\":{\"@id\":\"https:\\\/\\\/www.amstelprinting.nl\\\/es\\\/tienda\\\/publicidad-exterior\\\/publicidad-en-fachada\\\/rotulo-de-fachada\\\/#primaryimage\"},\"image\":{\"@id\":\"https:\\\/\\\/www.amstelprinting.nl\\\/es\\\/tienda\\\/publicidad-exterior\\\/publicidad-en-fachada\\\/rotulo-de-fachada\\\/#primaryimage\"},\"thumbnailUrl\":\"https:\\\/\\\/www.amstelprinting.nl\\\/wp-content\\\/uploads\\\/gevelbord-bedrukken.png\",\"datePublished\":\"2025-01-24T10:34:38+00:00\",\"dateModified\":\"2026-02-18T11:47:36+00:00\",\"description\":\"Cree una primera impresi\u00f3n s\u00f3lida con un r\u00f3tulo de fachada a medida. Haga su pedido hoy para una entrega r\u00e1pida y opciones de montaje flexibles.\",\"breadcrumb\":{\"@id\":\"https:\\\/\\\/www.amstelprinting.nl\\\/es\\\/tienda\\\/publicidad-exterior\\\/publicidad-en-fachada\\\/rotulo-de-fachada\\\/#breadcrumb\"},\"inLanguage\":\"es\",\"potentialAction\":[{\"@type\":\"ReadAction\",\"target\":[\"https:\\\/\\\/www.amstelprinting.nl\\\/es\\\/tienda\\\/publicidad-exterior\\\/publicidad-en-fachada\\\/rotulo-de-fachada\\\/\"]}]},{\"@type\":\"ImageObject\",\"inLanguage\":\"es\",\"@id\":\"https:\\\/\\\/www.amstelprinting.nl\\\/es\\\/tienda\\\/publicidad-exterior\\\/publicidad-en-fachada\\\/rotulo-de-fachada\\\/#primaryimage\",\"url\":\"https:\\\/\\\/www.amstelprinting.nl\\\/wp-content\\\/uploads\\\/gevelbord-bedrukken.png\",\"contentUrl\":\"https:\\\/\\\/www.amstelprinting.nl\\\/wp-content\\\/uploads\\\/gevelbord-bedrukken.png\",\"width\":900,\"height\":900},{\"@type\":\"BreadcrumbList\",\"@id\":\"https:\\\/\\\/www.amstelprinting.nl\\\/es\\\/tienda\\\/publicidad-exterior\\\/publicidad-en-fachada\\\/rotulo-de-fachada\\\/#breadcrumb\",\"itemListElement\":[{\"@type\":\"ListItem\",\"position\":1,\"name\":\"\",\"item\":\"https:\\\/\\\/www.amstelprinting.nl\\\/es\\\/\"},{\"@type\":\"ListItem\",\"position\":2,\"name\":\"Amstel Printing\",\"item\":\"https:\\\/\\\/www.amstelprinting.nl\\\/es\\\/comercio\\\/\"},{\"@type\":\"ListItem\",\"position\":3,\"name\":\"Publicidad exterior\",\"item\":\"https:\\\/\\\/www.amstelprinting.nl\\\/es\\\/categor\u00eda\\\/publicidad-exterior\\\/\"},{\"@type\":\"ListItem\",\"position\":4,\"name\":\"Publicidad en fachada\",\"item\":\"https:\\\/\\\/www.amstelprinting.nl\\\/es\\\/categor\u00eda\\\/publicidad-exterior\\\/publicidad-en-fachada\\\/\"},{\"@type\":\"ListItem\",\"position\":5,\"name\":\"R\u00f3tulo de fachada\"}]},{\"@type\":\"WebSite\",\"@id\":\"https:\\\/\\\/www.amstelprinting.nl\\\/es\\\/#website\",\"url\":\"https:\\\/\\\/www.amstelprinting.nl\\\/es\\\/\",\"name\":\"Amstel Printing\",\"description\":\"Creating Exposure\",\"publisher\":{\"@id\":\"https:\\\/\\\/www.amstelprinting.nl\\\/es\\\/#organization\"},\"potentialAction\":[{\"@type\":\"SearchAction\",\"target\":{\"@type\":\"EntryPoint\",\"urlTemplate\":\"https:\\\/\\\/www.amstelprinting.nl\\\/es\\\/?s={search_term_string}\"},\"query-input\":{\"@type\":\"PropertyValueSpecification\",\"valueRequired\":true,\"valueName\":\"search_term_string\"}}],\"inLanguage\":\"es\"},{\"@type\":\"Organization\",\"@id\":\"https:\\\/\\\/www.amstelprinting.nl\\\/es\\\/#organization\",\"name\":\"Amstel Printing\",\"url\":\"https:\\\/\\\/www.amstelprinting.nl\\\/es\\\/\",\"logo\":{\"@type\":\"ImageObject\",\"inLanguage\":\"es\",\"@id\":\"https:\\\/\\\/www.amstelprinting.nl\\\/es\\\/#\\\/schema\\\/logo\\\/image\\\/\",\"url\":\"https:\\\/\\\/www.amstelprinting.nl\\\/wp-content\\\/uploads\\\/amstel_printing_logo_clean.png\",\"contentUrl\":\"https:\\\/\\\/www.amstelprinting.nl\\\/wp-content\\\/uploads\\\/amstel_printing_logo_clean.png\",\"width\":324,\"height\":73,\"caption\":\"Amstel Printing\"},\"image\":{\"@id\":\"https:\\\/\\\/www.amstelprinting.nl\\\/es\\\/#\\\/schema\\\/logo\\\/image\\\/\"}}]}<\/script>\n<!-- \/ Yoast SEO plugin. -->","yoast_head_json":{"title":"R\u00f3tulo de fachada profesional a medida \u2013 Duradero y entrega r\u00e1pida","description":"Cree una primera impresi\u00f3n s\u00f3lida con un r\u00f3tulo de fachada a medida. Haga su pedido hoy para una entrega r\u00e1pida y opciones de montaje flexibles.","robots":{"index":"index","follow":"follow","max-snippet":"max-snippet:-1","max-image-preview":"max-image-preview:large","max-video-preview":"max-video-preview:-1"},"canonical":"https:\/\/www.amstelprinting.nl\/es\/tienda\/publicidad-exterior\/publicidad-en-fachada\/rotulo-de-fachada\/","og_locale":"es_ES","og_type":"article","og_title":"R\u00f3tulo de fachada profesional a medida \u2013 Duradero y entrega r\u00e1pida","og_description":"Cree una primera impresi\u00f3n s\u00f3lida con un r\u00f3tulo de fachada a medida. Haga su pedido hoy para una entrega r\u00e1pida y opciones de montaje flexibles.","og_url":"https:\/\/www.amstelprinting.nl\/es\/tienda\/publicidad-exterior\/publicidad-en-fachada\/rotulo-de-fachada\/","og_site_name":"Amstel Printing","article_modified_time":"2026-02-18T11:47:36+00:00","og_image":[{"width":900,"height":900,"url":"https:\/\/www.amstelprinting.nl\/wp-content\/uploads\/gevelbord-bedrukken.png","type":"image\/png"}],"twitter_card":"summary_large_image","twitter_misc":{"Tiempo de lectura":"2 minutos"},"schema":{"@context":"https:\/\/schema.org","@graph":[{"@type":"WebPage","@id":"https:\/\/www.amstelprinting.nl\/es\/tienda\/publicidad-exterior\/publicidad-en-fachada\/rotulo-de-fachada\/","url":"https:\/\/www.amstelprinting.nl\/es\/tienda\/publicidad-exterior\/publicidad-en-fachada\/rotulo-de-fachada\/","name":"R\u00f3tulo de fachada profesional a medida \u2013 Duradero y entrega r\u00e1pida","isPartOf":{"@id":"https:\/\/www.amstelprinting.nl\/es\/#website"},"primaryImageOfPage":{"@id":"https:\/\/www.amstelprinting.nl\/es\/tienda\/publicidad-exterior\/publicidad-en-fachada\/rotulo-de-fachada\/#primaryimage"},"image":{"@id":"https:\/\/www.amstelprinting.nl\/es\/tienda\/publicidad-exterior\/publicidad-en-fachada\/rotulo-de-fachada\/#primaryimage"},"thumbnailUrl":"https:\/\/www.amstelprinting.nl\/wp-content\/uploads\/gevelbord-bedrukken.png","datePublished":"2025-01-24T10:34:38+00:00","dateModified":"2026-02-18T11:47:36+00:00","description":"Cree una primera impresi\u00f3n s\u00f3lida con un r\u00f3tulo de fachada a medida. Haga su pedido hoy para una entrega r\u00e1pida y opciones de montaje flexibles.","breadcrumb":{"@id":"https:\/\/www.amstelprinting.nl\/es\/tienda\/publicidad-exterior\/publicidad-en-fachada\/rotulo-de-fachada\/#breadcrumb"},"inLanguage":"es","potentialAction":[{"@type":"ReadAction","target":["https:\/\/www.amstelprinting.nl\/es\/tienda\/publicidad-exterior\/publicidad-en-fachada\/rotulo-de-fachada\/"]}]},{"@type":"ImageObject","inLanguage":"es","@id":"https:\/\/www.amstelprinting.nl\/es\/tienda\/publicidad-exterior\/publicidad-en-fachada\/rotulo-de-fachada\/#primaryimage","url":"https:\/\/www.amstelprinting.nl\/wp-content\/uploads\/gevelbord-bedrukken.png","contentUrl":"https:\/\/www.amstelprinting.nl\/wp-content\/uploads\/gevelbord-bedrukken.png","width":900,"height":900},{"@type":"BreadcrumbList","@id":"https:\/\/www.amstelprinting.nl\/es\/tienda\/publicidad-exterior\/publicidad-en-fachada\/rotulo-de-fachada\/#breadcrumb","itemListElement":[{"@type":"ListItem","position":1,"name":"","item":"https:\/\/www.amstelprinting.nl\/es\/"},{"@type":"ListItem","position":2,"name":"Amstel Printing","item":"https:\/\/www.amstelprinting.nl\/es\/comercio\/"},{"@type":"ListItem","position":3,"name":"Publicidad exterior","item":"https:\/\/www.amstelprinting.nl\/es\/categor\u00eda\/publicidad-exterior\/"},{"@type":"ListItem","position":4,"name":"Publicidad en fachada","item":"https:\/\/www.amstelprinting.nl\/es\/categor\u00eda\/publicidad-exterior\/publicidad-en-fachada\/"},{"@type":"ListItem","position":5,"name":"R\u00f3tulo de fachada"}]},{"@type":"WebSite","@id":"https:\/\/www.amstelprinting.nl\/es\/#website","url":"https:\/\/www.amstelprinting.nl\/es\/","name":"Amstel Printing","description":"Creating Exposure","publisher":{"@id":"https:\/\/www.amstelprinting.nl\/es\/#organization"},"potentialAction":[{"@type":"SearchAction","target":{"@type":"EntryPoint","urlTemplate":"https:\/\/www.amstelprinting.nl\/es\/?s={search_term_string}"},"query-input":{"@type":"PropertyValueSpecification","valueRequired":true,"valueName":"search_term_string"}}],"inLanguage":"es"},{"@type":"Organization","@id":"https:\/\/www.amstelprinting.nl\/es\/#organization","name":"Amstel Printing","url":"https:\/\/www.amstelprinting.nl\/es\/","logo":{"@type":"ImageObject","inLanguage":"es","@id":"https:\/\/www.amstelprinting.nl\/es\/#\/schema\/logo\/image\/","url":"https:\/\/www.amstelprinting.nl\/wp-content\/uploads\/amstel_printing_logo_clean.png","contentUrl":"https:\/\/www.amstelprinting.nl\/wp-content\/uploads\/amstel_printing_logo_clean.png","width":324,"height":73,"caption":"Amstel Printing"},"image":{"@id":"https:\/\/www.amstelprinting.nl\/es\/#\/schema\/logo\/image\/"}}]}},"_links":{"self":[{"href":"https:\/\/www.amstelprinting.nl\/es\/wp-json\/wp\/v2\/product\/13738","targetHints":{"allow":["GET"]}}],"collection":[{"href":"https:\/\/www.amstelprinting.nl\/es\/wp-json\/wp\/v2\/product"}],"about":[{"href":"https:\/\/www.amstelprinting.nl\/es\/wp-json\/wp\/v2\/types\/product"}],"wp:featuredmedia":[{"embeddable":true,"href":"https:\/\/www.amstelprinting.nl\/es\/wp-json\/wp\/v2\/media\/13739"}],"wp:attachment":[{"href":"https:\/\/www.amstelprinting.nl\/es\/wp-json\/wp\/v2\/media?parent=13738"}],"wp:term":[{"taxonomy":"product_brand","embeddable":true,"href":"https:\/\/www.amstelprinting.nl\/es\/wp-json\/wp\/v2\/product_brand?post=13738"},{"taxonomy":"product_cat","embeddable":true,"href":"https:\/\/www.amstelprinting.nl\/es\/wp-json\/wp\/v2\/product_cat?post=13738"},{"taxonomy":"product_tag","embeddable":true,"href":"https:\/\/www.amstelprinting.nl\/es\/wp-json\/wp\/v2\/product_tag?post=13738"}],"curies":[{"name":"wp","href":"https:\/\/api.w.org\/{rel}","templated":true}]}}