{"id":13748,"date":"2025-01-24T11:34:32","date_gmt":"2025-01-24T10:34:32","guid":{"rendered":"https:\/\/www.amstelprinting.nl\/winkel\/sin%20categor\u00eda\/kioskvlag\/"},"modified":"2026-02-18T12:47:36","modified_gmt":"2026-02-18T11:47:36","slug":"bandera-para-quiosco","status":"publish","type":"product","link":"https:\/\/www.amstelprinting.nl\/es\/tienda\/todas-las-banderas\/banderas-de-fachada\/bandera-para-quiosco\/","title":{"rendered":"Bandera para quiosco"},"content":{"rendered":"<h3>Elija el material adecuado<\/h3>\n<p>La bandera para quiosco puede imprimirse tanto a una como a doble cara. Para la impresi\u00f3n a una cara, se utiliza el material Longlife. Este tejido extra fuerte tiene una estructura especial que reduce el deshilachado, lo que garantiza una mayor vida \u00fatil. En el reverso de la bandera para quiosco, el dise\u00f1o se ve en espejo. Para la impresi\u00f3n a doble cara, se trabaja con Banner 610. Este es un material con funci\u00f3n blockout, que evita que la impresi\u00f3n se transparente por el otro lado. Tenga en cuenta que con este tipo de impresi\u00f3n puede ocurrir que ambos lados no sean totalmente id\u00e9nticos.<\/p>\n<h3>Formatos de bandera para quiosco<\/h3>\n<p>La bandera para quiosco est\u00e1 disponible en tres formatos:<\/p>\n<ul>\n<li>50 x 100 x 150 cm<\/li>\n<li>68 x 68 x 136 cm<\/li>\n<li>75 x 75 x 150 cm<\/li>\n<\/ul>\n<p>&nbsp;<\/p>\n<h3>Acabados de bandera para quiosco<\/h3>\n<p>La bandera puede acabarse con una cinta, cord\u00f3n y lazo en el lado izquierdo o derecho de su bandera para quiosco. Adem\u00e1s, se pueden solicitar opcionalmente varios accesorios (como m\u00e1stiles de fachada y soportes en diferentes colores).<\/p>\n<h3>Preguntas frecuentes sobre banderas para quiosco<\/h3>\n<p><strong>\u00bfC\u00f3mo mantengo mejor la calidad de la bandera?<\/strong><br \/>\nEs recomendable retirar la bandera por la noche y cuando haya vientos fuertes. Enrolle la bandera o gu\u00e1rdela extendida, \u00a1pero no doblada(!). De este modo, reducir\u00e1 el riesgo de da\u00f1os y la bandera para quiosco durar\u00e1 m\u00e1s tiempo.<\/p>\n<p><strong>\u00bfSab\u00eda que tambi\u00e9n puede lavar las banderas en la lavadora?<\/strong><br \/>\nEs posible lavar las banderas a un m\u00e1ximo de 30 grados Celsius. Utilice \u00fanicamente detergente para prendas delicadas.<\/p>\n<p><strong>\u00bfCu\u00e1l es la diferencia entre Banner 610 y Longlife?<\/strong><br \/>\nBanner 610 es una lona de PVC de calidad muy alta y robusta. Es un material duradero en el que las impresiones destacan de forma excelente. Esta lona tiene un aspecto mate y puede imprimirse por ambas caras. Flag Longlife es una lona de poli\u00e9ster resistente con una textura gruesa. El material est\u00e1 ligeramente perforado y, por tanto, apenas se deshilacha. Esta lona se imprime exclusivamente a una cara. Debido a su estructura, la impresi\u00f3n se traspasa al reverso del material, siendo visible aproximadamente entre el 90% y el 95% de la impresi\u00f3n en espejo.<\/p>\n","protected":false},"excerpt":{"rendered":"<p>Una bandera para quiosco es perfecta como un llamativo reclamo para su tienda, oficina o puesto de mercado. Con una bandera para quiosco impresa a doble cara, tiene garantizada la atenci\u00f3n de clientes potenciales. Elija entre 3 formatos diferentes y solicite opcionalmente el m\u00e1stil de fachada y el soporte. Econ\u00f3mica y entregada en tan solo 3 d\u00edas h\u00e1biles. Configure su bandera para quiosco a continuaci\u00f3n.<\/p>\n","protected":false},"featured_media":13749,"template":"","meta":{"_et_pb_use_builder":"","_et_pb_old_content":"","_et_gb_content_width":""},"product_brand":[],"product_cat":[876,885,460,450],"product_tag":[],"class_list":{"0":"post-13748","1":"product","2":"type-product","3":"status-publish","4":"has-post-thumbnail","6":"product_cat-todas-las-banderas","7":"product_cat-banderas-de-fachada","8":"product_cat-publicidad-en-fachada","9":"product_cat-publicidad-exterior","11":"first","12":"instock","13":"taxable","14":"shipping-taxable","15":"purchasable","16":"product-type-simple"},"yoast_head":"<!-- This site is optimized with the Yoast SEO plugin v27.3 - https:\/\/yoast.com\/product\/yoast-seo-wordpress\/ -->\n<title>\u00bfComprar bandera para quiosco? Banderas econ\u00f3micas, duraderas y de r\u00e1pida entrega<\/title>\n<meta name=\"description\" content=\"Destaque con una bandera para quiosco profesional para su tienda u oficina. Elija entre materiales y formatos duraderos. Entrega r\u00e1pida en 3 d\u00edas h\u00e1biles.\" \/>\n<meta name=\"robots\" content=\"index, follow, max-snippet:-1, max-image-preview:large, max-video-preview:-1\" \/>\n<link rel=\"canonical\" href=\"https:\/\/www.amstelprinting.nl\/es\/tienda\/todas-las-banderas\/banderas-de-fachada\/bandera-para-quiosco\/\" \/>\n<meta property=\"og:locale\" content=\"es_ES\" \/>\n<meta property=\"og:type\" content=\"article\" \/>\n<meta property=\"og:title\" content=\"\u00bfComprar bandera para quiosco? Banderas econ\u00f3micas, duraderas y de r\u00e1pida entrega\" \/>\n<meta property=\"og:description\" content=\"Destaque con una bandera para quiosco profesional para su tienda u oficina. Elija entre materiales y formatos duraderos. Entrega r\u00e1pida en 3 d\u00edas h\u00e1biles.\" \/>\n<meta property=\"og:url\" content=\"https:\/\/www.amstelprinting.nl\/es\/tienda\/todas-las-banderas\/banderas-de-fachada\/bandera-para-quiosco\/\" \/>\n<meta property=\"og:site_name\" content=\"Amstel Printing\" \/>\n<meta property=\"article:modified_time\" content=\"2026-02-18T11:47:36+00:00\" \/>\n<meta property=\"og:image\" content=\"https:\/\/www.amstelprinting.nl\/wp-content\/uploads\/kioskvlag-bedrukken-2.png\" \/>\n\t<meta property=\"og:image:width\" content=\"900\" \/>\n\t<meta property=\"og:image:height\" content=\"900\" \/>\n\t<meta property=\"og:image:type\" content=\"image\/png\" \/>\n<meta name=\"twitter:card\" content=\"summary_large_image\" \/>\n<meta name=\"twitter:label1\" content=\"Tiempo de lectura\" \/>\n\t<meta name=\"twitter:data1\" content=\"2 minutos\" \/>\n<script type=\"application\/ld+json\" class=\"yoast-schema-graph\">{\"@context\":\"https:\\\/\\\/schema.org\",\"@graph\":[{\"@type\":\"WebPage\",\"@id\":\"https:\\\/\\\/www.amstelprinting.nl\\\/es\\\/tienda\\\/todas-las-banderas\\\/banderas-de-fachada\\\/bandera-para-quiosco\\\/\",\"url\":\"https:\\\/\\\/www.amstelprinting.nl\\\/es\\\/tienda\\\/todas-las-banderas\\\/banderas-de-fachada\\\/bandera-para-quiosco\\\/\",\"name\":\"\u00bfComprar bandera para quiosco? Banderas econ\u00f3micas, duraderas y de r\u00e1pida entrega\",\"isPartOf\":{\"@id\":\"https:\\\/\\\/www.amstelprinting.nl\\\/es\\\/#website\"},\"primaryImageOfPage\":{\"@id\":\"https:\\\/\\\/www.amstelprinting.nl\\\/es\\\/tienda\\\/todas-las-banderas\\\/banderas-de-fachada\\\/bandera-para-quiosco\\\/#primaryimage\"},\"image\":{\"@id\":\"https:\\\/\\\/www.amstelprinting.nl\\\/es\\\/tienda\\\/todas-las-banderas\\\/banderas-de-fachada\\\/bandera-para-quiosco\\\/#primaryimage\"},\"thumbnailUrl\":\"https:\\\/\\\/www.amstelprinting.nl\\\/wp-content\\\/uploads\\\/kioskvlag-bedrukken-2.png\",\"datePublished\":\"2025-01-24T10:34:32+00:00\",\"dateModified\":\"2026-02-18T11:47:36+00:00\",\"description\":\"Destaque con una bandera para quiosco profesional para su tienda u oficina. Elija entre materiales y formatos duraderos. Entrega r\u00e1pida en 3 d\u00edas h\u00e1biles.\",\"breadcrumb\":{\"@id\":\"https:\\\/\\\/www.amstelprinting.nl\\\/es\\\/tienda\\\/todas-las-banderas\\\/banderas-de-fachada\\\/bandera-para-quiosco\\\/#breadcrumb\"},\"inLanguage\":\"es\",\"potentialAction\":[{\"@type\":\"ReadAction\",\"target\":[\"https:\\\/\\\/www.amstelprinting.nl\\\/es\\\/tienda\\\/todas-las-banderas\\\/banderas-de-fachada\\\/bandera-para-quiosco\\\/\"]}]},{\"@type\":\"ImageObject\",\"inLanguage\":\"es\",\"@id\":\"https:\\\/\\\/www.amstelprinting.nl\\\/es\\\/tienda\\\/todas-las-banderas\\\/banderas-de-fachada\\\/bandera-para-quiosco\\\/#primaryimage\",\"url\":\"https:\\\/\\\/www.amstelprinting.nl\\\/wp-content\\\/uploads\\\/kioskvlag-bedrukken-2.png\",\"contentUrl\":\"https:\\\/\\\/www.amstelprinting.nl\\\/wp-content\\\/uploads\\\/kioskvlag-bedrukken-2.png\",\"width\":900,\"height\":900},{\"@type\":\"BreadcrumbList\",\"@id\":\"https:\\\/\\\/www.amstelprinting.nl\\\/es\\\/tienda\\\/todas-las-banderas\\\/banderas-de-fachada\\\/bandera-para-quiosco\\\/#breadcrumb\",\"itemListElement\":[{\"@type\":\"ListItem\",\"position\":1,\"name\":\"\",\"item\":\"https:\\\/\\\/www.amstelprinting.nl\\\/es\\\/\"},{\"@type\":\"ListItem\",\"position\":2,\"name\":\"Amstel Printing\",\"item\":\"https:\\\/\\\/www.amstelprinting.nl\\\/es\\\/comercio\\\/\"},{\"@type\":\"ListItem\",\"position\":3,\"name\":\"Publicidad exterior\",\"item\":\"https:\\\/\\\/www.amstelprinting.nl\\\/es\\\/categor\u00eda\\\/publicidad-exterior\\\/\"},{\"@type\":\"ListItem\",\"position\":4,\"name\":\"Publicidad en fachada\",\"item\":\"https:\\\/\\\/www.amstelprinting.nl\\\/es\\\/categor\u00eda\\\/publicidad-exterior\\\/publicidad-en-fachada\\\/\"},{\"@type\":\"ListItem\",\"position\":5,\"name\":\"Bandera para quiosco\"}]},{\"@type\":\"WebSite\",\"@id\":\"https:\\\/\\\/www.amstelprinting.nl\\\/es\\\/#website\",\"url\":\"https:\\\/\\\/www.amstelprinting.nl\\\/es\\\/\",\"name\":\"Amstel Printing\",\"description\":\"Creating Exposure\",\"publisher\":{\"@id\":\"https:\\\/\\\/www.amstelprinting.nl\\\/es\\\/#organization\"},\"potentialAction\":[{\"@type\":\"SearchAction\",\"target\":{\"@type\":\"EntryPoint\",\"urlTemplate\":\"https:\\\/\\\/www.amstelprinting.nl\\\/es\\\/?s={search_term_string}\"},\"query-input\":{\"@type\":\"PropertyValueSpecification\",\"valueRequired\":true,\"valueName\":\"search_term_string\"}}],\"inLanguage\":\"es\"},{\"@type\":\"Organization\",\"@id\":\"https:\\\/\\\/www.amstelprinting.nl\\\/es\\\/#organization\",\"name\":\"Amstel Printing\",\"url\":\"https:\\\/\\\/www.amstelprinting.nl\\\/es\\\/\",\"logo\":{\"@type\":\"ImageObject\",\"inLanguage\":\"es\",\"@id\":\"https:\\\/\\\/www.amstelprinting.nl\\\/es\\\/#\\\/schema\\\/logo\\\/image\\\/\",\"url\":\"https:\\\/\\\/www.amstelprinting.nl\\\/wp-content\\\/uploads\\\/amstel_printing_logo_clean.png\",\"contentUrl\":\"https:\\\/\\\/www.amstelprinting.nl\\\/wp-content\\\/uploads\\\/amstel_printing_logo_clean.png\",\"width\":324,\"height\":73,\"caption\":\"Amstel Printing\"},\"image\":{\"@id\":\"https:\\\/\\\/www.amstelprinting.nl\\\/es\\\/#\\\/schema\\\/logo\\\/image\\\/\"}}]}<\/script>\n<!-- \/ Yoast SEO plugin. -->","yoast_head_json":{"title":"\u00bfComprar bandera para quiosco? Banderas econ\u00f3micas, duraderas y de r\u00e1pida entrega","description":"Destaque con una bandera para quiosco profesional para su tienda u oficina. Elija entre materiales y formatos duraderos. Entrega r\u00e1pida en 3 d\u00edas h\u00e1biles.","robots":{"index":"index","follow":"follow","max-snippet":"max-snippet:-1","max-image-preview":"max-image-preview:large","max-video-preview":"max-video-preview:-1"},"canonical":"https:\/\/www.amstelprinting.nl\/es\/tienda\/todas-las-banderas\/banderas-de-fachada\/bandera-para-quiosco\/","og_locale":"es_ES","og_type":"article","og_title":"\u00bfComprar bandera para quiosco? Banderas econ\u00f3micas, duraderas y de r\u00e1pida entrega","og_description":"Destaque con una bandera para quiosco profesional para su tienda u oficina. Elija entre materiales y formatos duraderos. Entrega r\u00e1pida en 3 d\u00edas h\u00e1biles.","og_url":"https:\/\/www.amstelprinting.nl\/es\/tienda\/todas-las-banderas\/banderas-de-fachada\/bandera-para-quiosco\/","og_site_name":"Amstel Printing","article_modified_time":"2026-02-18T11:47:36+00:00","og_image":[{"width":900,"height":900,"url":"https:\/\/www.amstelprinting.nl\/wp-content\/uploads\/kioskvlag-bedrukken-2.png","type":"image\/png"}],"twitter_card":"summary_large_image","twitter_misc":{"Tiempo de lectura":"2 minutos"},"schema":{"@context":"https:\/\/schema.org","@graph":[{"@type":"WebPage","@id":"https:\/\/www.amstelprinting.nl\/es\/tienda\/todas-las-banderas\/banderas-de-fachada\/bandera-para-quiosco\/","url":"https:\/\/www.amstelprinting.nl\/es\/tienda\/todas-las-banderas\/banderas-de-fachada\/bandera-para-quiosco\/","name":"\u00bfComprar bandera para quiosco? Banderas econ\u00f3micas, duraderas y de r\u00e1pida entrega","isPartOf":{"@id":"https:\/\/www.amstelprinting.nl\/es\/#website"},"primaryImageOfPage":{"@id":"https:\/\/www.amstelprinting.nl\/es\/tienda\/todas-las-banderas\/banderas-de-fachada\/bandera-para-quiosco\/#primaryimage"},"image":{"@id":"https:\/\/www.amstelprinting.nl\/es\/tienda\/todas-las-banderas\/banderas-de-fachada\/bandera-para-quiosco\/#primaryimage"},"thumbnailUrl":"https:\/\/www.amstelprinting.nl\/wp-content\/uploads\/kioskvlag-bedrukken-2.png","datePublished":"2025-01-24T10:34:32+00:00","dateModified":"2026-02-18T11:47:36+00:00","description":"Destaque con una bandera para quiosco profesional para su tienda u oficina. Elija entre materiales y formatos duraderos. Entrega r\u00e1pida en 3 d\u00edas h\u00e1biles.","breadcrumb":{"@id":"https:\/\/www.amstelprinting.nl\/es\/tienda\/todas-las-banderas\/banderas-de-fachada\/bandera-para-quiosco\/#breadcrumb"},"inLanguage":"es","potentialAction":[{"@type":"ReadAction","target":["https:\/\/www.amstelprinting.nl\/es\/tienda\/todas-las-banderas\/banderas-de-fachada\/bandera-para-quiosco\/"]}]},{"@type":"ImageObject","inLanguage":"es","@id":"https:\/\/www.amstelprinting.nl\/es\/tienda\/todas-las-banderas\/banderas-de-fachada\/bandera-para-quiosco\/#primaryimage","url":"https:\/\/www.amstelprinting.nl\/wp-content\/uploads\/kioskvlag-bedrukken-2.png","contentUrl":"https:\/\/www.amstelprinting.nl\/wp-content\/uploads\/kioskvlag-bedrukken-2.png","width":900,"height":900},{"@type":"BreadcrumbList","@id":"https:\/\/www.amstelprinting.nl\/es\/tienda\/todas-las-banderas\/banderas-de-fachada\/bandera-para-quiosco\/#breadcrumb","itemListElement":[{"@type":"ListItem","position":1,"name":"","item":"https:\/\/www.amstelprinting.nl\/es\/"},{"@type":"ListItem","position":2,"name":"Amstel Printing","item":"https:\/\/www.amstelprinting.nl\/es\/comercio\/"},{"@type":"ListItem","position":3,"name":"Publicidad exterior","item":"https:\/\/www.amstelprinting.nl\/es\/categor\u00eda\/publicidad-exterior\/"},{"@type":"ListItem","position":4,"name":"Publicidad en fachada","item":"https:\/\/www.amstelprinting.nl\/es\/categor\u00eda\/publicidad-exterior\/publicidad-en-fachada\/"},{"@type":"ListItem","position":5,"name":"Bandera para quiosco"}]},{"@type":"WebSite","@id":"https:\/\/www.amstelprinting.nl\/es\/#website","url":"https:\/\/www.amstelprinting.nl\/es\/","name":"Amstel Printing","description":"Creating Exposure","publisher":{"@id":"https:\/\/www.amstelprinting.nl\/es\/#organization"},"potentialAction":[{"@type":"SearchAction","target":{"@type":"EntryPoint","urlTemplate":"https:\/\/www.amstelprinting.nl\/es\/?s={search_term_string}"},"query-input":{"@type":"PropertyValueSpecification","valueRequired":true,"valueName":"search_term_string"}}],"inLanguage":"es"},{"@type":"Organization","@id":"https:\/\/www.amstelprinting.nl\/es\/#organization","name":"Amstel Printing","url":"https:\/\/www.amstelprinting.nl\/es\/","logo":{"@type":"ImageObject","inLanguage":"es","@id":"https:\/\/www.amstelprinting.nl\/es\/#\/schema\/logo\/image\/","url":"https:\/\/www.amstelprinting.nl\/wp-content\/uploads\/amstel_printing_logo_clean.png","contentUrl":"https:\/\/www.amstelprinting.nl\/wp-content\/uploads\/amstel_printing_logo_clean.png","width":324,"height":73,"caption":"Amstel Printing"},"image":{"@id":"https:\/\/www.amstelprinting.nl\/es\/#\/schema\/logo\/image\/"}}]}},"_links":{"self":[{"href":"https:\/\/www.amstelprinting.nl\/es\/wp-json\/wp\/v2\/product\/13748","targetHints":{"allow":["GET"]}}],"collection":[{"href":"https:\/\/www.amstelprinting.nl\/es\/wp-json\/wp\/v2\/product"}],"about":[{"href":"https:\/\/www.amstelprinting.nl\/es\/wp-json\/wp\/v2\/types\/product"}],"wp:featuredmedia":[{"embeddable":true,"href":"https:\/\/www.amstelprinting.nl\/es\/wp-json\/wp\/v2\/media\/13749"}],"wp:attachment":[{"href":"https:\/\/www.amstelprinting.nl\/es\/wp-json\/wp\/v2\/media?parent=13748"}],"wp:term":[{"taxonomy":"product_brand","embeddable":true,"href":"https:\/\/www.amstelprinting.nl\/es\/wp-json\/wp\/v2\/product_brand?post=13748"},{"taxonomy":"product_cat","embeddable":true,"href":"https:\/\/www.amstelprinting.nl\/es\/wp-json\/wp\/v2\/product_cat?post=13748"},{"taxonomy":"product_tag","embeddable":true,"href":"https:\/\/www.amstelprinting.nl\/es\/wp-json\/wp\/v2\/product_tag?post=13748"}],"curies":[{"name":"wp","href":"https:\/\/api.w.org\/{rel}","templated":true}]}}