{"id":13758,"date":"2025-01-24T11:34:26","date_gmt":"2025-01-24T10:34:26","guid":{"rendered":"https:\/\/www.amstelprinting.nl\/winkel\/sin%20categor\u00eda\/banier\/"},"modified":"2026-02-18T12:47:37","modified_gmt":"2026-02-18T11:47:37","slug":"banderola","status":"publish","type":"product","link":"https:\/\/www.amstelprinting.nl\/es\/tienda\/todas-las-banderas\/banderas-de-fachada\/banderola\/","title":{"rendered":"Banderola"},"content":{"rendered":"<h3>\u00bfQu\u00e9 es una banderola?<\/h3>\n<p>Una banderola es una lona alargada, impresa con un dise\u00f1o, logotipo o mensaje a su elecci\u00f3n. Amstel Printing suministra 3 tipos diferentes de banderolas:<\/p>\n<ol>\n<li>Banderolas de interior (impresi\u00f3n a una sola cara)<\/li>\n<li>Banderolas de fachada (impresi\u00f3n a doble cara)<\/li>\n<li>Banderas tipo banner (para m\u00e1stiles)<\/li>\n<\/ol>\n<p>&nbsp;<\/p>\n<h3><strong>Banderolas de interior<\/strong> &#8211; para uso en interiores<\/h3>\n<p>Una banderola de interior de una sola cara es perfecta para tiendas y salas de exposici\u00f3n. Estas banderolas est\u00e1n disponibles en dos tipos de tejido:<\/p>\n<ul>\n<li><strong>Flag transparente<\/strong>: Ideal para un aspecto ligero y transl\u00facido.<\/li>\n<li><strong>Tejido decorativo opaco<\/strong>: Para una visualizaci\u00f3n robusta y sin transparencias.<\/li>\n<\/ul>\n<p>Las banderolas de interior est\u00e1n disponibles en anchuras de 60, 80 y 100 cm, y tienen una longitud ilimitada, para que se adapten perfectamente a su espacio y deseos. Adem\u00e1s, puede optar por a\u00f1adir un sistema de suspensi\u00f3n, de modo que pueda colgar la banderola de interior directamente.<\/p>\n<h3><strong>Banderolas de fachada<\/strong> &#8211; para fijaci\u00f3n en la fachada<\/h3>\n<p>Las banderolas de fachada se fabrican con el material duradero Banner 610. Se trata de un material con funci\u00f3n blockout (opaco), por lo que la impresi\u00f3n no se trasluce al otro lado. Tenga en cuenta que, con este tipo de impresi\u00f3n, puede ocurrir que ambos lados no sean totalmente id\u00e9nticos.<\/p>\n<p>Est\u00e1n disponibles en anchuras de 60 cm u 80 cm, con una altura m\u00e1xima de 2,5 m o 3 m. Complete su elecci\u00f3n con el soporte de banderola en \u00e1ngulo recto, un robusto sistema de suspensi\u00f3n de acero inoxidable con aleaci\u00f3n 304 para una mayor durabilidad. Tense la lona f\u00e1cilmente con los tornillos situados a ambos lados para una presentaci\u00f3n impecable y profesional.<\/p>\n<h3><strong>Banderas tipo banner<\/strong> &#8211; para m\u00e1stiles<\/h3>\n<p>Una tercera variante de la banderola impresa es la bandera tipo banner. La bandera tipo banner es adecuada para m\u00e1stiles permanentes con un soporte de brazo de potencia en la parte superior. Una bandera tipo banner tambi\u00e9n se denomina bandera de formato vertical o banner vertical. La gran ventaja frente a una bandera recta est\u00e1ndar es que una bandera tipo banner siempre es bien visible, incluso con poco viento. El brazo de potencia en la parte superior del m\u00e1stil asegura que la bandera no cuelgue lacia contra el m\u00e1stil. Puede configurar la bandera tipo banner aqu\u00ed.<\/p>\n<p>Tanto si elige una banderola de interior, una banderola de fachada o una bandera tipo banner, nuestros productos ofrecen una forma llamativa y elegante de presentar su mensaje o marca.<\/p>\n","protected":false},"excerpt":{"rendered":"<p>Las banderolas son lonas alargadas impresas con el dise\u00f1o que desee. Elija entre una banderola de interior (impresi\u00f3n a una cara) o una banderola de fachada (impresi\u00f3n a doble cara). A menudo se entregan en solo 1 d\u00eda laborable. \u00a1Configure su banderola en unos pocos pasos a continuaci\u00f3n!<\/p>\n","protected":false},"featured_media":13759,"template":"","meta":{"_et_pb_use_builder":"","_et_pb_old_content":"","_et_gb_content_width":""},"product_brand":[],"product_cat":[876,885,440,460,450,379],"product_tag":[],"class_list":{"0":"post-13758","1":"product","2":"type-product","3":"status-publish","4":"has-post-thumbnail","6":"product_cat-todas-las-banderas","7":"product_cat-banderas-de-fachada","8":"product_cat-minorista","9":"product_cat-publicidad-en-fachada","10":"product_cat-publicidad-exterior","11":"product_cat-publicidad-interior","13":"first","14":"instock","15":"taxable","16":"shipping-taxable","17":"purchasable","18":"product-type-simple"},"yoast_head":"<!-- This site is optimized with the Yoast SEO plugin v27.3 - https:\/\/yoast.com\/product\/yoast-seo-wordpress\/ -->\n<title>Entrega r\u00e1pida de banderolas - banderolas de interior y de fachada a medida<\/title>\n<meta name=\"description\" content=\"Pida una banderola con entrega r\u00e1pida en 1 d\u00eda laborable. Elija entre banderolas de interior, banderolas de fachada o banderas tipo banner. \u00a1Configure ahora y haga visible su marca!\" \/>\n<meta name=\"robots\" content=\"index, follow, max-snippet:-1, max-image-preview:large, max-video-preview:-1\" \/>\n<link rel=\"canonical\" href=\"https:\/\/www.amstelprinting.nl\/es\/tienda\/todas-las-banderas\/banderas-de-fachada\/banderola\/\" \/>\n<meta property=\"og:locale\" content=\"es_ES\" \/>\n<meta property=\"og:type\" content=\"article\" \/>\n<meta property=\"og:title\" content=\"Entrega r\u00e1pida de banderolas - banderolas de interior y de fachada a medida\" \/>\n<meta property=\"og:description\" content=\"Pida una banderola con entrega r\u00e1pida en 1 d\u00eda laborable. Elija entre banderolas de interior, banderolas de fachada o banderas tipo banner. \u00a1Configure ahora y haga visible su marca!\" \/>\n<meta property=\"og:url\" content=\"https:\/\/www.amstelprinting.nl\/es\/tienda\/todas-las-banderas\/banderas-de-fachada\/banderola\/\" \/>\n<meta property=\"og:site_name\" content=\"Amstel Printing\" \/>\n<meta property=\"article:modified_time\" content=\"2026-02-18T11:47:37+00:00\" \/>\n<meta property=\"og:image\" content=\"https:\/\/www.amstelprinting.nl\/wp-content\/uploads\/banier-bedrukken.png\" \/>\n\t<meta property=\"og:image:width\" content=\"900\" \/>\n\t<meta property=\"og:image:height\" content=\"900\" \/>\n\t<meta property=\"og:image:type\" content=\"image\/png\" \/>\n<meta name=\"twitter:card\" content=\"summary_large_image\" \/>\n<meta name=\"twitter:label1\" content=\"Tiempo de lectura\" \/>\n\t<meta name=\"twitter:data1\" content=\"2 minutos\" \/>\n<script type=\"application\/ld+json\" class=\"yoast-schema-graph\">{\"@context\":\"https:\\\/\\\/schema.org\",\"@graph\":[{\"@type\":\"WebPage\",\"@id\":\"https:\\\/\\\/www.amstelprinting.nl\\\/es\\\/tienda\\\/todas-las-banderas\\\/banderas-de-fachada\\\/banderola\\\/\",\"url\":\"https:\\\/\\\/www.amstelprinting.nl\\\/es\\\/tienda\\\/todas-las-banderas\\\/banderas-de-fachada\\\/banderola\\\/\",\"name\":\"Entrega r\u00e1pida de banderolas - banderolas de interior y de fachada a medida\",\"isPartOf\":{\"@id\":\"https:\\\/\\\/www.amstelprinting.nl\\\/es\\\/#website\"},\"primaryImageOfPage\":{\"@id\":\"https:\\\/\\\/www.amstelprinting.nl\\\/es\\\/tienda\\\/todas-las-banderas\\\/banderas-de-fachada\\\/banderola\\\/#primaryimage\"},\"image\":{\"@id\":\"https:\\\/\\\/www.amstelprinting.nl\\\/es\\\/tienda\\\/todas-las-banderas\\\/banderas-de-fachada\\\/banderola\\\/#primaryimage\"},\"thumbnailUrl\":\"https:\\\/\\\/www.amstelprinting.nl\\\/wp-content\\\/uploads\\\/banier-bedrukken.png\",\"datePublished\":\"2025-01-24T10:34:26+00:00\",\"dateModified\":\"2026-02-18T11:47:37+00:00\",\"description\":\"Pida una banderola con entrega r\u00e1pida en 1 d\u00eda laborable. Elija entre banderolas de interior, banderolas de fachada o banderas tipo banner. \u00a1Configure ahora y haga visible su marca!\",\"breadcrumb\":{\"@id\":\"https:\\\/\\\/www.amstelprinting.nl\\\/es\\\/tienda\\\/todas-las-banderas\\\/banderas-de-fachada\\\/banderola\\\/#breadcrumb\"},\"inLanguage\":\"es\",\"potentialAction\":[{\"@type\":\"ReadAction\",\"target\":[\"https:\\\/\\\/www.amstelprinting.nl\\\/es\\\/tienda\\\/todas-las-banderas\\\/banderas-de-fachada\\\/banderola\\\/\"]}]},{\"@type\":\"ImageObject\",\"inLanguage\":\"es\",\"@id\":\"https:\\\/\\\/www.amstelprinting.nl\\\/es\\\/tienda\\\/todas-las-banderas\\\/banderas-de-fachada\\\/banderola\\\/#primaryimage\",\"url\":\"https:\\\/\\\/www.amstelprinting.nl\\\/wp-content\\\/uploads\\\/banier-bedrukken.png\",\"contentUrl\":\"https:\\\/\\\/www.amstelprinting.nl\\\/wp-content\\\/uploads\\\/banier-bedrukken.png\",\"width\":900,\"height\":900},{\"@type\":\"BreadcrumbList\",\"@id\":\"https:\\\/\\\/www.amstelprinting.nl\\\/es\\\/tienda\\\/todas-las-banderas\\\/banderas-de-fachada\\\/banderola\\\/#breadcrumb\",\"itemListElement\":[{\"@type\":\"ListItem\",\"position\":1,\"name\":\"\",\"item\":\"https:\\\/\\\/www.amstelprinting.nl\\\/es\\\/\"},{\"@type\":\"ListItem\",\"position\":2,\"name\":\"Amstel Printing\",\"item\":\"https:\\\/\\\/www.amstelprinting.nl\\\/es\\\/comercio\\\/\"},{\"@type\":\"ListItem\",\"position\":3,\"name\":\"Publicidad interior\",\"item\":\"https:\\\/\\\/www.amstelprinting.nl\\\/es\\\/categor\u00eda\\\/publicidad-interior\\\/\"},{\"@type\":\"ListItem\",\"position\":4,\"name\":\"Minorista\",\"item\":\"https:\\\/\\\/www.amstelprinting.nl\\\/es\\\/categor\u00eda\\\/publicidad-interior\\\/minorista\\\/\"},{\"@type\":\"ListItem\",\"position\":5,\"name\":\"Banderola\"}]},{\"@type\":\"WebSite\",\"@id\":\"https:\\\/\\\/www.amstelprinting.nl\\\/es\\\/#website\",\"url\":\"https:\\\/\\\/www.amstelprinting.nl\\\/es\\\/\",\"name\":\"Amstel Printing\",\"description\":\"Creating Exposure\",\"publisher\":{\"@id\":\"https:\\\/\\\/www.amstelprinting.nl\\\/es\\\/#organization\"},\"potentialAction\":[{\"@type\":\"SearchAction\",\"target\":{\"@type\":\"EntryPoint\",\"urlTemplate\":\"https:\\\/\\\/www.amstelprinting.nl\\\/es\\\/?s={search_term_string}\"},\"query-input\":{\"@type\":\"PropertyValueSpecification\",\"valueRequired\":true,\"valueName\":\"search_term_string\"}}],\"inLanguage\":\"es\"},{\"@type\":\"Organization\",\"@id\":\"https:\\\/\\\/www.amstelprinting.nl\\\/es\\\/#organization\",\"name\":\"Amstel Printing\",\"url\":\"https:\\\/\\\/www.amstelprinting.nl\\\/es\\\/\",\"logo\":{\"@type\":\"ImageObject\",\"inLanguage\":\"es\",\"@id\":\"https:\\\/\\\/www.amstelprinting.nl\\\/es\\\/#\\\/schema\\\/logo\\\/image\\\/\",\"url\":\"https:\\\/\\\/www.amstelprinting.nl\\\/wp-content\\\/uploads\\\/amstel_printing_logo_clean.png\",\"contentUrl\":\"https:\\\/\\\/www.amstelprinting.nl\\\/wp-content\\\/uploads\\\/amstel_printing_logo_clean.png\",\"width\":324,\"height\":73,\"caption\":\"Amstel Printing\"},\"image\":{\"@id\":\"https:\\\/\\\/www.amstelprinting.nl\\\/es\\\/#\\\/schema\\\/logo\\\/image\\\/\"}}]}<\/script>\n<!-- \/ Yoast SEO plugin. -->","yoast_head_json":{"title":"Entrega r\u00e1pida de banderolas - banderolas de interior y de fachada a medida","description":"Pida una banderola con entrega r\u00e1pida en 1 d\u00eda laborable. Elija entre banderolas de interior, banderolas de fachada o banderas tipo banner. \u00a1Configure ahora y haga visible su marca!","robots":{"index":"index","follow":"follow","max-snippet":"max-snippet:-1","max-image-preview":"max-image-preview:large","max-video-preview":"max-video-preview:-1"},"canonical":"https:\/\/www.amstelprinting.nl\/es\/tienda\/todas-las-banderas\/banderas-de-fachada\/banderola\/","og_locale":"es_ES","og_type":"article","og_title":"Entrega r\u00e1pida de banderolas - banderolas de interior y de fachada a medida","og_description":"Pida una banderola con entrega r\u00e1pida en 1 d\u00eda laborable. Elija entre banderolas de interior, banderolas de fachada o banderas tipo banner. \u00a1Configure ahora y haga visible su marca!","og_url":"https:\/\/www.amstelprinting.nl\/es\/tienda\/todas-las-banderas\/banderas-de-fachada\/banderola\/","og_site_name":"Amstel Printing","article_modified_time":"2026-02-18T11:47:37+00:00","og_image":[{"width":900,"height":900,"url":"https:\/\/www.amstelprinting.nl\/wp-content\/uploads\/banier-bedrukken.png","type":"image\/png"}],"twitter_card":"summary_large_image","twitter_misc":{"Tiempo de lectura":"2 minutos"},"schema":{"@context":"https:\/\/schema.org","@graph":[{"@type":"WebPage","@id":"https:\/\/www.amstelprinting.nl\/es\/tienda\/todas-las-banderas\/banderas-de-fachada\/banderola\/","url":"https:\/\/www.amstelprinting.nl\/es\/tienda\/todas-las-banderas\/banderas-de-fachada\/banderola\/","name":"Entrega r\u00e1pida de banderolas - banderolas de interior y de fachada a medida","isPartOf":{"@id":"https:\/\/www.amstelprinting.nl\/es\/#website"},"primaryImageOfPage":{"@id":"https:\/\/www.amstelprinting.nl\/es\/tienda\/todas-las-banderas\/banderas-de-fachada\/banderola\/#primaryimage"},"image":{"@id":"https:\/\/www.amstelprinting.nl\/es\/tienda\/todas-las-banderas\/banderas-de-fachada\/banderola\/#primaryimage"},"thumbnailUrl":"https:\/\/www.amstelprinting.nl\/wp-content\/uploads\/banier-bedrukken.png","datePublished":"2025-01-24T10:34:26+00:00","dateModified":"2026-02-18T11:47:37+00:00","description":"Pida una banderola con entrega r\u00e1pida en 1 d\u00eda laborable. Elija entre banderolas de interior, banderolas de fachada o banderas tipo banner. \u00a1Configure ahora y haga visible su marca!","breadcrumb":{"@id":"https:\/\/www.amstelprinting.nl\/es\/tienda\/todas-las-banderas\/banderas-de-fachada\/banderola\/#breadcrumb"},"inLanguage":"es","potentialAction":[{"@type":"ReadAction","target":["https:\/\/www.amstelprinting.nl\/es\/tienda\/todas-las-banderas\/banderas-de-fachada\/banderola\/"]}]},{"@type":"ImageObject","inLanguage":"es","@id":"https:\/\/www.amstelprinting.nl\/es\/tienda\/todas-las-banderas\/banderas-de-fachada\/banderola\/#primaryimage","url":"https:\/\/www.amstelprinting.nl\/wp-content\/uploads\/banier-bedrukken.png","contentUrl":"https:\/\/www.amstelprinting.nl\/wp-content\/uploads\/banier-bedrukken.png","width":900,"height":900},{"@type":"BreadcrumbList","@id":"https:\/\/www.amstelprinting.nl\/es\/tienda\/todas-las-banderas\/banderas-de-fachada\/banderola\/#breadcrumb","itemListElement":[{"@type":"ListItem","position":1,"name":"","item":"https:\/\/www.amstelprinting.nl\/es\/"},{"@type":"ListItem","position":2,"name":"Amstel Printing","item":"https:\/\/www.amstelprinting.nl\/es\/comercio\/"},{"@type":"ListItem","position":3,"name":"Publicidad interior","item":"https:\/\/www.amstelprinting.nl\/es\/categor\u00eda\/publicidad-interior\/"},{"@type":"ListItem","position":4,"name":"Minorista","item":"https:\/\/www.amstelprinting.nl\/es\/categor\u00eda\/publicidad-interior\/minorista\/"},{"@type":"ListItem","position":5,"name":"Banderola"}]},{"@type":"WebSite","@id":"https:\/\/www.amstelprinting.nl\/es\/#website","url":"https:\/\/www.amstelprinting.nl\/es\/","name":"Amstel Printing","description":"Creating Exposure","publisher":{"@id":"https:\/\/www.amstelprinting.nl\/es\/#organization"},"potentialAction":[{"@type":"SearchAction","target":{"@type":"EntryPoint","urlTemplate":"https:\/\/www.amstelprinting.nl\/es\/?s={search_term_string}"},"query-input":{"@type":"PropertyValueSpecification","valueRequired":true,"valueName":"search_term_string"}}],"inLanguage":"es"},{"@type":"Organization","@id":"https:\/\/www.amstelprinting.nl\/es\/#organization","name":"Amstel Printing","url":"https:\/\/www.amstelprinting.nl\/es\/","logo":{"@type":"ImageObject","inLanguage":"es","@id":"https:\/\/www.amstelprinting.nl\/es\/#\/schema\/logo\/image\/","url":"https:\/\/www.amstelprinting.nl\/wp-content\/uploads\/amstel_printing_logo_clean.png","contentUrl":"https:\/\/www.amstelprinting.nl\/wp-content\/uploads\/amstel_printing_logo_clean.png","width":324,"height":73,"caption":"Amstel Printing"},"image":{"@id":"https:\/\/www.amstelprinting.nl\/es\/#\/schema\/logo\/image\/"}}]}},"_links":{"self":[{"href":"https:\/\/www.amstelprinting.nl\/es\/wp-json\/wp\/v2\/product\/13758","targetHints":{"allow":["GET"]}}],"collection":[{"href":"https:\/\/www.amstelprinting.nl\/es\/wp-json\/wp\/v2\/product"}],"about":[{"href":"https:\/\/www.amstelprinting.nl\/es\/wp-json\/wp\/v2\/types\/product"}],"wp:featuredmedia":[{"embeddable":true,"href":"https:\/\/www.amstelprinting.nl\/es\/wp-json\/wp\/v2\/media\/13759"}],"wp:attachment":[{"href":"https:\/\/www.amstelprinting.nl\/es\/wp-json\/wp\/v2\/media?parent=13758"}],"wp:term":[{"taxonomy":"product_brand","embeddable":true,"href":"https:\/\/www.amstelprinting.nl\/es\/wp-json\/wp\/v2\/product_brand?post=13758"},{"taxonomy":"product_cat","embeddable":true,"href":"https:\/\/www.amstelprinting.nl\/es\/wp-json\/wp\/v2\/product_cat?post=13758"},{"taxonomy":"product_tag","embeddable":true,"href":"https:\/\/www.amstelprinting.nl\/es\/wp-json\/wp\/v2\/product_tag?post=13758"}],"curies":[{"name":"wp","href":"https:\/\/api.w.org\/{rel}","templated":true}]}}