{"id":13768,"date":"2025-01-24T11:34:20","date_gmt":"2025-01-24T10:34:20","guid":{"rendered":"https:\/\/www.amstelprinting.nl\/winkel\/sin%20categor\u00eda\/raamvlag\/"},"modified":"2026-02-18T12:47:38","modified_gmt":"2026-02-18T11:47:38","slug":"banderola-de-ventana","status":"publish","type":"product","link":"https:\/\/www.amstelprinting.nl\/es\/tienda\/todas-las-banderas\/banderas-de-fachada\/banderola-de-ventana\/","title":{"rendered":"Banderola de ventana"},"content":{"rendered":"<h3>Tama\u00f1o y material<\/h3>\n<p>Nuestras banderolas de ventana tienen un tama\u00f1o de 55 x 80 x 59,5 cm y est\u00e1n impresas a doble cara, por lo que su mensaje es claramente visible por ambos lados. Las banderas est\u00e1n fabricadas con Banner 610, un tipo de lona de PVC resistente y de alta calidad que es opaca. Esto garantiza que su mensaje o logotipo se mantenga siempre n\u00edtido y brillante, independientemente de las condiciones de luz. Puede pedir la bandera por separado o con un m\u00e1stil y sistema de suspensi\u00f3n con ventosa. Adem\u00e1s, para el acabado de la bandera, puede elegir entre hilo blanco o negro.<\/p>\n<h3>Fijaci\u00f3n<\/h3>\n<p>Gracias a los pr\u00e1cticos m\u00e1stiles y ventosas, la banderola de ventana se mantiene firmemente en su sitio. La ventosa se adhiere a cualquier superficie de cristal, lo que facilita el montaje y desmontaje. Esto elimina la necesidad de hacer agujeros en la pared para un soporte de m\u00e1stil, y permite mover o quitar la banderola f\u00e1cilmente cuando sea necesario. \u00a1Pida hoy mismo su banderola de ventana y haga visible su mensaje en cualquier superficie de cristal!<\/p>\n","protected":false},"excerpt":{"rendered":"<p><span style=\"font-weight: 400;\">Las banderolas de ventana son la soluci\u00f3n ideal para una presentaci\u00f3n llamativa y s\u00f3lida en cualquier superficie de cristal. Con la ventosa que puede pedirse por separado, se fija la banderola f\u00e1cilmente sin tener que hacer agujeros en la pared. \u00a1Incluye impresi\u00f3n a doble cara! Entrega en 4 d\u00edas laborables.<\/span><\/p>\n","protected":false},"featured_media":13769,"template":"","meta":{"_et_pb_use_builder":"","_et_pb_old_content":"","_et_gb_content_width":""},"product_brand":[],"product_cat":[876,885,460,450],"product_tag":[],"class_list":{"0":"post-13768","1":"product","2":"type-product","3":"status-publish","4":"has-post-thumbnail","6":"product_cat-todas-las-banderas","7":"product_cat-banderas-de-fachada","8":"product_cat-publicidad-en-fachada","9":"product_cat-publicidad-exterior","11":"first","12":"instock","13":"taxable","14":"shipping-taxable","15":"purchasable","16":"product-type-simple"},"yoast_head":"<!-- This site is optimized with the Yoast SEO plugin v27.3 - https:\/\/yoast.com\/product\/yoast-seo-wordpress\/ -->\n<title>Banderola de ventana \u2013 Visibilidad a doble cara y fijaci\u00f3n sencilla<\/title>\n<meta name=\"description\" content=\"Atraiga la atenci\u00f3n al instante con una banderola de ventana duradera fabricada con lona publicitaria de alta calidad. Entrega en 4 d\u00edas laborables. Entrega en toda Europa.\" \/>\n<meta name=\"robots\" content=\"index, follow, max-snippet:-1, max-image-preview:large, max-video-preview:-1\" \/>\n<link rel=\"canonical\" href=\"https:\/\/www.amstelprinting.nl\/es\/tienda\/todas-las-banderas\/banderas-de-fachada\/banderola-de-ventana\/\" \/>\n<meta property=\"og:locale\" content=\"es_ES\" \/>\n<meta property=\"og:type\" content=\"article\" \/>\n<meta property=\"og:title\" content=\"Banderola de ventana \u2013 Visibilidad a doble cara y fijaci\u00f3n sencilla\" \/>\n<meta property=\"og:description\" content=\"Atraiga la atenci\u00f3n al instante con una banderola de ventana duradera fabricada con lona publicitaria de alta calidad. Entrega en 4 d\u00edas laborables. Entrega en toda Europa.\" \/>\n<meta property=\"og:url\" content=\"https:\/\/www.amstelprinting.nl\/es\/tienda\/todas-las-banderas\/banderas-de-fachada\/banderola-de-ventana\/\" \/>\n<meta property=\"og:site_name\" content=\"Amstel Printing\" \/>\n<meta property=\"article:modified_time\" content=\"2026-02-18T11:47:38+00:00\" \/>\n<meta property=\"og:image\" content=\"https:\/\/www.amstelprinting.nl\/wp-content\/uploads\/raamvlag-bedrukken.png\" \/>\n\t<meta property=\"og:image:width\" content=\"900\" \/>\n\t<meta property=\"og:image:height\" content=\"900\" \/>\n\t<meta property=\"og:image:type\" content=\"image\/png\" \/>\n<meta name=\"twitter:card\" content=\"summary_large_image\" \/>\n<meta name=\"twitter:label1\" content=\"Tiempo de lectura\" \/>\n\t<meta name=\"twitter:data1\" content=\"1 minuto\" \/>\n<script type=\"application\/ld+json\" class=\"yoast-schema-graph\">{\"@context\":\"https:\\\/\\\/schema.org\",\"@graph\":[{\"@type\":\"WebPage\",\"@id\":\"https:\\\/\\\/www.amstelprinting.nl\\\/es\\\/tienda\\\/todas-las-banderas\\\/banderas-de-fachada\\\/banderola-de-ventana\\\/\",\"url\":\"https:\\\/\\\/www.amstelprinting.nl\\\/es\\\/tienda\\\/todas-las-banderas\\\/banderas-de-fachada\\\/banderola-de-ventana\\\/\",\"name\":\"Banderola de ventana \u2013 Visibilidad a doble cara y fijaci\u00f3n sencilla\",\"isPartOf\":{\"@id\":\"https:\\\/\\\/www.amstelprinting.nl\\\/es\\\/#website\"},\"primaryImageOfPage\":{\"@id\":\"https:\\\/\\\/www.amstelprinting.nl\\\/es\\\/tienda\\\/todas-las-banderas\\\/banderas-de-fachada\\\/banderola-de-ventana\\\/#primaryimage\"},\"image\":{\"@id\":\"https:\\\/\\\/www.amstelprinting.nl\\\/es\\\/tienda\\\/todas-las-banderas\\\/banderas-de-fachada\\\/banderola-de-ventana\\\/#primaryimage\"},\"thumbnailUrl\":\"https:\\\/\\\/www.amstelprinting.nl\\\/wp-content\\\/uploads\\\/raamvlag-bedrukken.png\",\"datePublished\":\"2025-01-24T10:34:20+00:00\",\"dateModified\":\"2026-02-18T11:47:38+00:00\",\"description\":\"Atraiga la atenci\u00f3n al instante con una banderola de ventana duradera fabricada con lona publicitaria de alta calidad. Entrega en 4 d\u00edas laborables. Entrega en toda Europa.\",\"breadcrumb\":{\"@id\":\"https:\\\/\\\/www.amstelprinting.nl\\\/es\\\/tienda\\\/todas-las-banderas\\\/banderas-de-fachada\\\/banderola-de-ventana\\\/#breadcrumb\"},\"inLanguage\":\"es\",\"potentialAction\":[{\"@type\":\"ReadAction\",\"target\":[\"https:\\\/\\\/www.amstelprinting.nl\\\/es\\\/tienda\\\/todas-las-banderas\\\/banderas-de-fachada\\\/banderola-de-ventana\\\/\"]}]},{\"@type\":\"ImageObject\",\"inLanguage\":\"es\",\"@id\":\"https:\\\/\\\/www.amstelprinting.nl\\\/es\\\/tienda\\\/todas-las-banderas\\\/banderas-de-fachada\\\/banderola-de-ventana\\\/#primaryimage\",\"url\":\"https:\\\/\\\/www.amstelprinting.nl\\\/wp-content\\\/uploads\\\/raamvlag-bedrukken.png\",\"contentUrl\":\"https:\\\/\\\/www.amstelprinting.nl\\\/wp-content\\\/uploads\\\/raamvlag-bedrukken.png\",\"width\":900,\"height\":900},{\"@type\":\"BreadcrumbList\",\"@id\":\"https:\\\/\\\/www.amstelprinting.nl\\\/es\\\/tienda\\\/todas-las-banderas\\\/banderas-de-fachada\\\/banderola-de-ventana\\\/#breadcrumb\",\"itemListElement\":[{\"@type\":\"ListItem\",\"position\":1,\"name\":\"\",\"item\":\"https:\\\/\\\/www.amstelprinting.nl\\\/es\\\/\"},{\"@type\":\"ListItem\",\"position\":2,\"name\":\"Amstel Printing\",\"item\":\"https:\\\/\\\/www.amstelprinting.nl\\\/es\\\/comercio\\\/\"},{\"@type\":\"ListItem\",\"position\":3,\"name\":\"Publicidad exterior\",\"item\":\"https:\\\/\\\/www.amstelprinting.nl\\\/es\\\/categor\u00eda\\\/publicidad-exterior\\\/\"},{\"@type\":\"ListItem\",\"position\":4,\"name\":\"Publicidad en fachada\",\"item\":\"https:\\\/\\\/www.amstelprinting.nl\\\/es\\\/categor\u00eda\\\/publicidad-exterior\\\/publicidad-en-fachada\\\/\"},{\"@type\":\"ListItem\",\"position\":5,\"name\":\"Banderola de ventana\"}]},{\"@type\":\"WebSite\",\"@id\":\"https:\\\/\\\/www.amstelprinting.nl\\\/es\\\/#website\",\"url\":\"https:\\\/\\\/www.amstelprinting.nl\\\/es\\\/\",\"name\":\"Amstel Printing\",\"description\":\"Creating Exposure\",\"publisher\":{\"@id\":\"https:\\\/\\\/www.amstelprinting.nl\\\/es\\\/#organization\"},\"potentialAction\":[{\"@type\":\"SearchAction\",\"target\":{\"@type\":\"EntryPoint\",\"urlTemplate\":\"https:\\\/\\\/www.amstelprinting.nl\\\/es\\\/?s={search_term_string}\"},\"query-input\":{\"@type\":\"PropertyValueSpecification\",\"valueRequired\":true,\"valueName\":\"search_term_string\"}}],\"inLanguage\":\"es\"},{\"@type\":\"Organization\",\"@id\":\"https:\\\/\\\/www.amstelprinting.nl\\\/es\\\/#organization\",\"name\":\"Amstel Printing\",\"url\":\"https:\\\/\\\/www.amstelprinting.nl\\\/es\\\/\",\"logo\":{\"@type\":\"ImageObject\",\"inLanguage\":\"es\",\"@id\":\"https:\\\/\\\/www.amstelprinting.nl\\\/es\\\/#\\\/schema\\\/logo\\\/image\\\/\",\"url\":\"https:\\\/\\\/www.amstelprinting.nl\\\/wp-content\\\/uploads\\\/amstel_printing_logo_clean.png\",\"contentUrl\":\"https:\\\/\\\/www.amstelprinting.nl\\\/wp-content\\\/uploads\\\/amstel_printing_logo_clean.png\",\"width\":324,\"height\":73,\"caption\":\"Amstel Printing\"},\"image\":{\"@id\":\"https:\\\/\\\/www.amstelprinting.nl\\\/es\\\/#\\\/schema\\\/logo\\\/image\\\/\"}}]}<\/script>\n<!-- \/ Yoast SEO plugin. -->","yoast_head_json":{"title":"Banderola de ventana \u2013 Visibilidad a doble cara y fijaci\u00f3n sencilla","description":"Atraiga la atenci\u00f3n al instante con una banderola de ventana duradera fabricada con lona publicitaria de alta calidad. Entrega en 4 d\u00edas laborables. Entrega en toda Europa.","robots":{"index":"index","follow":"follow","max-snippet":"max-snippet:-1","max-image-preview":"max-image-preview:large","max-video-preview":"max-video-preview:-1"},"canonical":"https:\/\/www.amstelprinting.nl\/es\/tienda\/todas-las-banderas\/banderas-de-fachada\/banderola-de-ventana\/","og_locale":"es_ES","og_type":"article","og_title":"Banderola de ventana \u2013 Visibilidad a doble cara y fijaci\u00f3n sencilla","og_description":"Atraiga la atenci\u00f3n al instante con una banderola de ventana duradera fabricada con lona publicitaria de alta calidad. Entrega en 4 d\u00edas laborables. Entrega en toda Europa.","og_url":"https:\/\/www.amstelprinting.nl\/es\/tienda\/todas-las-banderas\/banderas-de-fachada\/banderola-de-ventana\/","og_site_name":"Amstel Printing","article_modified_time":"2026-02-18T11:47:38+00:00","og_image":[{"width":900,"height":900,"url":"https:\/\/www.amstelprinting.nl\/wp-content\/uploads\/raamvlag-bedrukken.png","type":"image\/png"}],"twitter_card":"summary_large_image","twitter_misc":{"Tiempo de lectura":"1 minuto"},"schema":{"@context":"https:\/\/schema.org","@graph":[{"@type":"WebPage","@id":"https:\/\/www.amstelprinting.nl\/es\/tienda\/todas-las-banderas\/banderas-de-fachada\/banderola-de-ventana\/","url":"https:\/\/www.amstelprinting.nl\/es\/tienda\/todas-las-banderas\/banderas-de-fachada\/banderola-de-ventana\/","name":"Banderola de ventana \u2013 Visibilidad a doble cara y fijaci\u00f3n sencilla","isPartOf":{"@id":"https:\/\/www.amstelprinting.nl\/es\/#website"},"primaryImageOfPage":{"@id":"https:\/\/www.amstelprinting.nl\/es\/tienda\/todas-las-banderas\/banderas-de-fachada\/banderola-de-ventana\/#primaryimage"},"image":{"@id":"https:\/\/www.amstelprinting.nl\/es\/tienda\/todas-las-banderas\/banderas-de-fachada\/banderola-de-ventana\/#primaryimage"},"thumbnailUrl":"https:\/\/www.amstelprinting.nl\/wp-content\/uploads\/raamvlag-bedrukken.png","datePublished":"2025-01-24T10:34:20+00:00","dateModified":"2026-02-18T11:47:38+00:00","description":"Atraiga la atenci\u00f3n al instante con una banderola de ventana duradera fabricada con lona publicitaria de alta calidad. Entrega en 4 d\u00edas laborables. Entrega en toda Europa.","breadcrumb":{"@id":"https:\/\/www.amstelprinting.nl\/es\/tienda\/todas-las-banderas\/banderas-de-fachada\/banderola-de-ventana\/#breadcrumb"},"inLanguage":"es","potentialAction":[{"@type":"ReadAction","target":["https:\/\/www.amstelprinting.nl\/es\/tienda\/todas-las-banderas\/banderas-de-fachada\/banderola-de-ventana\/"]}]},{"@type":"ImageObject","inLanguage":"es","@id":"https:\/\/www.amstelprinting.nl\/es\/tienda\/todas-las-banderas\/banderas-de-fachada\/banderola-de-ventana\/#primaryimage","url":"https:\/\/www.amstelprinting.nl\/wp-content\/uploads\/raamvlag-bedrukken.png","contentUrl":"https:\/\/www.amstelprinting.nl\/wp-content\/uploads\/raamvlag-bedrukken.png","width":900,"height":900},{"@type":"BreadcrumbList","@id":"https:\/\/www.amstelprinting.nl\/es\/tienda\/todas-las-banderas\/banderas-de-fachada\/banderola-de-ventana\/#breadcrumb","itemListElement":[{"@type":"ListItem","position":1,"name":"","item":"https:\/\/www.amstelprinting.nl\/es\/"},{"@type":"ListItem","position":2,"name":"Amstel Printing","item":"https:\/\/www.amstelprinting.nl\/es\/comercio\/"},{"@type":"ListItem","position":3,"name":"Publicidad exterior","item":"https:\/\/www.amstelprinting.nl\/es\/categor\u00eda\/publicidad-exterior\/"},{"@type":"ListItem","position":4,"name":"Publicidad en fachada","item":"https:\/\/www.amstelprinting.nl\/es\/categor\u00eda\/publicidad-exterior\/publicidad-en-fachada\/"},{"@type":"ListItem","position":5,"name":"Banderola de ventana"}]},{"@type":"WebSite","@id":"https:\/\/www.amstelprinting.nl\/es\/#website","url":"https:\/\/www.amstelprinting.nl\/es\/","name":"Amstel Printing","description":"Creating Exposure","publisher":{"@id":"https:\/\/www.amstelprinting.nl\/es\/#organization"},"potentialAction":[{"@type":"SearchAction","target":{"@type":"EntryPoint","urlTemplate":"https:\/\/www.amstelprinting.nl\/es\/?s={search_term_string}"},"query-input":{"@type":"PropertyValueSpecification","valueRequired":true,"valueName":"search_term_string"}}],"inLanguage":"es"},{"@type":"Organization","@id":"https:\/\/www.amstelprinting.nl\/es\/#organization","name":"Amstel Printing","url":"https:\/\/www.amstelprinting.nl\/es\/","logo":{"@type":"ImageObject","inLanguage":"es","@id":"https:\/\/www.amstelprinting.nl\/es\/#\/schema\/logo\/image\/","url":"https:\/\/www.amstelprinting.nl\/wp-content\/uploads\/amstel_printing_logo_clean.png","contentUrl":"https:\/\/www.amstelprinting.nl\/wp-content\/uploads\/amstel_printing_logo_clean.png","width":324,"height":73,"caption":"Amstel Printing"},"image":{"@id":"https:\/\/www.amstelprinting.nl\/es\/#\/schema\/logo\/image\/"}}]}},"_links":{"self":[{"href":"https:\/\/www.amstelprinting.nl\/es\/wp-json\/wp\/v2\/product\/13768","targetHints":{"allow":["GET"]}}],"collection":[{"href":"https:\/\/www.amstelprinting.nl\/es\/wp-json\/wp\/v2\/product"}],"about":[{"href":"https:\/\/www.amstelprinting.nl\/es\/wp-json\/wp\/v2\/types\/product"}],"wp:featuredmedia":[{"embeddable":true,"href":"https:\/\/www.amstelprinting.nl\/es\/wp-json\/wp\/v2\/media\/13769"}],"wp:attachment":[{"href":"https:\/\/www.amstelprinting.nl\/es\/wp-json\/wp\/v2\/media?parent=13768"}],"wp:term":[{"taxonomy":"product_brand","embeddable":true,"href":"https:\/\/www.amstelprinting.nl\/es\/wp-json\/wp\/v2\/product_brand?post=13768"},{"taxonomy":"product_cat","embeddable":true,"href":"https:\/\/www.amstelprinting.nl\/es\/wp-json\/wp\/v2\/product_cat?post=13768"},{"taxonomy":"product_tag","embeddable":true,"href":"https:\/\/www.amstelprinting.nl\/es\/wp-json\/wp\/v2\/product_tag?post=13768"}],"curies":[{"name":"wp","href":"https:\/\/api.w.org\/{rel}","templated":true}]}}