{"id":13778,"date":"2025-01-24T11:34:12","date_gmt":"2025-01-24T10:34:12","guid":{"rendered":"https:\/\/www.amstelprinting.nl\/winkel\/sin%20categor\u00eda\/lichtbak\/"},"modified":"2026-02-18T12:47:38","modified_gmt":"2026-02-18T11:47:38","slug":"caja-de-luz","status":"publish","type":"product","link":"https:\/\/www.amstelprinting.nl\/es\/tienda\/publicidad-exterior\/publicidad-de-neon\/caja-de-luz\/","title":{"rendered":"Caja de luz"},"content":{"rendered":"<h3>Material y acabados<\/h3>\n<p>El marco de la caja de luz est\u00e1 fabricado en aluminio con un acabado plateado. La conexi\u00f3n del cable se puede colocar en el lado izquierdo, central o derecho del marco. La apertura del marco es ajustable y puede situarse en el lado izquierdo, derecho, superior o inferior.<\/p>\n<p>La placa de la caja de luz se fabrica en plexigl\u00e1s opalino, lo que garantiza una distribuci\u00f3n uniforme de la luz. Adem\u00e1s, la impresi\u00f3n cuenta con una impresi\u00f3n a todo color al 200%, lo que da como resultado colores vibrantes con retroiluminaci\u00f3n. Gracias a la doble capa de tinta, los colores siguen siendo claramente visibles incluso cuando la iluminaci\u00f3n LED est\u00e1 apagada. La placa se puede fabricar en dimensiones de hasta un m\u00e1ximo de 3 x 2 metros (de una sola pieza).<\/p>\n<p>El marco est\u00e1 integrado con una placa posterior de Dibond\u00ae. Las tiras LED se montan sobre esta placa, distribuyendo la luz de forma uniforme desde la parte posterior. Esto da como resultado una visualizaci\u00f3n de la impresi\u00f3n potente y llamativa.<\/p>\n<p>Esta caja de luz est\u00e1 dise\u00f1ada para aplicaciones en exteriores y es totalmente impermeable. Para mayor seguridad, se han realizado peque\u00f1os orificios en la parte inferior para drenar cualquier agua que haya podido penetrar.<\/p>\n<h3>Montaje<\/h3>\n<p>Al realizar el montaje, se debe tener en cuenta el sistema de apertura simple del marco. La placa se desliza en el marco a trav\u00e9s de esta apertura. Al realizar el pedido, puede indicar en qu\u00e9 lado desea esta apertura.<\/p>\n<p>El perfil del marco se combina con una placa posterior de Dibond\u00ae para garantizar la estabilidad. Para garantizar que la placa se mantenga firme durante condiciones meteorol\u00f3gicas adversas, se incluye de serie un perfil de suspensi\u00f3n de plexigl\u00e1s. Este perfil debe ser montado por usted mismo en la parte superior de la placa con el pegamento incluido.<\/p>\n","protected":false},"excerpt":{"rendered":"<p>Una forma llamativa de hacer que su mensaje brille d\u00eda y noche. Nuestras cajas de luz combinan un dise\u00f1o elegante con iluminaci\u00f3n LED avanzada, perfecta tanto para interiores como para exteriores. Con un marco de aluminio estilizado y una placa de plexigl\u00e1s opalino impresa a medida, nuestras cajas de luz ofrecen la m\u00e1xima visibilidad e impacto, independientemente de la hora del d\u00eda. Cuentan con dos a\u00f1os de garant\u00eda en el marco y la iluminaci\u00f3n LED. \u00a1Configure su caja de luz en pocos pasos!<\/p>\n","protected":false},"featured_media":13779,"template":"","meta":{"_et_pb_use_builder":"","_et_pb_old_content":"","_et_gb_content_width":""},"product_brand":[],"product_cat":[466,450],"product_tag":[],"class_list":{"0":"post-13778","1":"product","2":"type-product","3":"status-publish","4":"has-post-thumbnail","6":"product_cat-publicidad-de-neon","7":"product_cat-publicidad-exterior","9":"first","10":"instock","11":"taxable","12":"shipping-taxable","13":"purchasable","14":"product-type-simple"},"yoast_head":"<!-- This site is optimized with the Yoast SEO plugin v27.3 - https:\/\/yoast.com\/product\/yoast-seo-wordpress\/ -->\n<title>Caja de luz con iluminaci\u00f3n LED - Publicidad exterior duradera y brillante<\/title>\n<meta name=\"description\" content=\"Caja de luz con iluminaci\u00f3n LED y placa de plexigl\u00e1s opalino brillante. Config\u00farela ahora y ponga su mensaje con fuerza bajo los focos, de d\u00eda y de noche.\" \/>\n<meta name=\"robots\" content=\"index, follow, max-snippet:-1, max-image-preview:large, max-video-preview:-1\" \/>\n<link rel=\"canonical\" href=\"https:\/\/www.amstelprinting.nl\/es\/tienda\/publicidad-exterior\/publicidad-de-neon\/caja-de-luz\/\" \/>\n<meta property=\"og:locale\" content=\"es_ES\" \/>\n<meta property=\"og:type\" content=\"article\" \/>\n<meta property=\"og:title\" content=\"Caja de luz con iluminaci\u00f3n LED - Publicidad exterior duradera y brillante\" \/>\n<meta property=\"og:description\" content=\"Caja de luz con iluminaci\u00f3n LED y placa de plexigl\u00e1s opalino brillante. Config\u00farela ahora y ponga su mensaje con fuerza bajo los focos, de d\u00eda y de noche.\" \/>\n<meta property=\"og:url\" content=\"https:\/\/www.amstelprinting.nl\/es\/tienda\/publicidad-exterior\/publicidad-de-neon\/caja-de-luz\/\" \/>\n<meta property=\"og:site_name\" content=\"Amstel Printing\" \/>\n<meta property=\"article:modified_time\" content=\"2026-02-18T11:47:38+00:00\" \/>\n<meta property=\"og:image\" content=\"https:\/\/www.amstelprinting.nl\/wp-content\/uploads\/Lichtbak-bedrukken1.png\" \/>\n\t<meta property=\"og:image:width\" content=\"700\" \/>\n\t<meta property=\"og:image:height\" content=\"700\" \/>\n\t<meta property=\"og:image:type\" content=\"image\/png\" \/>\n<meta name=\"twitter:card\" content=\"summary_large_image\" \/>\n<meta name=\"twitter:label1\" content=\"Tiempo de lectura\" \/>\n\t<meta name=\"twitter:data1\" content=\"2 minutos\" \/>\n<script type=\"application\/ld+json\" class=\"yoast-schema-graph\">{\"@context\":\"https:\\\/\\\/schema.org\",\"@graph\":[{\"@type\":\"WebPage\",\"@id\":\"https:\\\/\\\/www.amstelprinting.nl\\\/es\\\/tienda\\\/publicidad-exterior\\\/publicidad-de-neon\\\/caja-de-luz\\\/\",\"url\":\"https:\\\/\\\/www.amstelprinting.nl\\\/es\\\/tienda\\\/publicidad-exterior\\\/publicidad-de-neon\\\/caja-de-luz\\\/\",\"name\":\"Caja de luz con iluminaci\u00f3n LED - Publicidad exterior duradera y brillante\",\"isPartOf\":{\"@id\":\"https:\\\/\\\/www.amstelprinting.nl\\\/es\\\/#website\"},\"primaryImageOfPage\":{\"@id\":\"https:\\\/\\\/www.amstelprinting.nl\\\/es\\\/tienda\\\/publicidad-exterior\\\/publicidad-de-neon\\\/caja-de-luz\\\/#primaryimage\"},\"image\":{\"@id\":\"https:\\\/\\\/www.amstelprinting.nl\\\/es\\\/tienda\\\/publicidad-exterior\\\/publicidad-de-neon\\\/caja-de-luz\\\/#primaryimage\"},\"thumbnailUrl\":\"https:\\\/\\\/www.amstelprinting.nl\\\/wp-content\\\/uploads\\\/Lichtbak-bedrukken1.png\",\"datePublished\":\"2025-01-24T10:34:12+00:00\",\"dateModified\":\"2026-02-18T11:47:38+00:00\",\"description\":\"Caja de luz con iluminaci\u00f3n LED y placa de plexigl\u00e1s opalino brillante. Config\u00farela ahora y ponga su mensaje con fuerza bajo los focos, de d\u00eda y de noche.\",\"breadcrumb\":{\"@id\":\"https:\\\/\\\/www.amstelprinting.nl\\\/es\\\/tienda\\\/publicidad-exterior\\\/publicidad-de-neon\\\/caja-de-luz\\\/#breadcrumb\"},\"inLanguage\":\"es\",\"potentialAction\":[{\"@type\":\"ReadAction\",\"target\":[\"https:\\\/\\\/www.amstelprinting.nl\\\/es\\\/tienda\\\/publicidad-exterior\\\/publicidad-de-neon\\\/caja-de-luz\\\/\"]}]},{\"@type\":\"ImageObject\",\"inLanguage\":\"es\",\"@id\":\"https:\\\/\\\/www.amstelprinting.nl\\\/es\\\/tienda\\\/publicidad-exterior\\\/publicidad-de-neon\\\/caja-de-luz\\\/#primaryimage\",\"url\":\"https:\\\/\\\/www.amstelprinting.nl\\\/wp-content\\\/uploads\\\/Lichtbak-bedrukken1.png\",\"contentUrl\":\"https:\\\/\\\/www.amstelprinting.nl\\\/wp-content\\\/uploads\\\/Lichtbak-bedrukken1.png\",\"width\":700,\"height\":700},{\"@type\":\"BreadcrumbList\",\"@id\":\"https:\\\/\\\/www.amstelprinting.nl\\\/es\\\/tienda\\\/publicidad-exterior\\\/publicidad-de-neon\\\/caja-de-luz\\\/#breadcrumb\",\"itemListElement\":[{\"@type\":\"ListItem\",\"position\":1,\"name\":\"\",\"item\":\"https:\\\/\\\/www.amstelprinting.nl\\\/es\\\/\"},{\"@type\":\"ListItem\",\"position\":2,\"name\":\"Amstel Printing\",\"item\":\"https:\\\/\\\/www.amstelprinting.nl\\\/es\\\/comercio\\\/\"},{\"@type\":\"ListItem\",\"position\":3,\"name\":\"Publicidad exterior\",\"item\":\"https:\\\/\\\/www.amstelprinting.nl\\\/es\\\/categor\u00eda\\\/publicidad-exterior\\\/\"},{\"@type\":\"ListItem\",\"position\":4,\"name\":\"Publicidad de ne\u00f3n\",\"item\":\"https:\\\/\\\/www.amstelprinting.nl\\\/es\\\/categor\u00eda\\\/publicidad-exterior\\\/publicidad-de-neon\\\/\"},{\"@type\":\"ListItem\",\"position\":5,\"name\":\"Caja de luz\"}]},{\"@type\":\"WebSite\",\"@id\":\"https:\\\/\\\/www.amstelprinting.nl\\\/es\\\/#website\",\"url\":\"https:\\\/\\\/www.amstelprinting.nl\\\/es\\\/\",\"name\":\"Amstel Printing\",\"description\":\"Creating Exposure\",\"publisher\":{\"@id\":\"https:\\\/\\\/www.amstelprinting.nl\\\/es\\\/#organization\"},\"potentialAction\":[{\"@type\":\"SearchAction\",\"target\":{\"@type\":\"EntryPoint\",\"urlTemplate\":\"https:\\\/\\\/www.amstelprinting.nl\\\/es\\\/?s={search_term_string}\"},\"query-input\":{\"@type\":\"PropertyValueSpecification\",\"valueRequired\":true,\"valueName\":\"search_term_string\"}}],\"inLanguage\":\"es\"},{\"@type\":\"Organization\",\"@id\":\"https:\\\/\\\/www.amstelprinting.nl\\\/es\\\/#organization\",\"name\":\"Amstel Printing\",\"url\":\"https:\\\/\\\/www.amstelprinting.nl\\\/es\\\/\",\"logo\":{\"@type\":\"ImageObject\",\"inLanguage\":\"es\",\"@id\":\"https:\\\/\\\/www.amstelprinting.nl\\\/es\\\/#\\\/schema\\\/logo\\\/image\\\/\",\"url\":\"https:\\\/\\\/www.amstelprinting.nl\\\/wp-content\\\/uploads\\\/amstel_printing_logo_clean.png\",\"contentUrl\":\"https:\\\/\\\/www.amstelprinting.nl\\\/wp-content\\\/uploads\\\/amstel_printing_logo_clean.png\",\"width\":324,\"height\":73,\"caption\":\"Amstel Printing\"},\"image\":{\"@id\":\"https:\\\/\\\/www.amstelprinting.nl\\\/es\\\/#\\\/schema\\\/logo\\\/image\\\/\"}}]}<\/script>\n<!-- \/ Yoast SEO plugin. -->","yoast_head_json":{"title":"Caja de luz con iluminaci\u00f3n LED - Publicidad exterior duradera y brillante","description":"Caja de luz con iluminaci\u00f3n LED y placa de plexigl\u00e1s opalino brillante. Config\u00farela ahora y ponga su mensaje con fuerza bajo los focos, de d\u00eda y de noche.","robots":{"index":"index","follow":"follow","max-snippet":"max-snippet:-1","max-image-preview":"max-image-preview:large","max-video-preview":"max-video-preview:-1"},"canonical":"https:\/\/www.amstelprinting.nl\/es\/tienda\/publicidad-exterior\/publicidad-de-neon\/caja-de-luz\/","og_locale":"es_ES","og_type":"article","og_title":"Caja de luz con iluminaci\u00f3n LED - Publicidad exterior duradera y brillante","og_description":"Caja de luz con iluminaci\u00f3n LED y placa de plexigl\u00e1s opalino brillante. Config\u00farela ahora y ponga su mensaje con fuerza bajo los focos, de d\u00eda y de noche.","og_url":"https:\/\/www.amstelprinting.nl\/es\/tienda\/publicidad-exterior\/publicidad-de-neon\/caja-de-luz\/","og_site_name":"Amstel Printing","article_modified_time":"2026-02-18T11:47:38+00:00","og_image":[{"width":700,"height":700,"url":"https:\/\/www.amstelprinting.nl\/wp-content\/uploads\/Lichtbak-bedrukken1.png","type":"image\/png"}],"twitter_card":"summary_large_image","twitter_misc":{"Tiempo de lectura":"2 minutos"},"schema":{"@context":"https:\/\/schema.org","@graph":[{"@type":"WebPage","@id":"https:\/\/www.amstelprinting.nl\/es\/tienda\/publicidad-exterior\/publicidad-de-neon\/caja-de-luz\/","url":"https:\/\/www.amstelprinting.nl\/es\/tienda\/publicidad-exterior\/publicidad-de-neon\/caja-de-luz\/","name":"Caja de luz con iluminaci\u00f3n LED - Publicidad exterior duradera y brillante","isPartOf":{"@id":"https:\/\/www.amstelprinting.nl\/es\/#website"},"primaryImageOfPage":{"@id":"https:\/\/www.amstelprinting.nl\/es\/tienda\/publicidad-exterior\/publicidad-de-neon\/caja-de-luz\/#primaryimage"},"image":{"@id":"https:\/\/www.amstelprinting.nl\/es\/tienda\/publicidad-exterior\/publicidad-de-neon\/caja-de-luz\/#primaryimage"},"thumbnailUrl":"https:\/\/www.amstelprinting.nl\/wp-content\/uploads\/Lichtbak-bedrukken1.png","datePublished":"2025-01-24T10:34:12+00:00","dateModified":"2026-02-18T11:47:38+00:00","description":"Caja de luz con iluminaci\u00f3n LED y placa de plexigl\u00e1s opalino brillante. Config\u00farela ahora y ponga su mensaje con fuerza bajo los focos, de d\u00eda y de noche.","breadcrumb":{"@id":"https:\/\/www.amstelprinting.nl\/es\/tienda\/publicidad-exterior\/publicidad-de-neon\/caja-de-luz\/#breadcrumb"},"inLanguage":"es","potentialAction":[{"@type":"ReadAction","target":["https:\/\/www.amstelprinting.nl\/es\/tienda\/publicidad-exterior\/publicidad-de-neon\/caja-de-luz\/"]}]},{"@type":"ImageObject","inLanguage":"es","@id":"https:\/\/www.amstelprinting.nl\/es\/tienda\/publicidad-exterior\/publicidad-de-neon\/caja-de-luz\/#primaryimage","url":"https:\/\/www.amstelprinting.nl\/wp-content\/uploads\/Lichtbak-bedrukken1.png","contentUrl":"https:\/\/www.amstelprinting.nl\/wp-content\/uploads\/Lichtbak-bedrukken1.png","width":700,"height":700},{"@type":"BreadcrumbList","@id":"https:\/\/www.amstelprinting.nl\/es\/tienda\/publicidad-exterior\/publicidad-de-neon\/caja-de-luz\/#breadcrumb","itemListElement":[{"@type":"ListItem","position":1,"name":"","item":"https:\/\/www.amstelprinting.nl\/es\/"},{"@type":"ListItem","position":2,"name":"Amstel Printing","item":"https:\/\/www.amstelprinting.nl\/es\/comercio\/"},{"@type":"ListItem","position":3,"name":"Publicidad exterior","item":"https:\/\/www.amstelprinting.nl\/es\/categor\u00eda\/publicidad-exterior\/"},{"@type":"ListItem","position":4,"name":"Publicidad de ne\u00f3n","item":"https:\/\/www.amstelprinting.nl\/es\/categor\u00eda\/publicidad-exterior\/publicidad-de-neon\/"},{"@type":"ListItem","position":5,"name":"Caja de luz"}]},{"@type":"WebSite","@id":"https:\/\/www.amstelprinting.nl\/es\/#website","url":"https:\/\/www.amstelprinting.nl\/es\/","name":"Amstel Printing","description":"Creating Exposure","publisher":{"@id":"https:\/\/www.amstelprinting.nl\/es\/#organization"},"potentialAction":[{"@type":"SearchAction","target":{"@type":"EntryPoint","urlTemplate":"https:\/\/www.amstelprinting.nl\/es\/?s={search_term_string}"},"query-input":{"@type":"PropertyValueSpecification","valueRequired":true,"valueName":"search_term_string"}}],"inLanguage":"es"},{"@type":"Organization","@id":"https:\/\/www.amstelprinting.nl\/es\/#organization","name":"Amstel Printing","url":"https:\/\/www.amstelprinting.nl\/es\/","logo":{"@type":"ImageObject","inLanguage":"es","@id":"https:\/\/www.amstelprinting.nl\/es\/#\/schema\/logo\/image\/","url":"https:\/\/www.amstelprinting.nl\/wp-content\/uploads\/amstel_printing_logo_clean.png","contentUrl":"https:\/\/www.amstelprinting.nl\/wp-content\/uploads\/amstel_printing_logo_clean.png","width":324,"height":73,"caption":"Amstel Printing"},"image":{"@id":"https:\/\/www.amstelprinting.nl\/es\/#\/schema\/logo\/image\/"}}]}},"_links":{"self":[{"href":"https:\/\/www.amstelprinting.nl\/es\/wp-json\/wp\/v2\/product\/13778","targetHints":{"allow":["GET"]}}],"collection":[{"href":"https:\/\/www.amstelprinting.nl\/es\/wp-json\/wp\/v2\/product"}],"about":[{"href":"https:\/\/www.amstelprinting.nl\/es\/wp-json\/wp\/v2\/types\/product"}],"wp:featuredmedia":[{"embeddable":true,"href":"https:\/\/www.amstelprinting.nl\/es\/wp-json\/wp\/v2\/media\/13779"}],"wp:attachment":[{"href":"https:\/\/www.amstelprinting.nl\/es\/wp-json\/wp\/v2\/media?parent=13778"}],"wp:term":[{"taxonomy":"product_brand","embeddable":true,"href":"https:\/\/www.amstelprinting.nl\/es\/wp-json\/wp\/v2\/product_brand?post=13778"},{"taxonomy":"product_cat","embeddable":true,"href":"https:\/\/www.amstelprinting.nl\/es\/wp-json\/wp\/v2\/product_cat?post=13778"},{"taxonomy":"product_tag","embeddable":true,"href":"https:\/\/www.amstelprinting.nl\/es\/wp-json\/wp\/v2\/product_tag?post=13778"}],"curies":[{"name":"wp","href":"https:\/\/api.w.org\/{rel}","templated":true}]}}