{"id":13788,"date":"2025-01-24T11:34:08","date_gmt":"2025-01-24T10:34:08","guid":{"rendered":"https:\/\/www.amstelprinting.nl\/winkel\/sin%20categor\u00eda\/outdoor-led-frame-2\/"},"modified":"2026-02-18T12:47:39","modified_gmt":"2026-02-18T11:47:39","slug":"marco-led-para-exterior","status":"publish","type":"product","link":"https:\/\/www.amstelprinting.nl\/es\/tienda\/publicidad-exterior\/publicidad-de-neon\/marco-led-para-exterior\/","title":{"rendered":"Marco LED para exterior"},"content":{"rendered":"<h3>Material y acabados<\/h3>\n<p>El marco LED para exterior tiene un aspecto moderno gracias a su dise\u00f1o de aluminio plateado. Las ranuras flexibles ofrecen espacio para el cord\u00f3n plano de la lona, lo que permite un ajuste sencillo en diversos formatos. El marco es robusto e impermeable, y cuenta con orificios de drenaje en la parte inferior para evacuar el exceso de agua.<\/p>\n<p><strong>Cable de alimentaci\u00f3n<\/strong> &#8211; Puede elegir entre varias opciones de ubicaci\u00f3n para la conexi\u00f3n el\u00e9ctrica: izquierda, centro o derecha, lo que hace que el marco sea flexible para sus necesidades espec\u00edficas.<\/p>\n<p><strong>Lona<\/strong> &#8211; Con una potente impresi\u00f3n a todo color al 200% sobre lona Backlit repelente al agua, tendr\u00e1 garantizados colores vibrantes, incluso en aplicaciones iluminadas. La placa trasera de Dibond\u00ae con tiras LED montadas garantiza una distribuci\u00f3n uniforme de la luz, presentando su mensaje de forma eficaz y llamativa.<\/p>\n<h3>Configuraci\u00f3n flexible y pedidos posteriores<\/h3>\n<p>Elija un set completo que incluya el marco montado o seleccione lonas o marcos sueltos seg\u00fan su elecci\u00f3n.<\/p>\n<h3>Preguntas frecuentes<\/h3>\n<p><strong>\u00bfCu\u00e1l es el tama\u00f1o m\u00e1ximo en el que se puede pedir este producto?<\/strong><br \/>\nPuede pedir este producto en un formato impresionante de hasta 300 cm x 1000 cm. \u00bfNecesita un formato m\u00e1s grande o desea otro color? Solicite f\u00e1cilmente un presupuesto para una soluci\u00f3n a medida.<\/p>\n<p><strong>\u00bfQu\u00e9 otros colores de marco hay disponibles?<\/strong><br \/>\nEl marco LED para exterior est\u00e1 disponible de serie en aluminio plateado. Si prefiere otro color, simplemente ind\u00edquenos el c\u00f3digo de color RAL. Nos encargaremos de que el marco se recubra con pintura en polvo en el color de su elecci\u00f3n. Tenga en cuenta que esto puede ampliar el plazo de entrega unas 2 semanas aproximadamente.<\/p>\n<p><strong>\u00bfCu\u00e1l es la vida \u00fatil esperada de la lona Backlit?<\/strong><br \/>\nLa lona Backlit tiene una larga vida \u00fatil de varios a\u00f1os en interiores. En exteriores, la vida \u00fatil se estima en aproximadamente 1 a\u00f1o. Diversos factores, como la luz UV y las condiciones meteorol\u00f3gicas, pueden influir en la vida \u00fatil.<\/p>\n<p><strong>\u00bfQu\u00e9 t\u00e9cnica de producci\u00f3n se utiliza para este material?<\/strong><br \/>\nUtilizamos tecnolog\u00eda de impresi\u00f3n UV para imprimir sobre este material. Esta t\u00e9cnica proporciona una tinta resistente a los ara\u00f1azos que garantiza la durabilidad. Tenga en cuenta que la impresi\u00f3n no es totalmente inodora al principio, pero este olor desaparece con el tiempo.<\/p>\n","protected":false},"excerpt":{"rendered":"<p>Descubra nuestro marco LED para exterior, dise\u00f1ado especialmente para que su mensaje destaque eficazmente incluso en entornos exteriores exigentes. Su impresi\u00f3n se iluminar\u00e1 de forma magn\u00edfica e intensa. Incluye 2 a\u00f1os de garant\u00eda en el marco y en la iluminaci\u00f3n LED. Configure a continuaci\u00f3n su marco LED para exterior en unos pocos pasos seg\u00fan sus deseos.<\/p>\n","protected":false},"featured_media":13789,"template":"","meta":{"_et_pb_use_builder":"","_et_pb_old_content":"","_et_gb_content_width":""},"product_brand":[],"product_cat":[536,466,450],"product_tag":[],"class_list":{"0":"post-13788","1":"product","2":"type-product","3":"status-publish","4":"has-post-thumbnail","6":"product_cat-marcos-de-pancartas","7":"product_cat-publicidad-de-neon","8":"product_cat-publicidad-exterior","10":"first","11":"instock","12":"taxable","13":"shipping-taxable","14":"purchasable","15":"product-type-simple"},"yoast_head":"<!-- This site is optimized with the Yoast SEO plugin v27.3 - https:\/\/yoast.com\/product\/yoast-seo-wordpress\/ -->\n<title>Marco LED para exterior \u2013 Iluminaci\u00f3n publicitaria robusta e impermeable<\/title>\n<meta name=\"description\" content=\"Marco LED para exterior: iluminaci\u00f3n intensamente uniforme, lona Backlit repelente al agua e instalaci\u00f3n flexible. Perfecto para publicidad exterior duradera con 2 a\u00f1os de garant\u00eda.\" \/>\n<meta name=\"robots\" content=\"index, follow, max-snippet:-1, max-image-preview:large, max-video-preview:-1\" \/>\n<link rel=\"canonical\" href=\"https:\/\/www.amstelprinting.nl\/es\/tienda\/publicidad-exterior\/publicidad-de-neon\/marco-led-para-exterior\/\" \/>\n<meta property=\"og:locale\" content=\"es_ES\" \/>\n<meta property=\"og:type\" content=\"article\" \/>\n<meta property=\"og:title\" content=\"Marco LED para exterior \u2013 Iluminaci\u00f3n publicitaria robusta e impermeable\" \/>\n<meta property=\"og:description\" content=\"Marco LED para exterior: iluminaci\u00f3n intensamente uniforme, lona Backlit repelente al agua e instalaci\u00f3n flexible. Perfecto para publicidad exterior duradera con 2 a\u00f1os de garant\u00eda.\" \/>\n<meta property=\"og:url\" content=\"https:\/\/www.amstelprinting.nl\/es\/tienda\/publicidad-exterior\/publicidad-de-neon\/marco-led-para-exterior\/\" \/>\n<meta property=\"og:site_name\" content=\"Amstel Printing\" \/>\n<meta property=\"article:modified_time\" content=\"2026-02-18T11:47:39+00:00\" \/>\n<meta property=\"og:image\" content=\"https:\/\/www.amstelprinting.nl\/wp-content\/uploads\/outdoor-led-frame-bedrukken-1.png\" \/>\n\t<meta property=\"og:image:width\" content=\"700\" \/>\n\t<meta property=\"og:image:height\" content=\"700\" \/>\n\t<meta property=\"og:image:type\" content=\"image\/png\" \/>\n<meta name=\"twitter:card\" content=\"summary_large_image\" \/>\n<meta name=\"twitter:label1\" content=\"Tiempo de lectura\" \/>\n\t<meta name=\"twitter:data1\" content=\"2 minutos\" \/>\n<script type=\"application\/ld+json\" class=\"yoast-schema-graph\">{\"@context\":\"https:\\\/\\\/schema.org\",\"@graph\":[{\"@type\":\"WebPage\",\"@id\":\"https:\\\/\\\/www.amstelprinting.nl\\\/es\\\/tienda\\\/publicidad-exterior\\\/publicidad-de-neon\\\/marco-led-para-exterior\\\/\",\"url\":\"https:\\\/\\\/www.amstelprinting.nl\\\/es\\\/tienda\\\/publicidad-exterior\\\/publicidad-de-neon\\\/marco-led-para-exterior\\\/\",\"name\":\"Marco LED para exterior \u2013 Iluminaci\u00f3n publicitaria robusta e impermeable\",\"isPartOf\":{\"@id\":\"https:\\\/\\\/www.amstelprinting.nl\\\/es\\\/#website\"},\"primaryImageOfPage\":{\"@id\":\"https:\\\/\\\/www.amstelprinting.nl\\\/es\\\/tienda\\\/publicidad-exterior\\\/publicidad-de-neon\\\/marco-led-para-exterior\\\/#primaryimage\"},\"image\":{\"@id\":\"https:\\\/\\\/www.amstelprinting.nl\\\/es\\\/tienda\\\/publicidad-exterior\\\/publicidad-de-neon\\\/marco-led-para-exterior\\\/#primaryimage\"},\"thumbnailUrl\":\"https:\\\/\\\/www.amstelprinting.nl\\\/wp-content\\\/uploads\\\/outdoor-led-frame-bedrukken-1.png\",\"datePublished\":\"2025-01-24T10:34:08+00:00\",\"dateModified\":\"2026-02-18T11:47:39+00:00\",\"description\":\"Marco LED para exterior: iluminaci\u00f3n intensamente uniforme, lona Backlit repelente al agua e instalaci\u00f3n flexible. Perfecto para publicidad exterior duradera con 2 a\u00f1os de garant\u00eda.\",\"breadcrumb\":{\"@id\":\"https:\\\/\\\/www.amstelprinting.nl\\\/es\\\/tienda\\\/publicidad-exterior\\\/publicidad-de-neon\\\/marco-led-para-exterior\\\/#breadcrumb\"},\"inLanguage\":\"es\",\"potentialAction\":[{\"@type\":\"ReadAction\",\"target\":[\"https:\\\/\\\/www.amstelprinting.nl\\\/es\\\/tienda\\\/publicidad-exterior\\\/publicidad-de-neon\\\/marco-led-para-exterior\\\/\"]}]},{\"@type\":\"ImageObject\",\"inLanguage\":\"es\",\"@id\":\"https:\\\/\\\/www.amstelprinting.nl\\\/es\\\/tienda\\\/publicidad-exterior\\\/publicidad-de-neon\\\/marco-led-para-exterior\\\/#primaryimage\",\"url\":\"https:\\\/\\\/www.amstelprinting.nl\\\/wp-content\\\/uploads\\\/outdoor-led-frame-bedrukken-1.png\",\"contentUrl\":\"https:\\\/\\\/www.amstelprinting.nl\\\/wp-content\\\/uploads\\\/outdoor-led-frame-bedrukken-1.png\",\"width\":700,\"height\":700},{\"@type\":\"BreadcrumbList\",\"@id\":\"https:\\\/\\\/www.amstelprinting.nl\\\/es\\\/tienda\\\/publicidad-exterior\\\/publicidad-de-neon\\\/marco-led-para-exterior\\\/#breadcrumb\",\"itemListElement\":[{\"@type\":\"ListItem\",\"position\":1,\"name\":\"\",\"item\":\"https:\\\/\\\/www.amstelprinting.nl\\\/es\\\/\"},{\"@type\":\"ListItem\",\"position\":2,\"name\":\"Amstel Printing\",\"item\":\"https:\\\/\\\/www.amstelprinting.nl\\\/es\\\/comercio\\\/\"},{\"@type\":\"ListItem\",\"position\":3,\"name\":\"Publicidad exterior\",\"item\":\"https:\\\/\\\/www.amstelprinting.nl\\\/es\\\/categor\u00eda\\\/publicidad-exterior\\\/\"},{\"@type\":\"ListItem\",\"position\":4,\"name\":\"Publicidad de ne\u00f3n\",\"item\":\"https:\\\/\\\/www.amstelprinting.nl\\\/es\\\/categor\u00eda\\\/publicidad-exterior\\\/publicidad-de-neon\\\/\"},{\"@type\":\"ListItem\",\"position\":5,\"name\":\"Marco LED para exterior\"}]},{\"@type\":\"WebSite\",\"@id\":\"https:\\\/\\\/www.amstelprinting.nl\\\/es\\\/#website\",\"url\":\"https:\\\/\\\/www.amstelprinting.nl\\\/es\\\/\",\"name\":\"Amstel Printing\",\"description\":\"Creating Exposure\",\"publisher\":{\"@id\":\"https:\\\/\\\/www.amstelprinting.nl\\\/es\\\/#organization\"},\"potentialAction\":[{\"@type\":\"SearchAction\",\"target\":{\"@type\":\"EntryPoint\",\"urlTemplate\":\"https:\\\/\\\/www.amstelprinting.nl\\\/es\\\/?s={search_term_string}\"},\"query-input\":{\"@type\":\"PropertyValueSpecification\",\"valueRequired\":true,\"valueName\":\"search_term_string\"}}],\"inLanguage\":\"es\"},{\"@type\":\"Organization\",\"@id\":\"https:\\\/\\\/www.amstelprinting.nl\\\/es\\\/#organization\",\"name\":\"Amstel Printing\",\"url\":\"https:\\\/\\\/www.amstelprinting.nl\\\/es\\\/\",\"logo\":{\"@type\":\"ImageObject\",\"inLanguage\":\"es\",\"@id\":\"https:\\\/\\\/www.amstelprinting.nl\\\/es\\\/#\\\/schema\\\/logo\\\/image\\\/\",\"url\":\"https:\\\/\\\/www.amstelprinting.nl\\\/wp-content\\\/uploads\\\/amstel_printing_logo_clean.png\",\"contentUrl\":\"https:\\\/\\\/www.amstelprinting.nl\\\/wp-content\\\/uploads\\\/amstel_printing_logo_clean.png\",\"width\":324,\"height\":73,\"caption\":\"Amstel Printing\"},\"image\":{\"@id\":\"https:\\\/\\\/www.amstelprinting.nl\\\/es\\\/#\\\/schema\\\/logo\\\/image\\\/\"}}]}<\/script>\n<!-- \/ Yoast SEO plugin. -->","yoast_head_json":{"title":"Marco LED para exterior \u2013 Iluminaci\u00f3n publicitaria robusta e impermeable","description":"Marco LED para exterior: iluminaci\u00f3n intensamente uniforme, lona Backlit repelente al agua e instalaci\u00f3n flexible. Perfecto para publicidad exterior duradera con 2 a\u00f1os de garant\u00eda.","robots":{"index":"index","follow":"follow","max-snippet":"max-snippet:-1","max-image-preview":"max-image-preview:large","max-video-preview":"max-video-preview:-1"},"canonical":"https:\/\/www.amstelprinting.nl\/es\/tienda\/publicidad-exterior\/publicidad-de-neon\/marco-led-para-exterior\/","og_locale":"es_ES","og_type":"article","og_title":"Marco LED para exterior \u2013 Iluminaci\u00f3n publicitaria robusta e impermeable","og_description":"Marco LED para exterior: iluminaci\u00f3n intensamente uniforme, lona Backlit repelente al agua e instalaci\u00f3n flexible. Perfecto para publicidad exterior duradera con 2 a\u00f1os de garant\u00eda.","og_url":"https:\/\/www.amstelprinting.nl\/es\/tienda\/publicidad-exterior\/publicidad-de-neon\/marco-led-para-exterior\/","og_site_name":"Amstel Printing","article_modified_time":"2026-02-18T11:47:39+00:00","og_image":[{"width":700,"height":700,"url":"https:\/\/www.amstelprinting.nl\/wp-content\/uploads\/outdoor-led-frame-bedrukken-1.png","type":"image\/png"}],"twitter_card":"summary_large_image","twitter_misc":{"Tiempo de lectura":"2 minutos"},"schema":{"@context":"https:\/\/schema.org","@graph":[{"@type":"WebPage","@id":"https:\/\/www.amstelprinting.nl\/es\/tienda\/publicidad-exterior\/publicidad-de-neon\/marco-led-para-exterior\/","url":"https:\/\/www.amstelprinting.nl\/es\/tienda\/publicidad-exterior\/publicidad-de-neon\/marco-led-para-exterior\/","name":"Marco LED para exterior \u2013 Iluminaci\u00f3n publicitaria robusta e impermeable","isPartOf":{"@id":"https:\/\/www.amstelprinting.nl\/es\/#website"},"primaryImageOfPage":{"@id":"https:\/\/www.amstelprinting.nl\/es\/tienda\/publicidad-exterior\/publicidad-de-neon\/marco-led-para-exterior\/#primaryimage"},"image":{"@id":"https:\/\/www.amstelprinting.nl\/es\/tienda\/publicidad-exterior\/publicidad-de-neon\/marco-led-para-exterior\/#primaryimage"},"thumbnailUrl":"https:\/\/www.amstelprinting.nl\/wp-content\/uploads\/outdoor-led-frame-bedrukken-1.png","datePublished":"2025-01-24T10:34:08+00:00","dateModified":"2026-02-18T11:47:39+00:00","description":"Marco LED para exterior: iluminaci\u00f3n intensamente uniforme, lona Backlit repelente al agua e instalaci\u00f3n flexible. Perfecto para publicidad exterior duradera con 2 a\u00f1os de garant\u00eda.","breadcrumb":{"@id":"https:\/\/www.amstelprinting.nl\/es\/tienda\/publicidad-exterior\/publicidad-de-neon\/marco-led-para-exterior\/#breadcrumb"},"inLanguage":"es","potentialAction":[{"@type":"ReadAction","target":["https:\/\/www.amstelprinting.nl\/es\/tienda\/publicidad-exterior\/publicidad-de-neon\/marco-led-para-exterior\/"]}]},{"@type":"ImageObject","inLanguage":"es","@id":"https:\/\/www.amstelprinting.nl\/es\/tienda\/publicidad-exterior\/publicidad-de-neon\/marco-led-para-exterior\/#primaryimage","url":"https:\/\/www.amstelprinting.nl\/wp-content\/uploads\/outdoor-led-frame-bedrukken-1.png","contentUrl":"https:\/\/www.amstelprinting.nl\/wp-content\/uploads\/outdoor-led-frame-bedrukken-1.png","width":700,"height":700},{"@type":"BreadcrumbList","@id":"https:\/\/www.amstelprinting.nl\/es\/tienda\/publicidad-exterior\/publicidad-de-neon\/marco-led-para-exterior\/#breadcrumb","itemListElement":[{"@type":"ListItem","position":1,"name":"","item":"https:\/\/www.amstelprinting.nl\/es\/"},{"@type":"ListItem","position":2,"name":"Amstel Printing","item":"https:\/\/www.amstelprinting.nl\/es\/comercio\/"},{"@type":"ListItem","position":3,"name":"Publicidad exterior","item":"https:\/\/www.amstelprinting.nl\/es\/categor\u00eda\/publicidad-exterior\/"},{"@type":"ListItem","position":4,"name":"Publicidad de ne\u00f3n","item":"https:\/\/www.amstelprinting.nl\/es\/categor\u00eda\/publicidad-exterior\/publicidad-de-neon\/"},{"@type":"ListItem","position":5,"name":"Marco LED para exterior"}]},{"@type":"WebSite","@id":"https:\/\/www.amstelprinting.nl\/es\/#website","url":"https:\/\/www.amstelprinting.nl\/es\/","name":"Amstel Printing","description":"Creating Exposure","publisher":{"@id":"https:\/\/www.amstelprinting.nl\/es\/#organization"},"potentialAction":[{"@type":"SearchAction","target":{"@type":"EntryPoint","urlTemplate":"https:\/\/www.amstelprinting.nl\/es\/?s={search_term_string}"},"query-input":{"@type":"PropertyValueSpecification","valueRequired":true,"valueName":"search_term_string"}}],"inLanguage":"es"},{"@type":"Organization","@id":"https:\/\/www.amstelprinting.nl\/es\/#organization","name":"Amstel Printing","url":"https:\/\/www.amstelprinting.nl\/es\/","logo":{"@type":"ImageObject","inLanguage":"es","@id":"https:\/\/www.amstelprinting.nl\/es\/#\/schema\/logo\/image\/","url":"https:\/\/www.amstelprinting.nl\/wp-content\/uploads\/amstel_printing_logo_clean.png","contentUrl":"https:\/\/www.amstelprinting.nl\/wp-content\/uploads\/amstel_printing_logo_clean.png","width":324,"height":73,"caption":"Amstel Printing"},"image":{"@id":"https:\/\/www.amstelprinting.nl\/es\/#\/schema\/logo\/image\/"}}]}},"_links":{"self":[{"href":"https:\/\/www.amstelprinting.nl\/es\/wp-json\/wp\/v2\/product\/13788","targetHints":{"allow":["GET"]}}],"collection":[{"href":"https:\/\/www.amstelprinting.nl\/es\/wp-json\/wp\/v2\/product"}],"about":[{"href":"https:\/\/www.amstelprinting.nl\/es\/wp-json\/wp\/v2\/types\/product"}],"wp:featuredmedia":[{"embeddable":true,"href":"https:\/\/www.amstelprinting.nl\/es\/wp-json\/wp\/v2\/media\/13789"}],"wp:attachment":[{"href":"https:\/\/www.amstelprinting.nl\/es\/wp-json\/wp\/v2\/media?parent=13788"}],"wp:term":[{"taxonomy":"product_brand","embeddable":true,"href":"https:\/\/www.amstelprinting.nl\/es\/wp-json\/wp\/v2\/product_brand?post=13788"},{"taxonomy":"product_cat","embeddable":true,"href":"https:\/\/www.amstelprinting.nl\/es\/wp-json\/wp\/v2\/product_cat?post=13788"},{"taxonomy":"product_tag","embeddable":true,"href":"https:\/\/www.amstelprinting.nl\/es\/wp-json\/wp\/v2\/product_tag?post=13788"}],"curies":[{"name":"wp","href":"https:\/\/api.w.org\/{rel}","templated":true}]}}