{"id":13808,"date":"2025-01-24T11:33:58","date_gmt":"2025-01-24T10:33:58","guid":{"rendered":"https:\/\/www.amstelprinting.nl\/winkel\/sin%20categor\u00eda\/spandoek-vast-formaat\/"},"modified":"2026-02-18T12:47:41","modified_gmt":"2026-02-18T11:47:41","slug":"pancarta-formato-fijo","status":"publish","type":"product","link":"https:\/\/www.amstelprinting.nl\/es\/tienda\/publicidad-exterior\/pancartas\/pancarta-formato-fijo\/","title":{"rendered":"Pancarta &#8211; formato fijo"},"content":{"rendered":"<h3>Materiales<\/h3>\n<p>Nuestras pancartas est\u00e1n disponibles en Banner 510 y Lona Mesh. Banner 510 es una lona de PVC con un acabado brillante, ideal para impresiones vibrantes y apta para uso en exteriores gracias a sus propiedades repelentes al agua. La Lona Mesh es una lona de PVC permeable al aire con una estructura de malla, perfecta para lugares con mucho viento.<\/p>\n<h3>Acabados<\/h3>\n<p>Las pancartas est\u00e1ndar se pueden acabar con dobladillos o con dobladillos y ojales para una fijaci\u00f3n sencilla. Elija dobladillos a lo largo de los bordes para mayor resistencia y durabilidad, mientras que los ojales facilitan el colgado. Ya sea que desee transmitir un mensaje promocional o anunciar un evento, nuestras pancartas ofrecen la combinaci\u00f3n perfecta de calidad, funcionalidad y versatilidad.<\/p>\n<h3>Preguntas frecuentes<\/h3>\n<p><strong>\u00bfC\u00f3mo se empaqueta una pancarta?<\/strong><br \/>\nLas pancartas se empaquetan en rollos. Para proteger el material, la lona se enrolla en pl\u00e1stico de burbujas y papel kraft.<\/p>\n<p><strong>\u00bfCu\u00e1ndo se divide una lona?<\/strong><br \/>\nEsto viene determinado por el ancho m\u00e1ximo de impresi\u00f3n. Esto var\u00eda seg\u00fan el material. En las especificaciones puede encontrar el ancho m\u00e1ximo de impresi\u00f3n para cada material. Importante saber: puede entregar f\u00e1cilmente toda la superficie en un solo archivo. Nosotros dividiremos el archivo seg\u00fan sus deseos.<\/p>\n<p><strong>\u00bfExiste un tama\u00f1o m\u00e1ximo?<\/strong><br \/>\nNo dude en cuanto al tama\u00f1o: mediante una t\u00e9cnica de soldadura especial, podemos unir las lonas m\u00e1s grandes para usted. Puede pedir y entregar f\u00e1cilmente toda la superficie en un solo archivo. Nos encargaremos de que el archivo se divida posteriormente como usted desee.<\/p>\n<p><strong>\u00bfEs este producto resistente al viento?<\/strong><br \/>\nLos materiales est\u00e1n dise\u00f1ados para resistir r\u00e1fagas de viento. Si necesita un material que sea muy resistente al viento, le recomendamos la Lona Mesh. Se trata de un material perforado que permite que el viento pase f\u00e1cilmente.<\/p>\n<p><strong>\u00bfCu\u00e1l es la mejor manera de limpiar una pancarta?<\/strong><br \/>\nLa mejor manera de limpiar la pancarta es con agua tibia y un pa\u00f1o de fibra. Se desaconseja el uso de productos de limpieza, ya que esto puede da\u00f1ar la tinta.<\/p>\n","protected":false},"excerpt":{"rendered":"<p>Deje que su mensaje brille con fuerza y claridad con nuestras vers\u00e1tiles pancartas. Las pancartas impresas son perfectas para cualquier ocasi\u00f3n y entorno. Las pancartas de esta p\u00e1gina de producto son extra econ\u00f3micas gracias a los formatos fijos. Configure su pancarta impresa a su gusto a continuaci\u00f3n. \u00a1Puede contar con una impresi\u00f3n y un precio n\u00edtidos!<\/p>\n","protected":false},"featured_media":25997,"template":"","meta":{"_et_pb_use_builder":"","_et_pb_old_content":"","_et_gb_content_width":""},"product_brand":[],"product_cat":[475,450],"product_tag":[],"class_list":{"0":"post-13808","1":"product","2":"type-product","3":"status-publish","4":"has-post-thumbnail","6":"product_cat-pancartas","7":"product_cat-publicidad-exterior","9":"first","10":"instock","11":"featured","12":"taxable","13":"shipping-taxable","14":"purchasable","15":"product-type-simple"},"yoast_head":"<!-- This site is optimized with the Yoast SEO plugin v27.3 - https:\/\/yoast.com\/product\/yoast-seo-wordpress\/ -->\n<title>Pancarta - formato fijo | Amstel Printing<\/title>\n<meta name=\"robots\" content=\"index, follow, max-snippet:-1, max-image-preview:large, max-video-preview:-1\" \/>\n<link rel=\"canonical\" href=\"https:\/\/www.amstelprinting.nl\/es\/tienda\/publicidad-exterior\/pancartas\/pancarta-formato-fijo\/\" \/>\n<meta property=\"og:locale\" content=\"es_ES\" \/>\n<meta property=\"og:type\" content=\"article\" \/>\n<meta property=\"og:title\" content=\"Pancarta - formato fijo | Amstel Printing\" \/>\n<meta property=\"og:description\" content=\"Deje que su mensaje brille con fuerza y claridad con nuestras vers\u00e1tiles pancartas. Las pancartas impresas son perfectas para cualquier ocasi\u00f3n y entorno. Las pancartas de esta p\u00e1gina de producto son extra econ\u00f3micas gracias a los formatos fijos. Configure su pancarta impresa a su gusto a continuaci\u00f3n. \u00a1Puede contar con una impresi\u00f3n y un precio n\u00edtidos!\" \/>\n<meta property=\"og:url\" content=\"https:\/\/www.amstelprinting.nl\/es\/tienda\/publicidad-exterior\/pancartas\/pancarta-formato-fijo\/\" \/>\n<meta property=\"og:site_name\" content=\"Amstel Printing\" \/>\n<meta property=\"article:modified_time\" content=\"2026-02-18T11:47:41+00:00\" \/>\n<meta property=\"og:image\" content=\"https:\/\/www.amstelprinting.nl\/wp-content\/uploads\/spandoek-bedrukken-4.webp\" \/>\n\t<meta property=\"og:image:width\" content=\"900\" \/>\n\t<meta property=\"og:image:height\" content=\"900\" \/>\n\t<meta property=\"og:image:type\" content=\"image\/webp\" \/>\n<meta name=\"twitter:card\" content=\"summary_large_image\" \/>\n<meta name=\"twitter:label1\" content=\"Tiempo de lectura\" \/>\n\t<meta name=\"twitter:data1\" content=\"2 minutos\" \/>\n<script type=\"application\/ld+json\" class=\"yoast-schema-graph\">{\"@context\":\"https:\\\/\\\/schema.org\",\"@graph\":[{\"@type\":\"WebPage\",\"@id\":\"https:\\\/\\\/www.amstelprinting.nl\\\/es\\\/tienda\\\/publicidad-exterior\\\/pancartas\\\/pancarta-formato-fijo\\\/\",\"url\":\"https:\\\/\\\/www.amstelprinting.nl\\\/es\\\/tienda\\\/publicidad-exterior\\\/pancartas\\\/pancarta-formato-fijo\\\/\",\"name\":\"Pancarta - formato fijo | Amstel Printing\",\"isPartOf\":{\"@id\":\"https:\\\/\\\/www.amstelprinting.nl\\\/es\\\/#website\"},\"primaryImageOfPage\":{\"@id\":\"https:\\\/\\\/www.amstelprinting.nl\\\/es\\\/tienda\\\/publicidad-exterior\\\/pancartas\\\/pancarta-formato-fijo\\\/#primaryimage\"},\"image\":{\"@id\":\"https:\\\/\\\/www.amstelprinting.nl\\\/es\\\/tienda\\\/publicidad-exterior\\\/pancartas\\\/pancarta-formato-fijo\\\/#primaryimage\"},\"thumbnailUrl\":\"https:\\\/\\\/www.amstelprinting.nl\\\/wp-content\\\/uploads\\\/spandoek-bedrukken-4.webp\",\"datePublished\":\"2025-01-24T10:33:58+00:00\",\"dateModified\":\"2026-02-18T11:47:41+00:00\",\"breadcrumb\":{\"@id\":\"https:\\\/\\\/www.amstelprinting.nl\\\/es\\\/tienda\\\/publicidad-exterior\\\/pancartas\\\/pancarta-formato-fijo\\\/#breadcrumb\"},\"inLanguage\":\"es\",\"potentialAction\":[{\"@type\":\"ReadAction\",\"target\":[\"https:\\\/\\\/www.amstelprinting.nl\\\/es\\\/tienda\\\/publicidad-exterior\\\/pancartas\\\/pancarta-formato-fijo\\\/\"]}]},{\"@type\":\"ImageObject\",\"inLanguage\":\"es\",\"@id\":\"https:\\\/\\\/www.amstelprinting.nl\\\/es\\\/tienda\\\/publicidad-exterior\\\/pancartas\\\/pancarta-formato-fijo\\\/#primaryimage\",\"url\":\"https:\\\/\\\/www.amstelprinting.nl\\\/wp-content\\\/uploads\\\/spandoek-bedrukken-4.webp\",\"contentUrl\":\"https:\\\/\\\/www.amstelprinting.nl\\\/wp-content\\\/uploads\\\/spandoek-bedrukken-4.webp\",\"width\":900,\"height\":900},{\"@type\":\"BreadcrumbList\",\"@id\":\"https:\\\/\\\/www.amstelprinting.nl\\\/es\\\/tienda\\\/publicidad-exterior\\\/pancartas\\\/pancarta-formato-fijo\\\/#breadcrumb\",\"itemListElement\":[{\"@type\":\"ListItem\",\"position\":1,\"name\":\"\",\"item\":\"https:\\\/\\\/www.amstelprinting.nl\\\/es\\\/\"},{\"@type\":\"ListItem\",\"position\":2,\"name\":\"Amstel Printing\",\"item\":\"https:\\\/\\\/www.amstelprinting.nl\\\/es\\\/comercio\\\/\"},{\"@type\":\"ListItem\",\"position\":3,\"name\":\"Publicidad exterior\",\"item\":\"https:\\\/\\\/www.amstelprinting.nl\\\/es\\\/categor\u00eda\\\/publicidad-exterior\\\/\"},{\"@type\":\"ListItem\",\"position\":4,\"name\":\"pancartas\",\"item\":\"https:\\\/\\\/www.amstelprinting.nl\\\/es\\\/categor\u00eda\\\/publicidad-exterior\\\/pancartas\\\/\"},{\"@type\":\"ListItem\",\"position\":5,\"name\":\"Pancarta &#8211; formato fijo\"}]},{\"@type\":\"WebSite\",\"@id\":\"https:\\\/\\\/www.amstelprinting.nl\\\/es\\\/#website\",\"url\":\"https:\\\/\\\/www.amstelprinting.nl\\\/es\\\/\",\"name\":\"Amstel Printing\",\"description\":\"Creating Exposure\",\"publisher\":{\"@id\":\"https:\\\/\\\/www.amstelprinting.nl\\\/es\\\/#organization\"},\"potentialAction\":[{\"@type\":\"SearchAction\",\"target\":{\"@type\":\"EntryPoint\",\"urlTemplate\":\"https:\\\/\\\/www.amstelprinting.nl\\\/es\\\/?s={search_term_string}\"},\"query-input\":{\"@type\":\"PropertyValueSpecification\",\"valueRequired\":true,\"valueName\":\"search_term_string\"}}],\"inLanguage\":\"es\"},{\"@type\":\"Organization\",\"@id\":\"https:\\\/\\\/www.amstelprinting.nl\\\/es\\\/#organization\",\"name\":\"Amstel Printing\",\"url\":\"https:\\\/\\\/www.amstelprinting.nl\\\/es\\\/\",\"logo\":{\"@type\":\"ImageObject\",\"inLanguage\":\"es\",\"@id\":\"https:\\\/\\\/www.amstelprinting.nl\\\/es\\\/#\\\/schema\\\/logo\\\/image\\\/\",\"url\":\"https:\\\/\\\/www.amstelprinting.nl\\\/wp-content\\\/uploads\\\/amstel_printing_logo_clean.png\",\"contentUrl\":\"https:\\\/\\\/www.amstelprinting.nl\\\/wp-content\\\/uploads\\\/amstel_printing_logo_clean.png\",\"width\":324,\"height\":73,\"caption\":\"Amstel Printing\"},\"image\":{\"@id\":\"https:\\\/\\\/www.amstelprinting.nl\\\/es\\\/#\\\/schema\\\/logo\\\/image\\\/\"}}]}<\/script>\n<!-- \/ Yoast SEO plugin. -->","yoast_head_json":{"title":"Pancarta - formato fijo | Amstel Printing","robots":{"index":"index","follow":"follow","max-snippet":"max-snippet:-1","max-image-preview":"max-image-preview:large","max-video-preview":"max-video-preview:-1"},"canonical":"https:\/\/www.amstelprinting.nl\/es\/tienda\/publicidad-exterior\/pancartas\/pancarta-formato-fijo\/","og_locale":"es_ES","og_type":"article","og_title":"Pancarta - formato fijo | Amstel Printing","og_description":"Deje que su mensaje brille con fuerza y claridad con nuestras vers\u00e1tiles pancartas. Las pancartas impresas son perfectas para cualquier ocasi\u00f3n y entorno. Las pancartas de esta p\u00e1gina de producto son extra econ\u00f3micas gracias a los formatos fijos. Configure su pancarta impresa a su gusto a continuaci\u00f3n. \u00a1Puede contar con una impresi\u00f3n y un precio n\u00edtidos!","og_url":"https:\/\/www.amstelprinting.nl\/es\/tienda\/publicidad-exterior\/pancartas\/pancarta-formato-fijo\/","og_site_name":"Amstel Printing","article_modified_time":"2026-02-18T11:47:41+00:00","og_image":[{"width":900,"height":900,"url":"https:\/\/www.amstelprinting.nl\/wp-content\/uploads\/spandoek-bedrukken-4.webp","type":"image\/webp"}],"twitter_card":"summary_large_image","twitter_misc":{"Tiempo de lectura":"2 minutos"},"schema":{"@context":"https:\/\/schema.org","@graph":[{"@type":"WebPage","@id":"https:\/\/www.amstelprinting.nl\/es\/tienda\/publicidad-exterior\/pancartas\/pancarta-formato-fijo\/","url":"https:\/\/www.amstelprinting.nl\/es\/tienda\/publicidad-exterior\/pancartas\/pancarta-formato-fijo\/","name":"Pancarta - formato fijo | Amstel Printing","isPartOf":{"@id":"https:\/\/www.amstelprinting.nl\/es\/#website"},"primaryImageOfPage":{"@id":"https:\/\/www.amstelprinting.nl\/es\/tienda\/publicidad-exterior\/pancartas\/pancarta-formato-fijo\/#primaryimage"},"image":{"@id":"https:\/\/www.amstelprinting.nl\/es\/tienda\/publicidad-exterior\/pancartas\/pancarta-formato-fijo\/#primaryimage"},"thumbnailUrl":"https:\/\/www.amstelprinting.nl\/wp-content\/uploads\/spandoek-bedrukken-4.webp","datePublished":"2025-01-24T10:33:58+00:00","dateModified":"2026-02-18T11:47:41+00:00","breadcrumb":{"@id":"https:\/\/www.amstelprinting.nl\/es\/tienda\/publicidad-exterior\/pancartas\/pancarta-formato-fijo\/#breadcrumb"},"inLanguage":"es","potentialAction":[{"@type":"ReadAction","target":["https:\/\/www.amstelprinting.nl\/es\/tienda\/publicidad-exterior\/pancartas\/pancarta-formato-fijo\/"]}]},{"@type":"ImageObject","inLanguage":"es","@id":"https:\/\/www.amstelprinting.nl\/es\/tienda\/publicidad-exterior\/pancartas\/pancarta-formato-fijo\/#primaryimage","url":"https:\/\/www.amstelprinting.nl\/wp-content\/uploads\/spandoek-bedrukken-4.webp","contentUrl":"https:\/\/www.amstelprinting.nl\/wp-content\/uploads\/spandoek-bedrukken-4.webp","width":900,"height":900},{"@type":"BreadcrumbList","@id":"https:\/\/www.amstelprinting.nl\/es\/tienda\/publicidad-exterior\/pancartas\/pancarta-formato-fijo\/#breadcrumb","itemListElement":[{"@type":"ListItem","position":1,"name":"","item":"https:\/\/www.amstelprinting.nl\/es\/"},{"@type":"ListItem","position":2,"name":"Amstel Printing","item":"https:\/\/www.amstelprinting.nl\/es\/comercio\/"},{"@type":"ListItem","position":3,"name":"Publicidad exterior","item":"https:\/\/www.amstelprinting.nl\/es\/categor\u00eda\/publicidad-exterior\/"},{"@type":"ListItem","position":4,"name":"pancartas","item":"https:\/\/www.amstelprinting.nl\/es\/categor\u00eda\/publicidad-exterior\/pancartas\/"},{"@type":"ListItem","position":5,"name":"Pancarta &#8211; formato fijo"}]},{"@type":"WebSite","@id":"https:\/\/www.amstelprinting.nl\/es\/#website","url":"https:\/\/www.amstelprinting.nl\/es\/","name":"Amstel Printing","description":"Creating Exposure","publisher":{"@id":"https:\/\/www.amstelprinting.nl\/es\/#organization"},"potentialAction":[{"@type":"SearchAction","target":{"@type":"EntryPoint","urlTemplate":"https:\/\/www.amstelprinting.nl\/es\/?s={search_term_string}"},"query-input":{"@type":"PropertyValueSpecification","valueRequired":true,"valueName":"search_term_string"}}],"inLanguage":"es"},{"@type":"Organization","@id":"https:\/\/www.amstelprinting.nl\/es\/#organization","name":"Amstel Printing","url":"https:\/\/www.amstelprinting.nl\/es\/","logo":{"@type":"ImageObject","inLanguage":"es","@id":"https:\/\/www.amstelprinting.nl\/es\/#\/schema\/logo\/image\/","url":"https:\/\/www.amstelprinting.nl\/wp-content\/uploads\/amstel_printing_logo_clean.png","contentUrl":"https:\/\/www.amstelprinting.nl\/wp-content\/uploads\/amstel_printing_logo_clean.png","width":324,"height":73,"caption":"Amstel Printing"},"image":{"@id":"https:\/\/www.amstelprinting.nl\/es\/#\/schema\/logo\/image\/"}}]}},"_links":{"self":[{"href":"https:\/\/www.amstelprinting.nl\/es\/wp-json\/wp\/v2\/product\/13808","targetHints":{"allow":["GET"]}}],"collection":[{"href":"https:\/\/www.amstelprinting.nl\/es\/wp-json\/wp\/v2\/product"}],"about":[{"href":"https:\/\/www.amstelprinting.nl\/es\/wp-json\/wp\/v2\/types\/product"}],"wp:featuredmedia":[{"embeddable":true,"href":"https:\/\/www.amstelprinting.nl\/es\/wp-json\/wp\/v2\/media\/25997"}],"wp:attachment":[{"href":"https:\/\/www.amstelprinting.nl\/es\/wp-json\/wp\/v2\/media?parent=13808"}],"wp:term":[{"taxonomy":"product_brand","embeddable":true,"href":"https:\/\/www.amstelprinting.nl\/es\/wp-json\/wp\/v2\/product_brand?post=13808"},{"taxonomy":"product_cat","embeddable":true,"href":"https:\/\/www.amstelprinting.nl\/es\/wp-json\/wp\/v2\/product_cat?post=13808"},{"taxonomy":"product_tag","embeddable":true,"href":"https:\/\/www.amstelprinting.nl\/es\/wp-json\/wp\/v2\/product_tag?post=13808"}],"curies":[{"name":"wp","href":"https:\/\/api.w.org\/{rel}","templated":true}]}}