{"id":13828,"date":"2025-01-24T11:33:37","date_gmt":"2025-01-24T10:33:37","guid":{"rendered":"https:\/\/www.amstelprinting.nl\/winkel\/sin%20categor\u00eda\/spandoek\/"},"modified":"2026-02-18T12:47:43","modified_gmt":"2026-02-18T11:47:43","slug":"pancarta","status":"publish","type":"product","link":"https:\/\/www.amstelprinting.nl\/es\/tienda\/publicidad-exterior\/pancartas\/pancarta\/","title":{"rendered":"Pancarta"},"content":{"rendered":"<h3>Materiales para Pancartas<\/h3>\n<p>Nuestras pancartas est\u00e1n disponibles en siete materiales diferentes.<\/p>\n<ul>\n<li><strong>Banner 510<\/strong>: lona de PVC con acabado brillante, apta para uso tanto en interiores como en exteriores.<\/li>\n<li><strong>Banner 610 (tambi\u00e9n a doble cara)<\/strong>: lona de PVC block-out apta para interiores y exteriores.<\/li>\n<li><strong>Lona Mesh<\/strong>: lona de PVC transpirable con estructura de malla, ideal para lugares con mucho viento.<\/li>\n<li><strong>ProPES Outdoor<\/strong>: tejido textil de poli\u00e9ster \u00fanico y ligero con revestimiento hidr\u00f3fugo.<\/li>\n<li><strong>Banner Econ\u00f3mico<\/strong>: lona econ\u00f3mica, fabricada en PVC y poli\u00e9ster, perfecta para aplicaciones de corta duraci\u00f3n.<\/li>\n<li><strong>ProPES FR<\/strong>: tejido textil de poli\u00e9ster ligero con revestimiento retardante de llama.<\/li>\n<li><strong>Banner Blanco y Negro<\/strong>: lona de PVC blockout con reverso negro, apta para interiores y exteriores.<\/li>\n<li><strong>Soundmesh<\/strong>: lona de PVC permeable al aire y al sonido con un peso de 180 gr\/m\u00b2, ideal para entornos sensibles al ruido.<\/li>\n<\/ul>\n<p>&nbsp;<\/p>\n<h3>Acabados<\/h3>\n<p>Elija uniformidad o variaci\u00f3n en el acabado de los bordes. Para el acabado de su pancarta, puede elegir entre diferentes estilos: corte, ojales, dobladillos, dobladillos y ojales, t\u00fanel, cord\u00f3n redondo o velcro.<\/p>\n<p>Vaya a lo grande con nuestro m\u00e9todo \u00fanico para soldar las pancartas m\u00e1s grandes. Pida el tama\u00f1o deseado y entr\u00e9guelo como un solo archivo. Nosotros nos encargamos de la divisi\u00f3n precisa seg\u00fan sus deseos. Con nuestras pancartas, puede contar con un producto que no solo comunica su mensaje con claridad, sino que tambi\u00e9n resiste a la intemperie gracias a la amplia selecci\u00f3n de materiales.<\/p>\n<h3>Preguntas frecuentes<\/h3>\n<p><strong>\u00bfC\u00f3mo se empaqueta este producto?<\/strong><br \/>\nLas pancartas se embalan en rollos. Para proteger el material, la lona se enrolla en pl\u00e1stico de burbujas y papel kraft.<\/p>\n<p><strong>\u00bfCu\u00e1ndo se divide una lona?<\/strong><br \/>\nEsto viene determinado por el ancho m\u00e1ximo de impresi\u00f3n. Este var\u00eda seg\u00fan el material. En las especificaciones puede encontrar el ancho m\u00e1ximo de impresi\u00f3n para cada material. Importante: puede entregar f\u00e1cilmente toda la superficie en un solo archivo. Nosotros dividiremos el archivo seg\u00fan sus preferencias.<\/p>\n<p><strong>\u00bfExiste un tama\u00f1o m\u00e1ximo?<\/strong><br \/>\nNo lo dude en cuanto al tama\u00f1o: mediante una t\u00e9cnica especial de soldadura podemos unir las lonas m\u00e1s grandes para usted. Puede pedir y entregar f\u00e1cilmente toda la superficie en un solo archivo. Nosotros nos aseguramos de que el archivo se divida despu\u00e9s como usted desee.<\/p>\n<p><strong>\u00bfEs este producto resistente al viento?<\/strong><br \/>\nTodos nuestros materiales est\u00e1n dise\u00f1ados para soportar r\u00e1fagas de viento. Si necesita un material que sea muy resistente al viento, le recomendamos la Lona Mesh. Se trata de un material perforado sobre el que el viento tiene menos impacto.<\/p>\n<p><strong>\u00bfCu\u00e1l es la mejor manera de limpiar una pancarta?<\/strong><br \/>\nLa pancarta se limpia mejor con agua tibia y un pa\u00f1o de fibra. No se recomienda el uso de productos de limpieza, ya que podr\u00edan da\u00f1ar la tinta.<\/p>\n","protected":false},"excerpt":{"rendered":"<p>Descubra las amplias posibilidades de las pancartas. Totalmente personalizables con una impresi\u00f3n n\u00edtida en el acabado que desee. Perfectas para eventos, promociones y presentaciones. Nuestras pancartas impresas garantizan atraer la atenci\u00f3n hacia su empresa o mensaje. Con colores vibrantes y materiales duraderos, nos aseguramos de que su mensaje sea claramente visible en cualquier lugar y momento, tanto en interiores como en exteriores.<\/p>\n","protected":false},"featured_media":13829,"template":"","meta":{"_et_pb_use_builder":"","_et_pb_old_content":"","_et_gb_content_width":""},"product_brand":[],"product_cat":[475,450],"product_tag":[],"class_list":{"0":"post-13828","1":"product","2":"type-product","3":"status-publish","4":"has-post-thumbnail","6":"product_cat-pancartas","7":"product_cat-publicidad-exterior","9":"first","10":"instock","11":"taxable","12":"shipping-taxable","13":"purchasable","14":"product-type-simple"},"yoast_head":"<!-- This site is optimized with the Yoast SEO plugin v27.3 - https:\/\/yoast.com\/product\/yoast-seo-wordpress\/ -->\n<title>Pancarta | Amstel Printing<\/title>\n<meta name=\"robots\" content=\"index, follow, max-snippet:-1, max-image-preview:large, max-video-preview:-1\" \/>\n<link rel=\"canonical\" href=\"https:\/\/www.amstelprinting.nl\/es\/tienda\/publicidad-exterior\/pancartas\/pancarta\/\" \/>\n<meta property=\"og:locale\" content=\"es_ES\" \/>\n<meta property=\"og:type\" content=\"article\" \/>\n<meta property=\"og:title\" content=\"Pancarta | Amstel Printing\" \/>\n<meta property=\"og:description\" content=\"Descubra las amplias posibilidades de las pancartas. Totalmente personalizables con una impresi\u00f3n n\u00edtida en el acabado que desee. Perfectas para eventos, promociones y presentaciones. Nuestras pancartas impresas garantizan atraer la atenci\u00f3n hacia su empresa o mensaje. Con colores vibrantes y materiales duraderos, nos aseguramos de que su mensaje sea claramente visible en cualquier lugar y momento, tanto en interiores como en exteriores.\" \/>\n<meta property=\"og:url\" content=\"https:\/\/www.amstelprinting.nl\/es\/tienda\/publicidad-exterior\/pancartas\/pancarta\/\" \/>\n<meta property=\"og:site_name\" content=\"Amstel Printing\" \/>\n<meta property=\"article:modified_time\" content=\"2026-02-18T11:47:43+00:00\" \/>\n<meta property=\"og:image\" content=\"https:\/\/www.amstelprinting.nl\/wp-content\/uploads\/spandoek-bedrukken-3.png\" \/>\n\t<meta property=\"og:image:width\" content=\"900\" \/>\n\t<meta property=\"og:image:height\" content=\"900\" \/>\n\t<meta property=\"og:image:type\" content=\"image\/png\" \/>\n<meta name=\"twitter:card\" content=\"summary_large_image\" \/>\n<meta name=\"twitter:label1\" content=\"Tiempo de lectura\" \/>\n\t<meta name=\"twitter:data1\" content=\"2 minutos\" \/>\n<script type=\"application\/ld+json\" class=\"yoast-schema-graph\">{\"@context\":\"https:\\\/\\\/schema.org\",\"@graph\":[{\"@type\":\"WebPage\",\"@id\":\"https:\\\/\\\/www.amstelprinting.nl\\\/es\\\/tienda\\\/publicidad-exterior\\\/pancartas\\\/pancarta\\\/\",\"url\":\"https:\\\/\\\/www.amstelprinting.nl\\\/es\\\/tienda\\\/publicidad-exterior\\\/pancartas\\\/pancarta\\\/\",\"name\":\"Pancarta | Amstel Printing\",\"isPartOf\":{\"@id\":\"https:\\\/\\\/www.amstelprinting.nl\\\/es\\\/#website\"},\"primaryImageOfPage\":{\"@id\":\"https:\\\/\\\/www.amstelprinting.nl\\\/es\\\/tienda\\\/publicidad-exterior\\\/pancartas\\\/pancarta\\\/#primaryimage\"},\"image\":{\"@id\":\"https:\\\/\\\/www.amstelprinting.nl\\\/es\\\/tienda\\\/publicidad-exterior\\\/pancartas\\\/pancarta\\\/#primaryimage\"},\"thumbnailUrl\":\"https:\\\/\\\/www.amstelprinting.nl\\\/wp-content\\\/uploads\\\/spandoek-bedrukken-3.png\",\"datePublished\":\"2025-01-24T10:33:37+00:00\",\"dateModified\":\"2026-02-18T11:47:43+00:00\",\"breadcrumb\":{\"@id\":\"https:\\\/\\\/www.amstelprinting.nl\\\/es\\\/tienda\\\/publicidad-exterior\\\/pancartas\\\/pancarta\\\/#breadcrumb\"},\"inLanguage\":\"es\",\"potentialAction\":[{\"@type\":\"ReadAction\",\"target\":[\"https:\\\/\\\/www.amstelprinting.nl\\\/es\\\/tienda\\\/publicidad-exterior\\\/pancartas\\\/pancarta\\\/\"]}]},{\"@type\":\"ImageObject\",\"inLanguage\":\"es\",\"@id\":\"https:\\\/\\\/www.amstelprinting.nl\\\/es\\\/tienda\\\/publicidad-exterior\\\/pancartas\\\/pancarta\\\/#primaryimage\",\"url\":\"https:\\\/\\\/www.amstelprinting.nl\\\/wp-content\\\/uploads\\\/spandoek-bedrukken-3.png\",\"contentUrl\":\"https:\\\/\\\/www.amstelprinting.nl\\\/wp-content\\\/uploads\\\/spandoek-bedrukken-3.png\",\"width\":900,\"height\":900},{\"@type\":\"BreadcrumbList\",\"@id\":\"https:\\\/\\\/www.amstelprinting.nl\\\/es\\\/tienda\\\/publicidad-exterior\\\/pancartas\\\/pancarta\\\/#breadcrumb\",\"itemListElement\":[{\"@type\":\"ListItem\",\"position\":1,\"name\":\"\",\"item\":\"https:\\\/\\\/www.amstelprinting.nl\\\/es\\\/\"},{\"@type\":\"ListItem\",\"position\":2,\"name\":\"Amstel Printing\",\"item\":\"https:\\\/\\\/www.amstelprinting.nl\\\/es\\\/comercio\\\/\"},{\"@type\":\"ListItem\",\"position\":3,\"name\":\"Publicidad exterior\",\"item\":\"https:\\\/\\\/www.amstelprinting.nl\\\/es\\\/categor\u00eda\\\/publicidad-exterior\\\/\"},{\"@type\":\"ListItem\",\"position\":4,\"name\":\"pancartas\",\"item\":\"https:\\\/\\\/www.amstelprinting.nl\\\/es\\\/categor\u00eda\\\/publicidad-exterior\\\/pancartas\\\/\"},{\"@type\":\"ListItem\",\"position\":5,\"name\":\"Pancarta\"}]},{\"@type\":\"WebSite\",\"@id\":\"https:\\\/\\\/www.amstelprinting.nl\\\/es\\\/#website\",\"url\":\"https:\\\/\\\/www.amstelprinting.nl\\\/es\\\/\",\"name\":\"Amstel Printing\",\"description\":\"Creating Exposure\",\"publisher\":{\"@id\":\"https:\\\/\\\/www.amstelprinting.nl\\\/es\\\/#organization\"},\"potentialAction\":[{\"@type\":\"SearchAction\",\"target\":{\"@type\":\"EntryPoint\",\"urlTemplate\":\"https:\\\/\\\/www.amstelprinting.nl\\\/es\\\/?s={search_term_string}\"},\"query-input\":{\"@type\":\"PropertyValueSpecification\",\"valueRequired\":true,\"valueName\":\"search_term_string\"}}],\"inLanguage\":\"es\"},{\"@type\":\"Organization\",\"@id\":\"https:\\\/\\\/www.amstelprinting.nl\\\/es\\\/#organization\",\"name\":\"Amstel Printing\",\"url\":\"https:\\\/\\\/www.amstelprinting.nl\\\/es\\\/\",\"logo\":{\"@type\":\"ImageObject\",\"inLanguage\":\"es\",\"@id\":\"https:\\\/\\\/www.amstelprinting.nl\\\/es\\\/#\\\/schema\\\/logo\\\/image\\\/\",\"url\":\"https:\\\/\\\/www.amstelprinting.nl\\\/wp-content\\\/uploads\\\/amstel_printing_logo_clean.png\",\"contentUrl\":\"https:\\\/\\\/www.amstelprinting.nl\\\/wp-content\\\/uploads\\\/amstel_printing_logo_clean.png\",\"width\":324,\"height\":73,\"caption\":\"Amstel Printing\"},\"image\":{\"@id\":\"https:\\\/\\\/www.amstelprinting.nl\\\/es\\\/#\\\/schema\\\/logo\\\/image\\\/\"}}]}<\/script>\n<!-- \/ Yoast SEO plugin. -->","yoast_head_json":{"title":"Pancarta | Amstel Printing","robots":{"index":"index","follow":"follow","max-snippet":"max-snippet:-1","max-image-preview":"max-image-preview:large","max-video-preview":"max-video-preview:-1"},"canonical":"https:\/\/www.amstelprinting.nl\/es\/tienda\/publicidad-exterior\/pancartas\/pancarta\/","og_locale":"es_ES","og_type":"article","og_title":"Pancarta | Amstel Printing","og_description":"Descubra las amplias posibilidades de las pancartas. Totalmente personalizables con una impresi\u00f3n n\u00edtida en el acabado que desee. Perfectas para eventos, promociones y presentaciones. Nuestras pancartas impresas garantizan atraer la atenci\u00f3n hacia su empresa o mensaje. Con colores vibrantes y materiales duraderos, nos aseguramos de que su mensaje sea claramente visible en cualquier lugar y momento, tanto en interiores como en exteriores.","og_url":"https:\/\/www.amstelprinting.nl\/es\/tienda\/publicidad-exterior\/pancartas\/pancarta\/","og_site_name":"Amstel Printing","article_modified_time":"2026-02-18T11:47:43+00:00","og_image":[{"width":900,"height":900,"url":"https:\/\/www.amstelprinting.nl\/wp-content\/uploads\/spandoek-bedrukken-3.png","type":"image\/png"}],"twitter_card":"summary_large_image","twitter_misc":{"Tiempo de lectura":"2 minutos"},"schema":{"@context":"https:\/\/schema.org","@graph":[{"@type":"WebPage","@id":"https:\/\/www.amstelprinting.nl\/es\/tienda\/publicidad-exterior\/pancartas\/pancarta\/","url":"https:\/\/www.amstelprinting.nl\/es\/tienda\/publicidad-exterior\/pancartas\/pancarta\/","name":"Pancarta | Amstel Printing","isPartOf":{"@id":"https:\/\/www.amstelprinting.nl\/es\/#website"},"primaryImageOfPage":{"@id":"https:\/\/www.amstelprinting.nl\/es\/tienda\/publicidad-exterior\/pancartas\/pancarta\/#primaryimage"},"image":{"@id":"https:\/\/www.amstelprinting.nl\/es\/tienda\/publicidad-exterior\/pancartas\/pancarta\/#primaryimage"},"thumbnailUrl":"https:\/\/www.amstelprinting.nl\/wp-content\/uploads\/spandoek-bedrukken-3.png","datePublished":"2025-01-24T10:33:37+00:00","dateModified":"2026-02-18T11:47:43+00:00","breadcrumb":{"@id":"https:\/\/www.amstelprinting.nl\/es\/tienda\/publicidad-exterior\/pancartas\/pancarta\/#breadcrumb"},"inLanguage":"es","potentialAction":[{"@type":"ReadAction","target":["https:\/\/www.amstelprinting.nl\/es\/tienda\/publicidad-exterior\/pancartas\/pancarta\/"]}]},{"@type":"ImageObject","inLanguage":"es","@id":"https:\/\/www.amstelprinting.nl\/es\/tienda\/publicidad-exterior\/pancartas\/pancarta\/#primaryimage","url":"https:\/\/www.amstelprinting.nl\/wp-content\/uploads\/spandoek-bedrukken-3.png","contentUrl":"https:\/\/www.amstelprinting.nl\/wp-content\/uploads\/spandoek-bedrukken-3.png","width":900,"height":900},{"@type":"BreadcrumbList","@id":"https:\/\/www.amstelprinting.nl\/es\/tienda\/publicidad-exterior\/pancartas\/pancarta\/#breadcrumb","itemListElement":[{"@type":"ListItem","position":1,"name":"","item":"https:\/\/www.amstelprinting.nl\/es\/"},{"@type":"ListItem","position":2,"name":"Amstel Printing","item":"https:\/\/www.amstelprinting.nl\/es\/comercio\/"},{"@type":"ListItem","position":3,"name":"Publicidad exterior","item":"https:\/\/www.amstelprinting.nl\/es\/categor\u00eda\/publicidad-exterior\/"},{"@type":"ListItem","position":4,"name":"pancartas","item":"https:\/\/www.amstelprinting.nl\/es\/categor\u00eda\/publicidad-exterior\/pancartas\/"},{"@type":"ListItem","position":5,"name":"Pancarta"}]},{"@type":"WebSite","@id":"https:\/\/www.amstelprinting.nl\/es\/#website","url":"https:\/\/www.amstelprinting.nl\/es\/","name":"Amstel Printing","description":"Creating Exposure","publisher":{"@id":"https:\/\/www.amstelprinting.nl\/es\/#organization"},"potentialAction":[{"@type":"SearchAction","target":{"@type":"EntryPoint","urlTemplate":"https:\/\/www.amstelprinting.nl\/es\/?s={search_term_string}"},"query-input":{"@type":"PropertyValueSpecification","valueRequired":true,"valueName":"search_term_string"}}],"inLanguage":"es"},{"@type":"Organization","@id":"https:\/\/www.amstelprinting.nl\/es\/#organization","name":"Amstel Printing","url":"https:\/\/www.amstelprinting.nl\/es\/","logo":{"@type":"ImageObject","inLanguage":"es","@id":"https:\/\/www.amstelprinting.nl\/es\/#\/schema\/logo\/image\/","url":"https:\/\/www.amstelprinting.nl\/wp-content\/uploads\/amstel_printing_logo_clean.png","contentUrl":"https:\/\/www.amstelprinting.nl\/wp-content\/uploads\/amstel_printing_logo_clean.png","width":324,"height":73,"caption":"Amstel Printing"},"image":{"@id":"https:\/\/www.amstelprinting.nl\/es\/#\/schema\/logo\/image\/"}}]}},"_links":{"self":[{"href":"https:\/\/www.amstelprinting.nl\/es\/wp-json\/wp\/v2\/product\/13828","targetHints":{"allow":["GET"]}}],"collection":[{"href":"https:\/\/www.amstelprinting.nl\/es\/wp-json\/wp\/v2\/product"}],"about":[{"href":"https:\/\/www.amstelprinting.nl\/es\/wp-json\/wp\/v2\/types\/product"}],"wp:featuredmedia":[{"embeddable":true,"href":"https:\/\/www.amstelprinting.nl\/es\/wp-json\/wp\/v2\/media\/13829"}],"wp:attachment":[{"href":"https:\/\/www.amstelprinting.nl\/es\/wp-json\/wp\/v2\/media?parent=13828"}],"wp:term":[{"taxonomy":"product_brand","embeddable":true,"href":"https:\/\/www.amstelprinting.nl\/es\/wp-json\/wp\/v2\/product_brand?post=13828"},{"taxonomy":"product_cat","embeddable":true,"href":"https:\/\/www.amstelprinting.nl\/es\/wp-json\/wp\/v2\/product_cat?post=13828"},{"taxonomy":"product_tag","embeddable":true,"href":"https:\/\/www.amstelprinting.nl\/es\/wp-json\/wp\/v2\/product_tag?post=13828"}],"curies":[{"name":"wp","href":"https:\/\/api.w.org\/{rel}","templated":true}]}}