{"id":13838,"date":"2025-01-24T11:33:28","date_gmt":"2025-01-24T10:33:28","guid":{"rendered":"https:\/\/www.amstelprinting.nl\/winkel\/sin%20categor\u00eda\/xl-doek\/"},"modified":"2026-02-18T12:47:44","modified_gmt":"2026-02-18T11:47:44","slug":"lona-xl","status":"publish","type":"product","link":"https:\/\/www.amstelprinting.nl\/es\/tienda\/publicidad-exterior\/pancartas\/lona-xl\/","title":{"rendered":"Lona XL"},"content":{"rendered":"<h3>Impresi\u00f3n de lonas extra grandes<\/h3>\n<p>Una lona XL es la soluci\u00f3n para dimensiones considerables (extremadamente grandes). Ya sea para el revestimiento de fachadas, eventos o instalaciones deportivas de gran tama\u00f1o: estas lonas gigantes garantizan llamar la atenci\u00f3n con impresiones n\u00edtidas y colores vibrantes. La lona XL puede producirse en m\u00e1s de 8 tipos de materiales diferentes con el acabado que elija. Lo exclusivo de la lona XL es que no est\u00e1 limitado a formatos fijos. Las lonas de m\u00e1s de 500 cm se unen entre s\u00ed durante la producci\u00f3n.<\/p>\n<h3>Materiales: lonas XL para cada ocasi\u00f3n<\/h3>\n<p>Con nosotros, usted decide el tama\u00f1o que mejor se adapte a su proyecto, respaldado por una elecci\u00f3n de ocho materiales diferentes.<\/p>\n<ul>\n<li><strong>Banner 510<\/strong>: Lona de PVC con una apariencia brillante, apta para uso en interiores y exteriores.<\/li>\n<li><strong>Banner 610 (tambi\u00e9n a doble cara)<\/strong>: Lona de PVC block-out apta para interiores y exteriores.<\/li>\n<li><strong>Lona Mesh<\/strong>: Lona de PVC microperforada con una estructura de malla, ideal para lugares con mucho viento.<\/li>\n<li><strong>ProPES Outdoor<\/strong>: Tejido de poli\u00e9ster ligero con revestimiento repelente al agua, perfecto para uso prolongado en exteriores.<\/li>\n<li><strong>ProPES FR<\/strong>: Tejido de poli\u00e9ster con revestimiento ign\u00edfugo, garantiza la seguridad en cualquier situaci\u00f3n.<\/li>\n<li><strong>Flag<\/strong>: Tejido de poli\u00e9ster de alta transparencia, ideal para aplicaciones temporales con una vida \u00fatil de hasta cuatro meses.<\/li>\n<li><strong>Dekostof<\/strong>: Para una visualizaci\u00f3n robusta y opaca.<\/li>\n<li><strong>Banner Blanco y Negro<\/strong>: Lona de PVC block-out con trasera negra, apta para interiores y exteriores.<\/li>\n<\/ul>\n<p>&nbsp;<\/p>\n<h3>Elija el acabado adecuado<\/h3>\n<p>Ofrecemos una amplia gama de opciones de acabado para su lona XL, como dobladillos, ojales y vainas. Esto le asegura un producto que se ajusta perfectamente a sus requisitos y aplicaciones espec\u00edficas.<\/p>\n<h3>Env\u00edo<\/h3>\n<p>Su lona XL se embala y entrega cuidadosamente, lista para presentar su mensaje de forma clara y potente. Para dimensiones superiores a 5 x 5 metros, las lonas se producen por partes. Durante el proceso de producci\u00f3n, estas se vuelven a unir y se env\u00edan plegadas. Para ProPES Outdoor y ProPES FR, las piezas tambi\u00e9n se unen en dimensiones superiores a 304 x 304 cm. La anchura m\u00e1xima (en una sola pieza) o altura es de 600 cm.<\/p>\n<h3>Preguntas frecuentes sobre la impresi\u00f3n de lonas XL<\/h3>\n<p><strong>\u00bfC\u00f3mo se embala este producto?<\/strong><br \/>\nEmbalamos este producto en rollos de hasta 500 cm. Para proteger el material, lo envolvemos en pl\u00e1stico de burbujas y papel kraft.<\/p>\n<p><strong>\u00bfC\u00f3mo se unen las diferentes partes?<\/strong><br \/>\nNuestras impresoras pueden imprimir hasta cinco metros de ancho. \u00bfNecesita una lona m\u00e1s grande? \u00a1No hay problema! Las piezas sueltas se sueldan entre s\u00ed mediante calor. Es bueno saberlo: simplemente pida la superficie total y entr\u00e9guela en un solo archivo. Nosotros dividiremos el archivo.<\/p>\n","protected":false},"excerpt":{"rendered":"<p>Para impresiones extremadamente grandes: transmita su mensaje a lo grande con nuestras lonas XL. Ya sea para publicitar su empresa, promocionar un evento o delimitar una zona especial, nuestras lonas XL ofrecen la soluci\u00f3n perfecta para una comunicaci\u00f3n visual impresionante. Se pueden pedir totalmente a medida. Con impresiones n\u00edtidas y el acabado que desee. Entrega en tan solo 1 d\u00eda laborable. Configure su lona XL a continuaci\u00f3n.<\/p>\n","protected":false},"featured_media":13839,"template":"","meta":{"_et_pb_use_builder":"","_et_pb_old_content":"","_et_gb_content_width":""},"product_brand":[],"product_cat":[431,409,475,450],"product_tag":[],"class_list":{"0":"post-13838","1":"product","2":"type-product","3":"status-publish","4":"has-post-thumbnail","6":"product_cat-feria-y-evento","7":"product_cat-panos-de-fiesta","8":"product_cat-pancartas","9":"product_cat-publicidad-exterior","11":"first","12":"instock","13":"taxable","14":"shipping-taxable","15":"purchasable","16":"product-type-simple"},"yoast_head":"<!-- This site is optimized with the Yoast SEO plugin v27.3 - https:\/\/yoast.com\/product\/yoast-seo-wordpress\/ -->\n<title>Lona XL para festivales y eventos - Amstel Printing<\/title>\n<meta name=\"description\" content=\"Impresiones n\u00edtidas y colores vibrantes en una lona XL de Amstel Printing. | M\u00e1s de 8 tipos de lona para eventos, revestimiento de fachadas y recintos deportivos. \u00a1P\u00eddela ahora!\" \/>\n<meta name=\"robots\" content=\"index, follow, max-snippet:-1, max-image-preview:large, max-video-preview:-1\" \/>\n<link rel=\"canonical\" href=\"https:\/\/www.amstelprinting.nl\/es\/tienda\/publicidad-exterior\/pancartas\/lona-xl\/\" \/>\n<meta property=\"og:locale\" content=\"es_ES\" \/>\n<meta property=\"og:type\" content=\"article\" \/>\n<meta property=\"og:title\" content=\"Lona XL para festivales y eventos - Amstel Printing\" \/>\n<meta property=\"og:description\" content=\"Impresiones n\u00edtidas y colores vibrantes en una lona XL de Amstel Printing. | M\u00e1s de 8 tipos de lona para eventos, revestimiento de fachadas y recintos deportivos. \u00a1P\u00eddela ahora!\" \/>\n<meta property=\"og:url\" content=\"https:\/\/www.amstelprinting.nl\/es\/tienda\/publicidad-exterior\/pancartas\/lona-xl\/\" \/>\n<meta property=\"og:site_name\" content=\"Amstel Printing\" \/>\n<meta property=\"article:modified_time\" content=\"2026-02-18T11:47:44+00:00\" \/>\n<meta property=\"og:image\" content=\"https:\/\/www.amstelprinting.nl\/wp-content\/uploads\/xl-doek-bedrukken-1.png\" \/>\n\t<meta property=\"og:image:width\" content=\"900\" \/>\n\t<meta property=\"og:image:height\" content=\"900\" \/>\n\t<meta property=\"og:image:type\" content=\"image\/png\" \/>\n<meta name=\"twitter:card\" content=\"summary_large_image\" \/>\n<meta name=\"twitter:label1\" content=\"Tiempo de lectura\" \/>\n\t<meta name=\"twitter:data1\" content=\"2 minutos\" \/>\n<script type=\"application\/ld+json\" class=\"yoast-schema-graph\">{\"@context\":\"https:\\\/\\\/schema.org\",\"@graph\":[{\"@type\":\"WebPage\",\"@id\":\"https:\\\/\\\/www.amstelprinting.nl\\\/es\\\/tienda\\\/publicidad-exterior\\\/pancartas\\\/lona-xl\\\/\",\"url\":\"https:\\\/\\\/www.amstelprinting.nl\\\/es\\\/tienda\\\/publicidad-exterior\\\/pancartas\\\/lona-xl\\\/\",\"name\":\"Lona XL para festivales y eventos - Amstel Printing\",\"isPartOf\":{\"@id\":\"https:\\\/\\\/www.amstelprinting.nl\\\/es\\\/#website\"},\"primaryImageOfPage\":{\"@id\":\"https:\\\/\\\/www.amstelprinting.nl\\\/es\\\/tienda\\\/publicidad-exterior\\\/pancartas\\\/lona-xl\\\/#primaryimage\"},\"image\":{\"@id\":\"https:\\\/\\\/www.amstelprinting.nl\\\/es\\\/tienda\\\/publicidad-exterior\\\/pancartas\\\/lona-xl\\\/#primaryimage\"},\"thumbnailUrl\":\"https:\\\/\\\/www.amstelprinting.nl\\\/wp-content\\\/uploads\\\/xl-doek-bedrukken-1.png\",\"datePublished\":\"2025-01-24T10:33:28+00:00\",\"dateModified\":\"2026-02-18T11:47:44+00:00\",\"description\":\"Impresiones n\u00edtidas y colores vibrantes en una lona XL de Amstel Printing. | M\u00e1s de 8 tipos de lona para eventos, revestimiento de fachadas y recintos deportivos. \u00a1P\u00eddela ahora!\",\"breadcrumb\":{\"@id\":\"https:\\\/\\\/www.amstelprinting.nl\\\/es\\\/tienda\\\/publicidad-exterior\\\/pancartas\\\/lona-xl\\\/#breadcrumb\"},\"inLanguage\":\"es\",\"potentialAction\":[{\"@type\":\"ReadAction\",\"target\":[\"https:\\\/\\\/www.amstelprinting.nl\\\/es\\\/tienda\\\/publicidad-exterior\\\/pancartas\\\/lona-xl\\\/\"]}]},{\"@type\":\"ImageObject\",\"inLanguage\":\"es\",\"@id\":\"https:\\\/\\\/www.amstelprinting.nl\\\/es\\\/tienda\\\/publicidad-exterior\\\/pancartas\\\/lona-xl\\\/#primaryimage\",\"url\":\"https:\\\/\\\/www.amstelprinting.nl\\\/wp-content\\\/uploads\\\/xl-doek-bedrukken-1.png\",\"contentUrl\":\"https:\\\/\\\/www.amstelprinting.nl\\\/wp-content\\\/uploads\\\/xl-doek-bedrukken-1.png\",\"width\":900,\"height\":900},{\"@type\":\"BreadcrumbList\",\"@id\":\"https:\\\/\\\/www.amstelprinting.nl\\\/es\\\/tienda\\\/publicidad-exterior\\\/pancartas\\\/lona-xl\\\/#breadcrumb\",\"itemListElement\":[{\"@type\":\"ListItem\",\"position\":1,\"name\":\"\",\"item\":\"https:\\\/\\\/www.amstelprinting.nl\\\/es\\\/\"},{\"@type\":\"ListItem\",\"position\":2,\"name\":\"Amstel Printing\",\"item\":\"https:\\\/\\\/www.amstelprinting.nl\\\/es\\\/comercio\\\/\"},{\"@type\":\"ListItem\",\"position\":3,\"name\":\"Publicidad exterior\",\"item\":\"https:\\\/\\\/www.amstelprinting.nl\\\/es\\\/categor\u00eda\\\/publicidad-exterior\\\/\"},{\"@type\":\"ListItem\",\"position\":4,\"name\":\"pancartas\",\"item\":\"https:\\\/\\\/www.amstelprinting.nl\\\/es\\\/categor\u00eda\\\/publicidad-exterior\\\/pancartas\\\/\"},{\"@type\":\"ListItem\",\"position\":5,\"name\":\"Lona XL\"}]},{\"@type\":\"WebSite\",\"@id\":\"https:\\\/\\\/www.amstelprinting.nl\\\/es\\\/#website\",\"url\":\"https:\\\/\\\/www.amstelprinting.nl\\\/es\\\/\",\"name\":\"Amstel Printing\",\"description\":\"Creating Exposure\",\"publisher\":{\"@id\":\"https:\\\/\\\/www.amstelprinting.nl\\\/es\\\/#organization\"},\"potentialAction\":[{\"@type\":\"SearchAction\",\"target\":{\"@type\":\"EntryPoint\",\"urlTemplate\":\"https:\\\/\\\/www.amstelprinting.nl\\\/es\\\/?s={search_term_string}\"},\"query-input\":{\"@type\":\"PropertyValueSpecification\",\"valueRequired\":true,\"valueName\":\"search_term_string\"}}],\"inLanguage\":\"es\"},{\"@type\":\"Organization\",\"@id\":\"https:\\\/\\\/www.amstelprinting.nl\\\/es\\\/#organization\",\"name\":\"Amstel Printing\",\"url\":\"https:\\\/\\\/www.amstelprinting.nl\\\/es\\\/\",\"logo\":{\"@type\":\"ImageObject\",\"inLanguage\":\"es\",\"@id\":\"https:\\\/\\\/www.amstelprinting.nl\\\/es\\\/#\\\/schema\\\/logo\\\/image\\\/\",\"url\":\"https:\\\/\\\/www.amstelprinting.nl\\\/wp-content\\\/uploads\\\/amstel_printing_logo_clean.png\",\"contentUrl\":\"https:\\\/\\\/www.amstelprinting.nl\\\/wp-content\\\/uploads\\\/amstel_printing_logo_clean.png\",\"width\":324,\"height\":73,\"caption\":\"Amstel Printing\"},\"image\":{\"@id\":\"https:\\\/\\\/www.amstelprinting.nl\\\/es\\\/#\\\/schema\\\/logo\\\/image\\\/\"}}]}<\/script>\n<!-- \/ Yoast SEO plugin. -->","yoast_head_json":{"title":"Lona XL para festivales y eventos - Amstel Printing","description":"Impresiones n\u00edtidas y colores vibrantes en una lona XL de Amstel Printing. | M\u00e1s de 8 tipos de lona para eventos, revestimiento de fachadas y recintos deportivos. \u00a1P\u00eddela ahora!","robots":{"index":"index","follow":"follow","max-snippet":"max-snippet:-1","max-image-preview":"max-image-preview:large","max-video-preview":"max-video-preview:-1"},"canonical":"https:\/\/www.amstelprinting.nl\/es\/tienda\/publicidad-exterior\/pancartas\/lona-xl\/","og_locale":"es_ES","og_type":"article","og_title":"Lona XL para festivales y eventos - Amstel Printing","og_description":"Impresiones n\u00edtidas y colores vibrantes en una lona XL de Amstel Printing. | M\u00e1s de 8 tipos de lona para eventos, revestimiento de fachadas y recintos deportivos. \u00a1P\u00eddela ahora!","og_url":"https:\/\/www.amstelprinting.nl\/es\/tienda\/publicidad-exterior\/pancartas\/lona-xl\/","og_site_name":"Amstel Printing","article_modified_time":"2026-02-18T11:47:44+00:00","og_image":[{"width":900,"height":900,"url":"https:\/\/www.amstelprinting.nl\/wp-content\/uploads\/xl-doek-bedrukken-1.png","type":"image\/png"}],"twitter_card":"summary_large_image","twitter_misc":{"Tiempo de lectura":"2 minutos"},"schema":{"@context":"https:\/\/schema.org","@graph":[{"@type":"WebPage","@id":"https:\/\/www.amstelprinting.nl\/es\/tienda\/publicidad-exterior\/pancartas\/lona-xl\/","url":"https:\/\/www.amstelprinting.nl\/es\/tienda\/publicidad-exterior\/pancartas\/lona-xl\/","name":"Lona XL para festivales y eventos - Amstel Printing","isPartOf":{"@id":"https:\/\/www.amstelprinting.nl\/es\/#website"},"primaryImageOfPage":{"@id":"https:\/\/www.amstelprinting.nl\/es\/tienda\/publicidad-exterior\/pancartas\/lona-xl\/#primaryimage"},"image":{"@id":"https:\/\/www.amstelprinting.nl\/es\/tienda\/publicidad-exterior\/pancartas\/lona-xl\/#primaryimage"},"thumbnailUrl":"https:\/\/www.amstelprinting.nl\/wp-content\/uploads\/xl-doek-bedrukken-1.png","datePublished":"2025-01-24T10:33:28+00:00","dateModified":"2026-02-18T11:47:44+00:00","description":"Impresiones n\u00edtidas y colores vibrantes en una lona XL de Amstel Printing. | M\u00e1s de 8 tipos de lona para eventos, revestimiento de fachadas y recintos deportivos. \u00a1P\u00eddela ahora!","breadcrumb":{"@id":"https:\/\/www.amstelprinting.nl\/es\/tienda\/publicidad-exterior\/pancartas\/lona-xl\/#breadcrumb"},"inLanguage":"es","potentialAction":[{"@type":"ReadAction","target":["https:\/\/www.amstelprinting.nl\/es\/tienda\/publicidad-exterior\/pancartas\/lona-xl\/"]}]},{"@type":"ImageObject","inLanguage":"es","@id":"https:\/\/www.amstelprinting.nl\/es\/tienda\/publicidad-exterior\/pancartas\/lona-xl\/#primaryimage","url":"https:\/\/www.amstelprinting.nl\/wp-content\/uploads\/xl-doek-bedrukken-1.png","contentUrl":"https:\/\/www.amstelprinting.nl\/wp-content\/uploads\/xl-doek-bedrukken-1.png","width":900,"height":900},{"@type":"BreadcrumbList","@id":"https:\/\/www.amstelprinting.nl\/es\/tienda\/publicidad-exterior\/pancartas\/lona-xl\/#breadcrumb","itemListElement":[{"@type":"ListItem","position":1,"name":"","item":"https:\/\/www.amstelprinting.nl\/es\/"},{"@type":"ListItem","position":2,"name":"Amstel Printing","item":"https:\/\/www.amstelprinting.nl\/es\/comercio\/"},{"@type":"ListItem","position":3,"name":"Publicidad exterior","item":"https:\/\/www.amstelprinting.nl\/es\/categor\u00eda\/publicidad-exterior\/"},{"@type":"ListItem","position":4,"name":"pancartas","item":"https:\/\/www.amstelprinting.nl\/es\/categor\u00eda\/publicidad-exterior\/pancartas\/"},{"@type":"ListItem","position":5,"name":"Lona XL"}]},{"@type":"WebSite","@id":"https:\/\/www.amstelprinting.nl\/es\/#website","url":"https:\/\/www.amstelprinting.nl\/es\/","name":"Amstel Printing","description":"Creating Exposure","publisher":{"@id":"https:\/\/www.amstelprinting.nl\/es\/#organization"},"potentialAction":[{"@type":"SearchAction","target":{"@type":"EntryPoint","urlTemplate":"https:\/\/www.amstelprinting.nl\/es\/?s={search_term_string}"},"query-input":{"@type":"PropertyValueSpecification","valueRequired":true,"valueName":"search_term_string"}}],"inLanguage":"es"},{"@type":"Organization","@id":"https:\/\/www.amstelprinting.nl\/es\/#organization","name":"Amstel Printing","url":"https:\/\/www.amstelprinting.nl\/es\/","logo":{"@type":"ImageObject","inLanguage":"es","@id":"https:\/\/www.amstelprinting.nl\/es\/#\/schema\/logo\/image\/","url":"https:\/\/www.amstelprinting.nl\/wp-content\/uploads\/amstel_printing_logo_clean.png","contentUrl":"https:\/\/www.amstelprinting.nl\/wp-content\/uploads\/amstel_printing_logo_clean.png","width":324,"height":73,"caption":"Amstel Printing"},"image":{"@id":"https:\/\/www.amstelprinting.nl\/es\/#\/schema\/logo\/image\/"}}]}},"_links":{"self":[{"href":"https:\/\/www.amstelprinting.nl\/es\/wp-json\/wp\/v2\/product\/13838","targetHints":{"allow":["GET"]}}],"collection":[{"href":"https:\/\/www.amstelprinting.nl\/es\/wp-json\/wp\/v2\/product"}],"about":[{"href":"https:\/\/www.amstelprinting.nl\/es\/wp-json\/wp\/v2\/types\/product"}],"wp:featuredmedia":[{"embeddable":true,"href":"https:\/\/www.amstelprinting.nl\/es\/wp-json\/wp\/v2\/media\/13839"}],"wp:attachment":[{"href":"https:\/\/www.amstelprinting.nl\/es\/wp-json\/wp\/v2\/media?parent=13838"}],"wp:term":[{"taxonomy":"product_brand","embeddable":true,"href":"https:\/\/www.amstelprinting.nl\/es\/wp-json\/wp\/v2\/product_brand?post=13838"},{"taxonomy":"product_cat","embeddable":true,"href":"https:\/\/www.amstelprinting.nl\/es\/wp-json\/wp\/v2\/product_cat?post=13838"},{"taxonomy":"product_tag","embeddable":true,"href":"https:\/\/www.amstelprinting.nl\/es\/wp-json\/wp\/v2\/product_tag?post=13838"}],"curies":[{"name":"wp","href":"https:\/\/api.w.org\/{rel}","templated":true}]}}