{"id":13848,"date":"2025-01-24T11:33:24","date_gmt":"2025-01-24T10:33:24","guid":{"rendered":"https:\/\/www.amstelprinting.nl\/winkel\/sin%20categor\u00eda\/speakerdoek\/"},"modified":"2026-02-18T12:47:45","modified_gmt":"2026-02-18T11:47:45","slug":"lona-para-altavoces","status":"publish","type":"product","link":"https:\/\/www.amstelprinting.nl\/es\/tienda\/publicidad-exterior\/pancartas\/lona-para-altavoces\/","title":{"rendered":"Lona para altavoces"},"content":{"rendered":"<h3>Comprar lona para altavoces<\/h3>\n<p>No hay festival sin altavoces. Y estos tambi\u00e9n pueden equiparse completamente con una lona impresa. Pero se trata de una lona especial para altavoces (Soundmesh) que no obstruye el sonido. Esta lona para altavoces especialmente dise\u00f1ada cubre instalaciones de sonido y equipos sin obstaculizar el sonido. Perfecta para conciertos, eventos y ferias.<\/p>\n<h3>Ventajas de la lona para altavoces<\/h3>\n<ul>\n<li>Se puede pedir en cualquier formato deseado<\/li>\n<li>Disponible hasta un ancho de 5 metros<\/li>\n<li>M\u00e1xima conservaci\u00f3n de la calidad del sonido<\/li>\n<li>Seguro: cuenta con certificaci\u00f3n de seguridad contra incendios B1<\/li>\n<\/ul>\n<p>&nbsp;<\/p>\n<h3>Materiales y propiedades<\/h3>\n<p>La lona para altavoces (Soundmesh) es una lona de PVC permeable al aire y al sonido con un peso de 180 gr.\/m\u00b2. Este material no solo es eficaz para dejar pasar el sonido, sino que tambi\u00e9n es repelente al agua, lo que lo hace ideal para su uso en exteriores. La lona Polymesh est\u00e1 hecha de poli\u00e9ster y pesa 110 gr.\/m\u00b2. Este material ligero, permeable al aire y al sonido, ofrece un excelente rendimiento y flexibilidad para diversas aplicaciones.<\/p>\n<h3>Elija el acabado adecuado<\/h3>\n<p>Para satisfacer todos sus deseos espec\u00edficos, ofrecemos una variedad de acabados. La lona para altavoces Polymesh puede acabarse con cinta y ojales, cinta y ganchos, cinta y anillas en D, cinta y cord\u00f3n, vainas y velcro. Estas opciones aseguran que pueda fijar la lona para altavoces de forma f\u00e1cil y resistente a diversas estructuras. La lona Soundmesh puede acabarse con dobladillos, ojales o vainas, por lo que aqu\u00ed tambi\u00e9n dispone de diversas opciones de fijaci\u00f3n.<\/p>\n<h3>Fijaci\u00f3n de la lona para altavoces con los accesorios adecuados<\/h3>\n<p>Adem\u00e1s de los diversos acabados, tambi\u00e9n ofrecemos diferentes accesorios para optimizar la instalaci\u00f3n y el uso de nuestras lonas para altavoces. Estos accesorios est\u00e1n dise\u00f1ados para aumentar la funcionalidad y versatilidad de la lona, para que siempre tenga una soluci\u00f3n que se adapte a sus necesidades.<\/p>\n","protected":false},"excerpt":{"rendered":"<h4><span style=\"font-weight: 400;\">La lona permeable al viento y al sonido impresa con una impresi\u00f3n integral.<\/span><\/h4>\n<p><span style=\"font-weight: 400;\">Nuestra lona para altavoces ofrece la combinaci\u00f3n perfecta de funcionalidad y flexibilidad. El dise\u00f1o permeable al aire y al sonido garantiza que la calidad del audio permanezca intacta, mientras que el material robusto resiste a los elementos. Ofrecemos una amplia gama de opciones de acabado y accesorios. Esto le permite personalizar completamente la lona para altavoces seg\u00fan sus deseos espec\u00edficos. El certificado B1 garantiza un producto ign\u00edfugo que cumple con los est\u00e1ndares m\u00e1s exigentes. Entrega en 3 d\u00edas h\u00e1biles. Configure su lona para altavoces a continuaci\u00f3n.<\/span><\/p>\n","protected":false},"featured_media":13849,"template":"","meta":{"_et_pb_use_builder":"","_et_pb_old_content":"","_et_gb_content_width":""},"product_brand":[],"product_cat":[431,409,475,450],"product_tag":[],"class_list":{"0":"post-13848","1":"product","2":"type-product","3":"status-publish","4":"has-post-thumbnail","6":"product_cat-feria-y-evento","7":"product_cat-panos-de-fiesta","8":"product_cat-pancartas","9":"product_cat-publicidad-exterior","11":"first","12":"instock","13":"taxable","14":"shipping-taxable","15":"purchasable","16":"product-type-simple"},"yoast_head":"<!-- This site is optimized with the Yoast SEO plugin v27.3 - https:\/\/yoast.com\/product\/yoast-seo-wordpress\/ -->\n<title>Lona para altavoces para festivales y eventos | Amstel Printing<\/title>\n<meta name=\"description\" content=\"Descubra las ventajas de las lonas para altavoces Polymesh y Soundmesh, ligeras y transpirables. Para uso en interiores y exteriores con diversas opciones de acabado.\" \/>\n<meta name=\"robots\" content=\"index, follow, max-snippet:-1, max-image-preview:large, max-video-preview:-1\" \/>\n<link rel=\"canonical\" href=\"https:\/\/www.amstelprinting.nl\/es\/tienda\/publicidad-exterior\/pancartas\/lona-para-altavoces\/\" \/>\n<meta property=\"og:locale\" content=\"es_ES\" \/>\n<meta property=\"og:type\" content=\"article\" \/>\n<meta property=\"og:title\" content=\"Lona para altavoces para festivales y eventos | Amstel Printing\" \/>\n<meta property=\"og:description\" content=\"Descubra las ventajas de las lonas para altavoces Polymesh y Soundmesh, ligeras y transpirables. Para uso en interiores y exteriores con diversas opciones de acabado.\" \/>\n<meta property=\"og:url\" content=\"https:\/\/www.amstelprinting.nl\/es\/tienda\/publicidad-exterior\/pancartas\/lona-para-altavoces\/\" \/>\n<meta property=\"og:site_name\" content=\"Amstel Printing\" \/>\n<meta property=\"article:modified_time\" content=\"2026-02-18T11:47:45+00:00\" \/>\n<meta property=\"og:image\" content=\"https:\/\/www.amstelprinting.nl\/wp-content\/uploads\/speakerdoek-bedrukken-1.png\" \/>\n\t<meta property=\"og:image:width\" content=\"900\" \/>\n\t<meta property=\"og:image:height\" content=\"900\" \/>\n\t<meta property=\"og:image:type\" content=\"image\/png\" \/>\n<meta name=\"twitter:card\" content=\"summary_large_image\" \/>\n<meta name=\"twitter:label1\" content=\"Tiempo de lectura\" \/>\n\t<meta name=\"twitter:data1\" content=\"2 minutos\" \/>\n<script type=\"application\/ld+json\" class=\"yoast-schema-graph\">{\"@context\":\"https:\\\/\\\/schema.org\",\"@graph\":[{\"@type\":\"WebPage\",\"@id\":\"https:\\\/\\\/www.amstelprinting.nl\\\/es\\\/tienda\\\/publicidad-exterior\\\/pancartas\\\/lona-para-altavoces\\\/\",\"url\":\"https:\\\/\\\/www.amstelprinting.nl\\\/es\\\/tienda\\\/publicidad-exterior\\\/pancartas\\\/lona-para-altavoces\\\/\",\"name\":\"Lona para altavoces para festivales y eventos | Amstel Printing\",\"isPartOf\":{\"@id\":\"https:\\\/\\\/www.amstelprinting.nl\\\/es\\\/#website\"},\"primaryImageOfPage\":{\"@id\":\"https:\\\/\\\/www.amstelprinting.nl\\\/es\\\/tienda\\\/publicidad-exterior\\\/pancartas\\\/lona-para-altavoces\\\/#primaryimage\"},\"image\":{\"@id\":\"https:\\\/\\\/www.amstelprinting.nl\\\/es\\\/tienda\\\/publicidad-exterior\\\/pancartas\\\/lona-para-altavoces\\\/#primaryimage\"},\"thumbnailUrl\":\"https:\\\/\\\/www.amstelprinting.nl\\\/wp-content\\\/uploads\\\/speakerdoek-bedrukken-1.png\",\"datePublished\":\"2025-01-24T10:33:24+00:00\",\"dateModified\":\"2026-02-18T11:47:45+00:00\",\"description\":\"Descubra las ventajas de las lonas para altavoces Polymesh y Soundmesh, ligeras y transpirables. Para uso en interiores y exteriores con diversas opciones de acabado.\",\"breadcrumb\":{\"@id\":\"https:\\\/\\\/www.amstelprinting.nl\\\/es\\\/tienda\\\/publicidad-exterior\\\/pancartas\\\/lona-para-altavoces\\\/#breadcrumb\"},\"inLanguage\":\"es\",\"potentialAction\":[{\"@type\":\"ReadAction\",\"target\":[\"https:\\\/\\\/www.amstelprinting.nl\\\/es\\\/tienda\\\/publicidad-exterior\\\/pancartas\\\/lona-para-altavoces\\\/\"]}]},{\"@type\":\"ImageObject\",\"inLanguage\":\"es\",\"@id\":\"https:\\\/\\\/www.amstelprinting.nl\\\/es\\\/tienda\\\/publicidad-exterior\\\/pancartas\\\/lona-para-altavoces\\\/#primaryimage\",\"url\":\"https:\\\/\\\/www.amstelprinting.nl\\\/wp-content\\\/uploads\\\/speakerdoek-bedrukken-1.png\",\"contentUrl\":\"https:\\\/\\\/www.amstelprinting.nl\\\/wp-content\\\/uploads\\\/speakerdoek-bedrukken-1.png\",\"width\":900,\"height\":900},{\"@type\":\"BreadcrumbList\",\"@id\":\"https:\\\/\\\/www.amstelprinting.nl\\\/es\\\/tienda\\\/publicidad-exterior\\\/pancartas\\\/lona-para-altavoces\\\/#breadcrumb\",\"itemListElement\":[{\"@type\":\"ListItem\",\"position\":1,\"name\":\"\",\"item\":\"https:\\\/\\\/www.amstelprinting.nl\\\/es\\\/\"},{\"@type\":\"ListItem\",\"position\":2,\"name\":\"Amstel Printing\",\"item\":\"https:\\\/\\\/www.amstelprinting.nl\\\/es\\\/comercio\\\/\"},{\"@type\":\"ListItem\",\"position\":3,\"name\":\"Publicidad exterior\",\"item\":\"https:\\\/\\\/www.amstelprinting.nl\\\/es\\\/categor\u00eda\\\/publicidad-exterior\\\/\"},{\"@type\":\"ListItem\",\"position\":4,\"name\":\"pancartas\",\"item\":\"https:\\\/\\\/www.amstelprinting.nl\\\/es\\\/categor\u00eda\\\/publicidad-exterior\\\/pancartas\\\/\"},{\"@type\":\"ListItem\",\"position\":5,\"name\":\"Lona para altavoces\"}]},{\"@type\":\"WebSite\",\"@id\":\"https:\\\/\\\/www.amstelprinting.nl\\\/es\\\/#website\",\"url\":\"https:\\\/\\\/www.amstelprinting.nl\\\/es\\\/\",\"name\":\"Amstel Printing\",\"description\":\"Creating Exposure\",\"publisher\":{\"@id\":\"https:\\\/\\\/www.amstelprinting.nl\\\/es\\\/#organization\"},\"potentialAction\":[{\"@type\":\"SearchAction\",\"target\":{\"@type\":\"EntryPoint\",\"urlTemplate\":\"https:\\\/\\\/www.amstelprinting.nl\\\/es\\\/?s={search_term_string}\"},\"query-input\":{\"@type\":\"PropertyValueSpecification\",\"valueRequired\":true,\"valueName\":\"search_term_string\"}}],\"inLanguage\":\"es\"},{\"@type\":\"Organization\",\"@id\":\"https:\\\/\\\/www.amstelprinting.nl\\\/es\\\/#organization\",\"name\":\"Amstel Printing\",\"url\":\"https:\\\/\\\/www.amstelprinting.nl\\\/es\\\/\",\"logo\":{\"@type\":\"ImageObject\",\"inLanguage\":\"es\",\"@id\":\"https:\\\/\\\/www.amstelprinting.nl\\\/es\\\/#\\\/schema\\\/logo\\\/image\\\/\",\"url\":\"https:\\\/\\\/www.amstelprinting.nl\\\/wp-content\\\/uploads\\\/amstel_printing_logo_clean.png\",\"contentUrl\":\"https:\\\/\\\/www.amstelprinting.nl\\\/wp-content\\\/uploads\\\/amstel_printing_logo_clean.png\",\"width\":324,\"height\":73,\"caption\":\"Amstel Printing\"},\"image\":{\"@id\":\"https:\\\/\\\/www.amstelprinting.nl\\\/es\\\/#\\\/schema\\\/logo\\\/image\\\/\"}}]}<\/script>\n<!-- \/ Yoast SEO plugin. -->","yoast_head_json":{"title":"Lona para altavoces para festivales y eventos | Amstel Printing","description":"Descubra las ventajas de las lonas para altavoces Polymesh y Soundmesh, ligeras y transpirables. Para uso en interiores y exteriores con diversas opciones de acabado.","robots":{"index":"index","follow":"follow","max-snippet":"max-snippet:-1","max-image-preview":"max-image-preview:large","max-video-preview":"max-video-preview:-1"},"canonical":"https:\/\/www.amstelprinting.nl\/es\/tienda\/publicidad-exterior\/pancartas\/lona-para-altavoces\/","og_locale":"es_ES","og_type":"article","og_title":"Lona para altavoces para festivales y eventos | Amstel Printing","og_description":"Descubra las ventajas de las lonas para altavoces Polymesh y Soundmesh, ligeras y transpirables. Para uso en interiores y exteriores con diversas opciones de acabado.","og_url":"https:\/\/www.amstelprinting.nl\/es\/tienda\/publicidad-exterior\/pancartas\/lona-para-altavoces\/","og_site_name":"Amstel Printing","article_modified_time":"2026-02-18T11:47:45+00:00","og_image":[{"width":900,"height":900,"url":"https:\/\/www.amstelprinting.nl\/wp-content\/uploads\/speakerdoek-bedrukken-1.png","type":"image\/png"}],"twitter_card":"summary_large_image","twitter_misc":{"Tiempo de lectura":"2 minutos"},"schema":{"@context":"https:\/\/schema.org","@graph":[{"@type":"WebPage","@id":"https:\/\/www.amstelprinting.nl\/es\/tienda\/publicidad-exterior\/pancartas\/lona-para-altavoces\/","url":"https:\/\/www.amstelprinting.nl\/es\/tienda\/publicidad-exterior\/pancartas\/lona-para-altavoces\/","name":"Lona para altavoces para festivales y eventos | Amstel Printing","isPartOf":{"@id":"https:\/\/www.amstelprinting.nl\/es\/#website"},"primaryImageOfPage":{"@id":"https:\/\/www.amstelprinting.nl\/es\/tienda\/publicidad-exterior\/pancartas\/lona-para-altavoces\/#primaryimage"},"image":{"@id":"https:\/\/www.amstelprinting.nl\/es\/tienda\/publicidad-exterior\/pancartas\/lona-para-altavoces\/#primaryimage"},"thumbnailUrl":"https:\/\/www.amstelprinting.nl\/wp-content\/uploads\/speakerdoek-bedrukken-1.png","datePublished":"2025-01-24T10:33:24+00:00","dateModified":"2026-02-18T11:47:45+00:00","description":"Descubra las ventajas de las lonas para altavoces Polymesh y Soundmesh, ligeras y transpirables. Para uso en interiores y exteriores con diversas opciones de acabado.","breadcrumb":{"@id":"https:\/\/www.amstelprinting.nl\/es\/tienda\/publicidad-exterior\/pancartas\/lona-para-altavoces\/#breadcrumb"},"inLanguage":"es","potentialAction":[{"@type":"ReadAction","target":["https:\/\/www.amstelprinting.nl\/es\/tienda\/publicidad-exterior\/pancartas\/lona-para-altavoces\/"]}]},{"@type":"ImageObject","inLanguage":"es","@id":"https:\/\/www.amstelprinting.nl\/es\/tienda\/publicidad-exterior\/pancartas\/lona-para-altavoces\/#primaryimage","url":"https:\/\/www.amstelprinting.nl\/wp-content\/uploads\/speakerdoek-bedrukken-1.png","contentUrl":"https:\/\/www.amstelprinting.nl\/wp-content\/uploads\/speakerdoek-bedrukken-1.png","width":900,"height":900},{"@type":"BreadcrumbList","@id":"https:\/\/www.amstelprinting.nl\/es\/tienda\/publicidad-exterior\/pancartas\/lona-para-altavoces\/#breadcrumb","itemListElement":[{"@type":"ListItem","position":1,"name":"","item":"https:\/\/www.amstelprinting.nl\/es\/"},{"@type":"ListItem","position":2,"name":"Amstel Printing","item":"https:\/\/www.amstelprinting.nl\/es\/comercio\/"},{"@type":"ListItem","position":3,"name":"Publicidad exterior","item":"https:\/\/www.amstelprinting.nl\/es\/categor\u00eda\/publicidad-exterior\/"},{"@type":"ListItem","position":4,"name":"pancartas","item":"https:\/\/www.amstelprinting.nl\/es\/categor\u00eda\/publicidad-exterior\/pancartas\/"},{"@type":"ListItem","position":5,"name":"Lona para altavoces"}]},{"@type":"WebSite","@id":"https:\/\/www.amstelprinting.nl\/es\/#website","url":"https:\/\/www.amstelprinting.nl\/es\/","name":"Amstel Printing","description":"Creating Exposure","publisher":{"@id":"https:\/\/www.amstelprinting.nl\/es\/#organization"},"potentialAction":[{"@type":"SearchAction","target":{"@type":"EntryPoint","urlTemplate":"https:\/\/www.amstelprinting.nl\/es\/?s={search_term_string}"},"query-input":{"@type":"PropertyValueSpecification","valueRequired":true,"valueName":"search_term_string"}}],"inLanguage":"es"},{"@type":"Organization","@id":"https:\/\/www.amstelprinting.nl\/es\/#organization","name":"Amstel Printing","url":"https:\/\/www.amstelprinting.nl\/es\/","logo":{"@type":"ImageObject","inLanguage":"es","@id":"https:\/\/www.amstelprinting.nl\/es\/#\/schema\/logo\/image\/","url":"https:\/\/www.amstelprinting.nl\/wp-content\/uploads\/amstel_printing_logo_clean.png","contentUrl":"https:\/\/www.amstelprinting.nl\/wp-content\/uploads\/amstel_printing_logo_clean.png","width":324,"height":73,"caption":"Amstel Printing"},"image":{"@id":"https:\/\/www.amstelprinting.nl\/es\/#\/schema\/logo\/image\/"}}]}},"_links":{"self":[{"href":"https:\/\/www.amstelprinting.nl\/es\/wp-json\/wp\/v2\/product\/13848","targetHints":{"allow":["GET"]}}],"collection":[{"href":"https:\/\/www.amstelprinting.nl\/es\/wp-json\/wp\/v2\/product"}],"about":[{"href":"https:\/\/www.amstelprinting.nl\/es\/wp-json\/wp\/v2\/types\/product"}],"wp:featuredmedia":[{"embeddable":true,"href":"https:\/\/www.amstelprinting.nl\/es\/wp-json\/wp\/v2\/media\/13849"}],"wp:attachment":[{"href":"https:\/\/www.amstelprinting.nl\/es\/wp-json\/wp\/v2\/media?parent=13848"}],"wp:term":[{"taxonomy":"product_brand","embeddable":true,"href":"https:\/\/www.amstelprinting.nl\/es\/wp-json\/wp\/v2\/product_brand?post=13848"},{"taxonomy":"product_cat","embeddable":true,"href":"https:\/\/www.amstelprinting.nl\/es\/wp-json\/wp\/v2\/product_cat?post=13848"},{"taxonomy":"product_tag","embeddable":true,"href":"https:\/\/www.amstelprinting.nl\/es\/wp-json\/wp\/v2\/product_tag?post=13848"}],"curies":[{"name":"wp","href":"https:\/\/api.w.org\/{rel}","templated":true}]}}