{"id":13858,"date":"2025-01-24T11:33:16","date_gmt":"2025-01-24T10:33:16","guid":{"rendered":"https:\/\/www.amstelprinting.nl\/winkel\/sin%20categor\u00eda\/steigerdoeken\/"},"modified":"2026-02-18T12:47:46","modified_gmt":"2026-02-18T11:47:46","slug":"lonas-para-andamios","status":"publish","type":"product","link":"https:\/\/www.amstelprinting.nl\/es\/tienda\/publicidad-exterior\/construccion-y-propiedad\/lonas-para-andamios\/","title":{"rendered":"Lonas para andamios"},"content":{"rendered":"<h3>Impresi\u00f3n de lonas para andamios: elegir el material adecuado<\/h3>\n<p>Puede elegir entre cuatro materiales diferentes:<\/p>\n<ul>\n<li><strong>Flag<\/strong>: Este material ligero y vers\u00e1til es perfecto tanto para aplicaciones interiores como exteriores, con un excelente equilibrio entre resistencia y peso.<\/li>\n<li><strong>Mesh<\/strong>: Ideal para situaciones en las que la permeabilidad tanto al aire como al sonido es esencial, sin comprometer la durabilidad.<\/li>\n<li><strong>Soundmesh<\/strong>: Especialmente desarrollado para una reproducci\u00f3n de sonido \u00f3ptima, con propiedades repelentes al agua que lo hacen ideal para entornos exteriores.<\/li>\n<li><strong>Polymesh<\/strong>: Una lona de poli\u00e9ster robusta, permeable al aire y al sonido, que combina durabilidad con un alto grado de funcionalidad.<\/li>\n<\/ul>\n<p>&nbsp;<\/p>\n<h3>Opciones de acabado para lonas de andamio<\/h3>\n<p>Nuestras lonas para andamios se pueden acabar de diferentes maneras para cumplir con sus requisitos de instalaci\u00f3n espec\u00edficos:<\/p>\n<ul>\n<li><strong>Flag y Polymesh<\/strong>: Estas lonas se acaban con cinta y anillas cada 50 cm, lo que garantiza una fijaci\u00f3n f\u00e1cil y s\u00f3lida.<\/li>\n<li><strong>Mesh y Soundmesh<\/strong>: Estas lonas se acaban con dobladillos y anillas cada 50 cm, lo que garantiza un acabado limpio y duradero.<\/li>\n<\/ul>\n<p>&nbsp;<\/p>\n<h3>Fijaci\u00f3n de lonas para andamios<\/h3>\n<p>Para completar su lona de andamio, le ofrecemos una amplia gama de accesorios. Estos est\u00e1n dise\u00f1ados para aumentar la funcionalidad y versatilidad de nuestras lonas para andamios, de modo que siempre tenga una soluci\u00f3n que se adapte perfectamente a sus necesidades espec\u00edficas. Experimente la diferencia con nuestra lona para andamios de alta calidad y descubra c\u00f3mo este producto combina a la perfecci\u00f3n seguridad y rendimiento. Perfecto para cualquier obra y evento.<\/p>\n","protected":false},"excerpt":{"rendered":"<h3>La lona XL para andamios de construcci\u00f3n<\/h3>\n<p>Nuestra lona para andamios ofrece la combinaci\u00f3n perfecta de seguridad, durabilidad y flexibilidad. El certificado de incendio B1 garantiza los m\u00e1s altos est\u00e1ndares de seguridad contra incendios, mientras que el dise\u00f1o asegura una excelente protecci\u00f3n contra la ca\u00edda de escombros. Ya sea que elija Flag, Mesh, Soundmesh o Polymesh, puede contar con materiales de la m\u00e1s alta calidad y diversas opciones de acabado que hacen que su instalaci\u00f3n sea sencilla y fiable.<\/p>\n","protected":false},"featured_media":13859,"template":"","meta":{"_et_pb_use_builder":"","_et_pb_old_content":"","_et_gb_content_width":""},"product_brand":[],"product_cat":[455,431,409,475,450],"product_tag":[],"class_list":{"0":"post-13858","1":"product","2":"type-product","3":"status-publish","4":"has-post-thumbnail","6":"product_cat-construccion-y-propiedad","7":"product_cat-feria-y-evento","8":"product_cat-panos-de-fiesta","9":"product_cat-pancartas","10":"product_cat-publicidad-exterior","12":"first","13":"instock","14":"taxable","15":"shipping-taxable","16":"purchasable","17":"product-type-simple"},"yoast_head":"<!-- This site is optimized with the Yoast SEO plugin v27.3 - https:\/\/yoast.com\/product\/yoast-seo-wordpress\/ -->\n<title>Lonas para andamios: Alta calidad y a medida para todos los eventos<\/title>\n<meta name=\"description\" content=\"Lonas para andamios con diversas opciones de acabado para delimitaci\u00f3n y promoci\u00f3n en festivales y obras de construcci\u00f3n. \u00a1Pida ahora para una entrega r\u00e1pida!\" \/>\n<meta name=\"robots\" content=\"index, follow, max-snippet:-1, max-image-preview:large, max-video-preview:-1\" \/>\n<link rel=\"canonical\" href=\"https:\/\/www.amstelprinting.nl\/es\/tienda\/publicidad-exterior\/construccion-y-propiedad\/lonas-para-andamios\/\" \/>\n<meta property=\"og:locale\" content=\"es_ES\" \/>\n<meta property=\"og:type\" content=\"article\" \/>\n<meta property=\"og:title\" content=\"Lonas para andamios: Alta calidad y a medida para todos los eventos\" \/>\n<meta property=\"og:description\" content=\"Lonas para andamios con diversas opciones de acabado para delimitaci\u00f3n y promoci\u00f3n en festivales y obras de construcci\u00f3n. \u00a1Pida ahora para una entrega r\u00e1pida!\" \/>\n<meta property=\"og:url\" content=\"https:\/\/www.amstelprinting.nl\/es\/tienda\/publicidad-exterior\/construccion-y-propiedad\/lonas-para-andamios\/\" \/>\n<meta property=\"og:site_name\" content=\"Amstel Printing\" \/>\n<meta property=\"article:modified_time\" content=\"2026-02-18T11:47:46+00:00\" \/>\n<meta property=\"og:image\" content=\"https:\/\/www.amstelprinting.nl\/wp-content\/uploads\/steigerdoek-bedrukken-2.png\" \/>\n\t<meta property=\"og:image:width\" content=\"900\" \/>\n\t<meta property=\"og:image:height\" content=\"900\" \/>\n\t<meta property=\"og:image:type\" content=\"image\/png\" \/>\n<meta name=\"twitter:card\" content=\"summary_large_image\" \/>\n<meta name=\"twitter:label1\" content=\"Tiempo de lectura\" \/>\n\t<meta name=\"twitter:data1\" content=\"1 minuto\" \/>\n<script type=\"application\/ld+json\" class=\"yoast-schema-graph\">{\"@context\":\"https:\\\/\\\/schema.org\",\"@graph\":[{\"@type\":\"WebPage\",\"@id\":\"https:\\\/\\\/www.amstelprinting.nl\\\/es\\\/tienda\\\/publicidad-exterior\\\/construccion-y-propiedad\\\/lonas-para-andamios\\\/\",\"url\":\"https:\\\/\\\/www.amstelprinting.nl\\\/es\\\/tienda\\\/publicidad-exterior\\\/construccion-y-propiedad\\\/lonas-para-andamios\\\/\",\"name\":\"Lonas para andamios: Alta calidad y a medida para todos los eventos\",\"isPartOf\":{\"@id\":\"https:\\\/\\\/www.amstelprinting.nl\\\/es\\\/#website\"},\"primaryImageOfPage\":{\"@id\":\"https:\\\/\\\/www.amstelprinting.nl\\\/es\\\/tienda\\\/publicidad-exterior\\\/construccion-y-propiedad\\\/lonas-para-andamios\\\/#primaryimage\"},\"image\":{\"@id\":\"https:\\\/\\\/www.amstelprinting.nl\\\/es\\\/tienda\\\/publicidad-exterior\\\/construccion-y-propiedad\\\/lonas-para-andamios\\\/#primaryimage\"},\"thumbnailUrl\":\"https:\\\/\\\/www.amstelprinting.nl\\\/wp-content\\\/uploads\\\/steigerdoek-bedrukken-2.png\",\"datePublished\":\"2025-01-24T10:33:16+00:00\",\"dateModified\":\"2026-02-18T11:47:46+00:00\",\"description\":\"Lonas para andamios con diversas opciones de acabado para delimitaci\u00f3n y promoci\u00f3n en festivales y obras de construcci\u00f3n. \u00a1Pida ahora para una entrega r\u00e1pida!\",\"breadcrumb\":{\"@id\":\"https:\\\/\\\/www.amstelprinting.nl\\\/es\\\/tienda\\\/publicidad-exterior\\\/construccion-y-propiedad\\\/lonas-para-andamios\\\/#breadcrumb\"},\"inLanguage\":\"es\",\"potentialAction\":[{\"@type\":\"ReadAction\",\"target\":[\"https:\\\/\\\/www.amstelprinting.nl\\\/es\\\/tienda\\\/publicidad-exterior\\\/construccion-y-propiedad\\\/lonas-para-andamios\\\/\"]}]},{\"@type\":\"ImageObject\",\"inLanguage\":\"es\",\"@id\":\"https:\\\/\\\/www.amstelprinting.nl\\\/es\\\/tienda\\\/publicidad-exterior\\\/construccion-y-propiedad\\\/lonas-para-andamios\\\/#primaryimage\",\"url\":\"https:\\\/\\\/www.amstelprinting.nl\\\/wp-content\\\/uploads\\\/steigerdoek-bedrukken-2.png\",\"contentUrl\":\"https:\\\/\\\/www.amstelprinting.nl\\\/wp-content\\\/uploads\\\/steigerdoek-bedrukken-2.png\",\"width\":900,\"height\":900},{\"@type\":\"BreadcrumbList\",\"@id\":\"https:\\\/\\\/www.amstelprinting.nl\\\/es\\\/tienda\\\/publicidad-exterior\\\/construccion-y-propiedad\\\/lonas-para-andamios\\\/#breadcrumb\",\"itemListElement\":[{\"@type\":\"ListItem\",\"position\":1,\"name\":\"\",\"item\":\"https:\\\/\\\/www.amstelprinting.nl\\\/es\\\/\"},{\"@type\":\"ListItem\",\"position\":2,\"name\":\"Amstel Printing\",\"item\":\"https:\\\/\\\/www.amstelprinting.nl\\\/es\\\/comercio\\\/\"},{\"@type\":\"ListItem\",\"position\":3,\"name\":\"Publicidad exterior\",\"item\":\"https:\\\/\\\/www.amstelprinting.nl\\\/es\\\/categor\u00eda\\\/publicidad-exterior\\\/\"},{\"@type\":\"ListItem\",\"position\":4,\"name\":\"Construcci\u00f3n y propiedad\",\"item\":\"https:\\\/\\\/www.amstelprinting.nl\\\/es\\\/categor\u00eda\\\/publicidad-exterior\\\/construccion-y-propiedad\\\/\"},{\"@type\":\"ListItem\",\"position\":5,\"name\":\"Lonas para andamios\"}]},{\"@type\":\"WebSite\",\"@id\":\"https:\\\/\\\/www.amstelprinting.nl\\\/es\\\/#website\",\"url\":\"https:\\\/\\\/www.amstelprinting.nl\\\/es\\\/\",\"name\":\"Amstel Printing\",\"description\":\"Creating Exposure\",\"publisher\":{\"@id\":\"https:\\\/\\\/www.amstelprinting.nl\\\/es\\\/#organization\"},\"potentialAction\":[{\"@type\":\"SearchAction\",\"target\":{\"@type\":\"EntryPoint\",\"urlTemplate\":\"https:\\\/\\\/www.amstelprinting.nl\\\/es\\\/?s={search_term_string}\"},\"query-input\":{\"@type\":\"PropertyValueSpecification\",\"valueRequired\":true,\"valueName\":\"search_term_string\"}}],\"inLanguage\":\"es\"},{\"@type\":\"Organization\",\"@id\":\"https:\\\/\\\/www.amstelprinting.nl\\\/es\\\/#organization\",\"name\":\"Amstel Printing\",\"url\":\"https:\\\/\\\/www.amstelprinting.nl\\\/es\\\/\",\"logo\":{\"@type\":\"ImageObject\",\"inLanguage\":\"es\",\"@id\":\"https:\\\/\\\/www.amstelprinting.nl\\\/es\\\/#\\\/schema\\\/logo\\\/image\\\/\",\"url\":\"https:\\\/\\\/www.amstelprinting.nl\\\/wp-content\\\/uploads\\\/amstel_printing_logo_clean.png\",\"contentUrl\":\"https:\\\/\\\/www.amstelprinting.nl\\\/wp-content\\\/uploads\\\/amstel_printing_logo_clean.png\",\"width\":324,\"height\":73,\"caption\":\"Amstel Printing\"},\"image\":{\"@id\":\"https:\\\/\\\/www.amstelprinting.nl\\\/es\\\/#\\\/schema\\\/logo\\\/image\\\/\"}}]}<\/script>\n<!-- \/ Yoast SEO plugin. -->","yoast_head_json":{"title":"Lonas para andamios: Alta calidad y a medida para todos los eventos","description":"Lonas para andamios con diversas opciones de acabado para delimitaci\u00f3n y promoci\u00f3n en festivales y obras de construcci\u00f3n. \u00a1Pida ahora para una entrega r\u00e1pida!","robots":{"index":"index","follow":"follow","max-snippet":"max-snippet:-1","max-image-preview":"max-image-preview:large","max-video-preview":"max-video-preview:-1"},"canonical":"https:\/\/www.amstelprinting.nl\/es\/tienda\/publicidad-exterior\/construccion-y-propiedad\/lonas-para-andamios\/","og_locale":"es_ES","og_type":"article","og_title":"Lonas para andamios: Alta calidad y a medida para todos los eventos","og_description":"Lonas para andamios con diversas opciones de acabado para delimitaci\u00f3n y promoci\u00f3n en festivales y obras de construcci\u00f3n. \u00a1Pida ahora para una entrega r\u00e1pida!","og_url":"https:\/\/www.amstelprinting.nl\/es\/tienda\/publicidad-exterior\/construccion-y-propiedad\/lonas-para-andamios\/","og_site_name":"Amstel Printing","article_modified_time":"2026-02-18T11:47:46+00:00","og_image":[{"width":900,"height":900,"url":"https:\/\/www.amstelprinting.nl\/wp-content\/uploads\/steigerdoek-bedrukken-2.png","type":"image\/png"}],"twitter_card":"summary_large_image","twitter_misc":{"Tiempo de lectura":"1 minuto"},"schema":{"@context":"https:\/\/schema.org","@graph":[{"@type":"WebPage","@id":"https:\/\/www.amstelprinting.nl\/es\/tienda\/publicidad-exterior\/construccion-y-propiedad\/lonas-para-andamios\/","url":"https:\/\/www.amstelprinting.nl\/es\/tienda\/publicidad-exterior\/construccion-y-propiedad\/lonas-para-andamios\/","name":"Lonas para andamios: Alta calidad y a medida para todos los eventos","isPartOf":{"@id":"https:\/\/www.amstelprinting.nl\/es\/#website"},"primaryImageOfPage":{"@id":"https:\/\/www.amstelprinting.nl\/es\/tienda\/publicidad-exterior\/construccion-y-propiedad\/lonas-para-andamios\/#primaryimage"},"image":{"@id":"https:\/\/www.amstelprinting.nl\/es\/tienda\/publicidad-exterior\/construccion-y-propiedad\/lonas-para-andamios\/#primaryimage"},"thumbnailUrl":"https:\/\/www.amstelprinting.nl\/wp-content\/uploads\/steigerdoek-bedrukken-2.png","datePublished":"2025-01-24T10:33:16+00:00","dateModified":"2026-02-18T11:47:46+00:00","description":"Lonas para andamios con diversas opciones de acabado para delimitaci\u00f3n y promoci\u00f3n en festivales y obras de construcci\u00f3n. \u00a1Pida ahora para una entrega r\u00e1pida!","breadcrumb":{"@id":"https:\/\/www.amstelprinting.nl\/es\/tienda\/publicidad-exterior\/construccion-y-propiedad\/lonas-para-andamios\/#breadcrumb"},"inLanguage":"es","potentialAction":[{"@type":"ReadAction","target":["https:\/\/www.amstelprinting.nl\/es\/tienda\/publicidad-exterior\/construccion-y-propiedad\/lonas-para-andamios\/"]}]},{"@type":"ImageObject","inLanguage":"es","@id":"https:\/\/www.amstelprinting.nl\/es\/tienda\/publicidad-exterior\/construccion-y-propiedad\/lonas-para-andamios\/#primaryimage","url":"https:\/\/www.amstelprinting.nl\/wp-content\/uploads\/steigerdoek-bedrukken-2.png","contentUrl":"https:\/\/www.amstelprinting.nl\/wp-content\/uploads\/steigerdoek-bedrukken-2.png","width":900,"height":900},{"@type":"BreadcrumbList","@id":"https:\/\/www.amstelprinting.nl\/es\/tienda\/publicidad-exterior\/construccion-y-propiedad\/lonas-para-andamios\/#breadcrumb","itemListElement":[{"@type":"ListItem","position":1,"name":"","item":"https:\/\/www.amstelprinting.nl\/es\/"},{"@type":"ListItem","position":2,"name":"Amstel Printing","item":"https:\/\/www.amstelprinting.nl\/es\/comercio\/"},{"@type":"ListItem","position":3,"name":"Publicidad exterior","item":"https:\/\/www.amstelprinting.nl\/es\/categor\u00eda\/publicidad-exterior\/"},{"@type":"ListItem","position":4,"name":"Construcci\u00f3n y propiedad","item":"https:\/\/www.amstelprinting.nl\/es\/categor\u00eda\/publicidad-exterior\/construccion-y-propiedad\/"},{"@type":"ListItem","position":5,"name":"Lonas para andamios"}]},{"@type":"WebSite","@id":"https:\/\/www.amstelprinting.nl\/es\/#website","url":"https:\/\/www.amstelprinting.nl\/es\/","name":"Amstel Printing","description":"Creating Exposure","publisher":{"@id":"https:\/\/www.amstelprinting.nl\/es\/#organization"},"potentialAction":[{"@type":"SearchAction","target":{"@type":"EntryPoint","urlTemplate":"https:\/\/www.amstelprinting.nl\/es\/?s={search_term_string}"},"query-input":{"@type":"PropertyValueSpecification","valueRequired":true,"valueName":"search_term_string"}}],"inLanguage":"es"},{"@type":"Organization","@id":"https:\/\/www.amstelprinting.nl\/es\/#organization","name":"Amstel Printing","url":"https:\/\/www.amstelprinting.nl\/es\/","logo":{"@type":"ImageObject","inLanguage":"es","@id":"https:\/\/www.amstelprinting.nl\/es\/#\/schema\/logo\/image\/","url":"https:\/\/www.amstelprinting.nl\/wp-content\/uploads\/amstel_printing_logo_clean.png","contentUrl":"https:\/\/www.amstelprinting.nl\/wp-content\/uploads\/amstel_printing_logo_clean.png","width":324,"height":73,"caption":"Amstel Printing"},"image":{"@id":"https:\/\/www.amstelprinting.nl\/es\/#\/schema\/logo\/image\/"}}]}},"_links":{"self":[{"href":"https:\/\/www.amstelprinting.nl\/es\/wp-json\/wp\/v2\/product\/13858","targetHints":{"allow":["GET"]}}],"collection":[{"href":"https:\/\/www.amstelprinting.nl\/es\/wp-json\/wp\/v2\/product"}],"about":[{"href":"https:\/\/www.amstelprinting.nl\/es\/wp-json\/wp\/v2\/types\/product"}],"wp:featuredmedia":[{"embeddable":true,"href":"https:\/\/www.amstelprinting.nl\/es\/wp-json\/wp\/v2\/media\/13859"}],"wp:attachment":[{"href":"https:\/\/www.amstelprinting.nl\/es\/wp-json\/wp\/v2\/media?parent=13858"}],"wp:term":[{"taxonomy":"product_brand","embeddable":true,"href":"https:\/\/www.amstelprinting.nl\/es\/wp-json\/wp\/v2\/product_brand?post=13858"},{"taxonomy":"product_cat","embeddable":true,"href":"https:\/\/www.amstelprinting.nl\/es\/wp-json\/wp\/v2\/product_cat?post=13858"},{"taxonomy":"product_tag","embeddable":true,"href":"https:\/\/www.amstelprinting.nl\/es\/wp-json\/wp\/v2\/product_tag?post=13858"}],"curies":[{"name":"wp","href":"https:\/\/api.w.org\/{rel}","templated":true}]}}