{"id":13868,"date":"2025-01-24T11:32:53","date_gmt":"2025-01-24T10:32:53","guid":{"rendered":"https:\/\/www.amstelprinting.nl\/winkel\/sin%20categor\u00eda\/outdoor-textielframe\/"},"modified":"2026-02-18T12:47:47","modified_gmt":"2026-02-18T11:47:47","slug":"marco-textil-para-exterior","status":"publish","type":"product","link":"https:\/\/www.amstelprinting.nl\/es\/tienda\/publicidad-exterior\/marcos-de-pancartas\/marco-textil-para-exterior\/","title":{"rendered":"Marco textil para exterior"},"content":{"rendered":"<h3>Pedir Marco Textil para Exterior: \u00bfC\u00f3mo funciona?<\/h3>\n<p>Desde el frente, el marco no es visible. La lona se sujeta alrededor del marco con un perfil de caucho (tend\u00f3n). Este marco textil es apto para exteriores. Totalmente configurable en el tama\u00f1o que desee. Puede realizar el montaje usted mismo f\u00e1cilmente con ayuda de nuestro manual (ver descargas).<\/p>\n<h3>Materiales<\/h3>\n<p>Nuestro marco textil para exterior est\u00e1 fabricado en ProPES outdoor, una lona textil de poli\u00e9ster ligera equipada con un revestimiento repelente al agua. Este material ha sido dise\u00f1ado espec\u00edficamente para su uso en exteriores, lo que le garantiza una soluci\u00f3n duradera y resistente a la intemperie. La lona se mantiene est\u00e9tica y funcional durante mucho tiempo, independientemente de las condiciones clim\u00e1ticas, asegurando que su mensaje permanezca siempre claro y llamativo.<\/p>\n<h3>Accesorios<\/h3>\n<p>Para que la instalaci\u00f3n de su marco textil para exterior sea lo m\u00e1s sencilla posible, ofrecemos diversos accesorios, incluyendo cinta de doble cara y remaches de presi\u00f3n. Estos accesorios aseguran que la lona se mantenga firme y pulcra en el marco, incluso en condiciones clim\u00e1ticas adversas (viento fuerte).<\/p>\n<h3>Preguntas frecuentes<\/h3>\n<p><strong>\u00bfCu\u00e1l es la vida \u00fatil esperada de ProPES Outdoor?<\/strong><br \/>\nEn interiores, puede contar con a\u00f1os de durabilidad del material. Sin embargo, en exteriores, la impresi\u00f3n puede comenzar a decolorarse despu\u00e9s de aproximadamente 6 meses. Aunque el material en s\u00ed es resistente al desgaste, las tintas pueden atenuarse debido a la exposici\u00f3n a las condiciones clim\u00e1ticas.<\/p>\n<p><strong>\u00bfC\u00f3mo se quitan las arrugas de la lona?<\/strong><br \/>\n\u00a1Es muy sencillo! Puede planchar el material en el programa para lana. Coloque un pa\u00f1o de cocina sobre la impresi\u00f3n para proporcionar protecci\u00f3n adicional durante el planchado.<\/p>\n<p><strong>\u00bfCu\u00e1l es la mejor forma de limpiar la lona?<\/strong><br \/>\nUtilice agua tibia y un pa\u00f1o de fibra para limpiar la lona. ProPES Outdoor tambi\u00e9n se puede lavar a 30 grados en la lavadora.<\/p>\n<p><strong>\u00bfCu\u00e1l es la diferencia entre hidr\u00f3fugo e impermeable?<\/strong><br \/>\nLos tejidos hidr\u00f3fugos (repelentes al agua) permiten que el agua resbale por la superficie sin absorberla. Los tejidos impermeables evitan que el agua penetre en el producto, manteniendo secos, por ejemplo, los rellenos de los cojines.<\/p>\n<p><strong>\u00bfQu\u00e9 t\u00e9cnica de producci\u00f3n se utiliza para este material?<\/strong><br \/>\nPara ProPES Outdoor se utiliza tinta pigmentada. Esta t\u00e9cnica de impresi\u00f3n utiliza tintas a base de agua que son inodoras. Las tintas se secan y endurecen en un horno. A diferencia de la sublimaci\u00f3n, donde la tinta penetra en las fibras del material, la tinta pigmentada permanece en la superficie.<\/p>\n","protected":false},"excerpt":{"rendered":"<h3>El marco para lona impecable e invisible<\/h3>\n<p>\u00bfBusca un marco para lona impecable e invisible apto para exteriores? Elija nuestro marco textil para exterior y cause una impresi\u00f3n duradera. La lona de exterior, ligera pero robusta, garantiza una visualizaci\u00f3n clara y n\u00edtida de su mensaje, mientras que el revestimiento repelente al agua protege la lona. \u00a1Configure su marco textil para exterior a su gusto a continuaci\u00f3n!<\/p>\n","protected":false},"featured_media":13869,"template":"","meta":{"_et_pb_use_builder":"","_et_pb_old_content":"","_et_gb_content_width":""},"product_brand":[],"product_cat":[536,450],"product_tag":[],"class_list":{"0":"post-13868","1":"product","2":"type-product","3":"status-publish","4":"has-post-thumbnail","6":"product_cat-marcos-de-pancartas","7":"product_cat-publicidad-exterior","9":"first","10":"instock","11":"taxable","12":"shipping-taxable","13":"purchasable","14":"product-type-simple"},"yoast_head":"<!-- This site is optimized with the Yoast SEO plugin v27.3 - https:\/\/yoast.com\/product\/yoast-seo-wordpress\/ -->\n<title>Marco textil para exterior | Amstel Printing<\/title>\n<meta name=\"robots\" content=\"index, follow, max-snippet:-1, max-image-preview:large, max-video-preview:-1\" \/>\n<link rel=\"canonical\" href=\"https:\/\/www.amstelprinting.nl\/es\/tienda\/publicidad-exterior\/marcos-de-pancartas\/marco-textil-para-exterior\/\" \/>\n<meta property=\"og:locale\" content=\"es_ES\" \/>\n<meta property=\"og:type\" content=\"article\" \/>\n<meta property=\"og:title\" content=\"Marco textil para exterior | Amstel Printing\" \/>\n<meta property=\"og:description\" content=\"El marco para lona impecable e invisible \u00bfBusca un marco para lona impecable e invisible apto para exteriores? Elija nuestro marco textil para exterior y cause una impresi\u00f3n duradera. La lona de exterior, ligera pero robusta, garantiza una visualizaci\u00f3n clara y n\u00edtida de su mensaje, mientras que el revestimiento repelente al agua protege la lona. \u00a1Configure su marco textil para exterior a su gusto a continuaci\u00f3n!\" \/>\n<meta property=\"og:url\" content=\"https:\/\/www.amstelprinting.nl\/es\/tienda\/publicidad-exterior\/marcos-de-pancartas\/marco-textil-para-exterior\/\" \/>\n<meta property=\"og:site_name\" content=\"Amstel Printing\" \/>\n<meta property=\"article:modified_time\" content=\"2026-02-18T11:47:47+00:00\" \/>\n<meta property=\"og:image\" content=\"https:\/\/www.amstelprinting.nl\/wp-content\/uploads\/outdoor-textielframe-bedrukken.png\" \/>\n\t<meta property=\"og:image:width\" content=\"700\" \/>\n\t<meta property=\"og:image:height\" content=\"700\" \/>\n\t<meta property=\"og:image:type\" content=\"image\/png\" \/>\n<meta name=\"twitter:card\" content=\"summary_large_image\" \/>\n<meta name=\"twitter:label1\" content=\"Tiempo de lectura\" \/>\n\t<meta name=\"twitter:data1\" content=\"2 minutos\" \/>\n<script type=\"application\/ld+json\" class=\"yoast-schema-graph\">{\"@context\":\"https:\\\/\\\/schema.org\",\"@graph\":[{\"@type\":\"WebPage\",\"@id\":\"https:\\\/\\\/www.amstelprinting.nl\\\/es\\\/tienda\\\/publicidad-exterior\\\/marcos-de-pancartas\\\/marco-textil-para-exterior\\\/\",\"url\":\"https:\\\/\\\/www.amstelprinting.nl\\\/es\\\/tienda\\\/publicidad-exterior\\\/marcos-de-pancartas\\\/marco-textil-para-exterior\\\/\",\"name\":\"Marco textil para exterior | Amstel Printing\",\"isPartOf\":{\"@id\":\"https:\\\/\\\/www.amstelprinting.nl\\\/es\\\/#website\"},\"primaryImageOfPage\":{\"@id\":\"https:\\\/\\\/www.amstelprinting.nl\\\/es\\\/tienda\\\/publicidad-exterior\\\/marcos-de-pancartas\\\/marco-textil-para-exterior\\\/#primaryimage\"},\"image\":{\"@id\":\"https:\\\/\\\/www.amstelprinting.nl\\\/es\\\/tienda\\\/publicidad-exterior\\\/marcos-de-pancartas\\\/marco-textil-para-exterior\\\/#primaryimage\"},\"thumbnailUrl\":\"https:\\\/\\\/www.amstelprinting.nl\\\/wp-content\\\/uploads\\\/outdoor-textielframe-bedrukken.png\",\"datePublished\":\"2025-01-24T10:32:53+00:00\",\"dateModified\":\"2026-02-18T11:47:47+00:00\",\"breadcrumb\":{\"@id\":\"https:\\\/\\\/www.amstelprinting.nl\\\/es\\\/tienda\\\/publicidad-exterior\\\/marcos-de-pancartas\\\/marco-textil-para-exterior\\\/#breadcrumb\"},\"inLanguage\":\"es\",\"potentialAction\":[{\"@type\":\"ReadAction\",\"target\":[\"https:\\\/\\\/www.amstelprinting.nl\\\/es\\\/tienda\\\/publicidad-exterior\\\/marcos-de-pancartas\\\/marco-textil-para-exterior\\\/\"]}]},{\"@type\":\"ImageObject\",\"inLanguage\":\"es\",\"@id\":\"https:\\\/\\\/www.amstelprinting.nl\\\/es\\\/tienda\\\/publicidad-exterior\\\/marcos-de-pancartas\\\/marco-textil-para-exterior\\\/#primaryimage\",\"url\":\"https:\\\/\\\/www.amstelprinting.nl\\\/wp-content\\\/uploads\\\/outdoor-textielframe-bedrukken.png\",\"contentUrl\":\"https:\\\/\\\/www.amstelprinting.nl\\\/wp-content\\\/uploads\\\/outdoor-textielframe-bedrukken.png\",\"width\":700,\"height\":700},{\"@type\":\"BreadcrumbList\",\"@id\":\"https:\\\/\\\/www.amstelprinting.nl\\\/es\\\/tienda\\\/publicidad-exterior\\\/marcos-de-pancartas\\\/marco-textil-para-exterior\\\/#breadcrumb\",\"itemListElement\":[{\"@type\":\"ListItem\",\"position\":1,\"name\":\"\",\"item\":\"https:\\\/\\\/www.amstelprinting.nl\\\/es\\\/\"},{\"@type\":\"ListItem\",\"position\":2,\"name\":\"Amstel Printing\",\"item\":\"https:\\\/\\\/www.amstelprinting.nl\\\/es\\\/comercio\\\/\"},{\"@type\":\"ListItem\",\"position\":3,\"name\":\"Publicidad exterior\",\"item\":\"https:\\\/\\\/www.amstelprinting.nl\\\/es\\\/categor\u00eda\\\/publicidad-exterior\\\/\"},{\"@type\":\"ListItem\",\"position\":4,\"name\":\"Marcos de pancartas\",\"item\":\"https:\\\/\\\/www.amstelprinting.nl\\\/es\\\/categor\u00eda\\\/publicidad-exterior\\\/marcos-de-pancartas\\\/\"},{\"@type\":\"ListItem\",\"position\":5,\"name\":\"Marco textil para exterior\"}]},{\"@type\":\"WebSite\",\"@id\":\"https:\\\/\\\/www.amstelprinting.nl\\\/es\\\/#website\",\"url\":\"https:\\\/\\\/www.amstelprinting.nl\\\/es\\\/\",\"name\":\"Amstel Printing\",\"description\":\"Creating Exposure\",\"publisher\":{\"@id\":\"https:\\\/\\\/www.amstelprinting.nl\\\/es\\\/#organization\"},\"potentialAction\":[{\"@type\":\"SearchAction\",\"target\":{\"@type\":\"EntryPoint\",\"urlTemplate\":\"https:\\\/\\\/www.amstelprinting.nl\\\/es\\\/?s={search_term_string}\"},\"query-input\":{\"@type\":\"PropertyValueSpecification\",\"valueRequired\":true,\"valueName\":\"search_term_string\"}}],\"inLanguage\":\"es\"},{\"@type\":\"Organization\",\"@id\":\"https:\\\/\\\/www.amstelprinting.nl\\\/es\\\/#organization\",\"name\":\"Amstel Printing\",\"url\":\"https:\\\/\\\/www.amstelprinting.nl\\\/es\\\/\",\"logo\":{\"@type\":\"ImageObject\",\"inLanguage\":\"es\",\"@id\":\"https:\\\/\\\/www.amstelprinting.nl\\\/es\\\/#\\\/schema\\\/logo\\\/image\\\/\",\"url\":\"https:\\\/\\\/www.amstelprinting.nl\\\/wp-content\\\/uploads\\\/amstel_printing_logo_clean.png\",\"contentUrl\":\"https:\\\/\\\/www.amstelprinting.nl\\\/wp-content\\\/uploads\\\/amstel_printing_logo_clean.png\",\"width\":324,\"height\":73,\"caption\":\"Amstel Printing\"},\"image\":{\"@id\":\"https:\\\/\\\/www.amstelprinting.nl\\\/es\\\/#\\\/schema\\\/logo\\\/image\\\/\"}}]}<\/script>\n<!-- \/ Yoast SEO plugin. -->","yoast_head_json":{"title":"Marco textil para exterior | Amstel Printing","robots":{"index":"index","follow":"follow","max-snippet":"max-snippet:-1","max-image-preview":"max-image-preview:large","max-video-preview":"max-video-preview:-1"},"canonical":"https:\/\/www.amstelprinting.nl\/es\/tienda\/publicidad-exterior\/marcos-de-pancartas\/marco-textil-para-exterior\/","og_locale":"es_ES","og_type":"article","og_title":"Marco textil para exterior | Amstel Printing","og_description":"El marco para lona impecable e invisible \u00bfBusca un marco para lona impecable e invisible apto para exteriores? Elija nuestro marco textil para exterior y cause una impresi\u00f3n duradera. La lona de exterior, ligera pero robusta, garantiza una visualizaci\u00f3n clara y n\u00edtida de su mensaje, mientras que el revestimiento repelente al agua protege la lona. \u00a1Configure su marco textil para exterior a su gusto a continuaci\u00f3n!","og_url":"https:\/\/www.amstelprinting.nl\/es\/tienda\/publicidad-exterior\/marcos-de-pancartas\/marco-textil-para-exterior\/","og_site_name":"Amstel Printing","article_modified_time":"2026-02-18T11:47:47+00:00","og_image":[{"width":700,"height":700,"url":"https:\/\/www.amstelprinting.nl\/wp-content\/uploads\/outdoor-textielframe-bedrukken.png","type":"image\/png"}],"twitter_card":"summary_large_image","twitter_misc":{"Tiempo de lectura":"2 minutos"},"schema":{"@context":"https:\/\/schema.org","@graph":[{"@type":"WebPage","@id":"https:\/\/www.amstelprinting.nl\/es\/tienda\/publicidad-exterior\/marcos-de-pancartas\/marco-textil-para-exterior\/","url":"https:\/\/www.amstelprinting.nl\/es\/tienda\/publicidad-exterior\/marcos-de-pancartas\/marco-textil-para-exterior\/","name":"Marco textil para exterior | Amstel Printing","isPartOf":{"@id":"https:\/\/www.amstelprinting.nl\/es\/#website"},"primaryImageOfPage":{"@id":"https:\/\/www.amstelprinting.nl\/es\/tienda\/publicidad-exterior\/marcos-de-pancartas\/marco-textil-para-exterior\/#primaryimage"},"image":{"@id":"https:\/\/www.amstelprinting.nl\/es\/tienda\/publicidad-exterior\/marcos-de-pancartas\/marco-textil-para-exterior\/#primaryimage"},"thumbnailUrl":"https:\/\/www.amstelprinting.nl\/wp-content\/uploads\/outdoor-textielframe-bedrukken.png","datePublished":"2025-01-24T10:32:53+00:00","dateModified":"2026-02-18T11:47:47+00:00","breadcrumb":{"@id":"https:\/\/www.amstelprinting.nl\/es\/tienda\/publicidad-exterior\/marcos-de-pancartas\/marco-textil-para-exterior\/#breadcrumb"},"inLanguage":"es","potentialAction":[{"@type":"ReadAction","target":["https:\/\/www.amstelprinting.nl\/es\/tienda\/publicidad-exterior\/marcos-de-pancartas\/marco-textil-para-exterior\/"]}]},{"@type":"ImageObject","inLanguage":"es","@id":"https:\/\/www.amstelprinting.nl\/es\/tienda\/publicidad-exterior\/marcos-de-pancartas\/marco-textil-para-exterior\/#primaryimage","url":"https:\/\/www.amstelprinting.nl\/wp-content\/uploads\/outdoor-textielframe-bedrukken.png","contentUrl":"https:\/\/www.amstelprinting.nl\/wp-content\/uploads\/outdoor-textielframe-bedrukken.png","width":700,"height":700},{"@type":"BreadcrumbList","@id":"https:\/\/www.amstelprinting.nl\/es\/tienda\/publicidad-exterior\/marcos-de-pancartas\/marco-textil-para-exterior\/#breadcrumb","itemListElement":[{"@type":"ListItem","position":1,"name":"","item":"https:\/\/www.amstelprinting.nl\/es\/"},{"@type":"ListItem","position":2,"name":"Amstel Printing","item":"https:\/\/www.amstelprinting.nl\/es\/comercio\/"},{"@type":"ListItem","position":3,"name":"Publicidad exterior","item":"https:\/\/www.amstelprinting.nl\/es\/categor\u00eda\/publicidad-exterior\/"},{"@type":"ListItem","position":4,"name":"Marcos de pancartas","item":"https:\/\/www.amstelprinting.nl\/es\/categor\u00eda\/publicidad-exterior\/marcos-de-pancartas\/"},{"@type":"ListItem","position":5,"name":"Marco textil para exterior"}]},{"@type":"WebSite","@id":"https:\/\/www.amstelprinting.nl\/es\/#website","url":"https:\/\/www.amstelprinting.nl\/es\/","name":"Amstel Printing","description":"Creating Exposure","publisher":{"@id":"https:\/\/www.amstelprinting.nl\/es\/#organization"},"potentialAction":[{"@type":"SearchAction","target":{"@type":"EntryPoint","urlTemplate":"https:\/\/www.amstelprinting.nl\/es\/?s={search_term_string}"},"query-input":{"@type":"PropertyValueSpecification","valueRequired":true,"valueName":"search_term_string"}}],"inLanguage":"es"},{"@type":"Organization","@id":"https:\/\/www.amstelprinting.nl\/es\/#organization","name":"Amstel Printing","url":"https:\/\/www.amstelprinting.nl\/es\/","logo":{"@type":"ImageObject","inLanguage":"es","@id":"https:\/\/www.amstelprinting.nl\/es\/#\/schema\/logo\/image\/","url":"https:\/\/www.amstelprinting.nl\/wp-content\/uploads\/amstel_printing_logo_clean.png","contentUrl":"https:\/\/www.amstelprinting.nl\/wp-content\/uploads\/amstel_printing_logo_clean.png","width":324,"height":73,"caption":"Amstel Printing"},"image":{"@id":"https:\/\/www.amstelprinting.nl\/es\/#\/schema\/logo\/image\/"}}]}},"_links":{"self":[{"href":"https:\/\/www.amstelprinting.nl\/es\/wp-json\/wp\/v2\/product\/13868","targetHints":{"allow":["GET"]}}],"collection":[{"href":"https:\/\/www.amstelprinting.nl\/es\/wp-json\/wp\/v2\/product"}],"about":[{"href":"https:\/\/www.amstelprinting.nl\/es\/wp-json\/wp\/v2\/types\/product"}],"wp:featuredmedia":[{"embeddable":true,"href":"https:\/\/www.amstelprinting.nl\/es\/wp-json\/wp\/v2\/media\/13869"}],"wp:attachment":[{"href":"https:\/\/www.amstelprinting.nl\/es\/wp-json\/wp\/v2\/media?parent=13868"}],"wp:term":[{"taxonomy":"product_brand","embeddable":true,"href":"https:\/\/www.amstelprinting.nl\/es\/wp-json\/wp\/v2\/product_brand?post=13868"},{"taxonomy":"product_cat","embeddable":true,"href":"https:\/\/www.amstelprinting.nl\/es\/wp-json\/wp\/v2\/product_cat?post=13868"},{"taxonomy":"product_tag","embeddable":true,"href":"https:\/\/www.amstelprinting.nl\/es\/wp-json\/wp\/v2\/product_tag?post=13868"}],"curies":[{"name":"wp","href":"https:\/\/api.w.org\/{rel}","templated":true}]}}