{"id":13878,"date":"2025-01-24T11:32:46","date_gmt":"2025-01-24T10:32:46","guid":{"rendered":"https:\/\/www.amstelprinting.nl\/winkel\/sin%20categor\u00eda\/outdoor-klopframe\/"},"modified":"2026-02-18T12:47:48","modified_gmt":"2026-02-18T11:47:48","slug":"marco-de-tension-exterior","status":"publish","type":"product","link":"https:\/\/www.amstelprinting.nl\/es\/tienda\/publicidad-exterior\/marcos-de-pancartas\/marco-de-tension-exterior\/","title":{"rendered":"Marco de tensi\u00f3n exterior"},"content":{"rendered":"<h3>Ventajas del marco de tensi\u00f3n exterior<\/h3>\n<ul>\n<li>Instalaci\u00f3n r\u00e1pida y sencilla<\/li>\n<li>Disponible en cualquier tama\u00f1o<\/li>\n<li>Marco de aluminio duradero, ideal para uso en exteriores<\/li>\n<li>Equipado con una lona de banner premium de 510 gramos<\/li>\n<li>Dise\u00f1o elegante y moderno gracias al perfil inteligente<\/li>\n<li>Disponible como set completo, solo lona o solo el marco<\/li>\n<li>Elecci\u00f3n entre dos colores elegantes (aluminio plata o negro)<\/li>\n<\/ul>\n<p>&nbsp;<\/p>\n<h3>Comprar marco de tensi\u00f3n exterior<\/h3>\n<p>El marco de tensi\u00f3n exterior ofrece la combinaci\u00f3n perfecta de facilidad de uso, durabilidad y apariencia profesional para toda su publicidad exterior. Ya sea que elija un paquete completo, un marco individual o una lona individual, tiene la garant\u00eda de un producto resistente que siempre luce impecable. Con nuestros elegantes marcos de aluminio y lonas Banner 510 de alta calidad, la impresi\u00f3n est\u00e1 garantizada.<\/p>\n<h3>Material<\/h3>\n<p>El marco est\u00e1 fabricado en aluminio de alta calidad, disponible en versi\u00f3n negra o plateada (aluminio). Esto no solo asegura una apariencia est\u00e9tica, sino tambi\u00e9n durabilidad y resistencia a la intemperie. La lona en s\u00ed est\u00e1 fabricada en Banner 510, un material conocido por su resistencia y durabilidad, lo que lo hace resistente a diversas condiciones clim\u00e1ticas.<\/p>\n<h3>Acabado<\/h3>\n<p>Para asegurar que su lona siempre encaje perfectamente en el marco, la lona se entrega con un margen perimetral de 7,5 cm adicional al tama\u00f1o especificado. Este material extra le permite tensar la lona sin problemas. Con el marco de tensi\u00f3n exterior, podr\u00e1 tensar la lona f\u00e1cilmente en el marco gracias a las pr\u00e1cticas tiras. As\u00ed, tendr\u00e1 en pocos minutos una lona perfectamente tensada, lista para captar la atenci\u00f3n de los transe\u00fantes.<\/p>\n","protected":false},"excerpt":{"rendered":"<h4><span style=\"font-weight: 400;\">El marco de aluminio resistente a la intemperie para uso en exteriores.<\/span><\/h4>\n<p><span style=\"font-weight: 400;\">Disponible en plata (aluminio) o en negro. Se puede pedir como set completo, lona suelta o marco. El marco de tensi\u00f3n exterior tiene un acabado muy impecable. \u00a1Configure su marco de tensi\u00f3n exterior a continuaci\u00f3n en el tama\u00f1o y color que desee!<\/span><\/p>\n","protected":false},"featured_media":13879,"template":"","meta":{"_et_pb_use_builder":"on","_et_pb_old_content":"<h3>Ventajas del marco de tensi\u00f3n exterior<\/h3>\n<ul>\n  <li>Instalaci\u00f3n r\u00e1pida y sencilla<\/li>\n  <li>Disponible en cualquier tama\u00f1o<\/li>\n  <li>Marco de aluminio duradero, ideal para uso en exteriores<\/li>\n  <li>Equipado con una lona de banner premium de 510 gramos<\/li>\n  <li>Dise\u00f1o elegante y moderno gracias al perfil inteligente<\/li>\n  <li>Disponible como set completo, solo lona o solo el marco<\/li>\n  <li>Elecci\u00f3n entre dos colores elegantes (aluminio plata o negro)<\/li>\n<\/ul>\n\u00a0\n<h3>Comprar marco de tensi\u00f3n exterior<\/h3>\nEl marco de tensi\u00f3n exterior ofrece la combinaci\u00f3n perfecta de facilidad de uso, durabilidad y apariencia profesional para toda su publicidad exterior. Ya sea que elija un paquete completo, un marco individual o una lona individual, tiene la garant\u00eda de un producto resistente que siempre luce impecable. Con nuestros elegantes marcos de aluminio y lonas Banner 510 de alta calidad, la impresi\u00f3n est\u00e1 garantizada.\n<h3>Material<\/h3>\nEl marco est\u00e1 fabricado en aluminio de alta calidad, disponible en versi\u00f3n negra o plateada (aluminio). Esto no solo asegura una apariencia est\u00e9tica, sino tambi\u00e9n durabilidad y resistencia a la intemperie. La lona en s\u00ed est\u00e1 fabricada en Banner 510, un material conocido por su resistencia y durabilidad, lo que lo hace resistente a diversas condiciones clim\u00e1ticas.\n<h3>Acabado<\/h3>\nPara asegurar que su lona siempre encaje perfectamente en el marco, la lona se entrega con un margen perimetral de 7,5 cm adicional al tama\u00f1o especificado. Este material extra le permite tensar la lona sin problemas. Con el marco de tensi\u00f3n exterior, podr\u00e1 tensar la lona f\u00e1cilmente en el marco gracias a las pr\u00e1cticas tiras. As\u00ed, tendr\u00e1 en pocos minutos una lona perfectamente tensada, lista para captar la atenci\u00f3n de los transe\u00fantes.","_et_gb_content_width":""},"product_brand":[],"product_cat":[536,450],"product_tag":[],"class_list":{"0":"post-13878","1":"product","2":"type-product","3":"status-publish","4":"has-post-thumbnail","6":"product_cat-marcos-de-pancartas","7":"product_cat-publicidad-exterior","9":"first","10":"instock","11":"taxable","12":"shipping-taxable","13":"purchasable","14":"product-type-simple"},"yoast_head":"<!-- This site is optimized with the Yoast SEO plugin v27.3 - https:\/\/yoast.com\/product\/yoast-seo-wordpress\/ -->\n<title>Marco de tensi\u00f3n exterior | Amstel Printing<\/title>\n<meta name=\"robots\" content=\"index, follow, max-snippet:-1, max-image-preview:large, max-video-preview:-1\" \/>\n<link rel=\"canonical\" href=\"https:\/\/www.amstelprinting.nl\/es\/tienda\/publicidad-exterior\/marcos-de-pancartas\/marco-de-tension-exterior\/\" \/>\n<meta property=\"og:locale\" content=\"es_ES\" \/>\n<meta property=\"og:type\" content=\"article\" \/>\n<meta property=\"og:title\" content=\"Marco de tensi\u00f3n exterior | Amstel Printing\" \/>\n<meta property=\"og:description\" content=\"El marco de aluminio resistente a la intemperie para uso en exteriores. Disponible en plata (aluminio) o en negro. Se puede pedir como set completo, lona suelta o marco. El marco de tensi\u00f3n exterior tiene un acabado muy impecable. \u00a1Configure su marco de tensi\u00f3n exterior a continuaci\u00f3n en el tama\u00f1o y color que desee!\" \/>\n<meta property=\"og:url\" content=\"https:\/\/www.amstelprinting.nl\/es\/tienda\/publicidad-exterior\/marcos-de-pancartas\/marco-de-tension-exterior\/\" \/>\n<meta property=\"og:site_name\" content=\"Amstel Printing\" \/>\n<meta property=\"article:modified_time\" content=\"2026-02-18T11:47:48+00:00\" \/>\n<meta property=\"og:image\" content=\"https:\/\/www.amstelprinting.nl\/wp-content\/uploads\/0utdoor-klopframe-bedrukken.png\" \/>\n\t<meta property=\"og:image:width\" content=\"700\" \/>\n\t<meta property=\"og:image:height\" content=\"700\" \/>\n\t<meta property=\"og:image:type\" content=\"image\/png\" \/>\n<meta name=\"twitter:card\" content=\"summary_large_image\" \/>\n<meta name=\"twitter:label1\" content=\"Tiempo de lectura\" \/>\n\t<meta name=\"twitter:data1\" content=\"1 minuto\" \/>\n<script type=\"application\/ld+json\" class=\"yoast-schema-graph\">{\"@context\":\"https:\\\/\\\/schema.org\",\"@graph\":[{\"@type\":\"WebPage\",\"@id\":\"https:\\\/\\\/www.amstelprinting.nl\\\/es\\\/tienda\\\/publicidad-exterior\\\/marcos-de-pancartas\\\/marco-de-tension-exterior\\\/\",\"url\":\"https:\\\/\\\/www.amstelprinting.nl\\\/es\\\/tienda\\\/publicidad-exterior\\\/marcos-de-pancartas\\\/marco-de-tension-exterior\\\/\",\"name\":\"Marco de tensi\u00f3n exterior | Amstel Printing\",\"isPartOf\":{\"@id\":\"https:\\\/\\\/www.amstelprinting.nl\\\/es\\\/#website\"},\"primaryImageOfPage\":{\"@id\":\"https:\\\/\\\/www.amstelprinting.nl\\\/es\\\/tienda\\\/publicidad-exterior\\\/marcos-de-pancartas\\\/marco-de-tension-exterior\\\/#primaryimage\"},\"image\":{\"@id\":\"https:\\\/\\\/www.amstelprinting.nl\\\/es\\\/tienda\\\/publicidad-exterior\\\/marcos-de-pancartas\\\/marco-de-tension-exterior\\\/#primaryimage\"},\"thumbnailUrl\":\"https:\\\/\\\/www.amstelprinting.nl\\\/wp-content\\\/uploads\\\/0utdoor-klopframe-bedrukken.png\",\"datePublished\":\"2025-01-24T10:32:46+00:00\",\"dateModified\":\"2026-02-18T11:47:48+00:00\",\"breadcrumb\":{\"@id\":\"https:\\\/\\\/www.amstelprinting.nl\\\/es\\\/tienda\\\/publicidad-exterior\\\/marcos-de-pancartas\\\/marco-de-tension-exterior\\\/#breadcrumb\"},\"inLanguage\":\"es\",\"potentialAction\":[{\"@type\":\"ReadAction\",\"target\":[\"https:\\\/\\\/www.amstelprinting.nl\\\/es\\\/tienda\\\/publicidad-exterior\\\/marcos-de-pancartas\\\/marco-de-tension-exterior\\\/\"]}]},{\"@type\":\"ImageObject\",\"inLanguage\":\"es\",\"@id\":\"https:\\\/\\\/www.amstelprinting.nl\\\/es\\\/tienda\\\/publicidad-exterior\\\/marcos-de-pancartas\\\/marco-de-tension-exterior\\\/#primaryimage\",\"url\":\"https:\\\/\\\/www.amstelprinting.nl\\\/wp-content\\\/uploads\\\/0utdoor-klopframe-bedrukken.png\",\"contentUrl\":\"https:\\\/\\\/www.amstelprinting.nl\\\/wp-content\\\/uploads\\\/0utdoor-klopframe-bedrukken.png\",\"width\":700,\"height\":700},{\"@type\":\"BreadcrumbList\",\"@id\":\"https:\\\/\\\/www.amstelprinting.nl\\\/es\\\/tienda\\\/publicidad-exterior\\\/marcos-de-pancartas\\\/marco-de-tension-exterior\\\/#breadcrumb\",\"itemListElement\":[{\"@type\":\"ListItem\",\"position\":1,\"name\":\"\",\"item\":\"https:\\\/\\\/www.amstelprinting.nl\\\/es\\\/\"},{\"@type\":\"ListItem\",\"position\":2,\"name\":\"Amstel Printing\",\"item\":\"https:\\\/\\\/www.amstelprinting.nl\\\/es\\\/comercio\\\/\"},{\"@type\":\"ListItem\",\"position\":3,\"name\":\"Publicidad exterior\",\"item\":\"https:\\\/\\\/www.amstelprinting.nl\\\/es\\\/categor\u00eda\\\/publicidad-exterior\\\/\"},{\"@type\":\"ListItem\",\"position\":4,\"name\":\"Marcos de pancartas\",\"item\":\"https:\\\/\\\/www.amstelprinting.nl\\\/es\\\/categor\u00eda\\\/publicidad-exterior\\\/marcos-de-pancartas\\\/\"},{\"@type\":\"ListItem\",\"position\":5,\"name\":\"Marco de tensi\u00f3n exterior\"}]},{\"@type\":\"WebSite\",\"@id\":\"https:\\\/\\\/www.amstelprinting.nl\\\/es\\\/#website\",\"url\":\"https:\\\/\\\/www.amstelprinting.nl\\\/es\\\/\",\"name\":\"Amstel Printing\",\"description\":\"Creating Exposure\",\"publisher\":{\"@id\":\"https:\\\/\\\/www.amstelprinting.nl\\\/es\\\/#organization\"},\"potentialAction\":[{\"@type\":\"SearchAction\",\"target\":{\"@type\":\"EntryPoint\",\"urlTemplate\":\"https:\\\/\\\/www.amstelprinting.nl\\\/es\\\/?s={search_term_string}\"},\"query-input\":{\"@type\":\"PropertyValueSpecification\",\"valueRequired\":true,\"valueName\":\"search_term_string\"}}],\"inLanguage\":\"es\"},{\"@type\":\"Organization\",\"@id\":\"https:\\\/\\\/www.amstelprinting.nl\\\/es\\\/#organization\",\"name\":\"Amstel Printing\",\"url\":\"https:\\\/\\\/www.amstelprinting.nl\\\/es\\\/\",\"logo\":{\"@type\":\"ImageObject\",\"inLanguage\":\"es\",\"@id\":\"https:\\\/\\\/www.amstelprinting.nl\\\/es\\\/#\\\/schema\\\/logo\\\/image\\\/\",\"url\":\"https:\\\/\\\/www.amstelprinting.nl\\\/wp-content\\\/uploads\\\/amstel_printing_logo_clean.png\",\"contentUrl\":\"https:\\\/\\\/www.amstelprinting.nl\\\/wp-content\\\/uploads\\\/amstel_printing_logo_clean.png\",\"width\":324,\"height\":73,\"caption\":\"Amstel Printing\"},\"image\":{\"@id\":\"https:\\\/\\\/www.amstelprinting.nl\\\/es\\\/#\\\/schema\\\/logo\\\/image\\\/\"}}]}<\/script>\n<!-- \/ Yoast SEO plugin. -->","yoast_head_json":{"title":"Marco de tensi\u00f3n exterior | Amstel Printing","robots":{"index":"index","follow":"follow","max-snippet":"max-snippet:-1","max-image-preview":"max-image-preview:large","max-video-preview":"max-video-preview:-1"},"canonical":"https:\/\/www.amstelprinting.nl\/es\/tienda\/publicidad-exterior\/marcos-de-pancartas\/marco-de-tension-exterior\/","og_locale":"es_ES","og_type":"article","og_title":"Marco de tensi\u00f3n exterior | Amstel Printing","og_description":"El marco de aluminio resistente a la intemperie para uso en exteriores. Disponible en plata (aluminio) o en negro. Se puede pedir como set completo, lona suelta o marco. El marco de tensi\u00f3n exterior tiene un acabado muy impecable. \u00a1Configure su marco de tensi\u00f3n exterior a continuaci\u00f3n en el tama\u00f1o y color que desee!","og_url":"https:\/\/www.amstelprinting.nl\/es\/tienda\/publicidad-exterior\/marcos-de-pancartas\/marco-de-tension-exterior\/","og_site_name":"Amstel Printing","article_modified_time":"2026-02-18T11:47:48+00:00","og_image":[{"width":700,"height":700,"url":"https:\/\/www.amstelprinting.nl\/wp-content\/uploads\/0utdoor-klopframe-bedrukken.png","type":"image\/png"}],"twitter_card":"summary_large_image","twitter_misc":{"Tiempo de lectura":"1 minuto"},"schema":{"@context":"https:\/\/schema.org","@graph":[{"@type":"WebPage","@id":"https:\/\/www.amstelprinting.nl\/es\/tienda\/publicidad-exterior\/marcos-de-pancartas\/marco-de-tension-exterior\/","url":"https:\/\/www.amstelprinting.nl\/es\/tienda\/publicidad-exterior\/marcos-de-pancartas\/marco-de-tension-exterior\/","name":"Marco de tensi\u00f3n exterior | Amstel Printing","isPartOf":{"@id":"https:\/\/www.amstelprinting.nl\/es\/#website"},"primaryImageOfPage":{"@id":"https:\/\/www.amstelprinting.nl\/es\/tienda\/publicidad-exterior\/marcos-de-pancartas\/marco-de-tension-exterior\/#primaryimage"},"image":{"@id":"https:\/\/www.amstelprinting.nl\/es\/tienda\/publicidad-exterior\/marcos-de-pancartas\/marco-de-tension-exterior\/#primaryimage"},"thumbnailUrl":"https:\/\/www.amstelprinting.nl\/wp-content\/uploads\/0utdoor-klopframe-bedrukken.png","datePublished":"2025-01-24T10:32:46+00:00","dateModified":"2026-02-18T11:47:48+00:00","breadcrumb":{"@id":"https:\/\/www.amstelprinting.nl\/es\/tienda\/publicidad-exterior\/marcos-de-pancartas\/marco-de-tension-exterior\/#breadcrumb"},"inLanguage":"es","potentialAction":[{"@type":"ReadAction","target":["https:\/\/www.amstelprinting.nl\/es\/tienda\/publicidad-exterior\/marcos-de-pancartas\/marco-de-tension-exterior\/"]}]},{"@type":"ImageObject","inLanguage":"es","@id":"https:\/\/www.amstelprinting.nl\/es\/tienda\/publicidad-exterior\/marcos-de-pancartas\/marco-de-tension-exterior\/#primaryimage","url":"https:\/\/www.amstelprinting.nl\/wp-content\/uploads\/0utdoor-klopframe-bedrukken.png","contentUrl":"https:\/\/www.amstelprinting.nl\/wp-content\/uploads\/0utdoor-klopframe-bedrukken.png","width":700,"height":700},{"@type":"BreadcrumbList","@id":"https:\/\/www.amstelprinting.nl\/es\/tienda\/publicidad-exterior\/marcos-de-pancartas\/marco-de-tension-exterior\/#breadcrumb","itemListElement":[{"@type":"ListItem","position":1,"name":"","item":"https:\/\/www.amstelprinting.nl\/es\/"},{"@type":"ListItem","position":2,"name":"Amstel Printing","item":"https:\/\/www.amstelprinting.nl\/es\/comercio\/"},{"@type":"ListItem","position":3,"name":"Publicidad exterior","item":"https:\/\/www.amstelprinting.nl\/es\/categor\u00eda\/publicidad-exterior\/"},{"@type":"ListItem","position":4,"name":"Marcos de pancartas","item":"https:\/\/www.amstelprinting.nl\/es\/categor\u00eda\/publicidad-exterior\/marcos-de-pancartas\/"},{"@type":"ListItem","position":5,"name":"Marco de tensi\u00f3n exterior"}]},{"@type":"WebSite","@id":"https:\/\/www.amstelprinting.nl\/es\/#website","url":"https:\/\/www.amstelprinting.nl\/es\/","name":"Amstel Printing","description":"Creating Exposure","publisher":{"@id":"https:\/\/www.amstelprinting.nl\/es\/#organization"},"potentialAction":[{"@type":"SearchAction","target":{"@type":"EntryPoint","urlTemplate":"https:\/\/www.amstelprinting.nl\/es\/?s={search_term_string}"},"query-input":{"@type":"PropertyValueSpecification","valueRequired":true,"valueName":"search_term_string"}}],"inLanguage":"es"},{"@type":"Organization","@id":"https:\/\/www.amstelprinting.nl\/es\/#organization","name":"Amstel Printing","url":"https:\/\/www.amstelprinting.nl\/es\/","logo":{"@type":"ImageObject","inLanguage":"es","@id":"https:\/\/www.amstelprinting.nl\/es\/#\/schema\/logo\/image\/","url":"https:\/\/www.amstelprinting.nl\/wp-content\/uploads\/amstel_printing_logo_clean.png","contentUrl":"https:\/\/www.amstelprinting.nl\/wp-content\/uploads\/amstel_printing_logo_clean.png","width":324,"height":73,"caption":"Amstel Printing"},"image":{"@id":"https:\/\/www.amstelprinting.nl\/es\/#\/schema\/logo\/image\/"}}]}},"_links":{"self":[{"href":"https:\/\/www.amstelprinting.nl\/es\/wp-json\/wp\/v2\/product\/13878","targetHints":{"allow":["GET"]}}],"collection":[{"href":"https:\/\/www.amstelprinting.nl\/es\/wp-json\/wp\/v2\/product"}],"about":[{"href":"https:\/\/www.amstelprinting.nl\/es\/wp-json\/wp\/v2\/types\/product"}],"wp:featuredmedia":[{"embeddable":true,"href":"https:\/\/www.amstelprinting.nl\/es\/wp-json\/wp\/v2\/media\/13879"}],"wp:attachment":[{"href":"https:\/\/www.amstelprinting.nl\/es\/wp-json\/wp\/v2\/media?parent=13878"}],"wp:term":[{"taxonomy":"product_brand","embeddable":true,"href":"https:\/\/www.amstelprinting.nl\/es\/wp-json\/wp\/v2\/product_brand?post=13878"},{"taxonomy":"product_cat","embeddable":true,"href":"https:\/\/www.amstelprinting.nl\/es\/wp-json\/wp\/v2\/product_cat?post=13878"},{"taxonomy":"product_tag","embeddable":true,"href":"https:\/\/www.amstelprinting.nl\/es\/wp-json\/wp\/v2\/product_tag?post=13878"}],"curies":[{"name":"wp","href":"https:\/\/api.w.org\/{rel}","templated":true}]}}