{"id":13888,"date":"2025-01-24T11:32:40","date_gmt":"2025-01-24T10:32:40","guid":{"rendered":"https:\/\/www.amstelprinting.nl\/winkel\/sin%20categor\u00eda\/blind-spandoekframe\/"},"modified":"2026-02-18T12:47:48","modified_gmt":"2026-02-18T11:47:48","slug":"marco-de-lona-invisible","status":"publish","type":"product","link":"https:\/\/www.amstelprinting.nl\/es\/tienda\/publicidad-exterior\/marcos-de-pancartas\/marco-de-lona-invisible\/","title":{"rendered":"Marco de lona invisible"},"content":{"rendered":"<h3>Elija el material adecuado<\/h3>\n<p>La lona para este marco invisible est\u00e1 disponible en ProPES outdoor y Banner 510. ProPES outdoor es un material resistente a la intemperie, duradero y ligero que soporta todas las condiciones clim\u00e1ticas. Banner 510 es una lona de PVC con un acabado brillante, ideal para impresiones vibrantes y apta para uso en exteriores gracias a sus propiedades repelentes al agua.<\/p>\n<h3>Fijaci\u00f3n<\/h3>\n<p>Fije su marco de lona invisible f\u00e1cilmente a paredes de piedra o paneles de revestimiento. Gracias a las opciones de fijaci\u00f3n fiables, su lona se mantiene firmemente en su lugar, independientemente de las condiciones clim\u00e1ticas.<\/p>\n<h3>Accesorios<\/h3>\n<p>Nuestros tensores con gancho aseguran que su lona est\u00e9 siempre perfectamente tensada. Sin arrugas ni pliegues, solo una impresi\u00f3n perfectamente presentada.<\/p>\n<p>El marco de lona invisible ofrece la soluci\u00f3n perfecta para una presentaci\u00f3n impecable, profesional y sin interrupciones de su mensaje publicitario. Ya sea en interiores o exteriores, el marco de lona invisible garantiza que su mensaje sea siempre perfectamente visible.<\/p>\n","protected":false},"excerpt":{"rendered":"<h3>Acabado impecable: el marco y los el\u00e1sticos no son visibles<\/h3>\n<p>Nuestro marco de lona invisible es la soluci\u00f3n definitiva para una presentaci\u00f3n impecable y profesional de su mensaje publicitario. Con este marco, solo su impresi\u00f3n permanece visible, mientras que el marco en s\u00ed queda sutilmente oculto. Ideal tanto para uso en interiores como en exteriores, el marco de lona invisible ofrece un aspecto elegante y sin costuras que centra la atenci\u00f3n en lo que realmente importa: \u00a1su dise\u00f1o!<\/p>\n","protected":false},"featured_media":13889,"template":"","meta":{"_et_pb_use_builder":"","_et_pb_old_content":"","_et_gb_content_width":""},"product_brand":[],"product_cat":[536,450],"product_tag":[],"class_list":{"0":"post-13888","1":"product","2":"type-product","3":"status-publish","4":"has-post-thumbnail","6":"product_cat-marcos-de-pancartas","7":"product_cat-publicidad-exterior","9":"first","10":"instock","11":"taxable","12":"shipping-taxable","13":"purchasable","14":"product-type-simple"},"yoast_head":"<!-- This site is optimized with the Yoast SEO plugin v27.3 - https:\/\/yoast.com\/product\/yoast-seo-wordpress\/ -->\n<title>Marco de lona invisible | Amstel Printing<\/title>\n<meta name=\"robots\" content=\"index, follow, max-snippet:-1, max-image-preview:large, max-video-preview:-1\" \/>\n<link rel=\"canonical\" href=\"https:\/\/www.amstelprinting.nl\/es\/tienda\/publicidad-exterior\/marcos-de-pancartas\/marco-de-lona-invisible\/\" \/>\n<meta property=\"og:locale\" content=\"es_ES\" \/>\n<meta property=\"og:type\" content=\"article\" \/>\n<meta property=\"og:title\" content=\"Marco de lona invisible | Amstel Printing\" \/>\n<meta property=\"og:description\" content=\"Acabado impecable: el marco y los el\u00e1sticos no son visibles Nuestro marco de lona invisible es la soluci\u00f3n definitiva para una presentaci\u00f3n impecable y profesional de su mensaje publicitario. Con este marco, solo su impresi\u00f3n permanece visible, mientras que el marco en s\u00ed queda sutilmente oculto. Ideal tanto para uso en interiores como en exteriores, el marco de lona invisible ofrece un aspecto elegante y sin costuras que centra la atenci\u00f3n en lo que realmente importa: \u00a1su dise\u00f1o!\" \/>\n<meta property=\"og:url\" content=\"https:\/\/www.amstelprinting.nl\/es\/tienda\/publicidad-exterior\/marcos-de-pancartas\/marco-de-lona-invisible\/\" \/>\n<meta property=\"og:site_name\" content=\"Amstel Printing\" \/>\n<meta property=\"article:modified_time\" content=\"2026-02-18T11:47:48+00:00\" \/>\n<meta property=\"og:image\" content=\"https:\/\/www.amstelprinting.nl\/wp-content\/uploads\/blind-spandoekframe-bedrukken-.png\" \/>\n\t<meta property=\"og:image:width\" content=\"700\" \/>\n\t<meta property=\"og:image:height\" content=\"700\" \/>\n\t<meta property=\"og:image:type\" content=\"image\/png\" \/>\n<meta name=\"twitter:card\" content=\"summary_large_image\" \/>\n<meta name=\"twitter:label1\" content=\"Tiempo de lectura\" \/>\n\t<meta name=\"twitter:data1\" content=\"1 minuto\" \/>\n<script type=\"application\/ld+json\" class=\"yoast-schema-graph\">{\"@context\":\"https:\\\/\\\/schema.org\",\"@graph\":[{\"@type\":\"WebPage\",\"@id\":\"https:\\\/\\\/www.amstelprinting.nl\\\/es\\\/tienda\\\/publicidad-exterior\\\/marcos-de-pancartas\\\/marco-de-lona-invisible\\\/\",\"url\":\"https:\\\/\\\/www.amstelprinting.nl\\\/es\\\/tienda\\\/publicidad-exterior\\\/marcos-de-pancartas\\\/marco-de-lona-invisible\\\/\",\"name\":\"Marco de lona invisible | Amstel Printing\",\"isPartOf\":{\"@id\":\"https:\\\/\\\/www.amstelprinting.nl\\\/es\\\/#website\"},\"primaryImageOfPage\":{\"@id\":\"https:\\\/\\\/www.amstelprinting.nl\\\/es\\\/tienda\\\/publicidad-exterior\\\/marcos-de-pancartas\\\/marco-de-lona-invisible\\\/#primaryimage\"},\"image\":{\"@id\":\"https:\\\/\\\/www.amstelprinting.nl\\\/es\\\/tienda\\\/publicidad-exterior\\\/marcos-de-pancartas\\\/marco-de-lona-invisible\\\/#primaryimage\"},\"thumbnailUrl\":\"https:\\\/\\\/www.amstelprinting.nl\\\/wp-content\\\/uploads\\\/blind-spandoekframe-bedrukken-.png\",\"datePublished\":\"2025-01-24T10:32:40+00:00\",\"dateModified\":\"2026-02-18T11:47:48+00:00\",\"breadcrumb\":{\"@id\":\"https:\\\/\\\/www.amstelprinting.nl\\\/es\\\/tienda\\\/publicidad-exterior\\\/marcos-de-pancartas\\\/marco-de-lona-invisible\\\/#breadcrumb\"},\"inLanguage\":\"es\",\"potentialAction\":[{\"@type\":\"ReadAction\",\"target\":[\"https:\\\/\\\/www.amstelprinting.nl\\\/es\\\/tienda\\\/publicidad-exterior\\\/marcos-de-pancartas\\\/marco-de-lona-invisible\\\/\"]}]},{\"@type\":\"ImageObject\",\"inLanguage\":\"es\",\"@id\":\"https:\\\/\\\/www.amstelprinting.nl\\\/es\\\/tienda\\\/publicidad-exterior\\\/marcos-de-pancartas\\\/marco-de-lona-invisible\\\/#primaryimage\",\"url\":\"https:\\\/\\\/www.amstelprinting.nl\\\/wp-content\\\/uploads\\\/blind-spandoekframe-bedrukken-.png\",\"contentUrl\":\"https:\\\/\\\/www.amstelprinting.nl\\\/wp-content\\\/uploads\\\/blind-spandoekframe-bedrukken-.png\",\"width\":700,\"height\":700},{\"@type\":\"BreadcrumbList\",\"@id\":\"https:\\\/\\\/www.amstelprinting.nl\\\/es\\\/tienda\\\/publicidad-exterior\\\/marcos-de-pancartas\\\/marco-de-lona-invisible\\\/#breadcrumb\",\"itemListElement\":[{\"@type\":\"ListItem\",\"position\":1,\"name\":\"\",\"item\":\"https:\\\/\\\/www.amstelprinting.nl\\\/es\\\/\"},{\"@type\":\"ListItem\",\"position\":2,\"name\":\"Amstel Printing\",\"item\":\"https:\\\/\\\/www.amstelprinting.nl\\\/es\\\/comercio\\\/\"},{\"@type\":\"ListItem\",\"position\":3,\"name\":\"Publicidad exterior\",\"item\":\"https:\\\/\\\/www.amstelprinting.nl\\\/es\\\/categor\u00eda\\\/publicidad-exterior\\\/\"},{\"@type\":\"ListItem\",\"position\":4,\"name\":\"Marcos de pancartas\",\"item\":\"https:\\\/\\\/www.amstelprinting.nl\\\/es\\\/categor\u00eda\\\/publicidad-exterior\\\/marcos-de-pancartas\\\/\"},{\"@type\":\"ListItem\",\"position\":5,\"name\":\"Marco de lona invisible\"}]},{\"@type\":\"WebSite\",\"@id\":\"https:\\\/\\\/www.amstelprinting.nl\\\/es\\\/#website\",\"url\":\"https:\\\/\\\/www.amstelprinting.nl\\\/es\\\/\",\"name\":\"Amstel Printing\",\"description\":\"Creating Exposure\",\"publisher\":{\"@id\":\"https:\\\/\\\/www.amstelprinting.nl\\\/es\\\/#organization\"},\"potentialAction\":[{\"@type\":\"SearchAction\",\"target\":{\"@type\":\"EntryPoint\",\"urlTemplate\":\"https:\\\/\\\/www.amstelprinting.nl\\\/es\\\/?s={search_term_string}\"},\"query-input\":{\"@type\":\"PropertyValueSpecification\",\"valueRequired\":true,\"valueName\":\"search_term_string\"}}],\"inLanguage\":\"es\"},{\"@type\":\"Organization\",\"@id\":\"https:\\\/\\\/www.amstelprinting.nl\\\/es\\\/#organization\",\"name\":\"Amstel Printing\",\"url\":\"https:\\\/\\\/www.amstelprinting.nl\\\/es\\\/\",\"logo\":{\"@type\":\"ImageObject\",\"inLanguage\":\"es\",\"@id\":\"https:\\\/\\\/www.amstelprinting.nl\\\/es\\\/#\\\/schema\\\/logo\\\/image\\\/\",\"url\":\"https:\\\/\\\/www.amstelprinting.nl\\\/wp-content\\\/uploads\\\/amstel_printing_logo_clean.png\",\"contentUrl\":\"https:\\\/\\\/www.amstelprinting.nl\\\/wp-content\\\/uploads\\\/amstel_printing_logo_clean.png\",\"width\":324,\"height\":73,\"caption\":\"Amstel Printing\"},\"image\":{\"@id\":\"https:\\\/\\\/www.amstelprinting.nl\\\/es\\\/#\\\/schema\\\/logo\\\/image\\\/\"}}]}<\/script>\n<!-- \/ Yoast SEO plugin. -->","yoast_head_json":{"title":"Marco de lona invisible | Amstel Printing","robots":{"index":"index","follow":"follow","max-snippet":"max-snippet:-1","max-image-preview":"max-image-preview:large","max-video-preview":"max-video-preview:-1"},"canonical":"https:\/\/www.amstelprinting.nl\/es\/tienda\/publicidad-exterior\/marcos-de-pancartas\/marco-de-lona-invisible\/","og_locale":"es_ES","og_type":"article","og_title":"Marco de lona invisible | Amstel Printing","og_description":"Acabado impecable: el marco y los el\u00e1sticos no son visibles Nuestro marco de lona invisible es la soluci\u00f3n definitiva para una presentaci\u00f3n impecable y profesional de su mensaje publicitario. Con este marco, solo su impresi\u00f3n permanece visible, mientras que el marco en s\u00ed queda sutilmente oculto. Ideal tanto para uso en interiores como en exteriores, el marco de lona invisible ofrece un aspecto elegante y sin costuras que centra la atenci\u00f3n en lo que realmente importa: \u00a1su dise\u00f1o!","og_url":"https:\/\/www.amstelprinting.nl\/es\/tienda\/publicidad-exterior\/marcos-de-pancartas\/marco-de-lona-invisible\/","og_site_name":"Amstel Printing","article_modified_time":"2026-02-18T11:47:48+00:00","og_image":[{"width":700,"height":700,"url":"https:\/\/www.amstelprinting.nl\/wp-content\/uploads\/blind-spandoekframe-bedrukken-.png","type":"image\/png"}],"twitter_card":"summary_large_image","twitter_misc":{"Tiempo de lectura":"1 minuto"},"schema":{"@context":"https:\/\/schema.org","@graph":[{"@type":"WebPage","@id":"https:\/\/www.amstelprinting.nl\/es\/tienda\/publicidad-exterior\/marcos-de-pancartas\/marco-de-lona-invisible\/","url":"https:\/\/www.amstelprinting.nl\/es\/tienda\/publicidad-exterior\/marcos-de-pancartas\/marco-de-lona-invisible\/","name":"Marco de lona invisible | Amstel Printing","isPartOf":{"@id":"https:\/\/www.amstelprinting.nl\/es\/#website"},"primaryImageOfPage":{"@id":"https:\/\/www.amstelprinting.nl\/es\/tienda\/publicidad-exterior\/marcos-de-pancartas\/marco-de-lona-invisible\/#primaryimage"},"image":{"@id":"https:\/\/www.amstelprinting.nl\/es\/tienda\/publicidad-exterior\/marcos-de-pancartas\/marco-de-lona-invisible\/#primaryimage"},"thumbnailUrl":"https:\/\/www.amstelprinting.nl\/wp-content\/uploads\/blind-spandoekframe-bedrukken-.png","datePublished":"2025-01-24T10:32:40+00:00","dateModified":"2026-02-18T11:47:48+00:00","breadcrumb":{"@id":"https:\/\/www.amstelprinting.nl\/es\/tienda\/publicidad-exterior\/marcos-de-pancartas\/marco-de-lona-invisible\/#breadcrumb"},"inLanguage":"es","potentialAction":[{"@type":"ReadAction","target":["https:\/\/www.amstelprinting.nl\/es\/tienda\/publicidad-exterior\/marcos-de-pancartas\/marco-de-lona-invisible\/"]}]},{"@type":"ImageObject","inLanguage":"es","@id":"https:\/\/www.amstelprinting.nl\/es\/tienda\/publicidad-exterior\/marcos-de-pancartas\/marco-de-lona-invisible\/#primaryimage","url":"https:\/\/www.amstelprinting.nl\/wp-content\/uploads\/blind-spandoekframe-bedrukken-.png","contentUrl":"https:\/\/www.amstelprinting.nl\/wp-content\/uploads\/blind-spandoekframe-bedrukken-.png","width":700,"height":700},{"@type":"BreadcrumbList","@id":"https:\/\/www.amstelprinting.nl\/es\/tienda\/publicidad-exterior\/marcos-de-pancartas\/marco-de-lona-invisible\/#breadcrumb","itemListElement":[{"@type":"ListItem","position":1,"name":"","item":"https:\/\/www.amstelprinting.nl\/es\/"},{"@type":"ListItem","position":2,"name":"Amstel Printing","item":"https:\/\/www.amstelprinting.nl\/es\/comercio\/"},{"@type":"ListItem","position":3,"name":"Publicidad exterior","item":"https:\/\/www.amstelprinting.nl\/es\/categor\u00eda\/publicidad-exterior\/"},{"@type":"ListItem","position":4,"name":"Marcos de pancartas","item":"https:\/\/www.amstelprinting.nl\/es\/categor\u00eda\/publicidad-exterior\/marcos-de-pancartas\/"},{"@type":"ListItem","position":5,"name":"Marco de lona invisible"}]},{"@type":"WebSite","@id":"https:\/\/www.amstelprinting.nl\/es\/#website","url":"https:\/\/www.amstelprinting.nl\/es\/","name":"Amstel Printing","description":"Creating Exposure","publisher":{"@id":"https:\/\/www.amstelprinting.nl\/es\/#organization"},"potentialAction":[{"@type":"SearchAction","target":{"@type":"EntryPoint","urlTemplate":"https:\/\/www.amstelprinting.nl\/es\/?s={search_term_string}"},"query-input":{"@type":"PropertyValueSpecification","valueRequired":true,"valueName":"search_term_string"}}],"inLanguage":"es"},{"@type":"Organization","@id":"https:\/\/www.amstelprinting.nl\/es\/#organization","name":"Amstel Printing","url":"https:\/\/www.amstelprinting.nl\/es\/","logo":{"@type":"ImageObject","inLanguage":"es","@id":"https:\/\/www.amstelprinting.nl\/es\/#\/schema\/logo\/image\/","url":"https:\/\/www.amstelprinting.nl\/wp-content\/uploads\/amstel_printing_logo_clean.png","contentUrl":"https:\/\/www.amstelprinting.nl\/wp-content\/uploads\/amstel_printing_logo_clean.png","width":324,"height":73,"caption":"Amstel Printing"},"image":{"@id":"https:\/\/www.amstelprinting.nl\/es\/#\/schema\/logo\/image\/"}}]}},"_links":{"self":[{"href":"https:\/\/www.amstelprinting.nl\/es\/wp-json\/wp\/v2\/product\/13888","targetHints":{"allow":["GET"]}}],"collection":[{"href":"https:\/\/www.amstelprinting.nl\/es\/wp-json\/wp\/v2\/product"}],"about":[{"href":"https:\/\/www.amstelprinting.nl\/es\/wp-json\/wp\/v2\/types\/product"}],"wp:featuredmedia":[{"embeddable":true,"href":"https:\/\/www.amstelprinting.nl\/es\/wp-json\/wp\/v2\/media\/13889"}],"wp:attachment":[{"href":"https:\/\/www.amstelprinting.nl\/es\/wp-json\/wp\/v2\/media?parent=13888"}],"wp:term":[{"taxonomy":"product_brand","embeddable":true,"href":"https:\/\/www.amstelprinting.nl\/es\/wp-json\/wp\/v2\/product_brand?post=13888"},{"taxonomy":"product_cat","embeddable":true,"href":"https:\/\/www.amstelprinting.nl\/es\/wp-json\/wp\/v2\/product_cat?post=13888"},{"taxonomy":"product_tag","embeddable":true,"href":"https:\/\/www.amstelprinting.nl\/es\/wp-json\/wp\/v2\/product_tag?post=13888"}],"curies":[{"name":"wp","href":"https:\/\/api.w.org\/{rel}","templated":true}]}}