{"id":13898,"date":"2025-01-24T11:32:27","date_gmt":"2025-01-24T10:32:27","guid":{"rendered":"https:\/\/www.amstelprinting.nl\/winkel\/sin%20categor\u00eda\/rond-spandoekframe\/"},"modified":"2026-02-18T12:47:49","modified_gmt":"2026-02-18T11:47:49","slug":"marco-para-lona-circular","status":"publish","type":"product","link":"https:\/\/www.amstelprinting.nl\/es\/tienda\/publicidad-exterior\/marcos-de-pancartas\/marco-para-lona-circular\/","title":{"rendered":"Marco para lona circular"},"content":{"rendered":"<h3>Pedir marco para lona circular<\/h3>\n<p>El marco para lona circular, una forma \u00fanica y llamativa de presentar su mensaje publicitario. Con un elegante dise\u00f1o redondo, este marco atrae la atenci\u00f3n de inmediato y proporciona un aspecto moderno y din\u00e1mico. Perfecto tanto para uso en interiores como en exteriores, el marco para lona circular ofrece una forma elegante y llamativa de transmitir su mensaje. Tanto si desea transmitir un mensaje compacto como si quiere hacer una gran declaraci\u00f3n visual, tenemos el tama\u00f1o adecuado para usted.<\/p>\n<h3>Ventajas<\/h3>\n<ul>\n<li>Disponible en cuatro formatos<\/li>\n<li>Llamativo por su forma redonda<\/li>\n<li>Robusto: equipado con un marco de tubos de aluminio<\/li>\n<li>Impresi\u00f3n de alta calidad en lona Banner 510<\/li>\n<\/ul>\n<p>&nbsp;<\/p>\n<h3>Formatos y materiales<\/h3>\n<p>Elija el tama\u00f1o perfecto para su proyecto con di\u00e1metros disponibles de 100, 200, 300 o 400 cm. El marco est\u00e1 fabricado en aluminio de alta calidad (marco tubular). Esto garantiza una construcci\u00f3n robusta y resistente a la intemperie. Esto hace que el marco no solo sea duradero, sino tambi\u00e9n ligero y f\u00e1cil de manejar (y de montar). La lona est\u00e1 fabricada en Banner 510, un material robusto ideal para impresiones vibrantes y duraderas. Equipado con ojales. De este modo, podr\u00e1 fijar f\u00e1cilmente la lona y tensarla para obtener un resultado perfecto.<\/p>\n<h3>Accesorios<\/h3>\n<p>Pida opcionalmente los tensores de cuello de cisne para mantener su lona siempre tensa. Estos tensores garantizan un montaje sencillo y eficaz, para que su publicidad luzca siempre perfecta. Transforme sus expresiones publicitarias con un marco para lona circular y disfrute de una presentaci\u00f3n moderna y llamativa que garantiza causar impresi\u00f3n. \u00a1Haga su pedido hoy mismo y convierta su mensaje en un espect\u00e1culo visual sin esquinas!<\/p>\n","protected":false},"excerpt":{"rendered":"<h3>Marco de aluminio redondo \u00fanico para una lona<\/h3>\n<p>\u00bfBusca publicidad exterior original? Entonces elija el marco para lona circular. Con un elegante dise\u00f1o redondo, este marco atrae la atenci\u00f3n de inmediato. Dando como resultado un aspecto moderno y din\u00e1mico. Perfecto tanto para uso en interiores como en exteriores. Configure f\u00e1cilmente a continuaci\u00f3n su marco para lona circular (con o sin lona).<\/p>\n","protected":false},"featured_media":13899,"template":"","meta":{"_et_pb_use_builder":"","_et_pb_old_content":"","_et_gb_content_width":""},"product_brand":[],"product_cat":[536,450],"product_tag":[],"class_list":{"0":"post-13898","1":"product","2":"type-product","3":"status-publish","4":"has-post-thumbnail","6":"product_cat-marcos-de-pancartas","7":"product_cat-publicidad-exterior","9":"first","10":"instock","11":"taxable","12":"shipping-taxable","13":"purchasable","14":"product-type-simple"},"yoast_head":"<!-- This site is optimized with the Yoast SEO plugin v27.3 - https:\/\/yoast.com\/product\/yoast-seo-wordpress\/ -->\n<title>Marco para lona circular | Amstel Printing<\/title>\n<meta name=\"robots\" content=\"index, follow, max-snippet:-1, max-image-preview:large, max-video-preview:-1\" \/>\n<link rel=\"canonical\" href=\"https:\/\/www.amstelprinting.nl\/es\/tienda\/publicidad-exterior\/marcos-de-pancartas\/marco-para-lona-circular\/\" \/>\n<meta property=\"og:locale\" content=\"es_ES\" \/>\n<meta property=\"og:type\" content=\"article\" \/>\n<meta property=\"og:title\" content=\"Marco para lona circular | Amstel Printing\" \/>\n<meta property=\"og:description\" content=\"Marco de aluminio redondo \u00fanico para una lona \u00bfBusca publicidad exterior original? Entonces elija el marco para lona circular. Con un elegante dise\u00f1o redondo, este marco atrae la atenci\u00f3n de inmediato. Dando como resultado un aspecto moderno y din\u00e1mico. Perfecto tanto para uso en interiores como en exteriores. Configure f\u00e1cilmente a continuaci\u00f3n su marco para lona circular (con o sin lona).\" \/>\n<meta property=\"og:url\" content=\"https:\/\/www.amstelprinting.nl\/es\/tienda\/publicidad-exterior\/marcos-de-pancartas\/marco-para-lona-circular\/\" \/>\n<meta property=\"og:site_name\" content=\"Amstel Printing\" \/>\n<meta property=\"article:modified_time\" content=\"2026-02-18T11:47:49+00:00\" \/>\n<meta property=\"og:image\" content=\"https:\/\/www.amstelprinting.nl\/wp-content\/uploads\/rond-spandoekframebedrukken.png\" \/>\n\t<meta property=\"og:image:width\" content=\"700\" \/>\n\t<meta property=\"og:image:height\" content=\"700\" \/>\n\t<meta property=\"og:image:type\" content=\"image\/png\" \/>\n<meta name=\"twitter:card\" content=\"summary_large_image\" \/>\n<meta name=\"twitter:label1\" content=\"Tiempo de lectura\" \/>\n\t<meta name=\"twitter:data1\" content=\"1 minuto\" \/>\n<script type=\"application\/ld+json\" class=\"yoast-schema-graph\">{\"@context\":\"https:\\\/\\\/schema.org\",\"@graph\":[{\"@type\":\"WebPage\",\"@id\":\"https:\\\/\\\/www.amstelprinting.nl\\\/es\\\/tienda\\\/publicidad-exterior\\\/marcos-de-pancartas\\\/marco-para-lona-circular\\\/\",\"url\":\"https:\\\/\\\/www.amstelprinting.nl\\\/es\\\/tienda\\\/publicidad-exterior\\\/marcos-de-pancartas\\\/marco-para-lona-circular\\\/\",\"name\":\"Marco para lona circular | Amstel Printing\",\"isPartOf\":{\"@id\":\"https:\\\/\\\/www.amstelprinting.nl\\\/es\\\/#website\"},\"primaryImageOfPage\":{\"@id\":\"https:\\\/\\\/www.amstelprinting.nl\\\/es\\\/tienda\\\/publicidad-exterior\\\/marcos-de-pancartas\\\/marco-para-lona-circular\\\/#primaryimage\"},\"image\":{\"@id\":\"https:\\\/\\\/www.amstelprinting.nl\\\/es\\\/tienda\\\/publicidad-exterior\\\/marcos-de-pancartas\\\/marco-para-lona-circular\\\/#primaryimage\"},\"thumbnailUrl\":\"https:\\\/\\\/www.amstelprinting.nl\\\/wp-content\\\/uploads\\\/rond-spandoekframebedrukken.png\",\"datePublished\":\"2025-01-24T10:32:27+00:00\",\"dateModified\":\"2026-02-18T11:47:49+00:00\",\"breadcrumb\":{\"@id\":\"https:\\\/\\\/www.amstelprinting.nl\\\/es\\\/tienda\\\/publicidad-exterior\\\/marcos-de-pancartas\\\/marco-para-lona-circular\\\/#breadcrumb\"},\"inLanguage\":\"es\",\"potentialAction\":[{\"@type\":\"ReadAction\",\"target\":[\"https:\\\/\\\/www.amstelprinting.nl\\\/es\\\/tienda\\\/publicidad-exterior\\\/marcos-de-pancartas\\\/marco-para-lona-circular\\\/\"]}]},{\"@type\":\"ImageObject\",\"inLanguage\":\"es\",\"@id\":\"https:\\\/\\\/www.amstelprinting.nl\\\/es\\\/tienda\\\/publicidad-exterior\\\/marcos-de-pancartas\\\/marco-para-lona-circular\\\/#primaryimage\",\"url\":\"https:\\\/\\\/www.amstelprinting.nl\\\/wp-content\\\/uploads\\\/rond-spandoekframebedrukken.png\",\"contentUrl\":\"https:\\\/\\\/www.amstelprinting.nl\\\/wp-content\\\/uploads\\\/rond-spandoekframebedrukken.png\",\"width\":700,\"height\":700},{\"@type\":\"BreadcrumbList\",\"@id\":\"https:\\\/\\\/www.amstelprinting.nl\\\/es\\\/tienda\\\/publicidad-exterior\\\/marcos-de-pancartas\\\/marco-para-lona-circular\\\/#breadcrumb\",\"itemListElement\":[{\"@type\":\"ListItem\",\"position\":1,\"name\":\"\",\"item\":\"https:\\\/\\\/www.amstelprinting.nl\\\/es\\\/\"},{\"@type\":\"ListItem\",\"position\":2,\"name\":\"Amstel Printing\",\"item\":\"https:\\\/\\\/www.amstelprinting.nl\\\/es\\\/comercio\\\/\"},{\"@type\":\"ListItem\",\"position\":3,\"name\":\"Publicidad exterior\",\"item\":\"https:\\\/\\\/www.amstelprinting.nl\\\/es\\\/categor\u00eda\\\/publicidad-exterior\\\/\"},{\"@type\":\"ListItem\",\"position\":4,\"name\":\"Marcos de pancartas\",\"item\":\"https:\\\/\\\/www.amstelprinting.nl\\\/es\\\/categor\u00eda\\\/publicidad-exterior\\\/marcos-de-pancartas\\\/\"},{\"@type\":\"ListItem\",\"position\":5,\"name\":\"Marco para lona circular\"}]},{\"@type\":\"WebSite\",\"@id\":\"https:\\\/\\\/www.amstelprinting.nl\\\/es\\\/#website\",\"url\":\"https:\\\/\\\/www.amstelprinting.nl\\\/es\\\/\",\"name\":\"Amstel Printing\",\"description\":\"Creating Exposure\",\"publisher\":{\"@id\":\"https:\\\/\\\/www.amstelprinting.nl\\\/es\\\/#organization\"},\"potentialAction\":[{\"@type\":\"SearchAction\",\"target\":{\"@type\":\"EntryPoint\",\"urlTemplate\":\"https:\\\/\\\/www.amstelprinting.nl\\\/es\\\/?s={search_term_string}\"},\"query-input\":{\"@type\":\"PropertyValueSpecification\",\"valueRequired\":true,\"valueName\":\"search_term_string\"}}],\"inLanguage\":\"es\"},{\"@type\":\"Organization\",\"@id\":\"https:\\\/\\\/www.amstelprinting.nl\\\/es\\\/#organization\",\"name\":\"Amstel Printing\",\"url\":\"https:\\\/\\\/www.amstelprinting.nl\\\/es\\\/\",\"logo\":{\"@type\":\"ImageObject\",\"inLanguage\":\"es\",\"@id\":\"https:\\\/\\\/www.amstelprinting.nl\\\/es\\\/#\\\/schema\\\/logo\\\/image\\\/\",\"url\":\"https:\\\/\\\/www.amstelprinting.nl\\\/wp-content\\\/uploads\\\/amstel_printing_logo_clean.png\",\"contentUrl\":\"https:\\\/\\\/www.amstelprinting.nl\\\/wp-content\\\/uploads\\\/amstel_printing_logo_clean.png\",\"width\":324,\"height\":73,\"caption\":\"Amstel Printing\"},\"image\":{\"@id\":\"https:\\\/\\\/www.amstelprinting.nl\\\/es\\\/#\\\/schema\\\/logo\\\/image\\\/\"}}]}<\/script>\n<!-- \/ Yoast SEO plugin. -->","yoast_head_json":{"title":"Marco para lona circular | Amstel Printing","robots":{"index":"index","follow":"follow","max-snippet":"max-snippet:-1","max-image-preview":"max-image-preview:large","max-video-preview":"max-video-preview:-1"},"canonical":"https:\/\/www.amstelprinting.nl\/es\/tienda\/publicidad-exterior\/marcos-de-pancartas\/marco-para-lona-circular\/","og_locale":"es_ES","og_type":"article","og_title":"Marco para lona circular | Amstel Printing","og_description":"Marco de aluminio redondo \u00fanico para una lona \u00bfBusca publicidad exterior original? Entonces elija el marco para lona circular. Con un elegante dise\u00f1o redondo, este marco atrae la atenci\u00f3n de inmediato. Dando como resultado un aspecto moderno y din\u00e1mico. Perfecto tanto para uso en interiores como en exteriores. Configure f\u00e1cilmente a continuaci\u00f3n su marco para lona circular (con o sin lona).","og_url":"https:\/\/www.amstelprinting.nl\/es\/tienda\/publicidad-exterior\/marcos-de-pancartas\/marco-para-lona-circular\/","og_site_name":"Amstel Printing","article_modified_time":"2026-02-18T11:47:49+00:00","og_image":[{"width":700,"height":700,"url":"https:\/\/www.amstelprinting.nl\/wp-content\/uploads\/rond-spandoekframebedrukken.png","type":"image\/png"}],"twitter_card":"summary_large_image","twitter_misc":{"Tiempo de lectura":"1 minuto"},"schema":{"@context":"https:\/\/schema.org","@graph":[{"@type":"WebPage","@id":"https:\/\/www.amstelprinting.nl\/es\/tienda\/publicidad-exterior\/marcos-de-pancartas\/marco-para-lona-circular\/","url":"https:\/\/www.amstelprinting.nl\/es\/tienda\/publicidad-exterior\/marcos-de-pancartas\/marco-para-lona-circular\/","name":"Marco para lona circular | Amstel Printing","isPartOf":{"@id":"https:\/\/www.amstelprinting.nl\/es\/#website"},"primaryImageOfPage":{"@id":"https:\/\/www.amstelprinting.nl\/es\/tienda\/publicidad-exterior\/marcos-de-pancartas\/marco-para-lona-circular\/#primaryimage"},"image":{"@id":"https:\/\/www.amstelprinting.nl\/es\/tienda\/publicidad-exterior\/marcos-de-pancartas\/marco-para-lona-circular\/#primaryimage"},"thumbnailUrl":"https:\/\/www.amstelprinting.nl\/wp-content\/uploads\/rond-spandoekframebedrukken.png","datePublished":"2025-01-24T10:32:27+00:00","dateModified":"2026-02-18T11:47:49+00:00","breadcrumb":{"@id":"https:\/\/www.amstelprinting.nl\/es\/tienda\/publicidad-exterior\/marcos-de-pancartas\/marco-para-lona-circular\/#breadcrumb"},"inLanguage":"es","potentialAction":[{"@type":"ReadAction","target":["https:\/\/www.amstelprinting.nl\/es\/tienda\/publicidad-exterior\/marcos-de-pancartas\/marco-para-lona-circular\/"]}]},{"@type":"ImageObject","inLanguage":"es","@id":"https:\/\/www.amstelprinting.nl\/es\/tienda\/publicidad-exterior\/marcos-de-pancartas\/marco-para-lona-circular\/#primaryimage","url":"https:\/\/www.amstelprinting.nl\/wp-content\/uploads\/rond-spandoekframebedrukken.png","contentUrl":"https:\/\/www.amstelprinting.nl\/wp-content\/uploads\/rond-spandoekframebedrukken.png","width":700,"height":700},{"@type":"BreadcrumbList","@id":"https:\/\/www.amstelprinting.nl\/es\/tienda\/publicidad-exterior\/marcos-de-pancartas\/marco-para-lona-circular\/#breadcrumb","itemListElement":[{"@type":"ListItem","position":1,"name":"","item":"https:\/\/www.amstelprinting.nl\/es\/"},{"@type":"ListItem","position":2,"name":"Amstel Printing","item":"https:\/\/www.amstelprinting.nl\/es\/comercio\/"},{"@type":"ListItem","position":3,"name":"Publicidad exterior","item":"https:\/\/www.amstelprinting.nl\/es\/categor\u00eda\/publicidad-exterior\/"},{"@type":"ListItem","position":4,"name":"Marcos de pancartas","item":"https:\/\/www.amstelprinting.nl\/es\/categor\u00eda\/publicidad-exterior\/marcos-de-pancartas\/"},{"@type":"ListItem","position":5,"name":"Marco para lona circular"}]},{"@type":"WebSite","@id":"https:\/\/www.amstelprinting.nl\/es\/#website","url":"https:\/\/www.amstelprinting.nl\/es\/","name":"Amstel Printing","description":"Creating Exposure","publisher":{"@id":"https:\/\/www.amstelprinting.nl\/es\/#organization"},"potentialAction":[{"@type":"SearchAction","target":{"@type":"EntryPoint","urlTemplate":"https:\/\/www.amstelprinting.nl\/es\/?s={search_term_string}"},"query-input":{"@type":"PropertyValueSpecification","valueRequired":true,"valueName":"search_term_string"}}],"inLanguage":"es"},{"@type":"Organization","@id":"https:\/\/www.amstelprinting.nl\/es\/#organization","name":"Amstel Printing","url":"https:\/\/www.amstelprinting.nl\/es\/","logo":{"@type":"ImageObject","inLanguage":"es","@id":"https:\/\/www.amstelprinting.nl\/es\/#\/schema\/logo\/image\/","url":"https:\/\/www.amstelprinting.nl\/wp-content\/uploads\/amstel_printing_logo_clean.png","contentUrl":"https:\/\/www.amstelprinting.nl\/wp-content\/uploads\/amstel_printing_logo_clean.png","width":324,"height":73,"caption":"Amstel Printing"},"image":{"@id":"https:\/\/www.amstelprinting.nl\/es\/#\/schema\/logo\/image\/"}}]}},"_links":{"self":[{"href":"https:\/\/www.amstelprinting.nl\/es\/wp-json\/wp\/v2\/product\/13898","targetHints":{"allow":["GET"]}}],"collection":[{"href":"https:\/\/www.amstelprinting.nl\/es\/wp-json\/wp\/v2\/product"}],"about":[{"href":"https:\/\/www.amstelprinting.nl\/es\/wp-json\/wp\/v2\/types\/product"}],"wp:featuredmedia":[{"embeddable":true,"href":"https:\/\/www.amstelprinting.nl\/es\/wp-json\/wp\/v2\/media\/13899"}],"wp:attachment":[{"href":"https:\/\/www.amstelprinting.nl\/es\/wp-json\/wp\/v2\/media?parent=13898"}],"wp:term":[{"taxonomy":"product_brand","embeddable":true,"href":"https:\/\/www.amstelprinting.nl\/es\/wp-json\/wp\/v2\/product_brand?post=13898"},{"taxonomy":"product_cat","embeddable":true,"href":"https:\/\/www.amstelprinting.nl\/es\/wp-json\/wp\/v2\/product_cat?post=13898"},{"taxonomy":"product_tag","embeddable":true,"href":"https:\/\/www.amstelprinting.nl\/es\/wp-json\/wp\/v2\/product_tag?post=13898"}],"curies":[{"name":"wp","href":"https:\/\/api.w.org\/{rel}","templated":true}]}}