{"id":13908,"date":"2025-01-24T11:32:23","date_gmt":"2025-01-24T10:32:23","guid":{"rendered":"https:\/\/www.amstelprinting.nl\/winkel\/sin%20categor\u00eda\/vrijstaand-spandoekframe\/"},"modified":"2026-02-18T12:47:50","modified_gmt":"2026-02-18T11:47:50","slug":"marco-para-lona-publicitaria-autoportante","status":"publish","type":"product","link":"https:\/\/www.amstelprinting.nl\/es\/tienda\/publicidad-exterior\/marcos-de-pancartas\/marco-para-lona-publicitaria-autoportante\/","title":{"rendered":"Marco para lona publicitaria autoportante"},"content":{"rendered":"<h3>Comprar marco para lona publicitaria autoportante<\/h3>\n<p>Refuerce su publicidad exterior con nuestro marco para lona publicitaria autoportante, dise\u00f1ado para ofrecer el m\u00e1ximo impacto y durabilidad. Elija un set completo o pida solo la estructura de tubos.<\/p>\n<h3>Formatos<\/h3>\n<p>Disponible en ocho formatos diferentes (en forma rectangular o cuadrada). \u00bfBusca otro tama\u00f1o? No dude en solicitar un presupuesto personalizado.<\/p>\n<h3>Materiales<\/h3>\n<p>Nuestro marco para lona autoportante est\u00e1 disponible en cuatro materiales de lona.<\/p>\n<ul>\n<li><strong>ProPES Outdoor<\/strong>: Duradero, ligero y 100 % reciclable, ideal para aplicaciones vers\u00e1tiles.<\/li>\n<li><strong>Banner 510<\/strong>: El tipo de lona m\u00e1s solicitado. Una lona de PVC con un acabado brillante para impresiones claras y vibrantes.<\/li>\n<li><strong>Lona microperforada (Mesh)<\/strong>: Perfecta para lugares con mucho viento gracias a su estructura permeable. Menos adecuada para dise\u00f1os detallados.<\/li>\n<li><strong>Banner 610<\/strong>: Lona de PVC robusta para condiciones clim\u00e1ticas extremas y uso prolongado.<\/li>\n<\/ul>\n<p>&nbsp;<\/p>\n<h3>Acabados<\/h3>\n<p>Elija entre dobladillo y ojales, o dobladillo y ojales para Stormfix, para un acabado resistente y profesional que mantenga su lona segura y tensa.<\/p>\n<h3>Alternativas<\/h3>\n<p>Adem\u00e1s del marco para lona autoportante, existen numerosas alternativas (para fijaci\u00f3n en paredes interiores o exteriores), iluminadas o sin iluminar. A continuaci\u00f3n explicamos brevemente las caracter\u00edsticas de cada producto.<\/p>\n<ul>\n<li><strong>Marco para lona<\/strong>: marco est\u00e1ndar para lona en pared.<\/li>\n<li><strong>Marco textil de exterior<\/strong>: Desarrollado especialmente para uso en exteriores.<\/li>\n<li><strong>Marco de impacto exterior<\/strong>: Para un montaje r\u00e1pido y sencillo al aire libre.<\/li>\n<li><strong>Marco para lona invisible<\/strong>: Para una apariencia minimalista: el marco y los el\u00e1sticos no son visibles.<\/li>\n<li><strong>Marco LED de exterior<\/strong>: Su dise\u00f1o iluminado para atraer m\u00e1s atenci\u00f3n, incluso en la oscuridad.<\/li>\n<li><strong>Marco para lona redondo<\/strong>: Lona en forma redonda: \u00a1una alternativa original!<\/li>\n<\/ul>\n<p>&nbsp;<\/p>\n<h3>Accesorios<\/h3>\n<p>Complete su marco para lona autoportante con accesorios como tensores con gancho de ara\u00f1a o tensores de cuello de cisne, que le permiten fijar su lona de forma sencilla y eficiente en el marco independiente. Se garantiza as\u00ed una presentaci\u00f3n perfecta.<\/p>\n","protected":false},"excerpt":{"rendered":"<h3>Estructura de tubos autoportante para lonas<\/h3>\n<p>Un marco para lona autoportante es un sistema flexible y robusto que le permite presentar su mensaje en cualquier lugar. No se requiere pared ni techo para su colocaci\u00f3n, ya que la s\u00f3lida estructura de tubos puede mantenerse en pie por s\u00ed sola. Ideal para uso en interiores y exteriores. Perfecto para ferias, eventos o zonas de construcci\u00f3n donde no es posible una estructura fija.<\/p>\n","protected":false},"featured_media":13909,"template":"","meta":{"_et_pb_use_builder":"","_et_pb_old_content":"","_et_gb_content_width":""},"product_brand":[],"product_cat":[431,536,409,450],"product_tag":[],"class_list":{"0":"post-13908","1":"product","2":"type-product","3":"status-publish","4":"has-post-thumbnail","6":"product_cat-feria-y-evento","7":"product_cat-marcos-de-pancartas","8":"product_cat-panos-de-fiesta","9":"product_cat-publicidad-exterior","11":"first","12":"instock","13":"taxable","14":"shipping-taxable","15":"purchasable","16":"product-type-simple"},"yoast_head":"<!-- This site is optimized with the Yoast SEO plugin v27.3 - https:\/\/yoast.com\/product\/yoast-seo-wordpress\/ -->\n<title>Marco para lona publicitaria autoportante: aluminio de alta calidad para eventos<\/title>\n<meta name=\"description\" content=\"Pida un marco para lona publicitaria robusto y flexible de aluminio, ideal para eventos y festivales. Entrega en toda Europa\" \/>\n<meta name=\"robots\" content=\"index, follow, max-snippet:-1, max-image-preview:large, max-video-preview:-1\" \/>\n<link rel=\"canonical\" href=\"https:\/\/www.amstelprinting.nl\/es\/tienda\/publicidad-exterior\/marcos-de-pancartas\/marco-para-lona-publicitaria-autoportante\/\" \/>\n<meta property=\"og:locale\" content=\"es_ES\" \/>\n<meta property=\"og:type\" content=\"article\" \/>\n<meta property=\"og:title\" content=\"Marco para lona publicitaria autoportante: aluminio de alta calidad para eventos\" \/>\n<meta property=\"og:description\" content=\"Pida un marco para lona publicitaria robusto y flexible de aluminio, ideal para eventos y festivales. Entrega en toda Europa\" \/>\n<meta property=\"og:url\" content=\"https:\/\/www.amstelprinting.nl\/es\/tienda\/publicidad-exterior\/marcos-de-pancartas\/marco-para-lona-publicitaria-autoportante\/\" \/>\n<meta property=\"og:site_name\" content=\"Amstel Printing\" \/>\n<meta property=\"article:modified_time\" content=\"2026-02-18T11:47:50+00:00\" \/>\n<meta property=\"og:image\" content=\"https:\/\/www.amstelprinting.nl\/wp-content\/uploads\/vrijstaand-spandoekframe-bedrukken.png\" \/>\n\t<meta property=\"og:image:width\" content=\"700\" \/>\n\t<meta property=\"og:image:height\" content=\"700\" \/>\n\t<meta property=\"og:image:type\" content=\"image\/png\" \/>\n<meta name=\"twitter:card\" content=\"summary_large_image\" \/>\n<meta name=\"twitter:label1\" content=\"Tiempo de lectura\" \/>\n\t<meta name=\"twitter:data1\" content=\"2 minutos\" \/>\n<script type=\"application\/ld+json\" class=\"yoast-schema-graph\">{\"@context\":\"https:\\\/\\\/schema.org\",\"@graph\":[{\"@type\":\"WebPage\",\"@id\":\"https:\\\/\\\/www.amstelprinting.nl\\\/es\\\/tienda\\\/publicidad-exterior\\\/marcos-de-pancartas\\\/marco-para-lona-publicitaria-autoportante\\\/\",\"url\":\"https:\\\/\\\/www.amstelprinting.nl\\\/es\\\/tienda\\\/publicidad-exterior\\\/marcos-de-pancartas\\\/marco-para-lona-publicitaria-autoportante\\\/\",\"name\":\"Marco para lona publicitaria autoportante: aluminio de alta calidad para eventos\",\"isPartOf\":{\"@id\":\"https:\\\/\\\/www.amstelprinting.nl\\\/es\\\/#website\"},\"primaryImageOfPage\":{\"@id\":\"https:\\\/\\\/www.amstelprinting.nl\\\/es\\\/tienda\\\/publicidad-exterior\\\/marcos-de-pancartas\\\/marco-para-lona-publicitaria-autoportante\\\/#primaryimage\"},\"image\":{\"@id\":\"https:\\\/\\\/www.amstelprinting.nl\\\/es\\\/tienda\\\/publicidad-exterior\\\/marcos-de-pancartas\\\/marco-para-lona-publicitaria-autoportante\\\/#primaryimage\"},\"thumbnailUrl\":\"https:\\\/\\\/www.amstelprinting.nl\\\/wp-content\\\/uploads\\\/vrijstaand-spandoekframe-bedrukken.png\",\"datePublished\":\"2025-01-24T10:32:23+00:00\",\"dateModified\":\"2026-02-18T11:47:50+00:00\",\"description\":\"Pida un marco para lona publicitaria robusto y flexible de aluminio, ideal para eventos y festivales. Entrega en toda Europa\",\"breadcrumb\":{\"@id\":\"https:\\\/\\\/www.amstelprinting.nl\\\/es\\\/tienda\\\/publicidad-exterior\\\/marcos-de-pancartas\\\/marco-para-lona-publicitaria-autoportante\\\/#breadcrumb\"},\"inLanguage\":\"es\",\"potentialAction\":[{\"@type\":\"ReadAction\",\"target\":[\"https:\\\/\\\/www.amstelprinting.nl\\\/es\\\/tienda\\\/publicidad-exterior\\\/marcos-de-pancartas\\\/marco-para-lona-publicitaria-autoportante\\\/\"]}]},{\"@type\":\"ImageObject\",\"inLanguage\":\"es\",\"@id\":\"https:\\\/\\\/www.amstelprinting.nl\\\/es\\\/tienda\\\/publicidad-exterior\\\/marcos-de-pancartas\\\/marco-para-lona-publicitaria-autoportante\\\/#primaryimage\",\"url\":\"https:\\\/\\\/www.amstelprinting.nl\\\/wp-content\\\/uploads\\\/vrijstaand-spandoekframe-bedrukken.png\",\"contentUrl\":\"https:\\\/\\\/www.amstelprinting.nl\\\/wp-content\\\/uploads\\\/vrijstaand-spandoekframe-bedrukken.png\",\"width\":700,\"height\":700},{\"@type\":\"BreadcrumbList\",\"@id\":\"https:\\\/\\\/www.amstelprinting.nl\\\/es\\\/tienda\\\/publicidad-exterior\\\/marcos-de-pancartas\\\/marco-para-lona-publicitaria-autoportante\\\/#breadcrumb\",\"itemListElement\":[{\"@type\":\"ListItem\",\"position\":1,\"name\":\"\",\"item\":\"https:\\\/\\\/www.amstelprinting.nl\\\/es\\\/\"},{\"@type\":\"ListItem\",\"position\":2,\"name\":\"Amstel Printing\",\"item\":\"https:\\\/\\\/www.amstelprinting.nl\\\/es\\\/comercio\\\/\"},{\"@type\":\"ListItem\",\"position\":3,\"name\":\"Publicidad exterior\",\"item\":\"https:\\\/\\\/www.amstelprinting.nl\\\/es\\\/categor\u00eda\\\/publicidad-exterior\\\/\"},{\"@type\":\"ListItem\",\"position\":4,\"name\":\"Marcos de pancartas\",\"item\":\"https:\\\/\\\/www.amstelprinting.nl\\\/es\\\/categor\u00eda\\\/publicidad-exterior\\\/marcos-de-pancartas\\\/\"},{\"@type\":\"ListItem\",\"position\":5,\"name\":\"Marco para lona publicitaria autoportante\"}]},{\"@type\":\"WebSite\",\"@id\":\"https:\\\/\\\/www.amstelprinting.nl\\\/es\\\/#website\",\"url\":\"https:\\\/\\\/www.amstelprinting.nl\\\/es\\\/\",\"name\":\"Amstel Printing\",\"description\":\"Creating Exposure\",\"publisher\":{\"@id\":\"https:\\\/\\\/www.amstelprinting.nl\\\/es\\\/#organization\"},\"potentialAction\":[{\"@type\":\"SearchAction\",\"target\":{\"@type\":\"EntryPoint\",\"urlTemplate\":\"https:\\\/\\\/www.amstelprinting.nl\\\/es\\\/?s={search_term_string}\"},\"query-input\":{\"@type\":\"PropertyValueSpecification\",\"valueRequired\":true,\"valueName\":\"search_term_string\"}}],\"inLanguage\":\"es\"},{\"@type\":\"Organization\",\"@id\":\"https:\\\/\\\/www.amstelprinting.nl\\\/es\\\/#organization\",\"name\":\"Amstel Printing\",\"url\":\"https:\\\/\\\/www.amstelprinting.nl\\\/es\\\/\",\"logo\":{\"@type\":\"ImageObject\",\"inLanguage\":\"es\",\"@id\":\"https:\\\/\\\/www.amstelprinting.nl\\\/es\\\/#\\\/schema\\\/logo\\\/image\\\/\",\"url\":\"https:\\\/\\\/www.amstelprinting.nl\\\/wp-content\\\/uploads\\\/amstel_printing_logo_clean.png\",\"contentUrl\":\"https:\\\/\\\/www.amstelprinting.nl\\\/wp-content\\\/uploads\\\/amstel_printing_logo_clean.png\",\"width\":324,\"height\":73,\"caption\":\"Amstel Printing\"},\"image\":{\"@id\":\"https:\\\/\\\/www.amstelprinting.nl\\\/es\\\/#\\\/schema\\\/logo\\\/image\\\/\"}}]}<\/script>\n<!-- \/ Yoast SEO plugin. -->","yoast_head_json":{"title":"Marco para lona publicitaria autoportante: aluminio de alta calidad para eventos","description":"Pida un marco para lona publicitaria robusto y flexible de aluminio, ideal para eventos y festivales. Entrega en toda Europa","robots":{"index":"index","follow":"follow","max-snippet":"max-snippet:-1","max-image-preview":"max-image-preview:large","max-video-preview":"max-video-preview:-1"},"canonical":"https:\/\/www.amstelprinting.nl\/es\/tienda\/publicidad-exterior\/marcos-de-pancartas\/marco-para-lona-publicitaria-autoportante\/","og_locale":"es_ES","og_type":"article","og_title":"Marco para lona publicitaria autoportante: aluminio de alta calidad para eventos","og_description":"Pida un marco para lona publicitaria robusto y flexible de aluminio, ideal para eventos y festivales. Entrega en toda Europa","og_url":"https:\/\/www.amstelprinting.nl\/es\/tienda\/publicidad-exterior\/marcos-de-pancartas\/marco-para-lona-publicitaria-autoportante\/","og_site_name":"Amstel Printing","article_modified_time":"2026-02-18T11:47:50+00:00","og_image":[{"width":700,"height":700,"url":"https:\/\/www.amstelprinting.nl\/wp-content\/uploads\/vrijstaand-spandoekframe-bedrukken.png","type":"image\/png"}],"twitter_card":"summary_large_image","twitter_misc":{"Tiempo de lectura":"2 minutos"},"schema":{"@context":"https:\/\/schema.org","@graph":[{"@type":"WebPage","@id":"https:\/\/www.amstelprinting.nl\/es\/tienda\/publicidad-exterior\/marcos-de-pancartas\/marco-para-lona-publicitaria-autoportante\/","url":"https:\/\/www.amstelprinting.nl\/es\/tienda\/publicidad-exterior\/marcos-de-pancartas\/marco-para-lona-publicitaria-autoportante\/","name":"Marco para lona publicitaria autoportante: aluminio de alta calidad para eventos","isPartOf":{"@id":"https:\/\/www.amstelprinting.nl\/es\/#website"},"primaryImageOfPage":{"@id":"https:\/\/www.amstelprinting.nl\/es\/tienda\/publicidad-exterior\/marcos-de-pancartas\/marco-para-lona-publicitaria-autoportante\/#primaryimage"},"image":{"@id":"https:\/\/www.amstelprinting.nl\/es\/tienda\/publicidad-exterior\/marcos-de-pancartas\/marco-para-lona-publicitaria-autoportante\/#primaryimage"},"thumbnailUrl":"https:\/\/www.amstelprinting.nl\/wp-content\/uploads\/vrijstaand-spandoekframe-bedrukken.png","datePublished":"2025-01-24T10:32:23+00:00","dateModified":"2026-02-18T11:47:50+00:00","description":"Pida un marco para lona publicitaria robusto y flexible de aluminio, ideal para eventos y festivales. Entrega en toda Europa","breadcrumb":{"@id":"https:\/\/www.amstelprinting.nl\/es\/tienda\/publicidad-exterior\/marcos-de-pancartas\/marco-para-lona-publicitaria-autoportante\/#breadcrumb"},"inLanguage":"es","potentialAction":[{"@type":"ReadAction","target":["https:\/\/www.amstelprinting.nl\/es\/tienda\/publicidad-exterior\/marcos-de-pancartas\/marco-para-lona-publicitaria-autoportante\/"]}]},{"@type":"ImageObject","inLanguage":"es","@id":"https:\/\/www.amstelprinting.nl\/es\/tienda\/publicidad-exterior\/marcos-de-pancartas\/marco-para-lona-publicitaria-autoportante\/#primaryimage","url":"https:\/\/www.amstelprinting.nl\/wp-content\/uploads\/vrijstaand-spandoekframe-bedrukken.png","contentUrl":"https:\/\/www.amstelprinting.nl\/wp-content\/uploads\/vrijstaand-spandoekframe-bedrukken.png","width":700,"height":700},{"@type":"BreadcrumbList","@id":"https:\/\/www.amstelprinting.nl\/es\/tienda\/publicidad-exterior\/marcos-de-pancartas\/marco-para-lona-publicitaria-autoportante\/#breadcrumb","itemListElement":[{"@type":"ListItem","position":1,"name":"","item":"https:\/\/www.amstelprinting.nl\/es\/"},{"@type":"ListItem","position":2,"name":"Amstel Printing","item":"https:\/\/www.amstelprinting.nl\/es\/comercio\/"},{"@type":"ListItem","position":3,"name":"Publicidad exterior","item":"https:\/\/www.amstelprinting.nl\/es\/categor\u00eda\/publicidad-exterior\/"},{"@type":"ListItem","position":4,"name":"Marcos de pancartas","item":"https:\/\/www.amstelprinting.nl\/es\/categor\u00eda\/publicidad-exterior\/marcos-de-pancartas\/"},{"@type":"ListItem","position":5,"name":"Marco para lona publicitaria autoportante"}]},{"@type":"WebSite","@id":"https:\/\/www.amstelprinting.nl\/es\/#website","url":"https:\/\/www.amstelprinting.nl\/es\/","name":"Amstel Printing","description":"Creating Exposure","publisher":{"@id":"https:\/\/www.amstelprinting.nl\/es\/#organization"},"potentialAction":[{"@type":"SearchAction","target":{"@type":"EntryPoint","urlTemplate":"https:\/\/www.amstelprinting.nl\/es\/?s={search_term_string}"},"query-input":{"@type":"PropertyValueSpecification","valueRequired":true,"valueName":"search_term_string"}}],"inLanguage":"es"},{"@type":"Organization","@id":"https:\/\/www.amstelprinting.nl\/es\/#organization","name":"Amstel Printing","url":"https:\/\/www.amstelprinting.nl\/es\/","logo":{"@type":"ImageObject","inLanguage":"es","@id":"https:\/\/www.amstelprinting.nl\/es\/#\/schema\/logo\/image\/","url":"https:\/\/www.amstelprinting.nl\/wp-content\/uploads\/amstel_printing_logo_clean.png","contentUrl":"https:\/\/www.amstelprinting.nl\/wp-content\/uploads\/amstel_printing_logo_clean.png","width":324,"height":73,"caption":"Amstel Printing"},"image":{"@id":"https:\/\/www.amstelprinting.nl\/es\/#\/schema\/logo\/image\/"}}]}},"_links":{"self":[{"href":"https:\/\/www.amstelprinting.nl\/es\/wp-json\/wp\/v2\/product\/13908","targetHints":{"allow":["GET"]}}],"collection":[{"href":"https:\/\/www.amstelprinting.nl\/es\/wp-json\/wp\/v2\/product"}],"about":[{"href":"https:\/\/www.amstelprinting.nl\/es\/wp-json\/wp\/v2\/types\/product"}],"wp:featuredmedia":[{"embeddable":true,"href":"https:\/\/www.amstelprinting.nl\/es\/wp-json\/wp\/v2\/media\/13909"}],"wp:attachment":[{"href":"https:\/\/www.amstelprinting.nl\/es\/wp-json\/wp\/v2\/media?parent=13908"}],"wp:term":[{"taxonomy":"product_brand","embeddable":true,"href":"https:\/\/www.amstelprinting.nl\/es\/wp-json\/wp\/v2\/product_brand?post=13908"},{"taxonomy":"product_cat","embeddable":true,"href":"https:\/\/www.amstelprinting.nl\/es\/wp-json\/wp\/v2\/product_cat?post=13908"},{"taxonomy":"product_tag","embeddable":true,"href":"https:\/\/www.amstelprinting.nl\/es\/wp-json\/wp\/v2\/product_tag?post=13908"}],"curies":[{"name":"wp","href":"https:\/\/api.w.org\/{rel}","templated":true}]}}