{"id":13922,"date":"2025-01-24T11:32:14","date_gmt":"2025-01-24T10:32:14","guid":{"rendered":"https:\/\/www.amstelprinting.nl\/winkel\/sin%20categor\u00eda\/carwrap\/"},"modified":"2026-02-18T12:47:51","modified_gmt":"2026-02-18T11:47:51","slug":"rotulacion-de-vehiculos","status":"publish","type":"product","link":"https:\/\/www.amstelprinting.nl\/es\/tienda\/publicidad-exterior\/publicidad-de-vehiculos\/rotulacion-de-vehiculos\/","title":{"rendered":"Rotulaci\u00f3n de veh\u00edculos"},"content":{"rendered":"<h3>Ventajas<\/h3>\n<ul>\n<li>Elija entre tres materiales de marcas de renombre<\/li>\n<li>Vinilos flexibles: ideales para superficies complejas y curvas<\/li>\n<li>Aplicaci\u00f3n sin burbujas gracias a la innovadora tecnolog\u00eda adhesiva<\/li>\n<li>Divida f\u00e1cilmente dise\u00f1os grandes a trav\u00e9s de nuestra herramienta de carga<\/li>\n<li>Disfrute de impresiones n\u00edtidas y duraderas con tecnolog\u00eda Eco-Solvent<\/li>\n<li>Garant\u00eda de una larga vida \u00fatil de al menos 5 a\u00f1os<\/li>\n<\/ul>\n<p>&nbsp;<\/p>\n<h3>Impresora de rotulaci\u00f3n<\/h3>\n<p>Ofrecemos nuestros vinilos de rotulaci\u00f3n en dos calidades diferentes. La calidad est\u00e1ndar se imprime con una impresora de l\u00e1tex. Adem\u00e1s, tambi\u00e9n ofrecemos una variante premium. Esta rotulaci\u00f3n tiene una calidad de impresi\u00f3n muy alta gracias a nuestra impresora Eco-solvent. La gran ventaja de esta impresora es su capacidad para procesar nueve colores de tinta diferentes. El resultado es una gama de colores mucho m\u00e1s amplia, lo que hace que las impresiones de la rotulaci\u00f3n se vean a\u00fan m\u00e1s v\u00edvidas e impresionantes.<\/p>\n<h3>Vinilos de rotulaci\u00f3n<\/h3>\n<p>Nuestros vinilos de rotulaci\u00f3n est\u00e1n fabricados con vinilo de calidad premium resistente a diversas condiciones clim\u00e1ticas y a la radiaci\u00f3n UV, lo que mantiene los colores brillantes y garantiza la durabilidad del vinilo. Amstel Printing ofrece vinilos de rotulaci\u00f3n de dos marcas diferentes: 3M\u2122 y Avery Dennison. A continuaci\u00f3n, explicamos las propiedades de cada vinilo.<\/p>\n<p><strong>3M\u2122 Print Wrap Film IJ280 Blanco<\/strong><br \/>\nVinilo de calidad con 7 a\u00f1os de garant\u00eda si elige laminado.<br \/>\nCapa adhesiva Comply\u2122 v4 Air Release y Controltac para un f\u00e1cil (re)posicionamiento y una aplicaci\u00f3n de la rotulaci\u00f3n sin aire.<\/p>\n<p><strong>Avery 1104<\/strong><br \/>\nVinilo con reverso blanco. Vida \u00fatil esperada de 5 a\u00f1os en uso exterior.<br \/>\nEl vinilo de rotulaci\u00f3n Avery 1104 es la opci\u00f3n m\u00e1s econ\u00f3mica.<\/p>\n<p><strong>Avery 1105<\/strong><br \/>\nVinilo fundido con una elasticidad de hasta el 150%.<br \/>\nEl vinilo tiene una capa adhesiva Easy Apply\u2122 Repositionable para un f\u00e1cil (re)posicionamiento y una aplicaci\u00f3n de la rotulaci\u00f3n sin aire.<\/p>\n<h3>F\u00e1cil aplicaci\u00f3n<\/h3>\n<p>Los vinilos de rotulaci\u00f3n son f\u00e1ciles de instalar gracias a los canales de aire en la capa adhesiva, lo que evita las burbujas de aire y garantiza un acabado suave y sin costuras.<\/p>\n<h3>Funci\u00f3n duradera<\/h3>\n<p>Los vinilos de rotulaci\u00f3n tienen, adem\u00e1s de una funci\u00f3n promocional, una funci\u00f3n protectora contra impactos de piedras y ara\u00f1azos.<\/p>\n<h3>F\u00e1cil de quitar<\/h3>\n<p>Nuestros vinilos de rotulaci\u00f3n tambi\u00e9n se pueden quitar f\u00e1cilmente. No dejan restos de adhesivo, lo que le permite restaurar el veh\u00edculo a su estado original.<\/p>\n","protected":false},"excerpt":{"rendered":"<p><span style=\"font-weight: 400;\">Transforme su veh\u00edculo (comercial) con nuestros vinilos de rotulaci\u00f3n de alta calidad.<\/span><\/p>\n","protected":false},"featured_media":13924,"template":"","meta":{"_et_pb_use_builder":"","_et_pb_old_content":"","_et_gb_content_width":""},"product_brand":[],"product_cat":[315,576,521,450],"product_tag":[],"class_list":{"0":"post-13922","1":"product","2":"type-product","3":"status-publish","4":"has-post-thumbnail","6":"product_cat-pegatinas-e-impresion","7":"product_cat-pegatinas-grandes","8":"product_cat-publicidad-de-vehiculos","9":"product_cat-publicidad-exterior","11":"first","12":"instock","13":"taxable","14":"shipping-taxable","15":"purchasable","16":"product-type-simple"},"yoast_head":"<!-- This site is optimized with the Yoast SEO plugin v27.3 - https:\/\/yoast.com\/product\/yoast-seo-wordpress\/ -->\n<title>Rotulaci\u00f3n de veh\u00edculos | Amstel Printing<\/title>\n<meta name=\"robots\" content=\"index, follow, max-snippet:-1, max-image-preview:large, max-video-preview:-1\" \/>\n<link rel=\"canonical\" href=\"https:\/\/www.amstelprinting.nl\/es\/tienda\/publicidad-exterior\/publicidad-de-vehiculos\/rotulacion-de-vehiculos\/\" \/>\n<meta property=\"og:locale\" content=\"es_ES\" \/>\n<meta property=\"og:type\" content=\"article\" \/>\n<meta property=\"og:title\" content=\"Rotulaci\u00f3n de veh\u00edculos | Amstel Printing\" \/>\n<meta property=\"og:description\" content=\"Transforme su veh\u00edculo (comercial) con nuestros vinilos de rotulaci\u00f3n de alta calidad.\" \/>\n<meta property=\"og:url\" content=\"https:\/\/www.amstelprinting.nl\/es\/tienda\/publicidad-exterior\/publicidad-de-vehiculos\/rotulacion-de-vehiculos\/\" \/>\n<meta property=\"og:site_name\" content=\"Amstel Printing\" \/>\n<meta property=\"article:modified_time\" content=\"2026-02-18T11:47:51+00:00\" \/>\n<meta property=\"og:image\" content=\"https:\/\/www.amstelprinting.nl\/wp-content\/uploads\/autosticker-bedrukken.png\" \/>\n\t<meta property=\"og:image:width\" content=\"900\" \/>\n\t<meta property=\"og:image:height\" content=\"900\" \/>\n\t<meta property=\"og:image:type\" content=\"image\/png\" \/>\n<meta name=\"twitter:card\" content=\"summary_large_image\" \/>\n<meta name=\"twitter:label1\" content=\"Tiempo de lectura\" \/>\n\t<meta name=\"twitter:data1\" content=\"2 minutos\" \/>\n<script type=\"application\/ld+json\" class=\"yoast-schema-graph\">{\"@context\":\"https:\\\/\\\/schema.org\",\"@graph\":[{\"@type\":\"WebPage\",\"@id\":\"https:\\\/\\\/www.amstelprinting.nl\\\/es\\\/tienda\\\/publicidad-exterior\\\/publicidad-de-vehiculos\\\/rotulacion-de-vehiculos\\\/\",\"url\":\"https:\\\/\\\/www.amstelprinting.nl\\\/es\\\/tienda\\\/publicidad-exterior\\\/publicidad-de-vehiculos\\\/rotulacion-de-vehiculos\\\/\",\"name\":\"Rotulaci\u00f3n de veh\u00edculos | Amstel Printing\",\"isPartOf\":{\"@id\":\"https:\\\/\\\/www.amstelprinting.nl\\\/es\\\/#website\"},\"primaryImageOfPage\":{\"@id\":\"https:\\\/\\\/www.amstelprinting.nl\\\/es\\\/tienda\\\/publicidad-exterior\\\/publicidad-de-vehiculos\\\/rotulacion-de-vehiculos\\\/#primaryimage\"},\"image\":{\"@id\":\"https:\\\/\\\/www.amstelprinting.nl\\\/es\\\/tienda\\\/publicidad-exterior\\\/publicidad-de-vehiculos\\\/rotulacion-de-vehiculos\\\/#primaryimage\"},\"thumbnailUrl\":\"https:\\\/\\\/www.amstelprinting.nl\\\/wp-content\\\/uploads\\\/autosticker-bedrukken.png\",\"datePublished\":\"2025-01-24T10:32:14+00:00\",\"dateModified\":\"2026-02-18T11:47:51+00:00\",\"breadcrumb\":{\"@id\":\"https:\\\/\\\/www.amstelprinting.nl\\\/es\\\/tienda\\\/publicidad-exterior\\\/publicidad-de-vehiculos\\\/rotulacion-de-vehiculos\\\/#breadcrumb\"},\"inLanguage\":\"es\",\"potentialAction\":[{\"@type\":\"ReadAction\",\"target\":[\"https:\\\/\\\/www.amstelprinting.nl\\\/es\\\/tienda\\\/publicidad-exterior\\\/publicidad-de-vehiculos\\\/rotulacion-de-vehiculos\\\/\"]}]},{\"@type\":\"ImageObject\",\"inLanguage\":\"es\",\"@id\":\"https:\\\/\\\/www.amstelprinting.nl\\\/es\\\/tienda\\\/publicidad-exterior\\\/publicidad-de-vehiculos\\\/rotulacion-de-vehiculos\\\/#primaryimage\",\"url\":\"https:\\\/\\\/www.amstelprinting.nl\\\/wp-content\\\/uploads\\\/autosticker-bedrukken.png\",\"contentUrl\":\"https:\\\/\\\/www.amstelprinting.nl\\\/wp-content\\\/uploads\\\/autosticker-bedrukken.png\",\"width\":900,\"height\":900},{\"@type\":\"BreadcrumbList\",\"@id\":\"https:\\\/\\\/www.amstelprinting.nl\\\/es\\\/tienda\\\/publicidad-exterior\\\/publicidad-de-vehiculos\\\/rotulacion-de-vehiculos\\\/#breadcrumb\",\"itemListElement\":[{\"@type\":\"ListItem\",\"position\":1,\"name\":\"\",\"item\":\"https:\\\/\\\/www.amstelprinting.nl\\\/es\\\/\"},{\"@type\":\"ListItem\",\"position\":2,\"name\":\"Amstel Printing\",\"item\":\"https:\\\/\\\/www.amstelprinting.nl\\\/es\\\/comercio\\\/\"},{\"@type\":\"ListItem\",\"position\":3,\"name\":\"Publicidad exterior\",\"item\":\"https:\\\/\\\/www.amstelprinting.nl\\\/es\\\/categor\u00eda\\\/publicidad-exterior\\\/\"},{\"@type\":\"ListItem\",\"position\":4,\"name\":\"Publicidad de veh\u00edculos\",\"item\":\"https:\\\/\\\/www.amstelprinting.nl\\\/es\\\/categor\u00eda\\\/publicidad-exterior\\\/publicidad-de-vehiculos\\\/\"},{\"@type\":\"ListItem\",\"position\":5,\"name\":\"Rotulaci\u00f3n de veh\u00edculos\"}]},{\"@type\":\"WebSite\",\"@id\":\"https:\\\/\\\/www.amstelprinting.nl\\\/es\\\/#website\",\"url\":\"https:\\\/\\\/www.amstelprinting.nl\\\/es\\\/\",\"name\":\"Amstel Printing\",\"description\":\"Creating Exposure\",\"publisher\":{\"@id\":\"https:\\\/\\\/www.amstelprinting.nl\\\/es\\\/#organization\"},\"potentialAction\":[{\"@type\":\"SearchAction\",\"target\":{\"@type\":\"EntryPoint\",\"urlTemplate\":\"https:\\\/\\\/www.amstelprinting.nl\\\/es\\\/?s={search_term_string}\"},\"query-input\":{\"@type\":\"PropertyValueSpecification\",\"valueRequired\":true,\"valueName\":\"search_term_string\"}}],\"inLanguage\":\"es\"},{\"@type\":\"Organization\",\"@id\":\"https:\\\/\\\/www.amstelprinting.nl\\\/es\\\/#organization\",\"name\":\"Amstel Printing\",\"url\":\"https:\\\/\\\/www.amstelprinting.nl\\\/es\\\/\",\"logo\":{\"@type\":\"ImageObject\",\"inLanguage\":\"es\",\"@id\":\"https:\\\/\\\/www.amstelprinting.nl\\\/es\\\/#\\\/schema\\\/logo\\\/image\\\/\",\"url\":\"https:\\\/\\\/www.amstelprinting.nl\\\/wp-content\\\/uploads\\\/amstel_printing_logo_clean.png\",\"contentUrl\":\"https:\\\/\\\/www.amstelprinting.nl\\\/wp-content\\\/uploads\\\/amstel_printing_logo_clean.png\",\"width\":324,\"height\":73,\"caption\":\"Amstel Printing\"},\"image\":{\"@id\":\"https:\\\/\\\/www.amstelprinting.nl\\\/es\\\/#\\\/schema\\\/logo\\\/image\\\/\"}}]}<\/script>\n<!-- \/ Yoast SEO plugin. -->","yoast_head_json":{"title":"Rotulaci\u00f3n de veh\u00edculos | Amstel Printing","robots":{"index":"index","follow":"follow","max-snippet":"max-snippet:-1","max-image-preview":"max-image-preview:large","max-video-preview":"max-video-preview:-1"},"canonical":"https:\/\/www.amstelprinting.nl\/es\/tienda\/publicidad-exterior\/publicidad-de-vehiculos\/rotulacion-de-vehiculos\/","og_locale":"es_ES","og_type":"article","og_title":"Rotulaci\u00f3n de veh\u00edculos | Amstel Printing","og_description":"Transforme su veh\u00edculo (comercial) con nuestros vinilos de rotulaci\u00f3n de alta calidad.","og_url":"https:\/\/www.amstelprinting.nl\/es\/tienda\/publicidad-exterior\/publicidad-de-vehiculos\/rotulacion-de-vehiculos\/","og_site_name":"Amstel Printing","article_modified_time":"2026-02-18T11:47:51+00:00","og_image":[{"width":900,"height":900,"url":"https:\/\/www.amstelprinting.nl\/wp-content\/uploads\/autosticker-bedrukken.png","type":"image\/png"}],"twitter_card":"summary_large_image","twitter_misc":{"Tiempo de lectura":"2 minutos"},"schema":{"@context":"https:\/\/schema.org","@graph":[{"@type":"WebPage","@id":"https:\/\/www.amstelprinting.nl\/es\/tienda\/publicidad-exterior\/publicidad-de-vehiculos\/rotulacion-de-vehiculos\/","url":"https:\/\/www.amstelprinting.nl\/es\/tienda\/publicidad-exterior\/publicidad-de-vehiculos\/rotulacion-de-vehiculos\/","name":"Rotulaci\u00f3n de veh\u00edculos | Amstel Printing","isPartOf":{"@id":"https:\/\/www.amstelprinting.nl\/es\/#website"},"primaryImageOfPage":{"@id":"https:\/\/www.amstelprinting.nl\/es\/tienda\/publicidad-exterior\/publicidad-de-vehiculos\/rotulacion-de-vehiculos\/#primaryimage"},"image":{"@id":"https:\/\/www.amstelprinting.nl\/es\/tienda\/publicidad-exterior\/publicidad-de-vehiculos\/rotulacion-de-vehiculos\/#primaryimage"},"thumbnailUrl":"https:\/\/www.amstelprinting.nl\/wp-content\/uploads\/autosticker-bedrukken.png","datePublished":"2025-01-24T10:32:14+00:00","dateModified":"2026-02-18T11:47:51+00:00","breadcrumb":{"@id":"https:\/\/www.amstelprinting.nl\/es\/tienda\/publicidad-exterior\/publicidad-de-vehiculos\/rotulacion-de-vehiculos\/#breadcrumb"},"inLanguage":"es","potentialAction":[{"@type":"ReadAction","target":["https:\/\/www.amstelprinting.nl\/es\/tienda\/publicidad-exterior\/publicidad-de-vehiculos\/rotulacion-de-vehiculos\/"]}]},{"@type":"ImageObject","inLanguage":"es","@id":"https:\/\/www.amstelprinting.nl\/es\/tienda\/publicidad-exterior\/publicidad-de-vehiculos\/rotulacion-de-vehiculos\/#primaryimage","url":"https:\/\/www.amstelprinting.nl\/wp-content\/uploads\/autosticker-bedrukken.png","contentUrl":"https:\/\/www.amstelprinting.nl\/wp-content\/uploads\/autosticker-bedrukken.png","width":900,"height":900},{"@type":"BreadcrumbList","@id":"https:\/\/www.amstelprinting.nl\/es\/tienda\/publicidad-exterior\/publicidad-de-vehiculos\/rotulacion-de-vehiculos\/#breadcrumb","itemListElement":[{"@type":"ListItem","position":1,"name":"","item":"https:\/\/www.amstelprinting.nl\/es\/"},{"@type":"ListItem","position":2,"name":"Amstel Printing","item":"https:\/\/www.amstelprinting.nl\/es\/comercio\/"},{"@type":"ListItem","position":3,"name":"Publicidad exterior","item":"https:\/\/www.amstelprinting.nl\/es\/categor\u00eda\/publicidad-exterior\/"},{"@type":"ListItem","position":4,"name":"Publicidad de veh\u00edculos","item":"https:\/\/www.amstelprinting.nl\/es\/categor\u00eda\/publicidad-exterior\/publicidad-de-vehiculos\/"},{"@type":"ListItem","position":5,"name":"Rotulaci\u00f3n de veh\u00edculos"}]},{"@type":"WebSite","@id":"https:\/\/www.amstelprinting.nl\/es\/#website","url":"https:\/\/www.amstelprinting.nl\/es\/","name":"Amstel Printing","description":"Creating Exposure","publisher":{"@id":"https:\/\/www.amstelprinting.nl\/es\/#organization"},"potentialAction":[{"@type":"SearchAction","target":{"@type":"EntryPoint","urlTemplate":"https:\/\/www.amstelprinting.nl\/es\/?s={search_term_string}"},"query-input":{"@type":"PropertyValueSpecification","valueRequired":true,"valueName":"search_term_string"}}],"inLanguage":"es"},{"@type":"Organization","@id":"https:\/\/www.amstelprinting.nl\/es\/#organization","name":"Amstel Printing","url":"https:\/\/www.amstelprinting.nl\/es\/","logo":{"@type":"ImageObject","inLanguage":"es","@id":"https:\/\/www.amstelprinting.nl\/es\/#\/schema\/logo\/image\/","url":"https:\/\/www.amstelprinting.nl\/wp-content\/uploads\/amstel_printing_logo_clean.png","contentUrl":"https:\/\/www.amstelprinting.nl\/wp-content\/uploads\/amstel_printing_logo_clean.png","width":324,"height":73,"caption":"Amstel Printing"},"image":{"@id":"https:\/\/www.amstelprinting.nl\/es\/#\/schema\/logo\/image\/"}}]}},"_links":{"self":[{"href":"https:\/\/www.amstelprinting.nl\/es\/wp-json\/wp\/v2\/product\/13922","targetHints":{"allow":["GET"]}}],"collection":[{"href":"https:\/\/www.amstelprinting.nl\/es\/wp-json\/wp\/v2\/product"}],"about":[{"href":"https:\/\/www.amstelprinting.nl\/es\/wp-json\/wp\/v2\/types\/product"}],"wp:featuredmedia":[{"embeddable":true,"href":"https:\/\/www.amstelprinting.nl\/es\/wp-json\/wp\/v2\/media\/13924"}],"wp:attachment":[{"href":"https:\/\/www.amstelprinting.nl\/es\/wp-json\/wp\/v2\/media?parent=13922"}],"wp:term":[{"taxonomy":"product_brand","embeddable":true,"href":"https:\/\/www.amstelprinting.nl\/es\/wp-json\/wp\/v2\/product_brand?post=13922"},{"taxonomy":"product_cat","embeddable":true,"href":"https:\/\/www.amstelprinting.nl\/es\/wp-json\/wp\/v2\/product_cat?post=13922"},{"taxonomy":"product_tag","embeddable":true,"href":"https:\/\/www.amstelprinting.nl\/es\/wp-json\/wp\/v2\/product_tag?post=13922"}],"curies":[{"name":"wp","href":"https:\/\/api.w.org\/{rel}","templated":true}]}}