{"id":13937,"date":"2025-01-24T11:32:06","date_gmt":"2025-01-24T10:32:06","guid":{"rendered":"https:\/\/www.amstelprinting.nl\/winkel\/sin%20categor\u00eda\/autosticker\/"},"modified":"2026-02-18T12:47:52","modified_gmt":"2026-02-18T11:47:52","slug":"adhesivo-para-coche","status":"publish","type":"product","link":"https:\/\/www.amstelprinting.nl\/es\/tienda\/publicidad-exterior\/publicidad-de-vehiculos\/adhesivo-para-coche\/","title":{"rendered":"Adhesivo para coche"},"content":{"rendered":"<h3>Adhesivos para coche de calidad Premium<\/h3>\n<p>D\u00e9 a su veh\u00edculo (de empresa) un aspecto \u00fanico y transf\u00f3rmelo en un medio publicitario m\u00f3vil. D\u00e9 a su veh\u00edculo de empresa una funci\u00f3n extra y convi\u00e9rtalo en un medio publicitario sobre ruedas. Nuestros adhesivos para coche ofrecen la soluci\u00f3n perfecta para la rotulaci\u00f3n de veh\u00edculos con superficies planas o ligeramente curvas.<\/p>\n<h3>Adhesivos para coche: nuestras ventajas<\/h3>\n<ul>\n<li>Gran formato hasta 148 x 750 cm posible<\/li>\n<li>Disponible en 14 materiales diferentes<\/li>\n<li>Para superficies planas o curvas<\/li>\n<li>Acabado mate o brillante seg\u00fan se desee<\/li>\n<li>Tambi\u00e9n disponible en corte de contorno<\/li>\n<li>Certificado QuaPro (ign\u00edfugo)<\/li>\n<\/ul>\n<p>&nbsp;<\/p>\n<h3>Amplia selecci\u00f3n de materiales<\/h3>\n<p>Elija adhesivos para coche transparentes o blancos de marcas de primer nivel como los vinilos QuaPro, 3M\u2122, Orajet\u00ae o Avery. Dependiendo de si la superficie es plana o curva, ofrecemos diversas garant\u00edas y vida \u00fatil.<\/p>\n<h3>Adhesivo para coche con forma personalizada<\/h3>\n<p>Adem\u00e1s del adhesivo para coche de forma recta est\u00e1ndar, tambi\u00e9n tiene la posibilidad de pedir adhesivos para coche cortados en contorno (forma propia). Existen dos tipos de t\u00e9cnicas de corte de contorno: through cut o kisscut. En el through cut, el vinilo del adhesivo se corta completamente siguiendo el contorno (todas las capas). En el m\u00e9todo kisscut, solo se corta el vinilo hasta el soporte. Elija esta \u00faltima opci\u00f3n si tiene previsto pelar y aplicar el adhesivo para coche.<\/p>\n<h3>Consejos de aplicaci\u00f3n &#8211; aseg\u00farese de las condiciones adecuadas<\/h3>\n<p>Aseg\u00farese de que la superficie est\u00e9 limpia y libre de grasa. La temperatura de aplicaci\u00f3n adecuada al colocar (pegar) los adhesivos para coche es crucial para lograr el resultado final deseado. Aseg\u00farese de aplicar los adhesivos a una temperatura ambiente de entre 10 y 32 grados cent\u00edgrados. A temperaturas m\u00e1s altas, la capa adhesiva puede volverse pegajosa. Si la temperatura de aplicaci\u00f3n es demasiado baja, la capa adhesiva puede volverse granulada. Adem\u00e1s de la temperatura ambiente, es aconsejable meter el veh\u00edculo que se va a rotular en el interior con antelaci\u00f3n. De este modo, la superficie puede aclimatarse (desempa\u00f1arse). Para un resultado \u00f3ptimo, la superficie a rotular tambi\u00e9n debe estar seca y a una temperatura adecuada.<\/p>\n","protected":false},"excerpt":{"rendered":"<p>Convierta su veh\u00edculo en un medio publicitario m\u00f3vil. Los adhesivos para coche est\u00e1n disponibles desde solo 1 unidad.<\/p>\n","protected":false},"featured_media":13939,"template":"","meta":{"_et_pb_use_builder":"","_et_pb_old_content":"","_et_gb_content_width":""},"product_brand":[],"product_cat":[521,450],"product_tag":[],"class_list":{"0":"post-13937","1":"product","2":"type-product","3":"status-publish","4":"has-post-thumbnail","6":"product_cat-publicidad-de-vehiculos","7":"product_cat-publicidad-exterior","9":"first","10":"instock","11":"taxable","12":"shipping-taxable","13":"purchasable","14":"product-type-simple"},"yoast_head":"<!-- This site is optimized with the Yoast SEO plugin v27.3 - https:\/\/yoast.com\/product\/yoast-seo-wordpress\/ -->\n<title>Adhesivo para coche | Amstel Printing<\/title>\n<meta name=\"robots\" content=\"index, follow, max-snippet:-1, max-image-preview:large, max-video-preview:-1\" \/>\n<link rel=\"canonical\" href=\"https:\/\/www.amstelprinting.nl\/es\/tienda\/publicidad-exterior\/publicidad-de-vehiculos\/adhesivo-para-coche\/\" \/>\n<meta property=\"og:locale\" content=\"es_ES\" \/>\n<meta property=\"og:type\" content=\"article\" \/>\n<meta property=\"og:title\" content=\"Adhesivo para coche | Amstel Printing\" \/>\n<meta property=\"og:description\" content=\"Convierta su veh\u00edculo en un medio publicitario m\u00f3vil. Los adhesivos para coche est\u00e1n disponibles desde solo 1 unidad.\" \/>\n<meta property=\"og:url\" content=\"https:\/\/www.amstelprinting.nl\/es\/tienda\/publicidad-exterior\/publicidad-de-vehiculos\/adhesivo-para-coche\/\" \/>\n<meta property=\"og:site_name\" content=\"Amstel Printing\" \/>\n<meta property=\"article:modified_time\" content=\"2026-02-18T11:47:52+00:00\" \/>\n<meta property=\"og:image\" content=\"https:\/\/www.amstelprinting.nl\/wp-content\/uploads\/Autosticker.jpg\" \/>\n\t<meta property=\"og:image:width\" content=\"700\" \/>\n\t<meta property=\"og:image:height\" content=\"700\" \/>\n\t<meta property=\"og:image:type\" content=\"image\/jpeg\" \/>\n<meta name=\"twitter:card\" content=\"summary_large_image\" \/>\n<meta name=\"twitter:label1\" content=\"Tiempo de lectura\" \/>\n\t<meta name=\"twitter:data1\" content=\"2 minutos\" \/>\n<script type=\"application\/ld+json\" class=\"yoast-schema-graph\">{\"@context\":\"https:\\\/\\\/schema.org\",\"@graph\":[{\"@type\":\"WebPage\",\"@id\":\"https:\\\/\\\/www.amstelprinting.nl\\\/es\\\/tienda\\\/publicidad-exterior\\\/publicidad-de-vehiculos\\\/adhesivo-para-coche\\\/\",\"url\":\"https:\\\/\\\/www.amstelprinting.nl\\\/es\\\/tienda\\\/publicidad-exterior\\\/publicidad-de-vehiculos\\\/adhesivo-para-coche\\\/\",\"name\":\"Adhesivo para coche | Amstel Printing\",\"isPartOf\":{\"@id\":\"https:\\\/\\\/www.amstelprinting.nl\\\/es\\\/#website\"},\"primaryImageOfPage\":{\"@id\":\"https:\\\/\\\/www.amstelprinting.nl\\\/es\\\/tienda\\\/publicidad-exterior\\\/publicidad-de-vehiculos\\\/adhesivo-para-coche\\\/#primaryimage\"},\"image\":{\"@id\":\"https:\\\/\\\/www.amstelprinting.nl\\\/es\\\/tienda\\\/publicidad-exterior\\\/publicidad-de-vehiculos\\\/adhesivo-para-coche\\\/#primaryimage\"},\"thumbnailUrl\":\"https:\\\/\\\/www.amstelprinting.nl\\\/wp-content\\\/uploads\\\/Autosticker.jpg\",\"datePublished\":\"2025-01-24T10:32:06+00:00\",\"dateModified\":\"2026-02-18T11:47:52+00:00\",\"breadcrumb\":{\"@id\":\"https:\\\/\\\/www.amstelprinting.nl\\\/es\\\/tienda\\\/publicidad-exterior\\\/publicidad-de-vehiculos\\\/adhesivo-para-coche\\\/#breadcrumb\"},\"inLanguage\":\"es\",\"potentialAction\":[{\"@type\":\"ReadAction\",\"target\":[\"https:\\\/\\\/www.amstelprinting.nl\\\/es\\\/tienda\\\/publicidad-exterior\\\/publicidad-de-vehiculos\\\/adhesivo-para-coche\\\/\"]}]},{\"@type\":\"ImageObject\",\"inLanguage\":\"es\",\"@id\":\"https:\\\/\\\/www.amstelprinting.nl\\\/es\\\/tienda\\\/publicidad-exterior\\\/publicidad-de-vehiculos\\\/adhesivo-para-coche\\\/#primaryimage\",\"url\":\"https:\\\/\\\/www.amstelprinting.nl\\\/wp-content\\\/uploads\\\/Autosticker.jpg\",\"contentUrl\":\"https:\\\/\\\/www.amstelprinting.nl\\\/wp-content\\\/uploads\\\/Autosticker.jpg\",\"width\":700,\"height\":700},{\"@type\":\"BreadcrumbList\",\"@id\":\"https:\\\/\\\/www.amstelprinting.nl\\\/es\\\/tienda\\\/publicidad-exterior\\\/publicidad-de-vehiculos\\\/adhesivo-para-coche\\\/#breadcrumb\",\"itemListElement\":[{\"@type\":\"ListItem\",\"position\":1,\"name\":\"\",\"item\":\"https:\\\/\\\/www.amstelprinting.nl\\\/es\\\/\"},{\"@type\":\"ListItem\",\"position\":2,\"name\":\"Amstel Printing\",\"item\":\"https:\\\/\\\/www.amstelprinting.nl\\\/es\\\/comercio\\\/\"},{\"@type\":\"ListItem\",\"position\":3,\"name\":\"Publicidad exterior\",\"item\":\"https:\\\/\\\/www.amstelprinting.nl\\\/es\\\/categor\u00eda\\\/publicidad-exterior\\\/\"},{\"@type\":\"ListItem\",\"position\":4,\"name\":\"Publicidad de veh\u00edculos\",\"item\":\"https:\\\/\\\/www.amstelprinting.nl\\\/es\\\/categor\u00eda\\\/publicidad-exterior\\\/publicidad-de-vehiculos\\\/\"},{\"@type\":\"ListItem\",\"position\":5,\"name\":\"Adhesivo para coche\"}]},{\"@type\":\"WebSite\",\"@id\":\"https:\\\/\\\/www.amstelprinting.nl\\\/es\\\/#website\",\"url\":\"https:\\\/\\\/www.amstelprinting.nl\\\/es\\\/\",\"name\":\"Amstel Printing\",\"description\":\"Creating Exposure\",\"publisher\":{\"@id\":\"https:\\\/\\\/www.amstelprinting.nl\\\/es\\\/#organization\"},\"potentialAction\":[{\"@type\":\"SearchAction\",\"target\":{\"@type\":\"EntryPoint\",\"urlTemplate\":\"https:\\\/\\\/www.amstelprinting.nl\\\/es\\\/?s={search_term_string}\"},\"query-input\":{\"@type\":\"PropertyValueSpecification\",\"valueRequired\":true,\"valueName\":\"search_term_string\"}}],\"inLanguage\":\"es\"},{\"@type\":\"Organization\",\"@id\":\"https:\\\/\\\/www.amstelprinting.nl\\\/es\\\/#organization\",\"name\":\"Amstel Printing\",\"url\":\"https:\\\/\\\/www.amstelprinting.nl\\\/es\\\/\",\"logo\":{\"@type\":\"ImageObject\",\"inLanguage\":\"es\",\"@id\":\"https:\\\/\\\/www.amstelprinting.nl\\\/es\\\/#\\\/schema\\\/logo\\\/image\\\/\",\"url\":\"https:\\\/\\\/www.amstelprinting.nl\\\/wp-content\\\/uploads\\\/amstel_printing_logo_clean.png\",\"contentUrl\":\"https:\\\/\\\/www.amstelprinting.nl\\\/wp-content\\\/uploads\\\/amstel_printing_logo_clean.png\",\"width\":324,\"height\":73,\"caption\":\"Amstel Printing\"},\"image\":{\"@id\":\"https:\\\/\\\/www.amstelprinting.nl\\\/es\\\/#\\\/schema\\\/logo\\\/image\\\/\"}}]}<\/script>\n<!-- \/ Yoast SEO plugin. -->","yoast_head_json":{"title":"Adhesivo para coche | Amstel Printing","robots":{"index":"index","follow":"follow","max-snippet":"max-snippet:-1","max-image-preview":"max-image-preview:large","max-video-preview":"max-video-preview:-1"},"canonical":"https:\/\/www.amstelprinting.nl\/es\/tienda\/publicidad-exterior\/publicidad-de-vehiculos\/adhesivo-para-coche\/","og_locale":"es_ES","og_type":"article","og_title":"Adhesivo para coche | Amstel Printing","og_description":"Convierta su veh\u00edculo en un medio publicitario m\u00f3vil. Los adhesivos para coche est\u00e1n disponibles desde solo 1 unidad.","og_url":"https:\/\/www.amstelprinting.nl\/es\/tienda\/publicidad-exterior\/publicidad-de-vehiculos\/adhesivo-para-coche\/","og_site_name":"Amstel Printing","article_modified_time":"2026-02-18T11:47:52+00:00","og_image":[{"width":700,"height":700,"url":"https:\/\/www.amstelprinting.nl\/wp-content\/uploads\/Autosticker.jpg","type":"image\/jpeg"}],"twitter_card":"summary_large_image","twitter_misc":{"Tiempo de lectura":"2 minutos"},"schema":{"@context":"https:\/\/schema.org","@graph":[{"@type":"WebPage","@id":"https:\/\/www.amstelprinting.nl\/es\/tienda\/publicidad-exterior\/publicidad-de-vehiculos\/adhesivo-para-coche\/","url":"https:\/\/www.amstelprinting.nl\/es\/tienda\/publicidad-exterior\/publicidad-de-vehiculos\/adhesivo-para-coche\/","name":"Adhesivo para coche | Amstel Printing","isPartOf":{"@id":"https:\/\/www.amstelprinting.nl\/es\/#website"},"primaryImageOfPage":{"@id":"https:\/\/www.amstelprinting.nl\/es\/tienda\/publicidad-exterior\/publicidad-de-vehiculos\/adhesivo-para-coche\/#primaryimage"},"image":{"@id":"https:\/\/www.amstelprinting.nl\/es\/tienda\/publicidad-exterior\/publicidad-de-vehiculos\/adhesivo-para-coche\/#primaryimage"},"thumbnailUrl":"https:\/\/www.amstelprinting.nl\/wp-content\/uploads\/Autosticker.jpg","datePublished":"2025-01-24T10:32:06+00:00","dateModified":"2026-02-18T11:47:52+00:00","breadcrumb":{"@id":"https:\/\/www.amstelprinting.nl\/es\/tienda\/publicidad-exterior\/publicidad-de-vehiculos\/adhesivo-para-coche\/#breadcrumb"},"inLanguage":"es","potentialAction":[{"@type":"ReadAction","target":["https:\/\/www.amstelprinting.nl\/es\/tienda\/publicidad-exterior\/publicidad-de-vehiculos\/adhesivo-para-coche\/"]}]},{"@type":"ImageObject","inLanguage":"es","@id":"https:\/\/www.amstelprinting.nl\/es\/tienda\/publicidad-exterior\/publicidad-de-vehiculos\/adhesivo-para-coche\/#primaryimage","url":"https:\/\/www.amstelprinting.nl\/wp-content\/uploads\/Autosticker.jpg","contentUrl":"https:\/\/www.amstelprinting.nl\/wp-content\/uploads\/Autosticker.jpg","width":700,"height":700},{"@type":"BreadcrumbList","@id":"https:\/\/www.amstelprinting.nl\/es\/tienda\/publicidad-exterior\/publicidad-de-vehiculos\/adhesivo-para-coche\/#breadcrumb","itemListElement":[{"@type":"ListItem","position":1,"name":"","item":"https:\/\/www.amstelprinting.nl\/es\/"},{"@type":"ListItem","position":2,"name":"Amstel Printing","item":"https:\/\/www.amstelprinting.nl\/es\/comercio\/"},{"@type":"ListItem","position":3,"name":"Publicidad exterior","item":"https:\/\/www.amstelprinting.nl\/es\/categor\u00eda\/publicidad-exterior\/"},{"@type":"ListItem","position":4,"name":"Publicidad de veh\u00edculos","item":"https:\/\/www.amstelprinting.nl\/es\/categor\u00eda\/publicidad-exterior\/publicidad-de-vehiculos\/"},{"@type":"ListItem","position":5,"name":"Adhesivo para coche"}]},{"@type":"WebSite","@id":"https:\/\/www.amstelprinting.nl\/es\/#website","url":"https:\/\/www.amstelprinting.nl\/es\/","name":"Amstel Printing","description":"Creating Exposure","publisher":{"@id":"https:\/\/www.amstelprinting.nl\/es\/#organization"},"potentialAction":[{"@type":"SearchAction","target":{"@type":"EntryPoint","urlTemplate":"https:\/\/www.amstelprinting.nl\/es\/?s={search_term_string}"},"query-input":{"@type":"PropertyValueSpecification","valueRequired":true,"valueName":"search_term_string"}}],"inLanguage":"es"},{"@type":"Organization","@id":"https:\/\/www.amstelprinting.nl\/es\/#organization","name":"Amstel Printing","url":"https:\/\/www.amstelprinting.nl\/es\/","logo":{"@type":"ImageObject","inLanguage":"es","@id":"https:\/\/www.amstelprinting.nl\/es\/#\/schema\/logo\/image\/","url":"https:\/\/www.amstelprinting.nl\/wp-content\/uploads\/amstel_printing_logo_clean.png","contentUrl":"https:\/\/www.amstelprinting.nl\/wp-content\/uploads\/amstel_printing_logo_clean.png","width":324,"height":73,"caption":"Amstel Printing"},"image":{"@id":"https:\/\/www.amstelprinting.nl\/es\/#\/schema\/logo\/image\/"}}]}},"_links":{"self":[{"href":"https:\/\/www.amstelprinting.nl\/es\/wp-json\/wp\/v2\/product\/13937","targetHints":{"allow":["GET"]}}],"collection":[{"href":"https:\/\/www.amstelprinting.nl\/es\/wp-json\/wp\/v2\/product"}],"about":[{"href":"https:\/\/www.amstelprinting.nl\/es\/wp-json\/wp\/v2\/types\/product"}],"wp:featuredmedia":[{"embeddable":true,"href":"https:\/\/www.amstelprinting.nl\/es\/wp-json\/wp\/v2\/media\/13939"}],"wp:attachment":[{"href":"https:\/\/www.amstelprinting.nl\/es\/wp-json\/wp\/v2\/media?parent=13937"}],"wp:term":[{"taxonomy":"product_brand","embeddable":true,"href":"https:\/\/www.amstelprinting.nl\/es\/wp-json\/wp\/v2\/product_brand?post=13937"},{"taxonomy":"product_cat","embeddable":true,"href":"https:\/\/www.amstelprinting.nl\/es\/wp-json\/wp\/v2\/product_cat?post=13937"},{"taxonomy":"product_tag","embeddable":true,"href":"https:\/\/www.amstelprinting.nl\/es\/wp-json\/wp\/v2\/product_tag?post=13937"}],"curies":[{"name":"wp","href":"https:\/\/api.w.org\/{rel}","templated":true}]}}