{"id":13948,"date":"2025-01-24T11:31:59","date_gmt":"2025-01-24T10:31:59","guid":{"rendered":"https:\/\/www.amstelprinting.nl\/winkel\/sin%20categor\u00eda\/magneetbord\/"},"modified":"2026-02-18T12:47:53","modified_gmt":"2026-02-18T11:47:53","slug":"cartel-magnetico","status":"publish","type":"product","link":"https:\/\/www.amstelprinting.nl\/es\/tienda\/publicidad-exterior\/publicidad-de-vehiculos\/cartel-magnetico\/","title":{"rendered":"Cartel magn\u00e9tico"},"content":{"rendered":"<h3>Ventajas<\/h3>\n<ul>\n<li>\u00a1Econ\u00f3mico y a la vez muy eficaz!<\/li>\n<li>Adecuado para veh\u00edculos, refrigeradores, pizarras blancas y otras superficies met\u00e1licas<\/li>\n<li>Duradero: f\u00e1cil de reutilizar<\/li>\n<li>Ideal para uso tanto en interiores como en exteriores<\/li>\n<li>\u00a1Disponible en cualquier tama\u00f1o y forma!<\/li>\n<\/ul>\n<p>&nbsp;<\/p>\n<h3>Material y uso<\/h3>\n<p>Nuestro cartel magn\u00e9tico tiene un grosor de solo 0,85 mm y una anchura m\u00e1xima de 96 cm. Puede pedir que el cartel se corte al tama\u00f1o deseado o siguiendo el contorno de su dise\u00f1o, para que siempre encaje perfectamente.<\/p>\n<p>\u00bfDesea quitarlo? El cartel magn\u00e9tico se puede retirar sin esfuerzo y volver a utilizar. Nuestras l\u00e1minas magn\u00e9ticas est\u00e1n fabricadas con l\u00e1mina magn\u00e9tica flexible, lo que las hace ligeras pero resistentes.<\/p>\n<p>Este material es ideal para su uso en superficies met\u00e1licas como veh\u00edculos, refrigeradores, pizarras blancas y m\u00e1s. Gracias a sus propiedades resistentes a la intemperie, mantienen su calidad bajo diversas condiciones clim\u00e1ticas, lo que las hace perfectas tanto para uso en interiores como en exteriores.<\/p>\n<p>Deje volar su creatividad y descubra las infinitas posibilidades de nuestro cartel magn\u00e9tico. Ya sea para promociones temporales, proyectos decorativos o soluciones pr\u00e1cticas para el hogar y el trabajo, nuestro cartel magn\u00e9tico ofrece la versatilidad y fiabilidad que busca. Haga su pedido hoy mismo y experimente la comodidad y calidad de esta soluci\u00f3n flexible y reutilizable.<\/p>\n<h3>Consejos de uso<\/h3>\n<p><strong>\u00a1Atenci\u00f3n!<\/strong> Para evitar una adhesi\u00f3n permanente, se recomienda no dejar el cartel magn\u00e9tico en el mismo lugar durante m\u00e1s de dos d\u00edas seguidos.<\/p>\n","protected":false},"excerpt":{"rendered":"<h3>Para la aplicaci\u00f3n sobre una superficie met\u00e1lica<\/h3>\n<p>Ya sea que desee mostrar un mensaje temporal en un veh\u00edculo o decorar un espacio creativo, nuestro cartel magn\u00e9tico ofrece la soluci\u00f3n perfecta. El cartel magn\u00e9tico, tambi\u00e9n conocido como l\u00e1mina magn\u00e9tica, es apto para todas las superficies met\u00e1licas.<\/p>\n","protected":false},"featured_media":13949,"template":"","meta":{"_et_pb_use_builder":"","_et_pb_old_content":"","_et_gb_content_width":""},"product_brand":[],"product_cat":[521,450],"product_tag":[],"class_list":{"0":"post-13948","1":"product","2":"type-product","3":"status-publish","4":"has-post-thumbnail","6":"product_cat-publicidad-de-vehiculos","7":"product_cat-publicidad-exterior","9":"first","10":"instock","11":"taxable","12":"shipping-taxable","13":"purchasable","14":"product-type-simple"},"yoast_head":"<!-- This site is optimized with the Yoast SEO plugin v27.3 - https:\/\/yoast.com\/product\/yoast-seo-wordpress\/ -->\n<title>Cartel magn\u00e9tico | Amstel Printing<\/title>\n<meta name=\"robots\" content=\"index, follow, max-snippet:-1, max-image-preview:large, max-video-preview:-1\" \/>\n<link rel=\"canonical\" href=\"https:\/\/www.amstelprinting.nl\/es\/tienda\/publicidad-exterior\/publicidad-de-vehiculos\/cartel-magnetico\/\" \/>\n<meta property=\"og:locale\" content=\"es_ES\" \/>\n<meta property=\"og:type\" content=\"article\" \/>\n<meta property=\"og:title\" content=\"Cartel magn\u00e9tico | Amstel Printing\" \/>\n<meta property=\"og:description\" content=\"Para la aplicaci\u00f3n sobre una superficie met\u00e1lica Ya sea que desee mostrar un mensaje temporal en un veh\u00edculo o decorar un espacio creativo, nuestro cartel magn\u00e9tico ofrece la soluci\u00f3n perfecta. El cartel magn\u00e9tico, tambi\u00e9n conocido como l\u00e1mina magn\u00e9tica, es apto para todas las superficies met\u00e1licas.\" \/>\n<meta property=\"og:url\" content=\"https:\/\/www.amstelprinting.nl\/es\/tienda\/publicidad-exterior\/publicidad-de-vehiculos\/cartel-magnetico\/\" \/>\n<meta property=\"og:site_name\" content=\"Amstel Printing\" \/>\n<meta property=\"article:modified_time\" content=\"2026-02-18T11:47:53+00:00\" \/>\n<meta property=\"og:image\" content=\"https:\/\/www.amstelprinting.nl\/wp-content\/uploads\/Magneetbord-bedrukken.png\" \/>\n\t<meta property=\"og:image:width\" content=\"700\" \/>\n\t<meta property=\"og:image:height\" content=\"700\" \/>\n\t<meta property=\"og:image:type\" content=\"image\/png\" \/>\n<meta name=\"twitter:card\" content=\"summary_large_image\" \/>\n<meta name=\"twitter:label1\" content=\"Tiempo de lectura\" \/>\n\t<meta name=\"twitter:data1\" content=\"1 minuto\" \/>\n<script type=\"application\/ld+json\" class=\"yoast-schema-graph\">{\"@context\":\"https:\\\/\\\/schema.org\",\"@graph\":[{\"@type\":\"WebPage\",\"@id\":\"https:\\\/\\\/www.amstelprinting.nl\\\/es\\\/tienda\\\/publicidad-exterior\\\/publicidad-de-vehiculos\\\/cartel-magnetico\\\/\",\"url\":\"https:\\\/\\\/www.amstelprinting.nl\\\/es\\\/tienda\\\/publicidad-exterior\\\/publicidad-de-vehiculos\\\/cartel-magnetico\\\/\",\"name\":\"Cartel magn\u00e9tico | Amstel Printing\",\"isPartOf\":{\"@id\":\"https:\\\/\\\/www.amstelprinting.nl\\\/es\\\/#website\"},\"primaryImageOfPage\":{\"@id\":\"https:\\\/\\\/www.amstelprinting.nl\\\/es\\\/tienda\\\/publicidad-exterior\\\/publicidad-de-vehiculos\\\/cartel-magnetico\\\/#primaryimage\"},\"image\":{\"@id\":\"https:\\\/\\\/www.amstelprinting.nl\\\/es\\\/tienda\\\/publicidad-exterior\\\/publicidad-de-vehiculos\\\/cartel-magnetico\\\/#primaryimage\"},\"thumbnailUrl\":\"https:\\\/\\\/www.amstelprinting.nl\\\/wp-content\\\/uploads\\\/Magneetbord-bedrukken.png\",\"datePublished\":\"2025-01-24T10:31:59+00:00\",\"dateModified\":\"2026-02-18T11:47:53+00:00\",\"breadcrumb\":{\"@id\":\"https:\\\/\\\/www.amstelprinting.nl\\\/es\\\/tienda\\\/publicidad-exterior\\\/publicidad-de-vehiculos\\\/cartel-magnetico\\\/#breadcrumb\"},\"inLanguage\":\"es\",\"potentialAction\":[{\"@type\":\"ReadAction\",\"target\":[\"https:\\\/\\\/www.amstelprinting.nl\\\/es\\\/tienda\\\/publicidad-exterior\\\/publicidad-de-vehiculos\\\/cartel-magnetico\\\/\"]}]},{\"@type\":\"ImageObject\",\"inLanguage\":\"es\",\"@id\":\"https:\\\/\\\/www.amstelprinting.nl\\\/es\\\/tienda\\\/publicidad-exterior\\\/publicidad-de-vehiculos\\\/cartel-magnetico\\\/#primaryimage\",\"url\":\"https:\\\/\\\/www.amstelprinting.nl\\\/wp-content\\\/uploads\\\/Magneetbord-bedrukken.png\",\"contentUrl\":\"https:\\\/\\\/www.amstelprinting.nl\\\/wp-content\\\/uploads\\\/Magneetbord-bedrukken.png\",\"width\":700,\"height\":700},{\"@type\":\"BreadcrumbList\",\"@id\":\"https:\\\/\\\/www.amstelprinting.nl\\\/es\\\/tienda\\\/publicidad-exterior\\\/publicidad-de-vehiculos\\\/cartel-magnetico\\\/#breadcrumb\",\"itemListElement\":[{\"@type\":\"ListItem\",\"position\":1,\"name\":\"\",\"item\":\"https:\\\/\\\/www.amstelprinting.nl\\\/es\\\/\"},{\"@type\":\"ListItem\",\"position\":2,\"name\":\"Amstel Printing\",\"item\":\"https:\\\/\\\/www.amstelprinting.nl\\\/es\\\/comercio\\\/\"},{\"@type\":\"ListItem\",\"position\":3,\"name\":\"Publicidad exterior\",\"item\":\"https:\\\/\\\/www.amstelprinting.nl\\\/es\\\/categor\u00eda\\\/publicidad-exterior\\\/\"},{\"@type\":\"ListItem\",\"position\":4,\"name\":\"Publicidad de veh\u00edculos\",\"item\":\"https:\\\/\\\/www.amstelprinting.nl\\\/es\\\/categor\u00eda\\\/publicidad-exterior\\\/publicidad-de-vehiculos\\\/\"},{\"@type\":\"ListItem\",\"position\":5,\"name\":\"Cartel magn\u00e9tico\"}]},{\"@type\":\"WebSite\",\"@id\":\"https:\\\/\\\/www.amstelprinting.nl\\\/es\\\/#website\",\"url\":\"https:\\\/\\\/www.amstelprinting.nl\\\/es\\\/\",\"name\":\"Amstel Printing\",\"description\":\"Creating Exposure\",\"publisher\":{\"@id\":\"https:\\\/\\\/www.amstelprinting.nl\\\/es\\\/#organization\"},\"potentialAction\":[{\"@type\":\"SearchAction\",\"target\":{\"@type\":\"EntryPoint\",\"urlTemplate\":\"https:\\\/\\\/www.amstelprinting.nl\\\/es\\\/?s={search_term_string}\"},\"query-input\":{\"@type\":\"PropertyValueSpecification\",\"valueRequired\":true,\"valueName\":\"search_term_string\"}}],\"inLanguage\":\"es\"},{\"@type\":\"Organization\",\"@id\":\"https:\\\/\\\/www.amstelprinting.nl\\\/es\\\/#organization\",\"name\":\"Amstel Printing\",\"url\":\"https:\\\/\\\/www.amstelprinting.nl\\\/es\\\/\",\"logo\":{\"@type\":\"ImageObject\",\"inLanguage\":\"es\",\"@id\":\"https:\\\/\\\/www.amstelprinting.nl\\\/es\\\/#\\\/schema\\\/logo\\\/image\\\/\",\"url\":\"https:\\\/\\\/www.amstelprinting.nl\\\/wp-content\\\/uploads\\\/amstel_printing_logo_clean.png\",\"contentUrl\":\"https:\\\/\\\/www.amstelprinting.nl\\\/wp-content\\\/uploads\\\/amstel_printing_logo_clean.png\",\"width\":324,\"height\":73,\"caption\":\"Amstel Printing\"},\"image\":{\"@id\":\"https:\\\/\\\/www.amstelprinting.nl\\\/es\\\/#\\\/schema\\\/logo\\\/image\\\/\"}}]}<\/script>\n<!-- \/ Yoast SEO plugin. -->","yoast_head_json":{"title":"Cartel magn\u00e9tico | Amstel Printing","robots":{"index":"index","follow":"follow","max-snippet":"max-snippet:-1","max-image-preview":"max-image-preview:large","max-video-preview":"max-video-preview:-1"},"canonical":"https:\/\/www.amstelprinting.nl\/es\/tienda\/publicidad-exterior\/publicidad-de-vehiculos\/cartel-magnetico\/","og_locale":"es_ES","og_type":"article","og_title":"Cartel magn\u00e9tico | Amstel Printing","og_description":"Para la aplicaci\u00f3n sobre una superficie met\u00e1lica Ya sea que desee mostrar un mensaje temporal en un veh\u00edculo o decorar un espacio creativo, nuestro cartel magn\u00e9tico ofrece la soluci\u00f3n perfecta. El cartel magn\u00e9tico, tambi\u00e9n conocido como l\u00e1mina magn\u00e9tica, es apto para todas las superficies met\u00e1licas.","og_url":"https:\/\/www.amstelprinting.nl\/es\/tienda\/publicidad-exterior\/publicidad-de-vehiculos\/cartel-magnetico\/","og_site_name":"Amstel Printing","article_modified_time":"2026-02-18T11:47:53+00:00","og_image":[{"width":700,"height":700,"url":"https:\/\/www.amstelprinting.nl\/wp-content\/uploads\/Magneetbord-bedrukken.png","type":"image\/png"}],"twitter_card":"summary_large_image","twitter_misc":{"Tiempo de lectura":"1 minuto"},"schema":{"@context":"https:\/\/schema.org","@graph":[{"@type":"WebPage","@id":"https:\/\/www.amstelprinting.nl\/es\/tienda\/publicidad-exterior\/publicidad-de-vehiculos\/cartel-magnetico\/","url":"https:\/\/www.amstelprinting.nl\/es\/tienda\/publicidad-exterior\/publicidad-de-vehiculos\/cartel-magnetico\/","name":"Cartel magn\u00e9tico | Amstel Printing","isPartOf":{"@id":"https:\/\/www.amstelprinting.nl\/es\/#website"},"primaryImageOfPage":{"@id":"https:\/\/www.amstelprinting.nl\/es\/tienda\/publicidad-exterior\/publicidad-de-vehiculos\/cartel-magnetico\/#primaryimage"},"image":{"@id":"https:\/\/www.amstelprinting.nl\/es\/tienda\/publicidad-exterior\/publicidad-de-vehiculos\/cartel-magnetico\/#primaryimage"},"thumbnailUrl":"https:\/\/www.amstelprinting.nl\/wp-content\/uploads\/Magneetbord-bedrukken.png","datePublished":"2025-01-24T10:31:59+00:00","dateModified":"2026-02-18T11:47:53+00:00","breadcrumb":{"@id":"https:\/\/www.amstelprinting.nl\/es\/tienda\/publicidad-exterior\/publicidad-de-vehiculos\/cartel-magnetico\/#breadcrumb"},"inLanguage":"es","potentialAction":[{"@type":"ReadAction","target":["https:\/\/www.amstelprinting.nl\/es\/tienda\/publicidad-exterior\/publicidad-de-vehiculos\/cartel-magnetico\/"]}]},{"@type":"ImageObject","inLanguage":"es","@id":"https:\/\/www.amstelprinting.nl\/es\/tienda\/publicidad-exterior\/publicidad-de-vehiculos\/cartel-magnetico\/#primaryimage","url":"https:\/\/www.amstelprinting.nl\/wp-content\/uploads\/Magneetbord-bedrukken.png","contentUrl":"https:\/\/www.amstelprinting.nl\/wp-content\/uploads\/Magneetbord-bedrukken.png","width":700,"height":700},{"@type":"BreadcrumbList","@id":"https:\/\/www.amstelprinting.nl\/es\/tienda\/publicidad-exterior\/publicidad-de-vehiculos\/cartel-magnetico\/#breadcrumb","itemListElement":[{"@type":"ListItem","position":1,"name":"","item":"https:\/\/www.amstelprinting.nl\/es\/"},{"@type":"ListItem","position":2,"name":"Amstel Printing","item":"https:\/\/www.amstelprinting.nl\/es\/comercio\/"},{"@type":"ListItem","position":3,"name":"Publicidad exterior","item":"https:\/\/www.amstelprinting.nl\/es\/categor\u00eda\/publicidad-exterior\/"},{"@type":"ListItem","position":4,"name":"Publicidad de veh\u00edculos","item":"https:\/\/www.amstelprinting.nl\/es\/categor\u00eda\/publicidad-exterior\/publicidad-de-vehiculos\/"},{"@type":"ListItem","position":5,"name":"Cartel magn\u00e9tico"}]},{"@type":"WebSite","@id":"https:\/\/www.amstelprinting.nl\/es\/#website","url":"https:\/\/www.amstelprinting.nl\/es\/","name":"Amstel Printing","description":"Creating Exposure","publisher":{"@id":"https:\/\/www.amstelprinting.nl\/es\/#organization"},"potentialAction":[{"@type":"SearchAction","target":{"@type":"EntryPoint","urlTemplate":"https:\/\/www.amstelprinting.nl\/es\/?s={search_term_string}"},"query-input":{"@type":"PropertyValueSpecification","valueRequired":true,"valueName":"search_term_string"}}],"inLanguage":"es"},{"@type":"Organization","@id":"https:\/\/www.amstelprinting.nl\/es\/#organization","name":"Amstel Printing","url":"https:\/\/www.amstelprinting.nl\/es\/","logo":{"@type":"ImageObject","inLanguage":"es","@id":"https:\/\/www.amstelprinting.nl\/es\/#\/schema\/logo\/image\/","url":"https:\/\/www.amstelprinting.nl\/wp-content\/uploads\/amstel_printing_logo_clean.png","contentUrl":"https:\/\/www.amstelprinting.nl\/wp-content\/uploads\/amstel_printing_logo_clean.png","width":324,"height":73,"caption":"Amstel Printing"},"image":{"@id":"https:\/\/www.amstelprinting.nl\/es\/#\/schema\/logo\/image\/"}}]}},"_links":{"self":[{"href":"https:\/\/www.amstelprinting.nl\/es\/wp-json\/wp\/v2\/product\/13948","targetHints":{"allow":["GET"]}}],"collection":[{"href":"https:\/\/www.amstelprinting.nl\/es\/wp-json\/wp\/v2\/product"}],"about":[{"href":"https:\/\/www.amstelprinting.nl\/es\/wp-json\/wp\/v2\/types\/product"}],"wp:featuredmedia":[{"embeddable":true,"href":"https:\/\/www.amstelprinting.nl\/es\/wp-json\/wp\/v2\/media\/13949"}],"wp:attachment":[{"href":"https:\/\/www.amstelprinting.nl\/es\/wp-json\/wp\/v2\/media?parent=13948"}],"wp:term":[{"taxonomy":"product_brand","embeddable":true,"href":"https:\/\/www.amstelprinting.nl\/es\/wp-json\/wp\/v2\/product_brand?post=13948"},{"taxonomy":"product_cat","embeddable":true,"href":"https:\/\/www.amstelprinting.nl\/es\/wp-json\/wp\/v2\/product_cat?post=13948"},{"taxonomy":"product_tag","embeddable":true,"href":"https:\/\/www.amstelprinting.nl\/es\/wp-json\/wp\/v2\/product_tag?post=13948"}],"curies":[{"name":"wp","href":"https:\/\/api.w.org\/{rel}","templated":true}]}}