{"id":13968,"date":"2025-01-24T11:31:48","date_gmt":"2025-01-24T10:31:48","guid":{"rendered":"https:\/\/www.amstelprinting.nl\/winkel\/sin%20categor\u00eda\/zitzak\/"},"modified":"2026-02-18T12:47:54","modified_gmt":"2026-02-18T11:47:54","slug":"puf","status":"publish","type":"product","link":"https:\/\/www.amstelprinting.nl\/es\/tienda\/interior\/exterior\/puf\/","title":{"rendered":"Puf"},"content":{"rendered":"<h3>Tama\u00f1o y material<\/h3>\n<p>El puf est\u00e1 disponible en tres tama\u00f1os: 100 cm x 140 cm, 135 cm x 135 cm y 135 cm x 175 cm. Adem\u00e1s, puede elegir entre los materiales ProPES outdoor, terciopelo y kendal.<\/p>\n<ul>\n<li><strong>ProPES outdoor<\/strong>: Este tejido est\u00e1 especialmente dise\u00f1ado para su uso en exteriores, lo que hace que el puf sea resistente a diversas condiciones clim\u00e1ticas. Ofrece una excelente resistencia a los rayos UV y solidez del color, lo que garantiza que el puf luzca fresco y vibrante durante mucho tiempo, incluso expuesto al sol.<\/li>\n<li><strong>Terciopelo<\/strong>: Este tejido suave y lujoso a\u00f1ade un toque de elegancia a su interior. Tiene un tacto sedoso y ofrece una experiencia de asiento c\u00f3moda, perfecta para espacios interiores donde el confort y la est\u00e9tica se unen.<\/li>\n<li><strong>Kendal<\/strong>: Este tejido es conocido por su durabilidad y versatilidad. Resiste el uso diario y mantiene su forma y color durante mucho tiempo. Ideal para pufs que se utilizan intensamente en entornos familiares concurridos o espacios comerciales.<\/li>\n<\/ul>\n<p>Los pufs cuentan con una funda interior de poli\u00e9ster de alta calidad, f\u00e1cil de limpiar, y est\u00e1n rellenos de perlas de EPS reciclado. Este relleno se adapta c\u00f3modamente a su cuerpo para ofrecer una experiencia de asiento ergon\u00f3mica y de apoyo.<\/p>\n<h3>Acabado<\/h3>\n<p>Personalice su puf eligiendo entre hilos y cremalleras negros o blancos, lo que le permitir\u00e1 crear el aspecto perfecto que se adapte a su estilo personal y a su decoraci\u00f3n.<\/p>\n<p>Transforme su espacio con comodidad y estilo con nuestros vers\u00e1tiles pufs. Elija su material, tama\u00f1o y color favoritos y disfrute de una experiencia de asiento que ofrece tanto lujo como durabilidad. \u00a1Descubra hoy mismo c\u00f3mo nuestros pufs enriquecen sus momentos de relax diarios!<\/p>\n<h3>Preguntas frecuentes<\/h3>\n<p><strong>\u00bfCu\u00e1ntos litros de capacidad tiene el puf?<\/strong><br \/>\nLa cantidad de litros de relleno en el puf var\u00eda seg\u00fan el tama\u00f1o que elija:<\/p>\n<ul>\n<li>Para el tama\u00f1o de 100 x 140 cm, el contenido es de 225 litros.<\/li>\n<li>Para el tama\u00f1o de 135 x 135 cm, el contenido es de 300 litros.<\/li>\n<li>Para el tama\u00f1o de 135 x 175 cm, el contenido es de 390 litros.<\/li>\n<\/ul>\n<p>&nbsp;<br \/>\n<strong>\u00bfPor qu\u00e9 los gastos de env\u00edo de este producto son tan altos?<\/strong><br \/>\nLos gastos de env\u00edo de un puf son m\u00e1s elevados debido al tama\u00f1o del producto, lo que resulta en costes de env\u00edo superiores en comparaci\u00f3n con productos m\u00e1s peque\u00f1os.<\/p>\n<p><strong>\u00bfC\u00f3mo debo lavar y secar este producto?<\/strong><br \/>\nPuede lavar la funda a 30 grados y plancharla a un m\u00e1ximo de 110 grados. No se puede utilizar lej\u00eda y no es apta para secadora; se recomienda secar al aire. Consejo: Lave del rev\u00e9s o en una bolsa de lavado para proteger el estampado.<\/p>\n","protected":false},"excerpt":{"rendered":"<h3>Coj\u00edn de asiento para aplicaciones en interiores y exteriores<\/h3>\n<p>Cree el m\u00e1ximo confort en su hogar, jard\u00edn u oficina con nuestros pufs de alta calidad. Cada puf puede suministrarse como un conjunto completo, pero tambi\u00e9n puede pedir la funda del puf o el relleno por separado.<\/p>\n","protected":false},"featured_media":13969,"template":"","meta":{"_et_pb_use_builder":"","_et_pb_old_content":"","_et_gb_content_width":""},"product_brand":[],"product_cat":[423,556,431,545,630,450,528],"product_tag":[],"class_list":{"0":"post-13968","1":"product","2":"type-product","3":"status-publish","4":"has-post-thumbnail","6":"product_cat-decoracion","7":"product_cat-exterior","8":"product_cat-feria-y-evento","9":"product_cat-interior","10":"product_cat-oficina","11":"product_cat-publicidad-exterior","12":"product_cat-terraza-jardin","14":"first","15":"instock","16":"taxable","17":"shipping-taxable","18":"purchasable","19":"product-type-simple"},"yoast_head":"<!-- This site is optimized with the Yoast SEO plugin v27.3 - https:\/\/yoast.com\/product\/yoast-seo-wordpress\/ -->\n<title>Puf | Amstel Printing<\/title>\n<meta name=\"robots\" content=\"index, follow, max-snippet:-1, max-image-preview:large, max-video-preview:-1\" \/>\n<link rel=\"canonical\" href=\"https:\/\/www.amstelprinting.nl\/es\/tienda\/interior\/exterior\/puf\/\" \/>\n<meta property=\"og:locale\" content=\"es_ES\" \/>\n<meta property=\"og:type\" content=\"article\" \/>\n<meta property=\"og:title\" content=\"Puf | Amstel Printing\" \/>\n<meta property=\"og:description\" content=\"Coj\u00edn de asiento para aplicaciones en interiores y exteriores Cree el m\u00e1ximo confort en su hogar, jard\u00edn u oficina con nuestros pufs de alta calidad. Cada puf puede suministrarse como un conjunto completo, pero tambi\u00e9n puede pedir la funda del puf o el relleno por separado.\" \/>\n<meta property=\"og:url\" content=\"https:\/\/www.amstelprinting.nl\/es\/tienda\/interior\/exterior\/puf\/\" \/>\n<meta property=\"og:site_name\" content=\"Amstel Printing\" \/>\n<meta property=\"article:modified_time\" content=\"2026-02-18T11:47:54+00:00\" \/>\n<meta property=\"og:image\" content=\"https:\/\/www.amstelprinting.nl\/wp-content\/uploads\/zitzak-bedrukken.png\" \/>\n\t<meta property=\"og:image:width\" content=\"1200\" \/>\n\t<meta property=\"og:image:height\" content=\"1200\" \/>\n\t<meta property=\"og:image:type\" content=\"image\/png\" \/>\n<meta name=\"twitter:card\" content=\"summary_large_image\" \/>\n<meta name=\"twitter:label1\" content=\"Tiempo de lectura\" \/>\n\t<meta name=\"twitter:data1\" content=\"2 minutos\" \/>\n<script type=\"application\/ld+json\" class=\"yoast-schema-graph\">{\"@context\":\"https:\\\/\\\/schema.org\",\"@graph\":[{\"@type\":\"WebPage\",\"@id\":\"https:\\\/\\\/www.amstelprinting.nl\\\/es\\\/tienda\\\/interior\\\/exterior\\\/puf\\\/\",\"url\":\"https:\\\/\\\/www.amstelprinting.nl\\\/es\\\/tienda\\\/interior\\\/exterior\\\/puf\\\/\",\"name\":\"Puf | Amstel Printing\",\"isPartOf\":{\"@id\":\"https:\\\/\\\/www.amstelprinting.nl\\\/es\\\/#website\"},\"primaryImageOfPage\":{\"@id\":\"https:\\\/\\\/www.amstelprinting.nl\\\/es\\\/tienda\\\/interior\\\/exterior\\\/puf\\\/#primaryimage\"},\"image\":{\"@id\":\"https:\\\/\\\/www.amstelprinting.nl\\\/es\\\/tienda\\\/interior\\\/exterior\\\/puf\\\/#primaryimage\"},\"thumbnailUrl\":\"https:\\\/\\\/www.amstelprinting.nl\\\/wp-content\\\/uploads\\\/zitzak-bedrukken.png\",\"datePublished\":\"2025-01-24T10:31:48+00:00\",\"dateModified\":\"2026-02-18T11:47:54+00:00\",\"breadcrumb\":{\"@id\":\"https:\\\/\\\/www.amstelprinting.nl\\\/es\\\/tienda\\\/interior\\\/exterior\\\/puf\\\/#breadcrumb\"},\"inLanguage\":\"es\",\"potentialAction\":[{\"@type\":\"ReadAction\",\"target\":[\"https:\\\/\\\/www.amstelprinting.nl\\\/es\\\/tienda\\\/interior\\\/exterior\\\/puf\\\/\"]}]},{\"@type\":\"ImageObject\",\"inLanguage\":\"es\",\"@id\":\"https:\\\/\\\/www.amstelprinting.nl\\\/es\\\/tienda\\\/interior\\\/exterior\\\/puf\\\/#primaryimage\",\"url\":\"https:\\\/\\\/www.amstelprinting.nl\\\/wp-content\\\/uploads\\\/zitzak-bedrukken.png\",\"contentUrl\":\"https:\\\/\\\/www.amstelprinting.nl\\\/wp-content\\\/uploads\\\/zitzak-bedrukken.png\",\"width\":1200,\"height\":1200},{\"@type\":\"BreadcrumbList\",\"@id\":\"https:\\\/\\\/www.amstelprinting.nl\\\/es\\\/tienda\\\/interior\\\/exterior\\\/puf\\\/#breadcrumb\",\"itemListElement\":[{\"@type\":\"ListItem\",\"position\":1,\"name\":\"\",\"item\":\"https:\\\/\\\/www.amstelprinting.nl\\\/es\\\/\"},{\"@type\":\"ListItem\",\"position\":2,\"name\":\"Amstel Printing\",\"item\":\"https:\\\/\\\/www.amstelprinting.nl\\\/es\\\/comercio\\\/\"},{\"@type\":\"ListItem\",\"position\":3,\"name\":\"Publicidad exterior\",\"item\":\"https:\\\/\\\/www.amstelprinting.nl\\\/es\\\/categor\u00eda\\\/publicidad-exterior\\\/\"},{\"@type\":\"ListItem\",\"position\":4,\"name\":\"Terraza &amp; jard\u00edn\",\"item\":\"https:\\\/\\\/www.amstelprinting.nl\\\/es\\\/categor\u00eda\\\/publicidad-exterior\\\/terraza-jardin\\\/\"},{\"@type\":\"ListItem\",\"position\":5,\"name\":\"Puf\"}]},{\"@type\":\"WebSite\",\"@id\":\"https:\\\/\\\/www.amstelprinting.nl\\\/es\\\/#website\",\"url\":\"https:\\\/\\\/www.amstelprinting.nl\\\/es\\\/\",\"name\":\"Amstel Printing\",\"description\":\"Creating Exposure\",\"publisher\":{\"@id\":\"https:\\\/\\\/www.amstelprinting.nl\\\/es\\\/#organization\"},\"potentialAction\":[{\"@type\":\"SearchAction\",\"target\":{\"@type\":\"EntryPoint\",\"urlTemplate\":\"https:\\\/\\\/www.amstelprinting.nl\\\/es\\\/?s={search_term_string}\"},\"query-input\":{\"@type\":\"PropertyValueSpecification\",\"valueRequired\":true,\"valueName\":\"search_term_string\"}}],\"inLanguage\":\"es\"},{\"@type\":\"Organization\",\"@id\":\"https:\\\/\\\/www.amstelprinting.nl\\\/es\\\/#organization\",\"name\":\"Amstel Printing\",\"url\":\"https:\\\/\\\/www.amstelprinting.nl\\\/es\\\/\",\"logo\":{\"@type\":\"ImageObject\",\"inLanguage\":\"es\",\"@id\":\"https:\\\/\\\/www.amstelprinting.nl\\\/es\\\/#\\\/schema\\\/logo\\\/image\\\/\",\"url\":\"https:\\\/\\\/www.amstelprinting.nl\\\/wp-content\\\/uploads\\\/amstel_printing_logo_clean.png\",\"contentUrl\":\"https:\\\/\\\/www.amstelprinting.nl\\\/wp-content\\\/uploads\\\/amstel_printing_logo_clean.png\",\"width\":324,\"height\":73,\"caption\":\"Amstel Printing\"},\"image\":{\"@id\":\"https:\\\/\\\/www.amstelprinting.nl\\\/es\\\/#\\\/schema\\\/logo\\\/image\\\/\"}}]}<\/script>\n<!-- \/ Yoast SEO plugin. -->","yoast_head_json":{"title":"Puf | Amstel Printing","robots":{"index":"index","follow":"follow","max-snippet":"max-snippet:-1","max-image-preview":"max-image-preview:large","max-video-preview":"max-video-preview:-1"},"canonical":"https:\/\/www.amstelprinting.nl\/es\/tienda\/interior\/exterior\/puf\/","og_locale":"es_ES","og_type":"article","og_title":"Puf | Amstel Printing","og_description":"Coj\u00edn de asiento para aplicaciones en interiores y exteriores Cree el m\u00e1ximo confort en su hogar, jard\u00edn u oficina con nuestros pufs de alta calidad. Cada puf puede suministrarse como un conjunto completo, pero tambi\u00e9n puede pedir la funda del puf o el relleno por separado.","og_url":"https:\/\/www.amstelprinting.nl\/es\/tienda\/interior\/exterior\/puf\/","og_site_name":"Amstel Printing","article_modified_time":"2026-02-18T11:47:54+00:00","og_image":[{"width":1200,"height":1200,"url":"https:\/\/www.amstelprinting.nl\/wp-content\/uploads\/zitzak-bedrukken.png","type":"image\/png"}],"twitter_card":"summary_large_image","twitter_misc":{"Tiempo de lectura":"2 minutos"},"schema":{"@context":"https:\/\/schema.org","@graph":[{"@type":"WebPage","@id":"https:\/\/www.amstelprinting.nl\/es\/tienda\/interior\/exterior\/puf\/","url":"https:\/\/www.amstelprinting.nl\/es\/tienda\/interior\/exterior\/puf\/","name":"Puf | Amstel Printing","isPartOf":{"@id":"https:\/\/www.amstelprinting.nl\/es\/#website"},"primaryImageOfPage":{"@id":"https:\/\/www.amstelprinting.nl\/es\/tienda\/interior\/exterior\/puf\/#primaryimage"},"image":{"@id":"https:\/\/www.amstelprinting.nl\/es\/tienda\/interior\/exterior\/puf\/#primaryimage"},"thumbnailUrl":"https:\/\/www.amstelprinting.nl\/wp-content\/uploads\/zitzak-bedrukken.png","datePublished":"2025-01-24T10:31:48+00:00","dateModified":"2026-02-18T11:47:54+00:00","breadcrumb":{"@id":"https:\/\/www.amstelprinting.nl\/es\/tienda\/interior\/exterior\/puf\/#breadcrumb"},"inLanguage":"es","potentialAction":[{"@type":"ReadAction","target":["https:\/\/www.amstelprinting.nl\/es\/tienda\/interior\/exterior\/puf\/"]}]},{"@type":"ImageObject","inLanguage":"es","@id":"https:\/\/www.amstelprinting.nl\/es\/tienda\/interior\/exterior\/puf\/#primaryimage","url":"https:\/\/www.amstelprinting.nl\/wp-content\/uploads\/zitzak-bedrukken.png","contentUrl":"https:\/\/www.amstelprinting.nl\/wp-content\/uploads\/zitzak-bedrukken.png","width":1200,"height":1200},{"@type":"BreadcrumbList","@id":"https:\/\/www.amstelprinting.nl\/es\/tienda\/interior\/exterior\/puf\/#breadcrumb","itemListElement":[{"@type":"ListItem","position":1,"name":"","item":"https:\/\/www.amstelprinting.nl\/es\/"},{"@type":"ListItem","position":2,"name":"Amstel Printing","item":"https:\/\/www.amstelprinting.nl\/es\/comercio\/"},{"@type":"ListItem","position":3,"name":"Publicidad exterior","item":"https:\/\/www.amstelprinting.nl\/es\/categor\u00eda\/publicidad-exterior\/"},{"@type":"ListItem","position":4,"name":"Terraza &amp; jard\u00edn","item":"https:\/\/www.amstelprinting.nl\/es\/categor\u00eda\/publicidad-exterior\/terraza-jardin\/"},{"@type":"ListItem","position":5,"name":"Puf"}]},{"@type":"WebSite","@id":"https:\/\/www.amstelprinting.nl\/es\/#website","url":"https:\/\/www.amstelprinting.nl\/es\/","name":"Amstel Printing","description":"Creating Exposure","publisher":{"@id":"https:\/\/www.amstelprinting.nl\/es\/#organization"},"potentialAction":[{"@type":"SearchAction","target":{"@type":"EntryPoint","urlTemplate":"https:\/\/www.amstelprinting.nl\/es\/?s={search_term_string}"},"query-input":{"@type":"PropertyValueSpecification","valueRequired":true,"valueName":"search_term_string"}}],"inLanguage":"es"},{"@type":"Organization","@id":"https:\/\/www.amstelprinting.nl\/es\/#organization","name":"Amstel Printing","url":"https:\/\/www.amstelprinting.nl\/es\/","logo":{"@type":"ImageObject","inLanguage":"es","@id":"https:\/\/www.amstelprinting.nl\/es\/#\/schema\/logo\/image\/","url":"https:\/\/www.amstelprinting.nl\/wp-content\/uploads\/amstel_printing_logo_clean.png","contentUrl":"https:\/\/www.amstelprinting.nl\/wp-content\/uploads\/amstel_printing_logo_clean.png","width":324,"height":73,"caption":"Amstel Printing"},"image":{"@id":"https:\/\/www.amstelprinting.nl\/es\/#\/schema\/logo\/image\/"}}]}},"_links":{"self":[{"href":"https:\/\/www.amstelprinting.nl\/es\/wp-json\/wp\/v2\/product\/13968","targetHints":{"allow":["GET"]}}],"collection":[{"href":"https:\/\/www.amstelprinting.nl\/es\/wp-json\/wp\/v2\/product"}],"about":[{"href":"https:\/\/www.amstelprinting.nl\/es\/wp-json\/wp\/v2\/types\/product"}],"wp:featuredmedia":[{"embeddable":true,"href":"https:\/\/www.amstelprinting.nl\/es\/wp-json\/wp\/v2\/media\/13969"}],"wp:attachment":[{"href":"https:\/\/www.amstelprinting.nl\/es\/wp-json\/wp\/v2\/media?parent=13968"}],"wp:term":[{"taxonomy":"product_brand","embeddable":true,"href":"https:\/\/www.amstelprinting.nl\/es\/wp-json\/wp\/v2\/product_brand?post=13968"},{"taxonomy":"product_cat","embeddable":true,"href":"https:\/\/www.amstelprinting.nl\/es\/wp-json\/wp\/v2\/product_cat?post=13968"},{"taxonomy":"product_tag","embeddable":true,"href":"https:\/\/www.amstelprinting.nl\/es\/wp-json\/wp\/v2\/product_tag?post=13968"}],"curies":[{"name":"wp","href":"https:\/\/api.w.org\/{rel}","templated":true}]}}