{"id":13982,"date":"2025-01-24T11:31:40","date_gmt":"2025-01-24T10:31:40","guid":{"rendered":"https:\/\/www.amstelprinting.nl\/winkel\/sin%20categor\u00eda\/buitenkussen\/"},"modified":"2026-02-18T12:47:55","modified_gmt":"2026-02-18T11:47:55","slug":"cojin-de-exterior","status":"publish","type":"product","link":"https:\/\/www.amstelprinting.nl\/es\/tienda\/interior\/exterior\/cojin-de-exterior\/","title":{"rendered":"Coj\u00edn de exterior"},"content":{"rendered":"<h2>Impresi\u00f3n de cojines de exterior<\/h2>\n<h3>Tama\u00f1o y material<\/h3>\n<p>Elija entre seis tama\u00f1os diferentes para que se adapten perfectamente a sus muebles de exterior y preferencias personales. La funda est\u00e1 fabricada en ProPES outdoor, un material adecuado tanto para uso en interiores como en exteriores. Ofrece una excelente resistencia a la intemperie y solidez del color, para que sus cojines sigan luciendo bonitos temporada tras temporada.<\/p>\n<h3>Acabado<\/h3>\n<p>Puede acabar su coj\u00edn de exterior con o sin etiqueta. En la secci\u00f3n de descargas, encontrar\u00e1 la plantilla tanto para el coj\u00edn de exterior con etiqueta como sin ella. Adem\u00e1s, tiene la opci\u00f3n de elegir entre hilo negro o blanco y puede seleccionar una cremallera blanca, negra o dorada para combinar con su entorno exterior. Cree un ambiente relajado y acogedor donde disfrutar del aire libre, temporada tras temporada. \u00a1Complete su espacio exterior hoy mismo con nuestros cojines de exterior!<\/p>\n<h3>Preguntas frecuentes sobre cojines de exterior<\/h3>\n<p><strong>\u00bfSe puede poner una etiqueta al coj\u00edn de exterior?<\/strong><br \/>\nS\u00ed, tambi\u00e9n puede poner una etiqueta a un coj\u00edn de exterior. Durante el proceso de pedido, tiene la opci\u00f3n de elegir un coj\u00edn decorativo con etiqueta para determinados materiales. Para su comodidad, hemos creado plantillas especiales que puede encontrar en la secci\u00f3n de descargas.<\/p>\n<p><strong>\u00bfEl coj\u00edn viene envasado al vac\u00edo?<\/strong><br \/>\nPara evitar arrugas, los cojines no se envasan al vac\u00edo.<\/p>\n<p><strong>\u00bfC\u00f3mo se puede lavar el coj\u00edn?<\/strong><br \/>\nLos cojines se pueden lavar a 30 grados. Puede lavar el relleno junto con la funda.<\/p>\n","protected":false},"excerpt":{"rendered":"<h3>Cojines de exterior repelentes al agua y reciclables<\/h3>\n<p>Combine comodidad y estilo en su jard\u00edn, terraza o balc\u00f3n con nuestros cojines de exterior impresos de alta calidad. Cada coj\u00edn de exterior puede suministrarse como un set completo con funda y relleno, o puede optar por pedir solo la funda (con impresi\u00f3n) o el relleno por separado.<\/p>\n","protected":false},"featured_media":13984,"template":"","meta":{"_et_pb_use_builder":"","_et_pb_old_content":"","_et_gb_content_width":""},"product_brand":[],"product_cat":[556,545,450,528],"product_tag":[],"class_list":{"0":"post-13982","1":"product","2":"type-product","3":"status-publish","4":"has-post-thumbnail","6":"product_cat-exterior","7":"product_cat-interior","8":"product_cat-publicidad-exterior","9":"product_cat-terraza-jardin","11":"first","12":"instock","13":"taxable","14":"shipping-taxable","15":"purchasable","16":"product-type-simple"},"yoast_head":"<!-- This site is optimized with the Yoast SEO plugin v27.3 - https:\/\/yoast.com\/product\/yoast-seo-wordpress\/ -->\n<title>Coj\u00edn de exterior | Amstel Printing<\/title>\n<meta name=\"robots\" content=\"index, follow, max-snippet:-1, max-image-preview:large, max-video-preview:-1\" \/>\n<link rel=\"canonical\" href=\"https:\/\/www.amstelprinting.nl\/es\/tienda\/interior\/exterior\/cojin-de-exterior\/\" \/>\n<meta property=\"og:locale\" content=\"es_ES\" \/>\n<meta property=\"og:type\" content=\"article\" \/>\n<meta property=\"og:title\" content=\"Coj\u00edn de exterior | Amstel Printing\" \/>\n<meta property=\"og:description\" content=\"Cojines de exterior repelentes al agua y reciclables Combine comodidad y estilo en su jard\u00edn, terraza o balc\u00f3n con nuestros cojines de exterior impresos de alta calidad. Cada coj\u00edn de exterior puede suministrarse como un set completo con funda y relleno, o puede optar por pedir solo la funda (con impresi\u00f3n) o el relleno por separado.\" \/>\n<meta property=\"og:url\" content=\"https:\/\/www.amstelprinting.nl\/es\/tienda\/interior\/exterior\/cojin-de-exterior\/\" \/>\n<meta property=\"og:site_name\" content=\"Amstel Printing\" \/>\n<meta property=\"article:modified_time\" content=\"2026-02-18T11:47:55+00:00\" \/>\n<meta property=\"og:image\" content=\"https:\/\/www.amstelprinting.nl\/wp-content\/uploads\/Buitenkussen7.jpg\" \/>\n\t<meta property=\"og:image:width\" content=\"700\" \/>\n\t<meta property=\"og:image:height\" content=\"700\" \/>\n\t<meta property=\"og:image:type\" content=\"image\/jpeg\" \/>\n<meta name=\"twitter:card\" content=\"summary_large_image\" \/>\n<meta name=\"twitter:label1\" content=\"Tiempo de lectura\" \/>\n\t<meta name=\"twitter:data1\" content=\"1 minuto\" \/>\n<script type=\"application\/ld+json\" class=\"yoast-schema-graph\">{\"@context\":\"https:\\\/\\\/schema.org\",\"@graph\":[{\"@type\":\"WebPage\",\"@id\":\"https:\\\/\\\/www.amstelprinting.nl\\\/es\\\/tienda\\\/interior\\\/exterior\\\/cojin-de-exterior\\\/\",\"url\":\"https:\\\/\\\/www.amstelprinting.nl\\\/es\\\/tienda\\\/interior\\\/exterior\\\/cojin-de-exterior\\\/\",\"name\":\"Coj\u00edn de exterior | Amstel Printing\",\"isPartOf\":{\"@id\":\"https:\\\/\\\/www.amstelprinting.nl\\\/es\\\/#website\"},\"primaryImageOfPage\":{\"@id\":\"https:\\\/\\\/www.amstelprinting.nl\\\/es\\\/tienda\\\/interior\\\/exterior\\\/cojin-de-exterior\\\/#primaryimage\"},\"image\":{\"@id\":\"https:\\\/\\\/www.amstelprinting.nl\\\/es\\\/tienda\\\/interior\\\/exterior\\\/cojin-de-exterior\\\/#primaryimage\"},\"thumbnailUrl\":\"https:\\\/\\\/www.amstelprinting.nl\\\/wp-content\\\/uploads\\\/Buitenkussen7.jpg\",\"datePublished\":\"2025-01-24T10:31:40+00:00\",\"dateModified\":\"2026-02-18T11:47:55+00:00\",\"breadcrumb\":{\"@id\":\"https:\\\/\\\/www.amstelprinting.nl\\\/es\\\/tienda\\\/interior\\\/exterior\\\/cojin-de-exterior\\\/#breadcrumb\"},\"inLanguage\":\"es\",\"potentialAction\":[{\"@type\":\"ReadAction\",\"target\":[\"https:\\\/\\\/www.amstelprinting.nl\\\/es\\\/tienda\\\/interior\\\/exterior\\\/cojin-de-exterior\\\/\"]}]},{\"@type\":\"ImageObject\",\"inLanguage\":\"es\",\"@id\":\"https:\\\/\\\/www.amstelprinting.nl\\\/es\\\/tienda\\\/interior\\\/exterior\\\/cojin-de-exterior\\\/#primaryimage\",\"url\":\"https:\\\/\\\/www.amstelprinting.nl\\\/wp-content\\\/uploads\\\/Buitenkussen7.jpg\",\"contentUrl\":\"https:\\\/\\\/www.amstelprinting.nl\\\/wp-content\\\/uploads\\\/Buitenkussen7.jpg\",\"width\":700,\"height\":700},{\"@type\":\"BreadcrumbList\",\"@id\":\"https:\\\/\\\/www.amstelprinting.nl\\\/es\\\/tienda\\\/interior\\\/exterior\\\/cojin-de-exterior\\\/#breadcrumb\",\"itemListElement\":[{\"@type\":\"ListItem\",\"position\":1,\"name\":\"\",\"item\":\"https:\\\/\\\/www.amstelprinting.nl\\\/es\\\/\"},{\"@type\":\"ListItem\",\"position\":2,\"name\":\"Amstel Printing\",\"item\":\"https:\\\/\\\/www.amstelprinting.nl\\\/es\\\/comercio\\\/\"},{\"@type\":\"ListItem\",\"position\":3,\"name\":\"Publicidad exterior\",\"item\":\"https:\\\/\\\/www.amstelprinting.nl\\\/es\\\/categor\u00eda\\\/publicidad-exterior\\\/\"},{\"@type\":\"ListItem\",\"position\":4,\"name\":\"Terraza &amp; jard\u00edn\",\"item\":\"https:\\\/\\\/www.amstelprinting.nl\\\/es\\\/categor\u00eda\\\/publicidad-exterior\\\/terraza-jardin\\\/\"},{\"@type\":\"ListItem\",\"position\":5,\"name\":\"Coj\u00edn de exterior\"}]},{\"@type\":\"WebSite\",\"@id\":\"https:\\\/\\\/www.amstelprinting.nl\\\/es\\\/#website\",\"url\":\"https:\\\/\\\/www.amstelprinting.nl\\\/es\\\/\",\"name\":\"Amstel Printing\",\"description\":\"Creating Exposure\",\"publisher\":{\"@id\":\"https:\\\/\\\/www.amstelprinting.nl\\\/es\\\/#organization\"},\"potentialAction\":[{\"@type\":\"SearchAction\",\"target\":{\"@type\":\"EntryPoint\",\"urlTemplate\":\"https:\\\/\\\/www.amstelprinting.nl\\\/es\\\/?s={search_term_string}\"},\"query-input\":{\"@type\":\"PropertyValueSpecification\",\"valueRequired\":true,\"valueName\":\"search_term_string\"}}],\"inLanguage\":\"es\"},{\"@type\":\"Organization\",\"@id\":\"https:\\\/\\\/www.amstelprinting.nl\\\/es\\\/#organization\",\"name\":\"Amstel Printing\",\"url\":\"https:\\\/\\\/www.amstelprinting.nl\\\/es\\\/\",\"logo\":{\"@type\":\"ImageObject\",\"inLanguage\":\"es\",\"@id\":\"https:\\\/\\\/www.amstelprinting.nl\\\/es\\\/#\\\/schema\\\/logo\\\/image\\\/\",\"url\":\"https:\\\/\\\/www.amstelprinting.nl\\\/wp-content\\\/uploads\\\/amstel_printing_logo_clean.png\",\"contentUrl\":\"https:\\\/\\\/www.amstelprinting.nl\\\/wp-content\\\/uploads\\\/amstel_printing_logo_clean.png\",\"width\":324,\"height\":73,\"caption\":\"Amstel Printing\"},\"image\":{\"@id\":\"https:\\\/\\\/www.amstelprinting.nl\\\/es\\\/#\\\/schema\\\/logo\\\/image\\\/\"}}]}<\/script>\n<!-- \/ Yoast SEO plugin. -->","yoast_head_json":{"title":"Coj\u00edn de exterior | Amstel Printing","robots":{"index":"index","follow":"follow","max-snippet":"max-snippet:-1","max-image-preview":"max-image-preview:large","max-video-preview":"max-video-preview:-1"},"canonical":"https:\/\/www.amstelprinting.nl\/es\/tienda\/interior\/exterior\/cojin-de-exterior\/","og_locale":"es_ES","og_type":"article","og_title":"Coj\u00edn de exterior | Amstel Printing","og_description":"Cojines de exterior repelentes al agua y reciclables Combine comodidad y estilo en su jard\u00edn, terraza o balc\u00f3n con nuestros cojines de exterior impresos de alta calidad. Cada coj\u00edn de exterior puede suministrarse como un set completo con funda y relleno, o puede optar por pedir solo la funda (con impresi\u00f3n) o el relleno por separado.","og_url":"https:\/\/www.amstelprinting.nl\/es\/tienda\/interior\/exterior\/cojin-de-exterior\/","og_site_name":"Amstel Printing","article_modified_time":"2026-02-18T11:47:55+00:00","og_image":[{"width":700,"height":700,"url":"https:\/\/www.amstelprinting.nl\/wp-content\/uploads\/Buitenkussen7.jpg","type":"image\/jpeg"}],"twitter_card":"summary_large_image","twitter_misc":{"Tiempo de lectura":"1 minuto"},"schema":{"@context":"https:\/\/schema.org","@graph":[{"@type":"WebPage","@id":"https:\/\/www.amstelprinting.nl\/es\/tienda\/interior\/exterior\/cojin-de-exterior\/","url":"https:\/\/www.amstelprinting.nl\/es\/tienda\/interior\/exterior\/cojin-de-exterior\/","name":"Coj\u00edn de exterior | Amstel Printing","isPartOf":{"@id":"https:\/\/www.amstelprinting.nl\/es\/#website"},"primaryImageOfPage":{"@id":"https:\/\/www.amstelprinting.nl\/es\/tienda\/interior\/exterior\/cojin-de-exterior\/#primaryimage"},"image":{"@id":"https:\/\/www.amstelprinting.nl\/es\/tienda\/interior\/exterior\/cojin-de-exterior\/#primaryimage"},"thumbnailUrl":"https:\/\/www.amstelprinting.nl\/wp-content\/uploads\/Buitenkussen7.jpg","datePublished":"2025-01-24T10:31:40+00:00","dateModified":"2026-02-18T11:47:55+00:00","breadcrumb":{"@id":"https:\/\/www.amstelprinting.nl\/es\/tienda\/interior\/exterior\/cojin-de-exterior\/#breadcrumb"},"inLanguage":"es","potentialAction":[{"@type":"ReadAction","target":["https:\/\/www.amstelprinting.nl\/es\/tienda\/interior\/exterior\/cojin-de-exterior\/"]}]},{"@type":"ImageObject","inLanguage":"es","@id":"https:\/\/www.amstelprinting.nl\/es\/tienda\/interior\/exterior\/cojin-de-exterior\/#primaryimage","url":"https:\/\/www.amstelprinting.nl\/wp-content\/uploads\/Buitenkussen7.jpg","contentUrl":"https:\/\/www.amstelprinting.nl\/wp-content\/uploads\/Buitenkussen7.jpg","width":700,"height":700},{"@type":"BreadcrumbList","@id":"https:\/\/www.amstelprinting.nl\/es\/tienda\/interior\/exterior\/cojin-de-exterior\/#breadcrumb","itemListElement":[{"@type":"ListItem","position":1,"name":"","item":"https:\/\/www.amstelprinting.nl\/es\/"},{"@type":"ListItem","position":2,"name":"Amstel Printing","item":"https:\/\/www.amstelprinting.nl\/es\/comercio\/"},{"@type":"ListItem","position":3,"name":"Publicidad exterior","item":"https:\/\/www.amstelprinting.nl\/es\/categor\u00eda\/publicidad-exterior\/"},{"@type":"ListItem","position":4,"name":"Terraza &amp; jard\u00edn","item":"https:\/\/www.amstelprinting.nl\/es\/categor\u00eda\/publicidad-exterior\/terraza-jardin\/"},{"@type":"ListItem","position":5,"name":"Coj\u00edn de exterior"}]},{"@type":"WebSite","@id":"https:\/\/www.amstelprinting.nl\/es\/#website","url":"https:\/\/www.amstelprinting.nl\/es\/","name":"Amstel Printing","description":"Creating Exposure","publisher":{"@id":"https:\/\/www.amstelprinting.nl\/es\/#organization"},"potentialAction":[{"@type":"SearchAction","target":{"@type":"EntryPoint","urlTemplate":"https:\/\/www.amstelprinting.nl\/es\/?s={search_term_string}"},"query-input":{"@type":"PropertyValueSpecification","valueRequired":true,"valueName":"search_term_string"}}],"inLanguage":"es"},{"@type":"Organization","@id":"https:\/\/www.amstelprinting.nl\/es\/#organization","name":"Amstel Printing","url":"https:\/\/www.amstelprinting.nl\/es\/","logo":{"@type":"ImageObject","inLanguage":"es","@id":"https:\/\/www.amstelprinting.nl\/es\/#\/schema\/logo\/image\/","url":"https:\/\/www.amstelprinting.nl\/wp-content\/uploads\/amstel_printing_logo_clean.png","contentUrl":"https:\/\/www.amstelprinting.nl\/wp-content\/uploads\/amstel_printing_logo_clean.png","width":324,"height":73,"caption":"Amstel Printing"},"image":{"@id":"https:\/\/www.amstelprinting.nl\/es\/#\/schema\/logo\/image\/"}}]}},"_links":{"self":[{"href":"https:\/\/www.amstelprinting.nl\/es\/wp-json\/wp\/v2\/product\/13982","targetHints":{"allow":["GET"]}}],"collection":[{"href":"https:\/\/www.amstelprinting.nl\/es\/wp-json\/wp\/v2\/product"}],"about":[{"href":"https:\/\/www.amstelprinting.nl\/es\/wp-json\/wp\/v2\/types\/product"}],"wp:featuredmedia":[{"embeddable":true,"href":"https:\/\/www.amstelprinting.nl\/es\/wp-json\/wp\/v2\/media\/13984"}],"wp:attachment":[{"href":"https:\/\/www.amstelprinting.nl\/es\/wp-json\/wp\/v2\/media?parent=13982"}],"wp:term":[{"taxonomy":"product_brand","embeddable":true,"href":"https:\/\/www.amstelprinting.nl\/es\/wp-json\/wp\/v2\/product_brand?post=13982"},{"taxonomy":"product_cat","embeddable":true,"href":"https:\/\/www.amstelprinting.nl\/es\/wp-json\/wp\/v2\/product_cat?post=13982"},{"taxonomy":"product_tag","embeddable":true,"href":"https:\/\/www.amstelprinting.nl\/es\/wp-json\/wp\/v2\/product_tag?post=13982"}],"curies":[{"name":"wp","href":"https:\/\/api.w.org\/{rel}","templated":true}]}}