{"id":13993,"date":"2025-01-24T11:31:36","date_gmt":"2025-01-24T10:31:36","guid":{"rendered":"https:\/\/www.amstelprinting.nl\/winkel\/sin%20categor\u00eda\/tuinposter\/"},"modified":"2026-02-18T12:47:56","modified_gmt":"2026-02-18T11:47:56","slug":"poster-de-jardin","status":"publish","type":"product","link":"https:\/\/www.amstelprinting.nl\/es\/tienda\/interior\/exterior\/poster-de-jardin\/","title":{"rendered":"P\u00f3ster de jard\u00edn"},"content":{"rendered":"<h3>Impresi\u00f3n de p\u00f3ster de jard\u00edn: elija el material adecuado<\/h3>\n<p>Elija entre dos materiales:<\/p>\n<ul>\n<li><strong>Banner 510<\/strong>: Esta lona de PVC ofrece un aspecto brillante y es apta tanto para uso interior como exterior. Es resistente a los rayos UV y al agua, lo que la hace perfecta para todas las condiciones clim\u00e1ticas. Adem\u00e1s, cuenta con la certificaci\u00f3n B1 de seguridad contra incendios.<\/li>\n<li><strong>ProPES outdoor<\/strong>: Tejido de poli\u00e9ster ligero con un revestimiento repelente al agua, ideal para uso en exteriores. Este material ofrece una impresi\u00f3n n\u00edtida y es resistente a los rayos UV. Es una excelente opci\u00f3n para quienes buscan una soluci\u00f3n duradera con un aspecto moderno.<\/li>\n<\/ul>\n<p>&nbsp;<\/p>\n<h3>Acabado<\/h3>\n<p>Para el acabado de su p\u00f3ster de jard\u00edn, puede elegir entre corte o anillas. Si desea colgar el p\u00f3ster con clavos, elija la opci\u00f3n de corte. Si desea fijar el p\u00f3ster a una valla o pared, lo mejor es elegir anillas. Transforme su espacio exterior o interior con nuestros magn\u00edficos p\u00f3steres de jard\u00edn. \u00a1Elija el material y el acabado que mejor se adapten a sus necesidades y disfrute de un ambiente acogedor, temporada tras temporada!<\/p>\n","protected":false},"excerpt":{"rendered":"<h3>P\u00f3ster de jard\u00edn resistente a los rayos UV y al agua<\/h3>\n<p>Enriquezca su jard\u00edn, terraza o espacio interior con nuestros p\u00f3steres de jard\u00edn de alta calidad. Los p\u00f3steres de jard\u00edn est\u00e1n especialmente desarrollados para su uso en todas las condiciones clim\u00e1ticas. Ya sea que elija Banner 510 con su aspecto brillante y certificaci\u00f3n de seguridad contra incendios, o ProPES outdoor con sus propiedades ligeras y repelentes al agua. Nuestros p\u00f3steres de jard\u00edn ofrecen durabilidad y est\u00e9tica para cualquier entorno. \u00a1Deje volar su creatividad mientras lleva la belleza de la naturaleza a su espacio vital con nuestros vers\u00e1tiles p\u00f3steres de jard\u00edn!<\/p>\n","protected":false},"featured_media":13994,"template":"","meta":{"_et_pb_use_builder":"","_et_pb_old_content":"","_et_gb_content_width":""},"product_brand":[],"product_cat":[556,545,450,528],"product_tag":[],"class_list":{"0":"post-13993","1":"product","2":"type-product","3":"status-publish","4":"has-post-thumbnail","6":"product_cat-exterior","7":"product_cat-interior","8":"product_cat-publicidad-exterior","9":"product_cat-terraza-jardin","11":"first","12":"instock","13":"taxable","14":"shipping-taxable","15":"purchasable","16":"product-type-simple"},"yoast_head":"<!-- This site is optimized with the Yoast SEO plugin v27.3 - https:\/\/yoast.com\/product\/yoast-seo-wordpress\/ -->\n<title>P\u00f3ster de jard\u00edn | Amstel Printing<\/title>\n<meta name=\"robots\" content=\"index, follow, max-snippet:-1, max-image-preview:large, max-video-preview:-1\" \/>\n<link rel=\"canonical\" href=\"https:\/\/www.amstelprinting.nl\/es\/tienda\/interior\/exterior\/poster-de-jardin\/\" \/>\n<meta property=\"og:locale\" content=\"es_ES\" \/>\n<meta property=\"og:type\" content=\"article\" \/>\n<meta property=\"og:title\" content=\"P\u00f3ster de jard\u00edn | Amstel Printing\" \/>\n<meta property=\"og:description\" content=\"P\u00f3ster de jard\u00edn resistente a los rayos UV y al agua Enriquezca su jard\u00edn, terraza o espacio interior con nuestros p\u00f3steres de jard\u00edn de alta calidad. Los p\u00f3steres de jard\u00edn est\u00e1n especialmente desarrollados para su uso en todas las condiciones clim\u00e1ticas. Ya sea que elija Banner 510 con su aspecto brillante y certificaci\u00f3n de seguridad contra incendios, o ProPES outdoor con sus propiedades ligeras y repelentes al agua. Nuestros p\u00f3steres de jard\u00edn ofrecen durabilidad y est\u00e9tica para cualquier entorno. \u00a1Deje volar su creatividad mientras lleva la belleza de la naturaleza a su espacio vital con nuestros vers\u00e1tiles p\u00f3steres de jard\u00edn!\" \/>\n<meta property=\"og:url\" content=\"https:\/\/www.amstelprinting.nl\/es\/tienda\/interior\/exterior\/poster-de-jardin\/\" \/>\n<meta property=\"og:site_name\" content=\"Amstel Printing\" \/>\n<meta property=\"article:modified_time\" content=\"2026-02-18T11:47:56+00:00\" \/>\n<meta property=\"og:image\" content=\"https:\/\/www.amstelprinting.nl\/wp-content\/uploads\/Tuinposter.jpg\" \/>\n\t<meta property=\"og:image:width\" content=\"700\" \/>\n\t<meta property=\"og:image:height\" content=\"700\" \/>\n\t<meta property=\"og:image:type\" content=\"image\/jpeg\" \/>\n<meta name=\"twitter:card\" content=\"summary_large_image\" \/>\n<meta name=\"twitter:label1\" content=\"Tiempo de lectura\" \/>\n\t<meta name=\"twitter:data1\" content=\"1 minuto\" \/>\n<script type=\"application\/ld+json\" class=\"yoast-schema-graph\">{\"@context\":\"https:\\\/\\\/schema.org\",\"@graph\":[{\"@type\":\"WebPage\",\"@id\":\"https:\\\/\\\/www.amstelprinting.nl\\\/es\\\/tienda\\\/interior\\\/exterior\\\/poster-de-jardin\\\/\",\"url\":\"https:\\\/\\\/www.amstelprinting.nl\\\/es\\\/tienda\\\/interior\\\/exterior\\\/poster-de-jardin\\\/\",\"name\":\"P\u00f3ster de jard\u00edn | Amstel Printing\",\"isPartOf\":{\"@id\":\"https:\\\/\\\/www.amstelprinting.nl\\\/es\\\/#website\"},\"primaryImageOfPage\":{\"@id\":\"https:\\\/\\\/www.amstelprinting.nl\\\/es\\\/tienda\\\/interior\\\/exterior\\\/poster-de-jardin\\\/#primaryimage\"},\"image\":{\"@id\":\"https:\\\/\\\/www.amstelprinting.nl\\\/es\\\/tienda\\\/interior\\\/exterior\\\/poster-de-jardin\\\/#primaryimage\"},\"thumbnailUrl\":\"https:\\\/\\\/www.amstelprinting.nl\\\/wp-content\\\/uploads\\\/Tuinposter.jpg\",\"datePublished\":\"2025-01-24T10:31:36+00:00\",\"dateModified\":\"2026-02-18T11:47:56+00:00\",\"breadcrumb\":{\"@id\":\"https:\\\/\\\/www.amstelprinting.nl\\\/es\\\/tienda\\\/interior\\\/exterior\\\/poster-de-jardin\\\/#breadcrumb\"},\"inLanguage\":\"es\",\"potentialAction\":[{\"@type\":\"ReadAction\",\"target\":[\"https:\\\/\\\/www.amstelprinting.nl\\\/es\\\/tienda\\\/interior\\\/exterior\\\/poster-de-jardin\\\/\"]}]},{\"@type\":\"ImageObject\",\"inLanguage\":\"es\",\"@id\":\"https:\\\/\\\/www.amstelprinting.nl\\\/es\\\/tienda\\\/interior\\\/exterior\\\/poster-de-jardin\\\/#primaryimage\",\"url\":\"https:\\\/\\\/www.amstelprinting.nl\\\/wp-content\\\/uploads\\\/Tuinposter.jpg\",\"contentUrl\":\"https:\\\/\\\/www.amstelprinting.nl\\\/wp-content\\\/uploads\\\/Tuinposter.jpg\",\"width\":700,\"height\":700},{\"@type\":\"BreadcrumbList\",\"@id\":\"https:\\\/\\\/www.amstelprinting.nl\\\/es\\\/tienda\\\/interior\\\/exterior\\\/poster-de-jardin\\\/#breadcrumb\",\"itemListElement\":[{\"@type\":\"ListItem\",\"position\":1,\"name\":\"\",\"item\":\"https:\\\/\\\/www.amstelprinting.nl\\\/es\\\/\"},{\"@type\":\"ListItem\",\"position\":2,\"name\":\"Amstel Printing\",\"item\":\"https:\\\/\\\/www.amstelprinting.nl\\\/es\\\/comercio\\\/\"},{\"@type\":\"ListItem\",\"position\":3,\"name\":\"Publicidad exterior\",\"item\":\"https:\\\/\\\/www.amstelprinting.nl\\\/es\\\/categor\u00eda\\\/publicidad-exterior\\\/\"},{\"@type\":\"ListItem\",\"position\":4,\"name\":\"Terraza &amp; jard\u00edn\",\"item\":\"https:\\\/\\\/www.amstelprinting.nl\\\/es\\\/categor\u00eda\\\/publicidad-exterior\\\/terraza-jardin\\\/\"},{\"@type\":\"ListItem\",\"position\":5,\"name\":\"P\u00f3ster de jard\u00edn\"}]},{\"@type\":\"WebSite\",\"@id\":\"https:\\\/\\\/www.amstelprinting.nl\\\/es\\\/#website\",\"url\":\"https:\\\/\\\/www.amstelprinting.nl\\\/es\\\/\",\"name\":\"Amstel Printing\",\"description\":\"Creating Exposure\",\"publisher\":{\"@id\":\"https:\\\/\\\/www.amstelprinting.nl\\\/es\\\/#organization\"},\"potentialAction\":[{\"@type\":\"SearchAction\",\"target\":{\"@type\":\"EntryPoint\",\"urlTemplate\":\"https:\\\/\\\/www.amstelprinting.nl\\\/es\\\/?s={search_term_string}\"},\"query-input\":{\"@type\":\"PropertyValueSpecification\",\"valueRequired\":true,\"valueName\":\"search_term_string\"}}],\"inLanguage\":\"es\"},{\"@type\":\"Organization\",\"@id\":\"https:\\\/\\\/www.amstelprinting.nl\\\/es\\\/#organization\",\"name\":\"Amstel Printing\",\"url\":\"https:\\\/\\\/www.amstelprinting.nl\\\/es\\\/\",\"logo\":{\"@type\":\"ImageObject\",\"inLanguage\":\"es\",\"@id\":\"https:\\\/\\\/www.amstelprinting.nl\\\/es\\\/#\\\/schema\\\/logo\\\/image\\\/\",\"url\":\"https:\\\/\\\/www.amstelprinting.nl\\\/wp-content\\\/uploads\\\/amstel_printing_logo_clean.png\",\"contentUrl\":\"https:\\\/\\\/www.amstelprinting.nl\\\/wp-content\\\/uploads\\\/amstel_printing_logo_clean.png\",\"width\":324,\"height\":73,\"caption\":\"Amstel Printing\"},\"image\":{\"@id\":\"https:\\\/\\\/www.amstelprinting.nl\\\/es\\\/#\\\/schema\\\/logo\\\/image\\\/\"}}]}<\/script>\n<!-- \/ Yoast SEO plugin. -->","yoast_head_json":{"title":"P\u00f3ster de jard\u00edn | Amstel Printing","robots":{"index":"index","follow":"follow","max-snippet":"max-snippet:-1","max-image-preview":"max-image-preview:large","max-video-preview":"max-video-preview:-1"},"canonical":"https:\/\/www.amstelprinting.nl\/es\/tienda\/interior\/exterior\/poster-de-jardin\/","og_locale":"es_ES","og_type":"article","og_title":"P\u00f3ster de jard\u00edn | Amstel Printing","og_description":"P\u00f3ster de jard\u00edn resistente a los rayos UV y al agua Enriquezca su jard\u00edn, terraza o espacio interior con nuestros p\u00f3steres de jard\u00edn de alta calidad. Los p\u00f3steres de jard\u00edn est\u00e1n especialmente desarrollados para su uso en todas las condiciones clim\u00e1ticas. Ya sea que elija Banner 510 con su aspecto brillante y certificaci\u00f3n de seguridad contra incendios, o ProPES outdoor con sus propiedades ligeras y repelentes al agua. Nuestros p\u00f3steres de jard\u00edn ofrecen durabilidad y est\u00e9tica para cualquier entorno. \u00a1Deje volar su creatividad mientras lleva la belleza de la naturaleza a su espacio vital con nuestros vers\u00e1tiles p\u00f3steres de jard\u00edn!","og_url":"https:\/\/www.amstelprinting.nl\/es\/tienda\/interior\/exterior\/poster-de-jardin\/","og_site_name":"Amstel Printing","article_modified_time":"2026-02-18T11:47:56+00:00","og_image":[{"width":700,"height":700,"url":"https:\/\/www.amstelprinting.nl\/wp-content\/uploads\/Tuinposter.jpg","type":"image\/jpeg"}],"twitter_card":"summary_large_image","twitter_misc":{"Tiempo de lectura":"1 minuto"},"schema":{"@context":"https:\/\/schema.org","@graph":[{"@type":"WebPage","@id":"https:\/\/www.amstelprinting.nl\/es\/tienda\/interior\/exterior\/poster-de-jardin\/","url":"https:\/\/www.amstelprinting.nl\/es\/tienda\/interior\/exterior\/poster-de-jardin\/","name":"P\u00f3ster de jard\u00edn | Amstel Printing","isPartOf":{"@id":"https:\/\/www.amstelprinting.nl\/es\/#website"},"primaryImageOfPage":{"@id":"https:\/\/www.amstelprinting.nl\/es\/tienda\/interior\/exterior\/poster-de-jardin\/#primaryimage"},"image":{"@id":"https:\/\/www.amstelprinting.nl\/es\/tienda\/interior\/exterior\/poster-de-jardin\/#primaryimage"},"thumbnailUrl":"https:\/\/www.amstelprinting.nl\/wp-content\/uploads\/Tuinposter.jpg","datePublished":"2025-01-24T10:31:36+00:00","dateModified":"2026-02-18T11:47:56+00:00","breadcrumb":{"@id":"https:\/\/www.amstelprinting.nl\/es\/tienda\/interior\/exterior\/poster-de-jardin\/#breadcrumb"},"inLanguage":"es","potentialAction":[{"@type":"ReadAction","target":["https:\/\/www.amstelprinting.nl\/es\/tienda\/interior\/exterior\/poster-de-jardin\/"]}]},{"@type":"ImageObject","inLanguage":"es","@id":"https:\/\/www.amstelprinting.nl\/es\/tienda\/interior\/exterior\/poster-de-jardin\/#primaryimage","url":"https:\/\/www.amstelprinting.nl\/wp-content\/uploads\/Tuinposter.jpg","contentUrl":"https:\/\/www.amstelprinting.nl\/wp-content\/uploads\/Tuinposter.jpg","width":700,"height":700},{"@type":"BreadcrumbList","@id":"https:\/\/www.amstelprinting.nl\/es\/tienda\/interior\/exterior\/poster-de-jardin\/#breadcrumb","itemListElement":[{"@type":"ListItem","position":1,"name":"","item":"https:\/\/www.amstelprinting.nl\/es\/"},{"@type":"ListItem","position":2,"name":"Amstel Printing","item":"https:\/\/www.amstelprinting.nl\/es\/comercio\/"},{"@type":"ListItem","position":3,"name":"Publicidad exterior","item":"https:\/\/www.amstelprinting.nl\/es\/categor\u00eda\/publicidad-exterior\/"},{"@type":"ListItem","position":4,"name":"Terraza &amp; jard\u00edn","item":"https:\/\/www.amstelprinting.nl\/es\/categor\u00eda\/publicidad-exterior\/terraza-jardin\/"},{"@type":"ListItem","position":5,"name":"P\u00f3ster de jard\u00edn"}]},{"@type":"WebSite","@id":"https:\/\/www.amstelprinting.nl\/es\/#website","url":"https:\/\/www.amstelprinting.nl\/es\/","name":"Amstel Printing","description":"Creating Exposure","publisher":{"@id":"https:\/\/www.amstelprinting.nl\/es\/#organization"},"potentialAction":[{"@type":"SearchAction","target":{"@type":"EntryPoint","urlTemplate":"https:\/\/www.amstelprinting.nl\/es\/?s={search_term_string}"},"query-input":{"@type":"PropertyValueSpecification","valueRequired":true,"valueName":"search_term_string"}}],"inLanguage":"es"},{"@type":"Organization","@id":"https:\/\/www.amstelprinting.nl\/es\/#organization","name":"Amstel Printing","url":"https:\/\/www.amstelprinting.nl\/es\/","logo":{"@type":"ImageObject","inLanguage":"es","@id":"https:\/\/www.amstelprinting.nl\/es\/#\/schema\/logo\/image\/","url":"https:\/\/www.amstelprinting.nl\/wp-content\/uploads\/amstel_printing_logo_clean.png","contentUrl":"https:\/\/www.amstelprinting.nl\/wp-content\/uploads\/amstel_printing_logo_clean.png","width":324,"height":73,"caption":"Amstel Printing"},"image":{"@id":"https:\/\/www.amstelprinting.nl\/es\/#\/schema\/logo\/image\/"}}]}},"_links":{"self":[{"href":"https:\/\/www.amstelprinting.nl\/es\/wp-json\/wp\/v2\/product\/13993","targetHints":{"allow":["GET"]}}],"collection":[{"href":"https:\/\/www.amstelprinting.nl\/es\/wp-json\/wp\/v2\/product"}],"about":[{"href":"https:\/\/www.amstelprinting.nl\/es\/wp-json\/wp\/v2\/types\/product"}],"wp:featuredmedia":[{"embeddable":true,"href":"https:\/\/www.amstelprinting.nl\/es\/wp-json\/wp\/v2\/media\/13994"}],"wp:attachment":[{"href":"https:\/\/www.amstelprinting.nl\/es\/wp-json\/wp\/v2\/media?parent=13993"}],"wp:term":[{"taxonomy":"product_brand","embeddable":true,"href":"https:\/\/www.amstelprinting.nl\/es\/wp-json\/wp\/v2\/product_brand?post=13993"},{"taxonomy":"product_cat","embeddable":true,"href":"https:\/\/www.amstelprinting.nl\/es\/wp-json\/wp\/v2\/product_cat?post=13993"},{"taxonomy":"product_tag","embeddable":true,"href":"https:\/\/www.amstelprinting.nl\/es\/wp-json\/wp\/v2\/product_tag?post=13993"}],"curies":[{"name":"wp","href":"https:\/\/api.w.org\/{rel}","templated":true}]}}