{"id":14003,"date":"2025-01-24T11:31:31","date_gmt":"2025-01-24T10:31:31","guid":{"rendered":"https:\/\/www.amstelprinting.nl\/winkel\/sin%20categor\u00eda\/parasol\/"},"modified":"2026-02-10T12:45:15","modified_gmt":"2026-02-10T11:45:15","slug":"parasol","status":"publish","type":"product","link":"https:\/\/www.amstelprinting.nl\/es\/tienda\/interior\/exterior\/parasol\/","title":{"rendered":"Parasol"},"content":{"rendered":"<h3>Impresi\u00f3n de parasoles: elija el material adecuado<\/h3>\n<p>La tela del parasol est\u00e1 fabricada en ProPES. La tela de poli\u00e9ster para exteriores ProPES no solo proporciona colores vibrantes e intensos, sino que tambi\u00e9n es hidr\u00f3fuga y resistente a la radiaci\u00f3n UV, lo que permite que la tela del parasol se mantenga impecable durante mucho tiempo en cualquier condici\u00f3n clim\u00e1tica. La estructura del parasol, fabricada en acero, ofrece solidez y estabilidad incluso en d\u00edas de mucho viento.<\/p>\n<h3>Acabados<\/h3>\n<p>El parasol tiene un acabado con un ribete blanco y esquinas reforzadas, lo que permite colocar la estructura de forma segura para una m\u00e1xima durabilidad. La posibilidad de cambiar la tela f\u00e1cilmente le permite renovar su espacio exterior con regularidad para disfrutar siempre de un aspecto fresco. Adem\u00e1s, tiene la opci\u00f3n de rematar su parasol con hilos blancos o negros.<\/p>\n<h3>Accesorios<\/h3>\n<p>Para completar su parasol, puede elegir nuestra base de parasol. Est\u00e1 disponible en blanco y negro.<br \/>\nEmbellezca su jard\u00edn, terraza o patio con nuestros parasoles y cree un espacio exterior c\u00f3modo y atractivo.<\/p>\n<h3>Preguntas frecuentes sobre la impresi\u00f3n de parasoles<\/h3>\n<p><strong>\u00bfQu\u00e9 t\u00e9cnica de impresi\u00f3n se utiliza?<\/strong><br \/>\n\u00a1Utilizamos la t\u00e9cnica de impresi\u00f3n por sublimaci\u00f3n! Primero se secan bien las tintas y luego se calientan a una temperatura alta de entre 180 y 200 grados cent\u00edgrados. De esta forma, las tintas se integran en las fibras del tejido, lo que da como resultado colores vivos.<\/p>\n<p><strong>\u00bfC\u00f3mo puedo eliminar las arrugas de la tela?<\/strong><br \/>\nPuede planchar la tela del parasol en la posici\u00f3n para lana. Aseg\u00farese de colocar un pa\u00f1o de cocina sobre la impresi\u00f3n para mayor protecci\u00f3n.<\/p>\n<p><strong>\u00bfCu\u00e1l es la mejor manera de limpiar la tela?<br \/>\n<\/strong>Puede limpiar la tela con agua tibia y un pa\u00f1o de fibra. La tela tambi\u00e9n se puede lavar a 30 grados.<\/p>\n","protected":false},"excerpt":{"rendered":"<h3>Parasol resistente a la intemperie e hidr\u00f3fugo<\/h3>\n<p>Embellezca el espacio exterior con parasoles impresos. Especialmente dise\u00f1ado para resistir todas las condiciones clim\u00e1ticas. Tanto si elige un set completo con tela y estructura como si solo desea reemplazar la tela, nuestros parasoles ofrecen una gran flexibilidad de uso. Equipado con una impresi\u00f3n n\u00edtida de su elecci\u00f3n.<\/p>\n","protected":false},"featured_media":14004,"template":"","meta":{"_et_pb_use_builder":"","_et_pb_old_content":"","_et_gb_content_width":""},"product_brand":[],"product_cat":[423,556,431,545,450,528],"product_tag":[],"class_list":{"0":"post-14003","1":"product","2":"type-product","3":"status-publish","4":"has-post-thumbnail","6":"product_cat-decoracion","7":"product_cat-exterior","8":"product_cat-feria-y-evento","9":"product_cat-interior","10":"product_cat-publicidad-exterior","11":"product_cat-terraza-jardin","13":"first","14":"instock","15":"taxable","16":"shipping-taxable","17":"purchasable","18":"product-type-simple"},"yoast_head":"<!-- This site is optimized with the Yoast SEO plugin v27.3 - https:\/\/yoast.com\/product\/yoast-seo-wordpress\/ -->\n<title>Parasol | Amstel Printing<\/title>\n<meta name=\"robots\" content=\"index, follow, max-snippet:-1, max-image-preview:large, max-video-preview:-1\" \/>\n<link rel=\"canonical\" href=\"https:\/\/www.amstelprinting.nl\/es\/tienda\/interior\/exterior\/parasol\/\" \/>\n<meta property=\"og:locale\" content=\"es_ES\" \/>\n<meta property=\"og:type\" content=\"article\" \/>\n<meta property=\"og:title\" content=\"Parasol | Amstel Printing\" \/>\n<meta property=\"og:description\" content=\"Parasol resistente a la intemperie e hidr\u00f3fugo Embellezca el espacio exterior con parasoles impresos. Especialmente dise\u00f1ado para resistir todas las condiciones clim\u00e1ticas. Tanto si elige un set completo con tela y estructura como si solo desea reemplazar la tela, nuestros parasoles ofrecen una gran flexibilidad de uso. Equipado con una impresi\u00f3n n\u00edtida de su elecci\u00f3n.\" \/>\n<meta property=\"og:url\" content=\"https:\/\/www.amstelprinting.nl\/es\/tienda\/interior\/exterior\/parasol\/\" \/>\n<meta property=\"og:site_name\" content=\"Amstel Printing\" \/>\n<meta property=\"article:modified_time\" content=\"2026-02-10T11:45:15+00:00\" \/>\n<meta property=\"og:image\" content=\"https:\/\/www.amstelprinting.nl\/wp-content\/uploads\/Parasol.jpg\" \/>\n\t<meta property=\"og:image:width\" content=\"700\" \/>\n\t<meta property=\"og:image:height\" content=\"700\" \/>\n\t<meta property=\"og:image:type\" content=\"image\/jpeg\" \/>\n<meta name=\"twitter:card\" content=\"summary_large_image\" \/>\n<meta name=\"twitter:label1\" content=\"Tiempo de lectura\" \/>\n\t<meta name=\"twitter:data1\" content=\"2 minutos\" \/>\n<script type=\"application\/ld+json\" class=\"yoast-schema-graph\">{\"@context\":\"https:\\\/\\\/schema.org\",\"@graph\":[{\"@type\":\"WebPage\",\"@id\":\"https:\\\/\\\/www.amstelprinting.nl\\\/es\\\/tienda\\\/interior\\\/exterior\\\/parasol\\\/\",\"url\":\"https:\\\/\\\/www.amstelprinting.nl\\\/es\\\/tienda\\\/interior\\\/exterior\\\/parasol\\\/\",\"name\":\"Parasol | Amstel Printing\",\"isPartOf\":{\"@id\":\"https:\\\/\\\/www.amstelprinting.nl\\\/es\\\/#website\"},\"primaryImageOfPage\":{\"@id\":\"https:\\\/\\\/www.amstelprinting.nl\\\/es\\\/tienda\\\/interior\\\/exterior\\\/parasol\\\/#primaryimage\"},\"image\":{\"@id\":\"https:\\\/\\\/www.amstelprinting.nl\\\/es\\\/tienda\\\/interior\\\/exterior\\\/parasol\\\/#primaryimage\"},\"thumbnailUrl\":\"https:\\\/\\\/www.amstelprinting.nl\\\/wp-content\\\/uploads\\\/Parasol.jpg\",\"datePublished\":\"2025-01-24T10:31:31+00:00\",\"dateModified\":\"2026-02-10T11:45:15+00:00\",\"breadcrumb\":{\"@id\":\"https:\\\/\\\/www.amstelprinting.nl\\\/es\\\/tienda\\\/interior\\\/exterior\\\/parasol\\\/#breadcrumb\"},\"inLanguage\":\"es\",\"potentialAction\":[{\"@type\":\"ReadAction\",\"target\":[\"https:\\\/\\\/www.amstelprinting.nl\\\/es\\\/tienda\\\/interior\\\/exterior\\\/parasol\\\/\"]}]},{\"@type\":\"ImageObject\",\"inLanguage\":\"es\",\"@id\":\"https:\\\/\\\/www.amstelprinting.nl\\\/es\\\/tienda\\\/interior\\\/exterior\\\/parasol\\\/#primaryimage\",\"url\":\"https:\\\/\\\/www.amstelprinting.nl\\\/wp-content\\\/uploads\\\/Parasol.jpg\",\"contentUrl\":\"https:\\\/\\\/www.amstelprinting.nl\\\/wp-content\\\/uploads\\\/Parasol.jpg\",\"width\":700,\"height\":700},{\"@type\":\"BreadcrumbList\",\"@id\":\"https:\\\/\\\/www.amstelprinting.nl\\\/es\\\/tienda\\\/interior\\\/exterior\\\/parasol\\\/#breadcrumb\",\"itemListElement\":[{\"@type\":\"ListItem\",\"position\":1,\"name\":\"\",\"item\":\"https:\\\/\\\/www.amstelprinting.nl\\\/es\\\/\"},{\"@type\":\"ListItem\",\"position\":2,\"name\":\"Amstel Printing\",\"item\":\"https:\\\/\\\/www.amstelprinting.nl\\\/es\\\/comercio\\\/\"},{\"@type\":\"ListItem\",\"position\":3,\"name\":\"Publicidad exterior\",\"item\":\"https:\\\/\\\/www.amstelprinting.nl\\\/es\\\/categor\u00eda\\\/publicidad-exterior\\\/\"},{\"@type\":\"ListItem\",\"position\":4,\"name\":\"Terraza &amp; jard\u00edn\",\"item\":\"https:\\\/\\\/www.amstelprinting.nl\\\/es\\\/categor\u00eda\\\/publicidad-exterior\\\/terraza-jardin\\\/\"},{\"@type\":\"ListItem\",\"position\":5,\"name\":\"Parasol\"}]},{\"@type\":\"WebSite\",\"@id\":\"https:\\\/\\\/www.amstelprinting.nl\\\/es\\\/#website\",\"url\":\"https:\\\/\\\/www.amstelprinting.nl\\\/es\\\/\",\"name\":\"Amstel Printing\",\"description\":\"Creating Exposure\",\"publisher\":{\"@id\":\"https:\\\/\\\/www.amstelprinting.nl\\\/es\\\/#organization\"},\"potentialAction\":[{\"@type\":\"SearchAction\",\"target\":{\"@type\":\"EntryPoint\",\"urlTemplate\":\"https:\\\/\\\/www.amstelprinting.nl\\\/es\\\/?s={search_term_string}\"},\"query-input\":{\"@type\":\"PropertyValueSpecification\",\"valueRequired\":true,\"valueName\":\"search_term_string\"}}],\"inLanguage\":\"es\"},{\"@type\":\"Organization\",\"@id\":\"https:\\\/\\\/www.amstelprinting.nl\\\/es\\\/#organization\",\"name\":\"Amstel Printing\",\"url\":\"https:\\\/\\\/www.amstelprinting.nl\\\/es\\\/\",\"logo\":{\"@type\":\"ImageObject\",\"inLanguage\":\"es\",\"@id\":\"https:\\\/\\\/www.amstelprinting.nl\\\/es\\\/#\\\/schema\\\/logo\\\/image\\\/\",\"url\":\"https:\\\/\\\/www.amstelprinting.nl\\\/wp-content\\\/uploads\\\/amstel_printing_logo_clean.png\",\"contentUrl\":\"https:\\\/\\\/www.amstelprinting.nl\\\/wp-content\\\/uploads\\\/amstel_printing_logo_clean.png\",\"width\":324,\"height\":73,\"caption\":\"Amstel Printing\"},\"image\":{\"@id\":\"https:\\\/\\\/www.amstelprinting.nl\\\/es\\\/#\\\/schema\\\/logo\\\/image\\\/\"}}]}<\/script>\n<!-- \/ Yoast SEO plugin. -->","yoast_head_json":{"title":"Parasol | Amstel Printing","robots":{"index":"index","follow":"follow","max-snippet":"max-snippet:-1","max-image-preview":"max-image-preview:large","max-video-preview":"max-video-preview:-1"},"canonical":"https:\/\/www.amstelprinting.nl\/es\/tienda\/interior\/exterior\/parasol\/","og_locale":"es_ES","og_type":"article","og_title":"Parasol | Amstel Printing","og_description":"Parasol resistente a la intemperie e hidr\u00f3fugo Embellezca el espacio exterior con parasoles impresos. Especialmente dise\u00f1ado para resistir todas las condiciones clim\u00e1ticas. Tanto si elige un set completo con tela y estructura como si solo desea reemplazar la tela, nuestros parasoles ofrecen una gran flexibilidad de uso. Equipado con una impresi\u00f3n n\u00edtida de su elecci\u00f3n.","og_url":"https:\/\/www.amstelprinting.nl\/es\/tienda\/interior\/exterior\/parasol\/","og_site_name":"Amstel Printing","article_modified_time":"2026-02-10T11:45:15+00:00","og_image":[{"width":700,"height":700,"url":"https:\/\/www.amstelprinting.nl\/wp-content\/uploads\/Parasol.jpg","type":"image\/jpeg"}],"twitter_card":"summary_large_image","twitter_misc":{"Tiempo de lectura":"2 minutos"},"schema":{"@context":"https:\/\/schema.org","@graph":[{"@type":"WebPage","@id":"https:\/\/www.amstelprinting.nl\/es\/tienda\/interior\/exterior\/parasol\/","url":"https:\/\/www.amstelprinting.nl\/es\/tienda\/interior\/exterior\/parasol\/","name":"Parasol | Amstel Printing","isPartOf":{"@id":"https:\/\/www.amstelprinting.nl\/es\/#website"},"primaryImageOfPage":{"@id":"https:\/\/www.amstelprinting.nl\/es\/tienda\/interior\/exterior\/parasol\/#primaryimage"},"image":{"@id":"https:\/\/www.amstelprinting.nl\/es\/tienda\/interior\/exterior\/parasol\/#primaryimage"},"thumbnailUrl":"https:\/\/www.amstelprinting.nl\/wp-content\/uploads\/Parasol.jpg","datePublished":"2025-01-24T10:31:31+00:00","dateModified":"2026-02-10T11:45:15+00:00","breadcrumb":{"@id":"https:\/\/www.amstelprinting.nl\/es\/tienda\/interior\/exterior\/parasol\/#breadcrumb"},"inLanguage":"es","potentialAction":[{"@type":"ReadAction","target":["https:\/\/www.amstelprinting.nl\/es\/tienda\/interior\/exterior\/parasol\/"]}]},{"@type":"ImageObject","inLanguage":"es","@id":"https:\/\/www.amstelprinting.nl\/es\/tienda\/interior\/exterior\/parasol\/#primaryimage","url":"https:\/\/www.amstelprinting.nl\/wp-content\/uploads\/Parasol.jpg","contentUrl":"https:\/\/www.amstelprinting.nl\/wp-content\/uploads\/Parasol.jpg","width":700,"height":700},{"@type":"BreadcrumbList","@id":"https:\/\/www.amstelprinting.nl\/es\/tienda\/interior\/exterior\/parasol\/#breadcrumb","itemListElement":[{"@type":"ListItem","position":1,"name":"","item":"https:\/\/www.amstelprinting.nl\/es\/"},{"@type":"ListItem","position":2,"name":"Amstel Printing","item":"https:\/\/www.amstelprinting.nl\/es\/comercio\/"},{"@type":"ListItem","position":3,"name":"Publicidad exterior","item":"https:\/\/www.amstelprinting.nl\/es\/categor\u00eda\/publicidad-exterior\/"},{"@type":"ListItem","position":4,"name":"Terraza &amp; jard\u00edn","item":"https:\/\/www.amstelprinting.nl\/es\/categor\u00eda\/publicidad-exterior\/terraza-jardin\/"},{"@type":"ListItem","position":5,"name":"Parasol"}]},{"@type":"WebSite","@id":"https:\/\/www.amstelprinting.nl\/es\/#website","url":"https:\/\/www.amstelprinting.nl\/es\/","name":"Amstel Printing","description":"Creating Exposure","publisher":{"@id":"https:\/\/www.amstelprinting.nl\/es\/#organization"},"potentialAction":[{"@type":"SearchAction","target":{"@type":"EntryPoint","urlTemplate":"https:\/\/www.amstelprinting.nl\/es\/?s={search_term_string}"},"query-input":{"@type":"PropertyValueSpecification","valueRequired":true,"valueName":"search_term_string"}}],"inLanguage":"es"},{"@type":"Organization","@id":"https:\/\/www.amstelprinting.nl\/es\/#organization","name":"Amstel Printing","url":"https:\/\/www.amstelprinting.nl\/es\/","logo":{"@type":"ImageObject","inLanguage":"es","@id":"https:\/\/www.amstelprinting.nl\/es\/#\/schema\/logo\/image\/","url":"https:\/\/www.amstelprinting.nl\/wp-content\/uploads\/amstel_printing_logo_clean.png","contentUrl":"https:\/\/www.amstelprinting.nl\/wp-content\/uploads\/amstel_printing_logo_clean.png","width":324,"height":73,"caption":"Amstel Printing"},"image":{"@id":"https:\/\/www.amstelprinting.nl\/es\/#\/schema\/logo\/image\/"}}]}},"_links":{"self":[{"href":"https:\/\/www.amstelprinting.nl\/es\/wp-json\/wp\/v2\/product\/14003","targetHints":{"allow":["GET"]}}],"collection":[{"href":"https:\/\/www.amstelprinting.nl\/es\/wp-json\/wp\/v2\/product"}],"about":[{"href":"https:\/\/www.amstelprinting.nl\/es\/wp-json\/wp\/v2\/types\/product"}],"wp:featuredmedia":[{"embeddable":true,"href":"https:\/\/www.amstelprinting.nl\/es\/wp-json\/wp\/v2\/media\/14004"}],"wp:attachment":[{"href":"https:\/\/www.amstelprinting.nl\/es\/wp-json\/wp\/v2\/media?parent=14003"}],"wp:term":[{"taxonomy":"product_brand","embeddable":true,"href":"https:\/\/www.amstelprinting.nl\/es\/wp-json\/wp\/v2\/product_brand?post=14003"},{"taxonomy":"product_cat","embeddable":true,"href":"https:\/\/www.amstelprinting.nl\/es\/wp-json\/wp\/v2\/product_cat?post=14003"},{"taxonomy":"product_tag","embeddable":true,"href":"https:\/\/www.amstelprinting.nl\/es\/wp-json\/wp\/v2\/product_tag?post=14003"}],"curies":[{"name":"wp","href":"https:\/\/api.w.org\/{rel}","templated":true}]}}