{"id":14053,"date":"2025-01-24T11:31:10","date_gmt":"2025-01-24T10:31:10","guid":{"rendered":"https:\/\/www.amstelprinting.nl\/winkel\/sin%20categor\u00eda\/landenvlag\/"},"modified":"2026-02-18T12:48:00","modified_gmt":"2026-02-18T11:48:00","slug":"bandera-nacional","status":"publish","type":"product","link":"https:\/\/www.amstelprinting.nl\/es\/tienda\/todas-las-banderas\/banderas\/bandera-nacional\/","title":{"rendered":"Bandera nacional"},"content":{"rendered":"<h3>Ventajas de las banderas nacionales<\/h3>\n<ul>\n<li>Disponible en tres tama\u00f1os<\/li>\n<li>Elija entre varios dise\u00f1os: B\u00e9lgica, Pa\u00edses Bajos, Frisia y Alemania (otras banderas nacionales bajo pedido)<\/li>\n<li>Fabricada en poli\u00e9ster spun duradero y con dobladillo de precisi\u00f3n para un uso prolongado<\/li>\n<li>Gama completa de accesorios para fijar su bandera de forma sencilla y elegante.<\/li>\n<\/ul>\n<p>&nbsp;<\/p>\n<h3>Tama\u00f1o y material<\/h3>\n<p>Nuestras banderas nacionales est\u00e1n disponibles en tres tama\u00f1os: 150 cm x 100 cm, 225 cm x 150 cm y 300 cm x 250 cm. Las banderas nacionales est\u00e1n fabricadas en poli\u00e9ster spun de 155 gr.\/m\u00b2, un material conocido por su durabilidad y resistencia a la intemperie. Esto garantiza que su bandera nacional luzca siempre impecable, incluso en las condiciones clim\u00e1ticas m\u00e1s exigentes. La bandera nacional tiene un dobladillo perimetral de doble aguja. Este acabado robusto garantiza que la bandera no se deshilache f\u00e1cilmente y dure mucho tiempo.<\/p>\n<h3>Solidez del color garantizada<\/h3>\n<p>Los colores de nuestras banderas nacionales cumplen con los valores crom\u00e1ticos establecidos por el Ministerio de Asuntos Generales, o NEN 3055. Esto significa que las banderas nacionales tienen los tonos correctos y un aspecto aut\u00e9ntico, representando su orgullo nacional de forma respetuosa.<\/p>\n<h3>Accesorios<\/h3>\n<p>Ofrecemos una amplia gama de accesorios para completar su bandera nacional. Elija entre diferentes tipos de m\u00e1stiles de fachada o un m\u00e1stil de mano para colgar la bandera nacional f\u00e1cilmente. Haga que su bandera ondee con orgullo y marque la diferencia con nuestras banderas nacionales duraderas y aut\u00e9nticas.<\/p>\n<h3>Preguntas frecuentes sobre banderas nacionales<\/h3>\n<p><strong>\u00bfC\u00f3mo se imprime la bandera nacional?<\/strong><br \/>\nNuestras banderas nacionales se imprimen mediante tecnolog\u00eda de serigraf\u00eda. Esto garantiza colores brillantes y duraderos resistentes a la decoloraci\u00f3n.<\/p>\n<p><strong>\u00bfEs la bandera nacional resistente a los rayos UV?<\/strong><br \/>\nS\u00ed, gracias a la tecnolog\u00eda de serigraf\u00eda, la bandera nacional es resistente a los rayos UV, lo que mantiene los colores brillantes incluso tras una exposici\u00f3n prolongada a la luz solar.<\/p>\n<p><strong>\u00bfPuedo lavar la bandera nacional?<\/strong><br \/>\nPor supuesto, la bandera nacional es lavable a 40 grados, por lo que podr\u00e1 mantenerla limpia y bonita con facilidad.<\/p>\n","protected":false},"excerpt":{"rendered":"<p>Ya sea para organizar un evento, celebrar una ocasi\u00f3n festiva o simplemente expresar el amor por su pa\u00eds, nuestras banderas nacionales de alta calidad son la elecci\u00f3n perfecta. Con banderas de B\u00e9lgica, Pa\u00edses Bajos, Frisia, Alemania y muchos otros pa\u00edses bajo pedido, ofrecemos banderas nacionales que cumplen con los m\u00e1s altos est\u00e1ndares de calidad y normas de color oficiales.<\/p>\n","protected":false},"featured_media":14054,"template":"","meta":{"_et_pb_use_builder":"","_et_pb_old_content":"","_et_gb_content_width":""},"product_brand":[],"product_cat":[876,887],"product_tag":[],"class_list":{"0":"post-14053","1":"product","2":"type-product","3":"status-publish","4":"has-post-thumbnail","6":"product_cat-todas-las-banderas","7":"product_cat-banderas","9":"first","10":"instock","11":"taxable","12":"shipping-taxable","13":"purchasable","14":"product-type-simple"},"yoast_head":"<!-- This site is optimized with the Yoast SEO plugin v27.3 - https:\/\/yoast.com\/product\/yoast-seo-wordpress\/ -->\n<title>Bandera nacional | Alta calidad | Duradera y con solidez de color oficial<\/title>\n<meta name=\"description\" content=\"Pida ahora una bandera nacional duradera en formatos perfectos y colores oficiales. Resistente a los rayos UV y a la intemperie, ideal para cualquier evento o uso diario.\" \/>\n<meta name=\"robots\" content=\"index, follow, max-snippet:-1, max-image-preview:large, max-video-preview:-1\" \/>\n<link rel=\"canonical\" href=\"https:\/\/www.amstelprinting.nl\/es\/tienda\/todas-las-banderas\/banderas\/bandera-nacional\/\" \/>\n<meta property=\"og:locale\" content=\"es_ES\" \/>\n<meta property=\"og:type\" content=\"article\" \/>\n<meta property=\"og:title\" content=\"Bandera nacional | Alta calidad | Duradera y con solidez de color oficial\" \/>\n<meta property=\"og:description\" content=\"Pida ahora una bandera nacional duradera en formatos perfectos y colores oficiales. Resistente a los rayos UV y a la intemperie, ideal para cualquier evento o uso diario.\" \/>\n<meta property=\"og:url\" content=\"https:\/\/www.amstelprinting.nl\/es\/tienda\/todas-las-banderas\/banderas\/bandera-nacional\/\" \/>\n<meta property=\"og:site_name\" content=\"Amstel Printing\" \/>\n<meta property=\"article:modified_time\" content=\"2026-02-18T11:48:00+00:00\" \/>\n<meta property=\"og:image\" content=\"https:\/\/www.amstelprinting.nl\/wp-content\/uploads\/Landenvlag.jpg\" \/>\n\t<meta property=\"og:image:width\" content=\"700\" \/>\n\t<meta property=\"og:image:height\" content=\"700\" \/>\n\t<meta property=\"og:image:type\" content=\"image\/jpeg\" \/>\n<meta name=\"twitter:card\" content=\"summary_large_image\" \/>\n<meta name=\"twitter:label1\" content=\"Tiempo de lectura\" \/>\n\t<meta name=\"twitter:data1\" content=\"2 minutos\" \/>\n<script type=\"application\/ld+json\" class=\"yoast-schema-graph\">{\"@context\":\"https:\\\/\\\/schema.org\",\"@graph\":[{\"@type\":\"WebPage\",\"@id\":\"https:\\\/\\\/www.amstelprinting.nl\\\/es\\\/tienda\\\/todas-las-banderas\\\/banderas\\\/bandera-nacional\\\/\",\"url\":\"https:\\\/\\\/www.amstelprinting.nl\\\/es\\\/tienda\\\/todas-las-banderas\\\/banderas\\\/bandera-nacional\\\/\",\"name\":\"Bandera nacional | Alta calidad | Duradera y con solidez de color oficial\",\"isPartOf\":{\"@id\":\"https:\\\/\\\/www.amstelprinting.nl\\\/es\\\/#website\"},\"primaryImageOfPage\":{\"@id\":\"https:\\\/\\\/www.amstelprinting.nl\\\/es\\\/tienda\\\/todas-las-banderas\\\/banderas\\\/bandera-nacional\\\/#primaryimage\"},\"image\":{\"@id\":\"https:\\\/\\\/www.amstelprinting.nl\\\/es\\\/tienda\\\/todas-las-banderas\\\/banderas\\\/bandera-nacional\\\/#primaryimage\"},\"thumbnailUrl\":\"https:\\\/\\\/www.amstelprinting.nl\\\/wp-content\\\/uploads\\\/Landenvlag.jpg\",\"datePublished\":\"2025-01-24T10:31:10+00:00\",\"dateModified\":\"2026-02-18T11:48:00+00:00\",\"description\":\"Pida ahora una bandera nacional duradera en formatos perfectos y colores oficiales. Resistente a los rayos UV y a la intemperie, ideal para cualquier evento o uso diario.\",\"breadcrumb\":{\"@id\":\"https:\\\/\\\/www.amstelprinting.nl\\\/es\\\/tienda\\\/todas-las-banderas\\\/banderas\\\/bandera-nacional\\\/#breadcrumb\"},\"inLanguage\":\"es\",\"potentialAction\":[{\"@type\":\"ReadAction\",\"target\":[\"https:\\\/\\\/www.amstelprinting.nl\\\/es\\\/tienda\\\/todas-las-banderas\\\/banderas\\\/bandera-nacional\\\/\"]}]},{\"@type\":\"ImageObject\",\"inLanguage\":\"es\",\"@id\":\"https:\\\/\\\/www.amstelprinting.nl\\\/es\\\/tienda\\\/todas-las-banderas\\\/banderas\\\/bandera-nacional\\\/#primaryimage\",\"url\":\"https:\\\/\\\/www.amstelprinting.nl\\\/wp-content\\\/uploads\\\/Landenvlag.jpg\",\"contentUrl\":\"https:\\\/\\\/www.amstelprinting.nl\\\/wp-content\\\/uploads\\\/Landenvlag.jpg\",\"width\":700,\"height\":700},{\"@type\":\"BreadcrumbList\",\"@id\":\"https:\\\/\\\/www.amstelprinting.nl\\\/es\\\/tienda\\\/todas-las-banderas\\\/banderas\\\/bandera-nacional\\\/#breadcrumb\",\"itemListElement\":[{\"@type\":\"ListItem\",\"position\":1,\"name\":\"\",\"item\":\"https:\\\/\\\/www.amstelprinting.nl\\\/es\\\/\"},{\"@type\":\"ListItem\",\"position\":2,\"name\":\"Amstel Printing\",\"item\":\"https:\\\/\\\/www.amstelprinting.nl\\\/es\\\/comercio\\\/\"},{\"@type\":\"ListItem\",\"position\":3,\"name\":\"Banderas\",\"item\":\"https:\\\/\\\/www.amstelprinting.nl\\\/es\\\/categor\u00eda\\\/todas-las-banderas\\\/\"},{\"@type\":\"ListItem\",\"position\":4,\"name\":\"Banderas\",\"item\":\"https:\\\/\\\/www.amstelprinting.nl\\\/es\\\/categor\u00eda\\\/todas-las-banderas\\\/banderas\\\/\"},{\"@type\":\"ListItem\",\"position\":5,\"name\":\"Bandera nacional\"}]},{\"@type\":\"WebSite\",\"@id\":\"https:\\\/\\\/www.amstelprinting.nl\\\/es\\\/#website\",\"url\":\"https:\\\/\\\/www.amstelprinting.nl\\\/es\\\/\",\"name\":\"Amstel Printing\",\"description\":\"Creating Exposure\",\"publisher\":{\"@id\":\"https:\\\/\\\/www.amstelprinting.nl\\\/es\\\/#organization\"},\"potentialAction\":[{\"@type\":\"SearchAction\",\"target\":{\"@type\":\"EntryPoint\",\"urlTemplate\":\"https:\\\/\\\/www.amstelprinting.nl\\\/es\\\/?s={search_term_string}\"},\"query-input\":{\"@type\":\"PropertyValueSpecification\",\"valueRequired\":true,\"valueName\":\"search_term_string\"}}],\"inLanguage\":\"es\"},{\"@type\":\"Organization\",\"@id\":\"https:\\\/\\\/www.amstelprinting.nl\\\/es\\\/#organization\",\"name\":\"Amstel Printing\",\"url\":\"https:\\\/\\\/www.amstelprinting.nl\\\/es\\\/\",\"logo\":{\"@type\":\"ImageObject\",\"inLanguage\":\"es\",\"@id\":\"https:\\\/\\\/www.amstelprinting.nl\\\/es\\\/#\\\/schema\\\/logo\\\/image\\\/\",\"url\":\"https:\\\/\\\/www.amstelprinting.nl\\\/wp-content\\\/uploads\\\/amstel_printing_logo_clean.png\",\"contentUrl\":\"https:\\\/\\\/www.amstelprinting.nl\\\/wp-content\\\/uploads\\\/amstel_printing_logo_clean.png\",\"width\":324,\"height\":73,\"caption\":\"Amstel Printing\"},\"image\":{\"@id\":\"https:\\\/\\\/www.amstelprinting.nl\\\/es\\\/#\\\/schema\\\/logo\\\/image\\\/\"}}]}<\/script>\n<!-- \/ Yoast SEO plugin. -->","yoast_head_json":{"title":"Bandera nacional | Alta calidad | Duradera y con solidez de color oficial","description":"Pida ahora una bandera nacional duradera en formatos perfectos y colores oficiales. Resistente a los rayos UV y a la intemperie, ideal para cualquier evento o uso diario.","robots":{"index":"index","follow":"follow","max-snippet":"max-snippet:-1","max-image-preview":"max-image-preview:large","max-video-preview":"max-video-preview:-1"},"canonical":"https:\/\/www.amstelprinting.nl\/es\/tienda\/todas-las-banderas\/banderas\/bandera-nacional\/","og_locale":"es_ES","og_type":"article","og_title":"Bandera nacional | Alta calidad | Duradera y con solidez de color oficial","og_description":"Pida ahora una bandera nacional duradera en formatos perfectos y colores oficiales. Resistente a los rayos UV y a la intemperie, ideal para cualquier evento o uso diario.","og_url":"https:\/\/www.amstelprinting.nl\/es\/tienda\/todas-las-banderas\/banderas\/bandera-nacional\/","og_site_name":"Amstel Printing","article_modified_time":"2026-02-18T11:48:00+00:00","og_image":[{"width":700,"height":700,"url":"https:\/\/www.amstelprinting.nl\/wp-content\/uploads\/Landenvlag.jpg","type":"image\/jpeg"}],"twitter_card":"summary_large_image","twitter_misc":{"Tiempo de lectura":"2 minutos"},"schema":{"@context":"https:\/\/schema.org","@graph":[{"@type":"WebPage","@id":"https:\/\/www.amstelprinting.nl\/es\/tienda\/todas-las-banderas\/banderas\/bandera-nacional\/","url":"https:\/\/www.amstelprinting.nl\/es\/tienda\/todas-las-banderas\/banderas\/bandera-nacional\/","name":"Bandera nacional | Alta calidad | Duradera y con solidez de color oficial","isPartOf":{"@id":"https:\/\/www.amstelprinting.nl\/es\/#website"},"primaryImageOfPage":{"@id":"https:\/\/www.amstelprinting.nl\/es\/tienda\/todas-las-banderas\/banderas\/bandera-nacional\/#primaryimage"},"image":{"@id":"https:\/\/www.amstelprinting.nl\/es\/tienda\/todas-las-banderas\/banderas\/bandera-nacional\/#primaryimage"},"thumbnailUrl":"https:\/\/www.amstelprinting.nl\/wp-content\/uploads\/Landenvlag.jpg","datePublished":"2025-01-24T10:31:10+00:00","dateModified":"2026-02-18T11:48:00+00:00","description":"Pida ahora una bandera nacional duradera en formatos perfectos y colores oficiales. Resistente a los rayos UV y a la intemperie, ideal para cualquier evento o uso diario.","breadcrumb":{"@id":"https:\/\/www.amstelprinting.nl\/es\/tienda\/todas-las-banderas\/banderas\/bandera-nacional\/#breadcrumb"},"inLanguage":"es","potentialAction":[{"@type":"ReadAction","target":["https:\/\/www.amstelprinting.nl\/es\/tienda\/todas-las-banderas\/banderas\/bandera-nacional\/"]}]},{"@type":"ImageObject","inLanguage":"es","@id":"https:\/\/www.amstelprinting.nl\/es\/tienda\/todas-las-banderas\/banderas\/bandera-nacional\/#primaryimage","url":"https:\/\/www.amstelprinting.nl\/wp-content\/uploads\/Landenvlag.jpg","contentUrl":"https:\/\/www.amstelprinting.nl\/wp-content\/uploads\/Landenvlag.jpg","width":700,"height":700},{"@type":"BreadcrumbList","@id":"https:\/\/www.amstelprinting.nl\/es\/tienda\/todas-las-banderas\/banderas\/bandera-nacional\/#breadcrumb","itemListElement":[{"@type":"ListItem","position":1,"name":"","item":"https:\/\/www.amstelprinting.nl\/es\/"},{"@type":"ListItem","position":2,"name":"Amstel Printing","item":"https:\/\/www.amstelprinting.nl\/es\/comercio\/"},{"@type":"ListItem","position":3,"name":"Banderas","item":"https:\/\/www.amstelprinting.nl\/es\/categor\u00eda\/todas-las-banderas\/"},{"@type":"ListItem","position":4,"name":"Banderas","item":"https:\/\/www.amstelprinting.nl\/es\/categor\u00eda\/todas-las-banderas\/banderas\/"},{"@type":"ListItem","position":5,"name":"Bandera nacional"}]},{"@type":"WebSite","@id":"https:\/\/www.amstelprinting.nl\/es\/#website","url":"https:\/\/www.amstelprinting.nl\/es\/","name":"Amstel Printing","description":"Creating Exposure","publisher":{"@id":"https:\/\/www.amstelprinting.nl\/es\/#organization"},"potentialAction":[{"@type":"SearchAction","target":{"@type":"EntryPoint","urlTemplate":"https:\/\/www.amstelprinting.nl\/es\/?s={search_term_string}"},"query-input":{"@type":"PropertyValueSpecification","valueRequired":true,"valueName":"search_term_string"}}],"inLanguage":"es"},{"@type":"Organization","@id":"https:\/\/www.amstelprinting.nl\/es\/#organization","name":"Amstel Printing","url":"https:\/\/www.amstelprinting.nl\/es\/","logo":{"@type":"ImageObject","inLanguage":"es","@id":"https:\/\/www.amstelprinting.nl\/es\/#\/schema\/logo\/image\/","url":"https:\/\/www.amstelprinting.nl\/wp-content\/uploads\/amstel_printing_logo_clean.png","contentUrl":"https:\/\/www.amstelprinting.nl\/wp-content\/uploads\/amstel_printing_logo_clean.png","width":324,"height":73,"caption":"Amstel Printing"},"image":{"@id":"https:\/\/www.amstelprinting.nl\/es\/#\/schema\/logo\/image\/"}}]}},"_links":{"self":[{"href":"https:\/\/www.amstelprinting.nl\/es\/wp-json\/wp\/v2\/product\/14053","targetHints":{"allow":["GET"]}}],"collection":[{"href":"https:\/\/www.amstelprinting.nl\/es\/wp-json\/wp\/v2\/product"}],"about":[{"href":"https:\/\/www.amstelprinting.nl\/es\/wp-json\/wp\/v2\/types\/product"}],"wp:featuredmedia":[{"embeddable":true,"href":"https:\/\/www.amstelprinting.nl\/es\/wp-json\/wp\/v2\/media\/14054"}],"wp:attachment":[{"href":"https:\/\/www.amstelprinting.nl\/es\/wp-json\/wp\/v2\/media?parent=14053"}],"wp:term":[{"taxonomy":"product_brand","embeddable":true,"href":"https:\/\/www.amstelprinting.nl\/es\/wp-json\/wp\/v2\/product_brand?post=14053"},{"taxonomy":"product_cat","embeddable":true,"href":"https:\/\/www.amstelprinting.nl\/es\/wp-json\/wp\/v2\/product_cat?post=14053"},{"taxonomy":"product_tag","embeddable":true,"href":"https:\/\/www.amstelprinting.nl\/es\/wp-json\/wp\/v2\/product_tag?post=14053"}],"curies":[{"name":"wp","href":"https:\/\/api.w.org\/{rel}","templated":true}]}}