{"id":14063,"date":"2025-01-24T11:31:07","date_gmt":"2025-01-24T10:31:07","guid":{"rendered":"https:\/\/www.amstelprinting.nl\/winkel\/sin%20categor\u00eda\/vlag-eigen-formaat\/"},"modified":"2026-02-18T12:48:01","modified_gmt":"2026-02-18T11:48:01","slug":"bandera-tamano-personalizado","status":"publish","type":"product","link":"https:\/\/www.amstelprinting.nl\/es\/tienda\/todas-las-banderas\/banderas-de-fachada\/bandera-tamano-personalizado\/","title":{"rendered":"Bandera &#8211; tama\u00f1o personalizado"},"content":{"rendered":"<h3>Impresi\u00f3n de banderas<\/h3>\n<p>Con una bandera impresa, atraer\u00e1 la atenci\u00f3n hacia su empresa. Imprimimos su logotipo o dise\u00f1o corporativo en alta definici\u00f3n a todo color sobre tela de bandera en el tama\u00f1o que desee. Todas nuestras banderas se entregan listas para ser fijadas en su m\u00e1stil.<\/p>\n<h3>Banderas rectangulares o verticales<\/h3>\n<p>La bandera est\u00e1 disponible en dos modelos: recta o vertical. A continuaci\u00f3n explicamos brevemente las diferencias.<\/p>\n<p><span style=\"text-decoration: underline;\">Bandera recta<\/span><br \/>\nLa bandera recta es una forma cl\u00e1sica de bandera (como la de un pa\u00eds). La bandera recta es adecuada para un asta de bandera (acabado con cord\u00f3n y lazo) o un m\u00e1stil de bandera (acabado con cinta y ganchos).<\/p>\n<p><span style=\"text-decoration: underline;\">Bandera vertical<\/span><br \/>\nLa bandera vertical tambi\u00e9n se conoce como banderola, bandera de formato alto o bandera vertical. Es una bandera estrecha y alta, acabada con un dobladillo en la parte superior. Puede fijar la bandera vertical en un m\u00e1stil de banderola espec\u00edfico. Este m\u00e1stil tiene un soporte de banderola en la parte superior, que se desliza a trav\u00e9s del dobladillo de la bandera vertical. Como resultado, su bandera ser\u00e1 claramente visible incluso con poco viento (a diferencia de la bandera recta).<\/p>\n<h3>Elija el material de bandera adecuado<\/h3>\n<p>Elija entre tres tipos diferentes de tela para banderas. Cada tipo de tela tiene sus propias propiedades \u00fanicas. \u00bfEs importante para usted la sostenibilidad? \u00bfO tiene previsto utilizar las banderas en un lugar con vientos normalmente fuertes? A continuaci\u00f3n explicamos brevemente las diferentes propiedades de las telas de bandera para que pueda tomar la decisi\u00f3n correcta r\u00e1pidamente.<\/p>\n<ul>\n<li><strong>Flag<\/strong>: El tejido est\u00e1ndar para banderas impresas (el m\u00e1s solicitado).<\/li>\n<li><strong>Flag PET<\/strong>: Una opci\u00f3n respetuosa con el medio ambiente, fabricada con botellas de PET 100% recicladas.<\/li>\n<li><strong>Longlife<\/strong>: Este tejido extra fuerte tiene una estructura especial que reduce el deshilachado. Esto le permite contar con una vida \u00fatil extra larga.<\/li>\n<\/ul>\n<p>&nbsp;<\/p>\n<h3>El acabado de su bandera<\/h3>\n<p>Tras la impresi\u00f3n de la tela de la bandera, se puede proceder al acabado. La bandera puede acabarse de varias maneras. Dependiendo del uso y de sus preferencias personales, puede configurar su bandera totalmente a su gusto.<\/p>\n<p>La bandera puede acabarse con una cinta blanca con ganchos o una cinta negra con ganchos. As\u00ed podr\u00e1 adaptar este acabado claro u oscuro al dise\u00f1o de su bandera impresa.<br \/>\nEste acabado puede realizarse en el lado izquierdo o derecho de su bandera. Tambi\u00e9n puede elegir un dobladillo para el soporte de la banderola o ning\u00fan dobladillo. Adem\u00e1s, hay varios accesorios disponibles para su bandera.<\/p>\n<h3>\u00bfQu\u00e9 tama\u00f1o de bandera es el adecuado?<\/h3>\n<p>Para obtener el mejor resultado, debe pedir el tama\u00f1o de bandera correcto. Evite una proporci\u00f3n incorrecta de la bandera impresa en relaci\u00f3n con la altura de su m\u00e1stil. Utilice el siguiente resumen para pedir el tama\u00f1o de bandera correcto.<\/p>\n<h3>Tama\u00f1o de la bandera y altura del m\u00e1stil<\/h3>\n<ul>\n<li>50 x 75 cm &#8211; asta de 1 a 1,5 metros<\/li>\n<li>100 x 70 cm &#8211; asta de 1 a 2 metros<\/li>\n<li>100 x 150 cm &#8211; asta de 2 a 3 metros<\/li>\n<li>120 x 180 cm &#8211; asta de 3 a 4 metros<\/li>\n<li>150 x 225 cm &#8211; m\u00e1stil de 6 y 7 metros<\/li>\n<li>200 x 300 cm &#8211; m\u00e1stil de 8 metros<\/li>\n<\/ul>\n<p>&nbsp;<\/p>\n<h3>Tama\u00f1o de la banderola y altura del m\u00e1stil<\/h3>\n<ul>\n<li>300 x 100 cm &#8211; m\u00e1stil de 6 y 7 metros<\/li>\n<li>400 x 100 cm &#8211; m\u00e1stil de 8 metros<\/li>\n<li>350 x 120 cm &#8211; m\u00e1stil de 7 metros<\/li>\n<li>400 x 120 cm &#8211; m\u00e1stil de 8 y 9 metros<\/li>\n<li>450 x 150 cm &#8211; m\u00e1stil de m\u00ednimo 9 metros<\/li>\n<li>500 x 120 cm &#8211; m\u00e1stil de m\u00ednimo 9 metros<\/li>\n<\/ul>\n<p>&nbsp;<\/p>\n<h3>\u00bfCu\u00e1nto duran las banderas?<\/h3>\n<p>Las banderas est\u00e1n sujetas al desgaste y, dependiendo de una serie de factores, acabar\u00e1n necesitando ser sustituidas. La mayor influencia en la vida \u00fatil de la bandera son las condiciones meteorol\u00f3gicas. El viento fuerte hace que su bandera ondee maravillosamente, por supuesto. Pero la combinaci\u00f3n de viento fuerte y mucha lluvia acorta la vida \u00fatil. El viento fuerte da a la bandera el car\u00e1cter de un l\u00e1tigo. La desventaja de estos golpes fuertes es que los extremos absorben toda la energ\u00eda. Adem\u00e1s, la lluvia hace que las banderas pesen m\u00e1s, lo que refuerza este efecto. Confeccionamos las banderas con hilos de alta calidad y dotamos a todas ellas de un dobladillo doble. Esto evita al m\u00e1ximo el desgaste prematuro. No obstante, el desgaste y la sustituci\u00f3n de las banderas son inevitables a largo plazo.<\/p>\n<h3>Factores que influyen en el desgaste<\/h3>\n<ul>\n<li>Las condiciones meteorol\u00f3gicas<\/li>\n<li>La ubicaci\u00f3n de la bandera<\/li>\n<li>El tama\u00f1o de la bandera<\/li>\n<li>El uso y tratamiento de la bandera<\/li>\n<\/ul>\n<p>&nbsp;<\/p>\n<h3>5 consejos para prevenir el desgaste de las banderas<\/h3>\n<p>Para prolongar al m\u00e1ximo la vida \u00fatil de la bandera, le ofrecemos los siguientes consejos y recomendaciones.<\/p>\n<ol>\n<li>Retire la bandera en caso de mal tiempo (especialmente a partir de fuerza de viento 6)<\/li>\n<li>Compruebe regularmente las costuras exteriores y repare las que se hayan soltado<\/li>\n<li>Lave la bandera regularmente a 30\u00b0 con un detergente suave para evitar que la suciedad se incruste.<\/li>\n<li>Si su bandera cuelga a la intemperie d\u00eda y noche en malas condiciones meteorol\u00f3gicas, su vida \u00fatil puede reducirse a tres meses o menos.<\/li>\n<li>Utilice anillas de m\u00e1stil flexibles (flagfix) para fijar su bandera. Con este material de fijaci\u00f3n el\u00e1stico, se ejerce menos tensi\u00f3n sobre la tela de la bandera.<\/li>\n<\/ol>\n<p>&nbsp;<\/p>\n<h3>\u00bfC\u00f3mo puedo mantener mejor la calidad de la bandera?<\/h3>\n<p>Para un uso \u00f3ptimo de las banderas, es aconsejable recogerlas a tiempo, especialmente a partir de fuerza de viento 6. Esto reduce el riesgo de da\u00f1os y hace que la bandera dure m\u00e1s tiempo.<\/p>\n<p>\u00bfSab\u00eda que tambi\u00e9n puede meter las banderas en la lavadora? Es posible lavar las banderas a un m\u00e1ximo de 30 grados cent\u00edgrados. Utilice \u00fanicamente detergente para prendas delicadas.<\/p>\n<h3>\u00bfCu\u00e1l es la diferencia entre Flag, Flag PET y Flag Longlife?<\/h3>\n<p>Flag es la bandera est\u00e1ndar con un dobladillo cl\u00e1sico alrededor. Flag PET es nuestra variante sostenible fabricada con botellas de PET 100% recicladas.<\/p>\n","protected":false},"excerpt":{"rendered":"<h3>Impresi\u00f3n de banderas en cualquier tama\u00f1o deseado<\/h3>\n<p>\u00bfBusca impresi\u00f3n de banderas barata en el tama\u00f1o que desee? Nuestras banderas incluyen de serie una impresi\u00f3n de alta definici\u00f3n. \u00bfTiene prisa? Es posible la entrega en 1 d\u00eda h\u00e1bil. \u00a1Configure su bandera impresa en pocos pasos a continuaci\u00f3n!<\/p>\n","protected":false},"featured_media":14064,"template":"","meta":{"_et_pb_use_builder":"","_et_pb_old_content":"","_et_gb_content_width":""},"product_brand":[],"product_cat":[876,885],"product_tag":[],"class_list":{"0":"post-14063","1":"product","2":"type-product","3":"status-publish","4":"has-post-thumbnail","6":"product_cat-todas-las-banderas","7":"product_cat-banderas-de-fachada","9":"first","10":"instock","11":"taxable","12":"shipping-taxable","13":"purchasable","14":"product-type-simple"},"yoast_head":"<!-- This site is optimized with the Yoast SEO plugin v27.3 - https:\/\/yoast.com\/product\/yoast-seo-wordpress\/ -->\n<title>Bandera a medida - Banderas a todo color de alta definici\u00f3n - Entrega r\u00e1pida<\/title>\n<meta name=\"description\" content=\"Su propia bandera personalizada en cualquier tama\u00f1o con impresiones n\u00edtidas. Elija entre materiales duraderos. Perfecta para empresas y eventos.\" \/>\n<meta name=\"robots\" content=\"index, follow, max-snippet:-1, max-image-preview:large, max-video-preview:-1\" \/>\n<link rel=\"canonical\" href=\"https:\/\/www.amstelprinting.nl\/es\/tienda\/todas-las-banderas\/banderas-de-fachada\/bandera-tamano-personalizado\/\" \/>\n<meta property=\"og:locale\" content=\"es_ES\" \/>\n<meta property=\"og:type\" content=\"article\" \/>\n<meta property=\"og:title\" content=\"Bandera a medida - Banderas a todo color de alta definici\u00f3n - Entrega r\u00e1pida\" \/>\n<meta property=\"og:description\" content=\"Su propia bandera personalizada en cualquier tama\u00f1o con impresiones n\u00edtidas. Elija entre materiales duraderos. Perfecta para empresas y eventos.\" \/>\n<meta property=\"og:url\" content=\"https:\/\/www.amstelprinting.nl\/es\/tienda\/todas-las-banderas\/banderas-de-fachada\/bandera-tamano-personalizado\/\" \/>\n<meta property=\"og:site_name\" content=\"Amstel Printing\" \/>\n<meta property=\"article:modified_time\" content=\"2026-02-18T11:48:01+00:00\" \/>\n<meta property=\"og:image\" content=\"https:\/\/www.amstelprinting.nl\/wp-content\/uploads\/vlag-eigen-formaat-bedrukken.png\" \/>\n\t<meta property=\"og:image:width\" content=\"900\" \/>\n\t<meta property=\"og:image:height\" content=\"900\" \/>\n\t<meta property=\"og:image:type\" content=\"image\/png\" \/>\n<meta name=\"twitter:card\" content=\"summary_large_image\" \/>\n<meta name=\"twitter:label1\" content=\"Tiempo de lectura\" \/>\n\t<meta name=\"twitter:data1\" content=\"5 minutos\" \/>\n<script type=\"application\/ld+json\" class=\"yoast-schema-graph\">{\"@context\":\"https:\\\/\\\/schema.org\",\"@graph\":[{\"@type\":\"WebPage\",\"@id\":\"https:\\\/\\\/www.amstelprinting.nl\\\/es\\\/tienda\\\/todas-las-banderas\\\/banderas-de-fachada\\\/bandera-tamano-personalizado\\\/\",\"url\":\"https:\\\/\\\/www.amstelprinting.nl\\\/es\\\/tienda\\\/todas-las-banderas\\\/banderas-de-fachada\\\/bandera-tamano-personalizado\\\/\",\"name\":\"Bandera a medida - Banderas a todo color de alta definici\u00f3n - Entrega r\u00e1pida\",\"isPartOf\":{\"@id\":\"https:\\\/\\\/www.amstelprinting.nl\\\/es\\\/#website\"},\"primaryImageOfPage\":{\"@id\":\"https:\\\/\\\/www.amstelprinting.nl\\\/es\\\/tienda\\\/todas-las-banderas\\\/banderas-de-fachada\\\/bandera-tamano-personalizado\\\/#primaryimage\"},\"image\":{\"@id\":\"https:\\\/\\\/www.amstelprinting.nl\\\/es\\\/tienda\\\/todas-las-banderas\\\/banderas-de-fachada\\\/bandera-tamano-personalizado\\\/#primaryimage\"},\"thumbnailUrl\":\"https:\\\/\\\/www.amstelprinting.nl\\\/wp-content\\\/uploads\\\/vlag-eigen-formaat-bedrukken.png\",\"datePublished\":\"2025-01-24T10:31:07+00:00\",\"dateModified\":\"2026-02-18T11:48:01+00:00\",\"description\":\"Su propia bandera personalizada en cualquier tama\u00f1o con impresiones n\u00edtidas. Elija entre materiales duraderos. Perfecta para empresas y eventos.\",\"breadcrumb\":{\"@id\":\"https:\\\/\\\/www.amstelprinting.nl\\\/es\\\/tienda\\\/todas-las-banderas\\\/banderas-de-fachada\\\/bandera-tamano-personalizado\\\/#breadcrumb\"},\"inLanguage\":\"es\",\"potentialAction\":[{\"@type\":\"ReadAction\",\"target\":[\"https:\\\/\\\/www.amstelprinting.nl\\\/es\\\/tienda\\\/todas-las-banderas\\\/banderas-de-fachada\\\/bandera-tamano-personalizado\\\/\"]}]},{\"@type\":\"ImageObject\",\"inLanguage\":\"es\",\"@id\":\"https:\\\/\\\/www.amstelprinting.nl\\\/es\\\/tienda\\\/todas-las-banderas\\\/banderas-de-fachada\\\/bandera-tamano-personalizado\\\/#primaryimage\",\"url\":\"https:\\\/\\\/www.amstelprinting.nl\\\/wp-content\\\/uploads\\\/vlag-eigen-formaat-bedrukken.png\",\"contentUrl\":\"https:\\\/\\\/www.amstelprinting.nl\\\/wp-content\\\/uploads\\\/vlag-eigen-formaat-bedrukken.png\",\"width\":900,\"height\":900},{\"@type\":\"BreadcrumbList\",\"@id\":\"https:\\\/\\\/www.amstelprinting.nl\\\/es\\\/tienda\\\/todas-las-banderas\\\/banderas-de-fachada\\\/bandera-tamano-personalizado\\\/#breadcrumb\",\"itemListElement\":[{\"@type\":\"ListItem\",\"position\":1,\"name\":\"\",\"item\":\"https:\\\/\\\/www.amstelprinting.nl\\\/es\\\/\"},{\"@type\":\"ListItem\",\"position\":2,\"name\":\"Amstel Printing\",\"item\":\"https:\\\/\\\/www.amstelprinting.nl\\\/es\\\/comercio\\\/\"},{\"@type\":\"ListItem\",\"position\":3,\"name\":\"Banderas\",\"item\":\"https:\\\/\\\/www.amstelprinting.nl\\\/es\\\/categor\u00eda\\\/todas-las-banderas\\\/\"},{\"@type\":\"ListItem\",\"position\":4,\"name\":\"Banderas de fachada\",\"item\":\"https:\\\/\\\/www.amstelprinting.nl\\\/es\\\/categor\u00eda\\\/todas-las-banderas\\\/banderas-de-fachada\\\/\"},{\"@type\":\"ListItem\",\"position\":5,\"name\":\"Bandera &#8211; tama\u00f1o personalizado\"}]},{\"@type\":\"WebSite\",\"@id\":\"https:\\\/\\\/www.amstelprinting.nl\\\/es\\\/#website\",\"url\":\"https:\\\/\\\/www.amstelprinting.nl\\\/es\\\/\",\"name\":\"Amstel Printing\",\"description\":\"Creating Exposure\",\"publisher\":{\"@id\":\"https:\\\/\\\/www.amstelprinting.nl\\\/es\\\/#organization\"},\"potentialAction\":[{\"@type\":\"SearchAction\",\"target\":{\"@type\":\"EntryPoint\",\"urlTemplate\":\"https:\\\/\\\/www.amstelprinting.nl\\\/es\\\/?s={search_term_string}\"},\"query-input\":{\"@type\":\"PropertyValueSpecification\",\"valueRequired\":true,\"valueName\":\"search_term_string\"}}],\"inLanguage\":\"es\"},{\"@type\":\"Organization\",\"@id\":\"https:\\\/\\\/www.amstelprinting.nl\\\/es\\\/#organization\",\"name\":\"Amstel Printing\",\"url\":\"https:\\\/\\\/www.amstelprinting.nl\\\/es\\\/\",\"logo\":{\"@type\":\"ImageObject\",\"inLanguage\":\"es\",\"@id\":\"https:\\\/\\\/www.amstelprinting.nl\\\/es\\\/#\\\/schema\\\/logo\\\/image\\\/\",\"url\":\"https:\\\/\\\/www.amstelprinting.nl\\\/wp-content\\\/uploads\\\/amstel_printing_logo_clean.png\",\"contentUrl\":\"https:\\\/\\\/www.amstelprinting.nl\\\/wp-content\\\/uploads\\\/amstel_printing_logo_clean.png\",\"width\":324,\"height\":73,\"caption\":\"Amstel Printing\"},\"image\":{\"@id\":\"https:\\\/\\\/www.amstelprinting.nl\\\/es\\\/#\\\/schema\\\/logo\\\/image\\\/\"}}]}<\/script>\n<!-- \/ Yoast SEO plugin. -->","yoast_head_json":{"title":"Bandera a medida - Banderas a todo color de alta definici\u00f3n - Entrega r\u00e1pida","description":"Su propia bandera personalizada en cualquier tama\u00f1o con impresiones n\u00edtidas. Elija entre materiales duraderos. Perfecta para empresas y eventos.","robots":{"index":"index","follow":"follow","max-snippet":"max-snippet:-1","max-image-preview":"max-image-preview:large","max-video-preview":"max-video-preview:-1"},"canonical":"https:\/\/www.amstelprinting.nl\/es\/tienda\/todas-las-banderas\/banderas-de-fachada\/bandera-tamano-personalizado\/","og_locale":"es_ES","og_type":"article","og_title":"Bandera a medida - Banderas a todo color de alta definici\u00f3n - Entrega r\u00e1pida","og_description":"Su propia bandera personalizada en cualquier tama\u00f1o con impresiones n\u00edtidas. Elija entre materiales duraderos. Perfecta para empresas y eventos.","og_url":"https:\/\/www.amstelprinting.nl\/es\/tienda\/todas-las-banderas\/banderas-de-fachada\/bandera-tamano-personalizado\/","og_site_name":"Amstel Printing","article_modified_time":"2026-02-18T11:48:01+00:00","og_image":[{"width":900,"height":900,"url":"https:\/\/www.amstelprinting.nl\/wp-content\/uploads\/vlag-eigen-formaat-bedrukken.png","type":"image\/png"}],"twitter_card":"summary_large_image","twitter_misc":{"Tiempo de lectura":"5 minutos"},"schema":{"@context":"https:\/\/schema.org","@graph":[{"@type":"WebPage","@id":"https:\/\/www.amstelprinting.nl\/es\/tienda\/todas-las-banderas\/banderas-de-fachada\/bandera-tamano-personalizado\/","url":"https:\/\/www.amstelprinting.nl\/es\/tienda\/todas-las-banderas\/banderas-de-fachada\/bandera-tamano-personalizado\/","name":"Bandera a medida - Banderas a todo color de alta definici\u00f3n - Entrega r\u00e1pida","isPartOf":{"@id":"https:\/\/www.amstelprinting.nl\/es\/#website"},"primaryImageOfPage":{"@id":"https:\/\/www.amstelprinting.nl\/es\/tienda\/todas-las-banderas\/banderas-de-fachada\/bandera-tamano-personalizado\/#primaryimage"},"image":{"@id":"https:\/\/www.amstelprinting.nl\/es\/tienda\/todas-las-banderas\/banderas-de-fachada\/bandera-tamano-personalizado\/#primaryimage"},"thumbnailUrl":"https:\/\/www.amstelprinting.nl\/wp-content\/uploads\/vlag-eigen-formaat-bedrukken.png","datePublished":"2025-01-24T10:31:07+00:00","dateModified":"2026-02-18T11:48:01+00:00","description":"Su propia bandera personalizada en cualquier tama\u00f1o con impresiones n\u00edtidas. Elija entre materiales duraderos. Perfecta para empresas y eventos.","breadcrumb":{"@id":"https:\/\/www.amstelprinting.nl\/es\/tienda\/todas-las-banderas\/banderas-de-fachada\/bandera-tamano-personalizado\/#breadcrumb"},"inLanguage":"es","potentialAction":[{"@type":"ReadAction","target":["https:\/\/www.amstelprinting.nl\/es\/tienda\/todas-las-banderas\/banderas-de-fachada\/bandera-tamano-personalizado\/"]}]},{"@type":"ImageObject","inLanguage":"es","@id":"https:\/\/www.amstelprinting.nl\/es\/tienda\/todas-las-banderas\/banderas-de-fachada\/bandera-tamano-personalizado\/#primaryimage","url":"https:\/\/www.amstelprinting.nl\/wp-content\/uploads\/vlag-eigen-formaat-bedrukken.png","contentUrl":"https:\/\/www.amstelprinting.nl\/wp-content\/uploads\/vlag-eigen-formaat-bedrukken.png","width":900,"height":900},{"@type":"BreadcrumbList","@id":"https:\/\/www.amstelprinting.nl\/es\/tienda\/todas-las-banderas\/banderas-de-fachada\/bandera-tamano-personalizado\/#breadcrumb","itemListElement":[{"@type":"ListItem","position":1,"name":"","item":"https:\/\/www.amstelprinting.nl\/es\/"},{"@type":"ListItem","position":2,"name":"Amstel Printing","item":"https:\/\/www.amstelprinting.nl\/es\/comercio\/"},{"@type":"ListItem","position":3,"name":"Banderas","item":"https:\/\/www.amstelprinting.nl\/es\/categor\u00eda\/todas-las-banderas\/"},{"@type":"ListItem","position":4,"name":"Banderas de fachada","item":"https:\/\/www.amstelprinting.nl\/es\/categor\u00eda\/todas-las-banderas\/banderas-de-fachada\/"},{"@type":"ListItem","position":5,"name":"Bandera &#8211; tama\u00f1o personalizado"}]},{"@type":"WebSite","@id":"https:\/\/www.amstelprinting.nl\/es\/#website","url":"https:\/\/www.amstelprinting.nl\/es\/","name":"Amstel Printing","description":"Creating Exposure","publisher":{"@id":"https:\/\/www.amstelprinting.nl\/es\/#organization"},"potentialAction":[{"@type":"SearchAction","target":{"@type":"EntryPoint","urlTemplate":"https:\/\/www.amstelprinting.nl\/es\/?s={search_term_string}"},"query-input":{"@type":"PropertyValueSpecification","valueRequired":true,"valueName":"search_term_string"}}],"inLanguage":"es"},{"@type":"Organization","@id":"https:\/\/www.amstelprinting.nl\/es\/#organization","name":"Amstel Printing","url":"https:\/\/www.amstelprinting.nl\/es\/","logo":{"@type":"ImageObject","inLanguage":"es","@id":"https:\/\/www.amstelprinting.nl\/es\/#\/schema\/logo\/image\/","url":"https:\/\/www.amstelprinting.nl\/wp-content\/uploads\/amstel_printing_logo_clean.png","contentUrl":"https:\/\/www.amstelprinting.nl\/wp-content\/uploads\/amstel_printing_logo_clean.png","width":324,"height":73,"caption":"Amstel Printing"},"image":{"@id":"https:\/\/www.amstelprinting.nl\/es\/#\/schema\/logo\/image\/"}}]}},"_links":{"self":[{"href":"https:\/\/www.amstelprinting.nl\/es\/wp-json\/wp\/v2\/product\/14063","targetHints":{"allow":["GET"]}}],"collection":[{"href":"https:\/\/www.amstelprinting.nl\/es\/wp-json\/wp\/v2\/product"}],"about":[{"href":"https:\/\/www.amstelprinting.nl\/es\/wp-json\/wp\/v2\/types\/product"}],"wp:featuredmedia":[{"embeddable":true,"href":"https:\/\/www.amstelprinting.nl\/es\/wp-json\/wp\/v2\/media\/14064"}],"wp:attachment":[{"href":"https:\/\/www.amstelprinting.nl\/es\/wp-json\/wp\/v2\/media?parent=14063"}],"wp:term":[{"taxonomy":"product_brand","embeddable":true,"href":"https:\/\/www.amstelprinting.nl\/es\/wp-json\/wp\/v2\/product_brand?post=14063"},{"taxonomy":"product_cat","embeddable":true,"href":"https:\/\/www.amstelprinting.nl\/es\/wp-json\/wp\/v2\/product_cat?post=14063"},{"taxonomy":"product_tag","embeddable":true,"href":"https:\/\/www.amstelprinting.nl\/es\/wp-json\/wp\/v2\/product_tag?post=14063"}],"curies":[{"name":"wp","href":"https:\/\/api.w.org\/{rel}","templated":true}]}}