{"id":14638,"date":"2025-01-24T11:31:05","date_gmt":"2025-01-24T10:31:05","guid":{"rendered":"https:\/\/www.amstelprinting.nl\/winkel\/sin%20categor\u00eda\/baniervlag\/"},"modified":"2026-02-18T12:48:01","modified_gmt":"2026-02-18T11:48:01","slug":"bandera-tipo-banner","status":"publish","type":"product","link":"https:\/\/www.amstelprinting.nl\/es\/tienda\/todas-las-banderas\/banderas-de-fachada\/bandera-tipo-banner\/","title":{"rendered":"Bandera tipo banner"},"content":{"rendered":"<h3>Banderas tipo banner: llamativas, vers\u00e1tiles y eficaces<\/h3>\n<p>Las banderas tipo banner son la forma ideal de hacer que su mensaje o marca destaque. Gracias a su enorme dise\u00f1o vertical, \u00a1siempre son claramente visibles, incluso con poco viento! Ya sea para la promoci\u00f3n de una empresa o para eventos; las banderas tipo banner proporcionan una apariencia profesional. Son duraderas y f\u00e1ciles de personalizar (con una impresi\u00f3n n\u00edtida de su dise\u00f1o). En resumen: \u00a1el reclamo perfecto para cualquier ocasi\u00f3n!<\/p>\n<h3>\u00bfPor qu\u00e9 imprimir banners?<\/h3>\n<p>Nunca cuelgan fl\u00e1cidos contra el m\u00e1stil y, por lo tanto, su dise\u00f1o siempre es bien visible (incluso con poco viento)<\/p>\n<ul>\n<li>Econ\u00f3mico: gracias a los 5 formatos est\u00e1ndar<\/li>\n<li>\u00bfDimensiones diferentes? Elija Bandera de tama\u00f1o personalizado<\/li>\n<li>La impresi\u00f3n es visible en espejo por el reverso<\/li>\n<li>Elija entre 3 materiales de tela<\/li>\n<li>Amplia selecci\u00f3n de opciones de acabado<\/li>\n<li>Seguro: provisto de un certificado de resistencia al fuego<\/li>\n<li>Entrega r\u00e1pida: \u00a1posible en tan solo 1 d\u00eda laborable!<\/li>\n<\/ul>\n<p>&nbsp;<\/p>\n<h3>Materiales (3 telas diferentes)<\/h3>\n<ul>\n<li><strong>Flag<\/strong>: El tejido est\u00e1ndar para banners impresos.<\/li>\n<li><strong>Flag PET<\/strong>: Una opci\u00f3n ecol\u00f3gica, fabricada a partir de botellas PET 100% recicladas.<\/li>\n<li><strong>Longlife<\/strong>: Este tejido extra fuerte tiene una estructura especial que reduce el deshilachado, lo que garantiza una vida \u00fatil m\u00e1s larga.<\/li>\n<\/ul>\n<p>&nbsp;<\/p>\n<h3>Acabado de su banner<\/h3>\n<p>Tras la impresi\u00f3n de la tela de la bandera, se procede al acabado. Dependiendo del uso previsto y de sus preferencias personales, elija el acabado que mejor se adapte.<\/p>\n<h3>Color de la cinta y de los ganchos<\/h3>\n<p>Puede elegir un acabado con cinta blanca o negra con ganchos, pudiendo coordinar el color con el dise\u00f1o de su bandera.<\/p>\n<h3>Direcci\u00f3n del viento: \u00bfIzquierda o derecha?<\/h3>\n<p>La cinta se fija en el lado izquierdo o derecho de la bandera. Si la direcci\u00f3n de soplado es hacia la derecha, el acabado se coloca en el lado izquierdo (y viceversa).<\/p>\n<p>Adem\u00e1s, ofrecemos la opci\u00f3n de un dobladillo tipo t\u00fanel, ideal para usar con un soporte de banner, o un acabado sin dobladillo. Tambi\u00e9n dispone de diversos accesorios para completar su bandera tipo banner.<\/p>\n<h3>\u00bfQu\u00e9 tama\u00f1o de bandera es adecuado?<\/h3>\n<p>Para un resultado \u00f3ptimo, es importante elegir el tama\u00f1o de bandera correcto en combinaci\u00f3n con la altura del m\u00e1stil. A continuaci\u00f3n, encontrar\u00e1 un resumen de las dimensiones recomendadas.<\/p>\n<h3>Formatos de banner y alturas de m\u00e1stil correspondientes<\/h3>\n<ul>\n<li>300 x 100 cm \u2013 m\u00e1stil de 6 a 7 metros<\/li>\n<li>400 x 100 cm \u2013 m\u00e1stil de 8 metros<\/li>\n<li>350 x 120 cm \u2013 m\u00e1stil de 7 metros<\/li>\n<li>400 x 120 cm \u2013 m\u00e1stil de 8 a 9 metros<\/li>\n<li>450 x 150 cm \u2013 m\u00e1stil de m\u00ednimo 9 metros<\/li>\n<li>500 x 120 cm \u2013 m\u00e1stil de m\u00ednimo 9 metros<\/li>\n<\/ul>\n<p>&nbsp;<br \/>\nLa bandera tipo banner est\u00e1 disponible en cinco formatos fijos. Si desea un tama\u00f1o diferente al indicado aqu\u00ed, puede pedirlo en la p\u00e1gina de banderas de tama\u00f1o personalizado.<\/p>\n<h3>Formatos de bandera y alturas de m\u00e1stil correspondientes<\/h3>\n<ul>\n<li>50 x 75 cm \u2013 asta de 1 a 1,5 metros<\/li>\n<li>100 x 70 cm \u2013 asta de 1 a 2 metros<\/li>\n<li>100 x 150 cm \u2013 asta de 2 a 3 metros<\/li>\n<li>120 x 180 cm \u2013 asta de 3 a 4 metros<\/li>\n<li>150 x 225 cm \u2013 m\u00e1stil de 6 a 7 metros<\/li>\n<li>200 x 300 cm \u2013 m\u00e1stil de 8 metros<\/li>\n<\/ul>\n<p>&nbsp;<\/p>\n<h3>\u00bfCu\u00e1nto duran las banderas tipo banner?<\/h3>\n<p>Las banderas tipo banner son susceptibles al desgaste y deber\u00e1n reemplazarse con el tiempo. El factor principal que influye en la vida \u00fatil de un banner son las condiciones meteorol\u00f3gicas. Por ejemplo, el viento fuerte hace que su banner ondee con elegancia, pero tambi\u00e9n acortar\u00e1 su vida \u00fatil. Especialmente la combinaci\u00f3n de viento fuerte y lluvia hace que los banners se desgasten m\u00e1s r\u00e1pido.<\/p>\n<p>Para prolongar la vida \u00fatil, confeccionamos nuestras banderas con hilos resistentes y les proporcionamos un dobladillo doble. Esto reduce la posibilidad de un desgaste prematuro. No obstante, el reemplazo de los banners ser\u00e1 inevitable a largo plazo.<\/p>\n<h3>Factores que influyen en la vida \u00fatil<\/h3>\n<ul>\n<li><strong>Condiciones meteorol\u00f3gicas<\/strong> \u2013 El viento y la lluvia tienen un gran impacto en el banner.<\/li>\n<li><strong>Ubicaci\u00f3n de la bandera<\/strong> \u2013 Los lugares protegidos prolongan la vida \u00fatil.<\/li>\n<li><strong>Tama\u00f1o de la bandera<\/strong> \u2013 Los banners m\u00e1s grandes atrapan m\u00e1s viento, lo que causa m\u00e1s tensi\u00f3n en la tela.<\/li>\n<li><strong>Uso y mantenimiento<\/strong> \u2013 Un buen mantenimiento prolonga considerablemente la vida \u00fatil de la bandera tipo banner.<\/li>\n<\/ul>\n<p>&nbsp;<\/p>\n<h3>Consejos para prolongar la vida \u00fatil de su bandera<\/h3>\n<ol>\n<li>Retire la bandera tipo banner en caso de mal tiempo, especialmente con vientos de fuerza 6 o superior.<\/li>\n<li>Compruebe regularmente las costuras y repare cualquier pespunte que se haya soltado.<\/li>\n<li>Lave la bandera a 30\u00b0C con un detergente para prendas delicadas para evitar la acumulaci\u00f3n de suciedad.<\/li>\n<li>Si la bandera tipo banner cuelga continuamente al aire libre en condiciones clim\u00e1ticas adversas, su vida \u00fatil puede reducirse a tres meses o menos.<\/li>\n<li>Utilice anillas de m\u00e1stil flexibles (como Flagfix) para reducir la tensi\u00f3n en la tela del banner.<\/li>\n<\/ol>\n<p>&nbsp;<\/p>\n<h3>Mantenimiento para una calidad duradera<\/h3>\n<p>Para mantener de forma \u00f3ptima la calidad de sus banners, se recomienda retirar sus banderas cuando las condiciones meteorol\u00f3gicas sean adversas (con fuerza de viento 6 o superior). Esto reduce las posibilidades de da\u00f1os y prolonga la vida \u00fatil.<\/p>\n<h3>\u00bfSab\u00eda que los banners se pueden lavar?<\/h3>\n<p>Puede limpiar f\u00e1cilmente su bandera tipo banner en la lavadora a un m\u00e1ximo de 30\u00b0C con un detergente para prendas delicadas. Esto evita que la suciedad se incruste en la tela y mantiene su bandera como nueva.<\/p>\n","protected":false},"excerpt":{"rendered":"<p>El banner, tambi\u00e9n llamado bandera alargada o bandera vertical, destaca a primera vista por su gran superficie. El banner se desliza sobre un brazo de potencia, por lo que siempre es claramente visible, incluso sin viento. Configure a continuaci\u00f3n su banner impreso seg\u00fan sus deseos. Con una impresi\u00f3n n\u00edtida. \u00bfTiene prisa? Podemos entregar su banner en tan solo 1 d\u00eda laborable.<\/p>\n","protected":false},"featured_media":14639,"template":"","meta":{"_et_pb_use_builder":"","_et_pb_old_content":"","_et_gb_content_width":""},"product_brand":[],"product_cat":[876,885],"product_tag":[],"class_list":{"0":"post-14638","1":"product","2":"type-product","3":"status-publish","4":"has-post-thumbnail","6":"product_cat-todas-las-banderas","7":"product_cat-banderas-de-fachada","9":"first","10":"instock","11":"taxable","12":"shipping-taxable","13":"purchasable","14":"product-type-simple"},"yoast_head":"<!-- This site is optimized with the Yoast SEO plugin v27.3 - https:\/\/yoast.com\/product\/yoast-seo-wordpress\/ -->\n<title>Comprar bandera tipo banner - Banderas claramente visibles para su empresa<\/title>\n<meta name=\"description\" content=\"Pida hoy mismo su bandera tipo banner duradera y n\u00edtida con entrega r\u00e1pida. Calidad duradera y entrega r\u00e1pida en toda Europa.\" \/>\n<meta name=\"robots\" content=\"index, follow, max-snippet:-1, max-image-preview:large, max-video-preview:-1\" \/>\n<link rel=\"canonical\" href=\"https:\/\/www.amstelprinting.nl\/es\/tienda\/todas-las-banderas\/banderas-de-fachada\/bandera-tipo-banner\/\" \/>\n<meta property=\"og:locale\" content=\"es_ES\" \/>\n<meta property=\"og:type\" content=\"article\" \/>\n<meta property=\"og:title\" content=\"Comprar bandera tipo banner - Banderas claramente visibles para su empresa\" \/>\n<meta property=\"og:description\" content=\"Pida hoy mismo su bandera tipo banner duradera y n\u00edtida con entrega r\u00e1pida. Calidad duradera y entrega r\u00e1pida en toda Europa.\" \/>\n<meta property=\"og:url\" content=\"https:\/\/www.amstelprinting.nl\/es\/tienda\/todas-las-banderas\/banderas-de-fachada\/bandera-tipo-banner\/\" \/>\n<meta property=\"og:site_name\" content=\"Amstel Printing\" \/>\n<meta property=\"article:modified_time\" content=\"2026-02-18T11:48:01+00:00\" \/>\n<meta property=\"og:image\" content=\"https:\/\/www.amstelprinting.nl\/wp-content\/uploads\/baniervlag-bedrukken.png\" \/>\n\t<meta property=\"og:image:width\" content=\"700\" \/>\n\t<meta property=\"og:image:height\" content=\"700\" \/>\n\t<meta property=\"og:image:type\" content=\"image\/png\" \/>\n<meta name=\"twitter:card\" content=\"summary_large_image\" \/>\n<meta name=\"twitter:label1\" content=\"Tiempo de lectura\" \/>\n\t<meta name=\"twitter:data1\" content=\"5 minutos\" \/>\n<script type=\"application\/ld+json\" class=\"yoast-schema-graph\">{\"@context\":\"https:\\\/\\\/schema.org\",\"@graph\":[{\"@type\":\"WebPage\",\"@id\":\"https:\\\/\\\/www.amstelprinting.nl\\\/es\\\/tienda\\\/todas-las-banderas\\\/banderas-de-fachada\\\/bandera-tipo-banner\\\/\",\"url\":\"https:\\\/\\\/www.amstelprinting.nl\\\/es\\\/tienda\\\/todas-las-banderas\\\/banderas-de-fachada\\\/bandera-tipo-banner\\\/\",\"name\":\"Comprar bandera tipo banner - Banderas claramente visibles para su empresa\",\"isPartOf\":{\"@id\":\"https:\\\/\\\/www.amstelprinting.nl\\\/es\\\/#website\"},\"primaryImageOfPage\":{\"@id\":\"https:\\\/\\\/www.amstelprinting.nl\\\/es\\\/tienda\\\/todas-las-banderas\\\/banderas-de-fachada\\\/bandera-tipo-banner\\\/#primaryimage\"},\"image\":{\"@id\":\"https:\\\/\\\/www.amstelprinting.nl\\\/es\\\/tienda\\\/todas-las-banderas\\\/banderas-de-fachada\\\/bandera-tipo-banner\\\/#primaryimage\"},\"thumbnailUrl\":\"https:\\\/\\\/www.amstelprinting.nl\\\/wp-content\\\/uploads\\\/baniervlag-bedrukken.png\",\"datePublished\":\"2025-01-24T10:31:05+00:00\",\"dateModified\":\"2026-02-18T11:48:01+00:00\",\"description\":\"Pida hoy mismo su bandera tipo banner duradera y n\u00edtida con entrega r\u00e1pida. Calidad duradera y entrega r\u00e1pida en toda Europa.\",\"breadcrumb\":{\"@id\":\"https:\\\/\\\/www.amstelprinting.nl\\\/es\\\/tienda\\\/todas-las-banderas\\\/banderas-de-fachada\\\/bandera-tipo-banner\\\/#breadcrumb\"},\"inLanguage\":\"es\",\"potentialAction\":[{\"@type\":\"ReadAction\",\"target\":[\"https:\\\/\\\/www.amstelprinting.nl\\\/es\\\/tienda\\\/todas-las-banderas\\\/banderas-de-fachada\\\/bandera-tipo-banner\\\/\"]}]},{\"@type\":\"ImageObject\",\"inLanguage\":\"es\",\"@id\":\"https:\\\/\\\/www.amstelprinting.nl\\\/es\\\/tienda\\\/todas-las-banderas\\\/banderas-de-fachada\\\/bandera-tipo-banner\\\/#primaryimage\",\"url\":\"https:\\\/\\\/www.amstelprinting.nl\\\/wp-content\\\/uploads\\\/baniervlag-bedrukken.png\",\"contentUrl\":\"https:\\\/\\\/www.amstelprinting.nl\\\/wp-content\\\/uploads\\\/baniervlag-bedrukken.png\",\"width\":700,\"height\":700},{\"@type\":\"BreadcrumbList\",\"@id\":\"https:\\\/\\\/www.amstelprinting.nl\\\/es\\\/tienda\\\/todas-las-banderas\\\/banderas-de-fachada\\\/bandera-tipo-banner\\\/#breadcrumb\",\"itemListElement\":[{\"@type\":\"ListItem\",\"position\":1,\"name\":\"\",\"item\":\"https:\\\/\\\/www.amstelprinting.nl\\\/es\\\/\"},{\"@type\":\"ListItem\",\"position\":2,\"name\":\"Amstel Printing\",\"item\":\"https:\\\/\\\/www.amstelprinting.nl\\\/es\\\/comercio\\\/\"},{\"@type\":\"ListItem\",\"position\":3,\"name\":\"Banderas\",\"item\":\"https:\\\/\\\/www.amstelprinting.nl\\\/es\\\/categor\u00eda\\\/todas-las-banderas\\\/\"},{\"@type\":\"ListItem\",\"position\":4,\"name\":\"Banderas de fachada\",\"item\":\"https:\\\/\\\/www.amstelprinting.nl\\\/es\\\/categor\u00eda\\\/todas-las-banderas\\\/banderas-de-fachada\\\/\"},{\"@type\":\"ListItem\",\"position\":5,\"name\":\"Bandera tipo banner\"}]},{\"@type\":\"WebSite\",\"@id\":\"https:\\\/\\\/www.amstelprinting.nl\\\/es\\\/#website\",\"url\":\"https:\\\/\\\/www.amstelprinting.nl\\\/es\\\/\",\"name\":\"Amstel Printing\",\"description\":\"Creating Exposure\",\"publisher\":{\"@id\":\"https:\\\/\\\/www.amstelprinting.nl\\\/es\\\/#organization\"},\"potentialAction\":[{\"@type\":\"SearchAction\",\"target\":{\"@type\":\"EntryPoint\",\"urlTemplate\":\"https:\\\/\\\/www.amstelprinting.nl\\\/es\\\/?s={search_term_string}\"},\"query-input\":{\"@type\":\"PropertyValueSpecification\",\"valueRequired\":true,\"valueName\":\"search_term_string\"}}],\"inLanguage\":\"es\"},{\"@type\":\"Organization\",\"@id\":\"https:\\\/\\\/www.amstelprinting.nl\\\/es\\\/#organization\",\"name\":\"Amstel Printing\",\"url\":\"https:\\\/\\\/www.amstelprinting.nl\\\/es\\\/\",\"logo\":{\"@type\":\"ImageObject\",\"inLanguage\":\"es\",\"@id\":\"https:\\\/\\\/www.amstelprinting.nl\\\/es\\\/#\\\/schema\\\/logo\\\/image\\\/\",\"url\":\"https:\\\/\\\/www.amstelprinting.nl\\\/wp-content\\\/uploads\\\/amstel_printing_logo_clean.png\",\"contentUrl\":\"https:\\\/\\\/www.amstelprinting.nl\\\/wp-content\\\/uploads\\\/amstel_printing_logo_clean.png\",\"width\":324,\"height\":73,\"caption\":\"Amstel Printing\"},\"image\":{\"@id\":\"https:\\\/\\\/www.amstelprinting.nl\\\/es\\\/#\\\/schema\\\/logo\\\/image\\\/\"}}]}<\/script>\n<!-- \/ Yoast SEO plugin. -->","yoast_head_json":{"title":"Comprar bandera tipo banner - Banderas claramente visibles para su empresa","description":"Pida hoy mismo su bandera tipo banner duradera y n\u00edtida con entrega r\u00e1pida. Calidad duradera y entrega r\u00e1pida en toda Europa.","robots":{"index":"index","follow":"follow","max-snippet":"max-snippet:-1","max-image-preview":"max-image-preview:large","max-video-preview":"max-video-preview:-1"},"canonical":"https:\/\/www.amstelprinting.nl\/es\/tienda\/todas-las-banderas\/banderas-de-fachada\/bandera-tipo-banner\/","og_locale":"es_ES","og_type":"article","og_title":"Comprar bandera tipo banner - Banderas claramente visibles para su empresa","og_description":"Pida hoy mismo su bandera tipo banner duradera y n\u00edtida con entrega r\u00e1pida. Calidad duradera y entrega r\u00e1pida en toda Europa.","og_url":"https:\/\/www.amstelprinting.nl\/es\/tienda\/todas-las-banderas\/banderas-de-fachada\/bandera-tipo-banner\/","og_site_name":"Amstel Printing","article_modified_time":"2026-02-18T11:48:01+00:00","og_image":[{"width":700,"height":700,"url":"https:\/\/www.amstelprinting.nl\/wp-content\/uploads\/baniervlag-bedrukken.png","type":"image\/png"}],"twitter_card":"summary_large_image","twitter_misc":{"Tiempo de lectura":"5 minutos"},"schema":{"@context":"https:\/\/schema.org","@graph":[{"@type":"WebPage","@id":"https:\/\/www.amstelprinting.nl\/es\/tienda\/todas-las-banderas\/banderas-de-fachada\/bandera-tipo-banner\/","url":"https:\/\/www.amstelprinting.nl\/es\/tienda\/todas-las-banderas\/banderas-de-fachada\/bandera-tipo-banner\/","name":"Comprar bandera tipo banner - Banderas claramente visibles para su empresa","isPartOf":{"@id":"https:\/\/www.amstelprinting.nl\/es\/#website"},"primaryImageOfPage":{"@id":"https:\/\/www.amstelprinting.nl\/es\/tienda\/todas-las-banderas\/banderas-de-fachada\/bandera-tipo-banner\/#primaryimage"},"image":{"@id":"https:\/\/www.amstelprinting.nl\/es\/tienda\/todas-las-banderas\/banderas-de-fachada\/bandera-tipo-banner\/#primaryimage"},"thumbnailUrl":"https:\/\/www.amstelprinting.nl\/wp-content\/uploads\/baniervlag-bedrukken.png","datePublished":"2025-01-24T10:31:05+00:00","dateModified":"2026-02-18T11:48:01+00:00","description":"Pida hoy mismo su bandera tipo banner duradera y n\u00edtida con entrega r\u00e1pida. Calidad duradera y entrega r\u00e1pida en toda Europa.","breadcrumb":{"@id":"https:\/\/www.amstelprinting.nl\/es\/tienda\/todas-las-banderas\/banderas-de-fachada\/bandera-tipo-banner\/#breadcrumb"},"inLanguage":"es","potentialAction":[{"@type":"ReadAction","target":["https:\/\/www.amstelprinting.nl\/es\/tienda\/todas-las-banderas\/banderas-de-fachada\/bandera-tipo-banner\/"]}]},{"@type":"ImageObject","inLanguage":"es","@id":"https:\/\/www.amstelprinting.nl\/es\/tienda\/todas-las-banderas\/banderas-de-fachada\/bandera-tipo-banner\/#primaryimage","url":"https:\/\/www.amstelprinting.nl\/wp-content\/uploads\/baniervlag-bedrukken.png","contentUrl":"https:\/\/www.amstelprinting.nl\/wp-content\/uploads\/baniervlag-bedrukken.png","width":700,"height":700},{"@type":"BreadcrumbList","@id":"https:\/\/www.amstelprinting.nl\/es\/tienda\/todas-las-banderas\/banderas-de-fachada\/bandera-tipo-banner\/#breadcrumb","itemListElement":[{"@type":"ListItem","position":1,"name":"","item":"https:\/\/www.amstelprinting.nl\/es\/"},{"@type":"ListItem","position":2,"name":"Amstel Printing","item":"https:\/\/www.amstelprinting.nl\/es\/comercio\/"},{"@type":"ListItem","position":3,"name":"Banderas","item":"https:\/\/www.amstelprinting.nl\/es\/categor\u00eda\/todas-las-banderas\/"},{"@type":"ListItem","position":4,"name":"Banderas de fachada","item":"https:\/\/www.amstelprinting.nl\/es\/categor\u00eda\/todas-las-banderas\/banderas-de-fachada\/"},{"@type":"ListItem","position":5,"name":"Bandera tipo banner"}]},{"@type":"WebSite","@id":"https:\/\/www.amstelprinting.nl\/es\/#website","url":"https:\/\/www.amstelprinting.nl\/es\/","name":"Amstel Printing","description":"Creating Exposure","publisher":{"@id":"https:\/\/www.amstelprinting.nl\/es\/#organization"},"potentialAction":[{"@type":"SearchAction","target":{"@type":"EntryPoint","urlTemplate":"https:\/\/www.amstelprinting.nl\/es\/?s={search_term_string}"},"query-input":{"@type":"PropertyValueSpecification","valueRequired":true,"valueName":"search_term_string"}}],"inLanguage":"es"},{"@type":"Organization","@id":"https:\/\/www.amstelprinting.nl\/es\/#organization","name":"Amstel Printing","url":"https:\/\/www.amstelprinting.nl\/es\/","logo":{"@type":"ImageObject","inLanguage":"es","@id":"https:\/\/www.amstelprinting.nl\/es\/#\/schema\/logo\/image\/","url":"https:\/\/www.amstelprinting.nl\/wp-content\/uploads\/amstel_printing_logo_clean.png","contentUrl":"https:\/\/www.amstelprinting.nl\/wp-content\/uploads\/amstel_printing_logo_clean.png","width":324,"height":73,"caption":"Amstel Printing"},"image":{"@id":"https:\/\/www.amstelprinting.nl\/es\/#\/schema\/logo\/image\/"}}]}},"_links":{"self":[{"href":"https:\/\/www.amstelprinting.nl\/es\/wp-json\/wp\/v2\/product\/14638","targetHints":{"allow":["GET"]}}],"collection":[{"href":"https:\/\/www.amstelprinting.nl\/es\/wp-json\/wp\/v2\/product"}],"about":[{"href":"https:\/\/www.amstelprinting.nl\/es\/wp-json\/wp\/v2\/types\/product"}],"wp:featuredmedia":[{"embeddable":true,"href":"https:\/\/www.amstelprinting.nl\/es\/wp-json\/wp\/v2\/media\/14639"}],"wp:attachment":[{"href":"https:\/\/www.amstelprinting.nl\/es\/wp-json\/wp\/v2\/media?parent=14638"}],"wp:term":[{"taxonomy":"product_brand","embeddable":true,"href":"https:\/\/www.amstelprinting.nl\/es\/wp-json\/wp\/v2\/product_brand?post=14638"},{"taxonomy":"product_cat","embeddable":true,"href":"https:\/\/www.amstelprinting.nl\/es\/wp-json\/wp\/v2\/product_cat?post=14638"},{"taxonomy":"product_tag","embeddable":true,"href":"https:\/\/www.amstelprinting.nl\/es\/wp-json\/wp\/v2\/product_tag?post=14638"}],"curies":[{"name":"wp","href":"https:\/\/api.w.org\/{rel}","templated":true}]}}