{"id":14648,"date":"2025-01-24T11:30:59","date_gmt":"2025-01-24T10:30:59","guid":{"rendered":"https:\/\/www.amstelprinting.nl\/winkel\/sin%20categor\u00eda\/mastvlag\/"},"modified":"2026-02-18T12:48:02","modified_gmt":"2026-02-18T11:48:02","slug":"bandera-de-mastil","status":"publish","type":"product","link":"https:\/\/www.amstelprinting.nl\/es\/tienda\/todas-las-banderas\/banderas-de-fachada\/bandera-de-mastil\/","title":{"rendered":"Bandera de m\u00e1stil"},"content":{"rendered":"<h3>Modelos y tama\u00f1os<\/h3>\n<p>La bandera de m\u00e1stil est\u00e1 disponible en dos modelos: rectangular o vertical. El modelo rectangular est\u00e1 disponible en seis dimensiones diferentes, adem\u00e1s, las variantes verticales vienen en cinco tama\u00f1os.<\/p>\n<h3>Materiales<\/h3>\n<ul>\n<li><strong>Flag<\/strong>: El tejido est\u00e1ndar para banderas de m\u00e1stil impresas.<\/li>\n<li><strong>Flag PET<\/strong>: Una opci\u00f3n ecol\u00f3gica, fabricada a partir de botellas PET 100% recicladas.<\/li>\n<li><strong>Longlife<\/strong>: Este tejido extra fuerte tiene una estructura especial que reduce el deshilachado, lo que garantiza una mayor vida \u00fatil.<\/li>\n<\/ul>\n<p>&nbsp;<\/p>\n<h3>Acabados<\/h3>\n<p>La bandera de m\u00e1stil puede acabarse con una cinta blanca con ganchos o una cinta negra con ganchos. Este acabado puede aplicarse en el lado izquierdo o derecho de su bandera de m\u00e1stil. Adem\u00e1s, hay varios accesorios disponibles para su bandera de m\u00e1stil.<\/p>\n<h3>Preguntas frecuentes<\/h3>\n<p><strong>\u00bfC\u00f3mo mantengo mejor la calidad de la bandera?<br \/>\n<\/strong>Para un uso \u00f3ptimo de las banderas de m\u00e1stil, es aconsejable recogerlas a tiempo, especialmente a partir de una fuerza de viento de 6. De esta forma se reduce la posibilidad de da\u00f1os y la bandera de m\u00e1stil dura m\u00e1s tiempo.<\/p>\n<p><strong>\u00bfSab\u00eda que tambi\u00e9n puede lavar las banderas de m\u00e1stil en la lavadora?<br \/>\n<\/strong>Es posible lavar las banderas de m\u00e1stil a un m\u00e1ximo de 30 grados Celsius. Utilice \u00fanicamente detergente para prendas delicadas.<\/p>\n<p><strong>\u00bfCu\u00e1l es la diferencia entre Flag, Flag PET y Flag Longlife?<br \/>\n<\/strong>La Flag es la bandera est\u00e1ndar con un dobladillo cl\u00e1sico alrededor. Flag PET es nuestra variante sostenible hecha de botellas PET 100% recicladas. Flag Longlife se deshilacha menos r\u00e1pido debido a su estructura gruesa. Por lo tanto, no es necesario hacer dobladillos.<\/p>\n","protected":false},"excerpt":{"rendered":"<h3>Impresi\u00f3n de banderas de m\u00e1stil econ\u00f3micas<\/h3>\n<p>\u00bfBusca algo que llame la atenci\u00f3n para que su empresa, marca o evento destaque de inmediato? \u00a1Con nuestras banderas de m\u00e1stil y su propio dise\u00f1o \u00fanico, captar\u00e1 la atenci\u00f3n desde lejos! La bandera de m\u00e1stil est\u00e1 disponible en varios modelos y tama\u00f1os. \u00a1Con una impresi\u00f3n n\u00edtida de su dise\u00f1o! Configure su bandera de m\u00e1stil a continuaci\u00f3n en unos pocos pasos.<\/p>\n","protected":false},"featured_media":14649,"template":"","meta":{"_et_pb_use_builder":"","_et_pb_old_content":"","_et_gb_content_width":""},"product_brand":[],"product_cat":[876,885],"product_tag":[],"class_list":{"0":"post-14648","1":"product","2":"type-product","3":"status-publish","4":"has-post-thumbnail","6":"product_cat-todas-las-banderas","7":"product_cat-banderas-de-fachada","9":"first","10":"instock","11":"taxable","12":"shipping-taxable","13":"purchasable","14":"product-type-simple"},"yoast_head":"<!-- This site is optimized with the Yoast SEO plugin v27.3 - https:\/\/yoast.com\/product\/yoast-seo-wordpress\/ -->\n<title>Bandera de m\u00e1stil a medida - Sostenible y llamativa | Entrega r\u00e1pida<\/title>\n<meta name=\"description\" content=\"Pida su bandera de m\u00e1stil personalizada f\u00e1cilmente y aproveche la entrega superr\u00e1pida en 1 d\u00eda h\u00e1bil. Materiales sostenibles y varios tama\u00f1os disponibles.\" \/>\n<meta name=\"robots\" content=\"index, follow, max-snippet:-1, max-image-preview:large, max-video-preview:-1\" \/>\n<link rel=\"canonical\" href=\"https:\/\/www.amstelprinting.nl\/es\/tienda\/todas-las-banderas\/banderas-de-fachada\/bandera-de-mastil\/\" \/>\n<meta property=\"og:locale\" content=\"es_ES\" \/>\n<meta property=\"og:type\" content=\"article\" \/>\n<meta property=\"og:title\" content=\"Bandera de m\u00e1stil a medida - Sostenible y llamativa | Entrega r\u00e1pida\" \/>\n<meta property=\"og:description\" content=\"Pida su bandera de m\u00e1stil personalizada f\u00e1cilmente y aproveche la entrega superr\u00e1pida en 1 d\u00eda h\u00e1bil. Materiales sostenibles y varios tama\u00f1os disponibles.\" \/>\n<meta property=\"og:url\" content=\"https:\/\/www.amstelprinting.nl\/es\/tienda\/todas-las-banderas\/banderas-de-fachada\/bandera-de-mastil\/\" \/>\n<meta property=\"og:site_name\" content=\"Amstel Printing\" \/>\n<meta property=\"article:modified_time\" content=\"2026-02-18T11:48:02+00:00\" \/>\n<meta property=\"og:image\" content=\"https:\/\/www.amstelprinting.nl\/wp-content\/uploads\/mastvlag-bedrukken.png\" \/>\n\t<meta property=\"og:image:width\" content=\"900\" \/>\n\t<meta property=\"og:image:height\" content=\"900\" \/>\n\t<meta property=\"og:image:type\" content=\"image\/png\" \/>\n<meta name=\"twitter:card\" content=\"summary_large_image\" \/>\n<meta name=\"twitter:label1\" content=\"Tiempo de lectura\" \/>\n\t<meta name=\"twitter:data1\" content=\"1 minuto\" \/>\n<script type=\"application\/ld+json\" class=\"yoast-schema-graph\">{\"@context\":\"https:\\\/\\\/schema.org\",\"@graph\":[{\"@type\":\"WebPage\",\"@id\":\"https:\\\/\\\/www.amstelprinting.nl\\\/es\\\/tienda\\\/todas-las-banderas\\\/banderas-de-fachada\\\/bandera-de-mastil\\\/\",\"url\":\"https:\\\/\\\/www.amstelprinting.nl\\\/es\\\/tienda\\\/todas-las-banderas\\\/banderas-de-fachada\\\/bandera-de-mastil\\\/\",\"name\":\"Bandera de m\u00e1stil a medida - Sostenible y llamativa | Entrega r\u00e1pida\",\"isPartOf\":{\"@id\":\"https:\\\/\\\/www.amstelprinting.nl\\\/es\\\/#website\"},\"primaryImageOfPage\":{\"@id\":\"https:\\\/\\\/www.amstelprinting.nl\\\/es\\\/tienda\\\/todas-las-banderas\\\/banderas-de-fachada\\\/bandera-de-mastil\\\/#primaryimage\"},\"image\":{\"@id\":\"https:\\\/\\\/www.amstelprinting.nl\\\/es\\\/tienda\\\/todas-las-banderas\\\/banderas-de-fachada\\\/bandera-de-mastil\\\/#primaryimage\"},\"thumbnailUrl\":\"https:\\\/\\\/www.amstelprinting.nl\\\/wp-content\\\/uploads\\\/mastvlag-bedrukken.png\",\"datePublished\":\"2025-01-24T10:30:59+00:00\",\"dateModified\":\"2026-02-18T11:48:02+00:00\",\"description\":\"Pida su bandera de m\u00e1stil personalizada f\u00e1cilmente y aproveche la entrega superr\u00e1pida en 1 d\u00eda h\u00e1bil. Materiales sostenibles y varios tama\u00f1os disponibles.\",\"breadcrumb\":{\"@id\":\"https:\\\/\\\/www.amstelprinting.nl\\\/es\\\/tienda\\\/todas-las-banderas\\\/banderas-de-fachada\\\/bandera-de-mastil\\\/#breadcrumb\"},\"inLanguage\":\"es\",\"potentialAction\":[{\"@type\":\"ReadAction\",\"target\":[\"https:\\\/\\\/www.amstelprinting.nl\\\/es\\\/tienda\\\/todas-las-banderas\\\/banderas-de-fachada\\\/bandera-de-mastil\\\/\"]}]},{\"@type\":\"ImageObject\",\"inLanguage\":\"es\",\"@id\":\"https:\\\/\\\/www.amstelprinting.nl\\\/es\\\/tienda\\\/todas-las-banderas\\\/banderas-de-fachada\\\/bandera-de-mastil\\\/#primaryimage\",\"url\":\"https:\\\/\\\/www.amstelprinting.nl\\\/wp-content\\\/uploads\\\/mastvlag-bedrukken.png\",\"contentUrl\":\"https:\\\/\\\/www.amstelprinting.nl\\\/wp-content\\\/uploads\\\/mastvlag-bedrukken.png\",\"width\":900,\"height\":900},{\"@type\":\"BreadcrumbList\",\"@id\":\"https:\\\/\\\/www.amstelprinting.nl\\\/es\\\/tienda\\\/todas-las-banderas\\\/banderas-de-fachada\\\/bandera-de-mastil\\\/#breadcrumb\",\"itemListElement\":[{\"@type\":\"ListItem\",\"position\":1,\"name\":\"\",\"item\":\"https:\\\/\\\/www.amstelprinting.nl\\\/es\\\/\"},{\"@type\":\"ListItem\",\"position\":2,\"name\":\"Amstel Printing\",\"item\":\"https:\\\/\\\/www.amstelprinting.nl\\\/es\\\/comercio\\\/\"},{\"@type\":\"ListItem\",\"position\":3,\"name\":\"Banderas\",\"item\":\"https:\\\/\\\/www.amstelprinting.nl\\\/es\\\/categor\u00eda\\\/todas-las-banderas\\\/\"},{\"@type\":\"ListItem\",\"position\":4,\"name\":\"Banderas de fachada\",\"item\":\"https:\\\/\\\/www.amstelprinting.nl\\\/es\\\/categor\u00eda\\\/todas-las-banderas\\\/banderas-de-fachada\\\/\"},{\"@type\":\"ListItem\",\"position\":5,\"name\":\"Bandera de m\u00e1stil\"}]},{\"@type\":\"WebSite\",\"@id\":\"https:\\\/\\\/www.amstelprinting.nl\\\/es\\\/#website\",\"url\":\"https:\\\/\\\/www.amstelprinting.nl\\\/es\\\/\",\"name\":\"Amstel Printing\",\"description\":\"Creating Exposure\",\"publisher\":{\"@id\":\"https:\\\/\\\/www.amstelprinting.nl\\\/es\\\/#organization\"},\"potentialAction\":[{\"@type\":\"SearchAction\",\"target\":{\"@type\":\"EntryPoint\",\"urlTemplate\":\"https:\\\/\\\/www.amstelprinting.nl\\\/es\\\/?s={search_term_string}\"},\"query-input\":{\"@type\":\"PropertyValueSpecification\",\"valueRequired\":true,\"valueName\":\"search_term_string\"}}],\"inLanguage\":\"es\"},{\"@type\":\"Organization\",\"@id\":\"https:\\\/\\\/www.amstelprinting.nl\\\/es\\\/#organization\",\"name\":\"Amstel Printing\",\"url\":\"https:\\\/\\\/www.amstelprinting.nl\\\/es\\\/\",\"logo\":{\"@type\":\"ImageObject\",\"inLanguage\":\"es\",\"@id\":\"https:\\\/\\\/www.amstelprinting.nl\\\/es\\\/#\\\/schema\\\/logo\\\/image\\\/\",\"url\":\"https:\\\/\\\/www.amstelprinting.nl\\\/wp-content\\\/uploads\\\/amstel_printing_logo_clean.png\",\"contentUrl\":\"https:\\\/\\\/www.amstelprinting.nl\\\/wp-content\\\/uploads\\\/amstel_printing_logo_clean.png\",\"width\":324,\"height\":73,\"caption\":\"Amstel Printing\"},\"image\":{\"@id\":\"https:\\\/\\\/www.amstelprinting.nl\\\/es\\\/#\\\/schema\\\/logo\\\/image\\\/\"}}]}<\/script>\n<!-- \/ Yoast SEO plugin. -->","yoast_head_json":{"title":"Bandera de m\u00e1stil a medida - Sostenible y llamativa | Entrega r\u00e1pida","description":"Pida su bandera de m\u00e1stil personalizada f\u00e1cilmente y aproveche la entrega superr\u00e1pida en 1 d\u00eda h\u00e1bil. Materiales sostenibles y varios tama\u00f1os disponibles.","robots":{"index":"index","follow":"follow","max-snippet":"max-snippet:-1","max-image-preview":"max-image-preview:large","max-video-preview":"max-video-preview:-1"},"canonical":"https:\/\/www.amstelprinting.nl\/es\/tienda\/todas-las-banderas\/banderas-de-fachada\/bandera-de-mastil\/","og_locale":"es_ES","og_type":"article","og_title":"Bandera de m\u00e1stil a medida - Sostenible y llamativa | Entrega r\u00e1pida","og_description":"Pida su bandera de m\u00e1stil personalizada f\u00e1cilmente y aproveche la entrega superr\u00e1pida en 1 d\u00eda h\u00e1bil. Materiales sostenibles y varios tama\u00f1os disponibles.","og_url":"https:\/\/www.amstelprinting.nl\/es\/tienda\/todas-las-banderas\/banderas-de-fachada\/bandera-de-mastil\/","og_site_name":"Amstel Printing","article_modified_time":"2026-02-18T11:48:02+00:00","og_image":[{"width":900,"height":900,"url":"https:\/\/www.amstelprinting.nl\/wp-content\/uploads\/mastvlag-bedrukken.png","type":"image\/png"}],"twitter_card":"summary_large_image","twitter_misc":{"Tiempo de lectura":"1 minuto"},"schema":{"@context":"https:\/\/schema.org","@graph":[{"@type":"WebPage","@id":"https:\/\/www.amstelprinting.nl\/es\/tienda\/todas-las-banderas\/banderas-de-fachada\/bandera-de-mastil\/","url":"https:\/\/www.amstelprinting.nl\/es\/tienda\/todas-las-banderas\/banderas-de-fachada\/bandera-de-mastil\/","name":"Bandera de m\u00e1stil a medida - Sostenible y llamativa | Entrega r\u00e1pida","isPartOf":{"@id":"https:\/\/www.amstelprinting.nl\/es\/#website"},"primaryImageOfPage":{"@id":"https:\/\/www.amstelprinting.nl\/es\/tienda\/todas-las-banderas\/banderas-de-fachada\/bandera-de-mastil\/#primaryimage"},"image":{"@id":"https:\/\/www.amstelprinting.nl\/es\/tienda\/todas-las-banderas\/banderas-de-fachada\/bandera-de-mastil\/#primaryimage"},"thumbnailUrl":"https:\/\/www.amstelprinting.nl\/wp-content\/uploads\/mastvlag-bedrukken.png","datePublished":"2025-01-24T10:30:59+00:00","dateModified":"2026-02-18T11:48:02+00:00","description":"Pida su bandera de m\u00e1stil personalizada f\u00e1cilmente y aproveche la entrega superr\u00e1pida en 1 d\u00eda h\u00e1bil. Materiales sostenibles y varios tama\u00f1os disponibles.","breadcrumb":{"@id":"https:\/\/www.amstelprinting.nl\/es\/tienda\/todas-las-banderas\/banderas-de-fachada\/bandera-de-mastil\/#breadcrumb"},"inLanguage":"es","potentialAction":[{"@type":"ReadAction","target":["https:\/\/www.amstelprinting.nl\/es\/tienda\/todas-las-banderas\/banderas-de-fachada\/bandera-de-mastil\/"]}]},{"@type":"ImageObject","inLanguage":"es","@id":"https:\/\/www.amstelprinting.nl\/es\/tienda\/todas-las-banderas\/banderas-de-fachada\/bandera-de-mastil\/#primaryimage","url":"https:\/\/www.amstelprinting.nl\/wp-content\/uploads\/mastvlag-bedrukken.png","contentUrl":"https:\/\/www.amstelprinting.nl\/wp-content\/uploads\/mastvlag-bedrukken.png","width":900,"height":900},{"@type":"BreadcrumbList","@id":"https:\/\/www.amstelprinting.nl\/es\/tienda\/todas-las-banderas\/banderas-de-fachada\/bandera-de-mastil\/#breadcrumb","itemListElement":[{"@type":"ListItem","position":1,"name":"","item":"https:\/\/www.amstelprinting.nl\/es\/"},{"@type":"ListItem","position":2,"name":"Amstel Printing","item":"https:\/\/www.amstelprinting.nl\/es\/comercio\/"},{"@type":"ListItem","position":3,"name":"Banderas","item":"https:\/\/www.amstelprinting.nl\/es\/categor\u00eda\/todas-las-banderas\/"},{"@type":"ListItem","position":4,"name":"Banderas de fachada","item":"https:\/\/www.amstelprinting.nl\/es\/categor\u00eda\/todas-las-banderas\/banderas-de-fachada\/"},{"@type":"ListItem","position":5,"name":"Bandera de m\u00e1stil"}]},{"@type":"WebSite","@id":"https:\/\/www.amstelprinting.nl\/es\/#website","url":"https:\/\/www.amstelprinting.nl\/es\/","name":"Amstel Printing","description":"Creating Exposure","publisher":{"@id":"https:\/\/www.amstelprinting.nl\/es\/#organization"},"potentialAction":[{"@type":"SearchAction","target":{"@type":"EntryPoint","urlTemplate":"https:\/\/www.amstelprinting.nl\/es\/?s={search_term_string}"},"query-input":{"@type":"PropertyValueSpecification","valueRequired":true,"valueName":"search_term_string"}}],"inLanguage":"es"},{"@type":"Organization","@id":"https:\/\/www.amstelprinting.nl\/es\/#organization","name":"Amstel Printing","url":"https:\/\/www.amstelprinting.nl\/es\/","logo":{"@type":"ImageObject","inLanguage":"es","@id":"https:\/\/www.amstelprinting.nl\/es\/#\/schema\/logo\/image\/","url":"https:\/\/www.amstelprinting.nl\/wp-content\/uploads\/amstel_printing_logo_clean.png","contentUrl":"https:\/\/www.amstelprinting.nl\/wp-content\/uploads\/amstel_printing_logo_clean.png","width":324,"height":73,"caption":"Amstel Printing"},"image":{"@id":"https:\/\/www.amstelprinting.nl\/es\/#\/schema\/logo\/image\/"}}]}},"_links":{"self":[{"href":"https:\/\/www.amstelprinting.nl\/es\/wp-json\/wp\/v2\/product\/14648","targetHints":{"allow":["GET"]}}],"collection":[{"href":"https:\/\/www.amstelprinting.nl\/es\/wp-json\/wp\/v2\/product"}],"about":[{"href":"https:\/\/www.amstelprinting.nl\/es\/wp-json\/wp\/v2\/types\/product"}],"wp:featuredmedia":[{"embeddable":true,"href":"https:\/\/www.amstelprinting.nl\/es\/wp-json\/wp\/v2\/media\/14649"}],"wp:attachment":[{"href":"https:\/\/www.amstelprinting.nl\/es\/wp-json\/wp\/v2\/media?parent=14648"}],"wp:term":[{"taxonomy":"product_brand","embeddable":true,"href":"https:\/\/www.amstelprinting.nl\/es\/wp-json\/wp\/v2\/product_brand?post=14648"},{"taxonomy":"product_cat","embeddable":true,"href":"https:\/\/www.amstelprinting.nl\/es\/wp-json\/wp\/v2\/product_cat?post=14648"},{"taxonomy":"product_tag","embeddable":true,"href":"https:\/\/www.amstelprinting.nl\/es\/wp-json\/wp\/v2\/product_tag?post=14648"}],"curies":[{"name":"wp","href":"https:\/\/api.w.org\/{rel}","templated":true}]}}