{"id":14658,"date":"2025-01-24T11:30:57","date_gmt":"2025-01-24T10:30:57","guid":{"rendered":"https:\/\/www.amstelprinting.nl\/winkel\/sin%20categor\u00eda\/gevelvlag\/"},"modified":"2026-02-18T12:48:02","modified_gmt":"2026-02-18T11:48:02","slug":"bandera-de-fachada","status":"publish","type":"product","link":"https:\/\/www.amstelprinting.nl\/es\/tienda\/todas-las-banderas\/banderas-de-fachada\/bandera-de-fachada\/","title":{"rendered":"Bandera de fachada"},"content":{"rendered":"<h3>Pedir banderas de fachada: elija el formato adecuado<\/h3>\n<p>Nuestras banderas de fachada son rectangulares y est\u00e1n disponibles en cuatro formatos diferentes. Elija siempre la proporci\u00f3n adecuada entre el asta de bandera \/ m\u00e1stil de bandera y el formato de la bandera de fachada. A continuaci\u00f3n, le asesoramos sobre el asta o m\u00e1stil que mejor combina con cada bandera de fachada.<\/p>\n<ul>\n<li><strong>100 x 70 cm<\/strong> &#8211; para astas de bandera de 1 a 2 metros<\/li>\n<li><strong>150 x 100 cm<\/strong> &#8211; para astas de bandera de 2 a 3 metros<\/li>\n<li><strong>200 x 100 cm<\/strong> &#8211; para m\u00e1stiles de bandera de 6 metros de altura<\/li>\n<li><strong>225 x 150 cm<\/strong> &#8211; para m\u00e1stiles de bandera de 6-7 metros de altura<\/li>\n<\/ul>\n<p>&nbsp;<\/p>\n<h3>Materiales<\/h3>\n<p>Ofrecemos diferentes opciones de materiales para que siempre pueda tomar la decisi\u00f3n correcta:<\/p>\n<ul>\n<li><strong>Flag<\/strong>: El tejido est\u00e1ndar para banderas impresas, perfecto para uso general.<\/li>\n<li><strong>Flag PET<\/strong>: Una opci\u00f3n respetuosa con el medio ambiente, fabricada a partir de botellas PET 100% recicladas. Ideal para empresas que valoran la sostenibilidad.<\/li>\n<li><strong>Longlife<\/strong>: Este tejido extra fuerte tiene una estructura especial que reduce el deshilachado, lo que garantiza una vida \u00fatil significativamente m\u00e1s larga de su bandera.<\/li>\n<\/ul>\n<p>&nbsp;<\/p>\n<h3>Acabados<\/h3>\n<p>Puede solicitar el acabado de su bandera de fachada con una cinta blanca o negra, cord\u00f3n y lazo en el lado izquierdo o derecho de su bandera. Adem\u00e1s, hay varios accesorios disponibles para que su bandera luzca a\u00fan mejor.<\/p>\n<h3>Preguntas frecuentes sobre banderas de fachada<\/h3>\n<p><strong>\u00bfC\u00f3mo mantengo mejor la calidad de la bandera de fachada?<\/strong><br \/>\nPara un uso \u00f3ptimo de las banderas de fachada, es aconsejable recogerlas a tiempo, especialmente a partir de una fuerza de viento de 6. Esto reduce la probabilidad de da\u00f1os y hace que la bandera dure m\u00e1s tiempo.<\/p>\n<p><strong>\u00bfSab\u00eda que tambi\u00e9n puede meter las banderas de fachada en la lavadora?<\/strong><br \/>\nEs posible lavar las banderas de fachada a un m\u00e1ximo de 30 grados cent\u00edgrados. Utilice para ello exclusivamente detergente para prendas delicadas.<\/p>\n<p><strong>\u00bfCu\u00e1l es la diferencia entre Flag, Flag PET y Flag Longlife?<\/strong><br \/>\nLa Flag es la bandera est\u00e1ndar con un dobladillo cl\u00e1sico alrededor. Flag PET es nuestra variante sostenible hecha de botellas PET 100% recicladas. Flag Longlife se deshilacha menos r\u00e1pidamente gracias a su estructura rugosa. Por lo tanto, no es necesario hacerle el dobladillo.<\/p>\n","protected":false},"excerpt":{"rendered":"<h3>La bandera rectangular para la fachada<\/h3>\n<p>\u00bfQuiere destacar en una calle comercial concurrida o transmitir un mensaje importante a los transe\u00fantes? \u00a1Eso es posible de manera sencilla y efectiva con una bandera de fachada! Las banderas de fachada son ideales para su uso en eventos deportivos, ferias o empresas que deseen aumentar su visibilidad.<\/p>\n","protected":false},"featured_media":14659,"template":"","meta":{"_et_pb_use_builder":"","_et_pb_old_content":"","_et_gb_content_width":""},"product_brand":[],"product_cat":[876,885,315],"product_tag":[],"class_list":{"0":"post-14658","1":"product","2":"type-product","3":"status-publish","4":"has-post-thumbnail","6":"product_cat-todas-las-banderas","7":"product_cat-banderas-de-fachada","8":"product_cat-pegatinas-e-impresion","10":"first","11":"instock","12":"taxable","13":"shipping-taxable","14":"purchasable","15":"product-type-simple"},"yoast_head":"<!-- This site is optimized with the Yoast SEO plugin v27.3 - https:\/\/yoast.com\/product\/yoast-seo-wordpress\/ -->\n<title>Comprar bandera de fachada - Entrega r\u00e1pida y calidad duradera<\/title>\n<meta name=\"description\" content=\"Pida su bandera de fachada a medida con una selecci\u00f3n de telas y formatos duraderos. Haga que su mensaje sea visible en cualquier fachada. Entrega en toda Europa.\" \/>\n<meta name=\"robots\" content=\"index, follow, max-snippet:-1, max-image-preview:large, max-video-preview:-1\" \/>\n<link rel=\"canonical\" href=\"https:\/\/www.amstelprinting.nl\/es\/tienda\/todas-las-banderas\/banderas-de-fachada\/bandera-de-fachada\/\" \/>\n<meta property=\"og:locale\" content=\"es_ES\" \/>\n<meta property=\"og:type\" content=\"article\" \/>\n<meta property=\"og:title\" content=\"Comprar bandera de fachada - Entrega r\u00e1pida y calidad duradera\" \/>\n<meta property=\"og:description\" content=\"Pida su bandera de fachada a medida con una selecci\u00f3n de telas y formatos duraderos. Haga que su mensaje sea visible en cualquier fachada. Entrega en toda Europa.\" \/>\n<meta property=\"og:url\" content=\"https:\/\/www.amstelprinting.nl\/es\/tienda\/todas-las-banderas\/banderas-de-fachada\/bandera-de-fachada\/\" \/>\n<meta property=\"og:site_name\" content=\"Amstel Printing\" \/>\n<meta property=\"article:modified_time\" content=\"2026-02-18T11:48:02+00:00\" \/>\n<meta property=\"og:image\" content=\"https:\/\/www.amstelprinting.nl\/wp-content\/uploads\/gevelvlag-bedrukken-1.png\" \/>\n\t<meta property=\"og:image:width\" content=\"900\" \/>\n\t<meta property=\"og:image:height\" content=\"900\" \/>\n\t<meta property=\"og:image:type\" content=\"image\/png\" \/>\n<meta name=\"twitter:card\" content=\"summary_large_image\" \/>\n<meta name=\"twitter:label1\" content=\"Tiempo de lectura\" \/>\n\t<meta name=\"twitter:data1\" content=\"2 minutos\" \/>\n<script type=\"application\/ld+json\" class=\"yoast-schema-graph\">{\"@context\":\"https:\\\/\\\/schema.org\",\"@graph\":[{\"@type\":\"WebPage\",\"@id\":\"https:\\\/\\\/www.amstelprinting.nl\\\/es\\\/tienda\\\/todas-las-banderas\\\/banderas-de-fachada\\\/bandera-de-fachada\\\/\",\"url\":\"https:\\\/\\\/www.amstelprinting.nl\\\/es\\\/tienda\\\/todas-las-banderas\\\/banderas-de-fachada\\\/bandera-de-fachada\\\/\",\"name\":\"Comprar bandera de fachada - Entrega r\u00e1pida y calidad duradera\",\"isPartOf\":{\"@id\":\"https:\\\/\\\/www.amstelprinting.nl\\\/es\\\/#website\"},\"primaryImageOfPage\":{\"@id\":\"https:\\\/\\\/www.amstelprinting.nl\\\/es\\\/tienda\\\/todas-las-banderas\\\/banderas-de-fachada\\\/bandera-de-fachada\\\/#primaryimage\"},\"image\":{\"@id\":\"https:\\\/\\\/www.amstelprinting.nl\\\/es\\\/tienda\\\/todas-las-banderas\\\/banderas-de-fachada\\\/bandera-de-fachada\\\/#primaryimage\"},\"thumbnailUrl\":\"https:\\\/\\\/www.amstelprinting.nl\\\/wp-content\\\/uploads\\\/gevelvlag-bedrukken-1.png\",\"datePublished\":\"2025-01-24T10:30:57+00:00\",\"dateModified\":\"2026-02-18T11:48:02+00:00\",\"description\":\"Pida su bandera de fachada a medida con una selecci\u00f3n de telas y formatos duraderos. Haga que su mensaje sea visible en cualquier fachada. Entrega en toda Europa.\",\"breadcrumb\":{\"@id\":\"https:\\\/\\\/www.amstelprinting.nl\\\/es\\\/tienda\\\/todas-las-banderas\\\/banderas-de-fachada\\\/bandera-de-fachada\\\/#breadcrumb\"},\"inLanguage\":\"es\",\"potentialAction\":[{\"@type\":\"ReadAction\",\"target\":[\"https:\\\/\\\/www.amstelprinting.nl\\\/es\\\/tienda\\\/todas-las-banderas\\\/banderas-de-fachada\\\/bandera-de-fachada\\\/\"]}]},{\"@type\":\"ImageObject\",\"inLanguage\":\"es\",\"@id\":\"https:\\\/\\\/www.amstelprinting.nl\\\/es\\\/tienda\\\/todas-las-banderas\\\/banderas-de-fachada\\\/bandera-de-fachada\\\/#primaryimage\",\"url\":\"https:\\\/\\\/www.amstelprinting.nl\\\/wp-content\\\/uploads\\\/gevelvlag-bedrukken-1.png\",\"contentUrl\":\"https:\\\/\\\/www.amstelprinting.nl\\\/wp-content\\\/uploads\\\/gevelvlag-bedrukken-1.png\",\"width\":900,\"height\":900},{\"@type\":\"BreadcrumbList\",\"@id\":\"https:\\\/\\\/www.amstelprinting.nl\\\/es\\\/tienda\\\/todas-las-banderas\\\/banderas-de-fachada\\\/bandera-de-fachada\\\/#breadcrumb\",\"itemListElement\":[{\"@type\":\"ListItem\",\"position\":1,\"name\":\"\",\"item\":\"https:\\\/\\\/www.amstelprinting.nl\\\/es\\\/\"},{\"@type\":\"ListItem\",\"position\":2,\"name\":\"Amstel Printing\",\"item\":\"https:\\\/\\\/www.amstelprinting.nl\\\/es\\\/comercio\\\/\"},{\"@type\":\"ListItem\",\"position\":3,\"name\":\"Banderas\",\"item\":\"https:\\\/\\\/www.amstelprinting.nl\\\/es\\\/categor\u00eda\\\/todas-las-banderas\\\/\"},{\"@type\":\"ListItem\",\"position\":4,\"name\":\"Banderas de fachada\",\"item\":\"https:\\\/\\\/www.amstelprinting.nl\\\/es\\\/categor\u00eda\\\/todas-las-banderas\\\/banderas-de-fachada\\\/\"},{\"@type\":\"ListItem\",\"position\":5,\"name\":\"Bandera de fachada\"}]},{\"@type\":\"WebSite\",\"@id\":\"https:\\\/\\\/www.amstelprinting.nl\\\/es\\\/#website\",\"url\":\"https:\\\/\\\/www.amstelprinting.nl\\\/es\\\/\",\"name\":\"Amstel Printing\",\"description\":\"Creating Exposure\",\"publisher\":{\"@id\":\"https:\\\/\\\/www.amstelprinting.nl\\\/es\\\/#organization\"},\"potentialAction\":[{\"@type\":\"SearchAction\",\"target\":{\"@type\":\"EntryPoint\",\"urlTemplate\":\"https:\\\/\\\/www.amstelprinting.nl\\\/es\\\/?s={search_term_string}\"},\"query-input\":{\"@type\":\"PropertyValueSpecification\",\"valueRequired\":true,\"valueName\":\"search_term_string\"}}],\"inLanguage\":\"es\"},{\"@type\":\"Organization\",\"@id\":\"https:\\\/\\\/www.amstelprinting.nl\\\/es\\\/#organization\",\"name\":\"Amstel Printing\",\"url\":\"https:\\\/\\\/www.amstelprinting.nl\\\/es\\\/\",\"logo\":{\"@type\":\"ImageObject\",\"inLanguage\":\"es\",\"@id\":\"https:\\\/\\\/www.amstelprinting.nl\\\/es\\\/#\\\/schema\\\/logo\\\/image\\\/\",\"url\":\"https:\\\/\\\/www.amstelprinting.nl\\\/wp-content\\\/uploads\\\/amstel_printing_logo_clean.png\",\"contentUrl\":\"https:\\\/\\\/www.amstelprinting.nl\\\/wp-content\\\/uploads\\\/amstel_printing_logo_clean.png\",\"width\":324,\"height\":73,\"caption\":\"Amstel Printing\"},\"image\":{\"@id\":\"https:\\\/\\\/www.amstelprinting.nl\\\/es\\\/#\\\/schema\\\/logo\\\/image\\\/\"}}]}<\/script>\n<!-- \/ Yoast SEO plugin. -->","yoast_head_json":{"title":"Comprar bandera de fachada - Entrega r\u00e1pida y calidad duradera","description":"Pida su bandera de fachada a medida con una selecci\u00f3n de telas y formatos duraderos. Haga que su mensaje sea visible en cualquier fachada. Entrega en toda Europa.","robots":{"index":"index","follow":"follow","max-snippet":"max-snippet:-1","max-image-preview":"max-image-preview:large","max-video-preview":"max-video-preview:-1"},"canonical":"https:\/\/www.amstelprinting.nl\/es\/tienda\/todas-las-banderas\/banderas-de-fachada\/bandera-de-fachada\/","og_locale":"es_ES","og_type":"article","og_title":"Comprar bandera de fachada - Entrega r\u00e1pida y calidad duradera","og_description":"Pida su bandera de fachada a medida con una selecci\u00f3n de telas y formatos duraderos. Haga que su mensaje sea visible en cualquier fachada. Entrega en toda Europa.","og_url":"https:\/\/www.amstelprinting.nl\/es\/tienda\/todas-las-banderas\/banderas-de-fachada\/bandera-de-fachada\/","og_site_name":"Amstel Printing","article_modified_time":"2026-02-18T11:48:02+00:00","og_image":[{"width":900,"height":900,"url":"https:\/\/www.amstelprinting.nl\/wp-content\/uploads\/gevelvlag-bedrukken-1.png","type":"image\/png"}],"twitter_card":"summary_large_image","twitter_misc":{"Tiempo de lectura":"2 minutos"},"schema":{"@context":"https:\/\/schema.org","@graph":[{"@type":"WebPage","@id":"https:\/\/www.amstelprinting.nl\/es\/tienda\/todas-las-banderas\/banderas-de-fachada\/bandera-de-fachada\/","url":"https:\/\/www.amstelprinting.nl\/es\/tienda\/todas-las-banderas\/banderas-de-fachada\/bandera-de-fachada\/","name":"Comprar bandera de fachada - Entrega r\u00e1pida y calidad duradera","isPartOf":{"@id":"https:\/\/www.amstelprinting.nl\/es\/#website"},"primaryImageOfPage":{"@id":"https:\/\/www.amstelprinting.nl\/es\/tienda\/todas-las-banderas\/banderas-de-fachada\/bandera-de-fachada\/#primaryimage"},"image":{"@id":"https:\/\/www.amstelprinting.nl\/es\/tienda\/todas-las-banderas\/banderas-de-fachada\/bandera-de-fachada\/#primaryimage"},"thumbnailUrl":"https:\/\/www.amstelprinting.nl\/wp-content\/uploads\/gevelvlag-bedrukken-1.png","datePublished":"2025-01-24T10:30:57+00:00","dateModified":"2026-02-18T11:48:02+00:00","description":"Pida su bandera de fachada a medida con una selecci\u00f3n de telas y formatos duraderos. Haga que su mensaje sea visible en cualquier fachada. Entrega en toda Europa.","breadcrumb":{"@id":"https:\/\/www.amstelprinting.nl\/es\/tienda\/todas-las-banderas\/banderas-de-fachada\/bandera-de-fachada\/#breadcrumb"},"inLanguage":"es","potentialAction":[{"@type":"ReadAction","target":["https:\/\/www.amstelprinting.nl\/es\/tienda\/todas-las-banderas\/banderas-de-fachada\/bandera-de-fachada\/"]}]},{"@type":"ImageObject","inLanguage":"es","@id":"https:\/\/www.amstelprinting.nl\/es\/tienda\/todas-las-banderas\/banderas-de-fachada\/bandera-de-fachada\/#primaryimage","url":"https:\/\/www.amstelprinting.nl\/wp-content\/uploads\/gevelvlag-bedrukken-1.png","contentUrl":"https:\/\/www.amstelprinting.nl\/wp-content\/uploads\/gevelvlag-bedrukken-1.png","width":900,"height":900},{"@type":"BreadcrumbList","@id":"https:\/\/www.amstelprinting.nl\/es\/tienda\/todas-las-banderas\/banderas-de-fachada\/bandera-de-fachada\/#breadcrumb","itemListElement":[{"@type":"ListItem","position":1,"name":"","item":"https:\/\/www.amstelprinting.nl\/es\/"},{"@type":"ListItem","position":2,"name":"Amstel Printing","item":"https:\/\/www.amstelprinting.nl\/es\/comercio\/"},{"@type":"ListItem","position":3,"name":"Banderas","item":"https:\/\/www.amstelprinting.nl\/es\/categor\u00eda\/todas-las-banderas\/"},{"@type":"ListItem","position":4,"name":"Banderas de fachada","item":"https:\/\/www.amstelprinting.nl\/es\/categor\u00eda\/todas-las-banderas\/banderas-de-fachada\/"},{"@type":"ListItem","position":5,"name":"Bandera de fachada"}]},{"@type":"WebSite","@id":"https:\/\/www.amstelprinting.nl\/es\/#website","url":"https:\/\/www.amstelprinting.nl\/es\/","name":"Amstel Printing","description":"Creating Exposure","publisher":{"@id":"https:\/\/www.amstelprinting.nl\/es\/#organization"},"potentialAction":[{"@type":"SearchAction","target":{"@type":"EntryPoint","urlTemplate":"https:\/\/www.amstelprinting.nl\/es\/?s={search_term_string}"},"query-input":{"@type":"PropertyValueSpecification","valueRequired":true,"valueName":"search_term_string"}}],"inLanguage":"es"},{"@type":"Organization","@id":"https:\/\/www.amstelprinting.nl\/es\/#organization","name":"Amstel Printing","url":"https:\/\/www.amstelprinting.nl\/es\/","logo":{"@type":"ImageObject","inLanguage":"es","@id":"https:\/\/www.amstelprinting.nl\/es\/#\/schema\/logo\/image\/","url":"https:\/\/www.amstelprinting.nl\/wp-content\/uploads\/amstel_printing_logo_clean.png","contentUrl":"https:\/\/www.amstelprinting.nl\/wp-content\/uploads\/amstel_printing_logo_clean.png","width":324,"height":73,"caption":"Amstel Printing"},"image":{"@id":"https:\/\/www.amstelprinting.nl\/es\/#\/schema\/logo\/image\/"}}]}},"_links":{"self":[{"href":"https:\/\/www.amstelprinting.nl\/es\/wp-json\/wp\/v2\/product\/14658","targetHints":{"allow":["GET"]}}],"collection":[{"href":"https:\/\/www.amstelprinting.nl\/es\/wp-json\/wp\/v2\/product"}],"about":[{"href":"https:\/\/www.amstelprinting.nl\/es\/wp-json\/wp\/v2\/types\/product"}],"wp:featuredmedia":[{"embeddable":true,"href":"https:\/\/www.amstelprinting.nl\/es\/wp-json\/wp\/v2\/media\/14659"}],"wp:attachment":[{"href":"https:\/\/www.amstelprinting.nl\/es\/wp-json\/wp\/v2\/media?parent=14658"}],"wp:term":[{"taxonomy":"product_brand","embeddable":true,"href":"https:\/\/www.amstelprinting.nl\/es\/wp-json\/wp\/v2\/product_brand?post=14658"},{"taxonomy":"product_cat","embeddable":true,"href":"https:\/\/www.amstelprinting.nl\/es\/wp-json\/wp\/v2\/product_cat?post=14658"},{"taxonomy":"product_tag","embeddable":true,"href":"https:\/\/www.amstelprinting.nl\/es\/wp-json\/wp\/v2\/product_tag?post=14658"}],"curies":[{"name":"wp","href":"https:\/\/api.w.org\/{rel}","templated":true}]}}