{"id":14668,"date":"2025-01-24T11:30:55","date_gmt":"2025-01-24T10:30:55","guid":{"rendered":"https:\/\/www.amstelprinting.nl\/winkel\/sin%20categor\u00eda\/beachflag\/"},"modified":"2026-02-10T12:45:22","modified_gmt":"2026-02-10T11:45:22","slug":"beachflag","status":"publish","type":"product","link":"https:\/\/www.amstelprinting.nl\/es\/tienda\/todas-las-banderas\/banderas-de-playa\/beachflag\/","title":{"rendered":"Beachflag"},"content":{"rendered":"<h3>Impresi\u00f3n y pedido de Beachflags<\/h3>\n<p>Las beachflags son un medio promocional incre\u00edblemente popular. Esto se debe principalmente a las siguientes ventajas:<\/p>\n<ul>\n<li>Atraen la atenci\u00f3n.<\/li>\n<li>Multifuncionales: festivales, ferias, exteriores, tiendas, gasolineras, playas, etc.<\/li>\n<li>No se requiere permiso para el uso de beachflags.<\/li>\n<li>Las beachflags son econ\u00f3micas y se entregan r\u00e1pidamente (\u00a1incluso en 1 d\u00eda h\u00e1bil!).<\/li>\n<li>Se pueden montar y guardar f\u00e1cilmente. Las piezas del m\u00e1stil de la beachflag se encajan por separado y se guardan en la bolsa de transporte incluida.<\/li>\n<li>Las beachflags son adecuadas tanto para uso en interiores como en exteriores.<\/li>\n<li>Las telas se pueden pedir por separado de forma sencilla.<\/li>\n<\/ul>\n<p>&nbsp;<\/p>\n<h3>Formas y tama\u00f1os de Beachflags<\/h3>\n<p>La straightflag es el popular modelo recto de beachflag. Con la dropflag (forma de gota) tiene una superficie m\u00e1s amplia para su mensaje. Y con la forma especial de la waveflag destacar\u00e1 a\u00fan m\u00e1s. Tambi\u00e9n puede elegir la squareflag; una forma cuadrada recta. La squareflag, gracias a su gran superficie, ofrece m\u00e1s espacio para su dise\u00f1o.<\/p>\n<p>Adem\u00e1s de las diferentes formas, tambi\u00e9n puede elegir el tama\u00f1o deseado. En total, hay nada menos que 13 tama\u00f1os de tela diferentes.<\/p>\n<ul>\n<li><strong>Straightflag<\/strong>: 40 x 235 cm, 80 x 220 cm, 65 x 315 cm, 80 x 315 cm y 90 x 430 cm<\/li>\n<li><strong>Squareflag<\/strong>: 75 x 180 cm, 75 x 267 cm y 75 x 375,5 cm<\/li>\n<li><strong>Dropflag<\/strong>: 70 x 180 cm y 100 x 250 cm<\/li>\n<li><strong>Waveflag<\/strong>: 70 x 210 cm, 76 x 315 cm y 80 x 422 cm<\/li>\n<\/ul>\n<p>&nbsp;<\/p>\n<h3>Calidad de la tela de la Beachflag<\/h3>\n<p>Las telas de las beachflags se fabrican de manera est\u00e1ndar con tela Flag. El material Flag es el tipo de tela m\u00e1s elegido para banderas impresas. Adem\u00e1s, el Flag PET es una alternativa sostenible. El PET est\u00e1 fabricado a partir de botellas de PET 100% recicladas. Pero Longlife tambi\u00e9n es una opci\u00f3n duradera: Longlife es un tejido para banderas extra fuerte. Gracias a una estructura especial, el Longlife se deshilacha menos r\u00e1pido (y, por tanto, dura m\u00e1s).<\/p>\n<h3>Acabado: \u00bfT\u00fanel o banda el\u00e1stica?<\/h3>\n<p>La tela de la beachflag se provee de un espacio a trav\u00e9s del cual se deslizan las piezas del m\u00e1stil. Este espacio se puede crear de dos maneras diferentes.<\/p>\n<ul>\n<li><strong>T\u00fanel<\/strong>: Fabricado con el mismo material que la propia bandera, lo que permite que el dise\u00f1o contin\u00fae sin interrupciones y forme un conjunto impecable.<\/li>\n<li><strong>Banda el\u00e1stica<\/strong>: Disponible en negro o blanco. Aunque el dise\u00f1o no es continuo, la banda ofrece una resistencia adicional, prolonga la vida \u00fatil de la beachflag y reduce el desperdicio de material. Adem\u00e1s, la banda el\u00e1stica es m\u00e1s econ\u00f3mica y sostenible. \u00a1Con nuestras beachflags combinar\u00e1 impacto visual, calidad y durabilidad, perfectas para cualquier ocasi\u00f3n!<\/li>\n<\/ul>\n","protected":false},"excerpt":{"rendered":"<p>Las beachflags son perfectas para promociones en exteriores y eventos. Son ligeras, f\u00e1ciles de mover y est\u00e1n disponibles en diferentes tama\u00f1os y formas. Configure su beachflag a su gusto en unos pocos pasos.<\/p>\n","protected":false},"featured_media":14669,"template":"","meta":{"_et_pb_use_builder":"","_et_pb_old_content":"","_et_gb_content_width":""},"product_brand":[],"product_cat":[876,881,315],"product_tag":[],"class_list":{"0":"post-14668","1":"product","2":"type-product","3":"status-publish","4":"has-post-thumbnail","6":"product_cat-todas-las-banderas","7":"product_cat-banderas-de-playa","8":"product_cat-pegatinas-e-impresion","10":"first","11":"instock","12":"taxable","13":"shipping-taxable","14":"purchasable","15":"product-type-simple"},"yoast_head":"<!-- This site is optimized with the Yoast SEO plugin v27.3 - https:\/\/yoast.com\/product\/yoast-seo-wordpress\/ -->\n<title>Pedir Beachflag a medida - Exposici\u00f3n \u00f3ptima para su marca<\/title>\n<meta name=\"description\" content=\"\u00a1Pida su beachflag hoy para entrega ma\u00f1ana! Elija entre 4 formas, 13 tama\u00f1os y materiales duraderos. Perfecto para eventos y locales comerciales.\" \/>\n<meta name=\"robots\" content=\"index, follow, max-snippet:-1, max-image-preview:large, max-video-preview:-1\" \/>\n<link rel=\"canonical\" href=\"https:\/\/www.amstelprinting.nl\/es\/tienda\/todas-las-banderas\/banderas-de-playa\/beachflag\/\" \/>\n<meta property=\"og:locale\" content=\"es_ES\" \/>\n<meta property=\"og:type\" content=\"article\" \/>\n<meta property=\"og:title\" content=\"Pedir Beachflag a medida - Exposici\u00f3n \u00f3ptima para su marca\" \/>\n<meta property=\"og:description\" content=\"\u00a1Pida su beachflag hoy para entrega ma\u00f1ana! Elija entre 4 formas, 13 tama\u00f1os y materiales duraderos. Perfecto para eventos y locales comerciales.\" \/>\n<meta property=\"og:url\" content=\"https:\/\/www.amstelprinting.nl\/es\/tienda\/todas-las-banderas\/banderas-de-playa\/beachflag\/\" \/>\n<meta property=\"og:site_name\" content=\"Amstel Printing\" \/>\n<meta property=\"article:modified_time\" content=\"2026-02-10T11:45:22+00:00\" \/>\n<meta property=\"og:image\" content=\"https:\/\/www.amstelprinting.nl\/wp-content\/uploads\/beachflag-straight-bedrukken.png\" \/>\n\t<meta property=\"og:image:width\" content=\"900\" \/>\n\t<meta property=\"og:image:height\" content=\"900\" \/>\n\t<meta property=\"og:image:type\" content=\"image\/png\" \/>\n<meta name=\"twitter:card\" content=\"summary_large_image\" \/>\n<meta name=\"twitter:label1\" content=\"Tiempo de lectura\" \/>\n\t<meta name=\"twitter:data1\" content=\"2 minutos\" \/>\n<script type=\"application\/ld+json\" class=\"yoast-schema-graph\">{\"@context\":\"https:\\\/\\\/schema.org\",\"@graph\":[{\"@type\":\"WebPage\",\"@id\":\"https:\\\/\\\/www.amstelprinting.nl\\\/es\\\/tienda\\\/todas-las-banderas\\\/banderas-de-playa\\\/beachflag\\\/\",\"url\":\"https:\\\/\\\/www.amstelprinting.nl\\\/es\\\/tienda\\\/todas-las-banderas\\\/banderas-de-playa\\\/beachflag\\\/\",\"name\":\"Pedir Beachflag a medida - Exposici\u00f3n \u00f3ptima para su marca\",\"isPartOf\":{\"@id\":\"https:\\\/\\\/www.amstelprinting.nl\\\/es\\\/#website\"},\"primaryImageOfPage\":{\"@id\":\"https:\\\/\\\/www.amstelprinting.nl\\\/es\\\/tienda\\\/todas-las-banderas\\\/banderas-de-playa\\\/beachflag\\\/#primaryimage\"},\"image\":{\"@id\":\"https:\\\/\\\/www.amstelprinting.nl\\\/es\\\/tienda\\\/todas-las-banderas\\\/banderas-de-playa\\\/beachflag\\\/#primaryimage\"},\"thumbnailUrl\":\"https:\\\/\\\/www.amstelprinting.nl\\\/wp-content\\\/uploads\\\/beachflag-straight-bedrukken.png\",\"datePublished\":\"2025-01-24T10:30:55+00:00\",\"dateModified\":\"2026-02-10T11:45:22+00:00\",\"description\":\"\u00a1Pida su beachflag hoy para entrega ma\u00f1ana! Elija entre 4 formas, 13 tama\u00f1os y materiales duraderos. Perfecto para eventos y locales comerciales.\",\"breadcrumb\":{\"@id\":\"https:\\\/\\\/www.amstelprinting.nl\\\/es\\\/tienda\\\/todas-las-banderas\\\/banderas-de-playa\\\/beachflag\\\/#breadcrumb\"},\"inLanguage\":\"es\",\"potentialAction\":[{\"@type\":\"ReadAction\",\"target\":[\"https:\\\/\\\/www.amstelprinting.nl\\\/es\\\/tienda\\\/todas-las-banderas\\\/banderas-de-playa\\\/beachflag\\\/\"]}]},{\"@type\":\"ImageObject\",\"inLanguage\":\"es\",\"@id\":\"https:\\\/\\\/www.amstelprinting.nl\\\/es\\\/tienda\\\/todas-las-banderas\\\/banderas-de-playa\\\/beachflag\\\/#primaryimage\",\"url\":\"https:\\\/\\\/www.amstelprinting.nl\\\/wp-content\\\/uploads\\\/beachflag-straight-bedrukken.png\",\"contentUrl\":\"https:\\\/\\\/www.amstelprinting.nl\\\/wp-content\\\/uploads\\\/beachflag-straight-bedrukken.png\",\"width\":900,\"height\":900},{\"@type\":\"BreadcrumbList\",\"@id\":\"https:\\\/\\\/www.amstelprinting.nl\\\/es\\\/tienda\\\/todas-las-banderas\\\/banderas-de-playa\\\/beachflag\\\/#breadcrumb\",\"itemListElement\":[{\"@type\":\"ListItem\",\"position\":1,\"name\":\"\",\"item\":\"https:\\\/\\\/www.amstelprinting.nl\\\/es\\\/\"},{\"@type\":\"ListItem\",\"position\":2,\"name\":\"Amstel Printing\",\"item\":\"https:\\\/\\\/www.amstelprinting.nl\\\/es\\\/comercio\\\/\"},{\"@type\":\"ListItem\",\"position\":3,\"name\":\"Banderas\",\"item\":\"https:\\\/\\\/www.amstelprinting.nl\\\/es\\\/categor\u00eda\\\/todas-las-banderas\\\/\"},{\"@type\":\"ListItem\",\"position\":4,\"name\":\"Banderas de playa\",\"item\":\"https:\\\/\\\/www.amstelprinting.nl\\\/es\\\/categor\u00eda\\\/todas-las-banderas\\\/banderas-de-playa\\\/\"},{\"@type\":\"ListItem\",\"position\":5,\"name\":\"Beachflag\"}]},{\"@type\":\"WebSite\",\"@id\":\"https:\\\/\\\/www.amstelprinting.nl\\\/es\\\/#website\",\"url\":\"https:\\\/\\\/www.amstelprinting.nl\\\/es\\\/\",\"name\":\"Amstel Printing\",\"description\":\"Creating Exposure\",\"publisher\":{\"@id\":\"https:\\\/\\\/www.amstelprinting.nl\\\/es\\\/#organization\"},\"potentialAction\":[{\"@type\":\"SearchAction\",\"target\":{\"@type\":\"EntryPoint\",\"urlTemplate\":\"https:\\\/\\\/www.amstelprinting.nl\\\/es\\\/?s={search_term_string}\"},\"query-input\":{\"@type\":\"PropertyValueSpecification\",\"valueRequired\":true,\"valueName\":\"search_term_string\"}}],\"inLanguage\":\"es\"},{\"@type\":\"Organization\",\"@id\":\"https:\\\/\\\/www.amstelprinting.nl\\\/es\\\/#organization\",\"name\":\"Amstel Printing\",\"url\":\"https:\\\/\\\/www.amstelprinting.nl\\\/es\\\/\",\"logo\":{\"@type\":\"ImageObject\",\"inLanguage\":\"es\",\"@id\":\"https:\\\/\\\/www.amstelprinting.nl\\\/es\\\/#\\\/schema\\\/logo\\\/image\\\/\",\"url\":\"https:\\\/\\\/www.amstelprinting.nl\\\/wp-content\\\/uploads\\\/amstel_printing_logo_clean.png\",\"contentUrl\":\"https:\\\/\\\/www.amstelprinting.nl\\\/wp-content\\\/uploads\\\/amstel_printing_logo_clean.png\",\"width\":324,\"height\":73,\"caption\":\"Amstel Printing\"},\"image\":{\"@id\":\"https:\\\/\\\/www.amstelprinting.nl\\\/es\\\/#\\\/schema\\\/logo\\\/image\\\/\"}}]}<\/script>\n<!-- \/ Yoast SEO plugin. -->","yoast_head_json":{"title":"Pedir Beachflag a medida - Exposici\u00f3n \u00f3ptima para su marca","description":"\u00a1Pida su beachflag hoy para entrega ma\u00f1ana! Elija entre 4 formas, 13 tama\u00f1os y materiales duraderos. Perfecto para eventos y locales comerciales.","robots":{"index":"index","follow":"follow","max-snippet":"max-snippet:-1","max-image-preview":"max-image-preview:large","max-video-preview":"max-video-preview:-1"},"canonical":"https:\/\/www.amstelprinting.nl\/es\/tienda\/todas-las-banderas\/banderas-de-playa\/beachflag\/","og_locale":"es_ES","og_type":"article","og_title":"Pedir Beachflag a medida - Exposici\u00f3n \u00f3ptima para su marca","og_description":"\u00a1Pida su beachflag hoy para entrega ma\u00f1ana! Elija entre 4 formas, 13 tama\u00f1os y materiales duraderos. Perfecto para eventos y locales comerciales.","og_url":"https:\/\/www.amstelprinting.nl\/es\/tienda\/todas-las-banderas\/banderas-de-playa\/beachflag\/","og_site_name":"Amstel Printing","article_modified_time":"2026-02-10T11:45:22+00:00","og_image":[{"width":900,"height":900,"url":"https:\/\/www.amstelprinting.nl\/wp-content\/uploads\/beachflag-straight-bedrukken.png","type":"image\/png"}],"twitter_card":"summary_large_image","twitter_misc":{"Tiempo de lectura":"2 minutos"},"schema":{"@context":"https:\/\/schema.org","@graph":[{"@type":"WebPage","@id":"https:\/\/www.amstelprinting.nl\/es\/tienda\/todas-las-banderas\/banderas-de-playa\/beachflag\/","url":"https:\/\/www.amstelprinting.nl\/es\/tienda\/todas-las-banderas\/banderas-de-playa\/beachflag\/","name":"Pedir Beachflag a medida - Exposici\u00f3n \u00f3ptima para su marca","isPartOf":{"@id":"https:\/\/www.amstelprinting.nl\/es\/#website"},"primaryImageOfPage":{"@id":"https:\/\/www.amstelprinting.nl\/es\/tienda\/todas-las-banderas\/banderas-de-playa\/beachflag\/#primaryimage"},"image":{"@id":"https:\/\/www.amstelprinting.nl\/es\/tienda\/todas-las-banderas\/banderas-de-playa\/beachflag\/#primaryimage"},"thumbnailUrl":"https:\/\/www.amstelprinting.nl\/wp-content\/uploads\/beachflag-straight-bedrukken.png","datePublished":"2025-01-24T10:30:55+00:00","dateModified":"2026-02-10T11:45:22+00:00","description":"\u00a1Pida su beachflag hoy para entrega ma\u00f1ana! Elija entre 4 formas, 13 tama\u00f1os y materiales duraderos. Perfecto para eventos y locales comerciales.","breadcrumb":{"@id":"https:\/\/www.amstelprinting.nl\/es\/tienda\/todas-las-banderas\/banderas-de-playa\/beachflag\/#breadcrumb"},"inLanguage":"es","potentialAction":[{"@type":"ReadAction","target":["https:\/\/www.amstelprinting.nl\/es\/tienda\/todas-las-banderas\/banderas-de-playa\/beachflag\/"]}]},{"@type":"ImageObject","inLanguage":"es","@id":"https:\/\/www.amstelprinting.nl\/es\/tienda\/todas-las-banderas\/banderas-de-playa\/beachflag\/#primaryimage","url":"https:\/\/www.amstelprinting.nl\/wp-content\/uploads\/beachflag-straight-bedrukken.png","contentUrl":"https:\/\/www.amstelprinting.nl\/wp-content\/uploads\/beachflag-straight-bedrukken.png","width":900,"height":900},{"@type":"BreadcrumbList","@id":"https:\/\/www.amstelprinting.nl\/es\/tienda\/todas-las-banderas\/banderas-de-playa\/beachflag\/#breadcrumb","itemListElement":[{"@type":"ListItem","position":1,"name":"","item":"https:\/\/www.amstelprinting.nl\/es\/"},{"@type":"ListItem","position":2,"name":"Amstel Printing","item":"https:\/\/www.amstelprinting.nl\/es\/comercio\/"},{"@type":"ListItem","position":3,"name":"Banderas","item":"https:\/\/www.amstelprinting.nl\/es\/categor\u00eda\/todas-las-banderas\/"},{"@type":"ListItem","position":4,"name":"Banderas de playa","item":"https:\/\/www.amstelprinting.nl\/es\/categor\u00eda\/todas-las-banderas\/banderas-de-playa\/"},{"@type":"ListItem","position":5,"name":"Beachflag"}]},{"@type":"WebSite","@id":"https:\/\/www.amstelprinting.nl\/es\/#website","url":"https:\/\/www.amstelprinting.nl\/es\/","name":"Amstel Printing","description":"Creating Exposure","publisher":{"@id":"https:\/\/www.amstelprinting.nl\/es\/#organization"},"potentialAction":[{"@type":"SearchAction","target":{"@type":"EntryPoint","urlTemplate":"https:\/\/www.amstelprinting.nl\/es\/?s={search_term_string}"},"query-input":{"@type":"PropertyValueSpecification","valueRequired":true,"valueName":"search_term_string"}}],"inLanguage":"es"},{"@type":"Organization","@id":"https:\/\/www.amstelprinting.nl\/es\/#organization","name":"Amstel Printing","url":"https:\/\/www.amstelprinting.nl\/es\/","logo":{"@type":"ImageObject","inLanguage":"es","@id":"https:\/\/www.amstelprinting.nl\/es\/#\/schema\/logo\/image\/","url":"https:\/\/www.amstelprinting.nl\/wp-content\/uploads\/amstel_printing_logo_clean.png","contentUrl":"https:\/\/www.amstelprinting.nl\/wp-content\/uploads\/amstel_printing_logo_clean.png","width":324,"height":73,"caption":"Amstel Printing"},"image":{"@id":"https:\/\/www.amstelprinting.nl\/es\/#\/schema\/logo\/image\/"}}]}},"_links":{"self":[{"href":"https:\/\/www.amstelprinting.nl\/es\/wp-json\/wp\/v2\/product\/14668","targetHints":{"allow":["GET"]}}],"collection":[{"href":"https:\/\/www.amstelprinting.nl\/es\/wp-json\/wp\/v2\/product"}],"about":[{"href":"https:\/\/www.amstelprinting.nl\/es\/wp-json\/wp\/v2\/types\/product"}],"wp:featuredmedia":[{"embeddable":true,"href":"https:\/\/www.amstelprinting.nl\/es\/wp-json\/wp\/v2\/media\/14669"}],"wp:attachment":[{"href":"https:\/\/www.amstelprinting.nl\/es\/wp-json\/wp\/v2\/media?parent=14668"}],"wp:term":[{"taxonomy":"product_brand","embeddable":true,"href":"https:\/\/www.amstelprinting.nl\/es\/wp-json\/wp\/v2\/product_brand?post=14668"},{"taxonomy":"product_cat","embeddable":true,"href":"https:\/\/www.amstelprinting.nl\/es\/wp-json\/wp\/v2\/product_cat?post=14668"},{"taxonomy":"product_tag","embeddable":true,"href":"https:\/\/www.amstelprinting.nl\/es\/wp-json\/wp\/v2\/product_tag?post=14668"}],"curies":[{"name":"wp","href":"https:\/\/api.w.org\/{rel}","templated":true}]}}