{"id":14713,"date":"2025-01-24T11:30:21","date_gmt":"2025-01-24T10:30:21","guid":{"rendered":"https:\/\/www.amstelprinting.nl\/winkel\/sin%20categor\u00eda\/vlaggenlijn\/"},"modified":"2026-02-18T12:48:04","modified_gmt":"2026-02-18T11:48:04","slug":"guirnalda-de-banderas","status":"publish","type":"product","link":"https:\/\/www.amstelprinting.nl\/es\/tienda\/todas-las-banderas\/banderas\/guirnalda-de-banderas\/","title":{"rendered":"Guirnalda de banderas"},"content":{"rendered":"<h3>Impresi\u00f3n de guirnaldas de banderas: Una cara y doble cara<\/h3>\n<p>La opci\u00f3n de una sola cara est\u00e1 fabricada en Flag, un tejido ligero y transparente que trasluce en un 98%. Esto permite que la luz pase bellamente a trav\u00e9s de las banderas. La guirnalda de banderas a una sola cara es perfecta para quienes buscan una decoraci\u00f3n sutil y elegante.<\/p>\n<p>Para quienes buscan una opci\u00f3n m\u00e1s robusta y visible, la guirnalda de doble cara de Banner 610, una lona de PVC duradera, es la elecci\u00f3n perfecta. Estas banderas son resistentes a la intemperie y pueden soportar el desgaste, lo que las hace ideales para uso en exteriores y decoraciones de larga duraci\u00f3n. La impresi\u00f3n a doble cara garantiza que los colores y patrones de las banderas sean siempre claramente visibles, independientemente del \u00e1ngulo de visi\u00f3n.<\/p>\n<h3>Acabado<\/h3>\n<p>Para asegurar que la guirnalda de banderas se adapte perfectamente a su estilo, puede elegir entre una cinta blanca o negra. Sea cual sea la opci\u00f3n que elija, la guirnalda de banderas impresa es una adici\u00f3n elegante y llamativa para cualquier tipo de evento.<\/p>\n<p>Convierta cada ocasi\u00f3n en una fiesta con nuestra vers\u00e1til guirnalda de banderas. A\u00f1ada un toque de color y alegr\u00eda a sus eventos y cree momentos memorables con nuestras elegantes y duraderas guirnaldas de banderas impresas.<\/p>\n<h3>\u00bfCu\u00e1l es la vida \u00fatil esperada del tejido de la guirnalda de banderas?<\/h3>\n<p>En uso exterior, el tejido Flag tiene una vida \u00fatil esperada de unos 3 a 4 meses. \u00bfDesea disfrutar de sus banderas el mayor tiempo posible? Rec\u00f3jalas a tiempo, especialmente con vientos de fuerza 6 o superior. De este modo, reducir\u00e1 el riesgo de da\u00f1os y prolongar\u00e1 considerablemente la vida \u00fatil de la bandera.<\/p>\n","protected":false},"excerpt":{"rendered":"<h3>Banderines triangulares con una impresi\u00f3n de su dise\u00f1o o logotipo<\/h3>\n<p>Haga que cada momento sea inolvidable con nuestras hermosas guirnaldas de banderas impresas. Perfectas para cualquier evento festivo. Esta guirnalda tiene 5 metros de largo y consta de nada menos que 13 banderas. Ideal tanto para uso en interiores como en exteriores.<\/p>\n","protected":false},"featured_media":14714,"template":"","meta":{"_et_pb_use_builder":"","_et_pb_old_content":"","_et_gb_content_width":""},"product_brand":[],"product_cat":[876,887,423,431],"product_tag":[],"class_list":{"0":"post-14713","1":"product","2":"type-product","3":"status-publish","4":"has-post-thumbnail","6":"product_cat-todas-las-banderas","7":"product_cat-banderas","8":"product_cat-decoracion","9":"product_cat-feria-y-evento","11":"first","12":"instock","13":"taxable","14":"shipping-taxable","15":"purchasable","16":"product-type-simple"},"yoast_head":"<!-- This site is optimized with the Yoast SEO plugin v27.3 - https:\/\/yoast.com\/product\/yoast-seo-wordpress\/ -->\n<title>Guirnalda de banderas: Hermosas l\u00edneas personalizadas para eventos<\/title>\n<meta name=\"description\" content=\"Cree al instante un ambiente festivo con su guirnalda de banderas personalizada. Materiales duraderos, colores n\u00edtidos y entrega r\u00e1pida en toda Europa. \u00a1Pida ahora!\" \/>\n<meta name=\"robots\" content=\"index, follow, max-snippet:-1, max-image-preview:large, max-video-preview:-1\" \/>\n<link rel=\"canonical\" href=\"https:\/\/www.amstelprinting.nl\/es\/tienda\/todas-las-banderas\/banderas\/guirnalda-de-banderas\/\" \/>\n<meta property=\"og:locale\" content=\"es_ES\" \/>\n<meta property=\"og:type\" content=\"article\" \/>\n<meta property=\"og:title\" content=\"Guirnalda de banderas: Hermosas l\u00edneas personalizadas para eventos\" \/>\n<meta property=\"og:description\" content=\"Cree al instante un ambiente festivo con su guirnalda de banderas personalizada. Materiales duraderos, colores n\u00edtidos y entrega r\u00e1pida en toda Europa. \u00a1Pida ahora!\" \/>\n<meta property=\"og:url\" content=\"https:\/\/www.amstelprinting.nl\/es\/tienda\/todas-las-banderas\/banderas\/guirnalda-de-banderas\/\" \/>\n<meta property=\"og:site_name\" content=\"Amstel Printing\" \/>\n<meta property=\"article:modified_time\" content=\"2026-02-18T11:48:04+00:00\" \/>\n<meta property=\"og:image\" content=\"https:\/\/www.amstelprinting.nl\/wp-content\/uploads\/vlaggenlijn-bedrukken.png\" \/>\n\t<meta property=\"og:image:width\" content=\"900\" \/>\n\t<meta property=\"og:image:height\" content=\"900\" \/>\n\t<meta property=\"og:image:type\" content=\"image\/png\" \/>\n<meta name=\"twitter:card\" content=\"summary_large_image\" \/>\n<meta name=\"twitter:label1\" content=\"Tiempo de lectura\" \/>\n\t<meta name=\"twitter:data1\" content=\"1 minuto\" \/>\n<script type=\"application\/ld+json\" class=\"yoast-schema-graph\">{\"@context\":\"https:\\\/\\\/schema.org\",\"@graph\":[{\"@type\":\"WebPage\",\"@id\":\"https:\\\/\\\/www.amstelprinting.nl\\\/es\\\/tienda\\\/todas-las-banderas\\\/banderas\\\/guirnalda-de-banderas\\\/\",\"url\":\"https:\\\/\\\/www.amstelprinting.nl\\\/es\\\/tienda\\\/todas-las-banderas\\\/banderas\\\/guirnalda-de-banderas\\\/\",\"name\":\"Guirnalda de banderas: Hermosas l\u00edneas personalizadas para eventos\",\"isPartOf\":{\"@id\":\"https:\\\/\\\/www.amstelprinting.nl\\\/es\\\/#website\"},\"primaryImageOfPage\":{\"@id\":\"https:\\\/\\\/www.amstelprinting.nl\\\/es\\\/tienda\\\/todas-las-banderas\\\/banderas\\\/guirnalda-de-banderas\\\/#primaryimage\"},\"image\":{\"@id\":\"https:\\\/\\\/www.amstelprinting.nl\\\/es\\\/tienda\\\/todas-las-banderas\\\/banderas\\\/guirnalda-de-banderas\\\/#primaryimage\"},\"thumbnailUrl\":\"https:\\\/\\\/www.amstelprinting.nl\\\/wp-content\\\/uploads\\\/vlaggenlijn-bedrukken.png\",\"datePublished\":\"2025-01-24T10:30:21+00:00\",\"dateModified\":\"2026-02-18T11:48:04+00:00\",\"description\":\"Cree al instante un ambiente festivo con su guirnalda de banderas personalizada. Materiales duraderos, colores n\u00edtidos y entrega r\u00e1pida en toda Europa. \u00a1Pida ahora!\",\"breadcrumb\":{\"@id\":\"https:\\\/\\\/www.amstelprinting.nl\\\/es\\\/tienda\\\/todas-las-banderas\\\/banderas\\\/guirnalda-de-banderas\\\/#breadcrumb\"},\"inLanguage\":\"es\",\"potentialAction\":[{\"@type\":\"ReadAction\",\"target\":[\"https:\\\/\\\/www.amstelprinting.nl\\\/es\\\/tienda\\\/todas-las-banderas\\\/banderas\\\/guirnalda-de-banderas\\\/\"]}]},{\"@type\":\"ImageObject\",\"inLanguage\":\"es\",\"@id\":\"https:\\\/\\\/www.amstelprinting.nl\\\/es\\\/tienda\\\/todas-las-banderas\\\/banderas\\\/guirnalda-de-banderas\\\/#primaryimage\",\"url\":\"https:\\\/\\\/www.amstelprinting.nl\\\/wp-content\\\/uploads\\\/vlaggenlijn-bedrukken.png\",\"contentUrl\":\"https:\\\/\\\/www.amstelprinting.nl\\\/wp-content\\\/uploads\\\/vlaggenlijn-bedrukken.png\",\"width\":900,\"height\":900},{\"@type\":\"BreadcrumbList\",\"@id\":\"https:\\\/\\\/www.amstelprinting.nl\\\/es\\\/tienda\\\/todas-las-banderas\\\/banderas\\\/guirnalda-de-banderas\\\/#breadcrumb\",\"itemListElement\":[{\"@type\":\"ListItem\",\"position\":1,\"name\":\"\",\"item\":\"https:\\\/\\\/www.amstelprinting.nl\\\/es\\\/\"},{\"@type\":\"ListItem\",\"position\":2,\"name\":\"Amstel Printing\",\"item\":\"https:\\\/\\\/www.amstelprinting.nl\\\/es\\\/comercio\\\/\"},{\"@type\":\"ListItem\",\"position\":3,\"name\":\"Feria y evento\",\"item\":\"https:\\\/\\\/www.amstelprinting.nl\\\/es\\\/categor\u00eda\\\/feria-y-evento\\\/\"},{\"@type\":\"ListItem\",\"position\":4,\"name\":\"Decoraci\u00f3n\",\"item\":\"https:\\\/\\\/www.amstelprinting.nl\\\/es\\\/categor\u00eda\\\/feria-y-evento\\\/decoracion\\\/\"},{\"@type\":\"ListItem\",\"position\":5,\"name\":\"Guirnalda de banderas\"}]},{\"@type\":\"WebSite\",\"@id\":\"https:\\\/\\\/www.amstelprinting.nl\\\/es\\\/#website\",\"url\":\"https:\\\/\\\/www.amstelprinting.nl\\\/es\\\/\",\"name\":\"Amstel Printing\",\"description\":\"Creating Exposure\",\"publisher\":{\"@id\":\"https:\\\/\\\/www.amstelprinting.nl\\\/es\\\/#organization\"},\"potentialAction\":[{\"@type\":\"SearchAction\",\"target\":{\"@type\":\"EntryPoint\",\"urlTemplate\":\"https:\\\/\\\/www.amstelprinting.nl\\\/es\\\/?s={search_term_string}\"},\"query-input\":{\"@type\":\"PropertyValueSpecification\",\"valueRequired\":true,\"valueName\":\"search_term_string\"}}],\"inLanguage\":\"es\"},{\"@type\":\"Organization\",\"@id\":\"https:\\\/\\\/www.amstelprinting.nl\\\/es\\\/#organization\",\"name\":\"Amstel Printing\",\"url\":\"https:\\\/\\\/www.amstelprinting.nl\\\/es\\\/\",\"logo\":{\"@type\":\"ImageObject\",\"inLanguage\":\"es\",\"@id\":\"https:\\\/\\\/www.amstelprinting.nl\\\/es\\\/#\\\/schema\\\/logo\\\/image\\\/\",\"url\":\"https:\\\/\\\/www.amstelprinting.nl\\\/wp-content\\\/uploads\\\/amstel_printing_logo_clean.png\",\"contentUrl\":\"https:\\\/\\\/www.amstelprinting.nl\\\/wp-content\\\/uploads\\\/amstel_printing_logo_clean.png\",\"width\":324,\"height\":73,\"caption\":\"Amstel Printing\"},\"image\":{\"@id\":\"https:\\\/\\\/www.amstelprinting.nl\\\/es\\\/#\\\/schema\\\/logo\\\/image\\\/\"}}]}<\/script>\n<!-- \/ Yoast SEO plugin. -->","yoast_head_json":{"title":"Guirnalda de banderas: Hermosas l\u00edneas personalizadas para eventos","description":"Cree al instante un ambiente festivo con su guirnalda de banderas personalizada. Materiales duraderos, colores n\u00edtidos y entrega r\u00e1pida en toda Europa. \u00a1Pida ahora!","robots":{"index":"index","follow":"follow","max-snippet":"max-snippet:-1","max-image-preview":"max-image-preview:large","max-video-preview":"max-video-preview:-1"},"canonical":"https:\/\/www.amstelprinting.nl\/es\/tienda\/todas-las-banderas\/banderas\/guirnalda-de-banderas\/","og_locale":"es_ES","og_type":"article","og_title":"Guirnalda de banderas: Hermosas l\u00edneas personalizadas para eventos","og_description":"Cree al instante un ambiente festivo con su guirnalda de banderas personalizada. Materiales duraderos, colores n\u00edtidos y entrega r\u00e1pida en toda Europa. \u00a1Pida ahora!","og_url":"https:\/\/www.amstelprinting.nl\/es\/tienda\/todas-las-banderas\/banderas\/guirnalda-de-banderas\/","og_site_name":"Amstel Printing","article_modified_time":"2026-02-18T11:48:04+00:00","og_image":[{"width":900,"height":900,"url":"https:\/\/www.amstelprinting.nl\/wp-content\/uploads\/vlaggenlijn-bedrukken.png","type":"image\/png"}],"twitter_card":"summary_large_image","twitter_misc":{"Tiempo de lectura":"1 minuto"},"schema":{"@context":"https:\/\/schema.org","@graph":[{"@type":"WebPage","@id":"https:\/\/www.amstelprinting.nl\/es\/tienda\/todas-las-banderas\/banderas\/guirnalda-de-banderas\/","url":"https:\/\/www.amstelprinting.nl\/es\/tienda\/todas-las-banderas\/banderas\/guirnalda-de-banderas\/","name":"Guirnalda de banderas: Hermosas l\u00edneas personalizadas para eventos","isPartOf":{"@id":"https:\/\/www.amstelprinting.nl\/es\/#website"},"primaryImageOfPage":{"@id":"https:\/\/www.amstelprinting.nl\/es\/tienda\/todas-las-banderas\/banderas\/guirnalda-de-banderas\/#primaryimage"},"image":{"@id":"https:\/\/www.amstelprinting.nl\/es\/tienda\/todas-las-banderas\/banderas\/guirnalda-de-banderas\/#primaryimage"},"thumbnailUrl":"https:\/\/www.amstelprinting.nl\/wp-content\/uploads\/vlaggenlijn-bedrukken.png","datePublished":"2025-01-24T10:30:21+00:00","dateModified":"2026-02-18T11:48:04+00:00","description":"Cree al instante un ambiente festivo con su guirnalda de banderas personalizada. Materiales duraderos, colores n\u00edtidos y entrega r\u00e1pida en toda Europa. \u00a1Pida ahora!","breadcrumb":{"@id":"https:\/\/www.amstelprinting.nl\/es\/tienda\/todas-las-banderas\/banderas\/guirnalda-de-banderas\/#breadcrumb"},"inLanguage":"es","potentialAction":[{"@type":"ReadAction","target":["https:\/\/www.amstelprinting.nl\/es\/tienda\/todas-las-banderas\/banderas\/guirnalda-de-banderas\/"]}]},{"@type":"ImageObject","inLanguage":"es","@id":"https:\/\/www.amstelprinting.nl\/es\/tienda\/todas-las-banderas\/banderas\/guirnalda-de-banderas\/#primaryimage","url":"https:\/\/www.amstelprinting.nl\/wp-content\/uploads\/vlaggenlijn-bedrukken.png","contentUrl":"https:\/\/www.amstelprinting.nl\/wp-content\/uploads\/vlaggenlijn-bedrukken.png","width":900,"height":900},{"@type":"BreadcrumbList","@id":"https:\/\/www.amstelprinting.nl\/es\/tienda\/todas-las-banderas\/banderas\/guirnalda-de-banderas\/#breadcrumb","itemListElement":[{"@type":"ListItem","position":1,"name":"","item":"https:\/\/www.amstelprinting.nl\/es\/"},{"@type":"ListItem","position":2,"name":"Amstel Printing","item":"https:\/\/www.amstelprinting.nl\/es\/comercio\/"},{"@type":"ListItem","position":3,"name":"Feria y evento","item":"https:\/\/www.amstelprinting.nl\/es\/categor\u00eda\/feria-y-evento\/"},{"@type":"ListItem","position":4,"name":"Decoraci\u00f3n","item":"https:\/\/www.amstelprinting.nl\/es\/categor\u00eda\/feria-y-evento\/decoracion\/"},{"@type":"ListItem","position":5,"name":"Guirnalda de banderas"}]},{"@type":"WebSite","@id":"https:\/\/www.amstelprinting.nl\/es\/#website","url":"https:\/\/www.amstelprinting.nl\/es\/","name":"Amstel Printing","description":"Creating Exposure","publisher":{"@id":"https:\/\/www.amstelprinting.nl\/es\/#organization"},"potentialAction":[{"@type":"SearchAction","target":{"@type":"EntryPoint","urlTemplate":"https:\/\/www.amstelprinting.nl\/es\/?s={search_term_string}"},"query-input":{"@type":"PropertyValueSpecification","valueRequired":true,"valueName":"search_term_string"}}],"inLanguage":"es"},{"@type":"Organization","@id":"https:\/\/www.amstelprinting.nl\/es\/#organization","name":"Amstel Printing","url":"https:\/\/www.amstelprinting.nl\/es\/","logo":{"@type":"ImageObject","inLanguage":"es","@id":"https:\/\/www.amstelprinting.nl\/es\/#\/schema\/logo\/image\/","url":"https:\/\/www.amstelprinting.nl\/wp-content\/uploads\/amstel_printing_logo_clean.png","contentUrl":"https:\/\/www.amstelprinting.nl\/wp-content\/uploads\/amstel_printing_logo_clean.png","width":324,"height":73,"caption":"Amstel Printing"},"image":{"@id":"https:\/\/www.amstelprinting.nl\/es\/#\/schema\/logo\/image\/"}}]}},"_links":{"self":[{"href":"https:\/\/www.amstelprinting.nl\/es\/wp-json\/wp\/v2\/product\/14713","targetHints":{"allow":["GET"]}}],"collection":[{"href":"https:\/\/www.amstelprinting.nl\/es\/wp-json\/wp\/v2\/product"}],"about":[{"href":"https:\/\/www.amstelprinting.nl\/es\/wp-json\/wp\/v2\/types\/product"}],"wp:featuredmedia":[{"embeddable":true,"href":"https:\/\/www.amstelprinting.nl\/es\/wp-json\/wp\/v2\/media\/14714"}],"wp:attachment":[{"href":"https:\/\/www.amstelprinting.nl\/es\/wp-json\/wp\/v2\/media?parent=14713"}],"wp:term":[{"taxonomy":"product_brand","embeddable":true,"href":"https:\/\/www.amstelprinting.nl\/es\/wp-json\/wp\/v2\/product_brand?post=14713"},{"taxonomy":"product_cat","embeddable":true,"href":"https:\/\/www.amstelprinting.nl\/es\/wp-json\/wp\/v2\/product_cat?post=14713"},{"taxonomy":"product_tag","embeddable":true,"href":"https:\/\/www.amstelprinting.nl\/es\/wp-json\/wp\/v2\/product_tag?post=14713"}],"curies":[{"name":"wp","href":"https:\/\/api.w.org\/{rel}","templated":true}]}}