{"id":14733,"date":"2025-01-24T11:30:02","date_gmt":"2025-01-24T10:30:02","guid":{"rendered":"https:\/\/www.amstelprinting.nl\/winkel\/sin%20categor\u00eda\/dibond-butler-finish\/"},"modified":"2026-02-10T12:45:27","modified_gmt":"2026-02-10T11:45:27","slug":"dibond-butler-finish","status":"publish","type":"product","link":"https:\/\/www.amstelprinting.nl\/es\/tienda\/publicidad-interior\/publicidad-en-la-pared\/dibond-butler-finish\/","title":{"rendered":"Dibond\u00ae Butler Finish"},"content":{"rendered":"<h3>\u00bfQu\u00e9 es Dibond Butler Finish?<\/h3>\n<p>Dibond Butler Finish es un panel s\u00e1ndwich de alta calidad con una capa superior de aluminio cepillado y un n\u00facleo r\u00edgido de pl\u00e1stico negro. El panel tiene un grosor de 3 mm y ofrece una anchura m\u00e1xima de impresi\u00f3n de 146 cm y una altura de 301 cm en una sola pieza. Puede elegir entre una direcci\u00f3n de cepillado horizontal o vertical, lo que confiere un aspecto \u00fanico a su impresi\u00f3n.<\/p>\n<h3>Acabado Dibond\u00ae Butler Finish<\/h3>\n<p>Con Dibond Butler Finish, el material sigue siendo visible a trav\u00e9s de la impresi\u00f3n, lo que ofrece un aspecto extra dimensional y de lujo. El panel puede fresarse al tama\u00f1o deseado o a los contornos de su dise\u00f1o y, si se desea, pueden a\u00f1adirse orificios de perforaci\u00f3n para facilitar la fijaci\u00f3n.<\/p>\n<h3>Para Interior y Exterior<\/h3>\n<p>Este material es apto tanto para aplicaciones de interior como de exterior, lo que aumenta su versatilidad. Cuenta con el certificado B1, lo que significa que cumple con las estrictas normas de seguridad contra incendios. Adem\u00e1s, puede optar por la impresi\u00f3n por una sola cara o utilizar el panel sin impresi\u00f3n.<\/p>\n<h3>Fijaci\u00f3n del panel Dibond\u00ae Butler Finish<\/h3>\n<p>Para la fijaci\u00f3n e instalaci\u00f3n de Dibond Butler Finish, ofrecemos varios accesorios, como abrazaderas de escritorio y cinta de doble cara, que ayudan a un montaje sencillo y seguro. Gracias a sus propiedades robustas y su acabado elegante, Dibond Butler Finish es una excelente elecci\u00f3n para una amplia gama de aplicaciones, desde vallas publicitarias y decoraci\u00f3n de interiores hasta expositores profesionales y se\u00f1alizaci\u00f3n.<\/p>\n<h3>Preguntas frecuentes sobre Dibond\u00ae Butler Finish<\/h3>\n<p><strong>\u00bfQu\u00e9 grosores hay disponibles para Dibond\u00ae Butler Finish?<\/strong><br \/>\nEste material est\u00e1 disponible en un grosor de 3 mm.<\/p>\n<p><strong>\u00bfCu\u00e1l es la mejor manera de limpiar Dibond\u00ae Butler Finish?<\/strong><br \/>\nLimpie Dibond\u00ae Butler Finish con un pa\u00f1o h\u00famedo y, si es necesario, un limpiador multiusos. No aplique demasiada presi\u00f3n para evitar da\u00f1ar el material. Seque la placa con un pa\u00f1o limpio despu\u00e9s de la limpieza.<\/p>\n<p><strong>\u00bfQu\u00e9 t\u00e9cnica de producci\u00f3n utilizan para este material?<\/strong><br \/>\nUtilizamos la t\u00e9cnica de impresi\u00f3n UV para Dibond\u00ae Butler Finish. En este proceso, la tinta se cura mediante una l\u00e1mpara UV, lo que garantiza una impresi\u00f3n resistente a los ara\u00f1azos y de alta calidad. Tenga en cuenta que la impresi\u00f3n no es totalmente inodora, pero este olor desaparece con el tiempo.<\/p>\n","protected":false},"excerpt":{"rendered":"<p>Precioso y resistente panel con capa superior de aluminio cepillado. Apto para uso en interiores y exteriores. Incorpora una impresi\u00f3n n\u00edtida de su dise\u00f1o. Configure su panel Dibond\u00ae Butler Finish en pocos pasos a continuaci\u00f3n.<\/p>\n","protected":false},"featured_media":14734,"template":"","meta":{"_et_pb_use_builder":"","_et_pb_old_content":"","_et_gb_content_width":""},"product_brand":[],"product_cat":[442,379],"product_tag":[],"class_list":{"0":"post-14733","1":"product","2":"type-product","3":"status-publish","4":"has-post-thumbnail","6":"product_cat-publicidad-en-la-pared","7":"product_cat-publicidad-interior","9":"first","10":"instock","11":"taxable","12":"shipping-taxable","13":"purchasable","14":"product-type-simple"},"yoast_head":"<!-- This site is optimized with the Yoast SEO plugin v27.3 - https:\/\/yoast.com\/product\/yoast-seo-wordpress\/ -->\n<title>Dibond\u00ae Butler Finish: Panel de aluminio duradero para interior y exterior<\/title>\n<meta name=\"description\" content=\"Pida el panel Dibond\u00ae Butler Finish con una exclusiva capa superior de aluminio cepillado y un n\u00facleo de pl\u00e1stico robusto. Ideal para impresiones duraderas y de lujo.\" \/>\n<meta name=\"robots\" content=\"index, follow, max-snippet:-1, max-image-preview:large, max-video-preview:-1\" \/>\n<link rel=\"canonical\" href=\"https:\/\/www.amstelprinting.nl\/es\/tienda\/publicidad-interior\/publicidad-en-la-pared\/dibond-butler-finish\/\" \/>\n<meta property=\"og:locale\" content=\"es_ES\" \/>\n<meta property=\"og:type\" content=\"article\" \/>\n<meta property=\"og:title\" content=\"Dibond\u00ae Butler Finish: Panel de aluminio duradero para interior y exterior\" \/>\n<meta property=\"og:description\" content=\"Pida el panel Dibond\u00ae Butler Finish con una exclusiva capa superior de aluminio cepillado y un n\u00facleo de pl\u00e1stico robusto. Ideal para impresiones duraderas y de lujo.\" \/>\n<meta property=\"og:url\" content=\"https:\/\/www.amstelprinting.nl\/es\/tienda\/publicidad-interior\/publicidad-en-la-pared\/dibond-butler-finish\/\" \/>\n<meta property=\"og:site_name\" content=\"Amstel Printing\" \/>\n<meta property=\"article:modified_time\" content=\"2026-02-10T11:45:27+00:00\" \/>\n<meta property=\"og:image\" content=\"https:\/\/www.amstelprinting.nl\/wp-content\/uploads\/Dibond-Butler-Finish-3-mm.jpg\" \/>\n\t<meta property=\"og:image:width\" content=\"700\" \/>\n\t<meta property=\"og:image:height\" content=\"700\" \/>\n\t<meta property=\"og:image:type\" content=\"image\/jpeg\" \/>\n<meta name=\"twitter:card\" content=\"summary_large_image\" \/>\n<meta name=\"twitter:label1\" content=\"Tiempo de lectura\" \/>\n\t<meta name=\"twitter:data1\" content=\"2 minutos\" \/>\n<script type=\"application\/ld+json\" class=\"yoast-schema-graph\">{\"@context\":\"https:\\\/\\\/schema.org\",\"@graph\":[{\"@type\":\"WebPage\",\"@id\":\"https:\\\/\\\/www.amstelprinting.nl\\\/es\\\/tienda\\\/publicidad-interior\\\/publicidad-en-la-pared\\\/dibond-butler-finish\\\/\",\"url\":\"https:\\\/\\\/www.amstelprinting.nl\\\/es\\\/tienda\\\/publicidad-interior\\\/publicidad-en-la-pared\\\/dibond-butler-finish\\\/\",\"name\":\"Dibond\u00ae Butler Finish: Panel de aluminio duradero para interior y exterior\",\"isPartOf\":{\"@id\":\"https:\\\/\\\/www.amstelprinting.nl\\\/es\\\/#website\"},\"primaryImageOfPage\":{\"@id\":\"https:\\\/\\\/www.amstelprinting.nl\\\/es\\\/tienda\\\/publicidad-interior\\\/publicidad-en-la-pared\\\/dibond-butler-finish\\\/#primaryimage\"},\"image\":{\"@id\":\"https:\\\/\\\/www.amstelprinting.nl\\\/es\\\/tienda\\\/publicidad-interior\\\/publicidad-en-la-pared\\\/dibond-butler-finish\\\/#primaryimage\"},\"thumbnailUrl\":\"https:\\\/\\\/www.amstelprinting.nl\\\/wp-content\\\/uploads\\\/Dibond-Butler-Finish-3-mm.jpg\",\"datePublished\":\"2025-01-24T10:30:02+00:00\",\"dateModified\":\"2026-02-10T11:45:27+00:00\",\"description\":\"Pida el panel Dibond\u00ae Butler Finish con una exclusiva capa superior de aluminio cepillado y un n\u00facleo de pl\u00e1stico robusto. Ideal para impresiones duraderas y de lujo.\",\"breadcrumb\":{\"@id\":\"https:\\\/\\\/www.amstelprinting.nl\\\/es\\\/tienda\\\/publicidad-interior\\\/publicidad-en-la-pared\\\/dibond-butler-finish\\\/#breadcrumb\"},\"inLanguage\":\"es\",\"potentialAction\":[{\"@type\":\"ReadAction\",\"target\":[\"https:\\\/\\\/www.amstelprinting.nl\\\/es\\\/tienda\\\/publicidad-interior\\\/publicidad-en-la-pared\\\/dibond-butler-finish\\\/\"]}]},{\"@type\":\"ImageObject\",\"inLanguage\":\"es\",\"@id\":\"https:\\\/\\\/www.amstelprinting.nl\\\/es\\\/tienda\\\/publicidad-interior\\\/publicidad-en-la-pared\\\/dibond-butler-finish\\\/#primaryimage\",\"url\":\"https:\\\/\\\/www.amstelprinting.nl\\\/wp-content\\\/uploads\\\/Dibond-Butler-Finish-3-mm.jpg\",\"contentUrl\":\"https:\\\/\\\/www.amstelprinting.nl\\\/wp-content\\\/uploads\\\/Dibond-Butler-Finish-3-mm.jpg\",\"width\":700,\"height\":700},{\"@type\":\"BreadcrumbList\",\"@id\":\"https:\\\/\\\/www.amstelprinting.nl\\\/es\\\/tienda\\\/publicidad-interior\\\/publicidad-en-la-pared\\\/dibond-butler-finish\\\/#breadcrumb\",\"itemListElement\":[{\"@type\":\"ListItem\",\"position\":1,\"name\":\"\",\"item\":\"https:\\\/\\\/www.amstelprinting.nl\\\/es\\\/\"},{\"@type\":\"ListItem\",\"position\":2,\"name\":\"Amstel Printing\",\"item\":\"https:\\\/\\\/www.amstelprinting.nl\\\/es\\\/comercio\\\/\"},{\"@type\":\"ListItem\",\"position\":3,\"name\":\"Publicidad interior\",\"item\":\"https:\\\/\\\/www.amstelprinting.nl\\\/es\\\/categor\u00eda\\\/publicidad-interior\\\/\"},{\"@type\":\"ListItem\",\"position\":4,\"name\":\"Publicidad en la pared\",\"item\":\"https:\\\/\\\/www.amstelprinting.nl\\\/es\\\/categor\u00eda\\\/publicidad-interior\\\/publicidad-en-la-pared\\\/\"},{\"@type\":\"ListItem\",\"position\":5,\"name\":\"Dibond\u00ae Butler Finish\"}]},{\"@type\":\"WebSite\",\"@id\":\"https:\\\/\\\/www.amstelprinting.nl\\\/es\\\/#website\",\"url\":\"https:\\\/\\\/www.amstelprinting.nl\\\/es\\\/\",\"name\":\"Amstel Printing\",\"description\":\"Creating Exposure\",\"publisher\":{\"@id\":\"https:\\\/\\\/www.amstelprinting.nl\\\/es\\\/#organization\"},\"potentialAction\":[{\"@type\":\"SearchAction\",\"target\":{\"@type\":\"EntryPoint\",\"urlTemplate\":\"https:\\\/\\\/www.amstelprinting.nl\\\/es\\\/?s={search_term_string}\"},\"query-input\":{\"@type\":\"PropertyValueSpecification\",\"valueRequired\":true,\"valueName\":\"search_term_string\"}}],\"inLanguage\":\"es\"},{\"@type\":\"Organization\",\"@id\":\"https:\\\/\\\/www.amstelprinting.nl\\\/es\\\/#organization\",\"name\":\"Amstel Printing\",\"url\":\"https:\\\/\\\/www.amstelprinting.nl\\\/es\\\/\",\"logo\":{\"@type\":\"ImageObject\",\"inLanguage\":\"es\",\"@id\":\"https:\\\/\\\/www.amstelprinting.nl\\\/es\\\/#\\\/schema\\\/logo\\\/image\\\/\",\"url\":\"https:\\\/\\\/www.amstelprinting.nl\\\/wp-content\\\/uploads\\\/amstel_printing_logo_clean.png\",\"contentUrl\":\"https:\\\/\\\/www.amstelprinting.nl\\\/wp-content\\\/uploads\\\/amstel_printing_logo_clean.png\",\"width\":324,\"height\":73,\"caption\":\"Amstel Printing\"},\"image\":{\"@id\":\"https:\\\/\\\/www.amstelprinting.nl\\\/es\\\/#\\\/schema\\\/logo\\\/image\\\/\"}}]}<\/script>\n<!-- \/ Yoast SEO plugin. -->","yoast_head_json":{"title":"Dibond\u00ae Butler Finish: Panel de aluminio duradero para interior y exterior","description":"Pida el panel Dibond\u00ae Butler Finish con una exclusiva capa superior de aluminio cepillado y un n\u00facleo de pl\u00e1stico robusto. Ideal para impresiones duraderas y de lujo.","robots":{"index":"index","follow":"follow","max-snippet":"max-snippet:-1","max-image-preview":"max-image-preview:large","max-video-preview":"max-video-preview:-1"},"canonical":"https:\/\/www.amstelprinting.nl\/es\/tienda\/publicidad-interior\/publicidad-en-la-pared\/dibond-butler-finish\/","og_locale":"es_ES","og_type":"article","og_title":"Dibond\u00ae Butler Finish: Panel de aluminio duradero para interior y exterior","og_description":"Pida el panel Dibond\u00ae Butler Finish con una exclusiva capa superior de aluminio cepillado y un n\u00facleo de pl\u00e1stico robusto. Ideal para impresiones duraderas y de lujo.","og_url":"https:\/\/www.amstelprinting.nl\/es\/tienda\/publicidad-interior\/publicidad-en-la-pared\/dibond-butler-finish\/","og_site_name":"Amstel Printing","article_modified_time":"2026-02-10T11:45:27+00:00","og_image":[{"width":700,"height":700,"url":"https:\/\/www.amstelprinting.nl\/wp-content\/uploads\/Dibond-Butler-Finish-3-mm.jpg","type":"image\/jpeg"}],"twitter_card":"summary_large_image","twitter_misc":{"Tiempo de lectura":"2 minutos"},"schema":{"@context":"https:\/\/schema.org","@graph":[{"@type":"WebPage","@id":"https:\/\/www.amstelprinting.nl\/es\/tienda\/publicidad-interior\/publicidad-en-la-pared\/dibond-butler-finish\/","url":"https:\/\/www.amstelprinting.nl\/es\/tienda\/publicidad-interior\/publicidad-en-la-pared\/dibond-butler-finish\/","name":"Dibond\u00ae Butler Finish: Panel de aluminio duradero para interior y exterior","isPartOf":{"@id":"https:\/\/www.amstelprinting.nl\/es\/#website"},"primaryImageOfPage":{"@id":"https:\/\/www.amstelprinting.nl\/es\/tienda\/publicidad-interior\/publicidad-en-la-pared\/dibond-butler-finish\/#primaryimage"},"image":{"@id":"https:\/\/www.amstelprinting.nl\/es\/tienda\/publicidad-interior\/publicidad-en-la-pared\/dibond-butler-finish\/#primaryimage"},"thumbnailUrl":"https:\/\/www.amstelprinting.nl\/wp-content\/uploads\/Dibond-Butler-Finish-3-mm.jpg","datePublished":"2025-01-24T10:30:02+00:00","dateModified":"2026-02-10T11:45:27+00:00","description":"Pida el panel Dibond\u00ae Butler Finish con una exclusiva capa superior de aluminio cepillado y un n\u00facleo de pl\u00e1stico robusto. Ideal para impresiones duraderas y de lujo.","breadcrumb":{"@id":"https:\/\/www.amstelprinting.nl\/es\/tienda\/publicidad-interior\/publicidad-en-la-pared\/dibond-butler-finish\/#breadcrumb"},"inLanguage":"es","potentialAction":[{"@type":"ReadAction","target":["https:\/\/www.amstelprinting.nl\/es\/tienda\/publicidad-interior\/publicidad-en-la-pared\/dibond-butler-finish\/"]}]},{"@type":"ImageObject","inLanguage":"es","@id":"https:\/\/www.amstelprinting.nl\/es\/tienda\/publicidad-interior\/publicidad-en-la-pared\/dibond-butler-finish\/#primaryimage","url":"https:\/\/www.amstelprinting.nl\/wp-content\/uploads\/Dibond-Butler-Finish-3-mm.jpg","contentUrl":"https:\/\/www.amstelprinting.nl\/wp-content\/uploads\/Dibond-Butler-Finish-3-mm.jpg","width":700,"height":700},{"@type":"BreadcrumbList","@id":"https:\/\/www.amstelprinting.nl\/es\/tienda\/publicidad-interior\/publicidad-en-la-pared\/dibond-butler-finish\/#breadcrumb","itemListElement":[{"@type":"ListItem","position":1,"name":"","item":"https:\/\/www.amstelprinting.nl\/es\/"},{"@type":"ListItem","position":2,"name":"Amstel Printing","item":"https:\/\/www.amstelprinting.nl\/es\/comercio\/"},{"@type":"ListItem","position":3,"name":"Publicidad interior","item":"https:\/\/www.amstelprinting.nl\/es\/categor\u00eda\/publicidad-interior\/"},{"@type":"ListItem","position":4,"name":"Publicidad en la pared","item":"https:\/\/www.amstelprinting.nl\/es\/categor\u00eda\/publicidad-interior\/publicidad-en-la-pared\/"},{"@type":"ListItem","position":5,"name":"Dibond\u00ae Butler Finish"}]},{"@type":"WebSite","@id":"https:\/\/www.amstelprinting.nl\/es\/#website","url":"https:\/\/www.amstelprinting.nl\/es\/","name":"Amstel Printing","description":"Creating Exposure","publisher":{"@id":"https:\/\/www.amstelprinting.nl\/es\/#organization"},"potentialAction":[{"@type":"SearchAction","target":{"@type":"EntryPoint","urlTemplate":"https:\/\/www.amstelprinting.nl\/es\/?s={search_term_string}"},"query-input":{"@type":"PropertyValueSpecification","valueRequired":true,"valueName":"search_term_string"}}],"inLanguage":"es"},{"@type":"Organization","@id":"https:\/\/www.amstelprinting.nl\/es\/#organization","name":"Amstel Printing","url":"https:\/\/www.amstelprinting.nl\/es\/","logo":{"@type":"ImageObject","inLanguage":"es","@id":"https:\/\/www.amstelprinting.nl\/es\/#\/schema\/logo\/image\/","url":"https:\/\/www.amstelprinting.nl\/wp-content\/uploads\/amstel_printing_logo_clean.png","contentUrl":"https:\/\/www.amstelprinting.nl\/wp-content\/uploads\/amstel_printing_logo_clean.png","width":324,"height":73,"caption":"Amstel Printing"},"image":{"@id":"https:\/\/www.amstelprinting.nl\/es\/#\/schema\/logo\/image\/"}}]}},"_links":{"self":[{"href":"https:\/\/www.amstelprinting.nl\/es\/wp-json\/wp\/v2\/product\/14733","targetHints":{"allow":["GET"]}}],"collection":[{"href":"https:\/\/www.amstelprinting.nl\/es\/wp-json\/wp\/v2\/product"}],"about":[{"href":"https:\/\/www.amstelprinting.nl\/es\/wp-json\/wp\/v2\/types\/product"}],"wp:featuredmedia":[{"embeddable":true,"href":"https:\/\/www.amstelprinting.nl\/es\/wp-json\/wp\/v2\/media\/14734"}],"wp:attachment":[{"href":"https:\/\/www.amstelprinting.nl\/es\/wp-json\/wp\/v2\/media?parent=14733"}],"wp:term":[{"taxonomy":"product_brand","embeddable":true,"href":"https:\/\/www.amstelprinting.nl\/es\/wp-json\/wp\/v2\/product_brand?post=14733"},{"taxonomy":"product_cat","embeddable":true,"href":"https:\/\/www.amstelprinting.nl\/es\/wp-json\/wp\/v2\/product_cat?post=14733"},{"taxonomy":"product_tag","embeddable":true,"href":"https:\/\/www.amstelprinting.nl\/es\/wp-json\/wp\/v2\/product_tag?post=14733"}],"curies":[{"name":"wp","href":"https:\/\/api.w.org\/{rel}","templated":true}]}}