{"id":14743,"date":"2025-01-24T11:29:46","date_gmt":"2025-01-24T10:29:46","guid":{"rendered":"https:\/\/www.amstelprinting.nl\/winkel\/sin%20categor\u00eda\/akoestisch-textielframe\/"},"modified":"2026-02-18T12:48:05","modified_gmt":"2026-02-18T11:48:05","slug":"marco-textil-acustico","status":"publish","type":"product","link":"https:\/\/www.amstelprinting.nl\/es\/tienda\/interior\/decoracion-de-pared\/marco-textil-acustico\/","title":{"rendered":"Marco textil ac\u00fastico"},"content":{"rendered":"<h3>Pedir marco textil ac\u00fastico<\/h3>\n<p>Cree el entorno sonoro perfecto con nuestro marco textil ac\u00fastico. Mejore la ac\u00fastica y la apariencia de cualquier espacio con nuestro vers\u00e1til marco textil ac\u00fastico. Ya sea que desee optimizar la ac\u00fastica y el aspecto de una oficina, un espacio p\u00fablico o una sala de estar; el marco textil ac\u00fastico es la soluci\u00f3n perfecta. Usted determina el formato deseado. \u00bfUn dise\u00f1o nuevo? \u00a1No hay problema! Puede volver a pedir la tela con vira f\u00e1cilmente.<\/p>\n<h3>Ventajas<\/h3>\n<ul>\n<li>Incluye impresi\u00f3n n\u00edtida de su dise\u00f1o o imagen<\/li>\n<li>La tela con vira es f\u00e1cil de cambiar<\/li>\n<li>Elecci\u00f3n de tres colores de marco (aluminio, negro o blanco)<\/li>\n<li>Disponible en siete materiales diferentes<\/li>\n<li>\u00a1Entrega posible en 1 d\u00eda h\u00e1bil!<\/li>\n<\/ul>\n<p>&nbsp;<\/p>\n<h3>Materiales<\/h3>\n<p>Nuestros marcos est\u00e1n disponibles en plata (aluminio), negro o blanco, por lo que se adaptan perfectamente a cualquier interior. Ofrecemos una amplia gama de materiales de alta calidad (telas con vira). A continuaci\u00f3n, explicamos brevemente las diferentes propiedades.<\/p>\n<ul>\n<li><strong>Dekostof<\/strong>: El tipo de tela m\u00e1s solicitado. Tejido de poli\u00e9ster flexible con una estructura fina y una apariencia potente.<\/li>\n<li><strong>Dekostof Blockout<\/strong>: Tejido de poli\u00e9ster que bloquea la luz con una parte trasera negra y certificado B1.<\/li>\n<li><strong>Structex<\/strong>: Tejido estructurado de poli\u00e9ster de alta calidad con un aspecto de algod\u00f3n.<\/li>\n<li><strong>Velours<\/strong>: Poli\u00e9ster de alta calidad con pelo bajo, para una apariencia suave como el terciopelo.<\/li>\n<li><strong>Blackback Soft<\/strong>: Tela block-out de poli\u00e9ster con parte trasera negra y certificado B1.<\/li>\n<li><strong>Blackback XL<\/strong>: Tela block-out de poli\u00e9ster con parte trasera negra y certificado B1, ideal para grandes formatos.<\/li>\n<li><strong>Decotex UV<\/strong>: Tejido de poli\u00e9ster flexible con una estructura fina y una apariencia potente, perfecto para grandes formatos.<\/li>\n<\/ul>\n<p>&nbsp;<\/p>\n<h3>Caracter\u00edsticas<\/h3>\n<p>El material ac\u00fastico de 25 mm de espesor (panel) es invisible y se encuentra en el interior del marco textil. La tela con vira (con su impresi\u00f3n) se coloca sobre este.<br \/>\nEl panel ac\u00fastico est\u00e1 fabricado en un 60% con fibras de poli\u00e9ster recicladas y es 100% reciclable. Con un coeficiente de reducci\u00f3n de ruido de 0,45 (clase de absorci\u00f3n D), contribuye eficazmente a mejorar el entorno sonoro. Adem\u00e1s, todo el producto es dif\u00edcilmente inflamable e ign\u00edfugo, lo que lo hace seguro para su uso en espacios p\u00fablicos. Cumple con la norma DIN 4102 B1, y puede encontrar el certificado en la secci\u00f3n de Descargas.<\/p>\n<h3>Accesorios<\/h3>\n<p>Puede optar por colgar o atornillar el marco textil ac\u00fastico, seg\u00fan su preferencia. Adem\u00e1s, ofrecemos accesorios pr\u00e1cticos, como la herramienta E-lock, para que la instalaci\u00f3n sea lo m\u00e1s sencilla posible. Elija nuestro Marco Textil Ac\u00fastico y combine la amortiguaci\u00f3n del sonido con el estilo en cualquier estancia. \u00a1Optimice su entorno con esta soluci\u00f3n duradera, segura contra incendios y hecha a medida!<\/p>\n","protected":false},"excerpt":{"rendered":"<h3>Hermoso panel ac\u00fastico con tela con vira intercambiable<\/h3>\n<p>Usted mismo decide el tama\u00f1o. Suba su foto o elija entre m\u00e1s de 20.000 dise\u00f1os. Lo singular de este marco textil es que contribuye a mejorar la ac\u00fastica. \u00a1Configure su panel ac\u00fastico en unos pocos pasos a continuaci\u00f3n!<\/p>\n","protected":false},"featured_media":14744,"template":"","meta":{"_et_pb_use_builder":"","_et_pb_old_content":"","_et_gb_content_width":""},"product_brand":[],"product_cat":[626,545,630,442,379],"product_tag":[],"class_list":{"0":"post-14743","1":"product","2":"type-product","3":"status-publish","4":"has-post-thumbnail","6":"product_cat-decoracion-de-pared","7":"product_cat-interior","8":"product_cat-oficina","9":"product_cat-publicidad-en-la-pared","10":"product_cat-publicidad-interior","12":"first","13":"instock","14":"taxable","15":"shipping-taxable","16":"purchasable","17":"product-type-simple"},"yoast_head":"<!-- This site is optimized with the Yoast SEO plugin v27.3 - https:\/\/yoast.com\/product\/yoast-seo-wordpress\/ -->\n<title>Marco textil ac\u00fastico | Amstel Printing<\/title>\n<meta name=\"robots\" content=\"index, follow, max-snippet:-1, max-image-preview:large, max-video-preview:-1\" \/>\n<link rel=\"canonical\" href=\"https:\/\/www.amstelprinting.nl\/es\/tienda\/interior\/decoracion-de-pared\/marco-textil-acustico\/\" \/>\n<meta property=\"og:locale\" content=\"es_ES\" \/>\n<meta property=\"og:type\" content=\"article\" \/>\n<meta property=\"og:title\" content=\"Marco textil ac\u00fastico | Amstel Printing\" \/>\n<meta property=\"og:description\" content=\"Hermoso panel ac\u00fastico con tela con vira intercambiable Usted mismo decide el tama\u00f1o. Suba su foto o elija entre m\u00e1s de 20.000 dise\u00f1os. Lo singular de este marco textil es que contribuye a mejorar la ac\u00fastica. \u00a1Configure su panel ac\u00fastico en unos pocos pasos a continuaci\u00f3n!\" \/>\n<meta property=\"og:url\" content=\"https:\/\/www.amstelprinting.nl\/es\/tienda\/interior\/decoracion-de-pared\/marco-textil-acustico\/\" \/>\n<meta property=\"og:site_name\" content=\"Amstel Printing\" \/>\n<meta property=\"article:modified_time\" content=\"2026-02-18T11:48:05+00:00\" \/>\n<meta property=\"og:image\" content=\"https:\/\/www.amstelprinting.nl\/wp-content\/uploads\/Akoestisch-textielframe.jpg\" \/>\n\t<meta property=\"og:image:width\" content=\"700\" \/>\n\t<meta property=\"og:image:height\" content=\"700\" \/>\n\t<meta property=\"og:image:type\" content=\"image\/jpeg\" \/>\n<meta name=\"twitter:card\" content=\"summary_large_image\" \/>\n<meta name=\"twitter:label1\" content=\"Tiempo de lectura\" \/>\n\t<meta name=\"twitter:data1\" content=\"2 minutos\" \/>\n<script type=\"application\/ld+json\" class=\"yoast-schema-graph\">{\"@context\":\"https:\\\/\\\/schema.org\",\"@graph\":[{\"@type\":\"WebPage\",\"@id\":\"https:\\\/\\\/www.amstelprinting.nl\\\/es\\\/tienda\\\/interior\\\/decoracion-de-pared\\\/marco-textil-acustico\\\/\",\"url\":\"https:\\\/\\\/www.amstelprinting.nl\\\/es\\\/tienda\\\/interior\\\/decoracion-de-pared\\\/marco-textil-acustico\\\/\",\"name\":\"Marco textil ac\u00fastico | Amstel Printing\",\"isPartOf\":{\"@id\":\"https:\\\/\\\/www.amstelprinting.nl\\\/es\\\/#website\"},\"primaryImageOfPage\":{\"@id\":\"https:\\\/\\\/www.amstelprinting.nl\\\/es\\\/tienda\\\/interior\\\/decoracion-de-pared\\\/marco-textil-acustico\\\/#primaryimage\"},\"image\":{\"@id\":\"https:\\\/\\\/www.amstelprinting.nl\\\/es\\\/tienda\\\/interior\\\/decoracion-de-pared\\\/marco-textil-acustico\\\/#primaryimage\"},\"thumbnailUrl\":\"https:\\\/\\\/www.amstelprinting.nl\\\/wp-content\\\/uploads\\\/Akoestisch-textielframe.jpg\",\"datePublished\":\"2025-01-24T10:29:46+00:00\",\"dateModified\":\"2026-02-18T11:48:05+00:00\",\"breadcrumb\":{\"@id\":\"https:\\\/\\\/www.amstelprinting.nl\\\/es\\\/tienda\\\/interior\\\/decoracion-de-pared\\\/marco-textil-acustico\\\/#breadcrumb\"},\"inLanguage\":\"es\",\"potentialAction\":[{\"@type\":\"ReadAction\",\"target\":[\"https:\\\/\\\/www.amstelprinting.nl\\\/es\\\/tienda\\\/interior\\\/decoracion-de-pared\\\/marco-textil-acustico\\\/\"]}]},{\"@type\":\"ImageObject\",\"inLanguage\":\"es\",\"@id\":\"https:\\\/\\\/www.amstelprinting.nl\\\/es\\\/tienda\\\/interior\\\/decoracion-de-pared\\\/marco-textil-acustico\\\/#primaryimage\",\"url\":\"https:\\\/\\\/www.amstelprinting.nl\\\/wp-content\\\/uploads\\\/Akoestisch-textielframe.jpg\",\"contentUrl\":\"https:\\\/\\\/www.amstelprinting.nl\\\/wp-content\\\/uploads\\\/Akoestisch-textielframe.jpg\",\"width\":700,\"height\":700},{\"@type\":\"BreadcrumbList\",\"@id\":\"https:\\\/\\\/www.amstelprinting.nl\\\/es\\\/tienda\\\/interior\\\/decoracion-de-pared\\\/marco-textil-acustico\\\/#breadcrumb\",\"itemListElement\":[{\"@type\":\"ListItem\",\"position\":1,\"name\":\"\",\"item\":\"https:\\\/\\\/www.amstelprinting.nl\\\/es\\\/\"},{\"@type\":\"ListItem\",\"position\":2,\"name\":\"Amstel Printing\",\"item\":\"https:\\\/\\\/www.amstelprinting.nl\\\/es\\\/comercio\\\/\"},{\"@type\":\"ListItem\",\"position\":3,\"name\":\"Publicidad interior\",\"item\":\"https:\\\/\\\/www.amstelprinting.nl\\\/es\\\/categor\u00eda\\\/publicidad-interior\\\/\"},{\"@type\":\"ListItem\",\"position\":4,\"name\":\"Publicidad en la pared\",\"item\":\"https:\\\/\\\/www.amstelprinting.nl\\\/es\\\/categor\u00eda\\\/publicidad-interior\\\/publicidad-en-la-pared\\\/\"},{\"@type\":\"ListItem\",\"position\":5,\"name\":\"Marco textil ac\u00fastico\"}]},{\"@type\":\"WebSite\",\"@id\":\"https:\\\/\\\/www.amstelprinting.nl\\\/es\\\/#website\",\"url\":\"https:\\\/\\\/www.amstelprinting.nl\\\/es\\\/\",\"name\":\"Amstel Printing\",\"description\":\"Creating Exposure\",\"publisher\":{\"@id\":\"https:\\\/\\\/www.amstelprinting.nl\\\/es\\\/#organization\"},\"potentialAction\":[{\"@type\":\"SearchAction\",\"target\":{\"@type\":\"EntryPoint\",\"urlTemplate\":\"https:\\\/\\\/www.amstelprinting.nl\\\/es\\\/?s={search_term_string}\"},\"query-input\":{\"@type\":\"PropertyValueSpecification\",\"valueRequired\":true,\"valueName\":\"search_term_string\"}}],\"inLanguage\":\"es\"},{\"@type\":\"Organization\",\"@id\":\"https:\\\/\\\/www.amstelprinting.nl\\\/es\\\/#organization\",\"name\":\"Amstel Printing\",\"url\":\"https:\\\/\\\/www.amstelprinting.nl\\\/es\\\/\",\"logo\":{\"@type\":\"ImageObject\",\"inLanguage\":\"es\",\"@id\":\"https:\\\/\\\/www.amstelprinting.nl\\\/es\\\/#\\\/schema\\\/logo\\\/image\\\/\",\"url\":\"https:\\\/\\\/www.amstelprinting.nl\\\/wp-content\\\/uploads\\\/amstel_printing_logo_clean.png\",\"contentUrl\":\"https:\\\/\\\/www.amstelprinting.nl\\\/wp-content\\\/uploads\\\/amstel_printing_logo_clean.png\",\"width\":324,\"height\":73,\"caption\":\"Amstel Printing\"},\"image\":{\"@id\":\"https:\\\/\\\/www.amstelprinting.nl\\\/es\\\/#\\\/schema\\\/logo\\\/image\\\/\"}}]}<\/script>\n<!-- \/ Yoast SEO plugin. -->","yoast_head_json":{"title":"Marco textil ac\u00fastico | Amstel Printing","robots":{"index":"index","follow":"follow","max-snippet":"max-snippet:-1","max-image-preview":"max-image-preview:large","max-video-preview":"max-video-preview:-1"},"canonical":"https:\/\/www.amstelprinting.nl\/es\/tienda\/interior\/decoracion-de-pared\/marco-textil-acustico\/","og_locale":"es_ES","og_type":"article","og_title":"Marco textil ac\u00fastico | Amstel Printing","og_description":"Hermoso panel ac\u00fastico con tela con vira intercambiable Usted mismo decide el tama\u00f1o. Suba su foto o elija entre m\u00e1s de 20.000 dise\u00f1os. Lo singular de este marco textil es que contribuye a mejorar la ac\u00fastica. \u00a1Configure su panel ac\u00fastico en unos pocos pasos a continuaci\u00f3n!","og_url":"https:\/\/www.amstelprinting.nl\/es\/tienda\/interior\/decoracion-de-pared\/marco-textil-acustico\/","og_site_name":"Amstel Printing","article_modified_time":"2026-02-18T11:48:05+00:00","og_image":[{"width":700,"height":700,"url":"https:\/\/www.amstelprinting.nl\/wp-content\/uploads\/Akoestisch-textielframe.jpg","type":"image\/jpeg"}],"twitter_card":"summary_large_image","twitter_misc":{"Tiempo de lectura":"2 minutos"},"schema":{"@context":"https:\/\/schema.org","@graph":[{"@type":"WebPage","@id":"https:\/\/www.amstelprinting.nl\/es\/tienda\/interior\/decoracion-de-pared\/marco-textil-acustico\/","url":"https:\/\/www.amstelprinting.nl\/es\/tienda\/interior\/decoracion-de-pared\/marco-textil-acustico\/","name":"Marco textil ac\u00fastico | Amstel Printing","isPartOf":{"@id":"https:\/\/www.amstelprinting.nl\/es\/#website"},"primaryImageOfPage":{"@id":"https:\/\/www.amstelprinting.nl\/es\/tienda\/interior\/decoracion-de-pared\/marco-textil-acustico\/#primaryimage"},"image":{"@id":"https:\/\/www.amstelprinting.nl\/es\/tienda\/interior\/decoracion-de-pared\/marco-textil-acustico\/#primaryimage"},"thumbnailUrl":"https:\/\/www.amstelprinting.nl\/wp-content\/uploads\/Akoestisch-textielframe.jpg","datePublished":"2025-01-24T10:29:46+00:00","dateModified":"2026-02-18T11:48:05+00:00","breadcrumb":{"@id":"https:\/\/www.amstelprinting.nl\/es\/tienda\/interior\/decoracion-de-pared\/marco-textil-acustico\/#breadcrumb"},"inLanguage":"es","potentialAction":[{"@type":"ReadAction","target":["https:\/\/www.amstelprinting.nl\/es\/tienda\/interior\/decoracion-de-pared\/marco-textil-acustico\/"]}]},{"@type":"ImageObject","inLanguage":"es","@id":"https:\/\/www.amstelprinting.nl\/es\/tienda\/interior\/decoracion-de-pared\/marco-textil-acustico\/#primaryimage","url":"https:\/\/www.amstelprinting.nl\/wp-content\/uploads\/Akoestisch-textielframe.jpg","contentUrl":"https:\/\/www.amstelprinting.nl\/wp-content\/uploads\/Akoestisch-textielframe.jpg","width":700,"height":700},{"@type":"BreadcrumbList","@id":"https:\/\/www.amstelprinting.nl\/es\/tienda\/interior\/decoracion-de-pared\/marco-textil-acustico\/#breadcrumb","itemListElement":[{"@type":"ListItem","position":1,"name":"","item":"https:\/\/www.amstelprinting.nl\/es\/"},{"@type":"ListItem","position":2,"name":"Amstel Printing","item":"https:\/\/www.amstelprinting.nl\/es\/comercio\/"},{"@type":"ListItem","position":3,"name":"Publicidad interior","item":"https:\/\/www.amstelprinting.nl\/es\/categor\u00eda\/publicidad-interior\/"},{"@type":"ListItem","position":4,"name":"Publicidad en la pared","item":"https:\/\/www.amstelprinting.nl\/es\/categor\u00eda\/publicidad-interior\/publicidad-en-la-pared\/"},{"@type":"ListItem","position":5,"name":"Marco textil ac\u00fastico"}]},{"@type":"WebSite","@id":"https:\/\/www.amstelprinting.nl\/es\/#website","url":"https:\/\/www.amstelprinting.nl\/es\/","name":"Amstel Printing","description":"Creating Exposure","publisher":{"@id":"https:\/\/www.amstelprinting.nl\/es\/#organization"},"potentialAction":[{"@type":"SearchAction","target":{"@type":"EntryPoint","urlTemplate":"https:\/\/www.amstelprinting.nl\/es\/?s={search_term_string}"},"query-input":{"@type":"PropertyValueSpecification","valueRequired":true,"valueName":"search_term_string"}}],"inLanguage":"es"},{"@type":"Organization","@id":"https:\/\/www.amstelprinting.nl\/es\/#organization","name":"Amstel Printing","url":"https:\/\/www.amstelprinting.nl\/es\/","logo":{"@type":"ImageObject","inLanguage":"es","@id":"https:\/\/www.amstelprinting.nl\/es\/#\/schema\/logo\/image\/","url":"https:\/\/www.amstelprinting.nl\/wp-content\/uploads\/amstel_printing_logo_clean.png","contentUrl":"https:\/\/www.amstelprinting.nl\/wp-content\/uploads\/amstel_printing_logo_clean.png","width":324,"height":73,"caption":"Amstel Printing"},"image":{"@id":"https:\/\/www.amstelprinting.nl\/es\/#\/schema\/logo\/image\/"}}]}},"_links":{"self":[{"href":"https:\/\/www.amstelprinting.nl\/es\/wp-json\/wp\/v2\/product\/14743","targetHints":{"allow":["GET"]}}],"collection":[{"href":"https:\/\/www.amstelprinting.nl\/es\/wp-json\/wp\/v2\/product"}],"about":[{"href":"https:\/\/www.amstelprinting.nl\/es\/wp-json\/wp\/v2\/types\/product"}],"wp:featuredmedia":[{"embeddable":true,"href":"https:\/\/www.amstelprinting.nl\/es\/wp-json\/wp\/v2\/media\/14744"}],"wp:attachment":[{"href":"https:\/\/www.amstelprinting.nl\/es\/wp-json\/wp\/v2\/media?parent=14743"}],"wp:term":[{"taxonomy":"product_brand","embeddable":true,"href":"https:\/\/www.amstelprinting.nl\/es\/wp-json\/wp\/v2\/product_brand?post=14743"},{"taxonomy":"product_cat","embeddable":true,"href":"https:\/\/www.amstelprinting.nl\/es\/wp-json\/wp\/v2\/product_cat?post=14743"},{"taxonomy":"product_tag","embeddable":true,"href":"https:\/\/www.amstelprinting.nl\/es\/wp-json\/wp\/v2\/product_tag?post=14743"}],"curies":[{"name":"wp","href":"https:\/\/api.w.org\/{rel}","templated":true}]}}