{"id":14773,"date":"2025-01-24T11:29:21","date_gmt":"2025-01-24T10:29:21","guid":{"rendered":"https:\/\/www.amstelprinting.nl\/winkel\/sin%20categor\u00eda\/muursticker\/"},"modified":"2026-02-18T12:48:06","modified_gmt":"2026-02-18T11:48:06","slug":"vinilo-de-pared","status":"publish","type":"product","link":"https:\/\/www.amstelprinting.nl\/es\/tienda\/publicidad-interior\/publicidad-en-la-pared\/vinilo-de-pared\/","title":{"rendered":"Vinilo de pared"},"content":{"rendered":"<p>Transforme su espacio de forma r\u00e1pida y sencilla con un vinilo de pared impreso. Perfecto para el hogar, la oficina o locales comerciales. Nuestros vinilos de pared est\u00e1n disponibles en diferentes materiales. Cuentan con una impresi\u00f3n n\u00edtida a todo color de su dise\u00f1o o foto.<\/p>\n<h3>Ventajas<\/h3>\n<ul>\n<li>Elecci\u00f3n entre cuatro materiales<\/li>\n<li>Pedido disponible desde 1 unidad<\/li>\n<li>Entrega posible en un plazo de 3 d\u00edas laborables<\/li>\n<li>F\u00e1cil de colocar en casi cualquier superficie<\/li>\n<li>Pida el vinilo de pared en el tama\u00f1o que desee<\/li>\n<li>Varios accesorios disponibles<\/li>\n<\/ul>\n<p>&nbsp;<\/p>\n<h3>Materiales<\/h3>\n<ul>\n<li><strong>DOT blanco<\/strong>: Este vinilo autoadhesivo con estructura de puntos es f\u00e1cil de aplicar y quitar, sin formar burbujas de aire.<\/li>\n<li><strong>Roughmark<\/strong>: Este vinilo autoadhesivo tiene una fuerza de adhesi\u00f3n extra alta, ideal para superficies rugosas y aplicaciones de larga duraci\u00f3n.<\/li>\n<li><strong>Gekkotex<\/strong>: Papel pintado textil autoadhesivo y sin arrugas, perfecto para un acabado impecable y elegante.<\/li>\n<li><strong>3M\u2122 480 Mc<\/strong>: Opci\u00f3n duradera. Autoadhesivo y moldeable con calor. Adecuado para ladrillo, estuco y hormig\u00f3n. Apto para uso tanto en interiores como en exteriores.<\/li>\n<\/ul>\n<p>&nbsp;<\/p>\n<h3>Acabado<\/h3>\n<p>Para el acabado de su vinilo de pared, puede elegir entre corte recto o corte de contorno (forma personalizada), seg\u00fan su preferencia y dise\u00f1o.<\/p>\n<h3>Accesorios<\/h3>\n<p>Ofrecemos varios accesorios, como Monkey Strips, cinta de carrocero y un malet\u00edn de herramientas, para facilitar a\u00fan m\u00e1s la instalaci\u00f3n.<\/p>\n<h3>Consejos importantes de colocaci\u00f3n<\/h3>\n<p>Paredes pintadas: Deje secar las paredes pintadas durante al menos dos semanas antes de colocar el vinilo. Si la pintura utilizada contiene silicona, lo mejor es elegir DOT o Roughmark para una adhesi\u00f3n \u00f3ptima.<\/p>\n<p><strong>Temperatura<\/strong>: Aseg\u00farese de que la temperatura est\u00e9 entre 10 y 32 \u00b0C al colocar el adhesivo.<\/p>\n<p><strong>Superficie<\/strong>: Aseg\u00farese siempre de que la superficie est\u00e9 seca, limpia y libre de grasa para una mejor adhesi\u00f3n del vinilo de pared.<br \/>\nCon nuestras pr\u00e1cticas herramientas de rotulaci\u00f3n (opcionales), puede montar los vinilos de pared f\u00e1cilmente. Cree un aspecto \u00fanico y personal en cualquier espacio con nuestros vers\u00e1tiles vinilos de pared de alta calidad. \u00a1P\u00eddalo hoy mismo y d\u00e9 vida a sus paredes!<\/p>\n","protected":false},"excerpt":{"rendered":"<p>Adhesivos autoadhesivos para diferentes superficies. Nuestros vinilos de pared se pueden pedir a partir de 1 unidad. Elija el tama\u00f1o y el tipo de material que desee. Para cada aplicaci\u00f3n, puede pedirnos el vinilo de pared adecuado.<\/p>\n","protected":false},"featured_media":14774,"template":"","meta":{"_et_pb_use_builder":"","_et_pb_old_content":"","_et_gb_content_width":""},"product_brand":[],"product_cat":[315,576,442,379],"product_tag":[],"class_list":{"0":"post-14773","1":"product","2":"type-product","3":"status-publish","4":"has-post-thumbnail","6":"product_cat-pegatinas-e-impresion","7":"product_cat-pegatinas-grandes","8":"product_cat-publicidad-en-la-pared","9":"product_cat-publicidad-interior","11":"first","12":"instock","13":"taxable","14":"shipping-taxable","15":"purchasable","16":"product-type-simple"},"yoast_head":"<!-- This site is optimized with the Yoast SEO plugin v27.3 - https:\/\/yoast.com\/product\/yoast-seo-wordpress\/ -->\n<title>Vinilo de pared a medida \u2013 Entrega r\u00e1pida y materiales premium<\/title>\n<meta name=\"description\" content=\"Vinilo de pared de alta calidad impreso con su propio dise\u00f1o. Elija entre cuatro tipos de materiales, acabado profesional y rec\u00edbalo en un plazo de 3 d\u00edas laborables.\" \/>\n<meta name=\"robots\" content=\"index, follow, max-snippet:-1, max-image-preview:large, max-video-preview:-1\" \/>\n<link rel=\"canonical\" href=\"https:\/\/www.amstelprinting.nl\/es\/tienda\/publicidad-interior\/publicidad-en-la-pared\/vinilo-de-pared\/\" \/>\n<meta property=\"og:locale\" content=\"es_ES\" \/>\n<meta property=\"og:type\" content=\"article\" \/>\n<meta property=\"og:title\" content=\"Vinilo de pared a medida \u2013 Entrega r\u00e1pida y materiales premium\" \/>\n<meta property=\"og:description\" content=\"Vinilo de pared de alta calidad impreso con su propio dise\u00f1o. Elija entre cuatro tipos de materiales, acabado profesional y rec\u00edbalo en un plazo de 3 d\u00edas laborables.\" \/>\n<meta property=\"og:url\" content=\"https:\/\/www.amstelprinting.nl\/es\/tienda\/publicidad-interior\/publicidad-en-la-pared\/vinilo-de-pared\/\" \/>\n<meta property=\"og:site_name\" content=\"Amstel Printing\" \/>\n<meta property=\"article:modified_time\" content=\"2026-02-18T11:48:06+00:00\" \/>\n<meta property=\"og:image\" content=\"https:\/\/www.amstelprinting.nl\/wp-content\/uploads\/muursticker-bedrukken.png\" \/>\n\t<meta property=\"og:image:width\" content=\"900\" \/>\n\t<meta property=\"og:image:height\" content=\"900\" \/>\n\t<meta property=\"og:image:type\" content=\"image\/png\" \/>\n<meta name=\"twitter:card\" content=\"summary_large_image\" \/>\n<meta name=\"twitter:label1\" content=\"Tiempo de lectura\" \/>\n\t<meta name=\"twitter:data1\" content=\"2 minutos\" \/>\n<script type=\"application\/ld+json\" class=\"yoast-schema-graph\">{\"@context\":\"https:\\\/\\\/schema.org\",\"@graph\":[{\"@type\":\"WebPage\",\"@id\":\"https:\\\/\\\/www.amstelprinting.nl\\\/es\\\/tienda\\\/publicidad-interior\\\/publicidad-en-la-pared\\\/vinilo-de-pared\\\/\",\"url\":\"https:\\\/\\\/www.amstelprinting.nl\\\/es\\\/tienda\\\/publicidad-interior\\\/publicidad-en-la-pared\\\/vinilo-de-pared\\\/\",\"name\":\"Vinilo de pared a medida \u2013 Entrega r\u00e1pida y materiales premium\",\"isPartOf\":{\"@id\":\"https:\\\/\\\/www.amstelprinting.nl\\\/es\\\/#website\"},\"primaryImageOfPage\":{\"@id\":\"https:\\\/\\\/www.amstelprinting.nl\\\/es\\\/tienda\\\/publicidad-interior\\\/publicidad-en-la-pared\\\/vinilo-de-pared\\\/#primaryimage\"},\"image\":{\"@id\":\"https:\\\/\\\/www.amstelprinting.nl\\\/es\\\/tienda\\\/publicidad-interior\\\/publicidad-en-la-pared\\\/vinilo-de-pared\\\/#primaryimage\"},\"thumbnailUrl\":\"https:\\\/\\\/www.amstelprinting.nl\\\/wp-content\\\/uploads\\\/muursticker-bedrukken.png\",\"datePublished\":\"2025-01-24T10:29:21+00:00\",\"dateModified\":\"2026-02-18T11:48:06+00:00\",\"description\":\"Vinilo de pared de alta calidad impreso con su propio dise\u00f1o. Elija entre cuatro tipos de materiales, acabado profesional y rec\u00edbalo en un plazo de 3 d\u00edas laborables.\",\"breadcrumb\":{\"@id\":\"https:\\\/\\\/www.amstelprinting.nl\\\/es\\\/tienda\\\/publicidad-interior\\\/publicidad-en-la-pared\\\/vinilo-de-pared\\\/#breadcrumb\"},\"inLanguage\":\"es\",\"potentialAction\":[{\"@type\":\"ReadAction\",\"target\":[\"https:\\\/\\\/www.amstelprinting.nl\\\/es\\\/tienda\\\/publicidad-interior\\\/publicidad-en-la-pared\\\/vinilo-de-pared\\\/\"]}]},{\"@type\":\"ImageObject\",\"inLanguage\":\"es\",\"@id\":\"https:\\\/\\\/www.amstelprinting.nl\\\/es\\\/tienda\\\/publicidad-interior\\\/publicidad-en-la-pared\\\/vinilo-de-pared\\\/#primaryimage\",\"url\":\"https:\\\/\\\/www.amstelprinting.nl\\\/wp-content\\\/uploads\\\/muursticker-bedrukken.png\",\"contentUrl\":\"https:\\\/\\\/www.amstelprinting.nl\\\/wp-content\\\/uploads\\\/muursticker-bedrukken.png\",\"width\":900,\"height\":900},{\"@type\":\"BreadcrumbList\",\"@id\":\"https:\\\/\\\/www.amstelprinting.nl\\\/es\\\/tienda\\\/publicidad-interior\\\/publicidad-en-la-pared\\\/vinilo-de-pared\\\/#breadcrumb\",\"itemListElement\":[{\"@type\":\"ListItem\",\"position\":1,\"name\":\"\",\"item\":\"https:\\\/\\\/www.amstelprinting.nl\\\/es\\\/\"},{\"@type\":\"ListItem\",\"position\":2,\"name\":\"Amstel Printing\",\"item\":\"https:\\\/\\\/www.amstelprinting.nl\\\/es\\\/comercio\\\/\"},{\"@type\":\"ListItem\",\"position\":3,\"name\":\"Publicidad interior\",\"item\":\"https:\\\/\\\/www.amstelprinting.nl\\\/es\\\/categor\u00eda\\\/publicidad-interior\\\/\"},{\"@type\":\"ListItem\",\"position\":4,\"name\":\"Publicidad en la pared\",\"item\":\"https:\\\/\\\/www.amstelprinting.nl\\\/es\\\/categor\u00eda\\\/publicidad-interior\\\/publicidad-en-la-pared\\\/\"},{\"@type\":\"ListItem\",\"position\":5,\"name\":\"Vinilo de pared\"}]},{\"@type\":\"WebSite\",\"@id\":\"https:\\\/\\\/www.amstelprinting.nl\\\/es\\\/#website\",\"url\":\"https:\\\/\\\/www.amstelprinting.nl\\\/es\\\/\",\"name\":\"Amstel Printing\",\"description\":\"Creating Exposure\",\"publisher\":{\"@id\":\"https:\\\/\\\/www.amstelprinting.nl\\\/es\\\/#organization\"},\"potentialAction\":[{\"@type\":\"SearchAction\",\"target\":{\"@type\":\"EntryPoint\",\"urlTemplate\":\"https:\\\/\\\/www.amstelprinting.nl\\\/es\\\/?s={search_term_string}\"},\"query-input\":{\"@type\":\"PropertyValueSpecification\",\"valueRequired\":true,\"valueName\":\"search_term_string\"}}],\"inLanguage\":\"es\"},{\"@type\":\"Organization\",\"@id\":\"https:\\\/\\\/www.amstelprinting.nl\\\/es\\\/#organization\",\"name\":\"Amstel Printing\",\"url\":\"https:\\\/\\\/www.amstelprinting.nl\\\/es\\\/\",\"logo\":{\"@type\":\"ImageObject\",\"inLanguage\":\"es\",\"@id\":\"https:\\\/\\\/www.amstelprinting.nl\\\/es\\\/#\\\/schema\\\/logo\\\/image\\\/\",\"url\":\"https:\\\/\\\/www.amstelprinting.nl\\\/wp-content\\\/uploads\\\/amstel_printing_logo_clean.png\",\"contentUrl\":\"https:\\\/\\\/www.amstelprinting.nl\\\/wp-content\\\/uploads\\\/amstel_printing_logo_clean.png\",\"width\":324,\"height\":73,\"caption\":\"Amstel Printing\"},\"image\":{\"@id\":\"https:\\\/\\\/www.amstelprinting.nl\\\/es\\\/#\\\/schema\\\/logo\\\/image\\\/\"}}]}<\/script>\n<!-- \/ Yoast SEO plugin. -->","yoast_head_json":{"title":"Vinilo de pared a medida \u2013 Entrega r\u00e1pida y materiales premium","description":"Vinilo de pared de alta calidad impreso con su propio dise\u00f1o. Elija entre cuatro tipos de materiales, acabado profesional y rec\u00edbalo en un plazo de 3 d\u00edas laborables.","robots":{"index":"index","follow":"follow","max-snippet":"max-snippet:-1","max-image-preview":"max-image-preview:large","max-video-preview":"max-video-preview:-1"},"canonical":"https:\/\/www.amstelprinting.nl\/es\/tienda\/publicidad-interior\/publicidad-en-la-pared\/vinilo-de-pared\/","og_locale":"es_ES","og_type":"article","og_title":"Vinilo de pared a medida \u2013 Entrega r\u00e1pida y materiales premium","og_description":"Vinilo de pared de alta calidad impreso con su propio dise\u00f1o. Elija entre cuatro tipos de materiales, acabado profesional y rec\u00edbalo en un plazo de 3 d\u00edas laborables.","og_url":"https:\/\/www.amstelprinting.nl\/es\/tienda\/publicidad-interior\/publicidad-en-la-pared\/vinilo-de-pared\/","og_site_name":"Amstel Printing","article_modified_time":"2026-02-18T11:48:06+00:00","og_image":[{"width":900,"height":900,"url":"https:\/\/www.amstelprinting.nl\/wp-content\/uploads\/muursticker-bedrukken.png","type":"image\/png"}],"twitter_card":"summary_large_image","twitter_misc":{"Tiempo de lectura":"2 minutos"},"schema":{"@context":"https:\/\/schema.org","@graph":[{"@type":"WebPage","@id":"https:\/\/www.amstelprinting.nl\/es\/tienda\/publicidad-interior\/publicidad-en-la-pared\/vinilo-de-pared\/","url":"https:\/\/www.amstelprinting.nl\/es\/tienda\/publicidad-interior\/publicidad-en-la-pared\/vinilo-de-pared\/","name":"Vinilo de pared a medida \u2013 Entrega r\u00e1pida y materiales premium","isPartOf":{"@id":"https:\/\/www.amstelprinting.nl\/es\/#website"},"primaryImageOfPage":{"@id":"https:\/\/www.amstelprinting.nl\/es\/tienda\/publicidad-interior\/publicidad-en-la-pared\/vinilo-de-pared\/#primaryimage"},"image":{"@id":"https:\/\/www.amstelprinting.nl\/es\/tienda\/publicidad-interior\/publicidad-en-la-pared\/vinilo-de-pared\/#primaryimage"},"thumbnailUrl":"https:\/\/www.amstelprinting.nl\/wp-content\/uploads\/muursticker-bedrukken.png","datePublished":"2025-01-24T10:29:21+00:00","dateModified":"2026-02-18T11:48:06+00:00","description":"Vinilo de pared de alta calidad impreso con su propio dise\u00f1o. Elija entre cuatro tipos de materiales, acabado profesional y rec\u00edbalo en un plazo de 3 d\u00edas laborables.","breadcrumb":{"@id":"https:\/\/www.amstelprinting.nl\/es\/tienda\/publicidad-interior\/publicidad-en-la-pared\/vinilo-de-pared\/#breadcrumb"},"inLanguage":"es","potentialAction":[{"@type":"ReadAction","target":["https:\/\/www.amstelprinting.nl\/es\/tienda\/publicidad-interior\/publicidad-en-la-pared\/vinilo-de-pared\/"]}]},{"@type":"ImageObject","inLanguage":"es","@id":"https:\/\/www.amstelprinting.nl\/es\/tienda\/publicidad-interior\/publicidad-en-la-pared\/vinilo-de-pared\/#primaryimage","url":"https:\/\/www.amstelprinting.nl\/wp-content\/uploads\/muursticker-bedrukken.png","contentUrl":"https:\/\/www.amstelprinting.nl\/wp-content\/uploads\/muursticker-bedrukken.png","width":900,"height":900},{"@type":"BreadcrumbList","@id":"https:\/\/www.amstelprinting.nl\/es\/tienda\/publicidad-interior\/publicidad-en-la-pared\/vinilo-de-pared\/#breadcrumb","itemListElement":[{"@type":"ListItem","position":1,"name":"","item":"https:\/\/www.amstelprinting.nl\/es\/"},{"@type":"ListItem","position":2,"name":"Amstel Printing","item":"https:\/\/www.amstelprinting.nl\/es\/comercio\/"},{"@type":"ListItem","position":3,"name":"Publicidad interior","item":"https:\/\/www.amstelprinting.nl\/es\/categor\u00eda\/publicidad-interior\/"},{"@type":"ListItem","position":4,"name":"Publicidad en la pared","item":"https:\/\/www.amstelprinting.nl\/es\/categor\u00eda\/publicidad-interior\/publicidad-en-la-pared\/"},{"@type":"ListItem","position":5,"name":"Vinilo de pared"}]},{"@type":"WebSite","@id":"https:\/\/www.amstelprinting.nl\/es\/#website","url":"https:\/\/www.amstelprinting.nl\/es\/","name":"Amstel Printing","description":"Creating Exposure","publisher":{"@id":"https:\/\/www.amstelprinting.nl\/es\/#organization"},"potentialAction":[{"@type":"SearchAction","target":{"@type":"EntryPoint","urlTemplate":"https:\/\/www.amstelprinting.nl\/es\/?s={search_term_string}"},"query-input":{"@type":"PropertyValueSpecification","valueRequired":true,"valueName":"search_term_string"}}],"inLanguage":"es"},{"@type":"Organization","@id":"https:\/\/www.amstelprinting.nl\/es\/#organization","name":"Amstel Printing","url":"https:\/\/www.amstelprinting.nl\/es\/","logo":{"@type":"ImageObject","inLanguage":"es","@id":"https:\/\/www.amstelprinting.nl\/es\/#\/schema\/logo\/image\/","url":"https:\/\/www.amstelprinting.nl\/wp-content\/uploads\/amstel_printing_logo_clean.png","contentUrl":"https:\/\/www.amstelprinting.nl\/wp-content\/uploads\/amstel_printing_logo_clean.png","width":324,"height":73,"caption":"Amstel Printing"},"image":{"@id":"https:\/\/www.amstelprinting.nl\/es\/#\/schema\/logo\/image\/"}}]}},"_links":{"self":[{"href":"https:\/\/www.amstelprinting.nl\/es\/wp-json\/wp\/v2\/product\/14773","targetHints":{"allow":["GET"]}}],"collection":[{"href":"https:\/\/www.amstelprinting.nl\/es\/wp-json\/wp\/v2\/product"}],"about":[{"href":"https:\/\/www.amstelprinting.nl\/es\/wp-json\/wp\/v2\/types\/product"}],"wp:featuredmedia":[{"embeddable":true,"href":"https:\/\/www.amstelprinting.nl\/es\/wp-json\/wp\/v2\/media\/14774"}],"wp:attachment":[{"href":"https:\/\/www.amstelprinting.nl\/es\/wp-json\/wp\/v2\/media?parent=14773"}],"wp:term":[{"taxonomy":"product_brand","embeddable":true,"href":"https:\/\/www.amstelprinting.nl\/es\/wp-json\/wp\/v2\/product_brand?post=14773"},{"taxonomy":"product_cat","embeddable":true,"href":"https:\/\/www.amstelprinting.nl\/es\/wp-json\/wp\/v2\/product_cat?post=14773"},{"taxonomy":"product_tag","embeddable":true,"href":"https:\/\/www.amstelprinting.nl\/es\/wp-json\/wp\/v2\/product_tag?post=14773"}],"curies":[{"name":"wp","href":"https:\/\/api.w.org\/{rel}","templated":true}]}}