{"id":14783,"date":"2025-01-24T11:29:14","date_gmt":"2025-01-24T10:29:14","guid":{"rendered":"https:\/\/www.amstelprinting.nl\/winkel\/sin%20categor\u00eda\/paneel\/"},"modified":"2026-02-18T12:48:07","modified_gmt":"2026-02-18T11:48:07","slug":"panel","status":"publish","type":"product","link":"https:\/\/www.amstelprinting.nl\/es\/tienda\/publicidad-interior\/publicidad-en-la-pared\/panel\/","title":{"rendered":"Panel"},"content":{"rendered":"<h3>Impresi\u00f3n de paneles<\/h3>\n<p>Descubra nuestra vers\u00e1til colecci\u00f3n de paneles, con una impresi\u00f3n n\u00edtida de su elecci\u00f3n. Tanto si busca se\u00f1alizaci\u00f3n funcional, elementos decorativos o presentaciones profesionales, nuestros paneles ofrecen una amplia selecci\u00f3n de materiales y posibilidades. Personalice el panel con una impresi\u00f3n de su propio dise\u00f1o o elija entre nuestros patrones existentes para un aspecto \u00fanico. \u00a1Entrega a menudo posible en solo 1 d\u00eda laborable!<\/p>\n<h3>Ventajas<\/h3>\n<ul>\n<li>Se puede pedir en cualquier formato y forma<\/li>\n<li>Entrega r\u00e1pida: posible en solo 1 d\u00eda laborable<\/li>\n<li>Ign\u00edfugo, por lo que tambi\u00e9n es apto para espacios p\u00fablicos<\/li>\n<li>Disponible en 12 materiales diferentes en varios grosores<\/li>\n<li>Elija su propio dise\u00f1o o uno de nuestros patrones existentes<\/li>\n<\/ul>\n<p>&nbsp;<\/p>\n<h3>Materiales: el panel adecuado para cada aplicaci\u00f3n<\/h3>\n<p>\u00bfVa a utilizar el panel en el exterior? \u00bfO desea una impresi\u00f3n a doble cara? \u00bfEs importante la durabilidad? \u00bfO tiene un deseo espec\u00edfico sobre el acabado o la apariencia del panel? A continuaci\u00f3n explicamos brevemente las propiedades del material. De esta manera, podr\u00e1 pedir r\u00e1pidamente el panel adecuado.<\/p>\n<ul>\n<li><strong>Dibond\u00ae<\/strong>: Panel de aluminio robusto con una capa superior blanca, apto tanto para uso en interiores como en exteriores.<\/li>\n<li><strong>Dibond\u00ae Butler Finish<\/strong>: Panel s\u00e1ndwich de aluminio con aspecto de acero inoxidable cepillado, perfecto para uso en interiores y exteriores.<\/li>\n<li><strong>Forex\u00ae<\/strong>: PVC espumado ligero, ideal para uso en interiores.<\/li>\n<li><strong>Plexigl\u00e1s<\/strong>: Material transparente con un aspecto moderno, apto para interiores y exteriores (sensible a los ara\u00f1azos).<\/li>\n<li><strong>Easyprint<\/strong>: Material de placa de polipropileno ligero para resultados de impresi\u00f3n de alta calidad.<\/li>\n<li><strong>Contrachapado<\/strong>: Madera de \u00e1lamo ecol\u00f3gica con un aspecto natural, apta para uso en interiores.<\/li>\n<li><strong>Re-board<\/strong>: Estructura s\u00e1ndwich de cart\u00f3n r\u00edgida y ligera con una capa superior blanca, ideal para interiores y respetuosa con el medio ambiente.<\/li>\n<li><strong>Sign Again<\/strong>: Material circular fabricado a partir de pancartas recicladas y residuos de corte, apto para interiores y exteriores.<\/li>\n<li><strong>HPL<\/strong>: Panel HPL muy resistente con n\u00facleo marr\u00f3n y capa superior blanca, apto para uso en interiores y exteriores.<\/li>\n<li><strong>Akylite<\/strong>: Panel ligero sin PVC con n\u00facleo de nido de abeja, apto para interiores y exteriores.<\/li>\n<li><strong>Cart\u00f3n display<\/strong>: Cart\u00f3n flexible con un n\u00facleo gris s\u00f3lido y capa superior blanca, ideal para uso en interiores (no apto para plegar).<\/li>\n<li><strong>Dibond\u00ae XL<\/strong>: Panel de aluminio extra grande con una capa superior blanca, apto tanto para uso en interiores como en exteriores.<\/li>\n<\/ul>\n<p>&nbsp;<\/p>\n<h3>Acabado<\/h3>\n<p>Elija entre corte recto o corte de contorno (con forma propia), y opciones de agujeros de perforaci\u00f3n (para una fijaci\u00f3n del panel a su gusto).<\/p>\n<h3>Accesorios para una fijaci\u00f3n sencilla<\/h3>\n<p>Durante el proceso de pedido, tiene la posibilidad opcional de pedir diversos accesorios. As\u00ed, puede elegir entre diferentes tipos de velcro y placas de suspensi\u00f3n (en diferentes tama\u00f1os).<\/p>\n<h3>Preguntas frecuentes<\/h3>\n<p><strong>\u00bfCu\u00e1l es la mejor forma de limpiar el panel?<\/strong><br \/>\nPara limpiar sus paneles, lo mejor es utilizar un detergente suave mezclado con agua. Debido a que la tinta se aplica al material mediante la t\u00e9cnica de impresi\u00f3n UV, la superficie es sensible a da\u00f1os si se manipula con brusquedad. Para una protecci\u00f3n adicional contra ara\u00f1azos, puede considerar dotar a los paneles Dibond\u00ae de un recubrimiento.<\/p>\n<p><strong>\u00bfCu\u00e1l es la ventaja de un recubrimiento?<\/strong><br \/>\nEl material de la placa adquiere un color m\u00e1s intenso gracias al recubrimiento y ofrece una mejor protecci\u00f3n de la impresi\u00f3n.<\/p>\n","protected":false},"excerpt":{"rendered":"<p>\u00bfImprimir un panel con su dise\u00f1o, imagen o logotipo? Elija entre m\u00e1s de 12 tipos diferentes de materiales para paneles. Usted decide las dimensiones. Configure su panel impreso en unos pocos pasos a continuaci\u00f3n.<\/p>\n","protected":false},"featured_media":14784,"template":"","meta":{"_et_pb_use_builder":"","_et_pb_old_content":"","_et_gb_content_width":""},"product_brand":[],"product_cat":[315,442,379],"product_tag":[],"class_list":{"0":"post-14783","1":"product","2":"type-product","3":"status-publish","4":"has-post-thumbnail","6":"product_cat-pegatinas-e-impresion","7":"product_cat-publicidad-en-la-pared","8":"product_cat-publicidad-interior","10":"first","11":"instock","12":"taxable","13":"shipping-taxable","14":"purchasable","15":"product-type-simple"},"yoast_head":"<!-- This site is optimized with the Yoast SEO plugin v27.3 - https:\/\/yoast.com\/product\/yoast-seo-wordpress\/ -->\n<title>Panel Impreso a Medida - Entrega R\u00e1pida y Diversos Materiales<\/title>\n<meta name=\"description\" content=\"Dise\u00f1e y pida su panel personalizado en cualquier formato y material. Cree un impacto inmediato con impresiones n\u00edtidas y un acabado flexible.\" \/>\n<meta name=\"robots\" content=\"index, follow, max-snippet:-1, max-image-preview:large, max-video-preview:-1\" \/>\n<link rel=\"canonical\" href=\"https:\/\/www.amstelprinting.nl\/es\/tienda\/publicidad-interior\/publicidad-en-la-pared\/panel\/\" \/>\n<meta property=\"og:locale\" content=\"es_ES\" \/>\n<meta property=\"og:type\" content=\"article\" \/>\n<meta property=\"og:title\" content=\"Panel Impreso a Medida - Entrega R\u00e1pida y Diversos Materiales\" \/>\n<meta property=\"og:description\" content=\"Dise\u00f1e y pida su panel personalizado en cualquier formato y material. Cree un impacto inmediato con impresiones n\u00edtidas y un acabado flexible.\" \/>\n<meta property=\"og:url\" content=\"https:\/\/www.amstelprinting.nl\/es\/tienda\/publicidad-interior\/publicidad-en-la-pared\/panel\/\" \/>\n<meta property=\"og:site_name\" content=\"Amstel Printing\" \/>\n<meta property=\"article:modified_time\" content=\"2026-02-18T11:48:07+00:00\" \/>\n<meta property=\"og:image\" content=\"https:\/\/www.amstelprinting.nl\/wp-content\/uploads\/paneel-bedrukken.png\" \/>\n\t<meta property=\"og:image:width\" content=\"900\" \/>\n\t<meta property=\"og:image:height\" content=\"900\" \/>\n\t<meta property=\"og:image:type\" content=\"image\/png\" \/>\n<meta name=\"twitter:card\" content=\"summary_large_image\" \/>\n<meta name=\"twitter:label1\" content=\"Tiempo de lectura\" \/>\n\t<meta name=\"twitter:data1\" content=\"3 minutos\" \/>\n<script type=\"application\/ld+json\" class=\"yoast-schema-graph\">{\"@context\":\"https:\\\/\\\/schema.org\",\"@graph\":[{\"@type\":\"WebPage\",\"@id\":\"https:\\\/\\\/www.amstelprinting.nl\\\/es\\\/tienda\\\/publicidad-interior\\\/publicidad-en-la-pared\\\/panel\\\/\",\"url\":\"https:\\\/\\\/www.amstelprinting.nl\\\/es\\\/tienda\\\/publicidad-interior\\\/publicidad-en-la-pared\\\/panel\\\/\",\"name\":\"Panel Impreso a Medida - Entrega R\u00e1pida y Diversos Materiales\",\"isPartOf\":{\"@id\":\"https:\\\/\\\/www.amstelprinting.nl\\\/es\\\/#website\"},\"primaryImageOfPage\":{\"@id\":\"https:\\\/\\\/www.amstelprinting.nl\\\/es\\\/tienda\\\/publicidad-interior\\\/publicidad-en-la-pared\\\/panel\\\/#primaryimage\"},\"image\":{\"@id\":\"https:\\\/\\\/www.amstelprinting.nl\\\/es\\\/tienda\\\/publicidad-interior\\\/publicidad-en-la-pared\\\/panel\\\/#primaryimage\"},\"thumbnailUrl\":\"https:\\\/\\\/www.amstelprinting.nl\\\/wp-content\\\/uploads\\\/paneel-bedrukken.png\",\"datePublished\":\"2025-01-24T10:29:14+00:00\",\"dateModified\":\"2026-02-18T11:48:07+00:00\",\"description\":\"Dise\u00f1e y pida su panel personalizado en cualquier formato y material. Cree un impacto inmediato con impresiones n\u00edtidas y un acabado flexible.\",\"breadcrumb\":{\"@id\":\"https:\\\/\\\/www.amstelprinting.nl\\\/es\\\/tienda\\\/publicidad-interior\\\/publicidad-en-la-pared\\\/panel\\\/#breadcrumb\"},\"inLanguage\":\"es\",\"potentialAction\":[{\"@type\":\"ReadAction\",\"target\":[\"https:\\\/\\\/www.amstelprinting.nl\\\/es\\\/tienda\\\/publicidad-interior\\\/publicidad-en-la-pared\\\/panel\\\/\"]}]},{\"@type\":\"ImageObject\",\"inLanguage\":\"es\",\"@id\":\"https:\\\/\\\/www.amstelprinting.nl\\\/es\\\/tienda\\\/publicidad-interior\\\/publicidad-en-la-pared\\\/panel\\\/#primaryimage\",\"url\":\"https:\\\/\\\/www.amstelprinting.nl\\\/wp-content\\\/uploads\\\/paneel-bedrukken.png\",\"contentUrl\":\"https:\\\/\\\/www.amstelprinting.nl\\\/wp-content\\\/uploads\\\/paneel-bedrukken.png\",\"width\":900,\"height\":900},{\"@type\":\"BreadcrumbList\",\"@id\":\"https:\\\/\\\/www.amstelprinting.nl\\\/es\\\/tienda\\\/publicidad-interior\\\/publicidad-en-la-pared\\\/panel\\\/#breadcrumb\",\"itemListElement\":[{\"@type\":\"ListItem\",\"position\":1,\"name\":\"\",\"item\":\"https:\\\/\\\/www.amstelprinting.nl\\\/es\\\/\"},{\"@type\":\"ListItem\",\"position\":2,\"name\":\"Amstel Printing\",\"item\":\"https:\\\/\\\/www.amstelprinting.nl\\\/es\\\/comercio\\\/\"},{\"@type\":\"ListItem\",\"position\":3,\"name\":\"Publicidad interior\",\"item\":\"https:\\\/\\\/www.amstelprinting.nl\\\/es\\\/categor\u00eda\\\/publicidad-interior\\\/\"},{\"@type\":\"ListItem\",\"position\":4,\"name\":\"Publicidad en la pared\",\"item\":\"https:\\\/\\\/www.amstelprinting.nl\\\/es\\\/categor\u00eda\\\/publicidad-interior\\\/publicidad-en-la-pared\\\/\"},{\"@type\":\"ListItem\",\"position\":5,\"name\":\"Panel\"}]},{\"@type\":\"WebSite\",\"@id\":\"https:\\\/\\\/www.amstelprinting.nl\\\/es\\\/#website\",\"url\":\"https:\\\/\\\/www.amstelprinting.nl\\\/es\\\/\",\"name\":\"Amstel Printing\",\"description\":\"Creating Exposure\",\"publisher\":{\"@id\":\"https:\\\/\\\/www.amstelprinting.nl\\\/es\\\/#organization\"},\"potentialAction\":[{\"@type\":\"SearchAction\",\"target\":{\"@type\":\"EntryPoint\",\"urlTemplate\":\"https:\\\/\\\/www.amstelprinting.nl\\\/es\\\/?s={search_term_string}\"},\"query-input\":{\"@type\":\"PropertyValueSpecification\",\"valueRequired\":true,\"valueName\":\"search_term_string\"}}],\"inLanguage\":\"es\"},{\"@type\":\"Organization\",\"@id\":\"https:\\\/\\\/www.amstelprinting.nl\\\/es\\\/#organization\",\"name\":\"Amstel Printing\",\"url\":\"https:\\\/\\\/www.amstelprinting.nl\\\/es\\\/\",\"logo\":{\"@type\":\"ImageObject\",\"inLanguage\":\"es\",\"@id\":\"https:\\\/\\\/www.amstelprinting.nl\\\/es\\\/#\\\/schema\\\/logo\\\/image\\\/\",\"url\":\"https:\\\/\\\/www.amstelprinting.nl\\\/wp-content\\\/uploads\\\/amstel_printing_logo_clean.png\",\"contentUrl\":\"https:\\\/\\\/www.amstelprinting.nl\\\/wp-content\\\/uploads\\\/amstel_printing_logo_clean.png\",\"width\":324,\"height\":73,\"caption\":\"Amstel Printing\"},\"image\":{\"@id\":\"https:\\\/\\\/www.amstelprinting.nl\\\/es\\\/#\\\/schema\\\/logo\\\/image\\\/\"}}]}<\/script>\n<!-- \/ Yoast SEO plugin. -->","yoast_head_json":{"title":"Panel Impreso a Medida - Entrega R\u00e1pida y Diversos Materiales","description":"Dise\u00f1e y pida su panel personalizado en cualquier formato y material. Cree un impacto inmediato con impresiones n\u00edtidas y un acabado flexible.","robots":{"index":"index","follow":"follow","max-snippet":"max-snippet:-1","max-image-preview":"max-image-preview:large","max-video-preview":"max-video-preview:-1"},"canonical":"https:\/\/www.amstelprinting.nl\/es\/tienda\/publicidad-interior\/publicidad-en-la-pared\/panel\/","og_locale":"es_ES","og_type":"article","og_title":"Panel Impreso a Medida - Entrega R\u00e1pida y Diversos Materiales","og_description":"Dise\u00f1e y pida su panel personalizado en cualquier formato y material. Cree un impacto inmediato con impresiones n\u00edtidas y un acabado flexible.","og_url":"https:\/\/www.amstelprinting.nl\/es\/tienda\/publicidad-interior\/publicidad-en-la-pared\/panel\/","og_site_name":"Amstel Printing","article_modified_time":"2026-02-18T11:48:07+00:00","og_image":[{"width":900,"height":900,"url":"https:\/\/www.amstelprinting.nl\/wp-content\/uploads\/paneel-bedrukken.png","type":"image\/png"}],"twitter_card":"summary_large_image","twitter_misc":{"Tiempo de lectura":"3 minutos"},"schema":{"@context":"https:\/\/schema.org","@graph":[{"@type":"WebPage","@id":"https:\/\/www.amstelprinting.nl\/es\/tienda\/publicidad-interior\/publicidad-en-la-pared\/panel\/","url":"https:\/\/www.amstelprinting.nl\/es\/tienda\/publicidad-interior\/publicidad-en-la-pared\/panel\/","name":"Panel Impreso a Medida - Entrega R\u00e1pida y Diversos Materiales","isPartOf":{"@id":"https:\/\/www.amstelprinting.nl\/es\/#website"},"primaryImageOfPage":{"@id":"https:\/\/www.amstelprinting.nl\/es\/tienda\/publicidad-interior\/publicidad-en-la-pared\/panel\/#primaryimage"},"image":{"@id":"https:\/\/www.amstelprinting.nl\/es\/tienda\/publicidad-interior\/publicidad-en-la-pared\/panel\/#primaryimage"},"thumbnailUrl":"https:\/\/www.amstelprinting.nl\/wp-content\/uploads\/paneel-bedrukken.png","datePublished":"2025-01-24T10:29:14+00:00","dateModified":"2026-02-18T11:48:07+00:00","description":"Dise\u00f1e y pida su panel personalizado en cualquier formato y material. Cree un impacto inmediato con impresiones n\u00edtidas y un acabado flexible.","breadcrumb":{"@id":"https:\/\/www.amstelprinting.nl\/es\/tienda\/publicidad-interior\/publicidad-en-la-pared\/panel\/#breadcrumb"},"inLanguage":"es","potentialAction":[{"@type":"ReadAction","target":["https:\/\/www.amstelprinting.nl\/es\/tienda\/publicidad-interior\/publicidad-en-la-pared\/panel\/"]}]},{"@type":"ImageObject","inLanguage":"es","@id":"https:\/\/www.amstelprinting.nl\/es\/tienda\/publicidad-interior\/publicidad-en-la-pared\/panel\/#primaryimage","url":"https:\/\/www.amstelprinting.nl\/wp-content\/uploads\/paneel-bedrukken.png","contentUrl":"https:\/\/www.amstelprinting.nl\/wp-content\/uploads\/paneel-bedrukken.png","width":900,"height":900},{"@type":"BreadcrumbList","@id":"https:\/\/www.amstelprinting.nl\/es\/tienda\/publicidad-interior\/publicidad-en-la-pared\/panel\/#breadcrumb","itemListElement":[{"@type":"ListItem","position":1,"name":"","item":"https:\/\/www.amstelprinting.nl\/es\/"},{"@type":"ListItem","position":2,"name":"Amstel Printing","item":"https:\/\/www.amstelprinting.nl\/es\/comercio\/"},{"@type":"ListItem","position":3,"name":"Publicidad interior","item":"https:\/\/www.amstelprinting.nl\/es\/categor\u00eda\/publicidad-interior\/"},{"@type":"ListItem","position":4,"name":"Publicidad en la pared","item":"https:\/\/www.amstelprinting.nl\/es\/categor\u00eda\/publicidad-interior\/publicidad-en-la-pared\/"},{"@type":"ListItem","position":5,"name":"Panel"}]},{"@type":"WebSite","@id":"https:\/\/www.amstelprinting.nl\/es\/#website","url":"https:\/\/www.amstelprinting.nl\/es\/","name":"Amstel Printing","description":"Creating Exposure","publisher":{"@id":"https:\/\/www.amstelprinting.nl\/es\/#organization"},"potentialAction":[{"@type":"SearchAction","target":{"@type":"EntryPoint","urlTemplate":"https:\/\/www.amstelprinting.nl\/es\/?s={search_term_string}"},"query-input":{"@type":"PropertyValueSpecification","valueRequired":true,"valueName":"search_term_string"}}],"inLanguage":"es"},{"@type":"Organization","@id":"https:\/\/www.amstelprinting.nl\/es\/#organization","name":"Amstel Printing","url":"https:\/\/www.amstelprinting.nl\/es\/","logo":{"@type":"ImageObject","inLanguage":"es","@id":"https:\/\/www.amstelprinting.nl\/es\/#\/schema\/logo\/image\/","url":"https:\/\/www.amstelprinting.nl\/wp-content\/uploads\/amstel_printing_logo_clean.png","contentUrl":"https:\/\/www.amstelprinting.nl\/wp-content\/uploads\/amstel_printing_logo_clean.png","width":324,"height":73,"caption":"Amstel Printing"},"image":{"@id":"https:\/\/www.amstelprinting.nl\/es\/#\/schema\/logo\/image\/"}}]}},"_links":{"self":[{"href":"https:\/\/www.amstelprinting.nl\/es\/wp-json\/wp\/v2\/product\/14783","targetHints":{"allow":["GET"]}}],"collection":[{"href":"https:\/\/www.amstelprinting.nl\/es\/wp-json\/wp\/v2\/product"}],"about":[{"href":"https:\/\/www.amstelprinting.nl\/es\/wp-json\/wp\/v2\/types\/product"}],"wp:featuredmedia":[{"embeddable":true,"href":"https:\/\/www.amstelprinting.nl\/es\/wp-json\/wp\/v2\/media\/14784"}],"wp:attachment":[{"href":"https:\/\/www.amstelprinting.nl\/es\/wp-json\/wp\/v2\/media?parent=14783"}],"wp:term":[{"taxonomy":"product_brand","embeddable":true,"href":"https:\/\/www.amstelprinting.nl\/es\/wp-json\/wp\/v2\/product_brand?post=14783"},{"taxonomy":"product_cat","embeddable":true,"href":"https:\/\/www.amstelprinting.nl\/es\/wp-json\/wp\/v2\/product_cat?post=14783"},{"taxonomy":"product_tag","embeddable":true,"href":"https:\/\/www.amstelprinting.nl\/es\/wp-json\/wp\/v2\/product_tag?post=14783"}],"curies":[{"name":"wp","href":"https:\/\/api.w.org\/{rel}","templated":true}]}}