{"id":14793,"date":"2025-01-24T11:29:07","date_gmt":"2025-01-24T10:29:07","guid":{"rendered":"https:\/\/www.amstelprinting.nl\/winkel\/sin%20categor\u00eda\/acousticpro-hexagons\/"},"modified":"2026-02-18T12:48:07","modified_gmt":"2026-02-18T11:48:07","slug":"hexagonos-acousticpro","status":"publish","type":"product","link":"https:\/\/www.amstelprinting.nl\/es\/tienda\/interior\/decoracion-de-pared\/hexagonos-acousticpro\/","title":{"rendered":"Hex\u00e1gonos AcousticPro\u00ae"},"content":{"rendered":"<p>Los hex\u00e1gonos AcousticPro\u00ae no solo ofrecen una soluci\u00f3n ac\u00fastica, sino que son, sobre todo, una adici\u00f3n est\u00e9tica a cualquier espacio (empresarial). Con una selecci\u00f3n de tama\u00f1os de 60 cm o 100 cm, estos paneles hexagonales aportan un aspecto contempor\u00e1neo a su interior. Tanto si elige su propio dise\u00f1o como un patr\u00f3n existente, las posibilidades son infinitas.<\/p>\n<h3>Ventajas<\/h3>\n<ul>\n<li>Alta absorci\u00f3n ac\u00fastica<\/li>\n<li>Aspecto moderno y \u00fanico<\/li>\n<li>Su dise\u00f1o, logotipo o imagen impresos con nitidez<\/li>\n<li>En un color de marco a elegir (negro o blanco)<\/li>\n<li>Hecho de vaqueros reciclados<\/li>\n<\/ul>\n<p>&nbsp;<\/p>\n<h3>Material<\/h3>\n<p>El marco hexagonal est\u00e1 disponible en aluminio blanco o negro y ofrece un valor ac\u00fastico de 0,65. Como resultado, contribuye a una mejor absorci\u00f3n ac\u00fastica en diversos espacios. La tela impresa est\u00e1 cuidadosamente encolada con material ac\u00fastico que consiste en un 90% de fibras de algod\u00f3n recicladas de pantalones vaqueros. De este modo, no solo se logra la reducci\u00f3n del ruido, sino que tambi\u00e9n se fomenta la sostenibilidad.<\/p>\n<h3>Fijaci\u00f3n<\/h3>\n<p>Los paneles se suministran con un pr\u00e1ctico sistema de suspensi\u00f3n, para que pueda colgarlos de inmediato. Transforme su espacio con los Hex\u00e1gonos AcousticPro\u00ae y experimente la combinaci\u00f3n de funcionalidad y estilo. Suba su dise\u00f1o o utilice nuestras plantillas f\u00e1ciles de usar para hex\u00e1gonos, disponibles en las descargas de esta p\u00e1gina.<\/p>\n<h3>Preguntas frecuentes<\/h3>\n<p><strong>\u00bfEs el material ac\u00fastico f\u00e1cilmente reemplazable?<\/strong><br \/>\nReemplazar el material ac\u00fastico no es sencillo. Durante el montaje, el material se encola, por lo que puede estar seguro de que la impresi\u00f3n permanecer\u00e1 firmemente en el marco.<\/p>\n","protected":false},"excerpt":{"rendered":"<p>Magn\u00edfico hex\u00e1gono: panel fonoabsorbente con una impresi\u00f3n n\u00edtida de su elecci\u00f3n. Elija entre dos tama\u00f1os diferentes de hex\u00e1gonos. El marco del hex\u00e1gono est\u00e1 disponible en el color que prefiera (negro o blanco).<\/p>\n","protected":false},"featured_media":14794,"template":"","meta":{"_et_pb_use_builder":"","_et_pb_old_content":"","_et_gb_content_width":""},"product_brand":[],"product_cat":[626,545,442,379],"product_tag":[],"class_list":{"0":"post-14793","1":"product","2":"type-product","3":"status-publish","4":"has-post-thumbnail","6":"product_cat-decoracion-de-pared","7":"product_cat-interior","8":"product_cat-publicidad-en-la-pared","9":"product_cat-publicidad-interior","11":"first","12":"instock","13":"taxable","14":"shipping-taxable","15":"purchasable","16":"product-type-simple"},"yoast_head":"<!-- This site is optimized with the Yoast SEO plugin v27.3 - https:\/\/yoast.com\/product\/yoast-seo-wordpress\/ -->\n<title>Hex\u00e1gonos AcousticPro\u00ae | Amstel Printing<\/title>\n<meta name=\"robots\" content=\"index, follow, max-snippet:-1, max-image-preview:large, max-video-preview:-1\" \/>\n<link rel=\"canonical\" href=\"https:\/\/www.amstelprinting.nl\/es\/tienda\/interior\/decoracion-de-pared\/hexagonos-acousticpro\/\" \/>\n<meta property=\"og:locale\" content=\"es_ES\" \/>\n<meta property=\"og:type\" content=\"article\" \/>\n<meta property=\"og:title\" content=\"Hex\u00e1gonos AcousticPro\u00ae | Amstel Printing\" \/>\n<meta property=\"og:description\" content=\"Magn\u00edfico hex\u00e1gono: panel fonoabsorbente con una impresi\u00f3n n\u00edtida de su elecci\u00f3n. Elija entre dos tama\u00f1os diferentes de hex\u00e1gonos. El marco del hex\u00e1gono est\u00e1 disponible en el color que prefiera (negro o blanco).\" \/>\n<meta property=\"og:url\" content=\"https:\/\/www.amstelprinting.nl\/es\/tienda\/interior\/decoracion-de-pared\/hexagonos-acousticpro\/\" \/>\n<meta property=\"og:site_name\" content=\"Amstel Printing\" \/>\n<meta property=\"article:modified_time\" content=\"2026-02-18T11:48:07+00:00\" \/>\n<meta property=\"og:image\" content=\"https:\/\/www.amstelprinting.nl\/wp-content\/uploads\/AcousticPro-paneel-hexagon-bedrukken-2.png\" \/>\n\t<meta property=\"og:image:width\" content=\"900\" \/>\n\t<meta property=\"og:image:height\" content=\"900\" \/>\n\t<meta property=\"og:image:type\" content=\"image\/png\" \/>\n<meta name=\"twitter:card\" content=\"summary_large_image\" \/>\n<meta name=\"twitter:label1\" content=\"Tiempo de lectura\" \/>\n\t<meta name=\"twitter:data1\" content=\"1 minuto\" \/>\n<script type=\"application\/ld+json\" class=\"yoast-schema-graph\">{\"@context\":\"https:\\\/\\\/schema.org\",\"@graph\":[{\"@type\":\"WebPage\",\"@id\":\"https:\\\/\\\/www.amstelprinting.nl\\\/es\\\/tienda\\\/interior\\\/decoracion-de-pared\\\/hexagonos-acousticpro\\\/\",\"url\":\"https:\\\/\\\/www.amstelprinting.nl\\\/es\\\/tienda\\\/interior\\\/decoracion-de-pared\\\/hexagonos-acousticpro\\\/\",\"name\":\"Hex\u00e1gonos AcousticPro\u00ae | Amstel Printing\",\"isPartOf\":{\"@id\":\"https:\\\/\\\/www.amstelprinting.nl\\\/es\\\/#website\"},\"primaryImageOfPage\":{\"@id\":\"https:\\\/\\\/www.amstelprinting.nl\\\/es\\\/tienda\\\/interior\\\/decoracion-de-pared\\\/hexagonos-acousticpro\\\/#primaryimage\"},\"image\":{\"@id\":\"https:\\\/\\\/www.amstelprinting.nl\\\/es\\\/tienda\\\/interior\\\/decoracion-de-pared\\\/hexagonos-acousticpro\\\/#primaryimage\"},\"thumbnailUrl\":\"https:\\\/\\\/www.amstelprinting.nl\\\/wp-content\\\/uploads\\\/AcousticPro-paneel-hexagon-bedrukken-2.png\",\"datePublished\":\"2025-01-24T10:29:07+00:00\",\"dateModified\":\"2026-02-18T11:48:07+00:00\",\"breadcrumb\":{\"@id\":\"https:\\\/\\\/www.amstelprinting.nl\\\/es\\\/tienda\\\/interior\\\/decoracion-de-pared\\\/hexagonos-acousticpro\\\/#breadcrumb\"},\"inLanguage\":\"es\",\"potentialAction\":[{\"@type\":\"ReadAction\",\"target\":[\"https:\\\/\\\/www.amstelprinting.nl\\\/es\\\/tienda\\\/interior\\\/decoracion-de-pared\\\/hexagonos-acousticpro\\\/\"]}]},{\"@type\":\"ImageObject\",\"inLanguage\":\"es\",\"@id\":\"https:\\\/\\\/www.amstelprinting.nl\\\/es\\\/tienda\\\/interior\\\/decoracion-de-pared\\\/hexagonos-acousticpro\\\/#primaryimage\",\"url\":\"https:\\\/\\\/www.amstelprinting.nl\\\/wp-content\\\/uploads\\\/AcousticPro-paneel-hexagon-bedrukken-2.png\",\"contentUrl\":\"https:\\\/\\\/www.amstelprinting.nl\\\/wp-content\\\/uploads\\\/AcousticPro-paneel-hexagon-bedrukken-2.png\",\"width\":900,\"height\":900},{\"@type\":\"BreadcrumbList\",\"@id\":\"https:\\\/\\\/www.amstelprinting.nl\\\/es\\\/tienda\\\/interior\\\/decoracion-de-pared\\\/hexagonos-acousticpro\\\/#breadcrumb\",\"itemListElement\":[{\"@type\":\"ListItem\",\"position\":1,\"name\":\"\",\"item\":\"https:\\\/\\\/www.amstelprinting.nl\\\/es\\\/\"},{\"@type\":\"ListItem\",\"position\":2,\"name\":\"Amstel Printing\",\"item\":\"https:\\\/\\\/www.amstelprinting.nl\\\/es\\\/comercio\\\/\"},{\"@type\":\"ListItem\",\"position\":3,\"name\":\"Publicidad interior\",\"item\":\"https:\\\/\\\/www.amstelprinting.nl\\\/es\\\/categor\u00eda\\\/publicidad-interior\\\/\"},{\"@type\":\"ListItem\",\"position\":4,\"name\":\"Publicidad en la pared\",\"item\":\"https:\\\/\\\/www.amstelprinting.nl\\\/es\\\/categor\u00eda\\\/publicidad-interior\\\/publicidad-en-la-pared\\\/\"},{\"@type\":\"ListItem\",\"position\":5,\"name\":\"Hex\u00e1gonos AcousticPro\u00ae\"}]},{\"@type\":\"WebSite\",\"@id\":\"https:\\\/\\\/www.amstelprinting.nl\\\/es\\\/#website\",\"url\":\"https:\\\/\\\/www.amstelprinting.nl\\\/es\\\/\",\"name\":\"Amstel Printing\",\"description\":\"Creating Exposure\",\"publisher\":{\"@id\":\"https:\\\/\\\/www.amstelprinting.nl\\\/es\\\/#organization\"},\"potentialAction\":[{\"@type\":\"SearchAction\",\"target\":{\"@type\":\"EntryPoint\",\"urlTemplate\":\"https:\\\/\\\/www.amstelprinting.nl\\\/es\\\/?s={search_term_string}\"},\"query-input\":{\"@type\":\"PropertyValueSpecification\",\"valueRequired\":true,\"valueName\":\"search_term_string\"}}],\"inLanguage\":\"es\"},{\"@type\":\"Organization\",\"@id\":\"https:\\\/\\\/www.amstelprinting.nl\\\/es\\\/#organization\",\"name\":\"Amstel Printing\",\"url\":\"https:\\\/\\\/www.amstelprinting.nl\\\/es\\\/\",\"logo\":{\"@type\":\"ImageObject\",\"inLanguage\":\"es\",\"@id\":\"https:\\\/\\\/www.amstelprinting.nl\\\/es\\\/#\\\/schema\\\/logo\\\/image\\\/\",\"url\":\"https:\\\/\\\/www.amstelprinting.nl\\\/wp-content\\\/uploads\\\/amstel_printing_logo_clean.png\",\"contentUrl\":\"https:\\\/\\\/www.amstelprinting.nl\\\/wp-content\\\/uploads\\\/amstel_printing_logo_clean.png\",\"width\":324,\"height\":73,\"caption\":\"Amstel Printing\"},\"image\":{\"@id\":\"https:\\\/\\\/www.amstelprinting.nl\\\/es\\\/#\\\/schema\\\/logo\\\/image\\\/\"}}]}<\/script>\n<!-- \/ Yoast SEO plugin. -->","yoast_head_json":{"title":"Hex\u00e1gonos AcousticPro\u00ae | Amstel Printing","robots":{"index":"index","follow":"follow","max-snippet":"max-snippet:-1","max-image-preview":"max-image-preview:large","max-video-preview":"max-video-preview:-1"},"canonical":"https:\/\/www.amstelprinting.nl\/es\/tienda\/interior\/decoracion-de-pared\/hexagonos-acousticpro\/","og_locale":"es_ES","og_type":"article","og_title":"Hex\u00e1gonos AcousticPro\u00ae | Amstel Printing","og_description":"Magn\u00edfico hex\u00e1gono: panel fonoabsorbente con una impresi\u00f3n n\u00edtida de su elecci\u00f3n. Elija entre dos tama\u00f1os diferentes de hex\u00e1gonos. El marco del hex\u00e1gono est\u00e1 disponible en el color que prefiera (negro o blanco).","og_url":"https:\/\/www.amstelprinting.nl\/es\/tienda\/interior\/decoracion-de-pared\/hexagonos-acousticpro\/","og_site_name":"Amstel Printing","article_modified_time":"2026-02-18T11:48:07+00:00","og_image":[{"width":900,"height":900,"url":"https:\/\/www.amstelprinting.nl\/wp-content\/uploads\/AcousticPro-paneel-hexagon-bedrukken-2.png","type":"image\/png"}],"twitter_card":"summary_large_image","twitter_misc":{"Tiempo de lectura":"1 minuto"},"schema":{"@context":"https:\/\/schema.org","@graph":[{"@type":"WebPage","@id":"https:\/\/www.amstelprinting.nl\/es\/tienda\/interior\/decoracion-de-pared\/hexagonos-acousticpro\/","url":"https:\/\/www.amstelprinting.nl\/es\/tienda\/interior\/decoracion-de-pared\/hexagonos-acousticpro\/","name":"Hex\u00e1gonos AcousticPro\u00ae | Amstel Printing","isPartOf":{"@id":"https:\/\/www.amstelprinting.nl\/es\/#website"},"primaryImageOfPage":{"@id":"https:\/\/www.amstelprinting.nl\/es\/tienda\/interior\/decoracion-de-pared\/hexagonos-acousticpro\/#primaryimage"},"image":{"@id":"https:\/\/www.amstelprinting.nl\/es\/tienda\/interior\/decoracion-de-pared\/hexagonos-acousticpro\/#primaryimage"},"thumbnailUrl":"https:\/\/www.amstelprinting.nl\/wp-content\/uploads\/AcousticPro-paneel-hexagon-bedrukken-2.png","datePublished":"2025-01-24T10:29:07+00:00","dateModified":"2026-02-18T11:48:07+00:00","breadcrumb":{"@id":"https:\/\/www.amstelprinting.nl\/es\/tienda\/interior\/decoracion-de-pared\/hexagonos-acousticpro\/#breadcrumb"},"inLanguage":"es","potentialAction":[{"@type":"ReadAction","target":["https:\/\/www.amstelprinting.nl\/es\/tienda\/interior\/decoracion-de-pared\/hexagonos-acousticpro\/"]}]},{"@type":"ImageObject","inLanguage":"es","@id":"https:\/\/www.amstelprinting.nl\/es\/tienda\/interior\/decoracion-de-pared\/hexagonos-acousticpro\/#primaryimage","url":"https:\/\/www.amstelprinting.nl\/wp-content\/uploads\/AcousticPro-paneel-hexagon-bedrukken-2.png","contentUrl":"https:\/\/www.amstelprinting.nl\/wp-content\/uploads\/AcousticPro-paneel-hexagon-bedrukken-2.png","width":900,"height":900},{"@type":"BreadcrumbList","@id":"https:\/\/www.amstelprinting.nl\/es\/tienda\/interior\/decoracion-de-pared\/hexagonos-acousticpro\/#breadcrumb","itemListElement":[{"@type":"ListItem","position":1,"name":"","item":"https:\/\/www.amstelprinting.nl\/es\/"},{"@type":"ListItem","position":2,"name":"Amstel Printing","item":"https:\/\/www.amstelprinting.nl\/es\/comercio\/"},{"@type":"ListItem","position":3,"name":"Publicidad interior","item":"https:\/\/www.amstelprinting.nl\/es\/categor\u00eda\/publicidad-interior\/"},{"@type":"ListItem","position":4,"name":"Publicidad en la pared","item":"https:\/\/www.amstelprinting.nl\/es\/categor\u00eda\/publicidad-interior\/publicidad-en-la-pared\/"},{"@type":"ListItem","position":5,"name":"Hex\u00e1gonos AcousticPro\u00ae"}]},{"@type":"WebSite","@id":"https:\/\/www.amstelprinting.nl\/es\/#website","url":"https:\/\/www.amstelprinting.nl\/es\/","name":"Amstel Printing","description":"Creating Exposure","publisher":{"@id":"https:\/\/www.amstelprinting.nl\/es\/#organization"},"potentialAction":[{"@type":"SearchAction","target":{"@type":"EntryPoint","urlTemplate":"https:\/\/www.amstelprinting.nl\/es\/?s={search_term_string}"},"query-input":{"@type":"PropertyValueSpecification","valueRequired":true,"valueName":"search_term_string"}}],"inLanguage":"es"},{"@type":"Organization","@id":"https:\/\/www.amstelprinting.nl\/es\/#organization","name":"Amstel Printing","url":"https:\/\/www.amstelprinting.nl\/es\/","logo":{"@type":"ImageObject","inLanguage":"es","@id":"https:\/\/www.amstelprinting.nl\/es\/#\/schema\/logo\/image\/","url":"https:\/\/www.amstelprinting.nl\/wp-content\/uploads\/amstel_printing_logo_clean.png","contentUrl":"https:\/\/www.amstelprinting.nl\/wp-content\/uploads\/amstel_printing_logo_clean.png","width":324,"height":73,"caption":"Amstel Printing"},"image":{"@id":"https:\/\/www.amstelprinting.nl\/es\/#\/schema\/logo\/image\/"}}]}},"_links":{"self":[{"href":"https:\/\/www.amstelprinting.nl\/es\/wp-json\/wp\/v2\/product\/14793","targetHints":{"allow":["GET"]}}],"collection":[{"href":"https:\/\/www.amstelprinting.nl\/es\/wp-json\/wp\/v2\/product"}],"about":[{"href":"https:\/\/www.amstelprinting.nl\/es\/wp-json\/wp\/v2\/types\/product"}],"wp:featuredmedia":[{"embeddable":true,"href":"https:\/\/www.amstelprinting.nl\/es\/wp-json\/wp\/v2\/media\/14794"}],"wp:attachment":[{"href":"https:\/\/www.amstelprinting.nl\/es\/wp-json\/wp\/v2\/media?parent=14793"}],"wp:term":[{"taxonomy":"product_brand","embeddable":true,"href":"https:\/\/www.amstelprinting.nl\/es\/wp-json\/wp\/v2\/product_brand?post=14793"},{"taxonomy":"product_cat","embeddable":true,"href":"https:\/\/www.amstelprinting.nl\/es\/wp-json\/wp\/v2\/product_cat?post=14793"},{"taxonomy":"product_tag","embeddable":true,"href":"https:\/\/www.amstelprinting.nl\/es\/wp-json\/wp\/v2\/product_tag?post=14793"}],"curies":[{"name":"wp","href":"https:\/\/api.w.org\/{rel}","templated":true}]}}